{"id":10,"date":"2023-06-14T15:37:49","date_gmt":"2023-06-14T07:37:49","guid":{"rendered":"https:\/\/startertemplatecloud.com\/g32\/?page_id=10"},"modified":"2023-06-14T15:45:40","modified_gmt":"2023-06-14T07:45:40","slug":"ruckerstattung_rucksendungen","status":"publish","type":"page","link":"https:\/\/skbty.com\/de\/ruckerstattung_rucksendungen\/","title":{"rendered":"R\u00fcckerstattung und R\u00fcckgaberecht"},"content":{"rendered":"<p><\/p>\n\n\n\n<h3 class=\"wp-block-heading\">\u00dcberblick<\/h3>\n\n\n\n<p>Unser R\u00fcckerstattungs- und R\u00fcckgaberecht gilt f\u00fcr 7 Tage. Wenn seit Ihrem Kauf 7 Tage vergangen sind, k\u00f6nnen wir Ihnen keine vollst\u00e4ndige R\u00fcckerstattung oder keinen Umtausch anbieten.<\/p>\n\n\n\n<p>Um f\u00fcr eine R\u00fcckgabe in Frage zu kommen, muss Ihr Artikel unbenutzt und im selben Zustand sein, in dem Sie ihn erhalten haben. Er muss sich au\u00dferdem in der Originalverpackung befinden.<\/p>\n\n\n\n<p>Um Ihre R\u00fccksendung abzuschlie\u00dfen, ben\u00f6tigen wir eine Quittung oder einen Kaufbeleg.<\/p>\n\n\n\n<p>Es gibt bestimmte Situationen, in denen nur teilweise oder keine R\u00fcckerstattungen gew\u00e4hrt werden:<\/p>\n\n\n\n<ul class=\"wp-block-list\">\n<li>Materialien mit deutlichen Gebrauchsspuren<\/li>\n\n\n\n<li>Jeder Artikel, der sich nicht in seinem Originalzustand befindet, ist besch\u00e4digt oder es fehlen Teile aus Gr\u00fcnden, die nicht auf unseren Fehler zur\u00fcckzuf\u00fchren sind.<\/li>\n\n\n\n<li>Jeder Artikel, der mehr als 30 Tage nach der Lieferung zur\u00fcckgegeben wird<\/li>\n<\/ul>\n\n\n\n<h2 class=\"wp-block-heading\">R\u00fcckerstattungen<\/h2>\n\n\n\n<p>Sobald Ihre R\u00fccksendung bei uns eingegangen und gepr\u00fcft ist, senden wir Ihnen eine E-Mail, um Sie dar\u00fcber zu informieren, dass wir Ihren zur\u00fcckgesendeten Artikel erhalten haben. Wir benachrichtigen Sie auch \u00fcber die Genehmigung oder Ablehnung Ihrer R\u00fcckerstattung.<\/p>\n\n\n\n<p>Wenn Ihre Anfrage genehmigt wird, wird Ihre R\u00fcckerstattung bearbeitet und innerhalb einer bestimmten Anzahl von Tagen automatisch eine Gutschrift auf Ihrer Kreditkarte oder Ihrer urspr\u00fcnglichen Zahlungsmethode vorgenommen.<\/p>\n\n\n\n<p><b>Versp\u00e4tete oder fehlende R\u00fcckerstattungen<\/b><\/p>\n\n\n\n<p>Sollten Sie noch keine R\u00fcckerstattung erhalten haben, \u00fcberpr\u00fcfen Sie zun\u00e4chst noch einmal Ihr Bankkonto.<\/p>\n\n\n\n<p>Kontaktieren Sie dann Ihr Kreditkartenunternehmen. Es kann einige Zeit dauern, bis Ihre R\u00fcckerstattung offiziell verbucht wird.<\/p>\n\n\n\n<p>Wenden Sie sich anschlie\u00dfend an Ihre Bank. Es dauert oft eine gewisse Bearbeitungszeit, bevor eine R\u00fcckerstattung verbucht wird.<\/p>\n\n\n\n<p>Wenn Sie all dies getan haben und Ihre R\u00fcckerstattung noch immer nicht erhalten haben, kontaktieren Sie uns bitte unter teresaho@snkoobeauty.com.<\/p>\n\n\n\n<p><b>Verkaufsartikel<\/b><\/p>\n\n\n\n<p>Nur Artikel zum regul\u00e4ren Preis k\u00f6nnen erstattet werden. Aktionsartikel k\u00f6nnen nicht erstattet werden.<\/p>\n\n\n\n<h2 class=\"wp-block-heading\">B\u00f6rsen<\/h2>\n\n\n\n<p>Wir ersetzen Artikel nur, wenn sie defekt oder besch\u00e4digt sind. Wenn Sie den Artikel gegen denselben Artikel umtauschen m\u00f6chten, senden Sie uns eine E-Mail an teresaho@snkoobeauty.com und senden Sie Ihren Artikel an die Adresse, die wir Ihnen per E-Mail mitgeteilt haben.<\/p>\n\n\n\n<h2 class=\"wp-block-heading\">Geschenke<\/h2>\n\n\n\n<p>Wenn der Artikel beim Kauf als Geschenk gekennzeichnet und direkt an Sie versandt wurde, erhalten Sie eine Geschenkgutschrift in H\u00f6he des Wertes Ihrer R\u00fccksendung. Sobald der zur\u00fcckgesendete Artikel bei uns eingetroffen ist, wird Ihnen ein Geschenkgutschein zugeschickt.<\/p>\n\n\n\n<p>Wenn der Artikel beim Kauf nicht als Geschenk gekennzeichnet war oder der Schenkende die Bestellung an sich selbst versenden lie\u00df, um sie Ihnen sp\u00e4ter zu \u00fcberreichen, senden wir dem Schenkenden eine R\u00fcckerstattung und er wird \u00fcber Ihre R\u00fccksendung informiert.<\/p>\n\n\n\n<h2 class=\"wp-block-heading\">Versandr\u00fccksendungen<\/h2>\n\n\n\n<p>Um Ihr Produkt zur\u00fcckzusenden, sollten Sie es an die Adresse schicken, die wir Ihnen per E-Mail mitgeteilt haben.<\/p>\n\n\n\n<p>Sie sind f\u00fcr die Zahlung Ihrer eigenen Versandkosten f\u00fcr die R\u00fccksendung Ihres Artikels verantwortlich. Versandkosten sind nicht erstattungsf\u00e4hig. Wenn Sie eine R\u00fcckerstattung erhalten, werden die Kosten f\u00fcr den R\u00fcckversand von Ihrer R\u00fcckerstattung abgezogen.<\/p>\n\n\n\n<p>Je nachdem, wo Sie wohnen, kann die Zeitspanne bis zum Eintreffen Ihres umgetauschten Produkts bei Ihnen variieren.<\/p>\n\n\n\n<p>Wenn Sie teurere Artikel zur\u00fcckschicken, k\u00f6nnen Sie einen nachverfolgbaren Versandservice nutzen oder eine Versandversicherung abschlie\u00dfen. Wir garantieren nicht, dass wir Ihren zur\u00fcckgeschickten Artikel erhalten.<\/p>\n\n\n\n<h2 class=\"wp-block-heading\">Brauchen Sie Hilfe?<\/h2>\n\n\n\n<p>Kontaktieren Sie uns unter teresaho@snkoobeauty.com, wenn Sie Fragen zu R\u00fcckerstattungen und R\u00fccksendungen haben.<\/p>","protected":false},"excerpt":{"rendered":"<p>\u00dcbersicht Unser R\u00fcckerstattungs- und R\u00fcckgaberecht gilt f\u00fcr 7 Tage. Wenn seit Ihrem Kauf 7 Tage vergangen sind, k\u00f6nnen wir Ihnen keine vollst\u00e4ndige R\u00fcckerstattung oder keinen Umtausch anbieten. Um f\u00fcr eine R\u00fcckgabe in Frage zu kommen, muss Ihr Artikel unbenutzt und in demselben Zustand sein, in dem Sie ihn erhalten haben. Er muss sich au\u00dferdem in der Originalverpackung befinden. Um\u2026<\/p>","protected":false},"author":1,"featured_media":0,"parent":0,"menu_order":0,"comment_status":"closed","ping_status":"closed","template":"","meta":{"_kad_post_transparent":"","_kad_post_title":"","_kad_post_layout":"","_kad_post_sidebar_id":"","_kad_post_content_style":"","_kad_post_vertical_padding":"","_kad_post_feature":"","_kad_post_feature_position":"","_kad_post_header":false,"_kad_post_footer":false,"_kad_post_classname":"","rank_math_title":"","rank_math_description":"","rank_math_focus_keyword":"","footnotes":""},"class_list":["post-10","page","type-page","status-publish","hentry"],"_links":{"self":[{"href":"https:\/\/skbty.com\/de\/wp-json\/wp\/v2\/pages\/10","targetHints":{"allow":["GET"]}}],"collection":[{"href":"https:\/\/skbty.com\/de\/wp-json\/wp\/v2\/pages"}],"about":[{"href":"https:\/\/skbty.com\/de\/wp-json\/wp\/v2\/types\/page"}],"author":[{"embeddable":true,"href":"https:\/\/skbty.com\/de\/wp-json\/wp\/v2\/users\/1"}],"replies":[{"embeddable":true,"href":"https:\/\/skbty.com\/de\/wp-json\/wp\/v2\/comments?post=10"}],"version-history":[{"count":0,"href":"https:\/\/skbty.com\/de\/wp-json\/wp\/v2\/pages\/10\/revisions"}],"wp:attachment":[{"href":"https:\/\/skbty.com\/de\/wp-json\/wp\/v2\/media?parent=10"}],"curies":[{"name":"wp","href":"https:\/\/api.w.org\/{rel}","templated":true}]}}