{"id":3,"date":"2023-06-02T06:10:22","date_gmt":"2023-06-02T06:10:22","guid":{"rendered":"https:\/\/skbty.com\/?page_id=3"},"modified":"2023-06-21T16:59:30","modified_gmt":"2023-06-21T08:59:30","slug":"datenschutzrichtlinie","status":"publish","type":"page","link":"https:\/\/skbty.com\/de\/datenschutzrichtlinie\/","title":{"rendered":"Datenschutzerkl\u00e4rung"},"content":{"rendered":"<h2 class=\"wp-block-heading\">Wer wir sind<\/h2>\n\n\n\n<p>Unsere Website-Adresse lautet: https:\/\/skbty.com.<\/p>\n\n\n\n<h2 class=\"wp-block-heading\">Kommentare<\/h2>\n\n\n\n<p>Wenn Besucher Kommentare auf der Site hinterlassen, erfassen wir die im Kommentarformular angezeigten Daten sowie die IP-Adresse des Besuchers und den User-Agent-String (damit wird der Browser identifiziert), um die Spam-Erkennung zu unterst\u00fctzen.<\/p>\n\n\n\n<p>Aus Ihrer E-Mail-Adresse kann eine anonymisierte Zeichenfolge erstellt (auch Hash genannt) und dem Gravatar-Dienst zur Verf\u00fcgung gestellt werden, um zu pr\u00fcfen, ob Sie diesen verwenden. Die Datenschutzrichtlinie des Gravatar-Dienstes finden Sie hier: https:\/\/automattic.com\/privacy\/. Nachdem Ihr Kommentar freigegeben wurde, ist Ihr Profilbild im Kontext Ihres Kommentars \u00f6ffentlich sichtbar.<\/p>\n\n\n\n<h2 class=\"wp-block-heading\">Medien<\/h2>\n\n\n\n<p>Wenn Sie Bilder auf die Website hochladen, sollten Sie das Hochladen von Bildern mit eingebetteten Standortdaten (EXIF GPS) vermeiden. Besucher der Website k\u00f6nnten Standortdaten aus Bildern, die auf der Website gespeichert sind, herunterladen und extrahieren.<\/p>\n\n\n\n<h2 class=\"wp-block-heading\">Dieses Portal verwendet Cookies zur Optimierung der Browserfunktion. Informieren Sie sich, wie wir Cookies verwenden und wie Sie Ihre Einstellungen \u00e4ndern k\u00f6nnen.<\/h2>\n\n\n\n<p>Wenn Sie auf unserer Website einen Kommentar hinterlassen, kann das eine Einwilligung zur Speicherung Ihres Namens, Ihrer E-Mail-Adresse und Ihrer Website in Cookies sein. Dies dient Ihrer Bequemlichkeit, damit Sie diese Daten nicht erneut eingeben m\u00fcssen, wenn Sie einen weiteren Kommentar hinterlassen. Diese Cookies werden ein Jahr lang gespeichert.<\/p>\n\n\n\n<p>Wenn Sie ein Konto haben und sich auf dieser Website anmelden, werden wir ein tempor\u00e4res Cookie setzen, um festzustellen, ob Ihr Browser Cookies akzeptiert. Dieses Cookie enth\u00e4lt keine personenbezogenen Daten und wird verworfen, wenn Sie Ihren Browser schlie\u00dfen.<\/p>\n\n\n\n<p>Wenn Sie sich anmelden, werden wir au\u00dferdem mehrere Cookies einrichten, um Ihre Anmeldeinformationen und Ihre Anzeigeoptionen zu speichern. Anmelde-Cookies verfallen zwei Tage lang und Cookies f\u00fcr Anzeigeoptionen ein Jahr lang. Wenn Sie \u201eAngemeldet bleiben\u201c ausw\u00e4hlen, bleibt Ihre Anmeldung zwei Wochen lang bestehen. Wenn Sie sich von Ihrem Konto abmelden, werden die Anmelde-Cookies gel\u00f6scht.<\/p>\n\n\n\n<p>Wenn Sie einen Artikel bearbeiten oder ver\u00f6ffentlichen, wird ein zus\u00e4tzlicher Cookie in Ihrem Browser gespeichert. Dieser Cookie enth\u00e4lt keine personenbezogenen Daten und gibt lediglich die Beitrags-ID des Artikels an, den Sie gerade bearbeitet haben. Er verf\u00e4llt nach einem Tag.<\/p>\n\n\n\n<h2 class=\"wp-block-heading\">Eingebettete Inhalte von anderen Websites<\/h2>\n\n\n\n<p>Beitr\u00e4ge auf dieser Website k\u00f6nnen eingebettete Inhalte beinhalten (z. B. Videos, Bilder, Beitr\u00e4ge etc.). Eingebettete Inhalte von anderen Websites verhalten sich exakt so, als ob der Besucher die andere Website besucht h\u00e4tte.<\/p>\n\n\n\n<p>Diese Websites k\u00f6nnen Daten \u00fcber Sie sammeln, Cookies benutzen, zus\u00e4tzliche Tracking-Dienste von Dritten einbetten und Ihre Interaktion mit diesem eingebetteten Inhalt aufzeichnen, inklusive Ihrer Interaktion mit dem eingebetteten Inhalt, falls Sie ein Konto haben und auf dieser Website angemeldet sind.<\/p>\n\n\n\n<h2 class=\"wp-block-heading\">Mit wem wir Ihre Daten teilen<\/h2>\n\n\n\n<p>Wenn Sie eine Zur\u00fccksetzung des Passworts anfordern, wird Ihre IP-Adresse in der E-Mail zur Zur\u00fccksetzung enthalten sein.<\/p>\n\n\n\n<h2 class=\"wp-block-heading\">Wie lange wir Ihre Daten speichern<\/h2>\n\n\n\n<p>Wenn Sie einen Kommentar hinterlassen, werden dieser und seine Metadaten zeitlich unbegrenzt gespeichert. Auf diese Weise k\u00f6nnen wir Folgekommentare automatisch erkennen und freigeben, anstatt sie in einer Moderationswarteschlange festzuhalten.<\/p>\n\n\n\n<p>F\u00fcr Benutzer, die sich auf unserer Website registrieren (falls vorhanden), speichern wir zus\u00e4tzlich die pers\u00f6nlichen Informationen, die sie in ihren Benutzerprofilen angeben. Alle Benutzer k\u00f6nnen ihre pers\u00f6nlichen Informationen jederzeit einsehen, bearbeiten oder l\u00f6schen (der Benutzername kann nicht ge\u00e4ndert werden). Website-Administratoren k\u00f6nnen diese Informationen ebenfalls einsehen und bearbeiten.<\/p>\n\n\n\n<h2 class=\"wp-block-heading\">Welche Rechte du an deinen Daten hast<\/h2>\n\n\n\n<p><strong class=\"privacy-policy-tutorial\"> <\/strong>Wenn Sie ein Konto auf dieser Site besitzen oder Kommentare geschrieben haben, k\u00f6nnen Sie einen Export Ihrer bei uns gespeicherten personenbezogenen Daten anfordern, inklusive aller Daten, die Sie uns mitgeteilt haben. Dar\u00fcber hinaus k\u00f6nnen Sie die L\u00f6schung aller von Ihnen gespeicherten personenbezogenen Daten anfordern. Dies umfasst nicht die Daten, die wir aufgrund administrativer, rechtlicher oder sicherheitsrelevanter Notwendigkeiten aufbewahren m\u00fcssen.<\/p>\n\n\n\n<h2 class=\"wp-block-heading\">Wohin Ihre Daten gesendet werden<\/h2>\n\n\n\n<p>Besucherkommentare k\u00f6nnten von einem automatisierten Dienst zur Spam-Erkennung untersucht werden.<\/p>\n\n\n\n<p class=\"has-theme-palette-3-color has-text-color has-large-font-size\"><strong>Neben den oberen Punkten gibt es unten einige Punkte zur Datenschutzrichtlinie<\/strong><\/p>\n\n\n\n<p>Diese Datenschutzrichtlinie beschreibt, wie Ihre pers\u00f6nlichen Daten erfasst, verwendet und weitergegeben werden, wenn Sie uns besuchen oder bei uns einen Einkauf t\u00e4tigen.<\/p>\n\n\n\n<p>VON UNS ERHOBENE PERSONENBEZOGENE DATEN<\/p>\n\n\n\n<p>Wenn Sie die Site besuchen, erfassen wir automatisch bestimmte Informationen \u00fcber Ihr Ger\u00e4t, darunter Informationen \u00fcber Ihren Webbrowser, Ihre IP-Adresse, Ihre Zeitzone und einige der auf Ihrem Ger\u00e4t installierten Cookies. Dar\u00fcber hinaus erfassen wir beim Durchsuchen der Site Informationen \u00fcber die einzelnen Webseiten oder Produkte, die Sie anzeigen, \u00fcber welche Websites oder Suchbegriffe Sie auf die Site verwiesen wurden, und Informationen dar\u00fcber, wie Sie mit der Site interagieren. Wir bezeichnen diese automatisch erfassten Informationen als \u201eGer\u00e4teinformationen\u201c.<\/p>\n\n\n\n<p>Ger\u00e4teinformationen, die wir sammeln<\/p>\n\n\n\n<p>\u2013 \u201eCookies\u201c sind Datendateien, die auf Ihrem Ger\u00e4t oder Computer abgelegt werden und oft eine anonyme eindeutige Kennung enthalten. Weitere Informationen zu Cookies und zum Deaktivieren von Cookies finden Sie unter&nbsp;<a href=\"https:\/\/link.zhihu.com\/?target=http%3A\/\/www.allaboutcookies.org\" target=\"_blank\" rel=\"noopener\">http:\/\/www.allaboutcookies.org<\/a>.<\/p>\n\n\n\n<p>\u2013 \u201eProtokolldateien\u201c verfolgen die auf der Site stattfindenden Aktionen und erfassen Daten wie Ihre IP-Adresse, den Browsertyp, Ihren Internetdienstanbieter, Verweis-\/Ausstiegsseiten und Datums-\/Zeitstempel.<\/p>\n\n\n\n<p>\u2013 \u201eWeb Beacons\u201c, \u201eTags\u201c und \u201ePixels\u201c sind elektronische Dateien, die zum Aufzeichnen von Informationen \u00fcber Ihr Surfverhalten auf der Site verwendet werden.<\/p>\n\n\n\n<p>Wenn Sie \u00fcber die Site einen Kauf t\u00e4tigen oder versuchen, einen Kauf zu t\u00e4tigen, erfassen wir au\u00dferdem bestimmte Informationen von Ihnen, darunter Ihren Namen, Ihre Rechnungsadresse, Ihre Lieferadresse und Ihre Zahlungsinformationen (einschlie\u00dflich Kreditkartennummern), Ihre E-Mail-Adresse und Ihre Telefonnummer. Wir bezeichnen diese Informationen als \u201eBestellinformationen\u201c.<\/p>\n\n\n\n<p>Wenn wir in dieser Datenschutzrichtlinie von \u201epers\u00f6nlichen Informationen\u201c sprechen, meinen wir sowohl Ger\u00e4teinformationen als auch Bestellinformationen.<\/p>\n\n\n\n<p>WIE VERWENDEN WIR IHRE PERSONENBEZOGENEN DATEN?<\/p>\n\n\n\n<p>Wir verwenden die von uns gesammelten Bestellinformationen im Allgemeinen, um alle \u00fcber die Website aufgegebenen Bestellungen auszuf\u00fchren (einschlie\u00dflich der Verarbeitung Ihrer Zahlungsinformationen, der Organisation des Versands und der Bereitstellung von Rechnungen und\/oder Auftragsbest\u00e4tigungen). Dar\u00fcber hinaus verwenden wir diese Bestellinformationen, um:<\/p>\n\n\n\n<p>\u2013 Mit Ihnen zu kommunizieren;<\/p>\n\n\n\n<p>\u2013 \u00dcberpr\u00fcfen Sie unsere Bestellungen auf potenzielle Risiken oder Betrug;<\/p>\n\n\n\n<p>\u2013 Sofern dies mit den Pr\u00e4ferenzen \u00fcbereinstimmt, die Sie uns mitgeteilt haben, stellen wir Ihnen Informationen oder Werbung zu unseren Produkten oder Dienstleistungen zur Verf\u00fcgung.<\/p>\n\n\n\n<p>Wir verwenden die von uns erfassten Ger\u00e4teinformationen zur Erkennung potenzieller Risiken und Betrugsf\u00e4lle (insbesondere Ihre IP-Adresse) und ganz allgemein zur Verbesserung und Optimierung unserer Website (beispielsweise durch die Erstellung von Analysen zum Surfverhalten unserer Kunden und ihrer Interaktion mit der Website und zur Bewertung des Erfolgs unserer Marketing- und Werbekampagnen).<\/p>\n\n\n\n<p>Weitergabe Ihrer pers\u00f6nlichen Daten<\/p>\n\n\n\n<p>Wir geben Ihre pers\u00f6nlichen Daten an Dritte weiter, die uns dabei helfen, Ihre pers\u00f6nlichen Daten wie oben beschrieben zu verwenden. Beispielsweise verwenden wir WordPress Soft, um unseren Online-Shop zu betreiben.<\/p>\n\n\n\n<p>Wir verwenden Google Analytics auch, um besser zu verstehen, wie unsere Kunden die Site nutzen. Weitere Informationen zur Verwendung Ihrer personenbezogenen Daten durch Google finden Sie hier:&nbsp;<a href=\"https:\/\/link.zhihu.com\/?target=https%3A\/\/www.google.com\/intl\/en\/policies\/privacy\/\" target=\"_blank\" rel=\"noopener\">https:\/\/www.google.com\/intl\/en\/policies\/privacy\/<\/a>Sie k\u00f6nnen Google Analytics auch hier deaktivieren:&nbsp;<a href=\"https:\/\/link.zhihu.com\/?target=https%3A\/\/tools.google.com\/dlpage\/gaoptout\" target=\"_blank\" rel=\"noopener\">https:\/\/tools.google.com\/dlpage\/gaoptout<\/a>.<\/p>\n\n\n\n<p>Schlie\u00dflich k\u00f6nnen wir Ihre personenbezogenen Daten auch weitergeben, um die geltenden Gesetze und Vorschriften einzuhalten, auf Vorladungen, Durchsuchungsbefehle oder andere rechtm\u00e4\u00dfige Anfragen nach Informationen, die wir erhalten, zu reagieren oder um unsere Rechte anderweitig zu sch\u00fctzen.<\/p>\n\n\n\n<p>VERHALTENSORIENTIERTE WERBUNG<\/p>\n\n\n\n<p>Wie oben beschrieben, verwenden wir Ihre pers\u00f6nlichen Daten, um Ihnen gezielte Werbung oder Marketing-Mitteilungen zu senden, von denen wir glauben, dass sie f\u00fcr Sie von Interesse sein k\u00f6nnten. Weitere Informationen dar\u00fcber, wie gezielte Werbung funktioniert, finden Sie auf der Informationsseite der Network Advertising Initiative (\u201eNAI\u201c) unter&nbsp;<a href=\"https:\/\/link.zhihu.com\/?target=http%3A\/\/www.networkadvertising.org\/understanding-online-advertising\/how-does-it-work\" target=\"_blank\" rel=\"noopener\">http:\/\/www.networkadvertising.org\/understanding-online-advertising\/how-does-it-work<\/a>.<\/p>\n\n\n\n<p>Sie k\u00f6nnen gezielte Werbung \u00fcber die folgenden Links deaktivieren:<\/p>\n\n\n\n<p>\u2013 Facebook:&nbsp;<a href=\"https:\/\/link.zhihu.com\/?target=https%3A\/\/www.facebook.com\/settings\/%3Ftab%3Dads\" target=\"_blank\" rel=\"noopener\">https:\/\/www.facebook.com\/settings\/?tab=ads<\/a><\/p>\n\n\n\n<p>\u2013 Google:&nbsp;<a href=\"https:\/\/link.zhihu.com\/?target=https%3A\/\/www.google.com\/settings\/ads\/anonymous\" target=\"_blank\" rel=\"noopener\">https:\/\/www.google.com\/settings\/ads\/anonymous<\/a><\/p>\n\n\n\n<p>\u2013 Bing:&nbsp;<a href=\"https:\/\/link.zhihu.com\/?target=https%3A\/\/advertise.bingads.microsoft.com\/en-us\/resources\/policies\/personalized-ads\" target=\"_blank\" rel=\"noopener\">https:\/\/advertise.bingads.microsoft.com\/en-us\/resources\/policies\/personalized-ads<\/a><\/p>\n\n\n\n<p>Dar\u00fcber hinaus k\u00f6nnen Sie sich von einigen dieser Dienste abmelden, indem Sie das Abmeldeportal der Digital Advertising Alliance unter folgender Adresse besuchen:&nbsp;<a href=\"https:\/\/link.zhihu.com\/?target=http%3A\/\/optout.aboutads.info\/\" target=\"_blank\" rel=\"noopener\">http:\/\/optout.aboutads.info\/<\/a>.<\/p>\n\n\n\n<p>NICHT VERFOLGEN<\/p>\n\n\n\n<p>Bitte beachten Sie, dass wir die Datenerfassung und -verwendung auf unserer Website nicht \u00e4ndern, wenn wir ein \u201eDo Not Track\u201c-Signal von Ihrem Browser erhalten.<\/p>\n\n\n\n<p>IHRE RECHTE<\/p>\n\n\n\n<p>Wenn Sie in Europa wohnen, haben Sie das Recht, auf Ihre pers\u00f6nlichen Daten zuzugreifen, die wir \u00fcber Sie gespeichert haben, und zu verlangen, dass Ihre pers\u00f6nlichen Daten korrigiert, aktualisiert oder gel\u00f6scht werden. Wenn Sie dieses Recht aus\u00fcben m\u00f6chten, kontaktieren Sie uns bitte \u00fcber die unten angegebenen Kontaktinformationen.<\/p>\n\n\n\n<p>Wenn Sie in Europa wohnen, weisen wir Sie au\u00dferdem darauf hin, dass wir Ihre Daten verarbeiten, um Vertr\u00e4ge mit Ihnen zu erf\u00fcllen (z. B. wenn Sie eine Bestellung \u00fcber die Website aufgeben) oder um unsere oben aufgef\u00fchrten legitimen Gesch\u00e4ftsinteressen zu verfolgen. Bitte beachten Sie au\u00dferdem, dass Ihre Daten au\u00dferhalb Europas, einschlie\u00dflich nach Kanada und in die USA, \u00fcbertragen werden.<\/p>\n\n\n\n<p>DATENSPEICHERUNG<\/p>\n\n\n\n<p>Wenn Sie eine Bestellung \u00fcber die Site aufgeben, bewahren wir Ihre Bestellinformationen f\u00fcr unsere Unterlagen auf, es sei denn, Sie fordern uns auf, diese Informationen zu l\u00f6schen.<\/p>\n\n\n\n<p>\u00c4NDERUNGEN<\/p>\n\n\n\n<p>Wir k\u00f6nnen diese Datenschutzrichtlinie von Zeit zu Zeit aktualisieren, um beispielsweise \u00c4nderungen unserer Praktiken oder aus anderen betrieblichen, rechtlichen oder regulatorischen Gr\u00fcnden widerzuspiegeln.<\/p>\n\n\n\n<p>MINDERJ\u00c4HRIGE<\/p>\n\n\n\n<p>Die Site ist nicht f\u00fcr Personen unter 13 Jahren bestimmt.<\/p>\n\n\n\n<p>KONTAKTIEREN SIE UNS<\/p>\n\n\n\n<p>Wenn Sie weitere Informationen zu unseren Datenschutzpraktiken w\u00fcnschen, Fragen haben oder eine Beschwerde einreichen m\u00f6chten, nehmen Sie bitte Kontakt mit uns auf.<\/p>\n\n\n\n<p><\/p>","protected":false},"excerpt":{"rendered":"<p>Wer wir sind Unsere Website-Adresse lautet: https:\/\/skbty.com. Kommentare Wenn Besucher Kommentare auf der Website hinterlassen, erfassen wir die im Kommentarformular angezeigten Daten sowie die IP-Adresse des Besuchers und die Zeichenfolge des Browser-Benutzeragenten, um die Spam-Erkennung zu unterst\u00fctzen. Aus Ihrer E-Mail-Adresse kann eine anonymisierte Zeichenfolge erstellt werden (auch Hash genannt)\u2026<\/p>","protected":false},"author":1,"featured_media":0,"parent":0,"menu_order":0,"comment_status":"closed","ping_status":"open","template":"","meta":{"_kad_post_transparent":"","_kad_post_title":"","_kad_post_layout":"","_kad_post_sidebar_id":"","_kad_post_content_style":"","_kad_post_vertical_padding":"","_kad_post_feature":"","_kad_post_feature_position":"","_kad_post_header":false,"_kad_post_footer":false,"_kad_post_classname":"","rank_math_title":"","rank_math_description":"","rank_math_focus_keyword":"","footnotes":""},"class_list":["post-3","page","type-page","status-publish","hentry"],"_links":{"self":[{"href":"https:\/\/skbty.com\/de\/wp-json\/wp\/v2\/pages\/3","targetHints":{"allow":["GET"]}}],"collection":[{"href":"https:\/\/skbty.com\/de\/wp-json\/wp\/v2\/pages"}],"about":[{"href":"https:\/\/skbty.com\/de\/wp-json\/wp\/v2\/types\/page"}],"author":[{"embeddable":true,"href":"https:\/\/skbty.com\/de\/wp-json\/wp\/v2\/users\/1"}],"replies":[{"embeddable":true,"href":"https:\/\/skbty.com\/de\/wp-json\/wp\/v2\/comments?post=3"}],"version-history":[{"count":0,"href":"https:\/\/skbty.com\/de\/wp-json\/wp\/v2\/pages\/3\/revisions"}],"wp:attachment":[{"href":"https:\/\/skbty.com\/de\/wp-json\/wp\/v2\/media?parent=3"}],"curies":[{"name":"wp","href":"https:\/\/api.w.org\/{rel}","templated":true}]}}