{"id":1385,"date":"2023-06-03T22:39:08","date_gmt":"2023-06-03T14:39:08","guid":{"rendered":"https:\/\/skbty.com\/?post_type=product&#038;p=1385"},"modified":"2026-03-31T17:07:28","modified_gmt":"2026-03-31T09:07:28","slug":"goldene-mikronadel-fraktional-rf-maschine","status":"publish","type":"product","link":"https:\/\/skbty.com\/de\/product\/goldene-mikronadel-fraktional-rf-maschine\/","title":{"rendered":"Goldene Mikronadel-Fraktional-RF-Maschine"},"content":{"rendered":"<div class=\"J_module\">\n<div id=\"ali-anchor-AliMagic-9mo2rc\" class=\"magic-0\" data-section=\"AliMagic-9mo2rc\" data-section-title=\"Products Description\" data-spm-anchor-id=\"a2700.details.0.i25.41b676aerROOHh\">\n<h2>Golden Microneedle Fractional RF: F\u00fcr straffere, glattere und j\u00fcnger aussehende Haut<\/h2>\n<p>Leiden Sie unter Falten, Aknenarben oder schlaffer Haut? Das Golden Microneedle Fractional RF-Ger\u00e4t bietet eine revolution\u00e4re L\u00f6sung zur Hautverj\u00fcngung und liefert bemerkenswerte Ergebnisse bei minimalen Ausfallzeiten. Diese innovative Behandlung kombiniert die Kraft der Mikronadelung mit Radiofrequenzenergie, um die Kollagenproduktion anzuregen und die Haut zu straffen, sodass sie glatter und jugendlicher aussieht.<\/p>\n<h2><img loading=\"lazy\" decoding=\"async\" class=\"magic-9 aligncenter\" title=\"Goldene Mikronadel-Fraktional-RF-Maschine\" src=\"https:\/\/sc04.alicdn.com\/kf\/Hfba3514d2b8c4427b0126b236b9ba9d7R\/247315878\/Hfba3514d2b8c4427b0126b236b9ba9d7R.jpg\" alt=\"Goldene Mikronadel-Fraktional-RF-Maschine\" width=\"582\" height=\"553\" data-src=\"\/\/sc04.alicdn.com\/kf\/Hfba3514d2b8c4427b0126b236b9ba9d7R\/247315878\/Hfba3514d2b8c4427b0126b236b9ba9d7R.jpg\" \/><\/h2>\n<h2>So funktioniert Golden Microneedle Fractional RF<\/h2>\n<p>Bei dieser hochmodernen Behandlung kommt ein spezielles Handst\u00fcck mit ultrafeinen, vergoldeten Mikronadeln zum Einsatz, die in kontrollierter Tiefe (0,25\u20133 mm) in die Haut eindringen. Beim Eindringen geben die Nadeln pr\u00e4zise Radiofrequenzenergie direkt an die Dermis ab, umgehen die Epidermis und minimieren so die Sch\u00e4digung der Hautoberfl\u00e4che.<\/p>\n<p>Diese gezielte Energiezufuhr stimuliert die Produktion von Kollagen und Elastin, den wesentlichen Bausteinen jugendlicher Haut. Das Ergebnis? Straffere, glattere und strahlendere Haut mit verbesserter Struktur und Spannkraft.<\/p>\n<h2><img loading=\"lazy\" decoding=\"async\" class=\"magic-18 aligncenter\" title=\"Goldene Mikronadel-Fraktional-RF-Maschine\" src=\"https:\/\/sc04.alicdn.com\/kf\/H6fefb9fcf28c406aa7e1bba756337a69B\/247315878\/H6fefb9fcf28c406aa7e1bba756337a69B.png\" alt=\"Goldene Mikronadel-Fraktional-RF-Maschine\" width=\"637\" height=\"254\" data-src=\"\/\/sc04.alicdn.com\/kf\/H6fefb9fcf28c406aa7e1bba756337a69B\/247315878\/H6fefb9fcf28c406aa7e1bba756337a69B.png\" \/><\/h2>\n<h2>Welche Hautprobleme k\u00f6nnen damit behandelt werden?<\/h2>\n<p>Die Golden Microneedle Fractional RF-Behandlung ist \u00e4u\u00dferst vielseitig und wirksam bei der Behandlung einer breiten Palette von Hautproblemen, darunter:<\/p>\n<p><strong>Gesicht und Hals:<\/strong><\/p>\n<ul>\n<li>Falten und feine Linien<\/li>\n<li>Schlaffe Haut und H\u00e4ngebacken<\/li>\n<li>Aknenarben<\/li>\n<li>Vergr\u00f6\u00dferte Poren<\/li>\n<li>Ungleichm\u00e4\u00dfiger Hautton und Hautstruktur<\/li>\n<\/ul>\n<p><strong>Augen:<\/strong><\/p>\n<ul>\n<li>M\u00fcde wirkende Augen<\/li>\n<li>Feine Linien und F\u00e4ltchen<\/li>\n<li>Schlupflider<\/li>\n<li>Kreppige Haut<\/li>\n<\/ul>\n<p><strong>K\u00f6rper:<\/strong><\/p>\n<ul>\n<li>Schlaffe oder schlaffe Haut an Bauch, Armen, Beinen und Ges\u00e4\u00df<\/li>\n<li>Dehnungsstreifen<\/li>\n<li>Cellulite<\/li>\n<\/ul>\n<h2><img loading=\"lazy\" decoding=\"async\" class=\"magic-20 aligncenter\" title=\"Goldene Mikronadel-Fraktional-RF-Maschine\" src=\"https:\/\/sc04.alicdn.com\/kf\/H78a661c1241e42e690315e255865985ct\/247315878\/H78a661c1241e42e690315e255865985ct.jpg\" alt=\"Goldene Mikronadel-Fraktional-RF-Maschine\" width=\"471\" height=\"466\" data-src=\"\/\/sc04.alicdn.com\/kf\/H78a661c1241e42e690315e255865985ct\/247315878\/H78a661c1241e42e690315e255865985ct.jpg\" \/><\/h2>\n<h2>Erleben Sie die Vorteile<\/h2>\n<p>Die Golden Microneedle Fractional RF-Behandlung bietet zahlreiche Vorteile:<\/p>\n<ul>\n<li><strong>Minimal Invasiv:<\/strong>\u00a0Im Gegensatz zu herk\u00f6mmlichen chirurgischen Eingriffen ist diese Behandlung minimal invasiv und erfordert kaum bis keine Ausfallzeit.<\/li>\n<li><strong>Sicher und effektiv:<\/strong>\u00a0Die pr\u00e4zise Abgabe der HF-Energie gew\u00e4hrleistet optimale Ergebnisse bei minimalem Unbehagen und minimalem Risiko von Nebenwirkungen.<\/li>\n<li><strong>Geeignet f\u00fcr alle Hauttypen:<\/strong>\u00a0Diese Behandlung ist f\u00fcr alle Hauttypen, einschlie\u00dflich empfindlicher Haut, sicher und wirksam.<\/li>\n<li><strong>Langanhaltende Ergebnisse:<\/strong>\u00a0Durch die angeregte Kollagenproduktion verbessern sich Hautstruktur und Hautton noch Monate nach der Behandlung und sorgen f\u00fcr langanhaltende Ergebnisse.<\/li>\n<\/ul>\n<h2><img loading=\"lazy\" decoding=\"async\" class=\"magic-22 aligncenter\" title=\"Goldene Mikronadel-Fraktional-RF-Maschine\" src=\"https:\/\/sc04.alicdn.com\/kf\/H4eef1bf8fc684ced9730c0bc99cf73eac\/247315878\/H4eef1bf8fc684ced9730c0bc99cf73eac.jpg\" alt=\"Goldene Mikronadel-Fraktional-RF-Maschine\" width=\"560\" height=\"790\" data-src=\"\/\/sc04.alicdn.com\/kf\/H4eef1bf8fc684ced9730c0bc99cf73eac\/247315878\/H4eef1bf8fc684ced9730c0bc99cf73eac.jpg\" \/><\/h2>\n<h2>Hauptfunktionen und Vorteile:<\/h2>\n<ul>\n<li><strong>Vakuumunterst\u00fctzter Komfort:<\/strong>\u00a0Der Behandlungskopf nutzt Vakuumtechnologie, um die Haut sanft zu straffen und so f\u00fcr mehr Komfort w\u00e4hrend der Behandlung zu sorgen.<\/li>\n<li><strong>Nicht isolierte Nadeln:<\/strong>\u00a0Erm\u00f6glicht eine gleichm\u00e4\u00dfige Energieverteilung \u00fcber Epidermis und Dermis f\u00fcr optimale Ergebnisse.<\/li>\n<li><strong>Schrittmotor-Technologie:<\/strong>\u00a0Gew\u00e4hrleistet ein sanftes und pr\u00e4zises Eindringen der Nadel und minimiert so Beschwerden und Blutungen.<\/li>\n<li><strong>Vergoldete Nadeln:<\/strong>\u00a0Hypoallergen und biokompatibel, wodurch das Risiko allergischer Reaktionen verringert und eine optimale HF-Leitf\u00e4higkeit gef\u00f6rdert wird.<\/li>\n<li><strong>Pr\u00e4zise Tiefenkontrolle:<\/strong>\u00a0Durch die einstellbare Nadeltiefe sind individuelle Behandlungen m\u00f6glich, die auf die jeweiligen Hautprobleme und K\u00f6rperbereiche abgestimmt sind.<\/li>\n<li><strong>Sicherheitsnadelsystem:<\/strong>\u00a0Sterile Einweg-Nadelspitzen sorgen f\u00fcr Hygiene und Sicherheit.<\/li>\n<\/ul>\n<h2><img loading=\"lazy\" decoding=\"async\" class=\"magic-30 aligncenter\" title=\"Goldene Mikronadel-Fraktional-RF-Maschine\" src=\"https:\/\/sc04.alicdn.com\/kf\/H7ab83577142c43f8a6e29578a7b6779fd\/247315878\/H7ab83577142c43f8a6e29578a7b6779fd.png\" alt=\"Goldene Mikronadel-Fraktional-RF-Maschine\" width=\"651\" height=\"505\" data-src=\"\/\/sc04.alicdn.com\/kf\/H7ab83577142c43f8a6e29578a7b6779fd\/247315878\/H7ab83577142c43f8a6e29578a7b6779fd.png\" \/><\/h2>\n<h2>Entdecken Sie den Goldenen Standard der Hautverj\u00fcngung<\/h2>\n<p>Das Golden Microneedle Fractional RF-Ger\u00e4t bietet eine sichere, effektive und minimalinvasive L\u00f6sung f\u00fcr jugendliche, strahlende Haut. Wenn Sie bereit sind, die Zeit zur\u00fcckzudrehen und Ihren Traumteint zu erreichen, k\u00f6nnte diese revolution\u00e4re Behandlung die perfekte L\u00f6sung f\u00fcr Sie sein.<\/p>\n<h2><strong>Anpassen Logo<\/strong><\/h2>\n<p>Wollen, machen Ihre Marke stand heraus? Wir bieten angepasst logo Dienstleistungen zu helfen Sie erstellen Sie eine einzigartige und personalisierte logo spiegelt Ihre Marke Identit\u00e4t. Unser team von Experten arbeiten eng mit Ihnen zusammen, um ein logo zu entwerfen, die in Resonanz mit Ihrer Marke und messaging. Egal, ob Sie Umbau Ihres bestehenden Logos oder eine neue erstellen von Grund auf neu, wir haben Sie abgedeckt. <a href=\"\/de\/kontakt\/\">Kontaktieren Sie uns<\/a> heute erfahren Sie mehr \u00fcber unsere ma\u00dfgeschneiderten logo-Service!<\/p>\n<\/div>\n<\/div>","protected":false},"excerpt":{"rendered":"<p>Das fraktionierte Matrix-Radiofrequenznadelsystem durchdringt die Epidermis und Dermis durch eine speziell entwickelte Mehrpunktmatrix, eine digitale Hochgeschwindigkeitsmotorsteuerungssequenz, steuert die Tiefe von 0,25\u20133 mm pr\u00e4zise und gibt dann Radiofrequenz von der Wurzel ab. Das Ende der Matrixnadel stimuliert Kollagen und elastisches Gewebe, was f\u00fcr die Epidermis sicher ist, und die Radiofrequenzenergie kann gut in die Dermis eindringen, um Kollagenhyperplasie zu stimulieren, was nicht nur der beste Weg zur Verbesserung von Narben ist, sondern auch eine wirksame Behandlungsmethode. Auf lange Sicht ist dies eine gro\u00dfartige M\u00f6glichkeit, Falten in Ihrer Haut zu straffen.<\/p>","protected":false},"featured_media":1386,"comment_status":"open","ping_status":"closed","template":"","meta":{"_kad_post_transparent":"default","_kad_post_title":"","_kad_post_layout":"default","_kad_post_sidebar_id":"","_kad_post_content_style":"default","_kad_post_vertical_padding":"default","_kad_post_feature":"","_kad_post_feature_position":"","_kad_post_header":false,"_kad_post_footer":false,"_kad_post_classname":"","rank_math_title":"","rank_math_description":"","rank_math_focus_keyword":""},"product_brand":[],"product_cat":[30],"product_tag":[],"class_list":{"0":"post-1385","1":"product","2":"type-product","3":"status-publish","4":"has-post-thumbnail","6":"product_cat-microneedle","8":"first","9":"instock","10":"sale","11":"shipping-taxable","12":"purchasable","13":"product-type-simple","14":"entry","15":"content-bg","16":"loop-entry"},"_links":{"self":[{"href":"https:\/\/skbty.com\/de\/wp-json\/wp\/v2\/product\/1385","targetHints":{"allow":["GET"]}}],"collection":[{"href":"https:\/\/skbty.com\/de\/wp-json\/wp\/v2\/product"}],"about":[{"href":"https:\/\/skbty.com\/de\/wp-json\/wp\/v2\/types\/product"}],"replies":[{"embeddable":true,"href":"https:\/\/skbty.com\/de\/wp-json\/wp\/v2\/comments?post=1385"}],"wp:featuredmedia":[{"embeddable":true,"href":"https:\/\/skbty.com\/de\/wp-json\/wp\/v2\/media\/1386"}],"wp:attachment":[{"href":"https:\/\/skbty.com\/de\/wp-json\/wp\/v2\/media?parent=1385"}],"wp:term":[{"taxonomy":"product_brand","embeddable":true,"href":"https:\/\/skbty.com\/de\/wp-json\/wp\/v2\/product_brand?post=1385"},{"taxonomy":"product_cat","embeddable":true,"href":"https:\/\/skbty.com\/de\/wp-json\/wp\/v2\/product_cat?post=1385"},{"taxonomy":"product_tag","embeddable":true,"href":"https:\/\/skbty.com\/de\/wp-json\/wp\/v2\/product_tag?post=1385"}],"curies":[{"name":"wp","href":"https:\/\/api.w.org\/{rel}","templated":true}]}}