{"id":1403,"date":"2023-06-04T13:30:09","date_gmt":"2023-06-04T05:30:09","guid":{"rendered":"https:\/\/skbty.com\/?post_type=product&#038;p=1403"},"modified":"2024-08-11T01:24:53","modified_gmt":"2024-08-10T17:24:53","slug":"multifunktionale-6-in-1-hifu-schonheitsmaschine","status":"publish","type":"product","link":"https:\/\/skbty.com\/de\/product\/multifunktionale-6-in-1-hifu-schonheitsmaschine\/","title":{"rendered":"Multifunktionale 6-in-1-HIFU-Sch\u00f6nheitsmaschine"},"content":{"rendered":"<h2>Multifunktionales 6-in-1-HIFU-Sch\u00f6nheitsger\u00e4t: Erreichen Sie eine vollst\u00e4ndige K\u00f6rperverj\u00fcngung<\/h2>\n<p><strong>Haben Sie genug von Falten, schlaffer Haut und hartn\u00e4ckigem Fett?<\/strong>\u00a0Die multifunktionale 6-in-1-HIFU-Sch\u00f6nheitsmaschine bietet eine umfassende L\u00f6sung f\u00fcr die Verj\u00fcngung des gesamten K\u00f6rpers. Dieses hochmoderne Ger\u00e4t kombiniert sechs leistungsstarke Technologien \u2013\u00a0<strong>Radar Carving, 4D-Mehrreihen-HIFU, Vaginalstraffung, Hauterkennung, Liposonic und RF-Mikrokristalle<\/strong>\u00a0\u2013 um bemerkenswerte Ergebnisse ohne Ausfallzeiten zu liefern.<\/p>\n<h2><img loading=\"lazy\" decoding=\"async\" class=\"aligncenter wp-image-1415\" src=\"https:\/\/skbty.com\/wp-content\/uploads\/2023\/06\/\u4e3b\u56fe3-819x1024.png\" alt=\"\" width=\"633\" height=\"791\" srcset=\"\" sizes=\"auto, (max-width: 633px) 100vw, 633px\" data-srcset=\"\" \/><\/h2>\n<h2>Mehrere Anliegen mit einer Maschine angehen<\/h2>\n<p>Dieses revolution\u00e4re Ger\u00e4t ist Ihre Komplettl\u00f6sung f\u00fcr:<\/p>\n<ul>\n<li><strong>Straffung und Lifting der Haut:<\/strong>\u00a0Kehren Sie mit Radar Carving und 4D Multi-row HIFU die Zeichen der Hautalterung um, reduzieren Sie wirksam Falten und straffen Sie schlaffe Haut im Gesicht, am Hals und am K\u00f6rper.<\/li>\n<li><strong>K\u00f6rperformung und Fettreduzierung:<\/strong>\u00a0Zerst\u00f6ren Sie Fettzellen und formen Sie Ihren K\u00f6rper mit dem Liposonic-System, um sichtbare Ergebnisse beim Abnehmen und bei der K\u00f6rperformung zu erzielen.<\/li>\n<li><strong>Vaginale Verj\u00fcngung:<\/strong>\u00a0Stellen Sie die Enge Ihrer Vagina wieder her, bek\u00e4mpfen Sie Trockenheit und verbessern Sie die Intimgesundheit mit der speziellen vaginalen HIFU-Behandlung.<\/li>\n<li><strong>Hautverj\u00fcngung:<\/strong>\u00a0Stimulieren Sie die Kollagenproduktion und erzielen Sie mit der Gold RF Microcrystal-Technologie ein jugendliches Strahlen, indem Sie F\u00e4ltchen minimieren, die Hautstruktur verbessern und den Teint aufhellen.<\/li>\n<\/ul>\n<h2><img loading=\"lazy\" decoding=\"async\" class=\"aligncenter wp-image-1412\" src=\"https:\/\/skbty.com\/wp-content\/uploads\/2023\/06\/hbl9t2po.png\" alt=\"\" width=\"567\" height=\"446\" srcset=\"https:\/\/skbty.com\/wp-content\/uploads\/2023\/06\/hbl9t2po.png 773w, https:\/\/skbty.com\/wp-content\/uploads\/2023\/06\/hbl9t2po-300x236.png 300w, https:\/\/skbty.com\/wp-content\/uploads\/2023\/06\/hbl9t2po-768x604.png 768w, https:\/\/skbty.com\/wp-content\/uploads\/2023\/06\/hbl9t2po-600x472.png 600w\" sizes=\"auto, (max-width: 567px) 100vw, 567px\" \/><\/h2>\n<h2>Erleben Sie die Vorteile<\/h2>\n<p>Das multifunktionale 6-in-1-HIFU-Sch\u00f6nheitsger\u00e4t bietet eine Reihe von Vorteilen:<\/p>\n<ul>\n<li><strong>Nicht-invasiv und schmerzlos:<\/strong>\u00a0Genie\u00dfen Sie angenehme Behandlungen ohne Injektionen, Operationen oder Ausfallzeiten.<\/li>\n<li><strong>Sicher und effektiv:<\/strong>\u00a0Klinisch erprobte Technologien gew\u00e4hrleisten optimale Ergebnisse bei minimalem Risiko.<\/li>\n<li><strong>Anpassbare Behandlungen:<\/strong>\u00a0Mehrere Behandlungsk\u00f6pfe und anpassbare Parameter erm\u00f6glichen personalisierte Behandlungen, die auf Ihre individuellen Bed\u00fcrfnisse zugeschnitten sind.<\/li>\n<li><strong>Schnell und effizient:<\/strong>\u00a0Kurze Behandlungssitzungen und langanhaltende Ergebnisse machen dies zu einer idealen L\u00f6sung f\u00fcr vielbesch\u00e4ftigte Personen.<\/li>\n<\/ul>\n<h2>Fortschrittliche Technologien f\u00fcr \u00fcberragende Ergebnisse<\/h2>\n<ul>\n<li><strong>Radarschnitzerei:<\/strong>\u00a0Die nicht-invasive 360\u00b0-Technologie zielt auf mehrere Tiefen der Haut ab und liefert pr\u00e4zise Energie f\u00fcr ein optimales Lifting und Festigen.<\/li>\n<li><strong>4D Mehrreihen-HIFU:<\/strong>\u00a0Behandelt mit jedem Durchgang eine gr\u00f6\u00dfere Fl\u00e4che. Dadurch wird die Behandlungszeit erheblich verk\u00fcrzt und eine gleichm\u00e4\u00dfige Energieverteilung f\u00fcr bessere Ergebnisse gew\u00e4hrleistet.<\/li>\n<li><strong>Liposonic:<\/strong>\u00a0Nutzt fokussierte Ultraschallenergie, um Fettzellen effektiv und pr\u00e4zise zu zerst\u00f6ren, was zu einer sichtbaren K\u00f6rperkonturierung f\u00fchrt.<\/li>\n<li><strong>Gold-RF-Mikrokristalle:<\/strong>\u00a0Kombiniert isolierte Mikrokristalle, Hochtemperatur-HF, Vakuumadsorption und transdermale Verabreichung f\u00fcr eine verbesserte Hautverj\u00fcngung ohne Ausfallzeiten.<\/li>\n<li><strong>Vaginales HIFU:<\/strong>\u00a0Die 360-Grad-Rotationstechnologie gew\u00e4hrleistet eine pr\u00e4zise Energieabgabe an die Vaginalw\u00e4nde, stimuliert die Kollagenproduktion und stellt die Straffheit wieder her.<\/li>\n<\/ul>\n<h2 class=\"p1\">Multi-Typ-K\u00f6pfe und Sonden<\/h2>\n<ul>\n<li class=\"p1\"><b>Isolierk\u00f6pfe:<\/b> Vier Typen (10p, 25p, 64p, Nano) gew\u00e4hrleisten eine konsistente und ausgewogene HF-Energieverteilung.<\/li>\n<li class=\"p1\"><b>Mikrokristalline K\u00f6pfe:<\/b> Verf\u00fcgt \u00fcber einen perfekten Abstand, um St\u00f6rungen und \u00dcberlappungen zu verhindern und eine pr\u00e4zise Energieabgabe zu gew\u00e4hrleisten.<\/li>\n<li class=\"p1\"><b>Nadelspezifikationen:<\/b> Nadelk\u00f6rper (0,22 mm), Spitze (0,1 mm); isolierter Nadelk\u00f6rper gibt Energie nur an der Spitze (0,3\u20130,5 mm) ab, wodurch Hautpigmentierung und Schmerzen vermieden werden.<\/li>\n<\/ul>\n<p><img loading=\"lazy\" decoding=\"async\" class=\"aligncenter  wp-image-1417\" src=\"https:\/\/skbty.com\/wp-content\/uploads\/2023\/06\/probes-1024x691.png\" alt=\"\" width=\"664\" height=\"448\" srcset=\"https:\/\/skbty.com\/wp-content\/uploads\/2023\/06\/probes-1024x691.png 1024w, https:\/\/skbty.com\/wp-content\/uploads\/2023\/06\/probes-300x202.png 300w, https:\/\/skbty.com\/wp-content\/uploads\/2023\/06\/probes-768x518.png 768w, https:\/\/skbty.com\/wp-content\/uploads\/2023\/06\/probes-1536x1036.png 1536w, https:\/\/skbty.com\/wp-content\/uploads\/2023\/06\/probes-600x405.png 600w, https:\/\/skbty.com\/wp-content\/uploads\/2023\/06\/probes.png 1708w\" sizes=\"auto, (max-width: 664px) 100vw, 664px\" \/><\/p>\n<p><img loading=\"lazy\" decoding=\"async\" class=\"aligncenter  wp-image-1413\" src=\"https:\/\/skbty.com\/wp-content\/uploads\/2023\/06\/face-1024x563.png\" alt=\"\" width=\"720\" height=\"396\" srcset=\"https:\/\/skbty.com\/wp-content\/uploads\/2023\/06\/face-1024x563.png 1024w, https:\/\/skbty.com\/wp-content\/uploads\/2023\/06\/face-300x165.png 300w, https:\/\/skbty.com\/wp-content\/uploads\/2023\/06\/face-768x422.png 768w, https:\/\/skbty.com\/wp-content\/uploads\/2023\/06\/face-1536x844.png 1536w, https:\/\/skbty.com\/wp-content\/uploads\/2023\/06\/face-600x330.png 600w, https:\/\/skbty.com\/wp-content\/uploads\/2023\/06\/face.png 1572w\" sizes=\"auto, (max-width: 720px) 100vw, 720px\" \/><\/p>\n<h2>Entdecken Sie die Kraft der ganzheitlichen K\u00f6rperverj\u00fcngung<\/h2>\n<p>Das multifunktionale 6-in-1-HIFU-Sch\u00f6nheitsger\u00e4t bietet eine umfassende und effektive L\u00f6sung zum Erreichen Ihrer \u00e4sthetischen Ziele. Erleben Sie die transformative Kraft dieses innovativen Ger\u00e4ts und gewinnen Sie Ihr Selbstvertrauen zur\u00fcck, indem Sie j\u00fcnger, straffer und revitalisierter aussehen.<\/p>\n<h2><strong>Anpassen Logo<\/strong><\/h2>\n<p>Wollen, machen Ihre Marke stand heraus? Wir bieten angepasst logo Dienstleistungen zu helfen Sie erstellen Sie eine einzigartige und personalisierte logo spiegelt Ihre Marke Identit\u00e4t. Unser team von Experten arbeiten eng mit Ihnen zusammen, um ein logo zu entwerfen, die in Resonanz mit Ihrer Marke und messaging. Egal, ob Sie Umbau Ihres bestehenden Logos oder eine neue erstellen von Grund auf neu, wir haben Sie abgedeckt. <a href=\"\/de\/kontakt\/\">Kontaktieren Sie uns<\/a> heute erfahren Sie mehr \u00fcber unsere ma\u00dfgeschneiderten logo-Service!<\/p>\n<p style=\"text-align: center;\">\n<div style=\"width: 1290px;\" class=\"wp-video\"><video class=\"wp-video-shortcode\" id=\"video-1403-1\" width=\"1290\" height=\"726\" preload=\"metadata\" controls=\"controls\"><source type=\"video\/mp4\" src=\"https:\/\/skbty.com\/wp-content\/uploads\/2023\/06\/\u6d77\u677e6\u54081-\u4e3b\u56fe\u89c6\u9891.mp4?_=1\" \/><a href=\"https:\/\/skbty.com\/wp-content\/uploads\/2023\/06\/\u6d77\u677e6\u54081-\u4e3b\u56fe\u89c6\u9891.mp4\">https:\/\/skbty.com\/wp-content\/uploads\/2023\/06\/\u6d77\u677e6\u54081-\u4e3b\u56fe\u89c6\u9891.mp4<\/a><\/video><\/div>\n<p>&nbsp;<\/p>","protected":false},"excerpt":{"rendered":"<p class=\"p1\">6-in-1-HIFU-Sch\u00f6nheitsinstrument. Es handelt sich um einen RF-Mikrokristall-Sektionstyp + mehrreihiger Fixpunkt + 360 \u00b0 tote Ecke + benutzerdefinierter Punkt + 360 \u00b0 3D-Surround-Technologie. Es kombiniert 4D-Mehrreihen, Radar Carving, Liposonic und RF-Mikrokristalle. 4D-Mehrreihen und Radar Carving sind auf die Hautalterung ausgerichtet, und Liposonic ist auf das Problem der Fettleibigkeit ausgerichtet. Dadurch kann die Haut effektiv gestrafft und angehoben, Fett aufgel\u00f6st und der K\u00f6rper geformt werden. Goldene Radiofrequenz kann den Hautzustand effektiv verbessern und junge und gesunde Haut wiederherstellen. Vaginales HIFU behandelt Vaginalschlaffheit und -trockenheit und andere Probleme.<\/p>","protected":false},"featured_media":1404,"comment_status":"open","ping_status":"closed","template":"","meta":{"_kad_post_transparent":"default","_kad_post_title":"","_kad_post_layout":"default","_kad_post_sidebar_id":"","_kad_post_content_style":"default","_kad_post_vertical_padding":"default","_kad_post_feature":"","_kad_post_feature_position":"","_kad_post_header":false,"_kad_post_footer":false,"_kad_post_classname":"","rank_math_title":"","rank_math_description":"","rank_math_focus_keyword":""},"product_brand":[],"product_cat":[35],"product_tag":[],"class_list":{"0":"post-1403","1":"product","2":"type-product","3":"status-publish","4":"has-post-thumbnail","6":"product_cat-hifu","8":"first","9":"instock","10":"shipping-taxable","11":"product-type-simple","12":"entry","13":"content-bg","14":"loop-entry"},"_links":{"self":[{"href":"https:\/\/skbty.com\/de\/wp-json\/wp\/v2\/product\/1403","targetHints":{"allow":["GET"]}}],"collection":[{"href":"https:\/\/skbty.com\/de\/wp-json\/wp\/v2\/product"}],"about":[{"href":"https:\/\/skbty.com\/de\/wp-json\/wp\/v2\/types\/product"}],"replies":[{"embeddable":true,"href":"https:\/\/skbty.com\/de\/wp-json\/wp\/v2\/comments?post=1403"}],"wp:featuredmedia":[{"embeddable":true,"href":"https:\/\/skbty.com\/de\/wp-json\/wp\/v2\/media\/1404"}],"wp:attachment":[{"href":"https:\/\/skbty.com\/de\/wp-json\/wp\/v2\/media?parent=1403"}],"wp:term":[{"taxonomy":"product_brand","embeddable":true,"href":"https:\/\/skbty.com\/de\/wp-json\/wp\/v2\/product_brand?post=1403"},{"taxonomy":"product_cat","embeddable":true,"href":"https:\/\/skbty.com\/de\/wp-json\/wp\/v2\/product_cat?post=1403"},{"taxonomy":"product_tag","embeddable":true,"href":"https:\/\/skbty.com\/de\/wp-json\/wp\/v2\/product_tag?post=1403"}],"curies":[{"name":"wp","href":"https:\/\/api.w.org\/{rel}","templated":true}]}}