{"id":1428,"date":"2023-06-04T13:54:46","date_gmt":"2023-06-04T05:54:46","guid":{"rendered":"https:\/\/skbty.com\/?post_type=product&#038;p=1428"},"modified":"2024-06-26T17:47:52","modified_gmt":"2024-06-26T09:47:52","slug":"fraktionierte-co2-lasermaschine","status":"publish","type":"product","link":"https:\/\/skbty.com\/de\/product\/fraktionierte-co2-lasermaschine\/","title":{"rendered":"Fraktionierte CO2-Laser-Sch\u00f6nheitsmaschine"},"content":{"rendered":"<div class=\"J_module\">\n<div class=\"detail-decorate-json-renderer-container\">\n<div class=\"magic-1\">\n<h1><strong>Sch\u00f6nheitsger\u00e4t mit fraktioniertem CO2-Laser: Der ultimative Leitfaden zur Hauterneuerung und Vaginalverj\u00fcngung<\/strong><\/h1>\n<p>Suchen Sie nach einer sicheren und effektiven Methode, Ihre Haut zu verj\u00fcngen und sich um Ihre intimen Gesundheitsprobleme zu k\u00fcmmern? Das Sch\u00f6nheitsger\u00e4t mit fraktioniertem CO2-Laser k\u00f6nnte die L\u00f6sung sein, nach der Sie gesucht haben. Diese innovative Technologie bietet ein breites Anwendungsspektrum, von der Reduzierung von Falten und Aknenarben bis hin zur Straffung des Vaginalkanals und der Verbesserung von Harninkontinenz.<\/p>\n<h2><img loading=\"lazy\" decoding=\"async\" class=\"magic-17 aligncenter\" title=\"Fraktionierte CO2-Laser-Sch\u00f6nheitsmaschine\" src=\"https:\/\/sc04.alicdn.com\/kf\/H3a427da2c811483bbcfa38054fc6c4494\/247315878\/H3a427da2c811483bbcfa38054fc6c4494.jpg\" alt=\"Fraktionierte CO2-Laser-Sch\u00f6nheitsmaschine\" width=\"606\" height=\"545\" data-src=\"\/\/sc04.alicdn.com\/kf\/H3a427da2c811483bbcfa38054fc6c4494\/247315878\/H3a427da2c811483bbcfa38054fc6c4494.jpg\" \/><\/h2>\n<h2><strong>CO2-Lasertechnologie verstehen<\/strong><\/h2>\n<h3><strong>Was ist ein CO2-Laser?<\/strong><\/h3>\n<p>Ein CO2-Laser ist ein Gaslaser, der Kohlendioxidgas als Medium verwendet. Er strahlt einen hochenergetischen Lichtstrahl aus, der vom Wasser in der Haut absorbiert wird, was ihn zu einem unglaublich pr\u00e4zisen Werkzeug f\u00fcr verschiedene dermatologische Verfahren macht.<\/p>\n<h3><strong>Wie funktioniert ein CO2-Laser?<\/strong><\/h3>\n<p>Fraktionierte CO2-Laser erzeugen winzige, kontrollierte Mikroverletzungen in der Haut. Diese Mikroverletzungen stimulieren den nat\u00fcrlichen Heilungsprozess des K\u00f6rpers, f\u00f6rdern die Kollagenproduktion und f\u00fchren zu einer Straffung der Haut, einer verbesserten Struktur und weniger Unreinheiten.<\/p>\n<h2><strong>Die Vorteile der fraktionierten CO2-Laserbehandlung<\/strong><\/h2>\n<h3><strong>Hauterneuerung und -verj\u00fcngung<\/strong><\/h3>\n<ul>\n<li><strong>Faltenreduzierung:<\/strong>\u00a0Durch die Stimulierung der Kollagenproduktion k\u00f6nnen fraktionierte CO2-Laserbehandlungen das Auftreten feiner Linien und F\u00e4ltchen deutlich reduzieren und Ihrer Haut ein glatteres, jugendlicheres Aussehen verleihen.<\/li>\n<li><strong>Behandlung von Aknenarben:<\/strong>\u00a0Diese Behandlung ist bei Aknenarben \u00e4u\u00dferst wirksam. Die Laserenergie baut Narbengewebe ab und f\u00f6rdert das Wachstum neuer, gesunder Hautzellen.<\/li>\n<li><strong>Reparatur von Sonnensch\u00e4den:<\/strong>\u00a0Jahrelange Sonneneinstrahlung kann zu ungleichm\u00e4\u00dfiger Pigmentierung und vorzeitiger Hautalterung f\u00fchren. Fraktionierte CO2-Laserbehandlungen k\u00f6nnen helfen, diese Sch\u00e4den r\u00fcckg\u00e4ngig zu machen und eine strahlendere, ebenm\u00e4\u00dfigere Haut zum Vorschein zu bringen.<\/li>\n<\/ul>\n<h3><strong>Vaginale Verj\u00fcngung<\/strong><\/h3>\n<ul>\n<li><strong>Straffung des Vaginalkanals:<\/strong>\u00a0Durch Geburten und Alterung kann sich der Vaginalkanal lockern. Eine fraktionierte CO2-Laserbehandlung kann den Vaginalkanal wirksam straffen, die sexuelle Befriedigung verbessern und Probleme mit der Vaginalerschlaffung l\u00f6sen.<\/li>\n<li><strong>Behandlung von vaginaler Trockenheit:<\/strong>\u00a0Diese Behandlung kann die Produktion nat\u00fcrlicher Feuchtigkeit anregen und so vaginale Trockenheit und Beschwerden beim Geschlechtsverkehr lindern.<\/li>\n<li><strong>Verbesserte Harninkontinenz:<\/strong>\u00a0Eine Behandlung mit einem fraktionierten CO2-Laser kann die Beckenbodenmuskulatur st\u00e4rken, was zu einer verbesserten Blasenkontrolle f\u00fchrt und die Belastungsinkontinenz verringert oder beseitigt.<\/li>\n<\/ul>\n<h2><img loading=\"lazy\" decoding=\"async\" class=\"magic-15 aligncenter\" title=\"Fraktionierte CO2-Laser-Sch\u00f6nheitsmaschine\" src=\"https:\/\/sc04.alicdn.com\/kf\/Hb31d5d93ca024af191d92b172d65e5a94\/247315878\/Hb31d5d93ca024af191d92b172d65e5a94.png\" alt=\"Fraktionierte CO2-Laser-Sch\u00f6nheitsmaschine\" width=\"798\" height=\"717\" data-src=\"\/\/sc04.alicdn.com\/kf\/Hb31d5d93ca024af191d92b172d65e5a94\/247315878\/Hb31d5d93ca024af191d92b172d65e5a94.png\" \/><\/h2>\n<h2><strong>Was Sie w\u00e4hrend und nach der Behandlung erwartet<\/strong><\/h2>\n<h3><strong>Behandlungsdauer und Erholung<\/strong><\/h3>\n<p>Die Behandlungsdauer bei einem fraktionierten CO2-Laserverfahren variiert je nach Gr\u00f6\u00dfe und Lage des zu behandelnden Bereichs. Die meisten Sitzungen dauern zwischen 30 Minuten und einer Stunde. Die Ausfallzeit ist minimal und die meisten Patienten k\u00f6nnen innerhalb weniger Tage zu ihren normalen Aktivit\u00e4ten zur\u00fcckkehren.<\/p>\n<h3><strong>M\u00f6gliche Nebenwirkungen und Risiken<\/strong><\/h3>\n<p>Obwohl fraktionierte CO2-Laserbehandlungen im Allgemeinen sicher sind, k\u00f6nnen sie vor\u00fcbergehende Nebenwirkungen wie R\u00f6tungen, Schwellungen und Juckreiz verursachen. Es ist wichtig, dass Sie Ihre Krankengeschichte und etwaige Bedenken vor der Behandlung mit einem qualifizierten Arzt besprechen.<\/p>\n<h2><strong>Fraktionierter CO2-Laser im Vergleich zu anderen Behandlungen<\/strong><\/h2>\n<h3><strong>CO2-Laser im Vergleich zu anderen Laserbehandlungen<\/strong><\/h3>\n<p>Fraktionierte CO2-Laser bieten im Vergleich zu anderen Laserbehandlungen wie IPL- oder Erbiumlasern eine tiefere Penetration und dramatischere Ergebnisse. Dies macht sie zur besten Wahl f\u00fcr die Behandlung schwerwiegender Hautprobleme.<\/p>\n<h3><strong>CO2-Laser vs. chirurgische Optionen<\/strong><\/h3>\n<p>Behandlungen mit fraktioniertem CO2-Laser sind eine nicht-chirurgische Alternative zu Eingriffen wie Facelifts oder Vaginoplastiken. Sie erzielen signifikante Ergebnisse bei weniger Ausfallzeiten, weniger Risiken und schnellerer Genesungszeit.<\/p>\n<h2><img loading=\"lazy\" decoding=\"async\" class=\"magic-38 aligncenter\" title=\"Fraktionierte CO2-Laser-Sch\u00f6nheitsmaschine\" src=\"https:\/\/sc04.alicdn.com\/kf\/Ha118235a62d741abb6f94b3429b425dfk\/247315878\/Ha118235a62d741abb6f94b3429b425dfk.jpg\" alt=\"Fraktionierte CO2-Laser-Sch\u00f6nheitsmaschine\" width=\"800\" height=\"364\" data-src=\"\/\/sc04.alicdn.com\/kf\/Ha118235a62d741abb6f94b3429b425dfk\/247315878\/Ha118235a62d741abb6f94b3429b425dfk.jpg\" \/><\/h2>\n<h2><strong>Abschluss<\/strong><\/h2>\n<p>Das Sch\u00f6nheitsger\u00e4t mit fraktioniertem CO2-Laser ist ein vielseitiges und effektives Werkzeug zur dramatischen Hautverj\u00fcngung und zur Behandlung intimer Gesundheitsprobleme. Durch die Stimulierung der Kollagenproduktion und die F\u00f6rderung des nat\u00fcrlichen Heilungsprozesses des K\u00f6rpers kann diese Technologie Ihnen zu glatterer, strafferer und jugendlicher aussehender Haut verhelfen und gleichzeitig Ihr allgemeines Wohlbefinden verbessern. Wenn Sie eine fraktionierte CO2-Laserbehandlung in Erw\u00e4gung ziehen, konsultieren Sie einen qualifizierten Arzt, um Ihre Ziele und Erwartungen zu besprechen und festzustellen, ob dies die richtige Wahl f\u00fcr Sie ist.<\/p>\n<h2><strong>Anpassen Logo<\/strong><\/h2>\n<p>Wollen, machen Ihre Marke stand heraus? Wir bieten angepasst logo Dienstleistungen zu helfen Sie erstellen Sie eine einzigartige und personalisierte logo spiegelt Ihre Marke Identit\u00e4t. Unser team von Experten arbeiten eng mit Ihnen zusammen, um ein logo zu entwerfen, die in Resonanz mit Ihrer Marke und messaging. Egal, ob Sie Umbau Ihres bestehenden Logos oder eine neue erstellen von Grund auf neu, wir haben Sie abgedeckt. <a href=\"\/de\/kontakt\/\">Kontaktieren Sie uns<\/a> heute erfahren Sie mehr \u00fcber unsere ma\u00dfgeschneiderten logo-Service!<\/p>\n<\/div>\n<\/div>\n<\/div>","protected":false},"excerpt":{"rendered":"<p>Das Sch\u00f6nheitsger\u00e4t mit fraktioniertem CO2-Laser ist ein vielseitiges und effektives Werkzeug zur dramatischen Hautverj\u00fcngung und zur Behandlung intimer Gesundheitsprobleme. Durch die Stimulierung der Kollagenproduktion und die F\u00f6rderung des nat\u00fcrlichen Heilungsprozesses des K\u00f6rpers kann diese Technologie Ihnen zu glatterer, strafferer und jugendlicher aussehender Haut verhelfen und gleichzeitig Ihr allgemeines Wohlbefinden verbessern. Wenn Sie eine fraktionierte CO2-Laserbehandlung in Erw\u00e4gung ziehen, konsultieren Sie einen qualifizierten Arzt, um Ihre Ziele und Erwartungen zu besprechen und festzustellen, ob dies die richtige Wahl f\u00fcr Sie ist.<\/p>","protected":false},"featured_media":1429,"comment_status":"open","ping_status":"closed","template":"","meta":{"_kad_post_transparent":"default","_kad_post_title":"","_kad_post_layout":"default","_kad_post_sidebar_id":"","_kad_post_content_style":"default","_kad_post_vertical_padding":"default","_kad_post_feature":"","_kad_post_feature_position":"","_kad_post_header":false,"_kad_post_footer":false,"_kad_post_classname":"","rank_math_title":"","rank_math_description":"","rank_math_focus_keyword":""},"product_brand":[],"product_cat":[29],"product_tag":[],"class_list":{"0":"post-1428","1":"product","2":"type-product","3":"status-publish","4":"has-post-thumbnail","6":"product_cat-pico-laser","8":"first","9":"instock","10":"shipping-taxable","11":"product-type-simple","12":"entry","13":"content-bg","14":"loop-entry"},"_links":{"self":[{"href":"https:\/\/skbty.com\/de\/wp-json\/wp\/v2\/product\/1428","targetHints":{"allow":["GET"]}}],"collection":[{"href":"https:\/\/skbty.com\/de\/wp-json\/wp\/v2\/product"}],"about":[{"href":"https:\/\/skbty.com\/de\/wp-json\/wp\/v2\/types\/product"}],"replies":[{"embeddable":true,"href":"https:\/\/skbty.com\/de\/wp-json\/wp\/v2\/comments?post=1428"}],"wp:featuredmedia":[{"embeddable":true,"href":"https:\/\/skbty.com\/de\/wp-json\/wp\/v2\/media\/1429"}],"wp:attachment":[{"href":"https:\/\/skbty.com\/de\/wp-json\/wp\/v2\/media?parent=1428"}],"wp:term":[{"taxonomy":"product_brand","embeddable":true,"href":"https:\/\/skbty.com\/de\/wp-json\/wp\/v2\/product_brand?post=1428"},{"taxonomy":"product_cat","embeddable":true,"href":"https:\/\/skbty.com\/de\/wp-json\/wp\/v2\/product_cat?post=1428"},{"taxonomy":"product_tag","embeddable":true,"href":"https:\/\/skbty.com\/de\/wp-json\/wp\/v2\/product_tag?post=1428"}],"curies":[{"name":"wp","href":"https:\/\/api.w.org\/{rel}","templated":true}]}}