{"id":1482,"date":"2023-06-06T11:11:13","date_gmt":"2023-06-06T03:11:13","guid":{"rendered":"https:\/\/skbty.com\/?post_type=product&#038;p=1482"},"modified":"2025-02-27T00:33:38","modified_gmt":"2025-02-26T16:33:38","slug":"7-in-1-intelligente-hautpflege-schonheitsmaschine-in-eisblau","status":"publish","type":"product","link":"https:\/\/skbty.com\/de\/product\/7-in-1-intelligente-hautpflege-schonheitsmaschine-in-eisblau\/","title":{"rendered":"7-in-1 Smart Ice Blue Hautpflege-Sch\u00f6nheitsmaschine"},"content":{"rendered":"<div class=\"J_module\">\n<h2>7-in-1 Smart Ice Blue Skin Management Beauty Machine: Revolutionierung der personalisierten Hautpflege<\/h2>\n<h3>Einf\u00fchrung<\/h3>\n<p>Erleben Sie die Zukunft der Hautpflege mit der 7-in-1 Smart Ice Blue Skin Management Beauty Machine, einem revolution\u00e4ren Ger\u00e4t, das fortschrittliche Hautanalyse mit multifunktionalen Behandlungen f\u00fcr einen wirklich personalisierten und effektiven Ansatz zur Hautverj\u00fcngung kombiniert.<\/p>\n<h2><img loading=\"lazy\" decoding=\"async\" class=\"magic-7 aligncenter\" src=\"https:\/\/sc04.alicdn.com\/kf\/H8e4e37642f384735aa0bda622bf5d07fg\/247315878\/H8e4e37642f384735aa0bda622bf5d07fg.png\" width=\"572\" height=\"715\" data-src=\"\/\/sc04.alicdn.com\/kf\/H8e4e37642f384735aa0bda622bf5d07fg\/247315878\/H8e4e37642f384735aa0bda622bf5d07fg.png\" \/><\/h2>\n<h2>Vorstellung des Smart Ice Blue: Eine neue \u00c4ra der Hautpflege<\/h2>\n<h3>Erweiterte Hautanalyse f\u00fcr individuelle Behandlungen<\/h3>\n<p>Dieses hochmoderne System geht \u00fcber die herk\u00f6mmliche Hautpflege hinaus, indem es zun\u00e4chst die individuellen Bed\u00fcrfnisse Ihrer Haut analysiert:<\/p>\n<ol>\n<li><strong>Hochaufl\u00f6sende Bildgebung:<\/strong>\u00a0Eine 10-Megapixel-Mikrokamera nimmt detaillierte Bilder Ihrer Haut auf.<\/li>\n<li><strong>Dreispektrale Bildgebung:<\/strong>\u00a0Verwendet drei verschiedene Lichtspektren, um Erkrankungen unter der Hautoberfl\u00e4che sichtbar zu machen.<\/li>\n<li><strong>KI-gest\u00fctzte Analyse:<\/strong>\u00a0Eine intelligente Kern-Engine auf Basis k\u00fcnstlicher Intelligenz analysiert acht wichtige Hautdimensionen und identifiziert spezifische Probleme wie Falten, Pigmentierung, Poren und mehr.<\/li>\n<li><strong>Personalisierte Behandlungspl\u00e4ne:<\/strong>\u00a0Basierend auf der Analyse erstellt das System individuelle Behandlungspl\u00e4ne und empfiehlt professionelle Hautpflegeprodukte, die auf Ihre individuellen Bed\u00fcrfnisse zugeschnitten sind.<\/li>\n<\/ol>\n<h3><img loading=\"lazy\" decoding=\"async\" class=\"magic-21 aligncenter\" src=\"https:\/\/sc04.alicdn.com\/kf\/Had23fe22a052424781d12f7318a4a543X\/247315878\/Had23fe22a052424781d12f7318a4a543X.jpg\" width=\"586\" height=\"330\" data-src=\"\/\/sc04.alicdn.com\/kf\/Had23fe22a052424781d12f7318a4a543X\/247315878\/Had23fe22a052424781d12f7318a4a543X.jpg\" \/><\/h3>\n<h3>Sieben leistungsstarke Technologien, ein innovatives System<\/h3>\n<p>Anschlie\u00dfend f\u00fchrt Smart Ice Blue gezielte Behandlungen durch, indem es sieben fortschrittliche Technologien kombiniert:<\/p>\n<ol>\n<li><strong>Eisk\u00fchlung:<\/strong>\u00a0Beruhigt, repariert und strafft die Haut und bindet gleichzeitig die Feuchtigkeit.<\/li>\n<li><strong>Ultraschallinfusion:<\/strong>\u00a0Verbessert die Produktaufnahme, indem Hautpflegebestandteile tief in die Haut eindringen.<\/li>\n<li><strong>Gold-RF-Therapie:<\/strong>\u00a0Stimuliert die Kollagenproduktion und strafft die Haut durch Radiofrequenzenergie, die \u00fcber eine 24 Karat vergoldete Sonde \u00fcbertragen wird.<\/li>\n<li><strong>Ionischer Spr\u00fchstift:<\/strong>\u00a0Liefert nanozerst\u00e4ubte Hautpflegebestandteile f\u00fcr tiefes Eindringen und optimale Absorption.<\/li>\n<li><strong>Hochfrequenzskalpell:<\/strong>\u00a0Peelt sanft und entfernt Unreinheiten, ohne die Hautbarriere zu sch\u00e4digen.<\/li>\n<li><strong>Ionischer Seifenblasenstift:<\/strong>\u00a0Verbessert den Zellstoffwechsel und die Durchblutung f\u00fcr ein gesundes Strahlen.<\/li>\n<\/ol>\n<h2>Vorteile des Smart Ice Blue Systems<\/h2>\n<h3>Erleben Sie die Transformation<\/h3>\n<p>Diese Komplettl\u00f6sung f\u00fcr die Hautpflege bietet eine Reihe von Vorteilen:<\/p>\n<ul>\n<li><strong>Personalisierte Behandlungen:<\/strong>\u00a0Ma\u00dfgeschneiderte Behandlungen gehen auf Ihre spezifischen Hautprobleme ein, um optimale Ergebnisse zu erzielen.<\/li>\n<li><strong>Nicht-invasiv und sicher:<\/strong>\u00a0Genie\u00dfen Sie ein komfortables Erlebnis ohne Ausfallzeiten.<\/li>\n<li><strong>Multifunktionale Anwendungen:<\/strong>\u00a0Behandeln Sie ein breites Spektrum an Hautproblemen, darunter Alterung, Pigmentierung, Akne und mehr.<\/li>\n<li><strong>Verbesserte Produktaufnahme:<\/strong>\u00a0Maximieren Sie die Wirksamkeit von Hautpflegeprodukten mit Tiefeninfusionstechnologien.<\/li>\n<li><strong>Sichtbare Ergebnisse:<\/strong>\u00a0Erleben Sie einen strahlenderen, glatteren und jugendlicheren Teint.<\/li>\n<\/ul>\n<h2 class=\"p1\"><b>Griffe<\/b><\/h2>\n<p class=\"p3\"><span class=\"s1\"> 1. <\/span><b>Eisk\u00fchlungssonde:<\/b> Kombiniert Halbleiterk\u00fchlung, Luftk\u00fchlung und Hydrok\u00fchlung, um die Temperatur auf -5 \u00b0C zu senken, empfindliche Haut zu beruhigen und zu reparieren, Poren zu verkleinern und Feuchtigkeit und N\u00e4hrstoffe einzuschlie\u00dfen.<\/p>\n<p class=\"p3\"><span class=\"s1\"> 2. <\/span><b>Ultraschall-Importsonde:<\/b> Hochfrequente Ultraschallwellen (1.000.000 Mal\/s) erreichen die Faszienschicht, verteilen Hautpflegewirkstoffe tief in der Haut und f\u00f6rdern die Aufnahme.<\/p>\n<p class=\"p3\"><span class=\"s1\"> 3. <\/span><b>Gold-HF-Sonde:<\/b> Die mit 24 Karat vergoldete HF-Sonde verbessert die Aufnahme von Hautpflegeprodukten, leitet W\u00e4rmeenergie in die unterste Hautschicht, stimuliert die Kollagenvermehrung und baut das Kollagenfasernetzwerk wieder auf.<\/p>\n<p class=\"p3\"><span class=\"s1\"> 4. <\/span><b>Ionischer Spr\u00fchstift:<\/b> Durch Nano-Ultramikro-Zerst\u00e4ubung werden Inhaltsstoffe von Hautpflegeprodukten in Nanomolek\u00fcle zerlegt, um eine tiefe Penetration und N\u00e4hrstoffversorgung zu erm\u00f6glichen.<\/p>\n<p class=\"p3\"><span class=\"s1\"> 5. <\/span><b>Hochfrequenz-Schaufelmesser:<\/b> Hochfrequente Vibrationen (24\u201325\u00a0kHz) entfernen Schmutz, Mitesser, Akne und Make-up-R\u00fcckst\u00e4nde aus den Poren, ohne die Hautbarriere zu besch\u00e4digen.<\/p>\n<p class=\"p3\"><span class=\"s1\"> 6. <\/span><b>Ionischer Seifenblasenstift:<\/b> Mithilfe von 1 bis 3 Millionen Vibrationen dringt die Essenz tief in die Haut ein, massiert sanft die Zellen, regt den Stoffwechsel an, erh\u00f6ht die Zelllebensf\u00e4higkeit und verbessert die Blut- und Lymphzirkulation.<\/p>\n<h2><img loading=\"lazy\" decoding=\"async\" class=\"magic-23 aligncenter\" src=\"https:\/\/sc04.alicdn.com\/kf\/H73e7652001e84b35ac6e72069be3d48dC\/247315878\/H73e7652001e84b35ac6e72069be3d48dC.png\" width=\"546\" height=\"1372\" data-src=\"\/\/sc04.alicdn.com\/kf\/H73e7652001e84b35ac6e72069be3d48dC\/247315878\/H73e7652001e84b35ac6e72069be3d48dC.png\" \/><\/h2>\n<\/div>\n<div class=\"J_module\">\n<div class=\"detail-decorate-json-renderer-container\">\n<div class=\"magic-14\">\n<div class=\"magic-17\">\n<div class=\"magic-18\">\n<div>\n<h2 class=\"p1\"><b>Produkteffekte<\/b><\/h2>\n<p class=\"p3\">Das Smart Ice Blue \u2013 7-in-1-Hautanalysesystem bietet umfassendes Hautmanagement und integriert modernste Technologie f\u00fcr die Gesichtssch\u00f6nheit. Seine fortschrittlichen Funktionen gew\u00e4hrleisten effektive, nicht-invasive Behandlungen, die die Gesundheit und das Aussehen der Haut verbessern, und machen es zu einem unverzichtbaren Werkzeug f\u00fcr Hautpflegeprofis und Sch\u00f6nheitsliebhaber.<\/p>\n<\/div>\n<div class=\"magic-19\"><img decoding=\"async\" class=\"magic-31\" src=\"https:\/\/sc04.alicdn.com\/kf\/H505110bc16ac4170b4230287e6b6bd35a\/247315878\/H505110bc16ac4170b4230287e6b6bd35a.png\" data-src=\"\/\/sc04.alicdn.com\/kf\/H505110bc16ac4170b4230287e6b6bd35a\/247315878\/H505110bc16ac4170b4230287e6b6bd35a.png\" \/><\/div>\n<\/div>\n<\/div>\n<\/div>\n<\/div>\n<\/div>\n<div class=\"J_module\">\n<div class=\"icbu-pc-images magic-5\">\n<div class=\"flex-layout-v\">\n<div class=\"flex-layout-h magic-5\">\n<div class=\"magic-24\">\n<h2><strong>Anpassen Logo<\/strong><\/h2>\n<p>Wollen, machen Ihre Marke stand heraus? Wir bieten angepasst logo Dienstleistungen zu helfen Sie erstellen Sie eine einzigartige und personalisierte logo spiegelt Ihre Marke Identit\u00e4t. Unser team von Experten arbeiten eng mit Ihnen zusammen, um ein logo zu entwerfen, die in Resonanz mit Ihrer Marke und messaging. Egal, ob Sie Umbau Ihres bestehenden Logos oder eine neue erstellen von Grund auf neu, wir haben Sie abgedeckt. <a href=\"\/de\/kontakt\/\">Kontaktieren Sie uns<\/a> heute erfahren Sie mehr \u00fcber unsere ma\u00dfgeschneiderten logo-Service!<\/p>\n<div class=\"J_module\">\n<h2>Abschluss<\/h2>\n<p>Das Smart Ice Blue 7-in-1-Hautanalysesystem steht f\u00fcr eine neue \u00c4ra der personalisierten Hautpflege. Dieses revolution\u00e4re Ger\u00e4t kombiniert fortschrittliche Hautanalyse mit multifunktionalen Behandlungen und erm\u00f6glicht Ihnen, die beste Haut Ihres Lebens zu erreichen.<\/p>\n<\/div>\n<\/div>\n<\/div>\n<\/div>\n<\/div>\n<\/div>","protected":false},"excerpt":{"rendered":"<p>Erleben Sie personalisierte Hautpflege mit dem Smart Ice Blue 7-in-1-Hautanalysesystem! Dieses revolution\u00e4re Ger\u00e4t analysiert Ihre Haut und liefert ma\u00dfgeschneiderte Behandlungen f\u00fcr optimale Ergebnisse. Erreichen Sie noch heute Ihren Traumteint!<\/p>","protected":false},"featured_media":1501,"comment_status":"open","ping_status":"closed","template":"","meta":{"_kad_post_transparent":"default","_kad_post_title":"","_kad_post_layout":"default","_kad_post_sidebar_id":"","_kad_post_content_style":"default","_kad_post_vertical_padding":"default","_kad_post_feature":"","_kad_post_feature_position":"","_kad_post_header":false,"_kad_post_footer":false,"_kad_post_classname":"","rank_math_title":"","rank_math_description":"","rank_math_focus_keyword":""},"product_brand":[],"product_cat":[32],"product_tag":[],"class_list":{"0":"post-1482","1":"product","2":"type-product","3":"status-publish","4":"has-post-thumbnail","6":"product_cat-skin-analyzer","8":"first","9":"instock","10":"shipping-taxable","11":"product-type-simple","12":"entry","13":"content-bg","14":"loop-entry"},"_links":{"self":[{"href":"https:\/\/skbty.com\/de\/wp-json\/wp\/v2\/product\/1482","targetHints":{"allow":["GET"]}}],"collection":[{"href":"https:\/\/skbty.com\/de\/wp-json\/wp\/v2\/product"}],"about":[{"href":"https:\/\/skbty.com\/de\/wp-json\/wp\/v2\/types\/product"}],"replies":[{"embeddable":true,"href":"https:\/\/skbty.com\/de\/wp-json\/wp\/v2\/comments?post=1482"}],"wp:featuredmedia":[{"embeddable":true,"href":"https:\/\/skbty.com\/de\/wp-json\/wp\/v2\/media\/1501"}],"wp:attachment":[{"href":"https:\/\/skbty.com\/de\/wp-json\/wp\/v2\/media?parent=1482"}],"wp:term":[{"taxonomy":"product_brand","embeddable":true,"href":"https:\/\/skbty.com\/de\/wp-json\/wp\/v2\/product_brand?post=1482"},{"taxonomy":"product_cat","embeddable":true,"href":"https:\/\/skbty.com\/de\/wp-json\/wp\/v2\/product_cat?post=1482"},{"taxonomy":"product_tag","embeddable":true,"href":"https:\/\/skbty.com\/de\/wp-json\/wp\/v2\/product_tag?post=1482"}],"curies":[{"name":"wp","href":"https:\/\/api.w.org\/{rel}","templated":true}]}}