{"id":1562,"date":"2023-06-06T14:11:20","date_gmt":"2023-06-06T06:11:20","guid":{"rendered":"https:\/\/skbty.com\/?post_type=product&#038;p=1562"},"modified":"2024-06-26T16:36:22","modified_gmt":"2024-06-26T08:36:22","slug":"pe-gesicht-ems-rf-gesicht-schonheit-maschine","status":"publish","type":"product","link":"https:\/\/skbty.com\/de\/product\/pe-gesicht-ems-rf-gesicht-schonheit-maschine\/","title":{"rendered":"PE-Face EMS RF Gesichtssch\u00f6nheitsmaschine"},"content":{"rendered":"<div class=\"J_module\">\n<div class=\"detail-decorate-json-renderer-container\">\n<div class=\"magic-2\">\n<div class=\"magic-3\">\n<div class=\"magic-4\">\n<div class=\"magic-5\">\n<h1 class=\"p1\"><b>PE-Face EMS RF Gesichtssch\u00f6nheitsmaschine<\/b><\/h1>\n<p class=\"p3\">Die <b>PE-Face EMS RF Gesichtssch\u00f6nheitsmaschine<\/b> ist ein innovatives Ger\u00e4t zum Anheben und Straffen der Haut, zur Beseitigung von Falten und zur Regeneration von Kollagen und Elastin. Durch die Kombination synchronisierter W\u00e4rmeenergie und hochintensiver Pulsmagnettechnologie erm\u00f6glicht dieses Ger\u00e4t effektive Gesichtsbehandlungen, die die Hautelastizit\u00e4t und den Muskeltonus verbessern.<\/p>\n<table style=\"border-collapse: collapse; width: 100%;\">\n<tbody>\n<tr>\n<td style=\"width: 50%;\"><img loading=\"lazy\" decoding=\"async\" class=\"magic-9 alignnone\" title=\"PE-Face EMS RF Gesichtssch\u00f6nheitsmaschine\" src=\"https:\/\/sc04.alicdn.com\/kf\/H5ad99aecfc28484d8163adb6eacef978r\/247315878\/H5ad99aecfc28484d8163adb6eacef978r.jpg\" alt=\"PE-Face EMS RF Gesichtssch\u00f6nheitsmaschine\" width=\"606\" height=\"348\" data-src=\"\/\/sc04.alicdn.com\/kf\/H5ad99aecfc28484d8163adb6eacef978r\/247315878\/H5ad99aecfc28484d8163adb6eacef978r.jpg\" \/><\/td>\n<td style=\"width: 50%;\"><img loading=\"lazy\" decoding=\"async\" class=\"magic-11 aligncenter\" title=\"PE-Face EMS RF Gesichtssch\u00f6nheitsmaschine\" src=\"https:\/\/sc04.alicdn.com\/kf\/H239436e7ca364f6c8a4cb7f78a8116c6r\/247315878\/H239436e7ca364f6c8a4cb7f78a8116c6r.png\" alt=\"PE-Face EMS RF Gesichtssch\u00f6nheitsmaschine\" width=\"327\" height=\"274\" data-src=\"\/\/sc04.alicdn.com\/kf\/H239436e7ca364f6c8a4cb7f78a8116c6r\/247315878\/H239436e7ca364f6c8a4cb7f78a8116c6r.png\" \/><\/td>\n<\/tr>\n<\/tbody>\n<\/table>\n<h2 class=\"p4\"><b>Funktionsprinzip<\/b><\/h2>\n<p class=\"p3\">Das Ger\u00e4t funktioniert durch die Synchronisierung von W\u00e4rmeenergie zur Erw\u00e4rmung der Dermis, wodurch die Kollagenproduktion gesteigert wird, die Hautelastizit\u00e4t wiederhergestellt und Falten reduziert werden. Hochintensive pulsierende Magnettechnologie stimuliert die Muskeln und bewirkt, dass sie sich gezielt zusammenziehen. Dies erh\u00f6ht die Muskelintensit\u00e4t und -qualit\u00e4t und erzielt den gew\u00fcnschten Lifting- und Straffungseffekt. Die kombinierten Technologien in einem Pad liften und festigen das Gesicht effektiv, entfernen Falten und regenerieren die Haut.<\/p>\n<table style=\"border-collapse: collapse; width: 100%;\">\n<tbody>\n<tr>\n<td style=\"width: 50%;\"><img loading=\"lazy\" decoding=\"async\" class=\"magic-18 alignnone\" title=\"PE-Face EMS RF Gesichtssch\u00f6nheitsmaschine\" src=\"https:\/\/sc04.alicdn.com\/kf\/H9773b01ba73946a1b05ea84f034fde67a\/247315878\/H9773b01ba73946a1b05ea84f034fde67a.png\" alt=\"PE-Face EMS RF Gesichtssch\u00f6nheitsmaschine\" width=\"606\" height=\"485\" data-src=\"\/\/sc04.alicdn.com\/kf\/H9773b01ba73946a1b05ea84f034fde67a\/247315878\/H9773b01ba73946a1b05ea84f034fde67a.png\" \/><\/td>\n<td style=\"width: 50%;\"><img loading=\"lazy\" decoding=\"async\" class=\"magic-18 alignnone\" title=\"PE-Face EMS RF Gesichtssch\u00f6nheitsmaschine\" src=\"https:\/\/sc04.alicdn.com\/kf\/H80db036aa0ac4b5488a43f131e259d3aY\/247315878\/H80db036aa0ac4b5488a43f131e259d3aY.png\" alt=\"PE-Face EMS RF Gesichtssch\u00f6nheitsmaschine\" width=\"616\" height=\"493\" data-src=\"\/\/sc04.alicdn.com\/kf\/H80db036aa0ac4b5488a43f131e259d3aY\/247315878\/H80db036aa0ac4b5488a43f131e259d3aY.png\" \/><\/td>\n<\/tr>\n<\/tbody>\n<\/table>\n<h2 class=\"p4\"><b>Hauptmerkmale<\/b><\/h2>\n<h3 class=\"p5\"><b>Hautstraffung und Straffung<\/b><\/h3>\n<p class=\"p3\">Das Ger\u00e4t strafft und festigt die Haut wirksam und sorgt f\u00fcr ein jugendlicheres Aussehen.<\/p>\n<h3 class=\"p5\"><b>Faltenentfernung<\/b><\/h3>\n<p class=\"p3\">Es entfernt Falten, indem es die Kollagenproduktion und die Hautelastizit\u00e4t steigert.<\/p>\n<h3 class=\"p5\"><b>Muskelaufbau<\/b><\/h3>\n<p class=\"p3\">Durch die Stimulation der Muskulatur werden Muskeltonus und Elastizit\u00e4t verbessert.<\/p>\n<h3 class=\"p5\"><b>Regeneriert Elastin und Kollagen<\/b><\/h3>\n<p class=\"p3\">Die Technologie f\u00f6rdert die Regeneration von Elastin und Kollagen und verbessert so die Hautstruktur und -festigkeit.<\/p>\n<table style=\"border-collapse: collapse; width: 100%;\">\n<tbody>\n<tr>\n<td style=\"width: 50%;\"><img loading=\"lazy\" decoding=\"async\" class=\"magic-20 alignnone\" title=\"PE-Face EMS RF Gesichtssch\u00f6nheitsmaschine\" src=\"https:\/\/sc04.alicdn.com\/kf\/Hfbd4e68780ad488b9aec64b19e02dbfcv\/247315878\/Hfbd4e68780ad488b9aec64b19e02dbfcv.png\" alt=\"PE-Face EMS RF Gesichtssch\u00f6nheitsmaschine\" width=\"488\" height=\"275\" data-src=\"\/\/sc04.alicdn.com\/kf\/Hfbd4e68780ad488b9aec64b19e02dbfcv\/247315878\/Hfbd4e68780ad488b9aec64b19e02dbfcv.png\" \/><\/td>\n<td style=\"width: 50%;\"><img loading=\"lazy\" decoding=\"async\" class=\"magic-22 aligncenter\" title=\"PE-Face EMS RF Gesichtssch\u00f6nheitsmaschine\" src=\"https:\/\/sc04.alicdn.com\/kf\/H46ab1b157973423090c9266e20c92aebt\/247315878\/H46ab1b157973423090c9266e20c92aebt.png\" alt=\"PE-Face EMS RF Gesichtssch\u00f6nheitsmaschine\" width=\"339\" height=\"272\" data-src=\"\/\/sc04.alicdn.com\/kf\/H46ab1b157973423090c9266e20c92aebt\/247315878\/H46ab1b157973423090c9266e20c92aebt.png\" \/><\/td>\n<\/tr>\n<\/tbody>\n<\/table>\n<h2 class=\"p4\"><b>Technische Daten<\/b><\/h2>\n<ul>\n<li class=\"p6\"><b>Typ:<\/b> EMS RF Gesichtssch\u00f6nheitsmaschine<\/li>\n<li class=\"p6\"><b>Leistung:<\/b> \u226426W<\/li>\n<li class=\"p6\"><b>Technologie:<\/b> Hochintensiver Pulsmagnet, Sync-W\u00e4rmeenergie, RF, EMS<\/li>\n<li class=\"p6\"><b>Pad-Menge:<\/b> 3 Pads<\/li>\n<li class=\"p6\"><b>Anzeige:<\/b> 15,6-Zoll-Touchscreen<\/li>\n<li class=\"p6\"><b>Elektronische Versorgung:<\/b> Wechselstrom 110\u2013240\u00a0V, 50\u00a0Hz\/60\u00a0Hz<\/li>\n<li class=\"p6\"><b>EMS Energie:<\/b> 0\u20133\u00a0T<\/li>\n<li class=\"p6\"><b>Impuls:<\/b> 200us<\/li>\n<li class=\"p6\"><b>HF-Frequenz:<\/b> 1 MHz<\/li>\n<li class=\"p6\"><b>Gewicht:<\/b> 51,7 kg<\/li>\n<li class=\"p6\"><b>Gr\u00f6\u00dfe:<\/b> 370-fach<i>570x<\/i>900 (mm)<\/li>\n<\/ul>\n<h2><img loading=\"lazy\" decoding=\"async\" class=\"magic-13 aligncenter\" title=\"PE-Face EMS RF Gesichtssch\u00f6nheitsmaschine\" src=\"https:\/\/sc04.alicdn.com\/kf\/He1b57364359e4db694b0025c81ebeb8ej\/247315878\/He1b57364359e4db694b0025c81ebeb8ej.png\" alt=\"PE-Face EMS RF Gesichtssch\u00f6nheitsmaschine\" width=\"448\" height=\"357\" data-src=\"\/\/sc04.alicdn.com\/kf\/He1b57364359e4db694b0025c81ebeb8ej\/247315878\/He1b57364359e4db694b0025c81ebeb8ej.png\" \/><\/h2>\n<h2 class=\"p4\"><b>Technischer Vorteil<\/b><\/h2>\n<h3 class=\"p5\"><b>Zwei Therapien in einem Eingriff<\/b><\/h3>\n<p class=\"p3\">Das Ger\u00e4t kombiniert synchronisierte RF- und HI-EMS-Energien zur gleichzeitigen Behandlung der Gesichtshaut und der Muskeln.<\/p>\n<h3 class=\"p5\"><b>Nicht-invasiv, schmerzlos, nadelfrei<\/b><\/h3>\n<p class=\"p3\">Der Eingriff ist v\u00f6llig nicht-invasiv und erfordert keine Ausfallzeit. Dadurch ist er schmerzfrei und angenehm.<\/p>\n<h3 class=\"p5\"><b>Vorteile der Gesichtsbehandlung<\/b><\/h3>\n<ul>\n<li class=\"p6\"><b>Faltenreduzierung:<\/b> Reduziert wirksam Gesichtsfalten in den behandelten Bereichen.<\/li>\n<li class=\"p6\"><b>Erh\u00f6hter Muskeltonus:<\/b> Verbessert den Muskeltonus und die Muskeldichte.<\/li>\n<li class=\"p6\"><b>Verbessertes Gesichtslifting:<\/b> Strafft das Gesicht deutlich und steigert die Kollagenproduktion.<\/li>\n<li class=\"p6\"><b>Elastinproduktion:<\/b> Verdoppelt die Elastinproduktion und verbessert die Elastizit\u00e4t und Festigkeit der Haut.<\/li>\n<\/ul>\n<h3><img loading=\"lazy\" decoding=\"async\" class=\"magic-30 aligncenter\" title=\"PE-Face EMS RF Gesichtssch\u00f6nheitsmaschine\" src=\"https:\/\/sc04.alicdn.com\/kf\/Ha2d3d232bcd54126800a1c581d23476eH\/247315878\/Ha2d3d232bcd54126800a1c581d23476eH.png\" alt=\"PE-Face EMS RF Gesichtssch\u00f6nheitsmaschine\" width=\"471\" height=\"350\" data-src=\"\/\/sc04.alicdn.com\/kf\/Ha2d3d232bcd54126800a1c581d23476eH\/247315878\/Ha2d3d232bcd54126800a1c581d23476eH.png\" \/><\/h3>\n<h3 class=\"p5\"><b>Freih\u00e4ndiger Betrieb<\/b><\/h3>\n<p class=\"p3\">Sobald die Applikatoren angebracht sind, l\u00e4uft der Vorgang selbstst\u00e4ndig ab und erm\u00f6glicht so eine sorgenfreie Behandlung.<\/p>\n<h3 class=\"p5\"><b>Schnell und effizient<\/b><\/h3>\n<p class=\"p3\">Die Behandlung des gesamten Gesichts dauert nur 20 Minuten und ist somit ein angenehmer und benutzerfreundlicher Vorgang.<\/p>\n<h3 class=\"p4\"><b>Effekte verwenden<\/b><\/h3>\n<p class=\"p3\">Das PE-Face EMS RF Face Beauty Machine bietet eine umfassende L\u00f6sung f\u00fcr alle, die ihr Aussehen ohne invasive Eingriffe verbessern m\u00f6chten. Seine fortschrittlichen Technologien sorgen f\u00fcr ein effektives Lifting, Straffung der Haut, Faltenentfernung und Muskelaufbau und sorgen f\u00fcr sichtbare Ergebnisse in kurzer Zeit.<\/p>\n<h2><img loading=\"lazy\" decoding=\"async\" class=\"magic-32 aligncenter\" title=\"PE-Face EMS RF Gesichtssch\u00f6nheitsmaschine\" src=\"https:\/\/sc04.alicdn.com\/kf\/H7d7f15a834ba430c9084ba75d1c9bae3Z\/247315878\/H7d7f15a834ba430c9084ba75d1c9bae3Z.jpg\" alt=\"PE-Face EMS RF Gesichtssch\u00f6nheitsmaschine\" width=\"540\" height=\"496\" data-src=\"\/\/sc04.alicdn.com\/kf\/H7d7f15a834ba430c9084ba75d1c9bae3Z\/247315878\/H7d7f15a834ba430c9084ba75d1c9bae3Z.jpg\" \/><\/h2>\n<\/div>\n<\/div>\n<\/div>\n<\/div>\n<\/div>\n<\/div>\n<div class=\"J_module\">\n<div class=\"detail-decorate-json-renderer-container\">\n<div class=\"magic-2\">\n<div class=\"magic-3\">\n<div class=\"magic-4\">\n<div class=\"magic-5\">\n<div>\n<div><\/div>\n<\/div>\n<\/div>\n<\/div>\n<\/div>\n<\/div>\n<\/div>\n<\/div>\n<div class=\"J_module\">\n<div class=\"detail-decorate-json-renderer-container\">\n<div class=\"magic-2\">\n<div class=\"magic-3\">\n<div class=\"magic-4\">\n<div class=\"magic-5\">\n<div>\n<h2><strong>Anpassen Logo<\/strong><\/h2>\n<p>Wollen, machen Ihre Marke stand heraus? Wir bieten angepasst logo Dienstleistungen zu helfen Sie erstellen Sie eine einzigartige und personalisierte logo spiegelt Ihre Marke Identit\u00e4t. Unser team von Experten arbeiten eng mit Ihnen zusammen, um ein logo zu entwerfen, die in Resonanz mit Ihrer Marke und messaging. Egal, ob Sie Umbau Ihres bestehenden Logos oder eine neue erstellen von Grund auf neu, wir haben Sie abgedeckt. <a href=\"\/de\/kontakt\/\">Kontaktieren Sie uns<\/a> heute erfahren Sie mehr \u00fcber unsere ma\u00dfgeschneiderten logo-Service!<\/p>\n<\/div>\n<\/div>\n<\/div>\n<\/div>\n<\/div>\n<\/div>\n<\/div>\n<div id=\"haloword-lookup\" class=\"ui-widget-content ui-draggable\" style=\"position: relative;\">\n<div id=\"haloword-title\">\n<div id=\"haloword-control-container\"><\/div>\n<\/div>\n<div id=\"haloword-content\"><\/div>\n<\/div>","protected":false},"excerpt":{"rendered":"<p class=\"p1\">Definieren Sie Ihre Gesichtskonturen neu mit der PE-Face EMS RF Face Beauty Machine! Dieses fortschrittliche Ger\u00e4t kombiniert HIFEM, RF, EMS und W\u00e4rmeenergie f\u00fcr ultimative Hautstraffung, Faltenreduzierung und Muskelaufbau \u2013 alles ohne Nadeln oder Ausfallzeiten!<\/p>","protected":false},"featured_media":1549,"comment_status":"open","ping_status":"closed","template":"","meta":{"_kad_post_transparent":"default","_kad_post_title":"","_kad_post_layout":"default","_kad_post_sidebar_id":"","_kad_post_content_style":"default","_kad_post_vertical_padding":"default","_kad_post_feature":"","_kad_post_feature_position":"","_kad_post_header":false,"_kad_post_footer":false,"_kad_post_classname":"","rank_math_title":"","rank_math_description":"","rank_math_focus_keyword":""},"product_brand":[],"product_cat":[31],"product_tag":[],"class_list":{"0":"post-1562","1":"product","2":"type-product","3":"status-publish","4":"has-post-thumbnail","6":"product_cat-body-slimming","8":"first","9":"instock","10":"shipping-taxable","11":"product-type-simple","12":"entry","13":"content-bg","14":"loop-entry"},"_links":{"self":[{"href":"https:\/\/skbty.com\/de\/wp-json\/wp\/v2\/product\/1562","targetHints":{"allow":["GET"]}}],"collection":[{"href":"https:\/\/skbty.com\/de\/wp-json\/wp\/v2\/product"}],"about":[{"href":"https:\/\/skbty.com\/de\/wp-json\/wp\/v2\/types\/product"}],"replies":[{"embeddable":true,"href":"https:\/\/skbty.com\/de\/wp-json\/wp\/v2\/comments?post=1562"}],"wp:featuredmedia":[{"embeddable":true,"href":"https:\/\/skbty.com\/de\/wp-json\/wp\/v2\/media\/1549"}],"wp:attachment":[{"href":"https:\/\/skbty.com\/de\/wp-json\/wp\/v2\/media?parent=1562"}],"wp:term":[{"taxonomy":"product_brand","embeddable":true,"href":"https:\/\/skbty.com\/de\/wp-json\/wp\/v2\/product_brand?post=1562"},{"taxonomy":"product_cat","embeddable":true,"href":"https:\/\/skbty.com\/de\/wp-json\/wp\/v2\/product_cat?post=1562"},{"taxonomy":"product_tag","embeddable":true,"href":"https:\/\/skbty.com\/de\/wp-json\/wp\/v2\/product_tag?post=1562"}],"curies":[{"name":"wp","href":"https:\/\/api.w.org\/{rel}","templated":true}]}}