{"id":1614,"date":"2023-06-06T17:01:53","date_gmt":"2023-06-06T09:01:53","guid":{"rendered":"https:\/\/skbty.com\/?post_type=product&#038;p=1614"},"modified":"2024-06-26T16:10:15","modified_gmt":"2024-06-26T08:10:15","slug":"kleines-desktop-gerat-zur-tattooentfernung-mit-pikosekundenlaser","status":"publish","type":"product","link":"https:\/\/skbty.com\/de\/product\/kleines-desktop-gerat-zur-tattooentfernung-mit-pikosekundenlaser\/","title":{"rendered":"Kleines Pikosekundenlaser-Tattooentfernungsger\u00e4t f\u00fcr den Schreibtisch"},"content":{"rendered":"<div class=\"J_module\">\n<div class=\"icbu-pc-images magic-8\">\n<div class=\"flex-layout-h\">\n<div class=\"text-wrapper magic-9\">\n<div class=\"text-wrapper-left text-theme-light text-align-left\" data-spm-anchor-id=\"a2700.details.0.i35.8f875a66JkJuxO\">\n<div class=\"J_module\">\n<div class=\"detail-decorate-json-renderer-container\">\n<div class=\"magic-1\">\n<h3>Was ist die <strong>Ger\u00e4t zur Tattooentfernung mit Pikosekundenlaser?<\/strong><\/h3>\n<p><strong>Pikosekundenlaser-Tattooentfernungsger\u00e4t<\/strong> ist ein fortschrittliches Ger\u00e4t zum Entfernen von T\u00e4towierungen mit ultrakurzen Pulszeiten (nur 375\u2013450 Pikosekunden). Diese Geschwindigkeit \u00fcbertrifft die Pikosekunden des PICOSURE Honeycomb und erm\u00f6glicht eine h\u00f6here Energiespitze, die Pigmentpartikel durch den \u201ePhotoshock-Effekt\u201c effektiv entfernt. Die ultrakurze Pulsbreite minimiert die W\u00e4rmeumwandlung, reduziert Sch\u00e4den am umliegenden Gewebe, verk\u00fcrzt die postoperative Genesung und vermeidet Nebenwirkungen wie Anti-Black. Seine einzigartige holografische Fokussierungssonde verst\u00e4rkt die Energie bis zu 22-mal und verbessert so die Pigmentaufl\u00f6sung.<\/p>\n<\/div>\n<div class=\"magic-1\">\n<h3>Prinzip<\/h3>\n<p>Die <strong>Pikosekundenlaser-Tattooentfernungsger\u00e4t<\/strong> arbeitet mit ultrakurzen Pulsdauern und ist damit deutlich schneller als herk\u00f6mmliche Laser zur Tattooentfernung. Diese hohe Geschwindigkeit erzeugt sofort einen h\u00f6heren Energiepeak, der Pigmentpartikel effektiv durch den \u201ePhotoshock-Effekt\u201c entfernt. Die ultrakurze Pulsbreite sorgt f\u00fcr minimale W\u00e4rmeumwandlung, reduziert Sch\u00e4den am umliegenden Gewebe, verk\u00fcrzt Erholungszeiten, vermeidet Nebenwirkungen wie Anti-Black und reduziert die Anzahl der erforderlichen Behandlungen. Dar\u00fcber hinaus verst\u00e4rkt die einzigartige holografische Fokussierungssonde die Energie um das 22-fache und verbessert so die Aufl\u00f6sung der Pigmente.<\/p>\n<p><img loading=\"lazy\" decoding=\"async\" class=\"aligncenter wp-image-2823\" title=\"Tattooentfernung mit Pikosekundenlaser\" src=\"https:\/\/skbty.com\/wp-content\/uploads\/2024\/01\/WX20240619-1530052x-832x1024.jpg\" alt=\" Pikosekundenlaser-Tattooentfernungsmaschine\" width=\"500\" height=\"615\" data-wp-pid=\"2823\" srcset=\"https:\/\/skbty.com\/wp-content\/uploads\/2024\/01\/WX20240619-1530052x-832x1024.jpg 832w, https:\/\/skbty.com\/wp-content\/uploads\/2024\/01\/WX20240619-1530052x-244x300.jpg 244w, https:\/\/skbty.com\/wp-content\/uploads\/2024\/01\/WX20240619-1530052x-768x945.jpg 768w, https:\/\/skbty.com\/wp-content\/uploads\/2024\/01\/WX20240619-1530052x-600x738.jpg 600w, https:\/\/skbty.com\/wp-content\/uploads\/2024\/01\/WX20240619-1530052x.jpg 1110w\" sizes=\"auto, (max-width: 500px) 100vw, 500px\" \/><\/p>\n<h3>Eigenschaften und Vorteile<\/h3>\n<ol>\n<li><strong>Ultrakurze Pulsdauer<\/strong>: Mit Pulszeiten von nur 375\u2013450 Pikosekunden entfernt das Ger\u00e4t Pigmentpartikel effektiver.<\/li>\n<li><strong>Hoher Energiepeak<\/strong>: Erzeugt sofort h\u00f6here Energiespitzen f\u00fcr eine sauberere Pigmententfernung.<\/li>\n<li><strong>Minimaler Gewebeschaden<\/strong>: Die ultrakurze Impulsbreite minimiert die W\u00e4rmeumwandlung und verringert die Sch\u00e4digung des umliegenden Gewebes.<\/li>\n<li><strong>Verk\u00fcrzte Erholungsphase<\/strong>: Schnellere postoperative Genesung mit weniger Nebenwirkungen.<\/li>\n<li><strong>Reduzierte Behandlungssitzungen<\/strong>: Dank effektiver Pigmentaufl\u00f6sung sind weniger Sitzungen erforderlich.<\/li>\n<li><strong>Verbesserte Pigmentaufl\u00f6sung<\/strong>: Einzigartige holografische Fokussierungssonde verst\u00e4rkt die Energie um das bis zu 22-fache f\u00fcr eine bessere Pigmententfernung.<\/li>\n<\/ol>\n<h3><img loading=\"lazy\" decoding=\"async\" class=\"magic-21 aligncenter\" src=\"https:\/\/sc04.alicdn.com\/kf\/He3e4afe14ac24097bb41413b1a5d16ecd\/247315878\/He3e4afe14ac24097bb41413b1a5d16ecd.png\" width=\"533\" height=\"397\" data-src=\"\/\/sc04.alicdn.com\/kf\/He3e4afe14ac24097bb41413b1a5d16ecd\/247315878\/He3e4afe14ac24097bb41413b1a5d16ecd.png\" \/><\/h3>\n<h3>Anwendungen<\/h3>\n<ul>\n<li><strong>Tattooentfernung<\/strong>: Entfernt effektiv T\u00e4towierungen verschiedener Farben und Tiefen.<\/li>\n<li><strong>Pigmententfernung<\/strong>: L\u00f6st unerw\u00fcnschte Pigmente in der Haut auf.<\/li>\n<li><strong>Hautverj\u00fcngung<\/strong>: Verbessert die allgemeine Hautstruktur und das Erscheinungsbild.<\/li>\n<\/ul>\n<\/div>\n<\/div>\n<\/div>\n<div class=\"J_module\">\n<div class=\"icbu-pc-detailManyImage magic-13\">\n<h3>Funktionen<\/h3>\n<ol>\n<li>Flecken entfernen<\/li>\n<li>Tattooentfernung<\/li>\n<li>Leichte Narbenbehandlung<\/li>\n<li>Haarentfernung<\/li>\n<li>Hautverj\u00fcngung<\/li>\n<\/ol>\n<div>\n<table style=\"border-collapse: collapse; width: 100%;\">\n<tbody>\n<tr>\n<td style=\"width: 50%;\"><img loading=\"lazy\" decoding=\"async\" class=\"aligncenter wp-image-2824\" title=\"Tattooentfernung mit Pikosekundenlaser\" src=\"https:\/\/skbty.com\/wp-content\/uploads\/2024\/01\/WX20240619-1531072x-764x1024.jpg\" alt=\" Pikosekundenlaser-Tattooentfernungsmaschine\" width=\"323\" height=\"433\" data-wp-pid=\"2824\" srcset=\"https:\/\/skbty.com\/wp-content\/uploads\/2024\/01\/WX20240619-1531072x-764x1024.jpg 764w, https:\/\/skbty.com\/wp-content\/uploads\/2024\/01\/WX20240619-1531072x-224x300.jpg 224w, https:\/\/skbty.com\/wp-content\/uploads\/2024\/01\/WX20240619-1531072x-768x1029.jpg 768w, https:\/\/skbty.com\/wp-content\/uploads\/2024\/01\/WX20240619-1531072x-600x804.jpg 600w, https:\/\/skbty.com\/wp-content\/uploads\/2024\/01\/WX20240619-1531072x.jpg 1118w\" sizes=\"auto, (max-width: 323px) 100vw, 323px\" \/><\/td>\n<td style=\"width: 50%;\"><img decoding=\"async\" class=\"magic-30 aligncenter\" src=\"https:\/\/sc04.alicdn.com\/kf\/H66380961817f4532b0a22c6c8b4abf39Z\/247315878\/H66380961817f4532b0a22c6c8b4abf39Z.png\" data-src=\"\/\/sc04.alicdn.com\/kf\/H66380961817f4532b0a22c6c8b4abf39Z\/247315878\/H66380961817f4532b0a22c6c8b4abf39Z.png\" \/><\/td>\n<\/tr>\n<\/tbody>\n<\/table>\n<p>&nbsp;<\/p>\n<\/div>\n<div class=\"magic-16\">\n<h3><strong>Anpassen Logo<\/strong><\/h3>\n<p>Wollen, machen Ihre Marke stand heraus? Wir bieten angepasst logo Dienstleistungen zu helfen Sie erstellen Sie eine einzigartige und personalisierte logo spiegelt Ihre Marke Identit\u00e4t. Unser team von Experten arbeiten eng mit Ihnen zusammen, um ein logo zu entwerfen, die in Resonanz mit Ihrer Marke und messaging. Egal, ob Sie Umbau Ihres bestehenden Logos oder eine neue erstellen von Grund auf neu, wir haben Sie abgedeckt. <a href=\"\/de\/kontakt\/\">Kontaktieren Sie uns<\/a> heute erfahren Sie mehr \u00fcber unsere ma\u00dfgeschneiderten logo-Service!<\/p>\n<\/div>\n<div class=\"magic-16\"><\/div>\n<\/div>\n<\/div>\n<\/div>\n<\/div>\n<\/div>\n<\/div>\n<\/div>\n<div class=\"J_module\">\n<div class=\"icbu-pc-images magic-8\">\n<div class=\"flex-layout-v\">\n<div class=\"flex-layout-h magic-8\">\n<div class=\"magic-33\"><\/div>\n<\/div>\n<\/div>\n<\/div>\n<\/div>","protected":false},"excerpt":{"rendered":"<div><span style=\"font-family: Tahoma;\">Der Pikosekundenlaser verwendet einen sehr kurzen Impulsausgangsmodus. Anstelle von leichten mechanischen Sto\u00dfwellen werden Pigmente durch fokussierte Energie in feine K\u00f6rner zertr\u00fcmmert, die leichter vom Stoffwechsel des K\u00f6rpers aufgenommen werden k\u00f6nnen. Der Pikosekundenlaser minimiert die Nebenwirkungen der thermischen Wirkung und kann fast alle Arten von Pigmentflecken beseitigen. Er ist besser als herk\u00f6mmliche Laser.<\/span><\/div>\n<p><span style=\"font-family: Tahoma;\">Durch das Prinzip der selektiven Optik durchdringt es den Ausdruck und wirkt sofort auf die wirklich erkrankten Hautpigmente, zerkleinert sie und entfernt dann die Pigmente durch die Stoffwechselzellen des K\u00f6rpers aus dem K\u00f6rper, ohne die Sommersprossenentfernung des umgebenden normalen Gewebes zu beeintr\u00e4chtigen.<\/span><\/p>","protected":false},"featured_media":1633,"comment_status":"open","ping_status":"closed","template":"","meta":{"_kad_post_transparent":"default","_kad_post_title":"","_kad_post_layout":"default","_kad_post_sidebar_id":"","_kad_post_content_style":"default","_kad_post_vertical_padding":"default","_kad_post_feature":"","_kad_post_feature_position":"","_kad_post_header":false,"_kad_post_footer":false,"_kad_post_classname":"","rank_math_title":"","rank_math_description":"","rank_math_focus_keyword":""},"product_brand":[],"product_cat":[29],"product_tag":[],"class_list":{"0":"post-1614","1":"product","2":"type-product","3":"status-publish","4":"has-post-thumbnail","6":"product_cat-pico-laser","8":"first","9":"instock","10":"shipping-taxable","11":"product-type-simple","12":"entry","13":"content-bg","14":"loop-entry"},"_links":{"self":[{"href":"https:\/\/skbty.com\/de\/wp-json\/wp\/v2\/product\/1614","targetHints":{"allow":["GET"]}}],"collection":[{"href":"https:\/\/skbty.com\/de\/wp-json\/wp\/v2\/product"}],"about":[{"href":"https:\/\/skbty.com\/de\/wp-json\/wp\/v2\/types\/product"}],"replies":[{"embeddable":true,"href":"https:\/\/skbty.com\/de\/wp-json\/wp\/v2\/comments?post=1614"}],"wp:featuredmedia":[{"embeddable":true,"href":"https:\/\/skbty.com\/de\/wp-json\/wp\/v2\/media\/1633"}],"wp:attachment":[{"href":"https:\/\/skbty.com\/de\/wp-json\/wp\/v2\/media?parent=1614"}],"wp:term":[{"taxonomy":"product_brand","embeddable":true,"href":"https:\/\/skbty.com\/de\/wp-json\/wp\/v2\/product_brand?post=1614"},{"taxonomy":"product_cat","embeddable":true,"href":"https:\/\/skbty.com\/de\/wp-json\/wp\/v2\/product_cat?post=1614"},{"taxonomy":"product_tag","embeddable":true,"href":"https:\/\/skbty.com\/de\/wp-json\/wp\/v2\/product_tag?post=1614"}],"curies":[{"name":"wp","href":"https:\/\/api.w.org\/{rel}","templated":true}]}}