{"id":1629,"date":"2023-06-08T17:56:36","date_gmt":"2023-06-08T09:56:36","guid":{"rendered":"https:\/\/skbty.com\/?post_type=product&#038;p=1629"},"modified":"2024-06-26T15:44:22","modified_gmt":"2024-06-26T07:44:22","slug":"1-3-wellenlangen-diodenlaser-haarentfernungsgerat","status":"publish","type":"product","link":"https:\/\/skbty.com\/de\/product\/1-3-wellenlangen-diodenlaser-haarentfernungsgerat\/","title":{"rendered":"808 nm\/755 nm\/1064 nm Diodenlaser-Haarentfernungsger\u00e4t"},"content":{"rendered":"<div class=\"J_module\">\n<div data-section=\"AliMagic-a1bmbn\" data-section-title=\"Products Description\" data-spm-anchor-id=\"a2700.details.0.i55.14d678446aVIYH\">\n<div>\n<div>\n<h2>808 nm\/755 nm\/1064 nm Diodenlaser-Haarentfernungsger\u00e4t: Erreichen Sie glatte, haarfreie Haut mit beispiellosem Komfort<\/h2>\n<h2>Einf\u00fchrung<\/h2>\n<p>Erleben Sie den Goldstandard in der Laser-Haarentfernung mit dem fortschrittlichen 808 nm\/755 nm\/1064 nm Diodenlaser-Haarentfernungsger\u00e4t. Dieses hochmoderne Ger\u00e4t nutzt die Leistung eines 808 nm\/755 nm\/1064 nm Diodenlasers, um pr\u00e4zise Energie an die Haarfollikel abzugeben und so deren F\u00e4higkeit zum erneuten Haarwachstum effektiv zu unterbinden. Genie\u00dfen Sie glatte, haarfreie Haut mit dauerhaften Ergebnissen und unvergleichlichem Komfort.<\/p>\n<h2><img loading=\"lazy\" decoding=\"async\" class=\"aligncenter\" src=\"https:\/\/sc04.alicdn.com\/kf\/Hc65f834570d84192bef3197ad565be6cB\/247315878\/Hc65f834570d84192bef3197ad565be6cB.png\" width=\"672\" height=\"230\" data-src=\"\/\/sc04.alicdn.com\/kf\/Hc65f834570d84192bef3197ad565be6cB\/247315878\/Hc65f834570d84192bef3197ad565be6cB.png\" \/><\/h2>\n<h2>Die Wissenschaft der 808 nm\/755 nm\/1064 nm Diodenlaser-Haarentfernung<\/h2>\n<h3>Haarfollikel gezielt anvisieren<\/h3>\n<p>Der 808 nm\/755 nm\/1064 nm Diodenlaser strahlt Licht einer bestimmten Wellenl\u00e4nge aus, das von Melanin, dem f\u00fcr die Haarfarbe verantwortlichen Pigment, gut absorbiert wird. Diese gezielte Energie erhitzt und zerst\u00f6rt die Haarfollikel und verhindert so weiteres Haarwachstum.<\/p>\n<h3><img loading=\"lazy\" decoding=\"async\" class=\"aligncenter\" title=\"808 nm Diodenlaser-Haarentfernungsger\u00e4t\" src=\"https:\/\/sc04.alicdn.com\/kf\/H27c318b0099642c58c2708fe85a234708\/247315878\/H27c318b0099642c58c2708fe85a234708.jpg\" alt=\"808 nm Diodenlaser-Haarentfernungsger\u00e4t\" width=\"559\" height=\"346\" data-src=\"\/\/sc04.alicdn.com\/kf\/H27c318b0099642c58c2708fe85a234708\/247315878\/H27c318b0099642c58c2708fe85a234708.jpg\" \/><\/h3>\n<h3>Vorteile der 808 nm Diodenlasertechnologie<\/h3>\n<ul>\n<li><strong>Pr\u00e4zises Zielen:<\/strong>\u00a0Die Laserenergie wird selektiv vom Melanin im Haarfollikel absorbiert, wodurch die umgebende Haut unversehrt bleibt.<\/li>\n<li><strong>Wirksam f\u00fcr verschiedene Haut- und Haartypen:<\/strong>\u00a0Geeignet f\u00fcr zahlreiche Hautt\u00f6ne und Haarfarben, von hell bis dunkel.<\/li>\n<li><strong>Nahezu schmerzfreie Behandlungen:<\/strong>\u00a0Das fortschrittliche K\u00fchlsystem gew\u00e4hrleistet maximalen Komfort w\u00e4hrend der Behandlung und minimiert die Unannehmlichkeiten, die oft mit herk\u00f6mmlichen Methoden der Haarentfernung verbunden sind.<\/li>\n<li><strong>Langanhaltende Ergebnisse:<\/strong>\u00a0Erleben Sie eine deutliche Reduzierung unerw\u00fcnschter Haare nach einer Reihe von Behandlungen, bei vielen Personen wird eine dauerhafte Haarreduzierung erreicht.<\/li>\n<\/ul>\n<h2><img loading=\"lazy\" decoding=\"async\" class=\"wp-image-1642 aligncenter\" src=\"https:\/\/skbty.com\/wp-content\/uploads\/2023\/06\/\u5fae\u4fe1\u622a\u56fe_20230608180748.png\" alt=\"\" width=\"588\" height=\"356\" srcset=\"https:\/\/skbty.com\/wp-content\/uploads\/2023\/06\/\u5fae\u4fe1\u622a\u56fe_20230608180748.png 1163w, https:\/\/skbty.com\/wp-content\/uploads\/2023\/06\/\u5fae\u4fe1\u622a\u56fe_20230608180748-300x182.png 300w, https:\/\/skbty.com\/wp-content\/uploads\/2023\/06\/\u5fae\u4fe1\u622a\u56fe_20230608180748-1024x620.png 1024w, https:\/\/skbty.com\/wp-content\/uploads\/2023\/06\/\u5fae\u4fe1\u622a\u56fe_20230608180748-768x465.png 768w, https:\/\/skbty.com\/wp-content\/uploads\/2023\/06\/\u5fae\u4fe1\u622a\u56fe_20230608180748-600x363.png 600w\" sizes=\"auto, (max-width: 588px) 100vw, 588px\" \/><\/h2>\n<h2>Erleben Sie den Unterschied: Warum sollten Sie sich f\u00fcr diese Maschine entscheiden?<\/h2>\n<h3>Erweiterte Funktionen f\u00fcr au\u00dfergew\u00f6hnliche Ergebnisse<\/h3>\n<p>Dieses Ger\u00e4t zur Haarentfernung mit Diodenlaser (808 nm\/755 nm\/1064 nm) ist mit Funktionen ausgestattet, die es von anderen Ger\u00e4ten abheben:<\/p>\n<ul>\n<li><strong>Hohe Leistungsabgabe:<\/strong>\u00a0Die leistungsstarke Leistung von 1800 W gew\u00e4hrleistet effiziente Behandlungen und optimale Ergebnisse.<\/li>\n<li><strong>Einstellbare Einstellungen:<\/strong>\u00a0Passen Sie die Behandlungen f\u00fcr verschiedene Hauttypen, Haarfarben und Behandlungsbereiche mit einstellbarer Energiedichte (1\u2013200\u00a0J\/cm\u00b2) und Pulsbreite (1\u00a0ms\u2013400\u00a0ms) an.<\/li>\n<li><strong>Gro\u00dfe Spotgr\u00f6\u00dfe:<\/strong>\u00a0Die Spotgr\u00f6\u00dfe von 12 x 12 mm erm\u00f6glicht eine schnelle und effiziente Behandlung gr\u00f6\u00dferer Bereiche wie Beine, R\u00fccken und Brust.<\/li>\n<li><strong>Fortschrittliches K\u00fchlsystem:<\/strong>\u00a0Das integrierte Luft-, Wasser- und Halbleiterk\u00fchlsystem gew\u00e4hrleistet maximalen Komfort w\u00e4hrend der Behandlung und minimiert das Risiko von Verbrennungen oder Beschwerden.<\/li>\n<li><strong>Benutzerfreundliche Oberfl\u00e4che:<\/strong>\u00a0Der intuitive digitale 8-Zoll-LCD-Touchscreen bietet einfachen Zugriff auf Behandlungseinstellungen und Protokolle.<\/li>\n<\/ul>\n<h2><img loading=\"lazy\" decoding=\"async\" class=\"aligncenter\" src=\"https:\/\/sc04.alicdn.com\/kf\/H8735921797ee4bcead849429b6d9510cU\/247315878\/H8735921797ee4bcead849429b6d9510cU.png\" width=\"520\" height=\"370\" data-src=\"\/\/sc04.alicdn.com\/kf\/H8735921797ee4bcead849429b6d9510cU\/247315878\/H8735921797ee4bcead849429b6d9510cU.png\" \/><\/h2>\n<h2>Abschluss<\/h2>\n<p>Das 808 nm\/755 nm\/1064 nm Diodenlaser-Haarentfernungsger\u00e4t stellt einen bedeutenden Fortschritt in der Laser-Haarentfernungstechnologie dar. Erleben Sie das Selbstvertrauen, das Sie durch eine glatte, haarfreie Haut dank sicherer, wirksamer und angenehmer Behandlungen gewinnen.<\/p>\n<\/div>\n<\/div>\n<div>\n<div>\n<div>\n<div>\n<div>\n<div>\n<h2><strong>Anpassen Logo<\/strong><\/h2>\n<p>Wollen, machen Ihre Marke stand heraus? Wir bieten angepasst logo Dienstleistungen zu helfen Sie erstellen Sie eine einzigartige und personalisierte logo spiegelt Ihre Marke Identit\u00e4t. Unser team von Experten arbeiten eng mit Ihnen zusammen, um ein logo zu entwerfen, die in Resonanz mit Ihrer Marke und messaging. Egal, ob Sie Umbau Ihres bestehenden Logos oder eine neue erstellen von Grund auf neu, wir haben Sie abgedeckt. <a href=\"\/de\/kontakt\/\">Kontaktieren Sie uns<\/a> heute erfahren Sie mehr \u00fcber unsere ma\u00dfgeschneiderten logo-Service!<\/p>\n<\/div>\n<\/div>\n<\/div>\n<\/div>\n<\/div>\n<\/div>\n<\/div>\n<\/div>","protected":false},"excerpt":{"rendered":"<p>Der Gefrierpunkt von 808 basiert auf selektiver solarthermischer Dynamik. Durch die Anpassung der Wellenl\u00e4nge, Energie und Impulsbreite des Lasers durch die Haut an die Haarwurzeln der Haarfollikel wird die W\u00e4rmeenergie absorbiert und das Follikelgewebe abgebaut, wodurch die Haarregeneration erm\u00f6glicht wird.<br \/>\nDas System zur schnellen Gefrierpunkt-Haarentfernung dient dem K\u00e4lteschutz. Es kann Temperaturen bis zu -5 \u00b0C erreichen und l\u00f6st viele Probleme. Gleichzeitig handelt es sich um eine sichere, schnelle und dauerhafte Technologie.<\/p>","protected":false},"featured_media":1634,"comment_status":"open","ping_status":"closed","template":"","meta":{"_kad_post_transparent":"default","_kad_post_title":"","_kad_post_layout":"default","_kad_post_sidebar_id":"","_kad_post_content_style":"default","_kad_post_vertical_padding":"default","_kad_post_feature":"","_kad_post_feature_position":"","_kad_post_header":false,"_kad_post_footer":false,"_kad_post_classname":"","rank_math_title":"","rank_math_description":"","rank_math_focus_keyword":""},"product_brand":[],"product_cat":[28],"product_tag":[],"class_list":{"0":"post-1629","1":"product","2":"type-product","3":"status-publish","4":"has-post-thumbnail","6":"product_cat-hair-removal","8":"first","9":"instock","10":"shipping-taxable","11":"product-type-simple","12":"entry","13":"content-bg","14":"loop-entry"},"_links":{"self":[{"href":"https:\/\/skbty.com\/de\/wp-json\/wp\/v2\/product\/1629","targetHints":{"allow":["GET"]}}],"collection":[{"href":"https:\/\/skbty.com\/de\/wp-json\/wp\/v2\/product"}],"about":[{"href":"https:\/\/skbty.com\/de\/wp-json\/wp\/v2\/types\/product"}],"replies":[{"embeddable":true,"href":"https:\/\/skbty.com\/de\/wp-json\/wp\/v2\/comments?post=1629"}],"wp:featuredmedia":[{"embeddable":true,"href":"https:\/\/skbty.com\/de\/wp-json\/wp\/v2\/media\/1634"}],"wp:attachment":[{"href":"https:\/\/skbty.com\/de\/wp-json\/wp\/v2\/media?parent=1629"}],"wp:term":[{"taxonomy":"product_brand","embeddable":true,"href":"https:\/\/skbty.com\/de\/wp-json\/wp\/v2\/product_brand?post=1629"},{"taxonomy":"product_cat","embeddable":true,"href":"https:\/\/skbty.com\/de\/wp-json\/wp\/v2\/product_cat?post=1629"},{"taxonomy":"product_tag","embeddable":true,"href":"https:\/\/skbty.com\/de\/wp-json\/wp\/v2\/product_tag?post=1629"}],"curies":[{"name":"wp","href":"https:\/\/api.w.org\/{rel}","templated":true}]}}