{"id":1746,"date":"2023-06-13T17:30:11","date_gmt":"2023-06-13T09:30:11","guid":{"rendered":"https:\/\/skbty.com\/?post_type=product&#038;p=1746"},"modified":"2024-06-25T17:17:19","modified_gmt":"2024-06-25T09:17:19","slug":"tragbare-pikosekundenlaser-augenbrauenwaschmaschine","status":"publish","type":"product","link":"https:\/\/skbty.com\/de\/product\/tragbare-pikosekundenlaser-augenbrauenwaschmaschine\/","title":{"rendered":"Tragbares Pikosekundenlaser-Augenbrauenwaschger\u00e4t"},"content":{"rendered":"<div>\n<div>\n<h2>Tragbares Augenbrauenwaschger\u00e4t mit Pikosekundenlaser: Pigmententfernung auf der n\u00e4chsten Ebene<\/h2>\n<h2>Einf\u00fchrung<\/h2>\n<p>Erleben Sie die Zukunft der Pigmententfernung mit der tragbaren Pikosekundenlaser-Augenbrauenwaschmaschine. Dieses hochmoderne Ger\u00e4t verwendet ultrakurze Pikosekundenlaserimpulse, um Pigmentpartikel zu zertr\u00fcmmern, ohne die umgebende Haut zu sch\u00e4digen, und bietet schnellere, sicherere und effektivere Ergebnisse als herk\u00f6mmliche Laserbehandlungen.<\/p>\n<h2><img loading=\"lazy\" decoding=\"async\" class=\"aligncenter\" title=\"Augenbrauenreinigung mit Pikosekundenlaser\" src=\"https:\/\/sc04.alicdn.com\/kf\/H52fb6093d87347e49f6a90c34492313dJ\/247315878\/H52fb6093d87347e49f6a90c34492313dJ.png\" alt=\"Augenbrauenreinigung mit Pikosekundenlaser\" width=\"705\" height=\"297\" data-src=\"\/\/sc04.alicdn.com\/kf\/H52fb6093d87347e49f6a90c34492313dJ\/247315878\/H52fb6093d87347e49f6a90c34492313dJ.png\" \/><\/h2>\n<h2>Die Leistung der Pikosekundentechnologie<\/h2>\n<h3>So funktioniert es: Transformierende Pigmententfernung<\/h3>\n<p>Im Gegensatz zu herk\u00f6mmlichen Lasern, die zum Abbau von Pigmenten Hitze verwenden, geben Pikosekundenlaser Energie in ultrakurzen St\u00f6\u00dfen (Billionstel einer Sekunde) ab. Diese schnelle Energieabgabe erzeugt einen photoakustischen Effekt, der Pigmentpartikel in winzige, staubartige Fragmente zerschmettert, die durch die nat\u00fcrlichen Prozesse des K\u00f6rpers leicht ausgeschieden werden k\u00f6nnen.<\/p>\n<h3><img loading=\"lazy\" decoding=\"async\" class=\"aligncenter\" title=\"Augenbrauenreinigung mit Pikosekundenlaser\" src=\"https:\/\/sc04.alicdn.com\/kf\/H46ed6c2cdc78454ab4dfe600bbef7631y\/247315878\/H46ed6c2cdc78454ab4dfe600bbef7631y.png\" alt=\"Augenbrauenreinigung mit Pikosekundenlaser\" width=\"560\" height=\"382\" data-src=\"\/\/sc04.alicdn.com\/kf\/H46ed6c2cdc78454ab4dfe600bbef7631y\/247315878\/H46ed6c2cdc78454ab4dfe600bbef7631y.png\" \/><\/h3>\n<h3>Vorteile von Pikosekundenlasern gegen\u00fcber herk\u00f6mmlichen Lasern<\/h3>\n<p>Der Pikosekundenvorteil f\u00fchrt zu einer Reihe von Vorteilen:<\/p>\n<ul>\n<li><strong>Verbesserte Pigmentzertr\u00fcmmerung:<\/strong>\u00a0Pikosekundenimpulse zerst\u00f6ren Pigmente effektiver als Nanosekundenlaser und f\u00fchren so zu schnelleren und deutlicheren Ergebnissen.<\/li>\n<li><strong>Reduziertes Risiko von Nebenwirkungen:<\/strong>\u00a0Durch die ultrakurze Pulsdauer wird die Hitzeentwicklung in der Haut minimiert, wodurch das Risiko von Verbrennungen, Narbenbildung oder Hyperpigmentierung (Dunkelf\u00e4rbung der Haut) deutlich verringert wird.<\/li>\n<li><strong>Weniger Behandlungen erforderlich:<\/strong>\u00a0Erreichen Sie Ihre gew\u00fcnschten Ergebnisse mit weniger Behandlungssitzungen im Vergleich zu herk\u00f6mmlichen Laserbehandlungen.<\/li>\n<li><strong>Vielseitige Anwendungen:<\/strong>\u00a0Wirkt effektiv gegen ein breites Spektrum an Pigmenten, darunter T\u00e4towierfarbe, Altersflecken, Sonnenflecken, Sommersprossen und mehr.<\/li>\n<\/ul>\n<h2><img loading=\"lazy\" decoding=\"async\" class=\"aligncenter\" title=\"Augenbrauenreinigung mit Pikosekundenlaser\" src=\"https:\/\/sc04.alicdn.com\/kf\/H22f2900271704371b6a53c02b05dfb25r\/247315878\/H22f2900271704371b6a53c02b05dfb25r.png\" alt=\"Augenbrauenreinigung mit Pikosekundenlaser\" width=\"562\" height=\"416\" data-src=\"\/\/sc04.alicdn.com\/kf\/H22f2900271704371b6a53c02b05dfb25r\/247315878\/H22f2900271704371b6a53c02b05dfb25r.png\" \/><\/h2>\n<h2>Vorteile der tragbaren Pikosekundenlaser-Augenbrauenreinigungsmaschine<\/h2>\n<h3>Mit Pr\u00e4zision makellose Augenbrauen erzielen<\/h3>\n<p>Dieses fortschrittliche Ger\u00e4t bietet eine Reihe von Vorteilen f\u00fcr eine sichere und effektive Pigmententfernung:<\/p>\n<ul>\n<li><strong>Pr\u00e4zises Zielen:<\/strong>\u00a0Die Laserenergie zielt gezielt auf das Pigment und l\u00e4sst die umgebende Haut unversehrt.<\/li>\n<li><strong>Wirksam auf verschiedenen Pigmentfarben:<\/strong>\u00a0Das Ger\u00e4t bietet mehrere Wellenl\u00e4ngen (1064\u00a0nm, 532\u00a0nm, 785\u00a0nm), um ein breites Spektrum an Pigmentfarben anzusprechen, darunter Schwarz, Rot, Braun und mehr.<\/li>\n<li><strong>Einstellbare Energieniveaus:<\/strong>\u00a0Das Ger\u00e4t erm\u00f6glicht eine pr\u00e4zise Kontrolle der Energiestufen, um die Behandlungen individuell an den Hauttyp und die Pigmenttiefe anzupassen.<\/li>\n<li><strong>Komfortables Erlebnis:<\/strong>\u00a0Das fortschrittliche K\u00fchlsystem sorgt f\u00fcr maximalen Komfort w\u00e4hrend der Behandlung.<\/li>\n<li><strong>Tragbar und praktisch:<\/strong>\u00a0Das kompakte Design erm\u00f6glicht einen einfachen Transport und die Verwendung in verschiedenen Umgebungen.<\/li>\n<\/ul>\n<h2>Abschluss<\/h2>\n<p>Die tragbare Pikosekundenlaser-Augenbrauenreinigungsmaschine stellt einen bedeutenden Fortschritt in der Pigmententfernungstechnologie dar. Erleben Sie schnellere, sicherere und effektivere Ergebnisse bei minimalen Ausfallzeiten. Verabschieden Sie sich von unerw\u00fcnschtem Pigment und begr\u00fc\u00dfen Sie einen helleren, gleichm\u00e4\u00dfigeren Teint.<\/p>\n<div>\n<div>\n<h2><strong>Anpassen Logo<\/strong><\/h2>\n<p>Wollen, machen Ihre Marke stand heraus? Wir bieten angepasst logo Dienstleistungen zu helfen Sie erstellen Sie eine einzigartige und personalisierte logo spiegelt Ihre Marke Identit\u00e4t. Unser team von Experten arbeiten eng mit Ihnen zusammen, um ein logo zu entwerfen, die in Resonanz mit Ihrer Marke und messaging. Egal, ob Sie Umbau Ihres bestehenden Logos oder eine neue erstellen von Grund auf neu, wir haben Sie abgedeckt. <a href=\"\/de\/kontakt\/\">Kontaktieren Sie uns<\/a> heute erfahren Sie mehr \u00fcber unsere ma\u00dfgeschneiderten logo-Service!<\/p>\n<\/div>\n<\/div>\n<div>\n<div>\n<div>\n<div><\/div>\n<\/div>\n<\/div>\n<\/div>\n<\/div>\n<\/div>\n<div><\/div>","protected":false},"excerpt":{"rendered":"<p>Der Pikosekundenlaser verwendet einen sehr kurzen Impulsausgangsmodus. Anstelle von leichten mechanischen Sto\u00dfwellen werden Pigmente durch fokussierte Energie in feine K\u00f6rner zertr\u00fcmmert, die leichter vom Stoffwechsel des K\u00f6rpers aufgenommen werden k\u00f6nnen. Der Pikosekundenlaser minimiert die Nebenwirkungen der thermischen Wirkung und kann fast alle Arten von Pigmentflecken beseitigen. Er ist besser als herk\u00f6mmliche Laser.<\/p>","protected":false},"featured_media":1753,"comment_status":"open","ping_status":"closed","template":"","meta":{"_kad_post_transparent":"default","_kad_post_title":"","_kad_post_layout":"default","_kad_post_sidebar_id":"","_kad_post_content_style":"default","_kad_post_vertical_padding":"default","_kad_post_feature":"","_kad_post_feature_position":"","_kad_post_header":false,"_kad_post_footer":false,"_kad_post_classname":"","rank_math_title":"","rank_math_description":"","rank_math_focus_keyword":""},"product_brand":[],"product_cat":[29],"product_tag":[],"class_list":{"0":"post-1746","1":"product","2":"type-product","3":"status-publish","4":"has-post-thumbnail","6":"product_cat-pico-laser","8":"first","9":"instock","10":"shipping-taxable","11":"product-type-simple","12":"entry","13":"content-bg","14":"loop-entry"},"_links":{"self":[{"href":"https:\/\/skbty.com\/de\/wp-json\/wp\/v2\/product\/1746","targetHints":{"allow":["GET"]}}],"collection":[{"href":"https:\/\/skbty.com\/de\/wp-json\/wp\/v2\/product"}],"about":[{"href":"https:\/\/skbty.com\/de\/wp-json\/wp\/v2\/types\/product"}],"replies":[{"embeddable":true,"href":"https:\/\/skbty.com\/de\/wp-json\/wp\/v2\/comments?post=1746"}],"wp:featuredmedia":[{"embeddable":true,"href":"https:\/\/skbty.com\/de\/wp-json\/wp\/v2\/media\/1753"}],"wp:attachment":[{"href":"https:\/\/skbty.com\/de\/wp-json\/wp\/v2\/media?parent=1746"}],"wp:term":[{"taxonomy":"product_brand","embeddable":true,"href":"https:\/\/skbty.com\/de\/wp-json\/wp\/v2\/product_brand?post=1746"},{"taxonomy":"product_cat","embeddable":true,"href":"https:\/\/skbty.com\/de\/wp-json\/wp\/v2\/product_cat?post=1746"},{"taxonomy":"product_tag","embeddable":true,"href":"https:\/\/skbty.com\/de\/wp-json\/wp\/v2\/product_tag?post=1746"}],"curies":[{"name":"wp","href":"https:\/\/api.w.org\/{rel}","templated":true}]}}