{"id":1817,"date":"2023-06-14T16:22:26","date_gmt":"2023-06-14T08:22:26","guid":{"rendered":"https:\/\/skbty.com\/?post_type=product&#038;p=1817"},"modified":"2024-06-25T16:20:21","modified_gmt":"2024-06-25T08:20:21","slug":"2-griffe-hiemt-korperformungsmaschine-2","status":"publish","type":"product","link":"https:\/\/skbty.com\/de\/product\/2-griffe-hiemt-korperformungsmaschine-2\/","title":{"rendered":"HIEMT-K\u00f6rperformungsmaschine mit 2 Griffen"},"content":{"rendered":"<div>\n<div>\n<div>\n<div>\n<div>\n<h2><strong>HIEMT-Body-Sculpting-Maschine mit 2 Griffen: Muskeln aufbauen und gleichzeitig Fett verbrennen<\/strong><\/h2>\n<h2>Einf\u00fchrung<\/h2>\n<p>Stellen Sie sich ein Training vor, bei dem Sie gleichzeitig Muskeln aufbauen und Fett verbrennen, ohne dass Sie ins Schwitzen kommen. Das verspricht die Technologie des hochintensiven elektromagnetischen Muskeltrainings (HI-EMT). Dieser revolution\u00e4re Ansatz zur HIEMT-K\u00f6rperformung nutzt konzentrierte elektromagnetische Energie, um starke Muskelkontraktionen auszul\u00f6sen, die zu mehr Muskelmasse und weniger Fett f\u00fchren.<\/p>\n<h2><img loading=\"lazy\" decoding=\"async\" class=\"aligncenter\" title=\"HIEMT-K\u00f6rperformungsmaschine mit 2 Griffen\" src=\"https:\/\/sc04.alicdn.com\/kf\/H83c6263350dd45f294b5d8744e5f1157I\/247315878\/H83c6263350dd45f294b5d8744e5f1157I.jpg\" alt=\"HIEMT-K\u00f6rperformungsmaschine mit 2 Griffen\" width=\"583\" height=\"854\" data-src=\"\/\/sc04.alicdn.com\/kf\/H83c6263350dd45f294b5d8744e5f1157I\/247315878\/H83c6263350dd45f294b5d8744e5f1157I.jpg\" \/><\/h2>\n<h2><img loading=\"lazy\" decoding=\"async\" class=\"aligncenter\" title=\"High-Intensit\u00e4t Elektromagnetische Muskel Training Maschine\" src=\"https:\/\/sc04.alicdn.com\/kf\/H5f2759d94c574d09a19db1301c0082e1M\/247315878\/H5f2759d94c574d09a19db1301c0082e1M.png\" alt=\"High-Intensit\u00e4t Elektromagnetische Muskel Training Maschine\" width=\"748\" height=\"295\" data-src=\"\/\/sc04.alicdn.com\/kf\/H5f2759d94c574d09a19db1301c0082e1M\/247315878\/H5f2759d94c574d09a19db1301c0082e1M.png\" \/><\/h2>\n<h2>HI-EMT-Technologie verstehen<\/h2>\n<h3>So funktioniert HI-EMT<\/h3>\n<p>Die HI-EMT-Technologie nutzt fokussierte elektromagnetische Energie, um tief in das Muskelgewebe einzudringen. Diese Energie stimuliert motorische Neuronen und l\u00f6st intensive Muskelkontraktionen aus, die durch willentliches Training nicht erreicht werden k\u00f6nnen. Diese supramaximalen Kontraktionen zwingen die Muskeln, sich anzupassen und zu st\u00e4rken, was zu mehr Muskelmasse und -definition f\u00fchrt.<\/p>\n<table style=\"border-collapse: collapse; width: 100%;\">\n<tbody>\n<tr>\n<td style=\"width: 50%;\">\n<h3><img loading=\"lazy\" decoding=\"async\" class=\"aligncenter\" title=\"High-Intensit\u00e4t Elektromagnetische Muskel Training Maschine\" src=\"https:\/\/sc04.alicdn.com\/kf\/H6777279f78a14a9cbac40d1416b3e718L\/247315878\/H6777279f78a14a9cbac40d1416b3e718L.png\" alt=\"High-Intensit\u00e4t Elektromagnetische Muskel Training Maschine\" width=\"407\" height=\"382\" data-src=\"\/\/sc04.alicdn.com\/kf\/H6777279f78a14a9cbac40d1416b3e718L\/247315878\/H6777279f78a14a9cbac40d1416b3e718L.png\" \/><\/h3>\n<\/td>\n<td style=\"width: 50%;\"><img loading=\"lazy\" decoding=\"async\" class=\"aligncenter\" title=\"High-Intensit\u00e4t Elektromagnetische Muskel Training Maschine\" src=\"https:\/\/sc04.alicdn.com\/kf\/Hdac18fa2e3dc4da0bbba6b47f06af7efF\/247315878\/Hdac18fa2e3dc4da0bbba6b47f06af7efF.png\" alt=\"High-Intensit\u00e4t Elektromagnetische Muskel Training Maschine\" width=\"350\" height=\"343\" data-src=\"\/\/sc04.alicdn.com\/kf\/Hdac18fa2e3dc4da0bbba6b47f06af7efF\/247315878\/Hdac18fa2e3dc4da0bbba6b47f06af7efF.png\" \/><\/td>\n<\/tr>\n<\/tbody>\n<\/table>\n<h3>Die Wissenschaft des Muskelwachstums und der Fettverbrennung<\/h3>\n<ul>\n<li><strong>Muskelaufbau:<\/strong>\u00a0Die durch HI-EMT ausgel\u00f6sten intensiven Kontraktionen zwingen die Muskelfasern zu einer Umgestaltung und einem Wachstum. Dieser als Hypertrophie bezeichnete Prozess f\u00fchrt zu einer Zunahme der Muskelgr\u00f6\u00dfe und -st\u00e4rke.<\/li>\n<li><strong>Fettabbau:<\/strong>\u00a0Die extreme Muskelaktivit\u00e4t w\u00e4hrend einer HI-EMT-Sitzung erfordert eine erhebliche Menge an Energie. Diese Energie wird aus gespeichertem Fett gewonnen, was zu Fettabbau und -reduzierung f\u00fchrt.<\/li>\n<\/ul>\n<h2><img loading=\"lazy\" decoding=\"async\" class=\"aligncenter\" title=\"High-Intensit\u00e4t Elektromagnetische Muskel Training Maschine\" src=\"https:\/\/sc04.alicdn.com\/kf\/Ha0da38970baf44b5be76b4dc2df4ae25F\/247315878\/Ha0da38970baf44b5be76b4dc2df4ae25F.png\" alt=\"High-Intensit\u00e4t Elektromagnetische Muskel Training Maschine\" width=\"613\" height=\"414\" data-src=\"\/\/sc04.alicdn.com\/kf\/Ha0da38970baf44b5be76b4dc2df4ae25F\/247315878\/Ha0da38970baf44b5be76b4dc2df4ae25F.png\" \/><\/h2>\n<h2>Vorteile des HI-EMT-Muskeltrainings<\/h2>\n<h3>Erreichen Sie Ihre Fitnessziele schneller<\/h3>\n<p>HI-EMT bietet eine Reihe von Vorteilen f\u00fcr diejenigen, die ihre Fitnessziele effizienter erreichen m\u00f6chten:<\/p>\n<ul>\n<li><strong>Muskelaufbau:<\/strong>\u00a0Erleben Sie eine deutliche Zunahme an Muskelmasse und Muskeldefinition, insbesondere im Bauch-, Ges\u00e4\u00df-, Oberschenkel- und Armbereich.<\/li>\n<li><strong>Fett verbrennen:<\/strong>\u00a0Bek\u00e4mpfen Sie hartn\u00e4ckige Fettablagerungen gezielt und erreichen Sie einen definierteren K\u00f6rper.<\/li>\n<li><strong>Nicht-invasiv und schmerzlos:<\/strong>\u00a0Genie\u00dfen Sie eine angenehme Behandlung ohne Einschnitte, Nadeln oder Ausfallzeiten.<\/li>\n<li><strong>Schnelle und bequeme Sitzungen:<\/strong>\u00a0Typische Sitzungen dauern etwa 30 Minuten und lassen sich daher problemlos in einen vollen Terminkalender integrieren.<\/li>\n<\/ul>\n<h2><img loading=\"lazy\" decoding=\"async\" class=\"aligncenter\" title=\"High-Intensit\u00e4t Elektromagnetische Muskel Training Maschine\" src=\"https:\/\/sc04.alicdn.com\/kf\/Hc80eea17b5a843abbd20410cb6647787U\/247315878\/Hc80eea17b5a843abbd20410cb6647787U.png\" alt=\"High-Intensit\u00e4t Elektromagnetische Muskel Training Maschine\" width=\"747\" height=\"331\" data-src=\"\/\/sc04.alicdn.com\/kf\/Hc80eea17b5a843abbd20410cb6647787U\/247315878\/Hc80eea17b5a843abbd20410cb6647787U.png\" \/><\/h2>\n<table style=\"font-family: var(--global-body-font-family);\" cellspacing=\"0\" cellpadding=\"0\">\n<tbody>\n<tr>\n<td width=\"87\"><img loading=\"lazy\" decoding=\"async\" class=\"aligncenter\" title=\"High-Intensit\u00e4t Elektromagnetische Muskel Training Maschine\" src=\"https:\/\/sc04.alicdn.com\/kf\/Hd1c6785d9a294825acf1a5247336a44ft\/247315878\/Hd1c6785d9a294825acf1a5247336a44ft.png\" alt=\"High-Intensit\u00e4t Elektromagnetische Muskel Training Maschine\" width=\"361\" height=\"327\" data-src=\"\/\/sc04.alicdn.com\/kf\/Hd1c6785d9a294825acf1a5247336a44ft\/247315878\/Hd1c6785d9a294825acf1a5247336a44ft.png\" \/><\/td>\n<td width=\"90\"><img loading=\"lazy\" decoding=\"async\" class=\"magic-34 aligncenter\" title=\"High-Intensit\u00e4t Elektromagnetische Muskel Training Maschine\" src=\"https:\/\/sc04.alicdn.com\/kf\/H1b57f1a7ea2b4afe90de3f7a624188953\/247315878\/H1b57f1a7ea2b4afe90de3f7a624188953.png\" alt=\"High-Intensit\u00e4t Elektromagnetische Muskel Training Maschine\" width=\"546\" height=\"407\" data-src=\"\/\/sc04.alicdn.com\/kf\/H1b57f1a7ea2b4afe90de3f7a624188953\/247315878\/H1b57f1a7ea2b4afe90de3f7a624188953.png\" \/><\/td>\n<\/tr>\n<\/tbody>\n<\/table>\n<h2>HI-EMT vs. traditionelles HIIT<\/h2>\n<h3>Ein Vergleich zweier leistungsstarker Methoden<\/h3>\n<p>Obwohl sowohl HI-EMT als auch hochintensives Intervalltraining (HIIT) erhebliche Fitnessvorteile bieten, unterscheiden sie sich in ihrem Ansatz:<\/p>\n<ul>\n<li><strong>EMT-Hilfsstation:<\/strong>\u00a0Nutzt elektromagnetische Energie, um supramaximale Muskelkontraktionen hervorzurufen, die durch willentliche \u00dcbungen nicht erreicht werden k\u00f6nnen.<\/li>\n<li><strong>HIIT:<\/strong>\u00a0Basiert auf kurzen Phasen intensiven Trainings, gefolgt von kurzen Erholungsphasen, um die Herzfrequenz zu erh\u00f6hen und Kalorien zu verbrennen.<\/li>\n<\/ul>\n<h4>Den richtigen Ansatz w\u00e4hlen<\/h4>\n<p>Die f\u00fcr Sie ideale Methode h\u00e4ngt von Ihren individuellen Zielen, Ihrem Fitnesslevel und Ihren Vorlieben ab.<\/p>\n<h2>Nachgewiesene Ergebnisse mit HI-EMT<\/h2>\n<h3>Wissenschaftlich fundierte Technologie<\/h3>\n<p>Zahlreiche Studien haben die Wirksamkeit von HI-EMT beim Muskelaufbau und Fettabbau nachgewiesen. Untersuchungen haben gezeigt, dass HI-EMT-Behandlungen zu Folgendem f\u00fchren k\u00f6nnen:<\/p>\n<ul>\n<li><strong>Erh\u00f6hte Muskeldicke:<\/strong>\u00a0Nach einer Reihe von Behandlungen nahm die Dicke der Bauchmuskulatur durchschnittlich um 15-16% zu.<\/li>\n<li><strong>Reduziertes Unterhautfettgewebe:<\/strong>\u00a0Eine Verringerung der subkutanen Fettschicht im Bauchraum um etwa 19%.<\/li>\n<\/ul>\n<p><span style=\"font-family: 'Playfair Display', serif; font-size: 32px; font-weight: bold; text-transform: capitalize;\">F\u00e4lle von schlanker Sch\u00f6nheit<\/span><\/p>\n<\/div>\n<div>\n<div>\n<div>\n<table style=\"font-family: var(--global-body-font-family);\" width=\"992\" cellspacing=\"0\" cellpadding=\"0\">\n<tbody>\n<tr>\n<td width=\"87\"><img loading=\"lazy\" decoding=\"async\" class=\"alignright\" title=\"High-Intensit\u00e4t Elektromagnetische Muskel Training Maschine\" src=\"https:\/\/sc04.alicdn.com\/kf\/Hbb9bc3286ffe44debcd06e7c79cb7c14g\/247315878\/Hbb9bc3286ffe44debcd06e7c79cb7c14g.png\" alt=\"High-Intensit\u00e4t Elektromagnetische Muskel Training Maschine\" width=\"445\" height=\"286\" data-src=\"\/\/sc04.alicdn.com\/kf\/Hbb9bc3286ffe44debcd06e7c79cb7c14g\/247315878\/Hbb9bc3286ffe44debcd06e7c79cb7c14g.png\" \/><\/td>\n<td width=\"90\"><img loading=\"lazy\" decoding=\"async\" class=\"alignleft\" title=\"High-Intensit\u00e4t Elektromagnetische Muskel Training Maschine\" src=\"https:\/\/sc04.alicdn.com\/kf\/H6bf27b941c6643309a971a51ccec552fu\/247315878\/H6bf27b941c6643309a971a51ccec552fu.png\" alt=\"High-Intensit\u00e4t Elektromagnetische Muskel Training Maschine\" width=\"424\" height=\"245\" data-src=\"\/\/sc04.alicdn.com\/kf\/H6bf27b941c6643309a971a51ccec552fu\/247315878\/H6bf27b941c6643309a971a51ccec552fu.png\" \/><\/td>\n<\/tr>\n<tr>\n<td width=\"87\"><img loading=\"lazy\" decoding=\"async\" class=\"alignright\" title=\"High-Intensit\u00e4t Elektromagnetische Muskel Training Maschine\" src=\"https:\/\/sc04.alicdn.com\/kf\/H0008c233a65c4640b312a8f64a17a8efc\/247315878\/H0008c233a65c4640b312a8f64a17a8efc.png\" alt=\"High-Intensit\u00e4t Elektromagnetische Muskel Training Maschine\" width=\"446\" height=\"272\" data-src=\"\/\/sc04.alicdn.com\/kf\/H0008c233a65c4640b312a8f64a17a8efc\/247315878\/H0008c233a65c4640b312a8f64a17a8efc.png\" \/><\/td>\n<td width=\"90\"><img loading=\"lazy\" decoding=\"async\" class=\"alignleft\" title=\"High-Intensit\u00e4t Elektromagnetische Muskel Training Maschine\" src=\"https:\/\/sc04.alicdn.com\/kf\/Ha27d9e5c07144efe98cc0306da35d533f\/247315878\/Ha27d9e5c07144efe98cc0306da35d533f.png\" alt=\"High-Intensit\u00e4t Elektromagnetische Muskel Training Maschine\" width=\"465\" height=\"293\" data-src=\"\/\/sc04.alicdn.com\/kf\/Ha27d9e5c07144efe98cc0306da35d533f\/247315878\/Ha27d9e5c07144efe98cc0306da35d533f.png\" \/><\/td>\n<\/tr>\n<tr>\n<td width=\"87\"><img loading=\"lazy\" decoding=\"async\" class=\"alignright\" title=\"High-Intensit\u00e4t Elektromagnetische Muskel Training Maschine\" src=\"https:\/\/sc04.alicdn.com\/kf\/H662ed3f19b9543fc96c4ddfb7090cc5dQ\/247315878\/H662ed3f19b9543fc96c4ddfb7090cc5dQ.png\" alt=\"High-Intensit\u00e4t Elektromagnetische Muskel Training Maschine\" width=\"438\" height=\"277\" data-src=\"\/\/sc04.alicdn.com\/kf\/H662ed3f19b9543fc96c4ddfb7090cc5dQ\/247315878\/H662ed3f19b9543fc96c4ddfb7090cc5dQ.png\" \/><\/td>\n<td width=\"90\"><img loading=\"lazy\" decoding=\"async\" class=\"alignnone wp-image-1854 size-full\" title=\"High-Intensit\u00e4t Elektromagnetische Muskel Training Maschine\" src=\"https:\/\/skbty.com\/wp-content\/uploads\/2023\/06\/\u5fae\u4fe1\u622a\u56fe_20230614171304.png\" alt=\"High-Intensit\u00e4t Elektromagnetische Muskel Training Maschine\" width=\"389\" height=\"290\" srcset=\"https:\/\/skbty.com\/wp-content\/uploads\/2023\/06\/\u5fae\u4fe1\u622a\u56fe_20230614171304.png 389w, https:\/\/skbty.com\/wp-content\/uploads\/2023\/06\/\u5fae\u4fe1\u622a\u56fe_20230614171304-300x224.png 300w\" sizes=\"auto, (max-width: 389px) 100vw, 389px\" \/><\/td>\n<\/tr>\n<\/tbody>\n<\/table>\n<h2>Abschluss<\/h2>\n<p>HI-EMT-Muskeltraining revolutioniert unsere Herangehensweise an die K\u00f6rperformung. Diese innovative Technologie bietet eine sichere, effektive und nicht-invasive M\u00f6glichkeit, Muskeln aufzubauen, Fett zu verbrennen und einen definierteren K\u00f6rper zu erreichen. Wenn Sie nach einer M\u00f6glichkeit suchen, Ihren Fitnessfortschritt zu beschleunigen und Ihre K\u00f6rperziele schneller zu erreichen, k\u00f6nnte HI-EMT die L\u00f6sung sein, nach der Sie gesucht haben.<\/p>\n<h2><strong>Anpassen Logo<\/strong><\/h2>\n<p>Wollen, machen Ihre Marke stand heraus? Wir bieten angepasst logo Dienstleistungen zu helfen Sie erstellen Sie eine einzigartige und personalisierte logo spiegelt Ihre Marke Identit\u00e4t. Unser team von Experten arbeiten eng mit Ihnen zusammen, um ein logo zu entwerfen, die in Resonanz mit Ihrer Marke und messaging. Egal, ob Sie Umbau Ihres bestehenden Logos oder eine neue erstellen von Grund auf neu, wir haben Sie abgedeckt. <a href=\"\/de\/kontakt\/\">Kontaktieren Sie uns<\/a> heute erfahren Sie mehr \u00fcber unsere ma\u00dfgeschneiderten logo-Service!<\/p>\n<\/div>\n<\/div>\n<div>\n<div>\n<div>\n<div><\/div>\n<\/div>\n<\/div>\n<\/div>\n<\/div>\n<\/div>\n<\/div>\n<\/div>\n<\/div>","protected":false},"excerpt":{"rendered":"<p>Durch den Einsatz der HI-EMT-Technologie (High Energy Focused Electromagnetic Wave) werden autologe Muskeln kontinuierlich gedehnt und zusammengezogen und es wird ein extremes Training durchgef\u00fchrt, um die innere Struktur des Muskels tiefgreifend umzuformen, d. h. das Wachstum von Muskelfibrillen (Muskelvergr\u00f6\u00dferung) und die Produktion neuer Proteinketten und Muskelfasern (Muskelhyperplasie), um so die Muskeldichte und das Muskelvolumen zu trainieren und zu erh\u00f6hen.<\/p>","protected":false},"featured_media":1823,"comment_status":"open","ping_status":"closed","template":"","meta":{"_kad_post_transparent":"default","_kad_post_title":"","_kad_post_layout":"default","_kad_post_sidebar_id":"","_kad_post_content_style":"default","_kad_post_vertical_padding":"default","_kad_post_feature":"","_kad_post_feature_position":"","_kad_post_header":false,"_kad_post_footer":false,"_kad_post_classname":"","rank_math_title":"","rank_math_description":"","rank_math_focus_keyword":""},"product_brand":[],"product_cat":[31],"product_tag":[],"class_list":{"0":"post-1817","1":"product","2":"type-product","3":"status-publish","4":"has-post-thumbnail","6":"product_cat-body-slimming","8":"first","9":"instock","10":"shipping-taxable","11":"product-type-simple","12":"entry","13":"content-bg","14":"loop-entry"},"_links":{"self":[{"href":"https:\/\/skbty.com\/de\/wp-json\/wp\/v2\/product\/1817","targetHints":{"allow":["GET"]}}],"collection":[{"href":"https:\/\/skbty.com\/de\/wp-json\/wp\/v2\/product"}],"about":[{"href":"https:\/\/skbty.com\/de\/wp-json\/wp\/v2\/types\/product"}],"replies":[{"embeddable":true,"href":"https:\/\/skbty.com\/de\/wp-json\/wp\/v2\/comments?post=1817"}],"wp:featuredmedia":[{"embeddable":true,"href":"https:\/\/skbty.com\/de\/wp-json\/wp\/v2\/media\/1823"}],"wp:attachment":[{"href":"https:\/\/skbty.com\/de\/wp-json\/wp\/v2\/media?parent=1817"}],"wp:term":[{"taxonomy":"product_brand","embeddable":true,"href":"https:\/\/skbty.com\/de\/wp-json\/wp\/v2\/product_brand?post=1817"},{"taxonomy":"product_cat","embeddable":true,"href":"https:\/\/skbty.com\/de\/wp-json\/wp\/v2\/product_cat?post=1817"},{"taxonomy":"product_tag","embeddable":true,"href":"https:\/\/skbty.com\/de\/wp-json\/wp\/v2\/product_tag?post=1817"}],"curies":[{"name":"wp","href":"https:\/\/api.w.org\/{rel}","templated":true}]}}