{"id":1841,"date":"2023-06-14T17:11:24","date_gmt":"2023-06-14T09:11:24","guid":{"rendered":"https:\/\/skbty.com\/?post_type=product&#038;p=1841"},"modified":"2026-03-31T17:10:07","modified_gmt":"2026-03-31T09:10:07","slug":"tragbares-spanien-448k-fiebermeister","status":"publish","type":"product","link":"https:\/\/skbty.com\/de\/product\/tragbares-spanien-448k-fiebermeister\/","title":{"rendered":"Portable Spanien 448k Fieber Master"},"content":{"rendered":"<div class=\"J_module\">\n<div class=\"icbu-pc-detailManyImage magic-2\">\n<div>\n<h2>448K Fever Master: Der ultimative Leitfaden zu diesem innovativen Ger\u00e4t<\/h2>\n<p>Der 448K Fever Master ist ein revolution\u00e4res Ger\u00e4t, das modernste Technologie nutzt, um eine breite Palette von Gesundheits- und Sch\u00f6nheitsproblemen zu l\u00f6sen. Dieser umfassende Leitfaden befasst sich eingehend mit den Funktionsprinzipien, Vorteilen und Anwendungen des Ger\u00e4ts.<\/p>\n<table style=\"border-collapse: collapse; width: 100%;\">\n<tbody>\n<tr>\n<td style=\"width: 50%;\"><img loading=\"lazy\" decoding=\"async\" class=\"aligncenter wp-image-3190\" src=\"https:\/\/skbty.com\/wp-content\/uploads\/2023\/06\/BD3-1024x1024.jpg\" alt=\"448k Fieber master\" width=\"355\" height=\"355\" data-wp-pid=\"3190\" srcset=\"https:\/\/skbty.com\/wp-content\/uploads\/2023\/06\/BD3-1024x1024.jpg 1024w, https:\/\/skbty.com\/wp-content\/uploads\/2023\/06\/BD3-300x300.jpg 300w, https:\/\/skbty.com\/wp-content\/uploads\/2023\/06\/BD3-150x150.jpg 150w, https:\/\/skbty.com\/wp-content\/uploads\/2023\/06\/BD3-768x768.jpg 768w, https:\/\/skbty.com\/wp-content\/uploads\/2023\/06\/BD3-1536x1536.jpg 1536w, https:\/\/skbty.com\/wp-content\/uploads\/2023\/06\/BD3-2048x2048.jpg 2048w, https:\/\/skbty.com\/wp-content\/uploads\/2023\/06\/BD3-1320x1320.jpg 1320w, https:\/\/skbty.com\/wp-content\/uploads\/2023\/06\/BD3-600x600.jpg 600w, https:\/\/skbty.com\/wp-content\/uploads\/2023\/06\/BD3-100x100.jpg 100w, https:\/\/skbty.com\/wp-content\/uploads\/2023\/06\/BD3-1200x1200.jpg 1200w\" sizes=\"auto, (max-width: 355px) 100vw, 355px\" \/><\/td>\n<td style=\"width: 50%;\"><img loading=\"lazy\" decoding=\"async\" class=\"aligncenter wp-image-3197\" src=\"https:\/\/skbty.com\/wp-content\/uploads\/2023\/06\/448k-white.jpg\" alt=\"448k Fieber master\" width=\"318\" height=\"279\" data-wp-pid=\"3197\" srcset=\"https:\/\/skbty.com\/wp-content\/uploads\/2023\/06\/448k-white.jpg 956w, https:\/\/skbty.com\/wp-content\/uploads\/2023\/06\/448k-white-300x263.jpg 300w, https:\/\/skbty.com\/wp-content\/uploads\/2023\/06\/448k-white-768x673.jpg 768w, https:\/\/skbty.com\/wp-content\/uploads\/2023\/06\/448k-white-600x526.jpg 600w\" sizes=\"auto, (max-width: 318px) 100vw, 318px\" \/><\/td>\n<\/tr>\n<\/tbody>\n<\/table>\n<h3><strong>Funktionsprinzip von 448k Fever Master<\/strong><\/h3>\n<p>Die Kerntechnologie des 448K Fever Masters geht auf die Forschung des spanischen Wissenschaftlers Joseph Calbet zur\u00fcck. Er entdeckte, dass eine Erh\u00f6hung der Temperatur im tiefen Teil des K\u00f6rpers Krebszellen wirksam bek\u00e4mpfen kann. W\u00e4hrend das Ger\u00e4t die Temperatur von Krebszellen auf 35 Grad erh\u00f6hen kann, sch\u00e4digt es gesunde Zellen nicht. Dieser Temperaturanstieg hemmt die Replikation von Krebszellen und f\u00f6rdert den Zelltod.<\/p>\n<p>Die Technologie des 448K Fever Master reicht \u00fcber die Krebsbehandlung hinaus. Sie kann auch in der Sch\u00f6nheitspflege eingesetzt werden, um gesunde Haut zu f\u00f6rdern und Fett abzubauen. Die F\u00e4higkeit des Ger\u00e4ts, die K\u00f6rpertemperatur zu regulieren, ist entscheidend f\u00fcr die St\u00e4rkung des Immunsystems und die Verbesserung der allgemeinen Gesundheit.<\/p>\n<h3><img loading=\"lazy\" decoding=\"async\" class=\"magic-4 aligncenter\" title=\"448K Fiebermeister\" src=\"https:\/\/sc04.alicdn.com\/kf\/Hc76c90c080b440d29134682a88d12c77D\/247315878\/Hc76c90c080b440d29134682a88d12c77D.png\" alt=\"448K Fiebermeister\" width=\"618\" height=\"464\" data-src=\"\/\/sc04.alicdn.com\/kf\/Hc76c90c080b440d29134682a88d12c77D\/247315878\/Hc76c90c080b440d29134682a88d12c77D.png\" \/><\/h3>\n<h3><strong>Fasziengriff<\/strong><\/h3>\n<p>Der Fasziengriff ist mit EMS-Technologie ausgestattet und stimuliert den K\u00f6rper mit Mikrostrom. Diese Stimulation hilft, den Schmerzkreislauf zu schlie\u00dfen, f\u00f6rdert die Durchblutung und lindert Schmerzen. Die Mikrovibration und der Temperaturanstieg an der Massagestelle f\u00f6rdern die Durchblutung zus\u00e4tzlich und stimulieren die Muskelreparatur.<\/p>\n<h3><img loading=\"lazy\" decoding=\"async\" class=\"magic-4 aligncenter\" title=\"448K Fiebermeister\" src=\"https:\/\/sc04.alicdn.com\/kf\/H8605842074f647148226e24a7643c3a1M\/247315878\/H8605842074f647148226e24a7643c3a1M.png\" alt=\"448K Fiebermeister\" width=\"901\" height=\"676\" data-src=\"\/\/sc04.alicdn.com\/kf\/H8605842074f647148226e24a7643c3a1M\/247315878\/H8605842074f647148226e24a7643c3a1M.png\" \/><\/h3>\n<h3><strong>CAP-Prinzip<\/strong><\/h3>\n<p>Das CAP-Prinzip nutzt konstante Raumtemperatur und tiefes Erhitzen durch Radiofrequenz, um ein angenehmes Erlebnis zu gew\u00e4hrleisten. Diese Technologie erzeugt pr\u00e4zise W\u00e4rme, die auf die tieferen Hautschichten abzielt und die Produktion ionischer, geladener kolloidaler Partikel stimuliert. Die durch Vibration erzeugte Reibung erzeugt schnelle thermische Energie, w\u00e4hrend die Wirkung der polaren molekularen Resonanz unter der Wirkung der polaren molekularen Resonanz das Kollagengewebe der Dermisschicht erw\u00e4rmt.<\/p>\n<h3><strong>RES-Prinzip<\/strong><\/h3>\n<p>Das RES-Prinzip nutzt Hochfrequenzenergie, um tief in den menschlichen K\u00f6rper einzudringen und gezielt die Hautrinde zu erreichen. Dieser Prozess erzeugt Tiefenw\u00e4rme, die K\u00f6rperfett abbaut und Gewicht reduziert. Die Hochfrequenzstr\u00f6me werden in das menschliche Gewebe geleitet und aufgrund der geringen Schwingungsamplitude kommt es nur zu minimaler Ionenbewegung.<\/p>\n<table style=\"border-collapse: collapse; width: 100%;\">\n<tbody>\n<tr>\n<td style=\"width: 50%;\"><img loading=\"lazy\" decoding=\"async\" class=\"magic-4 aligncenter\" title=\"448K Fiebermeister\" src=\"https:\/\/sc04.alicdn.com\/kf\/H174b4308e2854fc89f49039a35bdc442T\/247315878\/H174b4308e2854fc89f49039a35bdc442T.png\" alt=\"448K Fiebermeister\" width=\"901\" height=\"675\" data-src=\"\/\/sc04.alicdn.com\/kf\/H174b4308e2854fc89f49039a35bdc442T\/247315878\/H174b4308e2854fc89f49039a35bdc442T.png\" \/><\/td>\n<td style=\"width: 50%;\"><img loading=\"lazy\" decoding=\"async\" class=\"magic-4 aligncenter\" title=\"448K Fiebermeister\" src=\"https:\/\/sc04.alicdn.com\/kf\/Ha4f89871856849dbb6b7387d27192859T\/247315878\/Ha4f89871856849dbb6b7387d27192859T.png\" alt=\"448K Fiebermeister\" width=\"900\" height=\"675\" data-src=\"\/\/sc04.alicdn.com\/kf\/Ha4f89871856849dbb6b7387d27192859T\/247315878\/Ha4f89871856849dbb6b7387d27192859T.png\" \/><\/td>\n<\/tr>\n<\/tbody>\n<\/table>\n<h3><strong>Physisches Bild des Instruments<\/strong><\/h3>\n<p>Der 448K Fever Master besteht aus zwei Hauptkomponenten: dem Host und der Show. Der Host beherbergt das Bedienfeld und die Schaltkreise, w\u00e4hrend die Show die verschiedenen Bediengriffe und Sonden enth\u00e4lt.<\/p>\n<p><img loading=\"lazy\" decoding=\"async\" class=\"magic-4 aligncenter\" title=\"448K Fiebermeister\" src=\"https:\/\/sc04.alicdn.com\/kf\/H2ee5a872125f4e8aad4936c77cd83b00i\/247315878\/H2ee5a872125f4e8aad4936c77cd83b00i.png\" alt=\"448K Fiebermeister\" width=\"636\" height=\"477\" data-src=\"\/\/sc04.alicdn.com\/kf\/H2ee5a872125f4e8aad4936c77cd83b00i\/247315878\/H2ee5a872125f4e8aad4936c77cd83b00i.png\" \/><\/p>\n<h3><strong>Bedienelemente und Vorteile<\/strong><\/h3>\n<p>Der 448K Fever Master verf\u00fcgt \u00fcber ein vielseitiges Design mit mehreren Funktionsteilen, die jeweils auf bestimmte K\u00f6rperbereiche zugeschnitten sind.<\/p>\n<ul>\n<li><strong>Kopfhaut:<\/strong>\u00a0Das Ger\u00e4t verbessert effektiv die Gesundheit der Kopfhaut und reduziert Haarausfall.<\/li>\n<li><strong>Jeder Teil des K\u00f6rpers:<\/strong>\u00a0Es kann zur Steigerung des allgemeinen Wohlbefindens und zur Linderung von K\u00e4lte eingesetzt werden.<\/li>\n<li><strong>Taille und Bauch:<\/strong>\u00a0Das Ger\u00e4t unterst\u00fctzt bei der Reduzierung von postnatalem Fett und bek\u00e4mpft hartn\u00e4ckige Fettablagerungen im Taillen- und Bauchbereich.<\/li>\n<li><strong>Beine:<\/strong>\u00a0Es repariert Sch\u00e4den und lindert die Erm\u00fcdung in den Beinen.<\/li>\n<\/ul>\n<div class=\"magic-3\"><\/div>\n<div>\n<table style=\"border-collapse: collapse; width: 100%;\">\n<tbody>\n<tr>\n<td style=\"width: 35.7909%;\"><img loading=\"lazy\" decoding=\"async\" class=\"magic-6 aligncenter\" title=\"448K Fiebermeister\" src=\"https:\/\/sc04.alicdn.com\/kf\/H2e4874ee8d4940f89f92e470df3869f4b\/247315878\/H2e4874ee8d4940f89f92e470df3869f4b.png\" alt=\"448K Fiebermeister\" width=\"315\" height=\"468\" data-src=\"\/\/sc04.alicdn.com\/kf\/H2e4874ee8d4940f89f92e470df3869f4b\/247315878\/H2e4874ee8d4940f89f92e470df3869f4b.png\" \/><\/td>\n<td style=\"width: 64.2091%;\"><img loading=\"lazy\" decoding=\"async\" class=\"aligncenter wp-image-2621\" title=\"448K Fiebermeister\" src=\"https:\/\/skbty.com\/wp-content\/uploads\/2023\/06\/1-1.png\" alt=\"448K Fiebermeister\" width=\"688\" height=\"237\" srcset=\"https:\/\/skbty.com\/wp-content\/uploads\/2023\/06\/1-1.png 858w, https:\/\/skbty.com\/wp-content\/uploads\/2023\/06\/1-1-300x103.png 300w, https:\/\/skbty.com\/wp-content\/uploads\/2023\/06\/1-1-768x265.png 768w, https:\/\/skbty.com\/wp-content\/uploads\/2023\/06\/1-1-600x207.png 600w\" sizes=\"auto, (max-width: 688px) 100vw, 688px\" \/><\/td>\n<\/tr>\n<\/tbody>\n<\/table>\n<\/div>\n<h3><strong>Abschluss<\/strong><\/h3>\n<p>Der 448K Fever Master ist ein hochmodernes Ger\u00e4t, das fortschrittliche Technologie und Vielseitigkeit kombiniert, um eine breite Palette von Gesundheits- und Sch\u00f6nheitsproblemen zu l\u00f6sen. Sein innovativer Ansatz bietet eine umfassende L\u00f6sung zur Verbesserung des allgemeinen Wohlbefindens und zum Erreichen der gew\u00fcnschten \u00e4sthetischen Ergebnisse.<\/p>\n<\/div>\n<div class=\"magic-3\">\n<h3><strong>Anpassen Logo<\/strong><\/h3>\n<p>Wollen, machen Ihre Marke stand heraus? Wir bieten angepasst logo Dienstleistungen zu helfen Sie erstellen Sie eine einzigartige und personalisierte logo spiegelt Ihre Marke Identit\u00e4t. Unser team von Experten arbeiten eng mit Ihnen zusammen, um ein logo zu entwerfen, die in Resonanz mit Ihrer Marke und messaging. Egal, ob Sie Umbau Ihres bestehenden Logos oder eine neue erstellen von Grund auf neu, wir haben Sie abgedeckt. <a href=\"\/de\/kontakt\/\">Kontaktieren Sie uns<\/a> heute erfahren Sie mehr \u00fcber unsere ma\u00dfgeschneiderten logo-Service!<\/p>\n<\/div>\n<div class=\"magic-5\"><\/div>\n<\/div>\n<\/div>","protected":false},"excerpt":{"rendered":"<p>Die Kerntechnologie dieses Instruments kann auch im Sch\u00f6nheitsbereich eingesetzt werden. Die Erh\u00f6hung der K\u00f6rpertemperatur dient nicht nur der Sch\u00f6nheit, sondern wirkt sich auch auf die tiefen Teile des K\u00f6rpers w\u00e4hrend der Operation aus. Und die Innentemperatur und Ihre Gesundheit h\u00e4ngen eng zusammen. Durch eine Erh\u00f6hung der K\u00f6rpertemperatur um 1 Grad kann die Immunit\u00e4t Ihres K\u00f6rpers um das 5- bis 10-fache gest\u00e4rkt werden.<\/p>","protected":false},"featured_media":3248,"comment_status":"open","ping_status":"closed","template":"","meta":{"_kad_post_transparent":"default","_kad_post_title":"","_kad_post_layout":"default","_kad_post_sidebar_id":"","_kad_post_content_style":"default","_kad_post_vertical_padding":"default","_kad_post_feature":"","_kad_post_feature_position":"","_kad_post_header":false,"_kad_post_footer":false,"_kad_post_classname":"","rank_math_title":"","rank_math_description":"","rank_math_focus_keyword":""},"product_brand":[],"product_cat":[31],"product_tag":[],"class_list":{"0":"post-1841","1":"product","2":"type-product","3":"status-publish","4":"has-post-thumbnail","6":"product_cat-body-slimming","7":"product_shipping_class-included-shipping","9":"first","10":"instock","11":"sale","12":"shipping-taxable","13":"purchasable","14":"product-type-variable","15":"entry","16":"content-bg","17":"loop-entry"},"_links":{"self":[{"href":"https:\/\/skbty.com\/de\/wp-json\/wp\/v2\/product\/1841","targetHints":{"allow":["GET"]}}],"collection":[{"href":"https:\/\/skbty.com\/de\/wp-json\/wp\/v2\/product"}],"about":[{"href":"https:\/\/skbty.com\/de\/wp-json\/wp\/v2\/types\/product"}],"replies":[{"embeddable":true,"href":"https:\/\/skbty.com\/de\/wp-json\/wp\/v2\/comments?post=1841"}],"wp:featuredmedia":[{"embeddable":true,"href":"https:\/\/skbty.com\/de\/wp-json\/wp\/v2\/media\/3248"}],"wp:attachment":[{"href":"https:\/\/skbty.com\/de\/wp-json\/wp\/v2\/media?parent=1841"}],"wp:term":[{"taxonomy":"product_brand","embeddable":true,"href":"https:\/\/skbty.com\/de\/wp-json\/wp\/v2\/product_brand?post=1841"},{"taxonomy":"product_cat","embeddable":true,"href":"https:\/\/skbty.com\/de\/wp-json\/wp\/v2\/product_cat?post=1841"},{"taxonomy":"product_tag","embeddable":true,"href":"https:\/\/skbty.com\/de\/wp-json\/wp\/v2\/product_tag?post=1841"}],"curies":[{"name":"wp","href":"https:\/\/api.w.org\/{rel}","templated":true}]}}