{"id":1882,"date":"2023-06-14T18:25:32","date_gmt":"2023-06-14T10:25:32","guid":{"rendered":"https:\/\/skbty.com\/?post_type=product&#038;p=1882"},"modified":"2025-12-05T11:50:49","modified_gmt":"2025-12-05T03:50:49","slug":"superstarke-neo-sculptor-schlankheitsmaschine-mit-4-griffen","status":"publish","type":"product","link":"https:\/\/skbty.com\/de\/product\/superstarke-neo-sculptor-schlankheitsmaschine-mit-4-griffen\/","title":{"rendered":"4 Griffe Super Power Neo Sculptor Schlankheitsmaschine"},"content":{"rendered":"<div>\n<h2><strong>Super Power Neo Sculptor Schlankheitsmaschine: Formen Sie Ihren K\u00f6rper mit modernster Technologie neu<\/strong><\/h2>\n<h2>Einf\u00fchrung<\/h2>\n<p>Tr\u00e4umen Sie von einem durchtrainierten K\u00f6rper, ohne endlose Stunden im Fitnessstudio zu verbringen? Die Super Power Neo Sculptor Slimming Machine revolutioniert Ihren Weg zur K\u00f6rperformung. Dieses innovative Ger\u00e4t kombiniert die Kraft von Radiofrequenzenergie (RF) und hochintensiver fokussierter elektromagnetischer (HIFEM) Technologie, um gleichzeitig Fett abzubauen und Muskeln aufzubauen und liefert bemerkenswerte Ergebnisse bei beispiellosem Komfort und Leichtigkeit.<\/p>\n<h2><img loading=\"lazy\" decoding=\"async\" class=\"aligncenter wp-image-2097\" title=\"Neo Sculptor Schlankheitsmaschine\" src=\"https:\/\/skbty.com\/wp-content\/uploads\/2023\/06\/Hda4d7570c29741da8718aeccbd67c341Q.png\" alt=\"Neo Sculptor Schlankheitsmaschine\" width=\"614\" height=\"409\" srcset=\"https:\/\/skbty.com\/wp-content\/uploads\/2023\/06\/Hda4d7570c29741da8718aeccbd67c341Q.png 2000w, https:\/\/skbty.com\/wp-content\/uploads\/2023\/06\/Hda4d7570c29741da8718aeccbd67c341Q-300x200.png 300w, https:\/\/skbty.com\/wp-content\/uploads\/2023\/06\/Hda4d7570c29741da8718aeccbd67c341Q-1024x682.png 1024w, https:\/\/skbty.com\/wp-content\/uploads\/2023\/06\/Hda4d7570c29741da8718aeccbd67c341Q-768x512.png 768w, https:\/\/skbty.com\/wp-content\/uploads\/2023\/06\/Hda4d7570c29741da8718aeccbd67c341Q-1536x1024.png 1536w, https:\/\/skbty.com\/wp-content\/uploads\/2023\/06\/Hda4d7570c29741da8718aeccbd67c341Q-600x400.png 600w\" sizes=\"auto, (max-width: 614px) 100vw, 614px\" \/><\/h2>\n<p><img loading=\"lazy\" decoding=\"async\" class=\"aligncenter\" title=\"Neo Sculptor Schlankheitsmaschine\" src=\"https:\/\/sc04.alicdn.com\/kf\/Hdd673a09e683446e99eeee274a576c71Y\/247315878\/Hdd673a09e683446e99eeee274a576c71Y.png\" alt=\"Neo Sculptor Schlankheitsmaschine\" width=\"614\" height=\"491\" data-src=\"\/\/sc04.alicdn.com\/kf\/Hdd673a09e683446e99eeee274a576c71Y\/247315878\/Hdd673a09e683446e99eeee274a576c71Y.png\" \/><\/p>\n<h2>Enth\u00fcllung der Wissenschaft hinter Neo Body Sculpting<\/h2>\n<h3>Das dynamische Duo: RF und HIFEM<\/h3>\n<p>Der Super Power Neo nutzt eine leistungsstarke Synergie aus zwei fortschrittlichen Technologien:<\/p>\n<ul>\n<li><strong>RF-Fettreduktion:<\/strong>\u00a0Die synchronisierte HF-Technologie erhitzt die subkutane Fettschicht auf 45 Grad Celsius, eine Temperatur, die die Apoptose (nat\u00fcrlicher Zelltod) der Fettzellen ausl\u00f6st, ohne das umliegende Gewebe zu sch\u00e4digen. Diese gezielte Hitze stimuliert auch die Kollagenproduktion, was zu festerer, strafferer Haut f\u00fchrt.<\/li>\n<li><strong>HIFEM Muskelaufbau:<\/strong>\u00a0Hochintensive elektromagnetische Wellen dringen tief in das Muskelgewebe ein und induzieren supramaximale Kontraktionen, die durch willentliches Training nicht erreicht werden k\u00f6nnen. Diese starken Kontraktionen zwingen die Muskeln, sich anzupassen und st\u00e4rker zu werden, was zu einer Zunahme der Muskelmasse und -definition f\u00fchrt.<\/li>\n<\/ul>\n<h3><img loading=\"lazy\" decoding=\"async\" class=\"aligncenter\" title=\"Neo Sculptor Schlankheitsmaschine\" src=\"https:\/\/sc04.alicdn.com\/kf\/Hf8f1b2b96fa34418a30bf725c80fdeedA\/247315878\/Hf8f1b2b96fa34418a30bf725c80fdeedA.png\" alt=\"Neo Sculptor Schlankheitsmaschine\" width=\"668\" height=\"445\" data-src=\"\/\/sc04.alicdn.com\/kf\/Hf8f1b2b96fa34418a30bf725c80fdeedA\/247315878\/Hf8f1b2b96fa34418a30bf725c80fdeedA.png\" \/><\/h3>\n<h3>Wie Neo Sculpting Ihren K\u00f6rper transformiert<\/h3>\n<p>Die einzigartige Kombination aus RF- und HIFEM-Technologien des Super Power Neo bietet einen zweigleisigen Ansatz zur K\u00f6rperformung:<\/p>\n<ol>\n<li><strong>Fettabbau:<\/strong>\u00a0HF-Energie zielt auf die Fettzellen ab und zerst\u00f6rt sie wirkungsvoll, sodass sie anschlie\u00dfend auf nat\u00fcrliche Weise \u00fcber das Lymphsystem des K\u00f6rpers ausgeschieden werden.<\/li>\n<li><strong>Muskelaufbau:<\/strong>\u00a0Die HIFEM-Technologie l\u00f6st schnelle Muskelkontraktionen aus, was zu einer verst\u00e4rkten Rekrutierung und einem verst\u00e4rkten Wachstum der Muskelfasern f\u00fchrt, \u00e4hnlich den Auswirkungen eines intensiven Trainings.<\/li>\n<\/ol>\n<h2>Erleben Sie den Unterschied von Neo Body Sculpting<\/h2>\n<h3>Vorteile, die \u00fcber traditionelle Methoden hinausgehen<\/h3>\n<p>Der Super Power Neo bietet gegen\u00fcber herk\u00f6mmlichen Methoden zur K\u00f6rperformung eine Reihe von Vorteilen:<\/p>\n<ul>\n<li><strong>Nicht-invasiv und schmerzlos:<\/strong>\u00a0Verabschieden Sie sich von Nadeln, Einschnitten und unangenehmen Eingriffen.<\/li>\n<li><strong>Keine Ausfallzeiten:<\/strong>\u00a0Kehren Sie unmittelbar nach Ihrer Behandlungssitzung zu Ihren t\u00e4glichen Aktivit\u00e4ten zur\u00fcck.<\/li>\n<li><strong>Gezielter Fettabbau und Muskelaufbau:<\/strong>\u00a0Formen Sie bestimmte Bereiche Ihres K\u00f6rpers, darunter Bauch, Ges\u00e4\u00df, Arme, Beine und sogar H\u00e4nde.<\/li>\n<li><strong>Langanhaltende Ergebnisse:<\/strong>\u00a0Bei einem gesunden Lebensstil k\u00f6nnen die Ergebnisse von Neo Body Sculpting Monate oder sogar Jahre anhalten.<\/li>\n<\/ul>\n<h2><img loading=\"lazy\" decoding=\"async\" class=\"aligncenter wp-image-2100\" title=\"Neo Sculptor Schlankheitsmaschine\" src=\"https:\/\/skbty.com\/wp-content\/uploads\/2023\/06\/Hde7ab44b65834ae28dc0eff546afe9f2v.jpg\" alt=\"Neo Sculptor Schlankheitsmaschine\" width=\"586\" height=\"454\" srcset=\"https:\/\/skbty.com\/wp-content\/uploads\/2023\/06\/Hde7ab44b65834ae28dc0eff546afe9f2v.jpg 2000w, https:\/\/skbty.com\/wp-content\/uploads\/2023\/06\/Hde7ab44b65834ae28dc0eff546afe9f2v-300x233.jpg 300w, https:\/\/skbty.com\/wp-content\/uploads\/2023\/06\/Hde7ab44b65834ae28dc0eff546afe9f2v-1024x794.jpg 1024w, https:\/\/skbty.com\/wp-content\/uploads\/2023\/06\/Hde7ab44b65834ae28dc0eff546afe9f2v-768x595.jpg 768w, https:\/\/skbty.com\/wp-content\/uploads\/2023\/06\/Hde7ab44b65834ae28dc0eff546afe9f2v-1536x1190.jpg 1536w, https:\/\/skbty.com\/wp-content\/uploads\/2023\/06\/Hde7ab44b65834ae28dc0eff546afe9f2v-600x465.jpg 600w\" sizes=\"auto, (max-width: 586px) 100vw, 586px\" \/><\/h2>\n<h2>Anwendungen f\u00fcr M\u00e4nner und Frauen<\/h2>\n<h3>Erreichen Sie Ihren idealen K\u00f6rper<\/h3>\n<p>Der Super Power Neo ist eine vielseitige L\u00f6sung f\u00fcr M\u00e4nner und Frauen, die Folgendes suchen:<\/p>\n<ul>\n<li><strong>Frauen:<\/strong>\n<ul>\n<li>Heben und formen Sie das Ges\u00e4\u00df f\u00fcr eine jugendlichere Silhouette.<\/li>\n<li>Straffen und kr\u00e4ftigen Sie den Bauch und reduzieren Sie so das Erscheinungsbild eines \u201eMumienbauchs\u201c.<\/li>\n<li>Formen Sie schlankere, definiertere Arme und Beine.<\/li>\n<li>Verbessern Sie das Erscheinungsbild von Cellulite.<\/li>\n<\/ul>\n<\/li>\n<li><strong>M\u00e4nner:<\/strong>\n<ul>\n<li>Entwickeln Sie definierte Bauchmuskeln und erreichen Sie ein Sixpack.<\/li>\n<li>Bauen Sie st\u00e4rkere und definiertere Arm-, Brust- und R\u00fcckenmuskeln auf.<\/li>\n<li>Verbessern Sie Ihre sportliche Leistung.<\/li>\n<\/ul>\n<\/li>\n<\/ul>\n<div>\n<div>\n<div>\n<div>\n<div><\/div>\n<\/div>\n<\/div>\n<\/div>\n<\/div>\n<div>\n<table>\n<tbody>\n<tr>\n<td colspan=\"1\" rowspan=\"1\"><img loading=\"lazy\" decoding=\"async\" class=\"aligncenter\" title=\"Neo Sculptor Schlankheitsmaschine\" src=\"https:\/\/sc04.alicdn.com\/kf\/H70a23b9378574dab97f6139f82f2fba2p\/247315878\/H70a23b9378574dab97f6139f82f2fba2p.png\" alt=\"Neo Sculptor Schlankheitsmaschine\" width=\"354\" height=\"628\" data-src=\"\/\/sc04.alicdn.com\/kf\/H70a23b9378574dab97f6139f82f2fba2p\/247315878\/H70a23b9378574dab97f6139f82f2fba2p.png\" \/><\/td>\n<td colspan=\"1\" rowspan=\"1\"><img loading=\"lazy\" decoding=\"async\" class=\"aligncenter\" title=\"Neo Sculptor Schlankheitsmaschine\" src=\"https:\/\/sc04.alicdn.com\/kf\/Hf4d7443703544615b25c6f051cca2cc9z\/247315878\/Hf4d7443703544615b25c6f051cca2cc9z.png\" alt=\"Neo Sculptor Schlankheitsmaschine\" width=\"354\" height=\"628\" data-src=\"\/\/sc04.alicdn.com\/kf\/Hf4d7443703544615b25c6f051cca2cc9z\/247315878\/Hf4d7443703544615b25c6f051cca2cc9z.png\" \/><\/td>\n<\/tr>\n<\/tbody>\n<\/table>\n<\/div>\n<h2>Abschluss<\/h2>\n<p>Die Super Power Neo Sculptor Slimming Machine revolutioniert die Welt der nicht-invasiven K\u00f6rperformung. Diese Spitzentechnologie bietet eine sichere, effektive und bequeme M\u00f6glichkeit, Fett abzubauen, Muskeln aufzubauen und Ihren Traumk\u00f6rper zu erreichen. Erleben Sie die transformative Kraft von Neo Body Sculpting und entfalten Sie das volle Potenzial Ihres K\u00f6rpers.<\/p>\n<table style=\"border-color: #f3f3f3; width: 100%; height: 290px;\" border=\"1\" cellspacing=\"0\" cellpadding=\"0\">\n<tbody>\n<tr style=\"height: 29px;\">\n<td style=\"height: 29px;\" colspan=\"1\" rowspan=\"1\">\n<div>Name<\/div>\n<\/td>\n<td style=\"height: 29px;\" colspan=\"1\" rowspan=\"1\">\n<div>Super Power Neo Sculptor Schlankheitsmaschine<\/div>\n<\/td>\n<\/tr>\n<tr style=\"height: 29px;\">\n<td style=\"height: 29px;\" colspan=\"1\" rowspan=\"1\">\n<div>Ausgabeintensit\u00e4t<\/div>\n<\/td>\n<td style=\"height: 29px;\" colspan=\"1\" rowspan=\"1\">\n<div>0-33 Tesla<\/div>\n<\/td>\n<\/tr>\n<tr style=\"height: 29px;\">\n<td style=\"height: 29px;\" colspan=\"1\" rowspan=\"1\">\n<div>HF-Frequenz<\/div>\n<\/td>\n<td style=\"height: 29px;\" colspan=\"1\" rowspan=\"1\">\n<div>5 MHz<\/div>\n<\/td>\n<\/tr>\n<tr style=\"height: 29px;\">\n<td style=\"height: 29px;\" colspan=\"1\" rowspan=\"1\">\n<div>Behandlungsbereich<\/div>\n<\/td>\n<td style=\"height: 29px;\" colspan=\"1\" rowspan=\"1\">\n<div>K\u00f6rper, Beine\/Arme, H\u00e4nde, Bauch, H\u00fcften<\/div>\n<\/td>\n<\/tr>\n<tr style=\"height: 29px;\">\n<td style=\"height: 29px;\" colspan=\"1\" rowspan=\"1\">\n<div>OEM-Dienst<\/div>\n<\/td>\n<td style=\"height: 29px;\" colspan=\"1\" rowspan=\"1\">\n<div>OEM\/ODM\/24-Stunden-Online-Service<\/div>\n<\/td>\n<\/tr>\n<tr style=\"height: 29px;\">\n<td style=\"height: 29px;\" colspan=\"1\" rowspan=\"1\">\n<div>Griffe<\/div>\n<\/td>\n<td style=\"height: 29px;\" colspan=\"1\" rowspan=\"1\">\n<div>4 Griffe<\/div>\n<\/td>\n<\/tr>\n<tr style=\"height: 29px;\">\n<td style=\"height: 29px;\" colspan=\"1\" rowspan=\"1\">\n<div>Gr\u00f6\u00dfe<\/div>\n<\/td>\n<td style=\"height: 29px;\" colspan=\"1\" rowspan=\"1\">\n<div>670 mm * 376 mm * 900 mm<\/div>\n<\/td>\n<\/tr>\n<tr style=\"height: 29px;\">\n<td style=\"height: 29px;\" colspan=\"1\" rowspan=\"1\">\n<div>Gewicht<\/div>\n<\/td>\n<td style=\"height: 29px;\" colspan=\"1\" rowspan=\"1\">\n<div>52 kg<\/div>\n<\/td>\n<\/tr>\n<tr style=\"height: 29px;\">\n<td style=\"height: 29px;\" colspan=\"1\" rowspan=\"1\">\n<div>Bildschirm<\/div>\n<\/td>\n<td style=\"height: 29px;\" colspan=\"1\" rowspan=\"1\">\n<div>15,6 Zoll<\/div>\n<\/td>\n<\/tr>\n<tr style=\"height: 29px;\">\n<td style=\"height: 29px;\" colspan=\"1\" rowspan=\"1\">\n<div>Technologie<\/div>\n<\/td>\n<td style=\"height: 29px;\" colspan=\"1\" rowspan=\"1\">\n<div>Rf- und EMS-Prinzip<\/div>\n<\/td>\n<\/tr>\n<\/tbody>\n<\/table>\n<\/div>\n<div>\n<div><\/div>\n<div><strong style=\"font-family: 'Playfair Display', serif; font-size: 32px; text-transform: capitalize;\">Anpassen Logo<\/strong><\/div>\n<\/div>\n<div>\n<div>\n<p>Wollen, machen Ihre Marke stand heraus? Wir bieten angepasst logo Dienstleistungen zu helfen Sie erstellen Sie eine einzigartige und personalisierte logo spiegelt Ihre Marke Identit\u00e4t. Unser team von Experten arbeiten eng mit Ihnen zusammen, um ein logo zu entwerfen, die in Resonanz mit Ihrer Marke und messaging. Egal, ob Sie Umbau Ihres bestehenden Logos oder eine neue erstellen von Grund auf neu, wir haben Sie abgedeckt. <a href=\"\/de\/kontakt\/\">Kontaktieren Sie uns<\/a> heute erfahren Sie mehr \u00fcber unsere ma\u00dfgeschneiderten logo-Service!<\/p>\n<\/div>\n<div>\n<div>\n<div>\n<div><\/div>\n<\/div>\n<\/div>\n<\/div>\n<\/div>","protected":false},"excerpt":{"rendered":"<p>NEO RF Sculptor ist ein Instrument, das durch die Kombination aus synchronisierter Radiofrequenzerw\u00e4rmung und hochintensiven fokussierten elektromagnetischen Wellen (hochintensive fokussierte elektromagnetische Energie) Fettzellen beseitigt und Muskeln nicht-invasiv aufbaut. Die Hauptkraft besteht in der Stimulation und Kontraktion der Muskeln sowie der Fettreduzierung. Anwendbare K\u00f6rperteile sind Bauch, Ges\u00e4\u00df, Arme, Waden und Oberschenkel.<\/p>","protected":false},"featured_media":2096,"comment_status":"open","ping_status":"closed","template":"","meta":{"_kad_post_transparent":"default","_kad_post_title":"","_kad_post_layout":"default","_kad_post_sidebar_id":"","_kad_post_content_style":"default","_kad_post_vertical_padding":"default","_kad_post_feature":"","_kad_post_feature_position":"","_kad_post_header":false,"_kad_post_footer":false,"_kad_post_classname":"","rank_math_title":"","rank_math_description":"","rank_math_focus_keyword":""},"product_brand":[],"product_cat":[31],"product_tag":[],"class_list":{"0":"post-1882","1":"product","2":"type-product","3":"status-publish","4":"has-post-thumbnail","6":"product_cat-body-slimming","8":"first","9":"instock","10":"sale","11":"shipping-taxable","12":"purchasable","13":"product-type-simple","14":"entry","15":"content-bg","16":"loop-entry"},"_links":{"self":[{"href":"https:\/\/skbty.com\/de\/wp-json\/wp\/v2\/product\/1882","targetHints":{"allow":["GET"]}}],"collection":[{"href":"https:\/\/skbty.com\/de\/wp-json\/wp\/v2\/product"}],"about":[{"href":"https:\/\/skbty.com\/de\/wp-json\/wp\/v2\/types\/product"}],"replies":[{"embeddable":true,"href":"https:\/\/skbty.com\/de\/wp-json\/wp\/v2\/comments?post=1882"}],"wp:featuredmedia":[{"embeddable":true,"href":"https:\/\/skbty.com\/de\/wp-json\/wp\/v2\/media\/2096"}],"wp:attachment":[{"href":"https:\/\/skbty.com\/de\/wp-json\/wp\/v2\/media?parent=1882"}],"wp:term":[{"taxonomy":"product_brand","embeddable":true,"href":"https:\/\/skbty.com\/de\/wp-json\/wp\/v2\/product_brand?post=1882"},{"taxonomy":"product_cat","embeddable":true,"href":"https:\/\/skbty.com\/de\/wp-json\/wp\/v2\/product_cat?post=1882"},{"taxonomy":"product_tag","embeddable":true,"href":"https:\/\/skbty.com\/de\/wp-json\/wp\/v2\/product_tag?post=1882"}],"curies":[{"name":"wp","href":"https:\/\/api.w.org\/{rel}","templated":true}]}}