{"id":1914,"date":"2023-06-15T18:14:58","date_gmt":"2023-06-15T10:14:58","guid":{"rendered":"https:\/\/skbty.com\/?post_type=product&#038;p=1914"},"modified":"2024-06-24T19:00:35","modified_gmt":"2024-06-24T11:00:35","slug":"tragbare-360-grad-kryolipolyse-maschine-zum-fetteinfrieren","status":"publish","type":"product","link":"https:\/\/skbty.com\/de\/product\/tragbare-360-grad-kryolipolyse-maschine-zum-fetteinfrieren\/","title":{"rendered":"Tragbare 360-Grad-Kryolipolyse-Maschine zum Fettgefrieren und Abnehmen"},"content":{"rendered":"<div>\n<h1><strong>Kryolipolyse-Fettgefrier-Schlankheitsger\u00e4t: Die ultimative L\u00f6sung zur K\u00f6rperformung<\/strong><\/h1>\n<h2><strong>Maschinenmerkmale:<\/strong><\/h2>\n<ul>\n<li><strong>Name:<\/strong> Kryolipolyse-Fettgefrierger\u00e4t<\/li>\n<li><strong>Verwendung:<\/strong>\u00a0K\u00f6rper, Gesicht<\/li>\n<li><strong>OEM-Dienst:<\/strong>\u00a0Unterst\u00fctzung<\/li>\n<li><strong>Griffe:<\/strong>\u00a09 Griffe 6 in 1<\/li>\n<li><strong>Technologie:<\/strong>\u00a0K\u00fchles Einfrieren<\/li>\n<li><strong>Produktparameter:<\/strong>\n<ul>\n<li>Stromversorgungsmodus: AC220V:10%, 50HZ; AC110V:10%, 60HZ<\/li>\n<li>Nennleistung: 800W<\/li>\n<li>Unterdruck: 0-80 Kpa<\/li>\n<li>K\u00fchlung: -10\u2103 bis 45\u2103<\/li>\n<li>Laserleistung: 100 mW\/St\u00fcck<\/li>\n<li>Kavitationsfrequenz: 40 KHz<\/li>\n<li>HF-Frequenz: 5 MHz<\/li>\n<li>Kryo Menge: 3 St\u00fcck<\/li>\n<li>K\u00fchlmittel: Gereinigtes Wasser oder spezielles K\u00fchlmittel<\/li>\n<li>Umgebungstemperatur: 5\u00b0C-40\u00b0C<\/li>\n<li>Relative Luftfeuchtigkeit: \u226480%<\/li>\n<li>Touchscreen: 8 Zoll<\/li>\n<li>Maschinengr\u00f6\u00dfe: 63<em>55<\/em>96 cm<\/li>\n<li>Packungsgr\u00f6\u00dfe: 64<em>43<\/em>64 cm<\/li>\n<li>Bruttogewicht: 40kg<\/li>\n<\/ul>\n<\/li>\n<\/ul>\n<h2><img loading=\"lazy\" decoding=\"async\" class=\"aligncenter wp-image-2223\" title=\"Kryolipolyse Fetteinfrieren Abnehmen\" src=\"https:\/\/skbty.com\/wp-content\/uploads\/2023\/06\/1111.png\" alt=\"Kryolipolyse Fetteinfrieren Abnehmen\" width=\"647\" height=\"930\" srcset=\"https:\/\/skbty.com\/wp-content\/uploads\/2023\/06\/1111.png 790w, https:\/\/skbty.com\/wp-content\/uploads\/2023\/06\/1111-209x300.png 209w, https:\/\/skbty.com\/wp-content\/uploads\/2023\/06\/1111-713x1024.png 713w, https:\/\/skbty.com\/wp-content\/uploads\/2023\/06\/1111-768x1103.png 768w, https:\/\/skbty.com\/wp-content\/uploads\/2023\/06\/1111-600x862.png 600w\" sizes=\"auto, (max-width: 647px) 100vw, 647px\" \/><\/h2>\n<h2><strong>Was ist Kryolipolyse-Fettgefrieren?<\/strong><\/h2>\n<p>Das Fettgefrieren durch Kryolipolyse ist eine nicht-invasive, innovative Methode, bei der mithilfe von K\u00fchltechnologie Fettzellen gezielt eliminiert werden, was zu einer sichtbaren Fettreduzierung und K\u00f6rperformung f\u00fchrt. Diese Technologie ist ideal f\u00fcr diejenigen, denen es schwerf\u00e4llt, durch Sport oder Di\u00e4t Fett abzubauen.<\/p>\n<h2><img loading=\"lazy\" decoding=\"async\" class=\"aligncenter wp-image-2227\" title=\"Kryolipolyse Fetteinfrieren Abnehmen\" src=\"https:\/\/skbty.com\/wp-content\/uploads\/2023\/06\/H063711e978834fb9ad0d3334f53c5136e.png\" alt=\"Kryolipolyse Fetteinfrieren Abnehmen\" width=\"558\" height=\"452\" srcset=\"https:\/\/skbty.com\/wp-content\/uploads\/2023\/06\/H063711e978834fb9ad0d3334f53c5136e.png 790w, https:\/\/skbty.com\/wp-content\/uploads\/2023\/06\/H063711e978834fb9ad0d3334f53c5136e-300x243.png 300w, https:\/\/skbty.com\/wp-content\/uploads\/2023\/06\/H063711e978834fb9ad0d3334f53c5136e-768x621.png 768w, https:\/\/skbty.com\/wp-content\/uploads\/2023\/06\/H063711e978834fb9ad0d3334f53c5136e-600x485.png 600w\" sizes=\"auto, (max-width: 558px) 100vw, 558px\" \/><\/h2>\n<h2><strong>So funktioniert es: Die Wissenschaft hinter der Kryolipolyse<\/strong><\/h2>\n<p>Bei der Kryolipolyse werden Fettzellen pr\u00e4zise eingefroren, wodurch sie auf nat\u00fcrliche Weise absterben. Nach dem Einfrieren kristallisiert das Fett in den Fettzellen schneller als in normalen Zellen. Verbleibende Fettzellen werden neu angeordnet und nach einer Behandlung sterben kristallisierte Fettzellen allm\u00e4hlich ab und werden auf nat\u00fcrliche Weise aus dem K\u00f6rper ausgeschieden. Dies f\u00fchrt zu einer Verringerung der Fettdicke und einer deutlicheren K\u00f6rperkurve.<\/p>\n<h2><strong>NEUE TECHNOLOGIE \u2013 CRYO ANGLE<\/strong><\/h2>\n<p>Cryo Angle ist die neueste Technologie zum Einfrieren und K\u00fchlen von Fett. Dabei wird ein spezieller 360\u00b0-Applikator verwendet, um hartn\u00e4ckiges Fett zu bek\u00e4mpfen, das sich gegen Ver\u00e4nderungen in Ern\u00e4hrung und Bewegung str\u00e4ubt. Die Fettzellen unter der Haut werden effektiv eingefroren, zerst\u00f6rt und dauerhaft entfernt, ohne die umgebenden Schichten zu besch\u00e4digen.<\/p>\n<table style=\"border-collapse: collapse; width: 100%;\">\n<tbody>\n<tr>\n<td style=\"width: 50%;\"><img loading=\"lazy\" decoding=\"async\" class=\"aligncenter\" title=\"Kryolipolyse Fetteinfrieren Abnehmen\" src=\"https:\/\/sc04.alicdn.com\/kf\/Hf6ce5f60b4ce4bccabf1d0948f6c75c25\/247315878\/Hf6ce5f60b4ce4bccabf1d0948f6c75c25.jpg\" alt=\"Kryolipolyse Fetteinfrieren Abnehmen\" width=\"585\" height=\"936\" data-src=\"\/\/sc04.alicdn.com\/kf\/Hf6ce5f60b4ce4bccabf1d0948f6c75c25\/247315878\/Hf6ce5f60b4ce4bccabf1d0948f6c75c25.jpg\" \/><\/td>\n<td style=\"width: 50%;\"><img loading=\"lazy\" decoding=\"async\" class=\"aligncenter\" title=\"Kryolipolyse Fetteinfrieren Abnehmen\" src=\"https:\/\/sc04.alicdn.com\/kf\/Hc3fdd2e471114ffaae7a98571afb2dafR\/247315878\/Hc3fdd2e471114ffaae7a98571afb2dafR.jpg\" alt=\"Kryolipolyse Fetteinfrieren Abnehmen\" width=\"750\" height=\"1200\" data-src=\"\/\/sc04.alicdn.com\/kf\/Hc3fdd2e471114ffaae7a98571afb2dafR\/247315878\/Hc3fdd2e471114ffaae7a98571afb2dafR.jpg\" \/><\/td>\n<\/tr>\n<\/tbody>\n<\/table>\n<table style=\"border-collapse: collapse; width: 100%;\">\n<tbody>\n<tr>\n<td style=\"width: 50%;\"><img loading=\"lazy\" decoding=\"async\" class=\"aligncenter\" title=\"Kryolipolyse Fetteinfrieren Abnehmen\" src=\"https:\/\/sc04.alicdn.com\/kf\/H97d483bcd0884bae882ae8d2ea1e88b83\/247315878\/H97d483bcd0884bae882ae8d2ea1e88b83.jpg\" alt=\"Kryolipolyse Fetteinfrieren Abnehmen\" width=\"750\" height=\"1200\" data-src=\"\/\/sc04.alicdn.com\/kf\/H97d483bcd0884bae882ae8d2ea1e88b83\/247315878\/H97d483bcd0884bae882ae8d2ea1e88b83.jpg\" \/><\/td>\n<td style=\"width: 50%;\"><img loading=\"lazy\" decoding=\"async\" class=\"aligncenter\" title=\"Kryolipolyse Fetteinfrieren Abnehmen\" src=\"https:\/\/sc04.alicdn.com\/kf\/H720d5c6a69b64381babbac46a827e026U\/247315878\/H720d5c6a69b64381babbac46a827e026U.jpg\" alt=\"Kryolipolyse Fetteinfrieren Abnehmen\" width=\"750\" height=\"1200\" data-src=\"\/\/sc04.alicdn.com\/kf\/H720d5c6a69b64381babbac46a827e026U\/247315878\/H720d5c6a69b64381babbac46a827e026U.jpg\" \/><\/td>\n<\/tr>\n<\/tbody>\n<\/table>\n<h2><strong>Vorteile:<\/strong><\/h2>\n<ul>\n<li><strong>Sichtbare Fettreduktion:<\/strong>\u00a0Durch die Kryolipolyse kommt es zu einer sichtbaren Fettreduktion und K\u00f6rperformung.<\/li>\n<li><strong>Nicht-invasiv:<\/strong>\u00a0Diese Technologie ist nicht-invasiv und sch\u00e4digt das umliegende Gewebe nicht.<\/li>\n<li><strong>Dauerhafte Ergebnisse:<\/strong>\u00a0Fettzellen werden dauerhaft eliminiert, was zu langfristigen Ergebnissen f\u00fchrt.<\/li>\n<li><strong>Einfach zu bedienen:<\/strong>\u00a0Die Cool Fat Freezing Machine ist einfach zu bedienen und verf\u00fcgt \u00fcber eine benutzerfreundliche Oberfl\u00e4che.<\/li>\n<\/ul>\n<h2><strong>Abschluss:<\/strong><\/h2>\n<p>Die Cool Fat Freezing Machine ist eine revolution\u00e4re Technologie, die mithilfe fortschrittlicher K\u00fchltechnologie gezielt Fettzellen eliminiert, was zu einer sichtbaren Fettreduzierung und K\u00f6rperformung f\u00fchrt. Mit ihrem nicht-invasiven und sicheren Ansatz ist diese Maschine die ultimative L\u00f6sung f\u00fcr alle, die einen schlankeren und strafferen K\u00f6rper erreichen m\u00f6chten.<\/p>\n<\/div>\n<div>\n<div><\/div>\n<div><img loading=\"lazy\" decoding=\"async\" class=\"aligncenter wp-image-2226\" title=\"Kryolipolyse Fetteinfrieren Abnehmen\" src=\"https:\/\/skbty.com\/wp-content\/uploads\/2023\/06\/H063711e978834fb9ad0d3334f53c5136e.jpg\" alt=\"Kryolipolyse Fetteinfrieren Abnehmen\" width=\"498\" height=\"432\" srcset=\"https:\/\/skbty.com\/wp-content\/uploads\/2023\/06\/H063711e978834fb9ad0d3334f53c5136e.jpg 790w, https:\/\/skbty.com\/wp-content\/uploads\/2023\/06\/H063711e978834fb9ad0d3334f53c5136e-300x260.jpg 300w, https:\/\/skbty.com\/wp-content\/uploads\/2023\/06\/H063711e978834fb9ad0d3334f53c5136e-768x666.jpg 768w, https:\/\/skbty.com\/wp-content\/uploads\/2023\/06\/H063711e978834fb9ad0d3334f53c5136e-600x520.jpg 600w\" sizes=\"auto, (max-width: 498px) 100vw, 498px\" \/><\/div>\n<div><\/div>\n<div>\n<div>\n<div>\n<div class=\"layoutkit-flexbox css-qyvfwg\">\n<div class=\"layoutkit-flexbox css-i80ya5\">\n<div tabindex=\"0\" data-testid=\"virtuoso-scroller\" data-virtuoso-scroller=\"true\">\n<div data-viewport-type=\"element\">\n<div data-testid=\"virtuoso-item-list\">\n<div data-index=\"2\" data-known-size=\"2325\" data-item-index=\"2\">\n<div class=\"layoutkit-flexbox css-fwqjpa acss-xqi55h\">\n<div class=\"layoutkit-flexbox css-9pyqzz acss-4ej7mt\">\n<div class=\"layoutkit-flexbox css-roa2v7 acss-1fr3od3\">\n<div class=\"layoutkit-flexbox css-9pyqzz acss-13xnlhu\" role=\"menubar\">\n<div class=\"layoutkit-flexbox css-7k1dqj acss-r7dee\">\n<h2 class=\"acss-55oylt\"><strong style=\"font-family: 'Playfair Display', serif; font-size: 24px; text-transform: capitalize;\">Anpassen Logo<\/strong><\/h2>\n<\/div>\n<\/div>\n<\/div>\n<\/div>\n<\/div>\n<\/div>\n<\/div>\n<\/div>\n<\/div>\n<\/div>\n<\/div>\n<\/div>\n<\/div>\n<div>\n<p>Wollen, machen Ihre Marke stand heraus? Wir bieten angepasst logo Dienstleistungen zu helfen Sie erstellen Sie eine einzigartige und personalisierte logo spiegelt Ihre Marke Identit\u00e4t. Unser team von Experten arbeiten eng mit Ihnen zusammen, um ein logo zu entwerfen, die in Resonanz mit Ihrer Marke und messaging. Egal, ob Sie Umbau Ihres bestehenden Logos oder eine neue erstellen von Grund auf neu, wir haben Sie abgedeckt. <a href=\"\/de\/kontakt\/\">Kontaktieren Sie uns<\/a> heute erfahren Sie mehr \u00fcber unsere ma\u00dfgeschneiderten logo-Service!<\/p>\n<\/div>\n<\/div>\n<\/div>","protected":false},"excerpt":{"rendered":"<p>Entdecken Sie die revolution\u00e4re Cool Fat Freezing Machine, die mithilfe modernster K\u00fchltechnologie Fettzellen gezielt eliminiert und so zu einer sichtbaren Fettreduzierung und K\u00f6rperformung f\u00fchrt.<\/p>","protected":false},"featured_media":1915,"comment_status":"open","ping_status":"closed","template":"","meta":{"_kad_post_transparent":"default","_kad_post_title":"","_kad_post_layout":"default","_kad_post_sidebar_id":"","_kad_post_content_style":"default","_kad_post_vertical_padding":"default","_kad_post_feature":"","_kad_post_feature_position":"","_kad_post_header":false,"_kad_post_footer":false,"_kad_post_classname":"","rank_math_title":"","rank_math_description":"","rank_math_focus_keyword":""},"product_brand":[],"product_cat":[31],"product_tag":[],"class_list":{"0":"post-1914","1":"product","2":"type-product","3":"status-publish","4":"has-post-thumbnail","6":"product_cat-body-slimming","8":"first","9":"instock","10":"shipping-taxable","11":"product-type-simple","12":"entry","13":"content-bg","14":"loop-entry"},"_links":{"self":[{"href":"https:\/\/skbty.com\/de\/wp-json\/wp\/v2\/product\/1914","targetHints":{"allow":["GET"]}}],"collection":[{"href":"https:\/\/skbty.com\/de\/wp-json\/wp\/v2\/product"}],"about":[{"href":"https:\/\/skbty.com\/de\/wp-json\/wp\/v2\/types\/product"}],"replies":[{"embeddable":true,"href":"https:\/\/skbty.com\/de\/wp-json\/wp\/v2\/comments?post=1914"}],"wp:featuredmedia":[{"embeddable":true,"href":"https:\/\/skbty.com\/de\/wp-json\/wp\/v2\/media\/1915"}],"wp:attachment":[{"href":"https:\/\/skbty.com\/de\/wp-json\/wp\/v2\/media?parent=1914"}],"wp:term":[{"taxonomy":"product_brand","embeddable":true,"href":"https:\/\/skbty.com\/de\/wp-json\/wp\/v2\/product_brand?post=1914"},{"taxonomy":"product_cat","embeddable":true,"href":"https:\/\/skbty.com\/de\/wp-json\/wp\/v2\/product_cat?post=1914"},{"taxonomy":"product_tag","embeddable":true,"href":"https:\/\/skbty.com\/de\/wp-json\/wp\/v2\/product_tag?post=1914"}],"curies":[{"name":"wp","href":"https:\/\/api.w.org\/{rel}","templated":true}]}}