{"id":1922,"date":"2023-06-15T18:21:50","date_gmt":"2023-06-15T10:21:50","guid":{"rendered":"https:\/\/skbty.com\/?post_type=product&#038;p=1922"},"modified":"2024-06-24T18:32:55","modified_gmt":"2024-06-24T10:32:55","slug":"360-grad-kryolipolyse-maschine-zum-abnehmen-und-fetteinfrieren","status":"publish","type":"product","link":"https:\/\/skbty.com\/de\/product\/360-grad-kryolipolyse-maschine-zum-abnehmen-und-fetteinfrieren\/","title":{"rendered":"360 Kryolipolyse-Schlankheitsmaschine zum Einfrieren von Fett und zur Gewichtsabnahme"},"content":{"rendered":"<div>\n<h1><strong>360-Grad-Kryolipolyse-Schlankheitsmaschine mit Fettgefrierfunktion: Die ultimative L\u00f6sung zur K\u00f6rperformung<\/strong><\/h1>\n<h2><strong>Was ist Kryolipolyse und Fetteinfrieren zur Gewichtsabnahme?<\/strong><\/h2>\n<p>Kryolipolyse zur Fettverbrennung und zum Abnehmen ist eine nicht-invasive, innovative Methode, die Fett in gezielten K\u00f6rperbereichen sanft und effektiv reduziert, was zu einer sichtbaren, fortgeschrittenen Fettreduktion im behandelten Bereich f\u00fchrt. Diese Technologie verwendet K\u00fchlung, um gezielt Fettpolster zu behandeln und Fettzellen durch einen schrittweisen Prozess zu beseitigen, der das umliegende Gewebe nicht sch\u00e4digt und \u00fcbersch\u00fcssiges Fett reduziert.<\/p>\n<table style=\"border-collapse: collapse; width: 100%;\">\n<tbody>\n<tr>\n<td style=\"width: 50%;\">\n<h2><img loading=\"lazy\" decoding=\"async\" class=\"aligncenter\" title=\"Kryolipolyse - Abnehmen - Fett einfrieren\" src=\"https:\/\/sc04.alicdn.com\/kf\/H93747fe0d3274ad29ed2d4e9acf34903d\/247315878\/H93747fe0d3274ad29ed2d4e9acf34903d.jpg\" alt=\"Kryolipolyse - Abnehmen - Fett einfrieren\" width=\"558\" height=\"539\" data-src=\"\/\/sc04.alicdn.com\/kf\/H93747fe0d3274ad29ed2d4e9acf34903d\/247315878\/H93747fe0d3274ad29ed2d4e9acf34903d.jpg\" \/><\/h2>\n<\/td>\n<td style=\"width: 50%;\"><img loading=\"lazy\" decoding=\"async\" class=\"aligncenter\" title=\"Kryolipolyse - Abnehmen - Fett einfrieren\" src=\"https:\/\/sc04.alicdn.com\/kf\/H8f31b42148964c8db525800df7b68c06S\/247315878\/H8f31b42148964c8db525800df7b68c06S.jpg\" alt=\"Kryolipolyse - Abnehmen - Fett einfrieren\" width=\"750\" height=\"589\" data-src=\"\/\/sc04.alicdn.com\/kf\/H8f31b42148964c8db525800df7b68c06S\/247315878\/H8f31b42148964c8db525800df7b68c06S.jpg\" \/><\/td>\n<\/tr>\n<\/tbody>\n<\/table>\n<h2><strong>So funktioniert es: Die Wissenschaft hinter der Kryolipolyse<\/strong><\/h2>\n<p>Bei der Kryolipolyse werden Fettzellen mithilfe einer K\u00fchltechnologie gezielt eingefroren, sodass sie anschlie\u00dfend auf nat\u00fcrliche Weise vom K\u00f6rper ausgeschieden werden. Dieser Prozess ist sicher und sch\u00e4digt das umliegende Gewebe nicht. Die Kontaktk\u00fchlung der H\u00e4nde reguliert die Temperatur der Haut auf einer Seite, sch\u00fctzt die feine Hautstruktur und erzielt den Effekt der Fettreduzierung und K\u00f6rperformung bei gleichzeitiger Straffung der Haut.<\/p>\n<h2><strong>Maschinenmerkmale:<\/strong><\/h2>\n<ul>\n<li><strong>Name:<\/strong>\u00a0360 Kryo-Schlankheitsmaschine zum Einfrieren von Fett und zur Gewichtsabnahme<\/li>\n<li><strong>Verwendung:<\/strong>\u00a0K\u00f6rper, Gesicht<\/li>\n<li><strong>OEM-Dienst:<\/strong>\u00a0Unterst\u00fctzung<\/li>\n<li><strong>Griffe:<\/strong>\u00a09 Griffe 6 in 1<\/li>\n<li><strong>CTechnologie:<\/strong>\u00a0K\u00fchles Einfrieren<\/li>\n<li><strong>NEUE TECHNOLOGIE-CRYO ANGLE:<\/strong>\u00a0Cryo Angle ist die neueste Technologie zum Einfrieren und K\u00fchlen von Fett. Dabei wird ein spezieller 360\u00b0-Applikator verwendet, um hartn\u00e4ckiges Fett zu bek\u00e4mpfen, das sich gegen Ver\u00e4nderungen in Ern\u00e4hrung und Bewegung str\u00e4ubt. Die Fettzellen unter der Haut werden effektiv eingefroren, zerst\u00f6rt und dauerhaft entfernt, ohne die umgebenden Schichten zu besch\u00e4digen.<\/li>\n<\/ul>\n<table style=\"border-collapse: collapse; width: 100%;\">\n<tbody>\n<tr>\n<td style=\"width: 50%;\"><img loading=\"lazy\" decoding=\"async\" class=\"aligncenter\" title=\"Kryolipolyse - Abnehmen - Fett einfrieren\" src=\"https:\/\/sc04.alicdn.com\/kf\/H05a8a8d574f44035ad6ddea538857e36o\/247315878\/H05a8a8d574f44035ad6ddea538857e36o.jpg\" alt=\"Kryolipolyse - Abnehmen - Fett einfrieren\" width=\"750\" height=\"1169\" data-src=\"\/\/sc04.alicdn.com\/kf\/H05a8a8d574f44035ad6ddea538857e36o\/247315878\/H05a8a8d574f44035ad6ddea538857e36o.jpg\" \/><\/td>\n<td style=\"width: 50%;\"><img loading=\"lazy\" decoding=\"async\" class=\"aligncenter\" title=\"Kryolipolyse - Abnehmen - Fett einfrieren\" src=\"https:\/\/sc04.alicdn.com\/kf\/Ha9bd41f1b1294b9ab5f290be0db5811cx\/247315878\/Ha9bd41f1b1294b9ab5f290be0db5811cx.jpg\" alt=\"Kryolipolyse - Abnehmen - Fett einfrieren\" width=\"750\" height=\"1203\" data-src=\"\/\/sc04.alicdn.com\/kf\/Ha9bd41f1b1294b9ab5f290be0db5811cx\/247315878\/Ha9bd41f1b1294b9ab5f290be0db5811cx.jpg\" \/><\/td>\n<\/tr>\n<\/tbody>\n<\/table>\n<h2><img loading=\"lazy\" decoding=\"async\" class=\"aligncenter\" title=\"Kryolipolyse - Abnehmen - Fett einfrieren\" src=\"https:\/\/sc04.alicdn.com\/kf\/Ha55884564ba34b39ab35c8ce12688fdaJ\/247315878\/Ha55884564ba34b39ab35c8ce12688fdaJ.jpg\" alt=\"Kryolipolyse - Abnehmen - Fett einfrieren\" width=\"459\" height=\"508\" data-src=\"\/\/sc04.alicdn.com\/kf\/Ha55884564ba34b39ab35c8ce12688fdaJ\/247315878\/Ha55884564ba34b39ab35c8ce12688fdaJ.jpg\" \/><\/h2>\n<h2><strong>Vorteile:<\/strong><\/h2>\n<ul>\n<li><strong>Sichtbare Fettreduktion:<\/strong>\u00a0Durch die Kryolipolyse kommt es zu einer sichtbaren, starken Fettreduktion im behandelten Bereich.<\/li>\n<li><strong>K\u00f6rperformung:<\/strong>\u00a0Mit dieser Technologie wird der Effekt der Fettreduzierung und K\u00f6rperformung erzielt, w\u00e4hrend gleichzeitig die Haut gestrafft wird.<\/li>\n<li><strong>Nicht-invasiv:<\/strong>\u00a0Die Kryolipolyse ist eine nicht-invasive Methode, bei der das umliegende Gewebe nicht gesch\u00e4digt wird.<\/li>\n<li><strong>Dauerhafte Ergebnisse:<\/strong>\u00a0Fettzellen werden dauerhaft eliminiert, was zu langfristigen Ergebnissen f\u00fchrt.<\/li>\n<\/ul>\n<h2><strong>Abschluss:<\/strong><\/h2>\n<p>Die 360 Cryolipolysis Slimming Fat Freezing Body Weight Loss Machine ist eine revolution\u00e4re Technologie, die eine fortschrittliche K\u00fchltechnologie verwendet, um Fettzellen gezielt zu beseitigen, was zu einer sichtbaren Fettreduzierung und K\u00f6rperformung f\u00fchrt. Mit seinem nicht-invasiven und sicheren Ansatz ist diese Maschine die ultimative L\u00f6sung f\u00fcr alle, die einen schlankeren und strafferen K\u00f6rper erreichen m\u00f6chten.<\/p>\n<\/div>\n<div><\/div>\n<div>\n<div>\n<div>\n<div>\n<div>\n<div><img loading=\"lazy\" decoding=\"async\" class=\"aligncenter\" title=\"Kryolipolyse - Abnehmen - Fett einfrieren\" src=\"https:\/\/sc04.alicdn.com\/kf\/H0e947c357e5440d89f0aa442f0031adah\/247315878\/H0e947c357e5440d89f0aa442f0031adah.jpg\" alt=\"Kryolipolyse - Abnehmen - Fett einfrieren\" width=\"508\" height=\"997\" data-src=\"\/\/sc04.alicdn.com\/kf\/H0e947c357e5440d89f0aa442f0031adah\/247315878\/H0e947c357e5440d89f0aa442f0031adah.jpg\" \/><\/div>\n<\/div>\n<div>\n<div>\n<div>\n<div class=\"layoutkit-flexbox css-qyvfwg\">\n<div class=\"layoutkit-flexbox css-i80ya5\">\n<div tabindex=\"0\" data-testid=\"virtuoso-scroller\" data-virtuoso-scroller=\"true\">\n<div data-viewport-type=\"element\">\n<div data-testid=\"virtuoso-item-list\">\n<div data-index=\"2\" data-known-size=\"2325\" data-item-index=\"2\">\n<div class=\"layoutkit-flexbox css-fwqjpa acss-xqi55h\">\n<div class=\"layoutkit-flexbox css-9pyqzz acss-4ej7mt\">\n<div class=\"layoutkit-flexbox css-roa2v7 acss-1fr3od3\">\n<div class=\"layoutkit-flexbox css-9pyqzz acss-13xnlhu\" role=\"menubar\">\n<div class=\"layoutkit-flexbox css-7k1dqj acss-r7dee\">\n<h2 class=\"acss-55oylt\"><strong style=\"font-family: 'Playfair Display', serif; font-size: 24px; text-transform: capitalize;\">Anpassen Logo<\/strong><\/h2>\n<\/div>\n<\/div>\n<\/div>\n<\/div>\n<\/div>\n<\/div>\n<\/div>\n<\/div>\n<\/div>\n<\/div>\n<\/div>\n<\/div>\n<\/div>\n<div>\n<p>Wollen, machen Ihre Marke stand heraus? Wir bieten angepasst logo Dienstleistungen zu helfen Sie erstellen Sie eine einzigartige und personalisierte logo spiegelt Ihre Marke Identit\u00e4t. Unser team von Experten arbeiten eng mit Ihnen zusammen, um ein logo zu entwerfen, die in Resonanz mit Ihrer Marke und messaging. Egal, ob Sie Umbau Ihres bestehenden Logos oder eine neue erstellen von Grund auf neu, wir haben Sie abgedeckt. <a href=\"\/de\/kontakt\/\">Kontaktieren Sie uns<\/a> heute erfahren Sie mehr \u00fcber unsere ma\u00dfgeschneiderten logo-Service!<\/p>\n<\/div>\n<div>\n<div>\n<div>\n<div>\n<div><\/div>\n<\/div>\n<\/div>\n<\/div>\n<\/div>\n<\/div>\n<\/div>\n<\/div>\n<\/div>\n<\/div>","protected":false},"excerpt":{"rendered":"<div class=\"J_module\">\n<div class=\"detail-decorate-json-renderer-container\">\n<div class=\"magic-2\">\n<div class=\"magic-5\">\n<div class=\"magic-6\">\n<div class=\"magic-7\"><span class=\"magic-8\" data-spm-anchor-id=\"a2700.details.0.i45.6af76191eTByXc\">Kryolipolyse ist eine neue, nicht-invasive Methode, die Fett an gezielten K\u00f6rperstellen sanft und effektiv reduziert, was zu einer sichtbaren, fortgeschrittenen Fettreduktion im behandelten Bereich f\u00fchrt. Da Triglyceride im Fett bei extrem niedrigen Temperaturen in Feststoffe umgewandelt werden, werden Fettpolster mithilfe der K\u00fchltechnologie gezielt angegriffen und Fettzellen durch einen schrittweisen Prozess beseitigt, der das umliegende Gewebe nicht sch\u00e4digt und \u00fcbersch\u00fcssiges Fett reduziert. Die Kontaktk\u00fchlung der H\u00e4nde passt die Temperatur der Haut auf einer Seite an, sch\u00fctzt die feine Hautstruktur und erzielt den Effekt der Fettreduzierung und K\u00f6rperformung bei gleichzeitiger Straffung der Haut! Gefrier-Schlankheitsmaschine zur K\u00f6rperformung, Gefrier-Fettschmelz-Gefriersystem und Sch\u00f6nheitssystem zum Gefrieren und Schmelzen von Cellulite.<\/span><\/div>\n<\/div>\n<\/div>\n<\/div>\n<\/div>\n<\/div>\n<div class=\"J_module\"><\/div>","protected":false},"featured_media":1923,"comment_status":"open","ping_status":"closed","template":"","meta":{"_kad_post_transparent":"default","_kad_post_title":"","_kad_post_layout":"default","_kad_post_sidebar_id":"","_kad_post_content_style":"default","_kad_post_vertical_padding":"default","_kad_post_feature":"","_kad_post_feature_position":"","_kad_post_header":false,"_kad_post_footer":false,"_kad_post_classname":"","rank_math_title":"","rank_math_description":"","rank_math_focus_keyword":""},"product_brand":[],"product_cat":[31],"product_tag":[],"class_list":{"0":"post-1922","1":"product","2":"type-product","3":"status-publish","4":"has-post-thumbnail","6":"product_cat-body-slimming","8":"first","9":"instock","10":"shipping-taxable","11":"product-type-simple","12":"entry","13":"content-bg","14":"loop-entry"},"_links":{"self":[{"href":"https:\/\/skbty.com\/de\/wp-json\/wp\/v2\/product\/1922","targetHints":{"allow":["GET"]}}],"collection":[{"href":"https:\/\/skbty.com\/de\/wp-json\/wp\/v2\/product"}],"about":[{"href":"https:\/\/skbty.com\/de\/wp-json\/wp\/v2\/types\/product"}],"replies":[{"embeddable":true,"href":"https:\/\/skbty.com\/de\/wp-json\/wp\/v2\/comments?post=1922"}],"wp:featuredmedia":[{"embeddable":true,"href":"https:\/\/skbty.com\/de\/wp-json\/wp\/v2\/media\/1923"}],"wp:attachment":[{"href":"https:\/\/skbty.com\/de\/wp-json\/wp\/v2\/media?parent=1922"}],"wp:term":[{"taxonomy":"product_brand","embeddable":true,"href":"https:\/\/skbty.com\/de\/wp-json\/wp\/v2\/product_brand?post=1922"},{"taxonomy":"product_cat","embeddable":true,"href":"https:\/\/skbty.com\/de\/wp-json\/wp\/v2\/product_cat?post=1922"},{"taxonomy":"product_tag","embeddable":true,"href":"https:\/\/skbty.com\/de\/wp-json\/wp\/v2\/product_tag?post=1922"}],"curies":[{"name":"wp","href":"https:\/\/api.w.org\/{rel}","templated":true}]}}