{"id":1928,"date":"2023-06-15T18:40:54","date_gmt":"2023-06-15T10:40:54","guid":{"rendered":"https:\/\/skbty.com\/?post_type=product&#038;p=1928"},"modified":"2024-06-24T15:31:23","modified_gmt":"2024-06-24T07:31:23","slug":"ems-maschine-zum-abnehmen-mit-1-griff-fur-den-heimgebrauch","status":"publish","type":"product","link":"https:\/\/skbty.com\/de\/product\/ems-maschine-zum-abnehmen-mit-1-griff-fur-den-heimgebrauch\/","title":{"rendered":"EMS-K\u00f6rper-Schlankheitsmaschine mit 1 Griff f\u00fcr den Heimgebrauch"},"content":{"rendered":"<div>\n<div>\n<div class=\"layoutkit-flexbox css-qyvfwg\">\n<div class=\"layoutkit-flexbox css-i80ya5\">\n<div tabindex=\"0\" data-testid=\"virtuoso-scroller\" data-virtuoso-scroller=\"true\">\n<div data-viewport-type=\"element\">\n<div data-testid=\"virtuoso-item-list\">\n<div data-index=\"2\" data-known-size=\"2325\" data-item-index=\"2\">\n<div class=\"layoutkit-flexbox css-fwqjpa acss-xqi55h\">\n<div class=\"layoutkit-flexbox css-9pyqzz acss-4ej7mt\">\n<div class=\"layoutkit-flexbox css-roa2v7 acss-1fr3od3\">\n<div class=\"layoutkit-flexbox css-o3n4io acss-9nl0uq\">\n<div id=\"EuHgFA58\" class=\"layoutkit-flexbox css-fr78qt\">\n<div>\n<article data-code-type=\"markdown\">\n<div class=\"acss-1x7ejwa\">\n<h1><strong>Der ultimative Leitfaden f\u00fcr die Heimanwendung eines EMS-K\u00f6rperschlankheitsger\u00e4ts mit 1 Griff<\/strong><\/h1>\n<h2><strong>Revolutionieren Sie Ihren K\u00f6rper mit hochintensiver gepulster elektromagnetischer Technologie<\/strong><\/h2>\n<p>Sind Sie es leid, verschiedene Methoden zur Gewichtsabnahme mit wenig bis gar keinem Ergebnis auszuprobieren? M\u00f6chten Sie einen schlankeren K\u00f6rper erreichen, ohne sich invasiven Eingriffen zu unterziehen oder Stunden im Fitnessstudio zu verbringen? Suchen Sie nicht weiter! Die EMS-K\u00f6rperabnehmmaschine f\u00fcr den Heimgebrauch mit einem Griff ist ein Wendepunkt in der Welt der K\u00f6rperabnehmtechnologie.<\/p>\n<h2><strong>So funktioniert es: Die Wissenschaft hinter der HI-EMT-Technologie<\/strong><\/h2>\n<p>Das EMS-Ger\u00e4t zur K\u00f6rperstraffung mit einem Griff f\u00fcr den Heimgebrauch verwendet hochintensive gepulste elektromagnetische Technologie, um Muskelkontraktionen zu stimulieren. Diese Technologie basiert auf dem Prinzip, dass Muskeln zu schnellen Kontraktionen und Entspannungen gezwungen werden k\u00f6nnen, was zu einer Zunahme der Muskelmasse und einer Verringerung des Fettanteils f\u00fchrt.<\/p>\n<h2><img loading=\"lazy\" decoding=\"async\" class=\"aligncenter\" title=\"EMS-K\u00f6rperschlankheitsmaschine\" src=\"https:\/\/sc04.alicdn.com\/kf\/Hee7834dbc6924c72b14598a28ee78993G\/247315878\/Hee7834dbc6924c72b14598a28ee78993G.jpg\" alt=\"EMS-K\u00f6rperschlankheitsmaschine\" width=\"520\" height=\"813\" data-src=\"\/\/sc04.alicdn.com\/kf\/Hee7834dbc6924c72b14598a28ee78993G\/247315878\/Hee7834dbc6924c72b14598a28ee78993G.jpg\" \/><\/h2>\n<h2><strong>Behandlungsbereiche: Wo kann ich das Ger\u00e4t einsetzen?<\/strong><\/h2>\n<p>Mit der EMS-K\u00f6rperschlankheitsmaschine mit 1 Griff f\u00fcr den Heimgebrauch k\u00f6nnen Sie verschiedene K\u00f6rperbereiche behandeln, darunter:<\/p>\n<ul>\n<li><strong>Ges\u00e4\u00df<\/strong>: Holen Sie sich einen strafferen und festeren Hintern<\/li>\n<li><strong>Schenkel<\/strong>: Verringern Sie Ihre Oberschenkel und erhalten Sie eine definiertere Form<\/li>\n<li><strong>H\u00fcfte<\/strong>: Reduzieren Sie Fett und erh\u00f6hen Sie die Muskelmasse in Ihren H\u00fcften<\/li>\n<li><strong>Waffen<\/strong>: Straffe und schlanke Arme<\/li>\n<li><strong>ABS<\/strong>: Erreichen Sie einen flacheren und definierteren Bauch<\/li>\n<\/ul>\n<h2><img loading=\"lazy\" decoding=\"async\" class=\"aligncenter\" title=\"EMS-K\u00f6rperschlankheitsmaschine\" src=\"https:\/\/sc04.alicdn.com\/kf\/Hbf93baffd38a48769974b8d1c727f42fa\/247315878\/Hbf93baffd38a48769974b8d1c727f42fa.jpg\" alt=\"EMS-K\u00f6rperschlankheitsmaschine\" width=\"641\" height=\"1597\" data-src=\"\/\/sc04.alicdn.com\/kf\/Hbf93baffd38a48769974b8d1c727f42fa\/247315878\/Hbf93baffd38a48769974b8d1c727f42fa.jpg\" \/><\/h2>\n<h2><strong>Sicherheitsfunktionen: Intelligentes Luftk\u00fchlsystem<\/strong><\/h2>\n<p>Die EMS-Maschine zur K\u00f6rperabnahme mit einem Griff f\u00fcr den Heimgebrauch verf\u00fcgt \u00fcber ein intelligentes Luftk\u00fchlungssystem, das daf\u00fcr sorgt, dass die Maschine w\u00e4hrend der Behandlung keine hohen Temperaturen erzeugt. Dieses System verbessert auch die Lebensdauer und den Sicherheitsfaktor der Maschine.<\/p>\n<h2><strong>Ergebnisse: Was kann ich von der Maschine erwarten?<\/strong><\/h2>\n<p>Die Home Use 1 Handle EMS Body Slimming Machine kann Fett reduzieren durch\u00a0<strong>21%<\/strong>\u00a0und erh\u00f6hen die Muskelmasse durch\u00a0<strong>16%<\/strong>. Dieses Ger\u00e4t ist ideal f\u00fcr diejenigen, die im Liegen einen schlankeren K\u00f6rper erreichen m\u00f6chten.<\/p>\n<h2><strong>Technische Daten: Was Sie wissen m\u00fcssen<\/strong><\/h2>\n<ul>\n<li><strong>Leistungsaufnahme<\/strong>: 220\/110 V 50\/60 Hz<\/li>\n<li><strong>Maximaler Stromverbrauch<\/strong>: 2,3 kVA<\/li>\n<li><strong>Ausgangsleistung<\/strong>Leistung: 2000 W<\/li>\n<li><strong>Maschinenfarbe<\/strong>: Grau<\/li>\n<li><strong>Ausgabeintensit\u00e4t<\/strong>: 7 T<\/li>\n<li><strong>Form des Stimulationsimpulses<\/strong>: Zweiphasig<\/li>\n<li><strong>Pulsdauer<\/strong>: 300 \u00b5s<\/li>\n<li><strong>Griffe<\/strong>: 1<\/li>\n<li><strong>Paketgr\u00f6\u00dfe<\/strong>: 576252cm\/42kg<\/li>\n<\/ul>\n<h2><strong>Prinzip: So funktioniert die HI-EMT-Technologie<\/strong><\/h2>\n<p>Das EMS-Ger\u00e4t zur K\u00f6rperstraffung mit einem Griff f\u00fcr den Heimgebrauch verwendet HI-EMT-Technologie zum kontinuierlichen Dehnen und Zusammenziehen autologer Muskeln und f\u00fchrt ein extremes Training durch, um die innere Struktur des Muskels tiefgreifend umzuformen, was zum Wachstum von Muskelfibrillen und zur Produktion neuer Proteinketten und Muskelfasern f\u00fchrt.<\/p>\n<h2><img loading=\"lazy\" decoding=\"async\" class=\"aligncenter\" title=\"EMS-K\u00f6rperschlankheitsmaschine\" src=\"https:\/\/sc04.alicdn.com\/kf\/H41c231afb7a249dca57d7fc873e9abdbk\/247315878\/H41c231afb7a249dca57d7fc873e9abdbk.jpg\" alt=\"EMS-K\u00f6rperschlankheitsmaschine\" width=\"490\" height=\"453\" data-src=\"\/\/sc04.alicdn.com\/kf\/H41c231afb7a249dca57d7fc873e9abdbk\/247315878\/H41c231afb7a249dca57d7fc873e9abdbk.jpg\" \/><\/h2>\n<h2><strong>Muskelaufbau-Effekt: Werden Sie straff und schlank<\/strong><\/h2>\n<p>Das EMS-Ger\u00e4t zur K\u00f6rperstraffung mit einem Griff f\u00fcr den Heimgebrauch verwendet HI-EMT-Technologie, um Muskelkontraktionen zu erzwingen, was zu einer Zunahme der Muskelmasse f\u00fchrt. Dieses Ger\u00e4t kann die Anpassung des Muskelgewebes steigern, was zu einem Wachstum von Myofibrillen und Muskelfasern f\u00fchrt.<\/p>\n<h2><strong>Fettreduzierende Wirkung: Verabschieden Sie sich von \u00fcbersch\u00fcssigem Fett<\/strong><\/h2>\n<p>Die Home Use 1 Handle EMS Body Slimming Machine kann Fett um ca. reduzieren\u00a0<strong>19%<\/strong>. Diese Maschine funktioniert, indem sie Apoptose ausl\u00f6st, einen nat\u00fcrlichen Prozess des Zelltods, der zur Reduzierung der Fettzellen f\u00fchrt.<\/p>\n<h2><img loading=\"lazy\" decoding=\"async\" class=\"aligncenter\" title=\"EMS-K\u00f6rperschlankheitsmaschine\" src=\"https:\/\/sc04.alicdn.com\/kf\/H60f2d1eda176420cb0c637505a6ce970f\/247315878\/H60f2d1eda176420cb0c637505a6ce970f.jpg\" alt=\"EMS-K\u00f6rperschlankheitsmaschine\" width=\"592\" height=\"1062\" data-src=\"\/\/sc04.alicdn.com\/kf\/H60f2d1eda176420cb0c637505a6ce970f\/247315878\/H60f2d1eda176420cb0c637505a6ce970f.jpg\" \/><\/h2>\n<h2><strong>Fazit: Mit Leichtigkeit zu einem schlankeren K\u00f6rper<\/strong><\/h2>\n<p>Das EMS-Schlankheitsger\u00e4t f\u00fcr den Heimgebrauch mit einem Griff ist eine revolution\u00e4re Technologie, mit der Sie im Liegen einen schlankeren K\u00f6rper erreichen k\u00f6nnen. Dieses Ger\u00e4t ist sicher, nicht invasiv und kann zur Behandlung verschiedener K\u00f6rperbereiche verwendet werden.<\/p>\n<h2><img loading=\"lazy\" decoding=\"async\" class=\"aligncenter\" title=\"EMS-K\u00f6rperschlankheitsmaschine\" src=\"https:\/\/sc04.alicdn.com\/kf\/H116b5f89de21443eb899113300554747q\/247315878\/H116b5f89de21443eb899113300554747q.jpg\" alt=\"EMS-K\u00f6rperschlankheitsmaschine\" width=\"523\" height=\"512\" data-src=\"\/\/sc04.alicdn.com\/kf\/H116b5f89de21443eb899113300554747q\/247315878\/H116b5f89de21443eb899113300554747q.jpg\" \/><\/h2>\n<h2><strong>H\u00e4ufig gestellte Fragen<\/strong><\/h2>\n<h3>F: Ist die EMS-Schlankheitsmaschine mit einem Griff f\u00fcr den Heimgebrauch sicher in der Anwendung?<\/h3>\n<p>A: Ja, das Ger\u00e4t ist sicher und nicht-invasiv und verf\u00fcgt \u00fcber ein intelligentes Luftk\u00fchlsystem, um die Sicherheit w\u00e4hrend der Behandlung zu gew\u00e4hrleisten.<\/p>\n<h3>F: Wie lange dauert eine Behandlungssitzung?<\/h3>\n<p>A: Behandlungssitzungen dauern normalerweise etwa 30 Minuten.<\/p>\n<h3>F: Kann ich das Ger\u00e4t an mehreren K\u00f6rperstellen verwenden?<\/h3>\n<p>A: Ja, das Ger\u00e4t kann zur Behandlung verschiedener K\u00f6rperbereiche verwendet werden, darunter Ges\u00e4\u00df, Oberschenkel, H\u00fcften, Arme und Bauch.<\/p>\n<h3>F: Wie oft sollte ich die Maschine verwenden?<\/h3>\n<p>A: Die besten Ergebnisse erzielen Sie, wenn Sie das Ger\u00e4t 2\u20133 Mal pro Woche verwenden.<\/p>\n<h3>F: Ist die Maschine einfach zu bedienen?<\/h3>\n<p>A: Ja, die Maschine ist einfach zu bedienen und wird mit einem Benutzerhandbuch zur Anleitung geliefert.<\/p>\n<\/div>\n<\/article>\n<\/div>\n<\/div>\n<\/div>\n<div class=\"layoutkit-flexbox css-9pyqzz acss-13xnlhu\" role=\"menubar\">\n<div class=\"layoutkit-flexbox css-7k1dqj acss-r7dee\">\n<h2 class=\"acss-55oylt\"><strong style=\"font-family: 'Playfair Display', serif; font-size: 24px; text-transform: capitalize;\">Anpassen Logo<\/strong><\/h2>\n<\/div>\n<\/div>\n<\/div>\n<\/div>\n<\/div>\n<\/div>\n<\/div>\n<\/div>\n<\/div>\n<\/div>\n<\/div>\n<\/div>\n<\/div>\n<div>\n<p>Wollen, machen Ihre Marke stand heraus? Wir bieten angepasst logo Dienstleistungen zu helfen Sie erstellen Sie eine einzigartige und personalisierte logo spiegelt Ihre Marke Identit\u00e4t. Unser team von Experten arbeiten eng mit Ihnen zusammen, um ein logo zu entwerfen, die in Resonanz mit Ihrer Marke und messaging. Egal, ob Sie Umbau Ihres bestehenden Logos oder eine neue erstellen von Grund auf neu, wir haben Sie abgedeckt. <a href=\"\/de\/kontakt\/\">Kontaktieren Sie uns<\/a> heute erfahren Sie mehr \u00fcber unsere ma\u00dfgeschneiderten logo-Service!<\/p>\n<\/div>\n<div>\n<div>\n<div>\n<div>\n<div><\/div>\n<\/div>\n<\/div>\n<\/div>\n<\/div>","protected":false},"excerpt":{"rendered":"<p>Durch den Einsatz der HI-EMT-Technologie (High Energy Focused Electromagnetic Wave) werden autologe Muskeln kontinuierlich gedehnt und zusammengezogen und es wird ein extremes Training durchgef\u00fchrt, um die innere Struktur des Muskels tiefgreifend umzuformen, d. h. das Wachstum von Muskelfibrillen (Muskelvergr\u00f6\u00dferung) und die Produktion neuer Proteinketten und Muskelfasern (Muskelhyperplasie), um so die Muskeldichte und das Muskelvolumen zu trainieren und zu erh\u00f6hen.<\/p>","protected":false},"featured_media":2079,"comment_status":"open","ping_status":"closed","template":"","meta":{"_kad_post_transparent":"default","_kad_post_title":"","_kad_post_layout":"default","_kad_post_sidebar_id":"","_kad_post_content_style":"default","_kad_post_vertical_padding":"default","_kad_post_feature":"","_kad_post_feature_position":"","_kad_post_header":false,"_kad_post_footer":false,"_kad_post_classname":"","rank_math_title":"","rank_math_description":"","rank_math_focus_keyword":""},"product_brand":[],"product_cat":[31],"product_tag":[],"class_list":{"0":"post-1928","1":"product","2":"type-product","3":"status-publish","4":"has-post-thumbnail","6":"product_cat-body-slimming","8":"first","9":"instock","10":"shipping-taxable","11":"product-type-simple","12":"entry","13":"content-bg","14":"loop-entry"},"_links":{"self":[{"href":"https:\/\/skbty.com\/de\/wp-json\/wp\/v2\/product\/1928","targetHints":{"allow":["GET"]}}],"collection":[{"href":"https:\/\/skbty.com\/de\/wp-json\/wp\/v2\/product"}],"about":[{"href":"https:\/\/skbty.com\/de\/wp-json\/wp\/v2\/types\/product"}],"replies":[{"embeddable":true,"href":"https:\/\/skbty.com\/de\/wp-json\/wp\/v2\/comments?post=1928"}],"wp:featuredmedia":[{"embeddable":true,"href":"https:\/\/skbty.com\/de\/wp-json\/wp\/v2\/media\/2079"}],"wp:attachment":[{"href":"https:\/\/skbty.com\/de\/wp-json\/wp\/v2\/media?parent=1928"}],"wp:term":[{"taxonomy":"product_brand","embeddable":true,"href":"https:\/\/skbty.com\/de\/wp-json\/wp\/v2\/product_brand?post=1928"},{"taxonomy":"product_cat","embeddable":true,"href":"https:\/\/skbty.com\/de\/wp-json\/wp\/v2\/product_cat?post=1928"},{"taxonomy":"product_tag","embeddable":true,"href":"https:\/\/skbty.com\/de\/wp-json\/wp\/v2\/product_tag?post=1928"}],"curies":[{"name":"wp","href":"https:\/\/api.w.org\/{rel}","templated":true}]}}