{"id":1938,"date":"2023-06-16T16:43:46","date_gmt":"2023-06-16T08:43:46","guid":{"rendered":"https:\/\/skbty.com\/?post_type=product&#038;p=1938"},"modified":"2025-12-05T18:51:37","modified_gmt":"2025-12-05T10:51:37","slug":"in-der-slim-gibt-es-eine-wand-die-fettabbau-ermoglicht","status":"publish","type":"product","link":"https:\/\/skbty.com\/de\/product\/in-der-slim-gibt-es-eine-wand-die-fettabbau-ermoglicht\/","title":{"rendered":"Emslim Maschine mit RF: Ein Tragbarer Fettabbau Ausr\u00fcstung Sculpt Muscle"},"content":{"rendered":"<h1><strong>Unlock your Dream Body at Home: Der Ultimative Leitfaden f\u00fcr die Emslim Maschine mit RF \u2013 A portable Fettabbau Ausr\u00fcstung<\/strong><\/h1>\n<p>Mal ehrlich, f\u00fcr einen moment. Haben Sie schon putting in Arbeit. Sie habe gereinigt, bis Ihre Ern\u00e4hrung, Sie schlagen die Turnhalle (oder Ihr Wohnzimmer, yoga-Matte) konsequent, und trinken Sie viel Wasser. Sie tun alles, was &#034;rechts&#034;. Dennoch gibt es diejenigen, die hartn\u00e4ckigen Bereichen little pooch am unteren abs, jene Liebe, Griffe, die sich weigern zu lassen, oder die R\u00fcckseite Ihrer Arme, die sich nicht nur die definition, die Sie sich sehnen. Es ist frustrierend, nicht wahr? Sie sind so nah an Ihrem Ziel, aber es f\u00fchlt sich an, als g\u00e4be es eine unsichtbare Wand, die Sie einfach nicht durchbrechen.<\/p>\n<p>Was, wenn ich Ihnen sagte, dass das Geheimnis zu durchbrechen, die Mauer war nicht eine andere fad Di\u00e4t oder eine Bestrafung neuen workout-routine? Was, wenn die Antwort war ein revolution\u00e4res St\u00fcck Technik, das einst reserviert f\u00fcr high-end-Promi-Kliniken, dass Sie k\u00f6nnte verwenden Sie nun aus dem Komfort von Ihrem eigenen Hause?<\/p>\n<p>Get ready to meet your new best friend in fitness. Dies ist der ultimative Leitfaden f\u00fcr die at-home Emslim Maschine mit RF \u2013 A portable Fettabbau Ausr\u00fcstung, die bahnbrechende Ger\u00e4t, das \u00e4ndert sich die Art, wie wir denken-K\u00f6rper-sculpting f\u00fcr immer.<\/p>\n<h2><img loading=\"lazy\" decoding=\"async\" class=\"aligncenter size-full wp-image-3432\" src=\"https:\/\/skbty.com\/wp-content\/uploads\/2025\/07\/portable-fat-reduction-equipment-.avif\" alt=\"tragbare Fett Reduzierungs-Ausr\u00fcstung\" width=\"750\" height=\"795\" srcset=\"https:\/\/skbty.com\/wp-content\/uploads\/2025\/07\/portable-fat-reduction-equipment-.avif 750w, https:\/\/skbty.com\/wp-content\/uploads\/2025\/07\/portable-fat-reduction-equipment--283x300.jpg 283w, https:\/\/skbty.com\/wp-content\/uploads\/2025\/07\/portable-fat-reduction-equipment--11x12.jpg 11w, https:\/\/skbty.com\/wp-content\/uploads\/2025\/07\/portable-fat-reduction-equipment--600x636.jpg 600w\" sizes=\"auto, (max-width: 750px) 100vw, 750px\" \/><\/h2>\n<h2><strong>Die Fitness-Plateau: Warum Ihre Harte Arbeit im Fitnessstudio Ist nicht Immer Genug<\/strong><\/h2>\n<p>Wir haben alle schon da. Starten Sie eine neue fitness-Reise, und f\u00fcr die ersten paar Wochen oder Monaten, die Ergebnisse sind unglaublich. Das Gewicht wird fallen aus, Ihre Kleidung besser passen, und Ihre Energie ist durch das Dach. Aber dann... h\u00f6rt es auf. Die Waage nicht von der Stelle bewegen. Der Spiegel sieht das gleiche, Tag f\u00fcr Tag. Dies ist die gef\u00fcrchtete fitness-plateau.<\/p>\n<p>Es passiert, weil unsere K\u00f6rper sind unglaublich intelligente und adaptive. Gew\u00f6hnen Sie sich an unseren workout-Routinen. Au\u00dferdem sind traditionelle \u00fcbung hat Ihre Grenzen. Sie k\u00f6nnen ein tausend sit-UPS machen, aber Sie kann nur freiwillig aktivieren, etwa 30-40% Ihrer Muskelfasern. Und keine Menge von cardio kann speziell die &#034;spot-Reduzierung&#034; Fett aus Ihrem Bauch. Es ist eine biologische Einschr\u00e4nkung. Dies ist, wo Wissenschaft und Technologie Schritt geben Sie einen unfairen Vorteil.<\/p>\n<h2><strong>Eine Revolution in Ihrem Wohnzimmer: die Einf\u00fchrung der Emslim mit RF-Technologie<\/strong><\/h2>\n<p>Vorstellen zu k\u00f6nnen, die Ergebnisse zu erzielen, von 20.000 perfekte crunches oder Kniebeugen in einem einzigen 30-min\u00fctigen Sitzung, w\u00e4hrend Sie catch-up auf Ihr Lieblings-Netflix-show. Es klingt wie science fiction, aber es ist die Realit\u00e4t der <strong>tragbare Fett Reduzierungs-Ausr\u00fcstung<\/strong>. Dieses schlanke, leistungsstarke Ger\u00e4t ist entworfen, um zu tun, was vorher unm\u00f6glich: Muskeln aufzubauen und Fett zu verbrennen <em>gleichzeitig<\/em> und <em>in eine gezielte Weg<\/em>. Es ist keine Magie; es ist eine geniale Kombination von zwei klinisch bew\u00e4hrten Technologien.<\/p>\n<h3><strong>Also, Was Genau Ist Dieses At-Home-K\u00f6rper-Sculpting Marvel?<\/strong><\/h3>\n<p>In seinem Kern ist der Emslim mit HF ist ein dual-action-Kraftpaket. Es verwendet zwei unterschiedliche Arten Energie zu liefern Sie ein one-two punch gegen Fett-und Muskel-definition. Betrachten Sie es als zwei elite-personal-Trainer arbeiten auf Ihre K\u00f6rper zur gleichen Zeit. Let &#039; s break down this dynamic duo.<\/p>\n<h4><strong>Der &#034;Muskel&#034; Magic: High-Intensity Focused Elektromagnetische (HIFEM) Technologie<\/strong><\/h4>\n<p>Der &#034;Em&#034; in Emslim steht f\u00fcr elektromagnetische. HIFEM-Technologie ist die Muskel-Aufbau-Motor der Ger\u00e4t. Es verwendet einen leistungsstarken, aber sicher das elektromagnetische Feld zu induzieren, was genannt werden supramaximaler Muskelkontraktionen.<\/p>\n<p>Was bedeutet das im Klartext? Das Ger\u00e4t ist paddeln, wenn platziert auf Ihre Ziel-Bereich (wie Ihr Bauch), bewirkt, dass Ihre Muskeln zu Vertrag mit einer Intensit\u00e4t und Geschwindigkeit, die Sie k\u00f6nnte nie, jemals erreichen auf Ihrer eigenen. Wir reden hier von tausenden von Tiefe, kraftvolle Kontraktionen in wenigen Minuten. Dieses Intensive &#034;workout&#034; - Kr\u00e4fte, die Ihre Muskelfasern zu renovieren und zu wachsen, was zu einer erh\u00f6hten Muskel-Dichte und definition. Es ist-wie die meisten unglaublich effektive Training Ihres Lebens ohne einen Schwei\u00df zu brechen.<\/p>\n<h4><strong>Der &#034;Fat-Melting&#034; Marvel: Hochfrequenz - (HF -) Energie<\/strong><\/h4>\n<p>W\u00e4hrend HIFEM ist besch\u00e4ftigt, den Aufbau Ihrer Muskeln, die Radiofrequenz (RF) - Komponente ruft die Arbeit auf die hartn\u00e4ckige Fettschicht sitzt auf der Spitze. Die RF-Energie, sanft erw\u00e4rmt das Gewebe direkt unter der Haut. Diese W\u00e4rme hat zwei unglaubliche Dinge:<\/p>\n<ol>\n<li><strong>Pre-Erw\u00e4rmt die Muskeln:<\/strong>\u00a0Es wirkt wie ein warm-up, so dass die HIFEM-induzierte Muskel-Kontraktionen noch mehr effektive und bequem.<\/li>\n<li><strong>St\u00f6rt Die Fett Zellen:<\/strong>\u00a0Die RF W\u00e4rme erh\u00f6ht die Temperatur in den subkutanen Fetten Zellen zu einem Punkt, wo Sie nicht mehr \u00fcberleben. Dieser Prozess, der Apoptose genannt wird, bewirkt, dass die Fettzellen werden dauerhaft besch\u00e4digt werden. In den n\u00e4chsten Wochen, wird Ihr K\u00f6rper die Nat\u00fcrliche Lymphsystem einfach identifiziert diese besch\u00e4digten Zellen, die als Abfall anfallen und sp\u00fclt Sie aus. Das Ergebnis? Eine messbare Verringerung der Dicke der Fett Schicht.<\/li>\n<\/ol>\n<h2><img loading=\"lazy\" decoding=\"async\" class=\"aligncenter\" title=\"EMS Body Sculpt\" src=\"https:\/\/sc04.alicdn.com\/kf\/H9f2de02ec9bb4a7f837d70884724de83z\/247315878\/H9f2de02ec9bb4a7f837d70884724de83z.jpg\" alt=\"EMS Body Sculpt\" width=\"549\" height=\"889\" data-src=\"\/\/sc04.alicdn.com\/kf\/H9f2de02ec9bb4a7f837d70884724de83z\/247315878\/H9f2de02ec9bb4a7f837d70884724de83z.jpg\" \/><\/h2>\n<h2><strong>Die Macht der Zwei-in-Eins: Warum HIFEM + RF ist Ihre Geheime Waffe<\/strong><\/h2>\n<p>Bringen Sie diese cutting-edge-Technologie in Ihrem Haus klingt vielleicht einsch\u00fcchternd, aber der Prozess k\u00f6nnte nicht einfacher sein. Es ist konzipiert f\u00fcr einfache Bedienung, Sicherheit und Komfort.<\/p>\n<h3><strong>Einstellung f\u00fcr den Erfolg in Nur Wenigen Minuten<\/strong><\/h3>\n<ol>\n<li><strong>Holen Sie Sich Bequem:<\/strong>\u00a0Finden Sie ein gem\u00fctliches Fleck auf deinem Bett, sofa oder einer Bodenmatte. Sie werden hier f\u00fcr \u00fcber 30 Minuten, so dass Sie k\u00f6nnte genauso gut entspannen!<\/li>\n<li><strong>Prep Bereich:<\/strong>\u00a0Gew\u00e4hrleisten die Haut auf Ihrem Zielgebiet (z.B., Ihrem Magen) ist sauber, trocken und frei von Lotionen oder \u00f6le.<\/li>\n<li><strong>Position der Paddel:<\/strong>\u00a0Setzen Sie den Applikator Paddel direkt auf den Ziel-Muskel-Gruppe. Verwenden Sie den mitgelieferten Riemen zu sichern Sie es fest, aber bequem in Ort. Es sollte nicht zu eng.<\/li>\n<li><strong>Power Auf und Starten:<\/strong>\u00a0Schalten Sie die Maschine ein. Die meisten at-home-Ger\u00e4te haben voreingestellte Programme. W\u00e4hlen Sie die &#034;HIFEM + RF&#034;, kombiniert Modus. Beginnen Sie immer die Intensit\u00e4t auf einem niedrigen Niveau.<\/li>\n<li><strong>Finden Sie Ihre Leistung Level:<\/strong>\u00a0Schrittweise erh\u00f6hen Sie die Intensit\u00e4t auf ein Niveau, das f\u00fchlt sich stark und m\u00e4chtig, aber nie schmerzhaft. F\u00fchlen Sie sich Intensive Muskelkontraktionen und einem sanften, angenehm w\u00e4rmendes Gef\u00fchl. Dies ist die Technologie bei der Arbeit!<\/li>\n<li><strong>Entspannen Sie sich und Lassen Sie Es Arbeit:<\/strong>\u00a0Jetzt f\u00fcr den besten Teil. F\u00fcr die n\u00e4chsten 30 Minuten k\u00f6nnen Sie ein Buch Lesen, E-Mails beantworten, h\u00f6ren Sie einen podcast oder einfach die Augen schlie\u00dfen und entspannen. Die Maschine macht die ganze Arbeit f\u00fcr Sie.<\/li>\n<li><strong>Post-Session:<\/strong>\u00a0Sobald das Programm fertig ist, einfach uns abschnallen der Paddel-und Sie sind fertig! Es gibt keine Ausfallzeiten. K\u00f6nnen Sie f\u00fchlen, wie Sie haben gerade ein tolles Training, aber Sie k\u00f6nnen sofort gehen \u00fcber Ihre Tag. Werden Sie sicher, viel Wasser zu trinken, helfen Sie Ihrem K\u00f6rper Sp\u00fclen die behandelt Fett Zellen.<\/li>\n<\/ol>\n<h2><img loading=\"lazy\" decoding=\"async\" class=\"aligncenter\" title=\"EMS Body Sculpt\" src=\"https:\/\/sc04.alicdn.com\/kf\/Hb3ad41fbe350447d95e2b8f91eede6f8V\/247315878\/Hb3ad41fbe350447d95e2b8f91eede6f8V.jpg\" alt=\"EMS Body Sculpt\" width=\"562\" height=\"743\" data-src=\"\/\/sc04.alicdn.com\/kf\/Hb3ad41fbe350447d95e2b8f91eede6f8V\/247315878\/Hb3ad41fbe350447d95e2b8f91eede6f8V.jpg\" \/><\/h2>\n<h2><strong>Ist die At-Home Emslim mit RF Richtige f\u00fcr Sie?<\/strong><\/h2>\n<p>Dieses tragbare Fettabbau Ausr\u00fcstung ist ein ph\u00e4nomenales Werkzeug, aber es ist wichtig, die richtigen Erwartungen. Es ist nicht ein Gewicht Verlust Ger\u00e4t f\u00fcr Fettleibigkeit. Stattdessen, es ist ein <em>body sculpting<\/em> Ger\u00e4t. Es ist perfekt f\u00fcr Personen, die:<\/p>\n<ul>\n<li>Schon f\u00fchrt einen relativ gesunden und aktiven lebensstil.<\/li>\n<li>Innerhalb von 15-20 kg Ihr Idealgewicht, aber k\u00e4mpfen, mit bestimmten Problemzonen.<\/li>\n<li>Auf der Suche zur Verbesserung der Muskel-definition und Ton Ihre abs, Ges\u00e4\u00df oder Arme.<\/li>\n<li>Erholt sich von einer Verletzung (mit \u00e4rztlicher Genehmigung) und neu erstellen m\u00f6chten-Muskel-St\u00e4rke sicher.<\/li>\n<li>Vielbesch\u00e4ftigte Eltern oder Berufst\u00e4tige, die nicht verbringen Stunden im Fitnessstudio, aber immer noch wollen, premium-Ergebnisse.<\/li>\n<\/ul>\n<h3><strong>Mehr Als Nur Abs: auf Verschiedene K\u00f6rperteile f\u00fcr eine Vollst\u00e4ndige-K\u00f6rper-Transformation<\/strong><\/h3>\n<p>W\u00e4hrend der Bauch ist die beliebteste Behandlung Bereich, die Vielseitigkeit der <strong>tragbare Fett Reduzierungs-Ausr\u00fcstung<\/strong> ist eine Ihrer gr\u00f6\u00dften st\u00e4rken. Sie k\u00f6nnen es verwenden, um:<\/p>\n<ul>\n<li><strong>Formen Sie Ihren Bauch:<\/strong>\u00a0Das erreichen der begehrten six-pack definition und reduzieren Sie den unteren Bauchfett.<\/li>\n<li><strong>Heben Sie Ihr Ges\u00e4\u00df:<\/strong>\u00a0Bieten eine nicht-chirurgische &#034;butt lift&#034; - Effekt durch den Aufbau und die Kr\u00e4ftigung der Ges\u00e4\u00dfmuskulatur f\u00fcr eine perkier, Runder Form.<\/li>\n<li><strong>Tone Your Arms:<\/strong>\u00a0Ziel der Bizeps und Trizeps zu k\u00e4mpfen &#034;bingo wings&#034; und erstellen schlanke, definierte Arme.<\/li>\n<li><strong>Definieren Sie Ihre Schenkel:<\/strong>\u00a0Formen der Vorder-und R\u00fcckseite der Oberschenkel f\u00fcr eine st\u00e4rker, mehr konturierte Beine.<\/li>\n<li><strong>St\u00e4rken Sie Ihre K\u00e4lber:<\/strong>\u00a0Erstellen und definieren Sie Ihre Kalb Muskeln, ein Bereich, der notorisch schwer zu wachsen mit herk\u00f6mmlichen \u00fcbung.<\/li>\n<\/ul>\n<h2><strong>Ihr Neuer Fitness-Partner: Integration Emslim in einen Gesunden Lebensstil<\/strong><\/h2>\n<p>Es ist entscheidend, um die Ansicht der Emslim mit RF nicht als Ersatz f\u00fcr gesunde Gewohnheiten, sondern einen starken partner, der verst\u00e4rkt Ihre Bem\u00fchungen. Betrachten Sie es als ein Turbolader f\u00fcr Ihr Auto, es macht einen guten Motor durchf\u00fchren spektakul\u00e4r.<\/p>\n<p>Fahren Sie mit Ihrem ausgewogenen Ern\u00e4hrung und regelm\u00e4\u00dfiger Bewegung. Die Maschine bauen eine starke muskul\u00e4re Grundlage schnitzen und entfernt Fett, und Ihrem gesunden lebensstil pflegen und verbessern diese Ergebnisse f\u00fcr langfristig. Mit der Maschine kann auch motivieren Sie sich, wie sehen konkrete Ergebnisse im Spiegel ist der beste Treibstoff, um Sie auf dem richtigen Weg mit deiner Ern\u00e4hrung und andere workouts. Eine typische empfohlene Protokoll ist 4-6 Sitzungen \u00fcber eine zwei-bis drei-Wochen-Frist f\u00fcr optimale Ergebnisse.<\/p>\n<h2><img loading=\"lazy\" decoding=\"async\" class=\"aligncenter\" title=\"EMS Body Sculpt\" src=\"https:\/\/sc04.alicdn.com\/kf\/H093d27d43ee14476a3410687011f735eH\/247315878\/H093d27d43ee14476a3410687011f735eH.jpg\" alt=\"EMS Body Sculpt\" width=\"595\" height=\"973\" data-src=\"\/\/sc04.alicdn.com\/kf\/H093d27d43ee14476a3410687011f735eH\/247315878\/H093d27d43ee14476a3410687011f735eH.jpg\" \/><\/h2>\n<h2><strong>Die Zukunft der Fitness Ist In Ihren H\u00e4nden<\/strong><\/h2>\n<p>Die Grenze zwischen professionellen klinischen Behandlungen und pers\u00f6nliche in-home wellness verwischt, und die Emslim mit RF ist an der Spitze dieser aufregenden revolution. Nicht mehr die Terminplanung, nicht mehr Klinik-Geb\u00fchren, kein Gef\u00fchl mehr selbst-Bewusstsein. Sie haben jetzt die macht zu nehmen control von Ihre K\u00f6rper \u00e4sthetische Schicksal zu Ihren eigenen Bedingungen, in Ihrer eigenen Zeit, in Ihrem eigenen privaten Raum.<\/p>\n<p>Die Investition in eine at-home Emslim mit RF ist mehr als nur der Kauf eines gadget, es ist eine Investition in Ihr Vertrauen, Ihre motivation und Ihre F\u00e4higkeit, zu schlie\u00dflich erreichen den K\u00f6rper Sie gearbeitet haben, so schwer. Willkommen in der Zukunft der fitness.<\/p>\n<h2><img loading=\"lazy\" decoding=\"async\" class=\"aligncenter\" title=\"EMS Body Sculpt\" src=\"https:\/\/sc04.alicdn.com\/kf\/H14204d0a5f3d4b5eba840cbb31a63384t\/247315878\/H14204d0a5f3d4b5eba840cbb31a63384t.jpg\" alt=\"EMS Body Sculpt\" width=\"480\" height=\"657\" data-src=\"\/\/sc04.alicdn.com\/kf\/H14204d0a5f3d4b5eba840cbb31a63384t\/247315878\/H14204d0a5f3d4b5eba840cbb31a63384t.jpg\" \/><\/h2>\n<p>&nbsp;<\/p>\n<div>\n<div>\n<table style=\"font-family: var(--global-body-font-family);\" width=\"992\" cellspacing=\"0\" cellpadding=\"0\">\n<tbody>\n<tr>\n<td width=\"87\"><img loading=\"lazy\" decoding=\"async\" class=\"alignright\" title=\"EMS Body Sculpt\" src=\"https:\/\/sc04.alicdn.com\/kf\/Hbb9bc3286ffe44debcd06e7c79cb7c14g\/247315878\/Hbb9bc3286ffe44debcd06e7c79cb7c14g.png\" alt=\"EMS Body Sculpt\" width=\"445\" height=\"286\" data-src=\"\/\/sc04.alicdn.com\/kf\/Hbb9bc3286ffe44debcd06e7c79cb7c14g\/247315878\/Hbb9bc3286ffe44debcd06e7c79cb7c14g.png\" \/><\/td>\n<td width=\"90\"><img loading=\"lazy\" decoding=\"async\" class=\"alignleft\" title=\"EMS Body Sculpt\" src=\"https:\/\/sc04.alicdn.com\/kf\/H6bf27b941c6643309a971a51ccec552fu\/247315878\/H6bf27b941c6643309a971a51ccec552fu.png\" alt=\"EMS Body Sculpt\" width=\"424\" height=\"245\" data-src=\"\/\/sc04.alicdn.com\/kf\/H6bf27b941c6643309a971a51ccec552fu\/247315878\/H6bf27b941c6643309a971a51ccec552fu.png\" \/><\/td>\n<\/tr>\n<tr>\n<td width=\"87\"><img loading=\"lazy\" decoding=\"async\" class=\"alignright\" title=\"EMS Body Sculpt\" src=\"https:\/\/sc04.alicdn.com\/kf\/H0008c233a65c4640b312a8f64a17a8efc\/247315878\/H0008c233a65c4640b312a8f64a17a8efc.png\" alt=\"EMS Body Sculpt\" width=\"446\" height=\"272\" data-src=\"\/\/sc04.alicdn.com\/kf\/H0008c233a65c4640b312a8f64a17a8efc\/247315878\/H0008c233a65c4640b312a8f64a17a8efc.png\" \/><\/td>\n<td width=\"90\"><img loading=\"lazy\" decoding=\"async\" class=\"alignleft\" title=\"EMS Body Sculpt\" src=\"https:\/\/sc04.alicdn.com\/kf\/Ha27d9e5c07144efe98cc0306da35d533f\/247315878\/Ha27d9e5c07144efe98cc0306da35d533f.png\" alt=\"EMS Body Sculpt\" width=\"465\" height=\"293\" data-src=\"\/\/sc04.alicdn.com\/kf\/Ha27d9e5c07144efe98cc0306da35d533f\/247315878\/Ha27d9e5c07144efe98cc0306da35d533f.png\" \/><\/td>\n<\/tr>\n<tr>\n<td width=\"87\"><img loading=\"lazy\" decoding=\"async\" class=\"alignright\" title=\"EMS Body Sculpt\" src=\"https:\/\/sc04.alicdn.com\/kf\/H662ed3f19b9543fc96c4ddfb7090cc5dQ\/247315878\/H662ed3f19b9543fc96c4ddfb7090cc5dQ.png\" alt=\"EMS Body Sculpt\" width=\"438\" height=\"277\" data-src=\"\/\/sc04.alicdn.com\/kf\/H662ed3f19b9543fc96c4ddfb7090cc5dQ\/247315878\/H662ed3f19b9543fc96c4ddfb7090cc5dQ.png\" \/><\/td>\n<td width=\"90\"><img loading=\"lazy\" decoding=\"async\" class=\"alignnone wp-image-1854 size-full\" title=\"EMS Body Sculpt\" src=\"https:\/\/skbty.com\/wp-content\/uploads\/2023\/06\/\u5fae\u4fe1\u622a\u56fe_20230614171304.png\" alt=\"EMS Body Sculpt\" width=\"389\" height=\"290\" srcset=\"https:\/\/skbty.com\/wp-content\/uploads\/2023\/06\/\u5fae\u4fe1\u622a\u56fe_20230614171304.png 389w, https:\/\/skbty.com\/wp-content\/uploads\/2023\/06\/\u5fae\u4fe1\u622a\u56fe_20230614171304-300x224.png 300w\" sizes=\"auto, (max-width: 389px) 100vw, 389px\" \/><\/td>\n<\/tr>\n<\/tbody>\n<\/table>\n<\/div>\n<\/div>\n<div id=\"message-group-27c0d13d-cb91-4764-9af4-dcb2bc46da94\" class=\"GroupContainer-grQTmn gzHfNN\">\n<div class=\"GridContainer-dXkBYs ieLooV\">\n<div class=\"Container-btbEOh cjLUlV\">\n<div class=\"MessageContent-eCraCN gAXxQk\">\n<div id=\"message-5c2c767a-b6b8-4745-b92d-795bd49a3ef9\" class=\"Container-cbkHbc dwcxTM MessageWrapper-haNQyn kcGqQR selected\">\n<div class=\"MessageContainer-cCZhjv fnigol message message-assistant\">\n<div class=\"ContextContainer-hrBmDP hAPxzm context-menu-container\">\n<div class=\"MessageContentContainer-gVugAi jsbmwp message-content-container message-content-container-assistant\">\n<div class=\"block-wrapper\">\n<div class=\"markdown\">\n<h2><strong>H\u00e4ufig Gestellte Fragen (FAQ)<\/strong><\/h2>\n<p><strong>1. Tut die Behandlung weh? Wie f\u00fchlt es sich an?<\/strong> \u00dcberhaupt nicht! Es ist ein sehr einzigartiges Gef\u00fchl, aber nicht schmerzhaft. Sie f\u00fchlen sich Ihr Muskeln durchl\u00e4uft sehr stark, tief Kontraktionen, \u00e4hnlich wie bei einem intensiven workout. Zur gleichen Zeit, die HF-Komponente schafft eine sanfte, warme Gef\u00fchl, \u00e4hnlich einer hot-stone-massage. Die meisten Benutzer finden es bequem und gew\u00f6hnen sich an das Gef\u00fchl innerhalb von Minuten.<\/p>\n<p><strong>2. Wie schnell wird ich sehen die Ergebnisse aus meiner Heimat-Sitzungen?<\/strong> Sie k\u00f6nnen f\u00fchlen, sp\u00fcrbare Ergebnisse nach der ersten Sitzung, mit der behandelten Fl\u00e4che Gef\u00fchl fester und fester. Jedoch, sichtbare Ergebnisse erscheinen in der Regel allm\u00e4hlich. Die muskelaufbauenden Wirkungen deutlicher geworden, \u00fcber 2-4 Wochen, w\u00e4hrend dem Fettabbau auch weiterhin zu verbessern f\u00fcr bis zu 3 Monate, wie Ihr K\u00f6rper sp\u00fclt die behandelt Fett Zellen. Konsistenz ist der Schl\u00fcssel!<\/p>\n<p><strong>3. Kann ich verwenden es jeden Tag f\u00fcr schnellere Ergebnisse?<\/strong> Nein, und Sie soll es auch nicht. Genau wie mit intensivem Gewichtheben, Ihre Muskeln brauchen Zeit, sich zu erholen, zu reparieren und zu wachsen. Verwenden Sie die Maschine jeden Tag \u00fcber die Muskeln zu trainieren und kontraproduktiv sein. Die standard-Empfehlung ist zur Behandlung einer Bereich, 2-3 mal pro Woche, mit mindestens einem Ruhetag zwischen den Sitzungen f\u00fcr eine bestimmte Muskel-Gruppe.<\/p>\n<p><strong>4. Ist dies ein Ersatz f\u00fcr den Gang zum Fitness-Studio und gesunde Ern\u00e4hrung?<\/strong> Absolut nicht. Es ist am besten angesehen, als ein m\u00e4chtiger Beschleuniger-und enhancer. Eine gesunde Ern\u00e4hrung und regelm\u00e4\u00dfige Bewegung sind entscheidend f\u00fcr die Allgemeine Gesundheit und Wartung Ihrer Ergebnisse. Die Emslim mit RF ist ein sculpting-tool entwickelt, um perfekte, was Sie bereits Geb\u00e4ude, targeting hartn\u00e4ckigen Bereichen, dass Di\u00e4t und Bewegung allein nicht l\u00f6sen k\u00f6nnen.<\/p>\n<p><strong>5. Wie unterscheidet sich dies von einem TENS-Ger\u00e4t kann ich kaufen in der Apotheke?<\/strong> Dies ist eine fantastische Frage. W\u00e4hrend beide elektrische Str\u00f6me, deren Zweck und Technik liegen Welten. Ein TENS-Ger\u00e4t verwendet low-Frequenz elektrische Str\u00f6me zu stimulieren sensorische Nerven, blockieren die Schmerzsignale. Es kann und wird nicht Vertrag die Muskeln mit genug Kraft, Sie zu bauen. HIFEM-Technologie, auf der anderen Seite, mit einem kr\u00e4ftigen, konzentrierten <em>elektromagnetisches Feld<\/em> zu bypass die Nerven und direkt zu tiefgehenden, supramaximaler Kontraktionen in den Muskeln selbst, und zwingt Sie, sich anzupassen und st\u00e4rker zu werden.<\/p>\n<\/div>\n<\/div>\n<\/div>\n<\/div>\n<\/div>\n<\/div>\n<\/div>\n<\/div>\n<\/div>\n<\/div>\n<div>\n<h2><strong>Anpassen Logo<\/strong><\/h2>\n<p>Wollen, machen Ihre Marke stand heraus? Wir bieten angepasst logo Dienstleistungen zu helfen Sie erstellen Sie eine einzigartige und personalisierte logo spiegelt Ihre Marke Identit\u00e4t. Unser team von Experten arbeiten eng mit Ihnen zusammen, um ein logo zu entwerfen, die in Resonanz mit Ihrer Marke und messaging. Egal, ob Sie Umbau Ihres bestehenden Logos oder eine neue erstellen von Grund auf neu, wir haben Sie abgedeckt. <a href=\"\/de\/kontakt\/\">Kontaktieren Sie uns<\/a> heute erfahren Sie mehr \u00fcber unsere ma\u00dfgeschneiderten logo-Service!<\/p>\n<\/div>","protected":false},"excerpt":{"rendered":"<p>Entdecken Sie die EMS-K\u00f6rper-Sculpting Maschine, eine revolution\u00e4re Technologie, die kann Ihnen helfen, einen perfekten K\u00f6rper, w\u00e4hrend Sie sich hinlegen. Reduzieren Sie Fett von 21% und eine Erh\u00f6hung der Muskelmasse, die von 16% mit dieser sichere und nicht-invasive Maschine.<\/p>","protected":false},"featured_media":1950,"comment_status":"open","ping_status":"closed","template":"","meta":{"_kad_post_transparent":"default","_kad_post_title":"","_kad_post_layout":"default","_kad_post_sidebar_id":"","_kad_post_content_style":"default","_kad_post_vertical_padding":"default","_kad_post_feature":"","_kad_post_feature_position":"","_kad_post_header":false,"_kad_post_footer":false,"_kad_post_classname":"","rank_math_title":"","rank_math_description":"","rank_math_focus_keyword":""},"product_brand":[],"product_cat":[31],"product_tag":[],"class_list":{"0":"post-1938","1":"product","2":"type-product","3":"status-publish","4":"has-post-thumbnail","6":"product_cat-body-slimming","8":"first","9":"instock","10":"sale","11":"shipping-taxable","12":"purchasable","13":"product-type-simple","14":"entry","15":"content-bg","16":"loop-entry"},"_links":{"self":[{"href":"https:\/\/skbty.com\/de\/wp-json\/wp\/v2\/product\/1938","targetHints":{"allow":["GET"]}}],"collection":[{"href":"https:\/\/skbty.com\/de\/wp-json\/wp\/v2\/product"}],"about":[{"href":"https:\/\/skbty.com\/de\/wp-json\/wp\/v2\/types\/product"}],"replies":[{"embeddable":true,"href":"https:\/\/skbty.com\/de\/wp-json\/wp\/v2\/comments?post=1938"}],"wp:featuredmedia":[{"embeddable":true,"href":"https:\/\/skbty.com\/de\/wp-json\/wp\/v2\/media\/1950"}],"wp:attachment":[{"href":"https:\/\/skbty.com\/de\/wp-json\/wp\/v2\/media?parent=1938"}],"wp:term":[{"taxonomy":"product_brand","embeddable":true,"href":"https:\/\/skbty.com\/de\/wp-json\/wp\/v2\/product_brand?post=1938"},{"taxonomy":"product_cat","embeddable":true,"href":"https:\/\/skbty.com\/de\/wp-json\/wp\/v2\/product_cat?post=1938"},{"taxonomy":"product_tag","embeddable":true,"href":"https:\/\/skbty.com\/de\/wp-json\/wp\/v2\/product_tag?post=1938"}],"curies":[{"name":"wp","href":"https:\/\/api.w.org\/{rel}","templated":true}]}}