{"id":1952,"date":"2023-06-16T17:00:47","date_gmt":"2023-06-16T09:00:47","guid":{"rendered":"https:\/\/skbty.com\/?post_type=product&#038;p=1952"},"modified":"2024-06-24T14:51:25","modified_gmt":"2024-06-24T06:51:25","slug":"1060nm-laser-gewichtsverlust-4-griffe-schlankheitsmaschine","status":"publish","type":"product","link":"https:\/\/skbty.com\/de\/product\/1060nm-laser-gewichtsverlust-4-griffe-schlankheitsmaschine\/","title":{"rendered":"1060 nm Laser Gewichtsverlust 4 Griffe Schlankheitsmaschine"},"content":{"rendered":"<div>\n<div>\n<h1><strong>1060 nm Laser-Gewichtsverlust 4 Griffe Schlankheitsmaschine: Revolution\u00e4re Fettreduzierung<\/strong><\/h1>\n<p>Sind Sie es leid, mit unerw\u00fcnschtem Fett zu k\u00e4mpfen? Dann ist die 1060 nm Laser Weight Loss 4 Handles Slimming Machine genau das Richtige f\u00fcr Sie. Diese revolution\u00e4re Technologie zerst\u00f6rt und eliminiert unerw\u00fcnschte Fettzellen in nur 25 Minuten.<\/p>\n<h2><img loading=\"lazy\" decoding=\"async\" class=\"aligncenter\" title=\"1060 nm Laser zur Gewichtsabnahme\" src=\"https:\/\/sc04.alicdn.com\/kf\/H31f755f7f7404cf6984caf287aa43448Q\/247315878\/H31f755f7f7404cf6984caf287aa43448Q.png\" alt=\"1060 nm Laser zur Gewichtsabnahme\" width=\"571\" height=\"936\" data-src=\"\/\/sc04.alicdn.com\/kf\/H31f755f7f7404cf6984caf287aa43448Q\/247315878\/H31f755f7f7404cf6984caf287aa43448Q.png\" \/><\/h2>\n<h2><strong>Behandlungsbereich<\/strong><\/h2>\n<p>Das Schlankheitsger\u00e4t mit 4 Griffen und 1060 nm Laser zur Gewichtsabnahme ist f\u00fcr die Behandlung von problematischen Fettzonen an K\u00f6rper, Armen und Beinen konzipiert.<\/p>\n<h2><strong>Leistungsaufnahme<\/strong><\/h2>\n<p>Die Maschine arbeitet mit einer Stromaufnahme von 220\/110 V, 50\/60 Hz und ist daher einfach zu bedienen und zu warten.<\/p>\n<h2><strong>Maschinenfarbe<\/strong><\/h2>\n<p>Die Maschine ist in einem eleganten und modernen Wei\u00df erh\u00e4ltlich und passt perfekt in jede Klinik- oder Spa-Umgebung.<\/p>\n<h2><strong>Griffe<\/strong><\/h2>\n<p>Die Maschine ist mit 4 Griffen ausgestattet, wodurch sie leicht zu bedienen und zu man\u00f6vrieren ist.<\/p>\n<h2><strong>Wie es funktioniert<\/strong><\/h2>\n<p>Das 1060 nm Laser-Gewichtsverlust-Schlankheitsger\u00e4t mit 4 Griffen verwendet fortschrittliche Technologie, um unerw\u00fcnschte Fettzellen zu zerst\u00f6ren und zu beseitigen. Die Wellenl\u00e4nge von 1060 nm hat eine besondere Affinit\u00e4t zu Fettgewebe und wird nur minimal in der Dermis absorbiert, was eine effiziente Behandlung von Bereichen mit problematischem Fett in nur 25 Minuten erm\u00f6glicht. Mit der Zeit beseitigt der K\u00f6rper die zerst\u00f6rten Fettzellen auf nat\u00fcrliche Weise. Ergebnisse sind bereits nach 6 Wochen sichtbar und optimale Ergebnisse sind normalerweise bereits nach zwei Monaten zu sehen.<\/p>\n<h2><img loading=\"lazy\" decoding=\"async\" class=\"aligncenter\" title=\"1060 nm Laser zur Gewichtsabnahme\" src=\"https:\/\/sc04.alicdn.com\/kf\/H523b8ed3512e415d96c6e93bd03539b3B\/247315878\/H523b8ed3512e415d96c6e93bd03539b3B.jpg\" alt=\"1060 nm Laser zur Gewichtsabnahme\" width=\"547\" height=\"547\" data-src=\"\/\/sc04.alicdn.com\/kf\/H523b8ed3512e415d96c6e93bd03539b3B\/247315878\/H523b8ed3512e415d96c6e93bd03539b3B.jpg\" \/><\/h2>\n<h2><strong>Merkmale<\/strong><\/h2>\n<p>Das Schlankheitsger\u00e4t mit 4 Griffen und 1060 nm Laser zur Gewichtsabnahme bietet eine Reihe von Funktionen, darunter:<\/p>\n<ul>\n<li>Minimale Absorption in der Dermis, ohne dass die Hautoberfl\u00e4che gesch\u00e4digt wird<\/li>\n<li>Fortschrittliche Kontaktk\u00fchlung erh\u00f6ht den Patientenkomfort<\/li>\n<li>Die gleichm\u00e4\u00dfige W\u00e4rmeverteilung sorgt f\u00fcr nat\u00fcrlich wirkende Ergebnisse<\/li>\n<li>Leichte und vor\u00fcbergehende Nebenwirkungen<\/li>\n<li>Schnelle, 25-min\u00fctige Behandlung pro Bereich<\/li>\n<li>Vielseitige Applikatoren f\u00fcr eine Vielzahl von K\u00f6rperformen und -gr\u00f6\u00dfen<\/li>\n<li>Hoher ROI, um Ihre Patienteneinnahmen schneller zu steigern<\/li>\n<li>Engagiertes Lasershape-Supportteam zur Sicherstellung des klinischen und Marketing-Erfolgs<\/li>\n<li>Direktmarketing an den Verbraucher, um Aufmerksamkeit und Leads zu steigern<\/li>\n<\/ul>\n<table style=\"border-collapse: collapse; width: 100%;\">\n<tbody>\n<tr>\n<td style=\"width: 50%;\"><img loading=\"lazy\" decoding=\"async\" class=\"aligncenter\" title=\"1060 nm Laser zur Gewichtsabnahme\" src=\"https:\/\/sc04.alicdn.com\/kf\/Hcb26690e06584d009ab316424a9c71c8M\/247315878\/Hcb26690e06584d009ab316424a9c71c8M.png\" alt=\"1060 nm Laser zur Gewichtsabnahme\" width=\"399\" height=\"260\" data-src=\"\/\/sc04.alicdn.com\/kf\/Hcb26690e06584d009ab316424a9c71c8M\/247315878\/Hcb26690e06584d009ab316424a9c71c8M.png\" \/><\/td>\n<td style=\"width: 50%;\"><img loading=\"lazy\" decoding=\"async\" class=\"aligncenter\" title=\"1060 nm Laser zur Gewichtsabnahme\" src=\"https:\/\/sc04.alicdn.com\/kf\/H3825157f491a4f2eb88c8c97f154db28Q\/247315878\/H3825157f491a4f2eb88c8c97f154db28Q.png\" alt=\"1060 nm Laser zur Gewichtsabnahme\" width=\"345\" height=\"184\" data-src=\"\/\/sc04.alicdn.com\/kf\/H3825157f491a4f2eb88c8c97f154db28Q\/247315878\/H3825157f491a4f2eb88c8c97f154db28Q.png\" \/><\/td>\n<\/tr>\n<\/tbody>\n<\/table>\n<h2><strong>Abschluss<\/strong><\/h2>\n<p>Die 1060 nm Laser-Gewichtsverlust-Schlankheitsmaschine mit 4 Griffen ist eine revolution\u00e4re Technologie, die unerw\u00fcnschte Fettzellen in nur 25 Minuten zerst\u00f6rt und eliminiert. Mit seiner einfachen Handhabung, den minimalen Nebenwirkungen und der kurzen Behandlungszeit ist es die perfekte L\u00f6sung f\u00fcr alle, die Fett abbauen und einen strafferen K\u00f6rper erreichen m\u00f6chten.<\/p>\n<\/div>\n<div>\n<table style=\"border-collapse: collapse; width: 100%;\">\n<tbody>\n<tr>\n<td style=\"width: 50%;\"><img loading=\"lazy\" decoding=\"async\" class=\"aligncenter\" title=\"1060 nm Laser zur Gewichtsabnahme\" src=\"https:\/\/sc04.alicdn.com\/kf\/H948d07df04db41d48abbb1283742bd47E\/247315878\/H948d07df04db41d48abbb1283742bd47E.jpg\" alt=\"1060 nm Laser zur Gewichtsabnahme\" width=\"750\" height=\"684\" data-src=\"\/\/sc04.alicdn.com\/kf\/H948d07df04db41d48abbb1283742bd47E\/247315878\/H948d07df04db41d48abbb1283742bd47E.jpg\" \/><\/td>\n<td style=\"width: 50%;\"><img loading=\"lazy\" decoding=\"async\" class=\"aligncenter\" title=\"1060 nm Laser zur Gewichtsabnahme\" src=\"https:\/\/sc04.alicdn.com\/kf\/Hb0e010ae69b240be99383363cf528b1dk\/247315878\/Hb0e010ae69b240be99383363cf528b1dk.png\" alt=\"1060 nm Laser zur Gewichtsabnahme\" width=\"325\" height=\"426\" data-src=\"\/\/sc04.alicdn.com\/kf\/Hb0e010ae69b240be99383363cf528b1dk\/247315878\/Hb0e010ae69b240be99383363cf528b1dk.png\" \/><\/td>\n<\/tr>\n<\/tbody>\n<\/table>\n<\/div>\n<\/div>\n<div><\/div>\n<div>\n<div>\n<div>\n<div>\n<div>\n<div><\/div>\n<\/div>\n<\/div>\n<\/div>\n<\/div>\n<\/div>\n<div>\n<h3><strong>Anpassen Logo<\/strong><\/h3>\n<p>Wollen, machen Ihre Marke stand heraus? Wir bieten angepasst logo Dienstleistungen zu helfen Sie erstellen Sie eine einzigartige und personalisierte logo spiegelt Ihre Marke Identit\u00e4t. Unser team von Experten arbeiten eng mit Ihnen zusammen, um ein logo zu entwerfen, die in Resonanz mit Ihrer Marke und messaging. Egal, ob Sie Umbau Ihres bestehenden Logos oder eine neue erstellen von Grund auf neu, wir haben Sie abgedeckt. <a href=\"\/de\/kontakt\/\">Kontaktieren Sie uns<\/a> heute erfahren Sie mehr \u00fcber unsere ma\u00dfgeschneiderten logo-Service!<\/p>\n<\/div>","protected":false},"excerpt":{"rendered":"<p>Diese neue Technologie ist darauf optimiert, unerw\u00fcnschte Fettzellen zu zerst\u00f6ren und zu beseitigen. Die spezifische Affinit\u00e4t der 1060 nm-Wellenl\u00e4nge zu Fettgewebe, gepaart mit minimaler Absorption in der Dermis, behandelt Bereiche mit problematischem Fett in nur 25 Minuten effizient. Mit der Zeit beseitigt der K\u00f6rper die zerst\u00f6rten Fettzellen auf nat\u00fcrliche Weise, wobei die Ergebnisse bereits nach 6 Wochen sichtbar sind, optimale Ergebnisse sind normalerweise bereits nach zwei Monaten zu sehen.<\/p>","protected":false},"featured_media":1957,"comment_status":"open","ping_status":"closed","template":"","meta":{"_kad_post_transparent":"default","_kad_post_title":"","_kad_post_layout":"default","_kad_post_sidebar_id":"","_kad_post_content_style":"default","_kad_post_vertical_padding":"default","_kad_post_feature":"","_kad_post_feature_position":"","_kad_post_header":false,"_kad_post_footer":false,"_kad_post_classname":"","rank_math_title":"","rank_math_description":"","rank_math_focus_keyword":""},"product_brand":[],"product_cat":[31],"product_tag":[],"class_list":{"0":"post-1952","1":"product","2":"type-product","3":"status-publish","4":"has-post-thumbnail","6":"product_cat-body-slimming","8":"first","9":"instock","10":"shipping-taxable","11":"product-type-simple","12":"entry","13":"content-bg","14":"loop-entry"},"_links":{"self":[{"href":"https:\/\/skbty.com\/de\/wp-json\/wp\/v2\/product\/1952","targetHints":{"allow":["GET"]}}],"collection":[{"href":"https:\/\/skbty.com\/de\/wp-json\/wp\/v2\/product"}],"about":[{"href":"https:\/\/skbty.com\/de\/wp-json\/wp\/v2\/types\/product"}],"replies":[{"embeddable":true,"href":"https:\/\/skbty.com\/de\/wp-json\/wp\/v2\/comments?post=1952"}],"wp:featuredmedia":[{"embeddable":true,"href":"https:\/\/skbty.com\/de\/wp-json\/wp\/v2\/media\/1957"}],"wp:attachment":[{"href":"https:\/\/skbty.com\/de\/wp-json\/wp\/v2\/media?parent=1952"}],"wp:term":[{"taxonomy":"product_brand","embeddable":true,"href":"https:\/\/skbty.com\/de\/wp-json\/wp\/v2\/product_brand?post=1952"},{"taxonomy":"product_cat","embeddable":true,"href":"https:\/\/skbty.com\/de\/wp-json\/wp\/v2\/product_cat?post=1952"},{"taxonomy":"product_tag","embeddable":true,"href":"https:\/\/skbty.com\/de\/wp-json\/wp\/v2\/product_tag?post=1952"}],"curies":[{"name":"wp","href":"https:\/\/api.w.org\/{rel}","templated":true}]}}