{"id":1963,"date":"2023-06-16T17:09:20","date_gmt":"2023-06-16T09:09:20","guid":{"rendered":"https:\/\/skbty.com\/?post_type=product&#038;p=1963"},"modified":"2024-06-24T14:45:26","modified_gmt":"2024-06-24T06:45:26","slug":"kryoem-korperformungsroboter","status":"publish","type":"product","link":"https:\/\/skbty.com\/de\/product\/kryoem-korperformungsroboter\/","title":{"rendered":"Formroboter Cryo+Ems K\u00f6rperschlankheitsmaschine"},"content":{"rendered":"<div>\n<h1><strong>Shaping Robot Machine: Revolutioniert die K\u00f6rperformung und den Muskelaufbau<\/strong><\/h1>\n<p>Sind Sie es leid, sich abzum\u00fchen, um Ihre Ziele in Sachen K\u00f6rperformung und Muskelaufbau zu erreichen? Dann sind Sie mit der Shaping Robot Machine genau richtig. Diese revolution\u00e4re Technologie kombiniert 360\u00b0-Kryopolysierung und Hochpulstechnologie und hilft Ihnen, Ihren Wunschk\u00f6rper zu erreichen.<\/p>\n<h2><img loading=\"lazy\" decoding=\"async\" class=\"aligncenter\" title=\"Formgebungsrobotermaschine\" src=\"https:\/\/sc04.alicdn.com\/kf\/H0a142152216641f7afb3ebb8743d17b1I\/247315878\/H0a142152216641f7afb3ebb8743d17b1I.jpg\" alt=\"Formgebungsrobotermaschine\" width=\"512\" height=\"634\" data-src=\"\/\/sc04.alicdn.com\/kf\/H0a142152216641f7afb3ebb8743d17b1I\/247315878\/H0a142152216641f7afb3ebb8743d17b1I.jpg\" \/><\/h2>\n<h2><strong>Verwendung<\/strong><\/h2>\n<p>Die Shaping Robot Machine ist f\u00fcr die Anwendung an K\u00f6rper, Beinen, Armen und Bauch konzipiert und ist somit ein vielseitiges Ger\u00e4t f\u00fcr alle, die ihren K\u00f6rper formen und straffen m\u00f6chten.<\/p>\n<h2><img loading=\"lazy\" decoding=\"async\" class=\"aligncenter\" title=\"Formgebungsrobotermaschine\" src=\"https:\/\/sc04.alicdn.com\/kf\/Ha2a84251e2df484d83fb4fd5242ff4d6U\/247315878\/Ha2a84251e2df484d83fb4fd5242ff4d6U.jpg\" alt=\"Formgebungsrobotermaschine\" width=\"616\" height=\"1579\" data-src=\"\/\/sc04.alicdn.com\/kf\/Ha2a84251e2df484d83fb4fd5242ff4d6U\/247315878\/Ha2a84251e2df484d83fb4fd5242ff4d6U.jpg\" \/><\/h2>\n<h2><strong>OEM-Service und -Support<\/strong><\/h2>\n<p>Wir bieten OEM-Service und -Support, um sicherzustellen, dass Sie das Beste aus Ihrer Shaping-Robotermaschine herausholen.<\/p>\n<h2><strong>Griffe<\/strong><\/h2>\n<p>Der Shaping Robot Machine ist mit zwei oder einem Griff ausgestattet, was die Verwendung und Man\u00f6vrierbarkeit erleichtert.<\/p>\n<h2><strong>Technologie<\/strong><\/h2>\n<p>Die Shaping Robot Machine verwendet eine Kombination aus 360\u00b0-Kryopolysierung und Hochpulstechnologie, um Ihnen dabei zu helfen, Ihre Ziele hinsichtlich K\u00f6rperformung und Muskelaufbau zu erreichen.<\/p>\n<h3><strong>360\u00b0 Kryopolysierungstechnologie<\/strong><\/h3>\n<p>Unsere 360\u00b0-Kryopolysierungstechnologie verwendet niedrige Temperaturen, um Fettzellen einzufrieren und aufzul\u00f6sen, w\u00e4hrend die Integrit\u00e4t der Haut und der Muskeln erhalten bleibt. Diese Technologie ist perfekt f\u00fcr alle, die Fett abbauen und einen strafferen K\u00f6rper erreichen m\u00f6chten.<\/p>\n<h3><strong>Hochpuls-Technologie<\/strong><\/h3>\n<p>Unsere High Pulse-Technologie verwendet hochintensive gepulste Magnetfelder, um das Muskelwachstum anzuregen und die Muskelmasse zu erh\u00f6hen. Diese Technologie ist perfekt f\u00fcr alle, die Muskeln aufbauen und einen athletischeren K\u00f6rperbau erreichen m\u00f6chten.<\/p>\n<h2><strong>Wie es funktioniert<\/strong><\/h2>\n<p>Die Shaping Robot Machine verwendet High Pulse-Technologie zur Stimulation motorischer Neuronen, wodurch fast 100% Muskelfasern aktiviert werden. Dies f\u00fchrt zu einer effektiven Verbrennung von Lipidzellen und einer schnellen Zunahme von Muskelgewebe und -dichte. Gleichzeitig friert die 360\u00b0-Kryopolysierungstechnologie Fettzellen ein und l\u00f6st sie auf, wodurch ein strafferer und geformterer K\u00f6rper entsteht.<\/p>\n<h2><img loading=\"lazy\" decoding=\"async\" class=\"aligncenter\" title=\"Formgebungsrobotermaschine\" src=\"https:\/\/sc04.alicdn.com\/kf\/Hfb62ea28c1c64fc9b4cdc65dd5397203L\/247315878\/Hfb62ea28c1c64fc9b4cdc65dd5397203L.jpg\" alt=\"Formgebungsrobotermaschine\" width=\"650\" height=\"1205\" data-src=\"\/\/sc04.alicdn.com\/kf\/Hfb62ea28c1c64fc9b4cdc65dd5397203L\/247315878\/Hfb62ea28c1c64fc9b4cdc65dd5397203L.jpg\" \/><\/h2>\n<h2><strong>Vorteile<\/strong><\/h2>\n<p>Die Shaping Robot Machine bietet eine Reihe von Vorteilen, darunter:<\/p>\n<ul>\n<li>Erh\u00f6hte Muskelmasse und -dichte<\/li>\n<li>Fettabbau und verbesserte K\u00f6rperformung<\/li>\n<li>Verbesserter Muskeltonus und -definition<\/li>\n<li>Einfach zu bedienen und zu man\u00f6vrieren<\/li>\n<\/ul>\n<h2><strong>Abschluss<\/strong><\/h2>\n<p>Die Shaping Robot Machine ist eine revolution\u00e4re Technologie, die 360\u00b0-Kryopolysierung und Hochpulstechnologie kombiniert, um Ihnen dabei zu helfen, Ihre Ziele bei der K\u00f6rperformung und beim Muskelaufbau zu erreichen. Mit seiner Benutzerfreundlichkeit und Vielseitigkeit ist es das perfekte Ger\u00e4t f\u00fcr alle, die ihren K\u00f6rper verbessern m\u00f6chten.<\/p>\n<\/div>\n<div>\n<div><\/div>\n<div><\/div>\n<div><img loading=\"lazy\" decoding=\"async\" class=\"aligncenter\" title=\"Formgebungsrobotermaschine\" src=\"https:\/\/sc04.alicdn.com\/kf\/H36d0b83d12c845458b9c8b35d9d32ca3v\/247315878\/H36d0b83d12c845458b9c8b35d9d32ca3v.jpg\" alt=\"Formgebungsrobotermaschine\" width=\"549\" height=\"592\" data-src=\"\/\/sc04.alicdn.com\/kf\/H36d0b83d12c845458b9c8b35d9d32ca3v\/247315878\/H36d0b83d12c845458b9c8b35d9d32ca3v.jpg\" \/><\/div>\n<div>\n<h2><strong>Anpassen Logo<\/strong><\/h2>\n<p>Wollen, machen Ihre Marke stand heraus? Wir bieten angepasst logo Dienstleistungen zu helfen Sie erstellen Sie eine einzigartige und personalisierte logo spiegelt Ihre Marke Identit\u00e4t. Unser team von Experten arbeiten eng mit Ihnen zusammen, um ein logo zu entwerfen, die in Resonanz mit Ihrer Marke und messaging. Egal, ob Sie Umbau Ihres bestehenden Logos oder eine neue erstellen von Grund auf neu, wir haben Sie abgedeckt. <a href=\"\/de\/kontakt\/\">Kontaktieren Sie uns<\/a> heute erfahren Sie mehr \u00fcber unsere ma\u00dfgeschneiderten logo-Service!<\/p>\n<p style=\"text-align: center;\">\n<\/div>\n<\/div>","protected":false},"excerpt":{"rendered":"<p>Entdecken Sie die Leistungsf\u00e4higkeit der Shaping Robot Machine, einer Spitzentechnologie, die 360\u00b0-Kryopolysierung und Hochpulstechnologie kombiniert, um Ihnen dabei zu helfen, Ihre Ziele bei der K\u00f6rperformung und beim Muskelaufbau zu erreichen.<\/p>","protected":false},"featured_media":1969,"comment_status":"open","ping_status":"closed","template":"","meta":{"_kad_post_transparent":"default","_kad_post_title":"","_kad_post_layout":"default","_kad_post_sidebar_id":"","_kad_post_content_style":"default","_kad_post_vertical_padding":"default","_kad_post_feature":"","_kad_post_feature_position":"","_kad_post_header":false,"_kad_post_footer":false,"_kad_post_classname":"","rank_math_title":"","rank_math_description":"","rank_math_focus_keyword":""},"product_brand":[],"product_cat":[31],"product_tag":[],"class_list":{"0":"post-1963","1":"product","2":"type-product","3":"status-publish","4":"has-post-thumbnail","6":"product_cat-body-slimming","8":"first","9":"instock","10":"shipping-taxable","11":"product-type-simple","12":"entry","13":"content-bg","14":"loop-entry"},"_links":{"self":[{"href":"https:\/\/skbty.com\/de\/wp-json\/wp\/v2\/product\/1963","targetHints":{"allow":["GET"]}}],"collection":[{"href":"https:\/\/skbty.com\/de\/wp-json\/wp\/v2\/product"}],"about":[{"href":"https:\/\/skbty.com\/de\/wp-json\/wp\/v2\/types\/product"}],"replies":[{"embeddable":true,"href":"https:\/\/skbty.com\/de\/wp-json\/wp\/v2\/comments?post=1963"}],"wp:featuredmedia":[{"embeddable":true,"href":"https:\/\/skbty.com\/de\/wp-json\/wp\/v2\/media\/1969"}],"wp:attachment":[{"href":"https:\/\/skbty.com\/de\/wp-json\/wp\/v2\/media?parent=1963"}],"wp:term":[{"taxonomy":"product_brand","embeddable":true,"href":"https:\/\/skbty.com\/de\/wp-json\/wp\/v2\/product_brand?post=1963"},{"taxonomy":"product_cat","embeddable":true,"href":"https:\/\/skbty.com\/de\/wp-json\/wp\/v2\/product_cat?post=1963"},{"taxonomy":"product_tag","embeddable":true,"href":"https:\/\/skbty.com\/de\/wp-json\/wp\/v2\/product_tag?post=1963"}],"curies":[{"name":"wp","href":"https:\/\/api.w.org\/{rel}","templated":true}]}}