{"id":1970,"date":"2023-06-16T18:14:42","date_gmt":"2023-06-16T10:14:42","guid":{"rendered":"https:\/\/skbty.com\/?post_type=product&#038;p=1970"},"modified":"2024-06-24T14:37:26","modified_gmt":"2024-06-24T06:37:26","slug":"feuchtigkeitsanalysator-fur-das-gesicht","status":"publish","type":"product","link":"https:\/\/skbty.com\/de\/product\/feuchtigkeitsanalysator-fur-das-gesicht\/","title":{"rendered":"Gesichtsfeuchtigkeitsanalysator"},"content":{"rendered":"<div>\n<h1><strong>Feuchtigkeitsanalysator f\u00fcr das Gesicht: Entdecken Sie die Geheimnisse Ihrer Haut<\/strong><\/h1>\n<p>Sind Sie es leid, st\u00e4ndig zu raten, was mit Ihrer Haut los ist? M\u00f6chten Sie die Geheimnisse f\u00fcr eine gesunde, strahlende Haut kennen? Dann ist der Facial Moisture Analyzer genau das Richtige f\u00fcr Sie. Dieses tragbare Hautanalyseger\u00e4t verwendet fortschrittliche Technologie, um Ihnen genaue und personalisierte Empfehlungen f\u00fcr Ihre Hautpflege zu geben.<\/p>\n<h2><strong>Was ist ein Gesichtsfeuchtigkeitsanalysator?<\/strong><\/h2>\n<p>Der Facial Moisture Analyzer ist ein tragbares Hautanalyseger\u00e4t, das Ihnen dabei helfen soll, Ihre Haut besser zu verstehen. Dank seiner fortschrittlichen Technologie kann es verschiedene Hautprobleme wie Flecken, Poren, Feuchtigkeit, Textur und Falten erkennen. Dieses Ger\u00e4t ist perfekt f\u00fcr alle, die ihre Hautpflegeroutine selbst in die Hand nehmen und eine gesunde, strahlende Haut erreichen m\u00f6chten.<\/p>\n<h2><img loading=\"lazy\" decoding=\"async\" class=\"aligncenter\" title=\"Gesichtsfeuchtigkeitsanalysator\" src=\"https:\/\/sc04.alicdn.com\/kf\/Hb19d432465d944e89218bbfbf526be3aJ\/247315878\/Hb19d432465d944e89218bbfbf526be3aJ.jpg\" alt=\"Gesichtsfeuchtigkeitsanalysator\" width=\"587\" height=\"384\" data-src=\"\/\/sc04.alicdn.com\/kf\/Hb19d432465d944e89218bbfbf526be3aJ\/247315878\/Hb19d432465d944e89218bbfbf526be3aJ.jpg\" \/><\/h2>\n<h2><strong>Produkt\u00fcbersicht<\/strong><\/h2>\n<ul>\n<li><strong>Typ:<\/strong>\u00a0Tragbar<\/li>\n<li><strong>Produktname:<\/strong>\u00a0Hautanalyseger\u00e4t<\/li>\n<li><strong>Verwendung:<\/strong>\u00a0Gesicht<\/li>\n<\/ul>\n<h3><strong>Funktion:<\/strong>\u00a0Hautscan, Hautfaltenanalyse, Pigmentanalyse, Gesichtsanalyse<\/h3>\n<h2><img loading=\"lazy\" decoding=\"async\" class=\"aligncenter\" title=\"Gesichtsfeuchtigkeitsanalysator\" src=\"https:\/\/sc04.alicdn.com\/kf\/Hd6ac1fb64c0a49bdaddcc6fac13adad6N\/247315878\/Hd6ac1fb64c0a49bdaddcc6fac13adad6N.jpg\" alt=\"Gesichtsfeuchtigkeitsanalysator\" width=\"565\" height=\"288\" data-src=\"\/\/sc04.alicdn.com\/kf\/Hd6ac1fb64c0a49bdaddcc6fac13adad6N\/247315878\/Hd6ac1fb64c0a49bdaddcc6fac13adad6N.jpg\" \/><\/h2>\n<h2><strong>Fortschrittliche Technologie<\/strong><\/h2>\n<p>Der Facial Moisture Analyzer verwendet eine Kombination aus sichtbarem RGB-Licht, polarisiertem PL-Licht und UV-Spektrum-Bildgebungstechnologie, um eine genaue und detaillierte Hautanalyse zu liefern. Diese Technologie wird mit k\u00fcnstlicher Intelligenz und Bildanalyse kombiniert, um personalisierte Hautpflegeempfehlungen bereitzustellen.<\/p>\n<h2><strong>Technische Daten<\/strong><\/h2>\n<ul>\n<li><strong>RAM:<\/strong>\u00a02 GB<\/li>\n<li><strong>Pixel:<\/strong>\u00a01500 Mega<\/li>\n<li><strong>Lagerung:<\/strong>\u00a064 GB, externe SD-Karte<\/li>\n<li><strong>Bildschirm:<\/strong>\u00a010,1 Zoll<\/li>\n<li><strong>Leistung:<\/strong>\u00a045 W, 110 \u2013 220 V, 50 Hz<\/li>\n<\/ul>\n<h2><strong>Magic Mirror Plus: Das weltweit fortschrittlichste Hauterkennungsger\u00e4t<\/strong><\/h2>\n<p>Magic Mirror Plus ist das weltweit fortschrittlichste Hauterkennungsger\u00e4t, das Aufnahme, Analyse und Anzeige in 3-in-1 vereint. Mit seiner fortschrittlichen RGB-, UV- und PL-Spektralbildtechnologie kann es 10 Hautprobleme in Dermis und Epidermis in nur 15 Sekunden erkennen. Dieses Ger\u00e4t ist perfekt f\u00fcr Kosmetikunternehmen, Sch\u00f6nheitssalons, Hautkliniken und Ausbildungsschulen.<\/p>\n<h2><strong>So funktioniert Magic Mirror Plus<\/strong><\/h2>\n<p>Magic Mirror Plus verwendet eine Kombination aus fortschrittlicher Technologie und k\u00fcnstlicher Intelligenz, um genaue und personalisierte Empfehlungen zur Hautpflege zu geben. Mit seinen 12 Jahren Markttests und 30 Millionen klinischen Datenbanken kann es den Trend zuk\u00fcnftiger Haut in 3-5 Jahren vorhersagen.<\/p>\n<h2><strong>Produktdetails<\/strong><\/h2>\n<ul>\n<li>RGB+UV+PL 20-Megapixel-HD-Kamera mit Autofokus-Technologie<\/li>\n<li>Patentiertes Schattierungskamerasystem mit verstecktem Push-Type-Miniatur-Elastikperlen-Design<\/li>\n<li>Verwendung des 10,1-Zoll-Android-Tablets<\/li>\n<\/ul>\n<h2><img loading=\"lazy\" decoding=\"async\" class=\"aligncenter\" title=\"Gesichtsfeuchtigkeitsanalysator\" src=\"https:\/\/sc04.alicdn.com\/kf\/H3f8fd33eb88d47b3b0905dbc713138a6i\/247315878\/H3f8fd33eb88d47b3b0905dbc713138a6i.jpg\" alt=\"Gesichtsfeuchtigkeitsanalysator\" width=\"688\" height=\"322\" data-src=\"\/\/sc04.alicdn.com\/kf\/H3f8fd33eb88d47b3b0905dbc713138a6i\/247315878\/H3f8fd33eb88d47b3b0905dbc713138a6i.jpg\" \/><\/h2>\n<h2><strong>System und Struktur<\/strong><\/h2>\n<p>Der Facial Moisture Analyzer verf\u00fcgt \u00fcber eine benutzerfreundliche Oberfl\u00e4che, mit der Sie problemlos durch den Hautanalyseprozess navigieren k\u00f6nnen. Das System erkennt den Analysebereich automatisch und Sie k\u00f6nnen ihn nach Bedarf anpassen.<\/p>\n<h2><strong>Hautalterung verstehen und Haut versch\u00f6nern<\/strong><\/h2>\n<p>Der Facial Moisture Analyzer bietet zwei Vorhersagen: Hautalterung und Hautversch\u00f6nerung. Hautalterung stellt die Vorhersage des Hautzustands in den n\u00e4chsten 3-5 Jahren ohne Hautpflegebehandlungen oder -therapien dar. Hautversch\u00f6nerung stellt die Vorhersage des Hautversch\u00f6nerungszustands in den n\u00e4chsten 3-5 Jahren mit professionellen Hautpflegebehandlungen dar.<\/p>\n<h2><strong>Abschluss<\/strong><\/h2>\n<p>Der Facial Moisture Analyzer ist ein revolution\u00e4res Hautanalyseger\u00e4t, mit dem Sie die Geheimnisse Ihrer Haut entschl\u00fcsseln k\u00f6nnen. Mit seiner fortschrittlichen Technologie und personalisierten Hautpflegeempfehlungen ist es das perfekte Ger\u00e4t f\u00fcr alle, die eine gesunde, strahlende Haut haben m\u00f6chten.<\/p>\n<\/div>\n<div>\n<div>\n<div>\n<div>\n<div>\n<div>\n<h2><strong>Anpassen Logo<\/strong><\/h2>\n<p>Wollen, machen Ihre Marke stand heraus? Wir bieten angepasst logo Dienstleistungen zu helfen Sie erstellen Sie eine einzigartige und personalisierte logo spiegelt Ihre Marke Identit\u00e4t. Unser team von Experten arbeiten eng mit Ihnen zusammen, um ein logo zu entwerfen, die in Resonanz mit Ihrer Marke und messaging. Egal, ob Sie Umbau Ihres bestehenden Logos oder eine neue erstellen von Grund auf neu, wir haben Sie abgedeckt. <a href=\"\/de\/kontakt\/\">Kontaktieren Sie uns<\/a> heute erfahren Sie mehr \u00fcber unsere ma\u00dfgeschneiderten logo-Service!<\/p>\n<p style=\"text-align: center;\">\n<\/div>\n<\/div>\n<\/div>\n<\/div>\n<\/div>\n<\/div>","protected":false},"excerpt":{"rendered":"<p>Entdecken Sie die Leistungsf\u00e4higkeit des Facial Moisture Analyzer, einem revolution\u00e4ren Hautanalyseger\u00e4t, das die Geheimnisse Ihrer Haut enth\u00fcllt. Erfahren Sie, wie Magic Mirror Plus mithilfe fortschrittlicher Technologie pr\u00e4zise und personalisierte Hautpflegeempfehlungen bietet.<\/p>","protected":false},"featured_media":1977,"comment_status":"open","ping_status":"closed","template":"","meta":{"_kad_post_transparent":"default","_kad_post_title":"","_kad_post_layout":"default","_kad_post_sidebar_id":"","_kad_post_content_style":"default","_kad_post_vertical_padding":"default","_kad_post_feature":"","_kad_post_feature_position":"","_kad_post_header":false,"_kad_post_footer":false,"_kad_post_classname":"","rank_math_title":"","rank_math_description":"","rank_math_focus_keyword":""},"product_brand":[],"product_cat":[32],"product_tag":[],"class_list":{"0":"post-1970","1":"product","2":"type-product","3":"status-publish","4":"has-post-thumbnail","6":"product_cat-skin-analyzer","8":"first","9":"instock","10":"shipping-taxable","11":"product-type-simple","12":"entry","13":"content-bg","14":"loop-entry"},"_links":{"self":[{"href":"https:\/\/skbty.com\/de\/wp-json\/wp\/v2\/product\/1970","targetHints":{"allow":["GET"]}}],"collection":[{"href":"https:\/\/skbty.com\/de\/wp-json\/wp\/v2\/product"}],"about":[{"href":"https:\/\/skbty.com\/de\/wp-json\/wp\/v2\/types\/product"}],"replies":[{"embeddable":true,"href":"https:\/\/skbty.com\/de\/wp-json\/wp\/v2\/comments?post=1970"}],"wp:featuredmedia":[{"embeddable":true,"href":"https:\/\/skbty.com\/de\/wp-json\/wp\/v2\/media\/1977"}],"wp:attachment":[{"href":"https:\/\/skbty.com\/de\/wp-json\/wp\/v2\/media?parent=1970"}],"wp:term":[{"taxonomy":"product_brand","embeddable":true,"href":"https:\/\/skbty.com\/de\/wp-json\/wp\/v2\/product_brand?post=1970"},{"taxonomy":"product_cat","embeddable":true,"href":"https:\/\/skbty.com\/de\/wp-json\/wp\/v2\/product_cat?post=1970"},{"taxonomy":"product_tag","embeddable":true,"href":"https:\/\/skbty.com\/de\/wp-json\/wp\/v2\/product_tag?post=1970"}],"curies":[{"name":"wp","href":"https:\/\/api.w.org\/{rel}","templated":true}]}}