{"id":1979,"date":"2023-06-16T18:32:15","date_gmt":"2023-06-16T10:32:15","guid":{"rendered":"https:\/\/skbty.com\/?post_type=product&#038;p=1979"},"modified":"2025-12-05T18:57:46","modified_gmt":"2025-12-05T10:57:46","slug":"h2o2-wasserstoff-sauerstoff-gesichtsbehandlungsmaschine","status":"publish","type":"product","link":"https:\/\/skbty.com\/de\/product\/h2o2-wasserstoff-sauerstoff-gesichtsbehandlungsmaschine\/","title":{"rendered":"6\/7 in 1 Wasserstoff-Sauerstoff-Gesichtsbehandlungsger\u00e4t"},"content":{"rendered":"<div>\n<h2>6\/7 in 1 Hydro Dermabrasion Wasserstoff Sauerstoff Gesichts Maschine<\/h2>\n<h3>Professionelle 6\/7 in 1 Hydro Dermabrasion Wasserstoff Sauerstoff Gesichtsmaschine<\/h3>\n<p>Das professionelle 6\/7-in-1-Hydrodemabrasionsger\u00e4t mit Wasserstoff-Sauerstoff-Gesichtsbehandlung revitalisiert, n\u00e4hrt, hellt auf und spendet Ihrer Haut tiefenwirksam Feuchtigkeit mithilfe der nat\u00fcrlichen Heilkr\u00e4fte von Wasser und Sauerstoff.<\/p>\n<p><img loading=\"lazy\" decoding=\"async\" class=\"aligncenter wp-image-2062\" title=\"Wasserstoff-Sauerstoff-Gesichtsbehandlungsmaschine\" src=\"https:\/\/skbty.com\/wp-content\/uploads\/2023\/06\/H349fe795da8542dcb13397ad3a29fa558.jpg\" alt=\"Wasserstoff-Sauerstoff-Gesichtsbehandlungsmaschine\" width=\"536\" height=\"830\" srcset=\"https:\/\/skbty.com\/wp-content\/uploads\/2023\/06\/H349fe795da8542dcb13397ad3a29fa558.jpg 750w, https:\/\/skbty.com\/wp-content\/uploads\/2023\/06\/H349fe795da8542dcb13397ad3a29fa558-194x300.jpg 194w, https:\/\/skbty.com\/wp-content\/uploads\/2023\/06\/H349fe795da8542dcb13397ad3a29fa558-661x1024.jpg 661w, https:\/\/skbty.com\/wp-content\/uploads\/2023\/06\/H349fe795da8542dcb13397ad3a29fa558-600x929.jpg 600w\" sizes=\"auto, (max-width: 536px) 100vw, 536px\" \/><\/p>\n<p><strong>GEBEN SIE IHRER HAUT DIE AUFMERKSAMKEIT, DIE SIE VERDIENT!<\/strong><\/p>\n<p>Dieses Ger\u00e4t, das im Gro\u00dfhandel normalerweise Tausende kostet, ist jetzt f\u00fcr den Heimgebrauch zu einem Bruchteil des Preises erh\u00e4ltlich. Herk\u00f6mmliche Hydrodermabrasionsbehandlungen k\u00f6nnen hart sein, aber die Infusion von Wasser und Sauerstoff macht diese Behandlung sanfter und angenehmer.<\/p>\n<h3>Was ist Hydrodermabrasion?<\/h3>\n<p>Hydrodermabrasion ist eine hochmoderne Gesichtsbehandlung, die reinigt, entgiftet, peelt und Unreinheiten entfernt und gleichzeitig die Haut tiefenwirksam mit Feuchtigkeit versorgt. Au\u00dferdem werden feine Linien, F\u00e4ltchen, gro\u00dfe Poren, Hyperpigmentierung und ein ungleichm\u00e4\u00dfiger Hautton reduziert. Durch die Kombination von Mikrodermabrasion mit Wasser und Sauerstoff wird die Haut verj\u00fcngt und erh\u00e4lt ein hydratisiertes, gesundes und jugendliches Strahlen.<\/p>\n<h3><img loading=\"lazy\" decoding=\"async\" class=\"aligncenter wp-image-2796 size-full\" title=\"Wasserstoff-Sauerstoff-Gesichtsbehandlungsmaschine\" src=\"https:\/\/skbty.com\/wp-content\/uploads\/2023\/06\/h2o2-howwork-3.webp\" alt=\"Wasserstoff-Sauerstoff-Gesichtsbehandlungsmaschine\" width=\"400\" height=\"225\" srcset=\"https:\/\/skbty.com\/wp-content\/uploads\/2023\/06\/h2o2-howwork-3.webp 400w, https:\/\/skbty.com\/wp-content\/uploads\/2023\/06\/h2o2-howwork-3-300x169.webp 300w\" sizes=\"auto, (max-width: 400px) 100vw, 400px\" \/><\/h3>\n<h3>Wie funktioniert es?<\/h3>\n<p><strong>Peeling &amp; Extrahieren:<\/strong><br \/>\nWasser macht die \u00e4u\u00dfere Hautschicht weich, in der Unreinheiten vorkommen. Die Vakuumabsaugung peelt und entfernt abgestorbene Hautzellen, Talg, \u00fcbersch\u00fcssiges \u00d6l, Mitesser und Whiteheads und \u00f6ffnet die Poren. Das Entfernen dieser Barriere stimuliert das Wachstum neuer Zellen und bringt jugendliche Haut zum Vorschein.<\/p>\n<h3><img loading=\"lazy\" decoding=\"async\" class=\"aligncenter wp-image-2797 size-full\" title=\"Wasserstoff-Sauerstoff-Gesichtsbehandlungsmaschine\" src=\"https:\/\/skbty.com\/wp-content\/uploads\/2023\/06\/h2o2-howwork-2.webp\" alt=\"Wasserstoff-Sauerstoff-Gesichtsbehandlungsmaschine\" width=\"480\" height=\"270\" srcset=\"https:\/\/skbty.com\/wp-content\/uploads\/2023\/06\/h2o2-howwork-2.webp 480w, https:\/\/skbty.com\/wp-content\/uploads\/2023\/06\/h2o2-howwork-2-300x169.webp 300w\" sizes=\"auto, (max-width: 480px) 100vw, 480px\" \/><\/h3>\n<p><strong>Erweitern:<\/strong><br \/>\nVakuumsaugen erh\u00f6ht die Durchblutung und l\u00f6st den nat\u00fcrlichen Heilungsprozess aus, wodurch Kollagen und Elastin gef\u00f6rdert werden. Die Haut wird straff, frisch und strahlend. Durch das Entfernen der oberen Schicht abgestorbener Hautzellen dringen Hautpflegeprodukte bis zu 20-mal tiefer ein und maximieren so ihre Wirkung.<\/p>\n<h3><\/h3>\n<div><\/div>\n<div>\n<table style=\"border-collapse: collapse; width: 100%;\">\n<tbody>\n<tr>\n<td style=\"width: 50%;\"><img loading=\"lazy\" decoding=\"async\" class=\"aligncenter\" title=\"Wasserstoff-Sauerstoff-Gesichtsbehandlungsmaschine\" src=\"https:\/\/sc04.alicdn.com\/kf\/H19e4079ac93946b3bfe69172bfb6816fK\/247315878\/H19e4079ac93946b3bfe69172bfb6816fK.jpg\" alt=\"Wasserstoff-Sauerstoff-Gesichtsbehandlungsmaschine\" width=\"534\" height=\"468\" data-src=\"\/\/sc04.alicdn.com\/kf\/H19e4079ac93946b3bfe69172bfb6816fK\/247315878\/H19e4079ac93946b3bfe69172bfb6816fK.jpg\" \/><\/td>\n<td style=\"width: 50%;\"><img loading=\"lazy\" decoding=\"async\" class=\"aligncenter wp-image-2065\" title=\"Wasserstoff-Sauerstoff-Gesichtsbehandlungsmaschine\" src=\"https:\/\/skbty.com\/wp-content\/uploads\/2023\/06\/Hec216d1b208f4e9a9ef65182c5f23123l.jpg\" alt=\"Wasserstoff-Sauerstoff-Gesichtsbehandlungsmaschine\" width=\"492\" height=\"507\" srcset=\"https:\/\/skbty.com\/wp-content\/uploads\/2023\/06\/Hec216d1b208f4e9a9ef65182c5f23123l.jpg 750w, https:\/\/skbty.com\/wp-content\/uploads\/2023\/06\/Hec216d1b208f4e9a9ef65182c5f23123l-291x300.jpg 291w, https:\/\/skbty.com\/wp-content\/uploads\/2023\/06\/Hec216d1b208f4e9a9ef65182c5f23123l-600x618.jpg 600w\" sizes=\"auto, (max-width: 492px) 100vw, 492px\" \/><\/td>\n<\/tr>\n<\/tbody>\n<\/table>\n<\/div>\n<div><\/div>\n<h3>Vorteile der Hydra-Mikrodermabrasion mit Wasserstoff-Sauerstoff-Gesichtsbehandlung<\/h3>\n<ul>\n<li><strong>Tiefenreinigung:<\/strong> Entfernt abgestorbene Hautzellen und Unreinheiten f\u00fcr ein klareres Hautbild.<\/li>\n<li><strong>Spendet der Haut Feuchtigkeit:<\/strong> F\u00f6rdert eine ausgewogene und gesunde Hautbarriere.<\/li>\n<li><strong>Reduziert feine Linien und F\u00e4ltchen:<\/strong> Verbessert das Hautbild durch Entfernung abgestorbener Hautzellen und Unreinheiten.<\/li>\n<li><strong>Gleicht den Hautton aus:<\/strong> Reduziert Verf\u00e4rbungen, Pigmentflecken und ungleichm\u00e4\u00dfigen Hautton.<\/li>\n<\/ul>\n<h3><img loading=\"lazy\" decoding=\"async\" class=\"aligncenter wp-image-2064\" title=\"Wasserstoff-Sauerstoff-Gesichtsbehandlungsmaschine\" src=\"https:\/\/skbty.com\/wp-content\/uploads\/2023\/06\/H158366cdcc384d06b1b75abaae40536eL.jpg\" alt=\"Wasserstoff-Sauerstoff-Gesichtsbehandlungsmaschine\" width=\"505\" height=\"558\" srcset=\"https:\/\/skbty.com\/wp-content\/uploads\/2023\/06\/H158366cdcc384d06b1b75abaae40536eL.jpg 750w, https:\/\/skbty.com\/wp-content\/uploads\/2023\/06\/H158366cdcc384d06b1b75abaae40536eL-272x300.jpg 272w, https:\/\/skbty.com\/wp-content\/uploads\/2023\/06\/H158366cdcc384d06b1b75abaae40536eL-600x662.jpg 600w\" sizes=\"auto, (max-width: 505px) 100vw, 505px\" \/><\/h3>\n<h3>Vorteile der Wasserstoff-Sauerstoff-Gesichtsbehandlungsmaschine der 4. Generation<\/h3>\n<ul>\n<li><strong>Zwei gro\u00dfe Pumpen:<\/strong> Ausgestattet mit 2 gro\u00dfen Pumpen f\u00fcr optimale Leistung und \u00fcbertrifft damit Wettbewerber mit nur 1 mittleren oder kleinen Pumpe.<\/li>\n<li><strong>\u00dcberlegene Saugleistung:<\/strong> Sorgt f\u00fcr eine gr\u00fcndliche und dennoch sanfte Reinigung.<\/li>\n<li><strong>Leiser Betrieb:<\/strong> 50% erzeugt weniger L\u00e4rm als andere Marken.<\/li>\n<li><strong>Hautfreundliche Tipps:<\/strong> Enth\u00e4lt Silikonspitzen f\u00fcr eine sanftere Ber\u00fchrung der Haut.<\/li>\n<li><strong>Verbesserte Durchdringung:<\/strong> Erreicht mit der verbesserten Wasserstoff-Sauerstoff-Hydratationssonde 90% eine h\u00f6here Produktdurchdringung.<\/li>\n<li><strong>Hochwertige Konstruktion:<\/strong> Hergestellt aus hochwertigsten Rohstoffen.<\/li>\n<li><strong>N\u00e4hrstoffreiche L\u00f6sungen:<\/strong> Wird mit einem Satz nat\u00fcrlicher fl\u00fcssiger N\u00e4hrl\u00f6sungen geliefert.<\/li>\n<li><strong>Professionelle Verpackung:<\/strong> Wird f\u00fcr optimalen Schutz in einer professionellen Airbox-Verpackung geliefert.<\/li>\n<li><strong>Garantie und Support:<\/strong> Beinhaltet eine erweiterte Garantie und lebenslangen technischen Support.<\/li>\n<\/ul>\n<h3>Nur 10 Minuten, einmal pro Woche<\/h3>\n<p>Das ist alles, was Sie brauchen, um die sch\u00f6nste Haut Ihres Lebens zu bekommen! Nach der ersten Behandlung f\u00fchlt sich Ihre Haut sehr weich und neu an. Nach 4 Behandlungen werden Sie sp\u00fcrbare Verbesserungen feststellen: straffere, glattere und samtigere Haut. Leichte Aknenarben und Sonnenflecken k\u00f6nnen zur\u00fcckgehen und Sie werden weniger Ausbr\u00fcche, feine Linien und F\u00e4ltchen haben.<\/p>\n<\/div>\n<h3>Zubeh\u00f6r<\/h3>\n<div><strong>Sauerstoffspr\u00fcher<\/strong><br \/>\nZur Befeuchtung, Aufhellung und Verj\u00fcngung der Haut.<br \/>\n<strong>Ultraschall-Griff<\/strong><br \/>\nHochfrequente Vibrationen entspannen die Haut und verbessern die N\u00e4hrstoffaufnahme.<br \/>\n<strong>Kalter Hammer<\/strong><br \/>\nZur Verkleinerung der Poren, Straffung und Beruhigung der Haut, Verbesserung der Elastizit\u00e4t und Reduzierung von F\u00e4ltchen und R\u00f6tungen.<br \/>\n<strong>Hautpeeling<\/strong><br \/>\nZum Entfernen abgestorbener Haut und Verbessern des Hautzustands.<\/div>\n<div><strong>Hydra-Dermabrasionsstift<\/strong><\/div>\n<div>Zur Tiefenreinigung der Haut, Entfernung von Fett und Mitessern und Steigerung der Elastizit\u00e4t.<br \/>\n<strong>Bipol-HF-Griff<\/strong><\/div>\n<div>Zum Anheben und Straffen der Haut und zur Faltenentfernung.<\/div>\n<div>\n<table style=\"border-collapse: collapse; width: 100%;\">\n<tbody>\n<tr>\n<td style=\"width: 50%;\"><img loading=\"lazy\" decoding=\"async\" class=\"aligncenter\" title=\"Wasserstoff-Sauerstoff-Gesichtsbehandlungsmaschine\" src=\"https:\/\/sc04.alicdn.com\/kf\/H4e7641065f3d430eac8f7994bd0719523\/247315878\/H4e7641065f3d430eac8f7994bd0719523.jpg\" alt=\"Wasserstoff-Sauerstoff-Gesichtsbehandlungsmaschine\" width=\"394\" height=\"417\" data-src=\"\/\/sc04.alicdn.com\/kf\/H4e7641065f3d430eac8f7994bd0719523\/247315878\/H4e7641065f3d430eac8f7994bd0719523.jpg\" \/><\/td>\n<td style=\"width: 50%;\"><img loading=\"lazy\" decoding=\"async\" class=\"aligncenter\" title=\"Wasserstoff-Sauerstoff-Gesichtsbehandlungsmaschine\" src=\"https:\/\/sc04.alicdn.com\/kf\/H23620bd3f0ba48b090cc2daa2767506cM\/247315878\/H23620bd3f0ba48b090cc2daa2767506cM.jpg\" alt=\"Wasserstoff-Sauerstoff-Gesichtsbehandlungsmaschine\" width=\"447\" height=\"427\" data-src=\"\/\/sc04.alicdn.com\/kf\/H23620bd3f0ba48b090cc2daa2767506cM\/247315878\/H23620bd3f0ba48b090cc2daa2767506cM.jpg\" \/><\/td>\n<\/tr>\n<\/tbody>\n<\/table>\n<\/div>\n<div>\n<h3>7 LED-Licht<\/h3>\n<div><strong>Rotlicht: <\/strong>Hellt die Haut auf und erh\u00f6ht die Hautelastizit\u00e4t.<\/div>\n<div><strong>Blaues Licht: <\/strong>Entz\u00fcndungshemmende Sterilisation gegen Akne.<\/div>\n<div><strong>Gr\u00fcnes Licht: <\/strong>Beruhigt die Haut und h\u00e4lt den Wasser- und \u00d6lhaushalt aufrecht.<\/div>\n<div>\n<div><strong>Gelbes Licht: <\/strong>Reduziert R\u00f6tungen und Erytheme der Haut.<\/div>\n<p><strong>Violettes Licht: <\/strong>Hellt die Haut auf und reduziert Akne.<br \/>\n<strong>Cyan-Licht: <\/strong>Steigern Sie die Zellenergie. F\u00f6rdern Sie den Stoffwechsel.<br \/>\n<strong>Wei\u00dfes Licht: <\/strong>F\u00e4ltchen reduzieren, Haut straffen.<\/p>\n<\/div>\n<div style=\"text-align: center;\"><\/div>\n<div>\n<table style=\"border-collapse: collapse; width: 100%;\">\n<tbody>\n<tr>\n<td style=\"width: 50%;\"><img loading=\"lazy\" decoding=\"async\" class=\"magic-13 aligncenter\" title=\"Wasserstoff-Sauerstoff-Gesichtsbehandlungsmaschine\" src=\"https:\/\/sc04.alicdn.com\/kf\/H958ae3f8a614413e985f34a7adbbfadbp\/247315878\/H958ae3f8a614413e985f34a7adbbfadbp.jpg\" alt=\"Wasserstoff-Sauerstoff-Gesichtsbehandlungsmaschine\" width=\"512\" height=\"522\" data-src=\"\/\/sc04.alicdn.com\/kf\/H958ae3f8a614413e985f34a7adbbfadbp\/247315878\/H958ae3f8a614413e985f34a7adbbfadbp.jpg\" \/><\/td>\n<td style=\"width: 50%;\"><img loading=\"lazy\" decoding=\"async\" class=\"aligncenter\" title=\"Wasserstoff-Sauerstoff-Gesichtsbehandlungsmaschine\" src=\"https:\/\/sc04.alicdn.com\/kf\/H063b765e305243fd8352bfc37e8c91a0p\/247315878\/H063b765e305243fd8352bfc37e8c91a0p.jpg\" alt=\"Wasserstoff-Sauerstoff-Gesichtsbehandlungsmaschine\" width=\"534\" height=\"538\" data-src=\"\/\/sc04.alicdn.com\/kf\/H063b765e305243fd8352bfc37e8c91a0p\/247315878\/H063b765e305243fd8352bfc37e8c91a0p.jpg\" \/><\/td>\n<\/tr>\n<\/tbody>\n<\/table>\n<\/div>\n<div><\/div>\n<\/div>\n<div>\n<div><\/div>\n<div><\/div>\n<div><img loading=\"lazy\" decoding=\"async\" class=\"aligncenter\" title=\"Wasserstoff-Sauerstoff-Gesichtsbehandlungsmaschine\" src=\"https:\/\/sc04.alicdn.com\/kf\/H1682f395701b4d43be53e265d65bb5d9t\/247315878\/H1682f395701b4d43be53e265d65bb5d9t.jpg\" alt=\"Wasserstoff-Sauerstoff-Gesichtsbehandlungsmaschine\" width=\"750\" height=\"762\" data-src=\"\/\/sc04.alicdn.com\/kf\/H1682f395701b4d43be53e265d65bb5d9t\/247315878\/H1682f395701b4d43be53e265d65bb5d9t.jpg\" \/><\/div>\n<div><strong>Aqua Peelingkopf<\/strong><br \/>\nReines Wasser wird gereinigt, um feine H2-Molek\u00fcle auf der Hautoberfl\u00e4che zu erzeugen, so dass Wassermolek\u00fcle schnell in die Haut eindringen<\/div>\n<div><strong>Hautpeeling<\/strong><br \/>\nVibrieren, um abgestorbene Hautzellen und \u00fcbersch\u00fcssige Nagelhaut zu entfernen<\/div>\n<div><strong>Cooler Hammer<\/strong><br \/>\nCool Hammer, schnelle Abk\u00fchlung verkleinert Poren, beruhigt die Haut<\/div>\n<div><strong>Ultraschall<\/strong><br \/>\nHochfrequente Vibration, effiziente Infusion<\/div>\n<div>\n<div><strong>Wasserspr\u00fchpistole<\/strong><br \/>\nDas Instrument erzeugt eine hochsauerstoff-wasserionenhaltige Mischl\u00f6sung und leitet sie mit der Spr\u00fchpistole in die Dermisschicht.<\/div>\n<div><strong>Zweipolige HF<\/strong><br \/>\nF\u00f6rdert die Kollagenregeneration, f\u00fcllt Falten auf und stellt die Elastizit\u00e4t wieder her.<\/div>\n<\/div>\n<div>\n<table style=\"border-collapse: collapse; width: 100%;\">\n<tbody>\n<tr>\n<td style=\"width: 50%;\"><img loading=\"lazy\" decoding=\"async\" class=\"aligncenter wp-image-2795 size-large\" title=\"Wasserstoff-Sauerstoff-Gesichtsbehandlungsmaschine\" src=\"https:\/\/skbty.com\/wp-content\/uploads\/2023\/06\/h2o2-facial-1-1024x880.jpg\" alt=\"Wasserstoff-Sauerstoff-Gesichtsbehandlungsmaschine\" width=\"1024\" height=\"880\" srcset=\"https:\/\/skbty.com\/wp-content\/uploads\/2023\/06\/h2o2-facial-1-1024x880.jpg 1024w, https:\/\/skbty.com\/wp-content\/uploads\/2023\/06\/h2o2-facial-1-300x258.jpg 300w, https:\/\/skbty.com\/wp-content\/uploads\/2023\/06\/h2o2-facial-1-768x660.jpg 768w, https:\/\/skbty.com\/wp-content\/uploads\/2023\/06\/h2o2-facial-1-600x516.jpg 600w, https:\/\/skbty.com\/wp-content\/uploads\/2023\/06\/h2o2-facial-1.jpg 1138w\" sizes=\"auto, (max-width: 1024px) 100vw, 1024px\" \/><\/td>\n<td style=\"width: 50%;\"><img loading=\"lazy\" decoding=\"async\" class=\"aligncenter wp-image-2794 size-large\" title=\"Wasserstoff-Sauerstoff-Gesichtsbehandlungsmaschine\" src=\"https:\/\/skbty.com\/wp-content\/uploads\/2023\/06\/h2o2-facial-2-1024x837.jpg\" alt=\"Wasserstoff-Sauerstoff-Gesichtsbehandlungsmaschine\" width=\"1024\" height=\"837\" srcset=\"https:\/\/skbty.com\/wp-content\/uploads\/2023\/06\/h2o2-facial-2-1024x837.jpg 1024w, https:\/\/skbty.com\/wp-content\/uploads\/2023\/06\/h2o2-facial-2-300x245.jpg 300w, https:\/\/skbty.com\/wp-content\/uploads\/2023\/06\/h2o2-facial-2-768x628.jpg 768w, https:\/\/skbty.com\/wp-content\/uploads\/2023\/06\/h2o2-facial-2-600x491.jpg 600w, https:\/\/skbty.com\/wp-content\/uploads\/2023\/06\/h2o2-facial-2.jpg 1152w\" sizes=\"auto, (max-width: 1024px) 100vw, 1024px\" \/><\/td>\n<\/tr>\n<\/tbody>\n<\/table>\n<\/div>\n<div><\/div>\n<div><strong style=\"font-family: 'Playfair Display', serif; font-size: 24px; text-transform: capitalize;\">Anpassen Logo<\/strong><\/div>\n<\/div>\n<div>\n<p>Wollen, machen Ihre Marke stand heraus? Wir bieten angepasst logo Dienstleistungen zu helfen Sie erstellen Sie eine einzigartige und personalisierte logo spiegelt Ihre Marke Identit\u00e4t. Unser team von Experten arbeiten eng mit Ihnen zusammen, um ein logo zu entwerfen, die in Resonanz mit Ihrer Marke und messaging. Egal, ob Sie Umbau Ihres bestehenden Logos oder eine neue erstellen von Grund auf neu, wir haben Sie abgedeckt. <a href=\"\/de\/kontakt\/\">Kontaktieren Sie uns<\/a> heute erfahren Sie mehr \u00fcber unsere ma\u00dfgeschneiderten logo-Service!<\/p>\n<\/div>\n<div>\n<div><\/div>\n<\/div>","protected":false},"excerpt":{"rendered":"<p>\u2662 Feuchtigkeitsspendend f\u00fcr die Haut<br \/>\n\u2662 Hautstraffung<br \/>\n\u2662 Hautsedierung<br \/>\n\u2662 Hautaufhellung<br \/>\n\u2662 Mitesserentfernung<br \/>\n\u2662 Faltenentfernung<\/p>","protected":false},"featured_media":2070,"comment_status":"open","ping_status":"closed","template":"","meta":{"_kad_post_transparent":"default","_kad_post_title":"","_kad_post_layout":"default","_kad_post_sidebar_id":"","_kad_post_content_style":"default","_kad_post_vertical_padding":"default","_kad_post_feature":"","_kad_post_feature_position":"","_kad_post_header":false,"_kad_post_footer":false,"_kad_post_classname":"","rank_math_title":"","rank_math_description":"","rank_math_focus_keyword":""},"product_brand":[],"product_cat":[33],"product_tag":[],"class_list":{"0":"post-1979","1":"product","2":"type-product","3":"status-publish","4":"has-post-thumbnail","6":"product_cat-face-care","7":"product_shipping_class-sk-fc002","9":"first","10":"instock","11":"sale","12":"shipping-taxable","13":"purchasable","14":"product-type-variable","15":"entry","16":"content-bg","17":"loop-entry"},"_links":{"self":[{"href":"https:\/\/skbty.com\/de\/wp-json\/wp\/v2\/product\/1979","targetHints":{"allow":["GET"]}}],"collection":[{"href":"https:\/\/skbty.com\/de\/wp-json\/wp\/v2\/product"}],"about":[{"href":"https:\/\/skbty.com\/de\/wp-json\/wp\/v2\/types\/product"}],"replies":[{"embeddable":true,"href":"https:\/\/skbty.com\/de\/wp-json\/wp\/v2\/comments?post=1979"}],"wp:featuredmedia":[{"embeddable":true,"href":"https:\/\/skbty.com\/de\/wp-json\/wp\/v2\/media\/2070"}],"wp:attachment":[{"href":"https:\/\/skbty.com\/de\/wp-json\/wp\/v2\/media?parent=1979"}],"wp:term":[{"taxonomy":"product_brand","embeddable":true,"href":"https:\/\/skbty.com\/de\/wp-json\/wp\/v2\/product_brand?post=1979"},{"taxonomy":"product_cat","embeddable":true,"href":"https:\/\/skbty.com\/de\/wp-json\/wp\/v2\/product_cat?post=1979"},{"taxonomy":"product_tag","embeddable":true,"href":"https:\/\/skbty.com\/de\/wp-json\/wp\/v2\/product_tag?post=1979"}],"curies":[{"name":"wp","href":"https:\/\/api.w.org\/{rel}","templated":true}]}}