{"id":1994,"date":"2023-06-16T22:01:05","date_gmt":"2023-06-16T14:01:05","guid":{"rendered":"https:\/\/skbty.com\/?post_type=product&#038;p=1994"},"modified":"2025-12-05T18:45:33","modified_gmt":"2025-12-05T10:45:33","slug":"2-in-1-plasma-schonheitsmaschine-2","status":"publish","type":"product","link":"https:\/\/skbty.com\/de\/product\/2-in-1-plasma-schonheitsmaschine-2\/","title":{"rendered":"2-in-1-Plasma-Sch\u00f6nheitsmaschine"},"content":{"rendered":"<div>\n<h1><strong>2-in-1-Plasma-Sch\u00f6nheitsmaschine: Revolutionierende Hautbehandlung<\/strong><\/h1>\n<h3><strong>Was ist die 2-in-1-Plasma-Beauty-Maschine?<\/strong><\/h3>\n<p>Die 2-in-1-Plasma-Sch\u00f6nheitsmaschine ist ein hochmodernes Ger\u00e4t, das die fortschrittliche TDDS-Plasmatransfertechnologie verwendet, um eine Reihe von Hautbehandlungen durchzuf\u00fchren. Dieses Ger\u00e4t wurde entwickelt, um eine sichere und wirksame L\u00f6sung f\u00fcr verschiedene Hautprobleme zu bieten, darunter Akne, Narben und alternde Haut.<\/p>\n<table style=\"border-collapse: collapse; width: 100%;\">\n<tbody>\n<tr>\n<td style=\"width: 50%;\"><img loading=\"lazy\" decoding=\"async\" class=\"aligncenter\" title=\"2-in-1-Plasma-Sch\u00f6nheitsmaschine\" src=\"https:\/\/sc04.alicdn.com\/kf\/Hd8b7981db9c5416dabf5a49b9d8b5b40O\/247315878\/Hd8b7981db9c5416dabf5a49b9d8b5b40O.jpg\" alt=\"2-in-1-Plasma-Sch\u00f6nheitsmaschine\" width=\"382\" height=\"460\" data-src=\"\/\/sc04.alicdn.com\/kf\/Hd8b7981db9c5416dabf5a49b9d8b5b40O\/247315878\/Hd8b7981db9c5416dabf5a49b9d8b5b40O.jpg\" \/><\/td>\n<td style=\"width: 50%;\">\n<h3><img loading=\"lazy\" decoding=\"async\" class=\"aligncenter\" title=\"2-in-1-Plasma-Sch\u00f6nheitsmaschine\" src=\"https:\/\/sc04.alicdn.com\/kf\/H0ccdb68f66c9430992fcc581feb4054dF\/247315878\/H0ccdb68f66c9430992fcc581feb4054dF.jpg\" alt=\"2-in-1-Plasma-Sch\u00f6nheitsmaschine\" width=\"423\" height=\"447\" data-src=\"\/\/sc04.alicdn.com\/kf\/H0ccdb68f66c9430992fcc581feb4054dF\/247315878\/H0ccdb68f66c9430992fcc581feb4054dF.jpg\" \/><\/h3>\n<\/td>\n<\/tr>\n<\/tbody>\n<\/table>\n<h3><strong>Technische Vorteile<\/strong><\/h3>\n<p>Das 2-in-1-Plasma-Sch\u00f6nheitsger\u00e4t bietet mehrere technische Vorteile, darunter:<\/p>\n<h4><strong>1. Schnelle Absorption<\/strong><\/h4>\n<p>Die TDDS-Plasmatransfertechnologie \u00f6ffnet schnell die Adh\u00e4sionsmolek\u00fcle (CAM), die die Zellen verbinden, und erzeugt so eine erstaunliche Absorption, die innerhalb von nur 30 Sekunden sofort von der Haut aufgenommen wird.<\/p>\n<h4><strong>2. Starke Desinfektionsf\u00e4higkeit<\/strong><\/h4>\n<p>Plasmaenergie verf\u00fcgt \u00fcber eine starke Desinfektionswirkung, die Bakterien durch Zerst\u00f6rung ihrer Molekularstruktur wirksam beseitigen und so die Entstehung verschiedener Hautprobleme verhindern kann.<\/p>\n<h4><strong>3. Aufhellung und Bleichen der Haut<\/strong><\/h4>\n<p>Die Plasmaenergie f\u00fchrt durch Zerst\u00e4uben zu einer Verk\u00fcmmerung und Neukombination alternder Zellen, w\u00e4hrend die Melaninausf\u00e4llung gehemmt wird, wodurch die Haut strahlend, wei\u00df und makellos wird.<\/p>\n<h4><strong>4. Auto-Regeneration von Kollagen<\/strong><\/h4>\n<p>Plasmaenergie \u00fcbt w\u00e4hrend des Transports hochenergetische Hitze und Druck aus, bildet Wasserstoff auf der Hautoberfl\u00e4che und produziert schnell F-DBD-Feinplasmagruppen zwischen den Hautzellen, reproduziert die Zellmembranspannung, gleicht alle Ionen in der Hautstruktur aus und regeneriert automatisch Kollagen, wodurch die ungesunde, besch\u00e4digte und durch Pigmente beeintr\u00e4chtigte Struktur einen hocheffizienten Selbstheilungseffekt erzeugt, w\u00e4hrend gleichzeitig die Produktion von Kollagenfibroblasten stimuliert und der Hautalterung vorgebeugt wird.<\/p>\n<h3><img loading=\"lazy\" decoding=\"async\" class=\"aligncenter\" title=\"2-in-1-Plasma-Sch\u00f6nheitsmaschine\" src=\"https:\/\/sc04.alicdn.com\/kf\/Hf9efdaa8aeec40d9b2b126e076f49959M\/247315878\/Hf9efdaa8aeec40d9b2b126e076f49959M.jpg\" alt=\"2-in-1-Plasma-Sch\u00f6nheitsmaschine\" width=\"584\" height=\"1894\" data-src=\"\/\/sc04.alicdn.com\/kf\/Hf9efdaa8aeec40d9b2b126e076f49959M\/247315878\/Hf9efdaa8aeec40d9b2b126e076f49959M.jpg\" \/><\/h3>\n<h3><img loading=\"lazy\" decoding=\"async\" class=\"aligncenter\" title=\"2-in-1-Plasma-Sch\u00f6nheitsmaschine\" src=\"https:\/\/sc04.alicdn.com\/kf\/Hf29d05aff52e46f58902152ec6841c53L\/247315878\/Hf29d05aff52e46f58902152ec6841c53L.jpg\" alt=\"2-in-1-Plasma-Sch\u00f6nheitsmaschine\" width=\"525\" height=\"933\" data-src=\"\/\/sc04.alicdn.com\/kf\/Hf29d05aff52e46f58902152ec6841c53L\/247315878\/Hf29d05aff52e46f58902152ec6841c53L.jpg\" \/><\/h3>\n<h3><strong>Plasmasonde und Keramikelektrode<\/strong><\/h3>\n<p>Die Maschine wird mit einer Plasmasonde und einer Keramikelektrode geliefert, die Folgendes bieten:<\/p>\n<h4><strong>Plasma-Chirurgiesonde<\/strong><\/h4>\n<p>Eine schonende und pr\u00e4zise chirurgische Behandlung, die das Hautgewebe nicht sch\u00e4digt, sondern die Haut und das Unterhautgewebe stimuliert, sodass sie sich f\u00fcr verschiedene Hautbehandlungen wie Akne-, Narben- und \u00e4sthetische Augenlidchirurgie eignet.<\/p>\n<h4><strong>Keramikelektrode<\/strong><\/h4>\n<p>Hervorragende mechanische Festigkeit mit hoher Haltbarkeit und sicherer und zuverl\u00e4ssigerer Kontakt mit dem menschlichen K\u00f6rper.<\/p>\n<h3><strong>Service und Spannung<\/strong><\/h3>\n<p>Die 2-in-1-Plasma-Sch\u00f6nheitsmaschine wird mit OEM\/ODM-Service geliefert und arbeitet mit einer Spannung von AC110V\/240V.<\/p>\n<h3><strong>Frequenz und Hostgr\u00f6\u00dfe<\/strong><\/h3>\n<p>Die Maschine arbeitet mit einer Frequenz von 10 MHz und hat eine Hostgr\u00f6\u00dfe von 57 (L\u00e4nge) \u00d7 46 (Breite) \u00d7 46 (H\u00f6he) cm.<\/p>\n<h3><strong>Bruttogewicht<\/strong><\/h3>\n<p>Die Maschine hat ein Bruttogewicht von ca. 13,1kg.<\/p>\n<h3><strong>Abschluss<\/strong><\/h3>\n<p>Die 2-in-1-Plasma-Sch\u00f6nheitsmaschine ist ein revolution\u00e4res Ger\u00e4t, das eine Reihe von Hautbehandlungen bietet, darunter Akne, Narben und alternde Haut. Mit seiner fortschrittlichen TDDS-Plasmatransfertechnologie, der Plasmasonde und der Keramikelektrode ist dieses Ger\u00e4t eine ideale L\u00f6sung f\u00fcr alle, die ihre Hautgesundheit verbessern m\u00f6chten.<\/p>\n<h3><strong>H\u00e4ufig gestellte Fragen<\/strong><\/h3>\n<h4><strong>F: Ist die Verwendung der 2-in-1-Plasma-Sch\u00f6nheitsmaschine sicher?<\/strong><\/h4>\n<p>A: Ja, das Ger\u00e4t ist sicher in der Anwendung und verf\u00fcgt \u00fcber eine starke Desinfektionswirkung, die Bakterien beseitigt und Hautproblemen vorbeugt.<\/p>\n<h4><strong>F: Welche Hautprobleme k\u00f6nnen mit dem Ger\u00e4t behandelt werden?<\/strong><\/h4>\n<p>A: Das Ger\u00e4t kann verschiedene Hautprobleme behandeln, darunter Akne, Narben und alternde Haut.<\/p>\n<h4><strong>F: Wie lange dauert eine Behandlungssitzung?<\/strong><\/h4>\n<p>A: Die Dauer der Behandlungssitzungen kann unterschiedlich sein, dauert aber normalerweise etwa 30\u201360 Minuten.<\/p>\n<h4><strong>F: Ist die Maschine einfach zu bedienen?<\/strong><\/h4>\n<p>A: Ja, die Maschine ist einfach zu bedienen und wird mit OEM\/ODM-Service und -Support geliefert.<\/p>\n<h4><strong>F: Welche Ergebnisse kann ich von der Maschine erwarten?<\/strong><\/h4>\n<p>A: Die Ergebnisse k\u00f6nnen variieren, aber das Ger\u00e4t sorgt f\u00fcr eine schnelle Aufnahme, Aufhellung und Bleichung der Haut sowie eine automatische Regeneration von Kollagen.<\/p>\n<\/div>\n<div>\n<div><\/div>\n<div><img loading=\"lazy\" decoding=\"async\" class=\"aligncenter\" title=\"2-in-1-Plasma-Sch\u00f6nheitsmaschine\" src=\"https:\/\/sc04.alicdn.com\/kf\/Hd8b09c41f9454797b2a419edeec0ee91g\/247315878\/Hd8b09c41f9454797b2a419edeec0ee91g.jpg\" alt=\"2-in-1-Plasma-Sch\u00f6nheitsmaschine\" width=\"506\" height=\"1109\" data-src=\"\/\/sc04.alicdn.com\/kf\/Hd8b09c41f9454797b2a419edeec0ee91g\/247315878\/Hd8b09c41f9454797b2a419edeec0ee91g.jpg\" \/><\/div>\n<div>\n<h3><strong>Anpassen Logo<\/strong><\/h3>\n<p>Wollen, machen Ihre Marke stand heraus? Wir bieten angepasst logo Dienstleistungen zu helfen Sie erstellen Sie eine einzigartige und personalisierte logo spiegelt Ihre Marke Identit\u00e4t. Unser team von Experten arbeiten eng mit Ihnen zusammen, um ein logo zu entwerfen, die in Resonanz mit Ihrer Marke und messaging. Egal, ob Sie Umbau Ihres bestehenden Logos oder eine neue erstellen von Grund auf neu, wir haben Sie abgedeckt. <a href=\"\/de\/kontakt\/\">Kontaktieren Sie uns<\/a> heute erfahren Sie mehr \u00fcber unsere ma\u00dfgeschneiderten logo-Service!<\/p>\n<p style=\"text-align: center;\">\n<\/div>\n<\/div>","protected":false},"excerpt":{"rendered":"<p class=\"p1\">Entdecken Sie die 2-in-1-Plasma-Sch\u00f6nheitsmaschine, ein revolution\u00e4res Ger\u00e4t, das fortschrittliche TDDS-Plasmatransfertechnologie verwendet, um eine Reihe von Hautbehandlungen durchzuf\u00fchren, darunter Akne, Narben und alternde Haut.<\/p>","protected":false},"featured_media":2001,"comment_status":"open","ping_status":"closed","template":"","meta":{"_kad_post_transparent":"default","_kad_post_title":"","_kad_post_layout":"default","_kad_post_sidebar_id":"","_kad_post_content_style":"default","_kad_post_vertical_padding":"default","_kad_post_feature":"","_kad_post_feature_position":"","_kad_post_header":false,"_kad_post_footer":false,"_kad_post_classname":"","rank_math_title":"","rank_math_description":"","rank_math_focus_keyword":""},"product_brand":[],"product_cat":[33],"product_tag":[],"class_list":{"0":"post-1994","1":"product","2":"type-product","3":"status-publish","4":"has-post-thumbnail","6":"product_cat-face-care","8":"first","9":"instock","10":"sale","11":"shipping-taxable","12":"purchasable","13":"product-type-variable","14":"entry","15":"content-bg","16":"loop-entry"},"_links":{"self":[{"href":"https:\/\/skbty.com\/de\/wp-json\/wp\/v2\/product\/1994","targetHints":{"allow":["GET"]}}],"collection":[{"href":"https:\/\/skbty.com\/de\/wp-json\/wp\/v2\/product"}],"about":[{"href":"https:\/\/skbty.com\/de\/wp-json\/wp\/v2\/types\/product"}],"replies":[{"embeddable":true,"href":"https:\/\/skbty.com\/de\/wp-json\/wp\/v2\/comments?post=1994"}],"wp:featuredmedia":[{"embeddable":true,"href":"https:\/\/skbty.com\/de\/wp-json\/wp\/v2\/media\/2001"}],"wp:attachment":[{"href":"https:\/\/skbty.com\/de\/wp-json\/wp\/v2\/media?parent=1994"}],"wp:term":[{"taxonomy":"product_brand","embeddable":true,"href":"https:\/\/skbty.com\/de\/wp-json\/wp\/v2\/product_brand?post=1994"},{"taxonomy":"product_cat","embeddable":true,"href":"https:\/\/skbty.com\/de\/wp-json\/wp\/v2\/product_cat?post=1994"},{"taxonomy":"product_tag","embeddable":true,"href":"https:\/\/skbty.com\/de\/wp-json\/wp\/v2\/product_tag?post=1994"}],"curies":[{"name":"wp","href":"https:\/\/api.w.org\/{rel}","templated":true}]}}