{"id":2017,"date":"2023-06-19T18:12:51","date_gmt":"2023-06-19T10:12:51","guid":{"rendered":"https:\/\/skbty.com\/?post_type=product&#038;p=2017"},"modified":"2024-06-24T11:38:01","modified_gmt":"2024-06-24T03:38:01","slug":"hifu-maschine-zur-vaginalstraffung","status":"publish","type":"product","link":"https:\/\/skbty.com\/de\/product\/hifu-maschine-zur-vaginalstraffung\/","title":{"rendered":"HIFU-Maschine zur Vaginalstraffung"},"content":{"rendered":"<div>\n<div>\n<h3><strong>Was ist das HIFU-System zur Vaginalverengung?<\/strong><\/h3>\n<p><strong>Das Vaginalstraffungs-HIFU-System<\/strong> ist ein hochmodernes medizinisches Ger\u00e4t, das hochintensive fokussierte Ultraschalltechnologie (HIFU) zur nichtinvasiven Vaginalverj\u00fcngung nutzt. Durch die gezielte Ultraschallenergie, die auf die Schleimhaut- und Muskelschichten gerichtet wird, wird die Neuorganisation und Regeneration von Kollagen angeregt, was zu einer verbesserten Vaginalfestigkeit, gesteigerter Empfindlichkeit und erh\u00f6hter Feuchtigkeit f\u00fchrt. Dieses System bietet eine sichere, effektive L\u00f6sung zur Vaginalstraffung mit minimalen Beschwerden und ohne Erholungszeit.<\/p>\n<p><strong>Maschine zur Vaginalstraffung<\/strong><\/p>\n<ul>\n<li><strong>Verwendung:<\/strong> Vaginale Verj\u00fcngung<\/li>\n<li><strong>OEM-Dienst:<\/strong> Support verf\u00fcgbar<\/li>\n<li><strong>Griffe:<\/strong> 2 Griffe<\/li>\n<li><strong>Technologie:<\/strong> Ultraschall-HIFU<\/li>\n<\/ul>\n<p><img loading=\"lazy\" decoding=\"async\" class=\"aligncenter wp-image-2196\" title=\"Vaginale Straffung \" src=\"https:\/\/skbty.com\/wp-content\/uploads\/2023\/06\/principle.png\" alt=\"Vaginale Straffung \" width=\"660\" height=\"222\" srcset=\"https:\/\/skbty.com\/wp-content\/uploads\/2023\/06\/principle.png 731w, https:\/\/skbty.com\/wp-content\/uploads\/2023\/06\/principle-300x101.png 300w, https:\/\/skbty.com\/wp-content\/uploads\/2023\/06\/principle-600x202.png 600w\" sizes=\"auto, (max-width: 660px) 100vw, 660px\" \/><\/p>\n<p><strong>Arbeitsprinzip:<\/strong><\/p>\n<p>Das Vaginal Tightening HIFU System verwendet eine nichtinvasive Ultraschallfokussierungstechnik, die direkt auf die Schleimhautlamina und die Muskelschicht abzielt. Unter Verwendung von Ultraschallwellen als Energiequelle dringt es tief ein und konzentriert sich in einer vorgegebenen Tiefe pr\u00e4zise auf die Lamina propria und die Muskelfaserschicht. Dadurch entsteht ein hochintensiver Fokusbereich, in dem die Temperatur innerhalb von 0,1 Sekunden 65 \u00b0C \u00fcberschreiten kann. Dieser Prozess reorganisiert das Kollagen, w\u00e4hrend das umliegende Gewebe unber\u00fchrt bleibt, und erreicht die gew\u00fcnschte Kollagenkonzentration, Reorganisation und Regeneration f\u00fcr eine effektive Vaginalstraffung.<\/p>\n<p><strong>Funktionen:<\/strong><\/p>\n<ul>\n<li>Starke straffende Wirkung zur Steigerung der sexuellen Befriedigung<\/li>\n<li>Verbesserte Feuchtigkeitsversorgung, reduziert Trockenheit<\/li>\n<li>Verbesserte Sensibilit\u00e4t durch Zellregeneration<\/li>\n<li>Umfassende Verbesserung der Vaginalgesundheit, Verringerung von Infektionen<\/li>\n<\/ul>\n<p><strong>Vorteile:<\/strong><\/p>\n<ul>\n<li><strong>Doppelte Arbeitsk\u00f6pfe:<\/strong> Unterschiedliche Betriebseffekte bei Tiefen von 3,0\u00a0mm und 4,5\u00a0mm.<\/li>\n<li><strong>360\u00b0 Rotationsemission:<\/strong> Umfassende Pflege f\u00fcr den Vaginalbereich.<\/li>\n<li><strong>Pr\u00e4zise Tiefeneinstellung:<\/strong> Sorgt f\u00fcr eine gezielte Behandlung.<\/li>\n<li><strong>Nicht-invasiv:<\/strong> Keine Erholungsphase erforderlich; sofortige Wiederaufnahme der sexuellen Aktivit\u00e4t.<\/li>\n<li><strong>Komfortable Bedienung:<\/strong> Einfache 20-min\u00fctige Behandlung mit sofortigen Ergebnissen.<\/li>\n<li><strong>Kosteng\u00fcnstig:<\/strong> Keine Verbrauchsartikel erforderlich.<\/li>\n<li><strong>Langanhaltende Ergebnisse:<\/strong> Sp\u00fcrbarer Straffungs- und Formungseffekt f\u00fcr 18\u201324 Monate nach einer Behandlung, j\u00e4hrliche Behandlungen f\u00f6rdern die Umkehrung der Hautalterung.<\/li>\n<li><strong>Ununterbrochener Alltag:<\/strong> Keine Beeintr\u00e4chtigung der t\u00e4glichen Aktivit\u00e4ten, einschlie\u00dflich Schminken.<\/li>\n<\/ul>\n<\/div>\n<\/div>\n<div>\n<h3><strong>Anpassen Logo<\/strong><\/h3>\n<p>Wollen, machen Ihre Marke stand heraus? Wir bieten angepasst logo Dienstleistungen zu helfen Sie erstellen Sie eine einzigartige und personalisierte logo spiegelt Ihre Marke Identit\u00e4t. Unser team von Experten arbeiten eng mit Ihnen zusammen, um ein logo zu entwerfen, die in Resonanz mit Ihrer Marke und messaging. Egal, ob Sie Umbau Ihres bestehenden Logos oder eine neue erstellen von Grund auf neu, wir haben Sie abgedeckt. <a href=\"\/de\/kontakt\/\">Kontaktieren Sie uns<\/a> heute erfahren Sie mehr \u00fcber unsere ma\u00dfgeschneiderten logo-Service!<\/p>\n<\/div>","protected":false},"excerpt":{"rendered":"<p>Das Vaginal Tightening HIFU-System verwendet eine nichtinvasive Ultraschallfokussierungstechnik, um direkt auf die Schleimhautlamia und die Muskelschicht zu fokussieren. Das System verwendet Ultraschallwellen als Energiequelle und nutzt deren Penetration und Fokussierung, um Ultraschallenergie zu senden, die in einer vorgegebenen Tiefe in der Lamina propria und der Muskelfaserschicht fokussiert ist.<\/p>","protected":false},"featured_media":2023,"comment_status":"open","ping_status":"closed","template":"","meta":{"_kad_post_transparent":"default","_kad_post_title":"","_kad_post_layout":"default","_kad_post_sidebar_id":"","_kad_post_content_style":"default","_kad_post_vertical_padding":"default","_kad_post_feature":"","_kad_post_feature_position":"","_kad_post_header":false,"_kad_post_footer":false,"_kad_post_classname":"","rank_math_title":"","rank_math_description":"","rank_math_focus_keyword":""},"product_brand":[],"product_cat":[35],"product_tag":[],"class_list":{"0":"post-2017","1":"product","2":"type-product","3":"status-publish","4":"has-post-thumbnail","6":"product_cat-hifu","8":"first","9":"instock","10":"shipping-taxable","11":"product-type-simple","12":"entry","13":"content-bg","14":"loop-entry"},"_links":{"self":[{"href":"https:\/\/skbty.com\/de\/wp-json\/wp\/v2\/product\/2017","targetHints":{"allow":["GET"]}}],"collection":[{"href":"https:\/\/skbty.com\/de\/wp-json\/wp\/v2\/product"}],"about":[{"href":"https:\/\/skbty.com\/de\/wp-json\/wp\/v2\/types\/product"}],"replies":[{"embeddable":true,"href":"https:\/\/skbty.com\/de\/wp-json\/wp\/v2\/comments?post=2017"}],"wp:featuredmedia":[{"embeddable":true,"href":"https:\/\/skbty.com\/de\/wp-json\/wp\/v2\/media\/2023"}],"wp:attachment":[{"href":"https:\/\/skbty.com\/de\/wp-json\/wp\/v2\/media?parent=2017"}],"wp:term":[{"taxonomy":"product_brand","embeddable":true,"href":"https:\/\/skbty.com\/de\/wp-json\/wp\/v2\/product_brand?post=2017"},{"taxonomy":"product_cat","embeddable":true,"href":"https:\/\/skbty.com\/de\/wp-json\/wp\/v2\/product_cat?post=2017"},{"taxonomy":"product_tag","embeddable":true,"href":"https:\/\/skbty.com\/de\/wp-json\/wp\/v2\/product_tag?post=2017"}],"curies":[{"name":"wp","href":"https:\/\/api.w.org\/{rel}","templated":true}]}}