{"id":2034,"date":"2023-06-19T19:01:35","date_gmt":"2023-06-19T11:01:35","guid":{"rendered":"https:\/\/skbty.com\/?post_type=product&#038;p=2034"},"modified":"2024-06-24T11:17:09","modified_gmt":"2024-06-24T03:17:09","slug":"tragbare-7d-hifu-maschine","status":"publish","type":"product","link":"https:\/\/skbty.com\/de\/product\/tragbare-7d-hifu-maschine\/","title":{"rendered":"Tragbare 7D-HIFU-Maschine"},"content":{"rendered":"<h3>Was ist die tragbare 7D-HIFU-Maschine?<\/h3>\n<p><strong>Tragbare 7D-HIFU-Maschine<\/strong> \u2013 Fortschrittliche hochintensive fokussierte Ultraschalltechnologie f\u00fcr nicht-invasives Hautlifting, Straffung und Verj\u00fcngung. Dieses Ger\u00e4t wurde f\u00fcr pr\u00e4zise und effektive Behandlungen entwickelt und gew\u00e4hrleistet sichtbare Ergebnisse bei minimalen Ausfallzeiten.<\/p>\n<h3><img loading=\"lazy\" decoding=\"async\" class=\"aligncenter wp-image-2057\" title=\"Tragbare 7D-HIFU-Maschine\" src=\"https:\/\/skbty.com\/wp-content\/uploads\/2023\/06\/299-1.png\" alt=\"Tragbare 7D-HIFU-Maschine\" width=\"602\" height=\"317\" srcset=\"https:\/\/skbty.com\/wp-content\/uploads\/2023\/06\/299-1.png 1015w, https:\/\/skbty.com\/wp-content\/uploads\/2023\/06\/299-1-300x158.png 300w, https:\/\/skbty.com\/wp-content\/uploads\/2023\/06\/299-1-768x405.png 768w, https:\/\/skbty.com\/wp-content\/uploads\/2023\/06\/299-1-600x316.png 600w\" sizes=\"auto, (max-width: 602px) 100vw, 602px\" \/><\/h3>\n<h3>Technische Daten<\/h3>\n<ul>\n<li><strong>Name<\/strong>: Tragbare 7D HIFU Maschine<\/li>\n<li><strong>Parameter<\/strong>: 220 V, 50 Hz<\/li>\n<li><strong>Ausgangsleistung<\/strong>Leistung: 150 W<\/li>\n<li><strong>Frequenz<\/strong>: 2-7 MHz<\/li>\n<li><strong>Energiegr\u00f6\u00dfe<\/strong>: 0.1-3.0<\/li>\n<li><strong>Maschinenfarbe<\/strong>: Wei\u00df<\/li>\n<\/ul>\n<h3>Arbeitsprinzip<\/h3>\n<p>Das tragbare 7D-HIFU-Ger\u00e4t verwendet hochintensive fokussierte Ultraschalltechnologie (HIFU), um die tiefen Hautschichten gezielt zu behandeln, ohne die Oberfl\u00e4che zu beeintr\u00e4chtigen. Das Ger\u00e4t sendet Ultraschallwellen aus, die in die Haut eindringen und die Schicht des oberfl\u00e4chlichen Muskelaponeurotischen Systems (SMAS) erreichen. Dieser Prozess l\u00f6st eine thermische Koagulation aus, die die Kollagenproduktion und -regeneration stimuliert. Dadurch wird die Haut mit der Zeit fester, straffer und straffer. Die einstellbaren Tiefeneinstellungen (0,5\u20137 mm) erm\u00f6glichen eine pr\u00e4zise Behandlung verschiedener Hautschichten und gew\u00e4hrleisten so eine individuelle Behandlung f\u00fcr jeden Patienten. Das fortschrittliche Sondendesign gew\u00e4hrleistet eine gleichm\u00e4\u00dfige Energieabgabe, wodurch die Wirksamkeit der Behandlung maximiert und gleichzeitig Beschwerden und Ausfallzeiten minimiert werden. Diese nicht-invasive Methode bietet eine sichere und wirksame Alternative zu chirurgischen Facelifts und anderen invasiven Verfahren.<\/p>\n<h3>Aussehen des Instruments<\/h3>\n<h4>Sondeninstallation<\/h4>\n<p><strong>Instrumenteninstallation \u2013 Installieren des Griffkopfes<\/strong>:<\/p>\n<ol>\n<li>Nehmen Sie den Griffkopf heraus und entfernen Sie die Schutzfolie. Stellen Sie dabei sicher, dass die Griffkopfschnittstelle trocken und frei von Fremdk\u00f6rpern ist.<\/li>\n<li>Richten Sie die Griffkopfschnittstelle am Griff aus und stellen Sie sicher, dass die Vorspr\u00fcnge am Griffkopf mit den Griffrillen \u00fcbereinstimmen.<\/li>\n<li>Den Griffkopf vorsichtig waagerecht in den Griff einf\u00fchren. Die Montage ist abgeschlossen, wenn Sie ein \u201eKlick\u201c h\u00f6ren.<\/li>\n<li>Zum Aufsetzen oder Abnehmen des Griffkopfes dr\u00fccken Sie die seitlich am Griff angebrachte Sicherheitsverriegelung und ziehen den Griffkopf vorsichtig waagerecht heraus.<\/li>\n<\/ol>\n<h3><img loading=\"lazy\" decoding=\"async\" class=\"aligncenter wp-image-2213\" title=\"Tragbare 7D-HIFU-Maschine\" src=\"https:\/\/skbty.com\/wp-content\/uploads\/2023\/06\/\u5fae\u4fe1\u622a\u56fe_20230628175849.png\" alt=\"Tragbare 7D-HIFU-Maschine\" width=\"606\" height=\"190\" srcset=\"https:\/\/skbty.com\/wp-content\/uploads\/2023\/06\/\u5fae\u4fe1\u622a\u56fe_20230628175849.png 1053w, https:\/\/skbty.com\/wp-content\/uploads\/2023\/06\/\u5fae\u4fe1\u622a\u56fe_20230628175849-300x94.png 300w, https:\/\/skbty.com\/wp-content\/uploads\/2023\/06\/\u5fae\u4fe1\u622a\u56fe_20230628175849-1024x321.png 1024w, https:\/\/skbty.com\/wp-content\/uploads\/2023\/06\/\u5fae\u4fe1\u622a\u56fe_20230628175849-768x241.png 768w, https:\/\/skbty.com\/wp-content\/uploads\/2023\/06\/\u5fae\u4fe1\u622a\u56fe_20230628175849-600x188.png 600w\" sizes=\"auto, (max-width: 606px) 100vw, 606px\" \/><\/h3>\n<h3>Einf\u00fchrung in die Hauptschnittstelle des Instruments<\/h3>\n<ol>\n<li><strong>Aktuelle Nutzungszeiten<\/strong>: Zeigt an, wie oft das Ger\u00e4t verwendet wurde.<\/li>\n<li><strong>Verbleibende Zeiten<\/strong>: Zeigt die verbleibende Anzahl der Verwendungen an.<\/li>\n<li><strong>Informationen zum Griffkopf<\/strong>: Zeigt Tiefe, Wellenl\u00e4nge und Abstand an (nur Anzeige).<\/li>\n<li><strong>Distanzeinstellung<\/strong>: Stellen Sie den Abstand zwischen den Kondensationspunkten ein.<\/li>\n<li><strong>Energiel\u00e4nge<\/strong>: Einstellbar von 5 mm bis 25 mm (minimales Einstellintervall 5 mm).<\/li>\n<li><strong>M1, M2 Parameter speichern<\/strong>: 3 Sekunden lang dr\u00fccken, um die Einstellungen zu speichern.<\/li>\n<li><strong>Energieregulierung<\/strong>: Passen Sie das Energieniveau an.<\/li>\n<li><strong>\u00dcbertragungsmodus<\/strong>: Wiederholen (kontinuierlich) oder Einzeln (einzelne \u00dcbertragung).<\/li>\n<li><strong>Einstellungen<\/strong>: Greifen Sie auf das Ger\u00e4teeinstellungsmen\u00fc zu.<\/li>\n<li><strong>Informationen zur Sendenummer<\/strong>: Zeigt die Anzahl der \u00dcbertragungen an.<\/li>\n<li><strong>Systemstatus<\/strong>: Zeigt \u201eStandby\u201c oder \u201eStart\u201c an.<\/li>\n<li><strong>\u00dcbertragungslimiteinstellung<\/strong>: Legen Sie die Begrenzung der \u00dcbertragungsanzahl fest. Ein Summer ert\u00f6nt, wenn die Begrenzung erreicht ist.<\/li>\n<li><strong>Gesamtnutzungsanzahl<\/strong>: Zeigt die Gesamtzahl der Verwendungen des Ger\u00e4ts an.<\/li>\n<\/ol>\n<h3><img loading=\"lazy\" decoding=\"async\" class=\"aligncenter wp-image-2041\" title=\"Tragbare 7D-HIFU-Maschine\" src=\"https:\/\/skbty.com\/wp-content\/uploads\/2023\/06\/301.png\" alt=\"Tragbare 7D-HIFU-Maschine\" width=\"672\" height=\"373\" srcset=\"https:\/\/skbty.com\/wp-content\/uploads\/2023\/06\/301.png 1089w, https:\/\/skbty.com\/wp-content\/uploads\/2023\/06\/301-300x167.png 300w, https:\/\/skbty.com\/wp-content\/uploads\/2023\/06\/301-1024x569.png 1024w, https:\/\/skbty.com\/wp-content\/uploads\/2023\/06\/301-768x427.png 768w, https:\/\/skbty.com\/wp-content\/uploads\/2023\/06\/301-600x333.png 600w\" sizes=\"auto, (max-width: 672px) 100vw, 672px\" \/><\/h3>\n<h3>Eigenschaften und Vorteile<\/h3>\n<ul>\n<li><strong>Nicht-invasiv<\/strong>: Sorgt f\u00fcr ein effektives Lifting und Festigen der Haut ohne Operation.<\/li>\n<li><strong>Pr\u00e4zisionsbehandlungen<\/strong>: Einstellbare Parameter f\u00fcr individuelle Behandlungen.<\/li>\n<li><strong>Benutzerfreundlichkeit<\/strong>: Benutzerfreundliche Oberfl\u00e4che mit \u00fcbersichtlicher Anzeige und Einstellungen.<\/li>\n<li><strong>Sicherheitsfunktionen<\/strong>: Sicherheitsverriegelungsmechanismus f\u00fcr sichere Griffkopfinstallation.<\/li>\n<li><strong>Portabilit\u00e4t<\/strong>: Kompaktes Design f\u00fcr einfachen Transport und Lagerung.<\/li>\n<\/ul>\n<h3>Anwendungen<\/h3>\n<ol>\n<li><strong>Hautstraffung und Straffung<\/strong>: Nicht-chirurgisches Facelift, Halslifting und K\u00f6rperkonturierung.<\/li>\n<li><strong>Faltenreduzierung<\/strong>: Bek\u00e4mpft feine Linien und F\u00e4ltchen f\u00fcr eine glattere Haut.<\/li>\n<li><strong>Kollagenproduktion<\/strong>: Stimuliert die Kollagenproduktion f\u00fcr langanhaltende Ergebnisse.<\/li>\n<li><strong>Anpassbare Behandlungen<\/strong>: Einstellbare Tiefe, Energiegr\u00f6\u00dfe und \u00dcbertragungsmodi f\u00fcr ma\u00dfgeschneiderte Behandlungen.<\/li>\n<\/ol>\n<h3><strong>Anpassen Logo<\/strong><\/h3>\n<p>Wollen, machen Ihre Marke stand heraus? Wir bieten angepasst logo Dienstleistungen zu helfen Sie erstellen Sie eine einzigartige und personalisierte logo spiegelt Ihre Marke Identit\u00e4t. Unser team von Experten arbeiten eng mit Ihnen zusammen, um ein logo zu entwerfen, die in Resonanz mit Ihrer Marke und messaging. Egal, ob Sie Umbau Ihres bestehenden Logos oder eine neue erstellen von Grund auf neu, wir haben Sie abgedeckt. <a href=\"\/de\/kontakt\/\">Kontaktieren Sie uns<\/a> heute erfahren Sie mehr \u00fcber unsere ma\u00dfgeschneiderten logo-Service!<\/p>","protected":false},"excerpt":{"rendered":"<p>Entdecken Sie die erweiterten <strong>Tragbare 7D-HIFU-Maschine<\/strong> f\u00fcr nicht-invasives Lifting und Straffung der Haut. Mit anpassbaren Parametern, einer benutzerfreundlichen Oberfl\u00e4che und pr\u00e4zisen Behandlungen sorgt dieses Ger\u00e4t f\u00fcr sichtbare Ergebnisse bei minimalen Ausfallzeiten. Ideal f\u00fcr die Konturierung von Gesicht und K\u00f6rper.<\/p>","protected":false},"featured_media":2060,"comment_status":"open","ping_status":"closed","template":"","meta":{"_kad_post_transparent":"default","_kad_post_title":"","_kad_post_layout":"default","_kad_post_sidebar_id":"","_kad_post_content_style":"default","_kad_post_vertical_padding":"default","_kad_post_feature":"","_kad_post_feature_position":"","_kad_post_header":false,"_kad_post_footer":false,"_kad_post_classname":"","rank_math_title":"","rank_math_description":"","rank_math_focus_keyword":""},"product_brand":[],"product_cat":[35],"product_tag":[],"class_list":{"0":"post-2034","1":"product","2":"type-product","3":"status-publish","4":"has-post-thumbnail","6":"product_cat-hifu","8":"first","9":"instock","10":"shipping-taxable","11":"product-type-simple","12":"entry","13":"content-bg","14":"loop-entry"},"_links":{"self":[{"href":"https:\/\/skbty.com\/de\/wp-json\/wp\/v2\/product\/2034","targetHints":{"allow":["GET"]}}],"collection":[{"href":"https:\/\/skbty.com\/de\/wp-json\/wp\/v2\/product"}],"about":[{"href":"https:\/\/skbty.com\/de\/wp-json\/wp\/v2\/types\/product"}],"replies":[{"embeddable":true,"href":"https:\/\/skbty.com\/de\/wp-json\/wp\/v2\/comments?post=2034"}],"wp:featuredmedia":[{"embeddable":true,"href":"https:\/\/skbty.com\/de\/wp-json\/wp\/v2\/media\/2060"}],"wp:attachment":[{"href":"https:\/\/skbty.com\/de\/wp-json\/wp\/v2\/media?parent=2034"}],"wp:term":[{"taxonomy":"product_brand","embeddable":true,"href":"https:\/\/skbty.com\/de\/wp-json\/wp\/v2\/product_brand?post=2034"},{"taxonomy":"product_cat","embeddable":true,"href":"https:\/\/skbty.com\/de\/wp-json\/wp\/v2\/product_cat?post=2034"},{"taxonomy":"product_tag","embeddable":true,"href":"https:\/\/skbty.com\/de\/wp-json\/wp\/v2\/product_tag?post=2034"}],"curies":[{"name":"wp","href":"https:\/\/api.w.org\/{rel}","templated":true}]}}