{"id":2126,"date":"2023-06-21T17:05:41","date_gmt":"2023-06-21T09:05:41","guid":{"rendered":"https:\/\/skbty.com\/?post_type=product&#038;p=2126"},"modified":"2024-06-24T11:02:58","modified_gmt":"2024-06-24T03:02:58","slug":"dpl-hautverjungungsmaschine","status":"publish","type":"product","link":"https:\/\/skbty.com\/de\/product\/dpl-hautverjungungsmaschine\/","title":{"rendered":"DPL-Hautverj\u00fcngungsmaschine"},"content":{"rendered":"<div>\n<div>\n<h3>Was ist die <strong>DPL-Hautverj\u00fcngungsmaschine?<\/strong><\/h3>\n<p><strong>DPL-Hautverj\u00fcngungsmaschine<\/strong> ist ein hochmodernes Ger\u00e4t f\u00fcr fortschrittliche Hautverj\u00fcngungs- und Haarentfernungsbehandlungen. Mithilfe der DPL-Technologie (Dynamic Pulse Light) bietet dieses Ger\u00e4t pr\u00e4zise, effektive und angenehme Behandlungen f\u00fcr verschiedene Hautprobleme.<\/p>\n<h3><img loading=\"lazy\" decoding=\"async\" class=\"aligncenter\" title=\"DPL-Hautverj\u00fcngungsmaschine\" src=\"https:\/\/sc04.alicdn.com\/kf\/Hc65f834570d84192bef3197ad565be6cB\/247315878\/Hc65f834570d84192bef3197ad565be6cB.png\" alt=\"DPL-Hautverj\u00fcngungsmaschine\" width=\"1122\" height=\"384\" data-src=\"\/\/sc04.alicdn.com\/kf\/Hc65f834570d84192bef3197ad565be6cB\/247315878\/Hc65f834570d84192bef3197ad565be6cB.png\" \/><\/h3>\n<h3>Technische Daten<\/h3>\n<ul>\n<li><strong>Name<\/strong>: DPL Hautverj\u00fcngungsmaschine<\/li>\n<li><strong>Bildschirm<\/strong>: 8 Zoll digitaler LCD-Touchscreen<\/li>\n<li><strong>Wellenl\u00e4nge<\/strong>: 530 nm, 585 nm, 630 nm<\/li>\n<li><strong>Stromspannung<\/strong>: 110-220 V<\/li>\n<\/ul>\n<h3>Theorie<\/h3>\n<p>Das Desktop-Ger\u00e4t zur Photonen-Hautverj\u00fcngung verwendet die DPL-Hautverj\u00fcngungstechnologie, eine weltweit bekannte, hochmoderne optische Sch\u00f6nheitsinnovation. DPL Precision Skin Rejuvenation verf\u00fcgt \u00fcber ein einzigartiges \u201e100 nm Ultra-Schmalband\u201c-Pulslicht, das gezielte, konzentrierte Lichtenergie liefert, um schwarze und rote Flecken schnell und gr\u00fcndlich zu entfernen. Es stimuliert die Neuordnung von Kollagen und elastischen Fasern, verbessert die Hautgl\u00e4tte und stellt das jugendliche Aussehen wieder her. DPL behandelt vaskul\u00e4re Hautprobleme wie blutunterlaufenes Gesicht und Rosazea. Die Wellenl\u00e4nge von 585\u2013640 nm behandelt effektiv Gesichtsflecken und ungleichm\u00e4\u00dfigen Hautton. Zu den spezifischen Wellenl\u00e4ngen geh\u00f6ren 585 nm zur Entfernung von Sommersprossen, 530 nm zur Hautverj\u00fcngung und 640 nm zur Haarentfernung.<\/p>\n<h3>Merkmale<\/h3>\n<ol>\n<li><strong>Schnell<\/strong>:\n<ul>\n<li>Nutzt den intelligenten Modus \u201eIN-Motion\u201c f\u00fcr eine schnelle Behandlungsgeschwindigkeit von bis zu 10 Sch\u00fcssen pro Sekunde.<\/li>\n<li>Ideal zur K\u00f6rperhaarentfernung mit thermoelektrischer K\u00fchlung (TEC) und echtem Saphir f\u00fcr optimale Kontaktk\u00fchlung und ein schmerzfreies Erlebnis.<\/li>\n<\/ul>\n<\/li>\n<li><strong>Wirksam<\/strong>:\n<ul>\n<li>Konstante Energie durch deutsche Mikrokanal-\/Nichtkanal-Laserbarren.<\/li>\n<li>Inklusive Wasserfilter, Kupferradiator, Hochgeschwindigkeits-Gleichstrompumpe aus Italien und TEC-K\u00fchlsystem f\u00fcr \u00fcberragende K\u00fchlleistung.<\/li>\n<\/ul>\n<\/li>\n<li><strong>Schmerzlos, keine Ausfallzeit<\/strong>:\n<ul>\n<li>F\u00fcr eine dauerhafte Haarentfernung sind 3\u20134 Behandlungszyklen erforderlich.<\/li>\n<li>Geeignet f\u00fcr jeden Hauttyp und jede K\u00f6rperpartie.<\/li>\n<li>Hohe Leistung und Energie gew\u00e4hrleisten kurze Behandlungszeiten (z. B. 20 Minuten f\u00fcr die Arme) und verk\u00fcrzen so die Gesamtdauer der Kur.<\/li>\n<\/ul>\n<\/li>\n<li><strong>Einfache Bedienung<\/strong>:\n<ul>\n<li>TEC-K\u00fchlsystem f\u00fcr Wassertanks und Saphir-Handst\u00fcck, das einen 24-Stunden-Betrieb erm\u00f6glicht.<\/li>\n<li>Der automatische intelligente Modus mit Voreinstellungen f\u00fcr verschiedene Patienten gew\u00e4hrleistet Sicherheit und Effizienz.<\/li>\n<\/ul>\n<\/li>\n<\/ol>\n<h3>Anwendungen<\/h3>\n<ul>\n<li><strong>Hautverj\u00fcngung<\/strong>: Verbessert die Kollagenproduktion, gl\u00e4ttet die Hautstruktur und verbessert den gesamten Hautton.<\/li>\n<li><strong>Haarentfernung<\/strong>: Erm\u00f6glicht eine effektive und dauerhafte Haarentfernung an verschiedenen K\u00f6rperstellen.<\/li>\n<li><strong>Sommersprossenentfernung<\/strong>: Wirkt gezielt auf Sommersprossen und Pigmentierung und reduziert diese.<\/li>\n<li><strong>Gef\u00e4\u00dfl\u00e4sionen<\/strong>: Behandelt Blutgef\u00e4\u00dfe, R\u00f6tungen und Rosazea im Gesicht.<\/li>\n<\/ul>\n<p>&nbsp;<\/p>\n<\/div>\n<\/div>\n<div>\n<h3><strong>Anpassen Logo<\/strong><\/h3>\n<p>Wollen, machen Ihre Marke stand heraus? Wir bieten angepasst logo Dienstleistungen zu helfen Sie erstellen Sie eine einzigartige und personalisierte logo spiegelt Ihre Marke Identit\u00e4t. Unser team von Experten arbeiten eng mit Ihnen zusammen, um ein logo zu entwerfen, die in Resonanz mit Ihrer Marke und messaging. Egal, ob Sie Umbau Ihres bestehenden Logos oder eine neue erstellen von Grund auf neu, wir haben Sie abgedeckt. <a href=\"\/de\/kontakt\/\">Kontaktieren Sie uns<\/a> heute erfahren Sie mehr \u00fcber unsere ma\u00dfgeschneiderten logo-Service!<\/p>\n<\/div>\n<div>\n<div>\n<div>\n<div>\n<div>\n<div><\/div>\n<\/div>\n<\/div>\n<\/div>\n<\/div>\n<\/div>","protected":false},"excerpt":{"rendered":"<p>Das Desktop-Ger\u00e4t zur Photonen-Hautverj\u00fcngung verwendet die DPL-Hautverj\u00fcngungstechnologie, eine hochtechnologische optische Sch\u00f6nheitstechnologie, die auf der ganzen Welt beliebt ist und die Spitzentechnologie auf dem Gebiet der Photonen-Hautverj\u00fcngung darstellt. \u201eDPL Precision Skin Rejuvenation\u201c verf\u00fcgt \u00fcber das weltweit einzige \u201e100 nm ultraschmale Band\u201c-Pulslicht. Die Lichtenergie ist gezielt und konzentriert, wodurch schwarze und rote Sch\u00f6nheitsfehler schneller und gr\u00fcndlicher entfernt werden k\u00f6nnen.<\/p>","protected":false},"featured_media":2134,"comment_status":"open","ping_status":"closed","template":"","meta":{"_kad_post_transparent":"default","_kad_post_title":"","_kad_post_layout":"default","_kad_post_sidebar_id":"","_kad_post_content_style":"default","_kad_post_vertical_padding":"default","_kad_post_feature":"","_kad_post_feature_position":"","_kad_post_header":false,"_kad_post_footer":false,"_kad_post_classname":"","rank_math_title":"","rank_math_description":"","rank_math_focus_keyword":""},"product_brand":[],"product_cat":[37],"product_tag":[],"class_list":{"0":"post-2126","1":"product","2":"type-product","3":"status-publish","4":"has-post-thumbnail","6":"product_cat-dpl","8":"first","9":"instock","10":"shipping-taxable","11":"product-type-simple","12":"entry","13":"content-bg","14":"loop-entry"},"_links":{"self":[{"href":"https:\/\/skbty.com\/de\/wp-json\/wp\/v2\/product\/2126","targetHints":{"allow":["GET"]}}],"collection":[{"href":"https:\/\/skbty.com\/de\/wp-json\/wp\/v2\/product"}],"about":[{"href":"https:\/\/skbty.com\/de\/wp-json\/wp\/v2\/types\/product"}],"replies":[{"embeddable":true,"href":"https:\/\/skbty.com\/de\/wp-json\/wp\/v2\/comments?post=2126"}],"wp:featuredmedia":[{"embeddable":true,"href":"https:\/\/skbty.com\/de\/wp-json\/wp\/v2\/media\/2134"}],"wp:attachment":[{"href":"https:\/\/skbty.com\/de\/wp-json\/wp\/v2\/media?parent=2126"}],"wp:term":[{"taxonomy":"product_brand","embeddable":true,"href":"https:\/\/skbty.com\/de\/wp-json\/wp\/v2\/product_brand?post=2126"},{"taxonomy":"product_cat","embeddable":true,"href":"https:\/\/skbty.com\/de\/wp-json\/wp\/v2\/product_cat?post=2126"},{"taxonomy":"product_tag","embeddable":true,"href":"https:\/\/skbty.com\/de\/wp-json\/wp\/v2\/product_tag?post=2126"}],"curies":[{"name":"wp","href":"https:\/\/api.w.org\/{rel}","templated":true}]}}