{"id":2128,"date":"2023-06-21T17:07:59","date_gmt":"2023-06-21T09:07:59","guid":{"rendered":"https:\/\/skbty.com\/?post_type=product&#038;p=2128"},"modified":"2024-06-21T16:08:53","modified_gmt":"2024-06-21T08:08:53","slug":"diodenlaser-stapelbalken","status":"publish","type":"product","link":"https:\/\/skbty.com\/de\/product\/diodenlaser-stapelbalken\/","title":{"rendered":"Diodenlaser-Stapelst\u00e4be f\u00fcr Laserdioden-Haarentfernungsger\u00e4te"},"content":{"rendered":"<p>Was ist die <strong>Diodenlaser-Stapelbalken?<\/strong><\/p>\n<p><strong>Diodenlaser-Stapelbalken<\/strong> sind hocheffiziente Komponenten, die f\u00fcr Laserdioden-Haarentfernungsger\u00e4te entwickelt wurden. Diese in mehreren Wellenl\u00e4ngen erh\u00e4ltlichen Stapelst\u00e4be bieten eine hervorragende Leistungsumwandlung, Zuverl\u00e4ssigkeit und l\u00e4ngere Lebensdauer und sind daher ideal f\u00fcr professionelle Haut- und Haarbehandlungsanwendungen.<\/p>\n<h3>Technische Daten<\/h3>\n<ul>\n<li><strong>Name<\/strong>: Diodenlaser-Stapelbalken<\/li>\n<li><strong>Wellenl\u00e4ngen<\/strong>: 755 nm, 808 nm, 1064 nm<\/li>\n<li><strong>OEM-Dienst<\/strong>: Unterst\u00fctzung<\/li>\n<li><strong>Anwendung<\/strong>: Teile der Laserdioden-Haarentfernungsmaschine<\/li>\n<li><strong>Leistung<\/strong>: 300 W \u2013 2000 W<\/li>\n<\/ul>\n<h3>Merkmale<\/h3>\n<ol>\n<li><strong>H\u00f6here Effizienz bei der Leistungsumwandlung<\/strong>: Maximiert die Effizienz der Energienutzung und reduziert Abfall.<\/li>\n<li><strong>Makrokanal-Paket, Sealed House<\/strong>: Gew\u00e4hrleistet Haltbarkeit und Schutz der Komponenten.<\/li>\n<li><strong>H\u00f6here Zuverl\u00e4ssigkeit, l\u00e4ngere Lebensdauer<\/strong>: F\u00fcr den Dauereinsatz ohne Leistungseinbu\u00dfen konzipiert.<\/li>\n<li><strong>60 W QCW pro Balken<\/strong>: Hohe Leistungsabgabe pro Balken f\u00fcr wirksame Behandlungen.<\/li>\n<li><strong>Bis zu 6-16 Bars in einem einzigen Stapelmodul<\/strong>: Vielseitige Konfigurationsm\u00f6glichkeiten passend zu unterschiedlichen Maschinendesigns.<\/li>\n<li><strong>Einzel- oder Mehrfachwellenl\u00e4nge<\/strong>: Verf\u00fcgbar in 760 nm, 808 nm und 1064 nm in einem Einzelstapelmodul.<\/li>\n<li><strong>Aktive Wasserk\u00fchlung<\/strong>: Optimiert Lebensdauer und Leistung durch effiziente K\u00fchlung.<\/li>\n<li><strong>Geh\u00e4use mit geringem W\u00e4rmewiderstand<\/strong>: Reduziert die W\u00e4rmeentwicklung f\u00fcr verbesserte Leistung und Langlebigkeit.<\/li>\n<\/ol>\n<h3>Anwendungen<\/h3>\n<ul>\n<li><strong>Haarentfernung<\/strong>: Entfernt effizient unerw\u00fcnschte Haare mit hoher Pr\u00e4zision und minimalem Unbehagen.<\/li>\n<li><strong>Hautverj\u00fcngung<\/strong>: Verbessert die Hautstruktur und das Erscheinungsbild durch die Stimulierung der Kollagenproduktion und Verringerung der Pigmentierung.<\/li>\n<\/ul>\n<h3><strong>Anpassen Logo<\/strong><\/h3>\n<p>Wollen, machen Ihre Marke stand heraus? Wir bieten angepasst logo Dienstleistungen zu helfen Sie erstellen Sie eine einzigartige und personalisierte logo spiegelt Ihre Marke Identit\u00e4t. Unser team von Experten arbeiten eng mit Ihnen zusammen, um ein logo zu entwerfen, die in Resonanz mit Ihrer Marke und messaging. Egal, ob Sie Umbau Ihres bestehenden Logos oder eine neue erstellen von Grund auf neu, wir haben Sie abgedeckt. <a href=\"\/de\/kontakt\/\">Kontaktieren Sie uns<\/a> heute erfahren Sie mehr \u00fcber unsere ma\u00dfgeschneiderten logo-Service!<\/p>","protected":false},"excerpt":{"rendered":"<p>Verbessern Sie Ihre Laser-Haarentfernungsger\u00e4te mit hocheffizienten Diodenlaser-Stackbars. Diese Stackbars sind in den Wellenl\u00e4ngen 755 nm, 808 nm und 1064 nm erh\u00e4ltlich und bieten \u00fcberlegene Leistungsumwandlung, Zuverl\u00e4ssigkeit und Langlebigkeit. Ideal f\u00fcr professionelle Haarentfernungs- und Hautverj\u00fcngungsbehandlungen.<\/p>","protected":false},"featured_media":2136,"comment_status":"open","ping_status":"closed","template":"","meta":{"_kad_post_transparent":"default","_kad_post_title":"","_kad_post_layout":"default","_kad_post_sidebar_id":"","_kad_post_content_style":"default","_kad_post_vertical_padding":"default","_kad_post_feature":"","_kad_post_feature_position":"","_kad_post_header":false,"_kad_post_footer":false,"_kad_post_classname":"","rank_math_title":"","rank_math_description":"","rank_math_focus_keyword":""},"product_brand":[],"product_cat":[47],"product_tag":[],"class_list":{"0":"post-2128","1":"product","2":"type-product","3":"status-publish","4":"has-post-thumbnail","6":"product_cat-parts_hair_removal","8":"first","9":"instock","10":"shipping-taxable","11":"product-type-simple","12":"entry","13":"content-bg","14":"loop-entry"},"_links":{"self":[{"href":"https:\/\/skbty.com\/de\/wp-json\/wp\/v2\/product\/2128","targetHints":{"allow":["GET"]}}],"collection":[{"href":"https:\/\/skbty.com\/de\/wp-json\/wp\/v2\/product"}],"about":[{"href":"https:\/\/skbty.com\/de\/wp-json\/wp\/v2\/types\/product"}],"replies":[{"embeddable":true,"href":"https:\/\/skbty.com\/de\/wp-json\/wp\/v2\/comments?post=2128"}],"wp:featuredmedia":[{"embeddable":true,"href":"https:\/\/skbty.com\/de\/wp-json\/wp\/v2\/media\/2136"}],"wp:attachment":[{"href":"https:\/\/skbty.com\/de\/wp-json\/wp\/v2\/media?parent=2128"}],"wp:term":[{"taxonomy":"product_brand","embeddable":true,"href":"https:\/\/skbty.com\/de\/wp-json\/wp\/v2\/product_brand?post=2128"},{"taxonomy":"product_cat","embeddable":true,"href":"https:\/\/skbty.com\/de\/wp-json\/wp\/v2\/product_cat?post=2128"},{"taxonomy":"product_tag","embeddable":true,"href":"https:\/\/skbty.com\/de\/wp-json\/wp\/v2\/product_tag?post=2128"}],"curies":[{"name":"wp","href":"https:\/\/api.w.org\/{rel}","templated":true}]}}