{"id":2150,"date":"2023-06-27T16:24:24","date_gmt":"2023-06-27T08:24:24","guid":{"rendered":"https:\/\/skbty.com\/?post_type=product&#038;p=2150"},"modified":"2024-06-21T14:09:13","modified_gmt":"2024-06-21T06:09:13","slug":"980-nm-maschine-zur-gefasentfernung-von-besenreisern","status":"publish","type":"product","link":"https:\/\/skbty.com\/de\/product\/980-nm-maschine-zur-gefasentfernung-von-besenreisern\/","title":{"rendered":"980 nm Maschine zur Gef\u00e4\u00dfentfernung von Besenreisern"},"content":{"rendered":"<div>\n<h3>Was ist das 980-nm-Ger\u00e4t zur Gef\u00e4\u00dfentfernung von Besenreisern?<\/h3>\n<p>Die <strong>30W 980nm Maschine zur Gef\u00e4\u00dfentfernung von Besenreisern<\/strong> ist ein hochmodernes Ger\u00e4t zur effektiven Behandlung von Besenreisern, Gef\u00e4\u00dfl\u00e4sionen und verschiedenen Hauterkrankungen. Dieses Ger\u00e4t nutzt fortschrittliche 980-nm-Diodenlasertechnologie und bietet eine pr\u00e4zise und effiziente Behandlung mit minimalen Beschwerden.<\/p>\n<table style=\"border-collapse: collapse; width: 100%;\">\n<tbody>\n<tr>\n<td style=\"width: 50%;\"><img loading=\"lazy\" decoding=\"async\" class=\"aligncenter\" title=\"Besenreiser-Gef\u00e4\u00dfentfernung\" src=\"https:\/\/sc04.alicdn.com\/kf\/H0f4a89028710488b83fa4bbbba7745e19\/247315878\/H0f4a89028710488b83fa4bbbba7745e19.png\" alt=\"Besenreiser-Gef\u00e4\u00dfentfernung\" width=\"403\" height=\"403\" data-src=\"\/\/sc04.alicdn.com\/kf\/H0f4a89028710488b83fa4bbbba7745e19\/247315878\/H0f4a89028710488b83fa4bbbba7745e19.png\" \/><\/td>\n<td style=\"width: 50%;\">\n<h3><img loading=\"lazy\" decoding=\"async\" class=\"aligncenter\" title=\"Besenreiser-Gef\u00e4\u00dfentfernung\" src=\"https:\/\/sc04.alicdn.com\/kf\/H383ce4a8760e453585d35df42536ddd2N\/247315878\/H383ce4a8760e453585d35df42536ddd2N.jpg\" alt=\"Besenreiser-Gef\u00e4\u00dfentfernung\" width=\"536\" height=\"523\" data-src=\"\/\/sc04.alicdn.com\/kf\/H383ce4a8760e453585d35df42536ddd2N\/247315878\/H383ce4a8760e453585d35df42536ddd2N.jpg\" \/><\/h3>\n<\/td>\n<\/tr>\n<\/tbody>\n<\/table>\n<h3>Technische Daten<\/h3>\n<ul>\n<li><strong>Name<\/strong>: 30W 980nm Maschine zur Entfernung von Besenreisern<\/li>\n<li><strong>Funktion<\/strong>: Aknebehandlung, Entfernung von Blutgef\u00e4\u00dfen, Hautverj\u00fcngung, Hautstraffung<\/li>\n<li><strong>Spotgr\u00f6\u00dfe<\/strong>: 1 mm, 2 mm, 3 mm<\/li>\n<li><strong>Impulsbreite<\/strong>: 0\u20131 s (Schritte 0,05 s)<\/li>\n<li><strong>Leistung<\/strong>Leistung: 30 W<\/li>\n<li><strong>LCD Bildschirm<\/strong>: 8,0 Zoll<\/li>\n<li><strong>Stromspannung<\/strong>: 220 V\/110 V<\/li>\n<\/ul>\n<h3>Theorie<\/h3>\n<h4>Behandlungsprinzip<\/h4>\n<ol>\n<li><strong>980 nm Laser<\/strong>: Das optimale Absorptionsspektrum von Porphyrin-Gef\u00e4\u00dfzellen. Gef\u00e4\u00dfzellen absorbieren den Hochenergielaser mit einer Wellenl\u00e4nge von 980 nm, was zur Verfestigung und schlie\u00dflich zur Aufl\u00f6sung f\u00fchrt.<\/li>\n<li><strong>Fokussierte Energie<\/strong>: Um die R\u00f6tungen und gro\u00dffl\u00e4chigen Verbrennungen bei herk\u00f6mmlichen Laserbehandlungen zu vermeiden, fokussiert das Handst\u00fcck des Ger\u00e4ts den 980 nm-Laserstrahl auf einen Durchmesserbereich von 0,2\u20130,5 mm. Dadurch kann eine st\u00e4rker fokussierte Energie das Zielgewebe erreichen, ohne dass das umliegende Hautgewebe verbrannt wird.<\/li>\n<li><strong>Kollagenstimulation<\/strong>: W\u00e4hrend der Gef\u00e4\u00dfbehandlung stimuliert der Laser das Wachstum von Kollagen in der Haut, wodurch die Dicke und Dichte der Epidermis zunimmt, die Sichtbarkeit kleiner Blutgef\u00e4\u00dfe verringert und die Elastizit\u00e4t und Widerstandskraft der Haut verbessert wird.<\/li>\n<li><strong>Thermische Wirkung<\/strong>: Die thermische Wirkung des Lasers f\u00fchrt zu einer gewebeselektiven Absorption durch H\u00e4moglobin und behandelt so Gef\u00e4\u00dfprobleme wirksam.<\/li>\n<\/ol>\n<table style=\"border-collapse: collapse; width: 100%;\">\n<tbody>\n<tr>\n<td style=\"width: 50%;\"><img loading=\"lazy\" decoding=\"async\" class=\"aligncenter\" title=\"Besenreiser-Gef\u00e4\u00dfentfernung\" src=\"https:\/\/sc04.alicdn.com\/kf\/H8ba81a29834b46c7bae3fdaa8b8cc50di\/247315878\/H8ba81a29834b46c7bae3fdaa8b8cc50di.jpg\" alt=\"Besenreiser-Gef\u00e4\u00dfentfernung\" width=\"375\" height=\"277\" data-src=\"\/\/sc04.alicdn.com\/kf\/H8ba81a29834b46c7bae3fdaa8b8cc50di\/247315878\/H8ba81a29834b46c7bae3fdaa8b8cc50di.jpg\" \/><\/td>\n<td style=\"width: 50%;\"><img loading=\"lazy\" decoding=\"async\" class=\"aligncenter\" title=\"Besenreiser-Gef\u00e4\u00dfentfernung\" src=\"https:\/\/sc04.alicdn.com\/kf\/H93cd742e3e5846c79db52ddc3456f49dm\/247315878\/H93cd742e3e5846c79db52ddc3456f49dm.jpg\" alt=\"Besenreiser-Gef\u00e4\u00dfentfernung\" width=\"750\" height=\"464\" data-src=\"\/\/sc04.alicdn.com\/kf\/H93cd742e3e5846c79db52ddc3456f49dm\/247315878\/H93cd742e3e5846c79db52ddc3456f49dm.jpg\" \/><\/td>\n<\/tr>\n<\/tbody>\n<\/table>\n<h3>Anwendungen<\/h3>\n<ol>\n<li><strong>EVLT (Laserbehandlung endoven\u00f6ser Venen)<\/strong><\/li>\n<li><strong>Therapie vaskul\u00e4rer L\u00e4sionen<\/strong><\/li>\n<li><strong>Behandlung von Besenreisern\/Gesichtsvenen<\/strong><\/li>\n<li><strong>Behandlung oberfl\u00e4chlicher Gef\u00e4\u00dfe<\/strong>: Geeignet f\u00fcr Gef\u00e4\u00dfe mit einem Durchmesser von 0,2 bis 2 mm, einschlie\u00dflich Besenreiser, Teleangiektasien und Rosazea.<\/li>\n<\/ol>\n<h3><img loading=\"lazy\" decoding=\"async\" class=\"aligncenter\" title=\"Besenreiser-Gef\u00e4\u00dfentfernung\" src=\"https:\/\/sc04.alicdn.com\/kf\/Hc5fe475f98bd49dd81f44db78cd86c28I\/247315878\/Hc5fe475f98bd49dd81f44db78cd86c28I.jpg\" alt=\"Besenreiser-Gef\u00e4\u00dfentfernung\" width=\"601\" height=\"551\" data-src=\"\/\/sc04.alicdn.com\/kf\/Hc5fe475f98bd49dd81f44db78cd86c28I\/247315878\/Hc5fe475f98bd49dd81f44db78cd86c28I.jpg\" \/><\/h3>\n<h3>Vorteile<\/h3>\n<ol>\n<li><strong>Stabile Ausgabe<\/strong>: Das 980-nm-Diodenlasermodul wird aus Deutschland importiert und gew\u00e4hrleistet eine stabile Ausgabe.<\/li>\n<li><strong>Pr\u00e4zise Temperaturregelung<\/strong>: Ein automatischer Hochtemperaturalarm stellt sicher, dass der Laser innerhalb eines pr\u00e4zisen Temperaturbereichs arbeitet.<\/li>\n<li><strong>Sofortige Ergebnisse<\/strong>: Eine einzige Behandlung kann Besenreiser und Gef\u00e4\u00dfprobleme beseitigen, mit sofort sichtbaren Ergebnissen.<\/li>\n<\/ol>\n<\/div>\n<div>\n<div><img loading=\"lazy\" decoding=\"async\" class=\"aligncenter\" title=\"Besenreiser-Gef\u00e4\u00dfentfernung\" src=\"https:\/\/sc04.alicdn.com\/kf\/H0dc4985e62de465299d0cadb832a6945q\/247315878\/H0dc4985e62de465299d0cadb832a6945q.png\" alt=\"Besenreiser-Gef\u00e4\u00dfentfernung\" width=\"750\" height=\"482\" data-src=\"\/\/sc04.alicdn.com\/kf\/H0dc4985e62de465299d0cadb832a6945q\/247315878\/H0dc4985e62de465299d0cadb832a6945q.png\" \/><\/div>\n<div><\/div>\n<div>\n<h3><strong>Anpassen Logo<\/strong><\/h3>\n<p>Wollen, machen Ihre Marke stand heraus? Wir bieten angepasst logo Dienstleistungen zu helfen Sie erstellen Sie eine einzigartige und personalisierte logo spiegelt Ihre Marke Identit\u00e4t. Unser team von Experten arbeiten eng mit Ihnen zusammen, um ein logo zu entwerfen, die in Resonanz mit Ihrer Marke und messaging. Egal, ob Sie Umbau Ihres bestehenden Logos oder eine neue erstellen von Grund auf neu, wir haben Sie abgedeckt. <a href=\"\/de\/kontakt\/\">Kontaktieren Sie uns<\/a> heute erfahren Sie mehr \u00fcber unsere ma\u00dfgeschneiderten logo-Service!<\/p>\n<\/div>\n<div><\/div>\n<\/div>","protected":false},"excerpt":{"rendered":"<p>\u2666 Das 980-nm-Diodenlasermodul wird aus Deutschland importiert und gew\u00e4hrleistet eine stabile Ausgabe.<br \/>\n\u2666 Pr\u00e4zises Temperaturkontrollsystem und automatischer Hochtemperaturalarm stellen sicher, dass der Laser innerhalb eines pr\u00e4zisen Temperaturbereichs arbeitet.<br \/>\n\u2666 Es ist nur eine einzige Behandlung erforderlich, die Besenreiser\/\u00c4derchen k\u00f6nnen vollst\u00e4ndig entfernt werden, das Ergebnis ist sofort sichtbar<\/p>","protected":false},"featured_media":2188,"comment_status":"open","ping_status":"closed","template":"","meta":{"_kad_post_transparent":"default","_kad_post_title":"","_kad_post_layout":"default","_kad_post_sidebar_id":"","_kad_post_content_style":"default","_kad_post_vertical_padding":"default","_kad_post_feature":"","_kad_post_feature_position":"","_kad_post_header":false,"_kad_post_footer":false,"_kad_post_classname":"","rank_math_title":"","rank_math_description":"","rank_math_focus_keyword":""},"product_brand":[],"product_cat":[33],"product_tag":[],"class_list":{"0":"post-2150","1":"product","2":"type-product","3":"status-publish","4":"has-post-thumbnail","6":"product_cat-face-care","8":"first","9":"instock","10":"shipping-taxable","11":"product-type-simple","12":"entry","13":"content-bg","14":"loop-entry"},"_links":{"self":[{"href":"https:\/\/skbty.com\/de\/wp-json\/wp\/v2\/product\/2150","targetHints":{"allow":["GET"]}}],"collection":[{"href":"https:\/\/skbty.com\/de\/wp-json\/wp\/v2\/product"}],"about":[{"href":"https:\/\/skbty.com\/de\/wp-json\/wp\/v2\/types\/product"}],"replies":[{"embeddable":true,"href":"https:\/\/skbty.com\/de\/wp-json\/wp\/v2\/comments?post=2150"}],"wp:featuredmedia":[{"embeddable":true,"href":"https:\/\/skbty.com\/de\/wp-json\/wp\/v2\/media\/2188"}],"wp:attachment":[{"href":"https:\/\/skbty.com\/de\/wp-json\/wp\/v2\/media?parent=2150"}],"wp:term":[{"taxonomy":"product_brand","embeddable":true,"href":"https:\/\/skbty.com\/de\/wp-json\/wp\/v2\/product_brand?post=2150"},{"taxonomy":"product_cat","embeddable":true,"href":"https:\/\/skbty.com\/de\/wp-json\/wp\/v2\/product_cat?post=2150"},{"taxonomy":"product_tag","embeddable":true,"href":"https:\/\/skbty.com\/de\/wp-json\/wp\/v2\/product_tag?post=2150"}],"curies":[{"name":"wp","href":"https:\/\/api.w.org\/{rel}","templated":true}]}}