{"id":2151,"date":"2023-06-21T17:52:11","date_gmt":"2023-06-21T09:52:11","guid":{"rendered":"https:\/\/skbty.com\/?post_type=product&#038;p=2151"},"modified":"2024-06-21T15:46:03","modified_gmt":"2024-06-21T07:46:03","slug":"pikosekunden-808-nm-laserdioden-haarentfernungsgerat","status":"publish","type":"product","link":"https:\/\/skbty.com\/de\/product\/pikosekunden-808-nm-laserdioden-haarentfernungsgerat\/","title":{"rendered":"Tragbares Ger\u00e4t zur Haarentfernung mit Picosekunden- und 808-nm-Laserdiode"},"content":{"rendered":"<div>\n<div>\n<h3>Was ist die <strong>Pikosekunden- + 808-nm-Laserdioden-Haarentfernungsger\u00e4t?<\/strong><\/h3>\n<p><strong>Pikosekunden + 808 nm Laserdioden-Haarentfernungsger\u00e4t<\/strong> kombiniert fortschrittliche Pikosekundenlaser- und 808-nm-Diodenlasertechnologien f\u00fcr umfassende Haut- und Haarbehandlungen. Dieses vielseitige Ger\u00e4t bietet pr\u00e4zise Positionierung, schnelle Genesung und sanfte, komfortable Behandlungen f\u00fcr verschiedene dermatologische Bed\u00fcrfnisse.<\/p>\n<h3><img loading=\"lazy\" decoding=\"async\" class=\"aligncenter\" title=\"Pikosekunden + 808 Laserdiodenmaschine\" src=\"https:\/\/sc04.alicdn.com\/kf\/Ha4e108c318d04b3db4693932245fde4fd\/247315878\/Ha4e108c318d04b3db4693932245fde4fd.png\" alt=\"Pikosekunden + 808 Laserdiodenmaschine\" width=\"548\" height=\"500\" data-src=\"\/\/sc04.alicdn.com\/kf\/Ha4e108c318d04b3db4693932245fde4fd\/247315878\/Ha4e108c318d04b3db4693932245fde4fd.png\" \/><\/h3>\n<h3>Technische Daten<\/h3>\n<ul>\n<li><strong>Name<\/strong>: Pikosekunden + 808 nm Laserdioden-Haarentfernungsger\u00e4t<\/li>\n<li><strong>Bildschirm<\/strong>: 10,4 Zoll<\/li>\n<li><strong>Maschinengr\u00f6\u00dfe<\/strong>: 59x<em>49,5-fach<\/em>56,5 cm (55 kg)<\/li>\n<li><strong>Energiedichte<\/strong>: 1-120J\/CM\u00b2<\/li>\n<li><strong>Spotgr\u00f6\u00dfe<\/strong>: 12 x 18 mm<\/li>\n<li><strong>W\u00e4rmeableitung<\/strong>: Luftk\u00fchlung + Wasserk\u00fchlung + Halbleiterk\u00fchlung<\/li>\n<li><strong>Wellenl\u00e4ngenstandard<\/strong>: 808 nm (Option: 532 nm, 755 nm, 1064 nm)<\/li>\n<li><strong>Frequenz<\/strong>: 1-10Hz<\/li>\n<li><strong>Wellenl\u00e4ngenoptionen<\/strong>: 1064 nm\/532 nm\/1320 nm<\/li>\n<li><strong>Gesamtleistung<\/strong>Leistung: 2000 W<\/li>\n<\/ul>\n<h3>Merkmale<\/h3>\n<ul>\n<li><strong>Neues Erlebnis und verfeinertes Erscheinungsbild<\/strong>: Modernes Design mit benutzerfreundlicher Oberfl\u00e4che.<\/li>\n<li><strong>Schnelle Wiederherstellung<\/strong>: Schnelle Erholungszeit nach der Behandlung.<\/li>\n<li><strong>Pr\u00e4zise Positionierung<\/strong>: Gew\u00e4hrleistet eine genaue Ausrichtung f\u00fcr effektive Ergebnisse.<\/li>\n<li><strong>Haarentfernung mit Eisk\u00fchlung<\/strong>: Angenehme und schmerzfreie Behandlung.<\/li>\n<li><strong>Mikronfilter<\/strong>: Gew\u00e4hrleistet Reinheit und Wirksamkeit.<\/li>\n<li><strong>Sanft und komfortabel<\/strong>: Minimiert Beschwerden w\u00e4hrend der Behandlung.<\/li>\n<li><strong>Vielseitig einsetzbar<\/strong>: Geeignet f\u00fcr verschiedene Behandlungen, einschlie\u00dflich Fleckenentfernung, Tattooentfernung, leichte Narbenbehandlung, Haarentfernung und Hautverj\u00fcngung.<\/li>\n<\/ul>\n<h3><img loading=\"lazy\" decoding=\"async\" class=\"aligncenter\" title=\"Pikosekunden + 808 Laserdiodenmaschine\" src=\"https:\/\/sc04.alicdn.com\/kf\/Hf399b3f702a64dfea0beaf4dc9e4b2c9F\/247315878\/Hf399b3f702a64dfea0beaf4dc9e4b2c9F.png\" alt=\"Pikosekunden + 808 Laserdiodenmaschine\" width=\"534\" height=\"429\" data-src=\"\/\/sc04.alicdn.com\/kf\/Hf399b3f702a64dfea0beaf4dc9e4b2c9F\/247315878\/Hf399b3f702a64dfea0beaf4dc9e4b2c9F.png\" \/><\/h3>\n<h3>Vorteile<\/h3>\n<ol>\n<li><strong>Marke Laseremitter<\/strong>: Bietet stabiles Licht f\u00fcr gleichbleibende Ergebnisse.<\/li>\n<li><strong>Sicherheitsbehandlung<\/strong>: Gew\u00e4hrleistet stabile Leistung und lange Lebensdauer.<\/li>\n<li><strong>Hohe Effizienz<\/strong>: Absorbiert effektiv Melanin f\u00fcr eine schmerzlose Haarentfernung.<\/li>\n<li><strong>Schmerzfrei<\/strong>: Das Saphir-Touch-K\u00fchlsystem gew\u00e4hrleistet eine sichere, schmerzfreie Behandlung.<\/li>\n<li><strong>Schnelle Ergebnisse bei der Haarentfernung<\/strong>: Gro\u00dfe Spotgr\u00f6\u00dfe erh\u00f6ht die Behandlungsgeschwindigkeit.<\/li>\n<li><strong>Dauerhafte Haarentfernung<\/strong>: Wirksam f\u00fcr alle Hautfarben mit hervorragenden Ergebnissen.<\/li>\n<\/ol>\n<h3><img loading=\"lazy\" decoding=\"async\" class=\"aligncenter\" title=\"Pikosekunden + 808 Laserdiodenmaschine\" src=\"https:\/\/sc04.alicdn.com\/kf\/Hdfe137e0fb5a4c5c8d4eacd1e4351dd31\/247315878\/Hdfe137e0fb5a4c5c8d4eacd1e4351dd31.png\" alt=\"Pikosekunden + 808 Laserdiodenmaschine\" width=\"556\" height=\"426\" data-src=\"\/\/sc04.alicdn.com\/kf\/Hdfe137e0fb5a4c5c8d4eacd1e4351dd31\/247315878\/Hdfe137e0fb5a4c5c8d4eacd1e4351dd31.png\" \/><\/h3>\n<h3>Anwendungen<\/h3>\n<ol>\n<li><strong>Porenverkleinerung<\/strong>: Effektive Behandlung gegen Alterung und vergr\u00f6\u00dferte Poren, die sp\u00fcrbare Verbesserungen zeigt.<\/li>\n<li><strong>Fleckentfernung<\/strong>: Der Pikosekundenlaser entfernt m\u00fchelos Flecken, ohne dass Sie sich um einen Anti-Schwarz-Effekt sorgen m\u00fcssen.<\/li>\n<li><strong>Reduzierung feiner Linien<\/strong>: Beseitigt feine Linien um die Augen effektiver als Hautpflegecremes.<\/li>\n<li><strong>Narbenbehandlung<\/strong>: Verbessert hartn\u00e4ckige Narben und narbige Haut bereits nach wenigen Behandlungen deutlich.<\/li>\n<li><strong>Hautaufhellung<\/strong>: Verbessert die Hautstruktur und macht sie glatter und zarter.<\/li>\n<li><strong>Tattooentfernung<\/strong>: Entfernt auch schwierige Tattoos (rot, orange, gelb, gr\u00fcn, blau) sauber und ohne Spuren zu hinterlassen.<\/li>\n<\/ol>\n<h3><img loading=\"lazy\" decoding=\"async\" class=\"aligncenter\" title=\"Pikosekunden + 808 Laserdiodenmaschine\" src=\"https:\/\/sc04.alicdn.com\/kf\/H2b36a04f94984e03afec782eaeccd6c4m\/247315878\/H2b36a04f94984e03afec782eaeccd6c4m.png\" alt=\"Pikosekunden + 808 Laserdiodenmaschine\" width=\"653\" height=\"350\" data-src=\"\/\/sc04.alicdn.com\/kf\/H2b36a04f94984e03afec782eaeccd6c4m\/247315878\/H2b36a04f94984e03afec782eaeccd6c4m.png\" \/><\/h3>\n<h3>Effekte verwenden<\/h3>\n<ul>\n<li><strong>Porenverkleinerung<\/strong>: Deutliche Verengung der Poren nach der Behandlung.<\/li>\n<li><strong>Fleckentfernung<\/strong>: Effektive Beseitigung von Gesichtsflecken.<\/li>\n<li><strong>Reduzierung feiner Linien<\/strong>: Sichtbare Reduzierung feiner F\u00e4ltchen in kurzer Zeit.<\/li>\n<li><strong>Narbenbehandlung<\/strong>: Verbesserung hartn\u00e4ckiger Narben und narbiger Haut.<\/li>\n<li><strong>Hautaufhellung<\/strong>: Glattere, zartere Haut nach der Behandlung.<\/li>\n<li><strong>Tattooentfernung<\/strong>: Vollst\u00e4ndige und r\u00fcckstandslose Entfernung hartn\u00e4ckiger T\u00e4towierungen.<\/li>\n<\/ul>\n<p>&nbsp;<\/p>\n<\/div>\n<\/div>\n<div>\n<h3><strong>Anpassen Logo<\/strong><\/h3>\n<p>Wollen, machen Ihre Marke stand heraus? Wir bieten angepasst logo Dienstleistungen zu helfen Sie erstellen Sie eine einzigartige und personalisierte logo spiegelt Ihre Marke Identit\u00e4t. Unser team von Experten arbeiten eng mit Ihnen zusammen, um ein logo zu entwerfen, die in Resonanz mit Ihrer Marke und messaging. Egal, ob Sie Umbau Ihres bestehenden Logos oder eine neue erstellen von Grund auf neu, wir haben Sie abgedeckt. <a href=\"\/de\/kontakt\/\">Kontaktieren Sie uns<\/a> heute erfahren Sie mehr \u00fcber unsere ma\u00dfgeschneiderten logo-Service!<\/p>\n<\/div>","protected":false},"excerpt":{"rendered":"<div>1.Markenlaseremitter, stabiles Licht.<\/div>\n<div>2. Sicherheitsbehandlung. Stabile Leistung. Lange Nutzungsdauer.<\/div>\n<div>3. Hohe Effizienz. Absorption von Melanin, um den Effekt einer schmerzlosen Haarentfernung effektiv zu erzielen.<\/div>\n<div>4. Schmerzfrei. Das Saphir-Touch-K\u00fchlsystem sorgt daf\u00fcr, dass die Behandlung sicherer ist und die Haut nicht verletzt wird.<\/div>\n<div>5. Schnelles Ergebnis bei der Haarentfernung. Die gro\u00dfe Fleckgr\u00f6\u00dfe beschleunigt die Behandlung.<\/div>\n<div>6. Dauerhafte Haarentfernung. F\u00fcr alle Hautfarben geeignet, hervorragendes Ergebnis.<\/div>","protected":false},"featured_media":2153,"comment_status":"open","ping_status":"closed","template":"","meta":{"_kad_post_transparent":"default","_kad_post_title":"","_kad_post_layout":"default","_kad_post_sidebar_id":"","_kad_post_content_style":"default","_kad_post_vertical_padding":"default","_kad_post_feature":"","_kad_post_feature_position":"","_kad_post_header":false,"_kad_post_footer":false,"_kad_post_classname":"","rank_math_title":"","rank_math_description":"","rank_math_focus_keyword":""},"product_brand":[],"product_cat":[29],"product_tag":[],"class_list":{"0":"post-2151","1":"product","2":"type-product","3":"status-publish","4":"has-post-thumbnail","6":"product_cat-pico-laser","8":"first","9":"instock","10":"shipping-taxable","11":"product-type-simple","12":"entry","13":"content-bg","14":"loop-entry"},"_links":{"self":[{"href":"https:\/\/skbty.com\/de\/wp-json\/wp\/v2\/product\/2151","targetHints":{"allow":["GET"]}}],"collection":[{"href":"https:\/\/skbty.com\/de\/wp-json\/wp\/v2\/product"}],"about":[{"href":"https:\/\/skbty.com\/de\/wp-json\/wp\/v2\/types\/product"}],"replies":[{"embeddable":true,"href":"https:\/\/skbty.com\/de\/wp-json\/wp\/v2\/comments?post=2151"}],"wp:featuredmedia":[{"embeddable":true,"href":"https:\/\/skbty.com\/de\/wp-json\/wp\/v2\/media\/2153"}],"wp:attachment":[{"href":"https:\/\/skbty.com\/de\/wp-json\/wp\/v2\/media?parent=2151"}],"wp:term":[{"taxonomy":"product_brand","embeddable":true,"href":"https:\/\/skbty.com\/de\/wp-json\/wp\/v2\/product_brand?post=2151"},{"taxonomy":"product_cat","embeddable":true,"href":"https:\/\/skbty.com\/de\/wp-json\/wp\/v2\/product_cat?post=2151"},{"taxonomy":"product_tag","embeddable":true,"href":"https:\/\/skbty.com\/de\/wp-json\/wp\/v2\/product_tag?post=2151"}],"curies":[{"name":"wp","href":"https:\/\/api.w.org\/{rel}","templated":true}]}}