{"id":2170,"date":"2023-06-21T18:20:21","date_gmt":"2023-06-21T10:20:21","guid":{"rendered":"https:\/\/skbty.com\/?post_type=product&#038;p=2170"},"modified":"2026-03-31T17:04:17","modified_gmt":"2026-03-31T09:04:17","slug":"magic-chair-gesundheitsmaschine","status":"publish","type":"product","link":"https:\/\/skbty.com\/de\/product\/magic-chair-gesundheitsmaschine\/","title":{"rendered":"Magic Chair Gesundheitsmaschine"},"content":{"rendered":"<div>\n<h3>Was ist die <strong>Gesundheitsmaschine \u201eMagischer Stuhl\u201c?<\/strong><\/h3>\n<p>Die <strong>Magic Chair Gesundheitsmaschine<\/strong> verwendet hochintensive fokussierte elektromagnetische Energie (HIFEM), um Probleme der Beckenbodenmuskulatur gezielt zu behandeln. Dieses fortschrittliche Ger\u00e4t wurde entwickelt, um die vaginale Entspannung, Harninkontinenz, Beckenbodenmuskelentspannung und Geb\u00e4rmuttervorfall zu verbessern, indem es elektromagnetische Impulse abgibt, die Motorneuronen stimulieren und Muskelkontraktionen f\u00f6rdern.<\/p>\n<h3><img loading=\"lazy\" decoding=\"async\" class=\"aligncenter\" title=\"Magic Stuhl\" src=\"https:\/\/sc04.alicdn.com\/kf\/Ha8b3b003a9244bd682c7b1d6b90a3011Q\/247315878\/Ha8b3b003a9244bd682c7b1d6b90a3011Q.png\" alt=\"Magic Stuhl\" width=\"502\" height=\"799\" data-src=\"\/\/sc04.alicdn.com\/kf\/Ha8b3b003a9244bd682c7b1d6b90a3011Q\/247315878\/Ha8b3b003a9244bd682c7b1d6b90a3011Q.png\" \/><\/h3>\n<h3>Technische Daten<\/h3>\n<ul>\n<li><strong>Produktname<\/strong>: Magischer Stuhl<\/li>\n<li><strong>Ausgabeintensit\u00e4t<\/strong>: 0-7 Tesla<\/li>\n<li><strong>Elektronische Versorgung<\/strong>: Hochintensive fokussierte elektromagnetische Energie<\/li>\n<li><strong>Gr\u00f6\u00dfe<\/strong>: 76<em>70<\/em>65,5 cm<\/li>\n<li><strong>Gewicht<\/strong>: 45 kg<\/li>\n<\/ul>\n<h3>Funktionsprinzip<\/h3>\n<p>Die Magic Chair Health Machine stimuliert mit elektromagnetischen Impulsen die motorischen Neuronen, die die Beckenbodenmuskulatur steuern. Dies f\u00fchrt zu einer Hyperkontraktion der Beckenbodenmuskulatur, was 12.000 Beckenbodenmuskelkontraktionen in einer einzigen Sitzung entspricht. Die Behandlung aktiviert das Beckenbodengewebe, f\u00f6rdert die Kollagenregeneration, stellt die Festigkeit wieder her, verbessert die Elastizit\u00e4t und repariert lockere Muskeln umfassend, wodurch Erkrankungen mit Funktionsst\u00f6rungen des Beckenbodens wirksam behandelt werden.<\/p>\n<table style=\"border-collapse: collapse; width: 100%;\">\n<tbody>\n<tr>\n<td style=\"width: 50%;\"><img loading=\"lazy\" decoding=\"async\" class=\"aligncenter\" title=\"Magic Stuhl\" src=\"https:\/\/sc04.alicdn.com\/kf\/Hbc49ecb951644d28935a0fbff6b0f702T\/247315878\/Hbc49ecb951644d28935a0fbff6b0f702T.png\" alt=\"Magic Stuhl\" width=\"750\" height=\"516\" data-src=\"\/\/sc04.alicdn.com\/kf\/Hbc49ecb951644d28935a0fbff6b0f702T\/247315878\/Hbc49ecb951644d28935a0fbff6b0f702T.png\" \/><\/td>\n<td style=\"width: 50%;\"><img loading=\"lazy\" decoding=\"async\" class=\"aligncenter\" title=\"Magic Stuhl\" src=\"https:\/\/sc04.alicdn.com\/kf\/Hc3254d855d524eed9f2bbafc5118ee691\/247315878\/Hc3254d855d524eed9f2bbafc5118ee691.png\" alt=\"Magic Stuhl\" width=\"349\" height=\"273\" data-src=\"\/\/sc04.alicdn.com\/kf\/Hc3254d855d524eed9f2bbafc5118ee691\/247315878\/Hc3254d855d524eed9f2bbafc5118ee691.png\" \/><\/td>\n<\/tr>\n<\/tbody>\n<\/table>\n<h3>Funktionen<\/h3>\n<ol>\n<li><strong>Verbessern Sie die vaginale Entspannung<\/strong>: Strafft und st\u00e4rkt die Vaginalmuskulatur.<\/li>\n<li><strong>Verbesserung der Harninkontinenz<\/strong>: Reduziert die Symptome von Harninkontinenz.<\/li>\n<li><strong>Verbessern Sie die Beckenbodenmuskulatur<\/strong>: St\u00e4rkt und strafft die Beckenbodenmuskulatur.<\/li>\n<li><strong>Verbesserung des Geb\u00e4rmuttervorfalls<\/strong>: Hilft bei der Behandlung und Linderung der Symptome eines Geb\u00e4rmuttervorfalls.<\/li>\n<\/ol>\n<h3>Vorteile im Detail<\/h3>\n<ol>\n<li><strong>Hochintensive elektromagnetische Stimulation<\/strong>: Stimuliert motorische Neuronen, um Hyperkontraktions\u00fcbungen der Beckenbodenmuskulatur auszul\u00f6sen.<\/li>\n<li><strong>Kollagenregeneration<\/strong>: Aktiviert das Beckenbodenmuskelgewebe und f\u00f6rdert die Kollagenregeneration.<\/li>\n<li><strong>St\u00e4rkung der Beckenbodenmuskulatur<\/strong>: St\u00e4rkt effektiv die Beckenbodenmuskulatur.<\/li>\n<li><strong>Wiederherstellung von Festigkeit und Elastizit\u00e4t<\/strong>: Stellt die Muskelfestigkeit wieder her und verbessert die Elastizit\u00e4t.<\/li>\n<li><strong>St\u00e4rkung des Beckenbodens<\/strong>: St\u00e4rkt die Beckenbodenmuskulatur zur Behandlung von Harninkontinenz, Unterleibsvorw\u00f6lbung und Entspannung.<\/li>\n<\/ol>\n<h3><strong>Anpassen Logo<\/strong><\/h3>\n<p>Wollen, machen Ihre Marke stand heraus? Wir bieten angepasst logo Dienstleistungen zu helfen Sie erstellen Sie eine einzigartige und personalisierte logo spiegelt Ihre Marke Identit\u00e4t. Unser team von Experten arbeiten eng mit Ihnen zusammen, um ein logo zu entwerfen, die in Resonanz mit Ihrer Marke und messaging. Egal, ob Sie Umbau Ihres bestehenden Logos oder eine neue erstellen von Grund auf neu, wir haben Sie abgedeckt. <a href=\"\/de\/kontakt\/\">Kontaktieren Sie uns<\/a> heute erfahren Sie mehr \u00fcber unsere ma\u00dfgeschneiderten logo-Service!<\/p>\n<\/div>\n<div>\n<div>\n<div>\n<div>\n<div>\n<div><\/div>\n<\/div>\n<\/div>\n<\/div>\n<\/div>\n<\/div>\n<div><\/div>","protected":false},"excerpt":{"rendered":"<div>(1) Das hochintensive, fokussierte elektromagnetische Feld stimuliert motorische Neuronen zur Steuerung der Beckenbodenmuskulatur und zur Durchf\u00fchrung von Hyperkontraktions\u00fcbungen.<\/div>\n<div>(2) Aktivierung des Beckenbodenmuskelgewebes und F\u00f6rderung der Kollagenregeneration.<\/div>\n<div>(3) Effektive St\u00e4rkung der Beckenbodenmuskulatur.<\/div>\n<div>(4)Stellen Sie Festigkeit und Elastizit\u00e4t wieder her.<\/div>\n<div>(5)St\u00e4rkung der Beckenbodenmuskulatur.<\/div>\n<div>(6)L\u00f6sen Sie Probleme wie Harninkontinenz, Unterleibsvorw\u00f6lbung und Entspannung.<\/div>","protected":false},"featured_media":2171,"comment_status":"open","ping_status":"closed","template":"","meta":{"_kad_post_transparent":"default","_kad_post_title":"","_kad_post_layout":"default","_kad_post_sidebar_id":"","_kad_post_content_style":"default","_kad_post_vertical_padding":"default","_kad_post_feature":"","_kad_post_feature_position":"","_kad_post_header":false,"_kad_post_footer":false,"_kad_post_classname":"","rank_math_title":"","rank_math_description":"","rank_math_focus_keyword":""},"product_brand":[],"product_cat":[183],"product_tag":[],"class_list":{"0":"post-2170","1":"product","2":"type-product","3":"status-publish","4":"has-post-thumbnail","6":"product_cat-magic-chair","7":"product_shipping_class-included-shipping","9":"first","10":"instock","11":"sale","12":"shipping-taxable","13":"purchasable","14":"product-type-simple","15":"entry","16":"content-bg","17":"loop-entry"},"_links":{"self":[{"href":"https:\/\/skbty.com\/de\/wp-json\/wp\/v2\/product\/2170","targetHints":{"allow":["GET"]}}],"collection":[{"href":"https:\/\/skbty.com\/de\/wp-json\/wp\/v2\/product"}],"about":[{"href":"https:\/\/skbty.com\/de\/wp-json\/wp\/v2\/types\/product"}],"replies":[{"embeddable":true,"href":"https:\/\/skbty.com\/de\/wp-json\/wp\/v2\/comments?post=2170"}],"wp:featuredmedia":[{"embeddable":true,"href":"https:\/\/skbty.com\/de\/wp-json\/wp\/v2\/media\/2171"}],"wp:attachment":[{"href":"https:\/\/skbty.com\/de\/wp-json\/wp\/v2\/media?parent=2170"}],"wp:term":[{"taxonomy":"product_brand","embeddable":true,"href":"https:\/\/skbty.com\/de\/wp-json\/wp\/v2\/product_brand?post=2170"},{"taxonomy":"product_cat","embeddable":true,"href":"https:\/\/skbty.com\/de\/wp-json\/wp\/v2\/product_cat?post=2170"},{"taxonomy":"product_tag","embeddable":true,"href":"https:\/\/skbty.com\/de\/wp-json\/wp\/v2\/product_tag?post=2170"}],"curies":[{"name":"wp","href":"https:\/\/api.w.org\/{rel}","templated":true}]}}