{"id":2177,"date":"2023-06-21T18:34:10","date_gmt":"2023-06-21T10:34:10","guid":{"rendered":"https:\/\/skbty.com\/?post_type=product&#038;p=2177"},"modified":"2024-08-30T19:11:33","modified_gmt":"2024-08-30T11:11:33","slug":"mikronadel-rf-kopf","status":"publish","type":"product","link":"https:\/\/skbty.com\/de\/product\/mikronadel-rf-kopf\/","title":{"rendered":"10\/25\/64Pins\/Nano-Spitzen f\u00fcr Mikronadel-RF-Kartuschen"},"content":{"rendered":"<div>\n<h3>Was ist 10\/25\/64Pins\/Nano Tips<strong>?<\/strong><\/h3>\n<p class=\"p1\">Die 10\/25\/64 Pins\/Nano Tips sind spezielle Aufs\u00e4tze f\u00fcr die Verwendung mit Microneedle RF Cartridges-Maschinen. Diese Spitzen haben eine unterschiedliche Anzahl von Mikronadeln und erm\u00f6glichen so individuelle Behandlungen basierend auf den spezifischen Bed\u00fcrfnissen der Haut.<\/p>\n<p><img loading=\"lazy\" decoding=\"async\" class=\"aligncenter  wp-image-3014\" src=\"https:\/\/skbty.com\/wp-content\/uploads\/2023\/06\/tips-for-microneedle-machine-1024x975.avif\" alt=\"Tipps f\u00fcr die Mikronadelmaschine\" width=\"488\" height=\"465\" data-wp-pid=\"3014\" srcset=\"https:\/\/skbty.com\/wp-content\/uploads\/2023\/06\/tips-for-microneedle-machine-1024x975.avif 1024w, https:\/\/skbty.com\/wp-content\/uploads\/2023\/06\/tips-for-microneedle-machine-300x286.avif 300w, https:\/\/skbty.com\/wp-content\/uploads\/2023\/06\/tips-for-microneedle-machine-768x732.avif 768w, https:\/\/skbty.com\/wp-content\/uploads\/2023\/06\/tips-for-microneedle-machine-1536x1463.avif 1536w, https:\/\/skbty.com\/wp-content\/uploads\/2023\/06\/tips-for-microneedle-machine-600x571.avif 600w, https:\/\/skbty.com\/wp-content\/uploads\/2023\/06\/tips-for-microneedle-machine.avif 2020w\" sizes=\"auto, (max-width: 488px) 100vw, 488px\" \/><\/p>\n<ul>\n<li class=\"p3\"><b>10 Pins:<\/b> Ideal f\u00fcr die gezielte Behandlung kleiner Bereiche und erm\u00f6glicht pr\u00e4zises Micro-Needling f\u00fcr empfindliche oder schwer erreichbare Stellen.<\/li>\n<li class=\"p3\"><b>25 Pins:<\/b> Geeignet f\u00fcr mittelgro\u00dfe Bereiche, bietet ein Gleichgewicht zwischen Deckkraft und Pr\u00e4zision und wird h\u00e4ufig f\u00fcr allgemeine Gesichtsbehandlungen verwendet.<\/li>\n<li class=\"p3\"><b>64 Pins:<\/b> Diese f\u00fcr gr\u00f6\u00dfere Fl\u00e4chen konzipierten Aufs\u00e4tze bieten eine umfassende Abdeckung und eignen sich daher perfekt f\u00fcr die Behandlung gr\u00f6\u00dferer Regionen wie Wangen oder Stirn.<\/li>\n<li class=\"p3\"><b>Nano-Tipps:<\/b> Im Gegensatz zu den anderen Mikronadeln dringen Nanospitzen nicht so tief ein und werden f\u00fcr oberfl\u00e4chliche Behandlungen verwendet. Sie eignen sich hervorragend, um die Aufnahme von Seren und anderen Hautpflegeprodukten zu verbessern und f\u00fcr Behandlungen, die auf die Verbesserung der Hautstruktur und des Hauttons abzielen.<\/li>\n<\/ul>\n<p class=\"p1\">Diese Mikronadelspitzen erzeugen kontrollierte Mikroverletzungen in der Haut, stimulieren die Kollagenproduktion und verbessern die Wirksamkeit der HF-Energie (Radiofrequenz). Die unterschiedlichen Nadelkonfigurationen erm\u00f6glichen vielseitige Behandlungen, von der Reduzierung feiner Linien bis zur Korrektur tiefer Narben, alles auf den Hauttyp und das Problem des Patienten zugeschnitten.<\/p>\n<p>Die <a href=\"\/de\/product\/goldene-mikronadel-fraktional-rf-maschine\/\"><strong>Maschine f\u00fcr Mikronadel-RF-Kartuschen<\/strong><\/a> ist ein fortschrittliches Hautbehandlungsger\u00e4t, das Mikronadelung und Radiofrequenztechnologie (RF) kombiniert, um die Hautstruktur, Elastizit\u00e4t und das Aussehen zu verbessern. Dieses Ger\u00e4t ist mit verschiedenen austauschbaren Spitzen ausgestattet und bietet eine vielseitige L\u00f6sung f\u00fcr verschiedene Hautprobleme, von tiefen Falten bis hin zu Aknenarben.<\/p>\n<table style=\"border-collapse: collapse; width: 100%;\">\n<tbody>\n<tr>\n<td style=\"width: 32.3816%;\"><a href=\"\/de\/product\/goldene-mikronadel-fraktional-rf-maschine\/\"><img loading=\"lazy\" decoding=\"async\" class=\"aligncenter\" title=\"Mikronadel-RF-Kartuschen\" src=\"https:\/\/sc04.alicdn.com\/kf\/Hc1379564e08b4b2aa5beb76fe4da2babD\/247315878\/Hc1379564e08b4b2aa5beb76fe4da2babD.jpg\" alt=\"Mikronadel-RF-Kartuschen\" width=\"750\" height=\"577\" data-src=\"\/\/sc04.alicdn.com\/kf\/Hc1379564e08b4b2aa5beb76fe4da2babD\/247315878\/Hc1379564e08b4b2aa5beb76fe4da2babD.jpg\" \/><\/a><\/td>\n<td style=\"width: 67.6184%;\">\n<h3><img loading=\"lazy\" decoding=\"async\" class=\"aligncenter\" title=\"Mikronadel-RF-Kartuschen\" src=\"https:\/\/sc04.alicdn.com\/kf\/H126bca153a9c45aeb466d70a05e2a4d8B\/247315878\/H126bca153a9c45aeb466d70a05e2a4d8B.png\" alt=\"Mikronadel-RF-Kartuschen\" width=\"377\" height=\"359\" data-src=\"\/\/sc04.alicdn.com\/kf\/H126bca153a9c45aeb466d70a05e2a4d8B\/247315878\/H126bca153a9c45aeb466d70a05e2a4d8B.png\" \/><\/h3>\n<\/td>\n<\/tr>\n<\/tbody>\n<\/table>\n<h3>Technische Daten<\/h3>\n<ul>\n<li><strong>Tipps<\/strong>: 10 Pins\/25 Pins\/64 Pins\/Nano<\/li>\n<li><strong>Technologie<\/strong>: Mikronadel RF<\/li>\n<li><strong>Frequenz<\/strong>: 2~4MHz einstellbar<\/li>\n<li><strong>Kompatible Maschinen<\/strong>: <a href=\"\/de\/product\/goldene-mikronadel-fraktional-rf-maschine\/\">Mikronadel-RF-Maschine<\/a><\/li>\n<\/ul>\n<h3>Funktionsprinzip<\/h3>\n<p>Das fraktionierte RF-Nadelsystem verwendet ein spezielles Design mit vielen fraktionierten Nadelspitzen, die in einer Matrix angeordnet sind. Ein Hochgeschwindigkeits-Digitalmotor steuert die Nadeln und dringt 0,25\u20133 mm tief in die Epidermis und Dermis ein. Am Ende der Gitternadel wird HF-Energie freigesetzt, die Kollagen und elastisches Gewebe stimuliert, ohne die Epidermisschicht zu besch\u00e4digen. HF-Energie dringt tief in die Dermis ein und f\u00f6rdert die Kollagenproteinhyperplasie, wodurch Narben verbessert und Hautfalten langfristig gegl\u00e4ttet werden.<\/p>\n<h3>Merkmale<\/h3>\n<ol>\n<li><strong>Verbessert Poren und Narben<\/strong>: Bek\u00e4mpft tiefe Falten, Akne und Pigmentierung.<\/li>\n<li><strong>Verbessert die Kollagenelastizit\u00e4t<\/strong>: Verbessert die Festigkeit und Gl\u00e4tte der Haut.<\/li>\n<li><strong>Gl\u00e4ttet die Haut<\/strong>: Verengt die Poren und liefert gezielte Energie mit minimalen Schmerzen.<\/li>\n<li><strong>Minimal Invasiv<\/strong>: Stellt sicher, dass die HF-Energie den Zielbereich effektiv erreicht.<\/li>\n<li><strong>Narbenentfernung<\/strong>: Reduziert Aknenarben und eignet sich f\u00fcr Dehnungsstreifen, Anti-Aging, Anti-Falten-Therapie, Haarwiederherstellung und Pigmentierungsbehandlung.<\/li>\n<\/ol>\n<h3>Vorteile<\/h3>\n<ol>\n<li><strong>Vakuumunterst\u00fctzte Behandlung<\/strong>: Sorgt f\u00fcr angenehmere Abl\u00e4ufe.<\/li>\n<li><strong>Nicht isolierte Nadeln<\/strong>: Wirkt gleicherma\u00dfen auf die Epidermis- und Dermisschichten und verbessert so die Wirksamkeit der Behandlung.<\/li>\n<li><strong>Schrittmotortyp<\/strong>: Sanftes Einf\u00fchren der Nadel ohne Schock, wodurch Blutungen und Schmerzen minimiert werden.<\/li>\n<li><strong>Vergoldete Nadeln<\/strong>: Langlebig mit hoher Biokompatibilit\u00e4t, geeignet f\u00fcr Patienten mit Metallallergien.<\/li>\n<li><strong>Pr\u00e4zise Tiefenkontrolle<\/strong>: Einstellbare Nadeltiefe von 0,5 mm bis 5,0 mm in 0,1-mm-Schritten.<\/li>\n<li><strong>Sicherheitsnadelsystem<\/strong>:\n<ul>\n<li>Sterilisierte Einweg-Nadelspitzen.<\/li>\n<li>Einfache Visualisierung der HF-Energieanwendung durch eine rote Lichtanzeige.<\/li>\n<\/ul>\n<\/li>\n<li><strong>Aufw\u00e4ndige Nadelst\u00e4rke<\/strong>: Minimum 0 mm, Maximum 0,3 mm, gew\u00e4hrleistet Pr\u00e4zision.<\/li>\n<\/ol>\n<\/div>\n<div>\n<div>\n<div><\/div>\n<\/div>\n<\/div>\n<div>\n<h3><strong>Anpassen Logo<\/strong><\/h3>\n<p>Wollen, machen Ihre Marke stand heraus? Wir bieten angepasst logo Dienstleistungen zu helfen Sie erstellen Sie eine einzigartige und personalisierte logo spiegelt Ihre Marke Identit\u00e4t. Unser team von Experten arbeiten eng mit Ihnen zusammen, um ein logo zu entwerfen, die in Resonanz mit Ihrer Marke und messaging. Egal, ob Sie Umbau Ihres bestehenden Logos oder eine neue erstellen von Grund auf neu, wir haben Sie abgedeckt. <a href=\"\/de\/kontakt\/\">Kontaktieren Sie uns<\/a> heute erfahren Sie mehr \u00fcber unsere ma\u00dfgeschneiderten logo-Service!<\/p>\n<\/div>\n<div>\n<div><\/div>\n<div><\/div>\n<\/div>\n<div><\/div>\n<div id=\"haloword-lookup\" class=\"ui-widget-content ui-draggable\" style=\"position: relative;\">\n<div id=\"haloword-content\"><\/div>\n<\/div>","protected":false},"excerpt":{"rendered":"<p>Das fraktionierte HF-Nadelsystem verf\u00fcgt \u00fcber ein spezielles Design mit einer Reihe von fraktionierten Nadeln. Der schnelle digitale Motor steuert die Nadelbewegung durch die Epidermis und Dermis und kontrolliert dabei pr\u00e4zise eine Tiefe von 0,25 bis 3 mm. Am Ende des Nadelgitters wird die HF-Energie wieder freigegeben, um Kollagen und elastisches Gewebe zu stimulieren. Die Epidermisschicht ist sicher. Die HF-Energie kann gut in die Dermis eindringen und die Kollagenproteinhyperplasie stimulieren. Dies ist nicht nur die beste Methode zur Verbesserung von Narben, sondern auch eine gute Methode zur langfristigen Straffung von Hautfalten.<\/p>\n<div id=\"haloword-lookup\" class=\"ui-widget-content ui-draggable\" style=\"position: relative;\">\n<div id=\"haloword-title\">\n<p><span id=\"haloword-word\"><\/span><a id=\"haloword-pron\" class=\"haloword-button\" title=\"\u97f3\"><\/a><audio id=\"haloword-audio\"><\/audio><\/p>\n<div id=\"haloword-control-container\"><\/div>\n<\/div>\n<div id=\"haloword-content\"><\/div>\n<\/div>","protected":false},"featured_media":2178,"comment_status":"open","ping_status":"closed","template":"","meta":{"_kad_post_transparent":"default","_kad_post_title":"","_kad_post_layout":"default","_kad_post_sidebar_id":"","_kad_post_content_style":"default","_kad_post_vertical_padding":"default","_kad_post_feature":"","_kad_post_feature_position":"","_kad_post_header":false,"_kad_post_footer":false,"_kad_post_classname":"","rank_math_title":"","rank_math_description":"","rank_math_focus_keyword":""},"product_brand":[],"product_cat":[49],"product_tag":[],"class_list":{"0":"post-2177","1":"product","2":"type-product","3":"status-publish","4":"has-post-thumbnail","6":"product_cat-parts_facial_care","7":"product_shipping_class-included-shipping","9":"first","10":"instock","11":"shipping-taxable","12":"purchasable","13":"product-type-variable","14":"has-default-attributes","15":"entry","16":"content-bg","17":"loop-entry"},"_links":{"self":[{"href":"https:\/\/skbty.com\/de\/wp-json\/wp\/v2\/product\/2177","targetHints":{"allow":["GET"]}}],"collection":[{"href":"https:\/\/skbty.com\/de\/wp-json\/wp\/v2\/product"}],"about":[{"href":"https:\/\/skbty.com\/de\/wp-json\/wp\/v2\/types\/product"}],"replies":[{"embeddable":true,"href":"https:\/\/skbty.com\/de\/wp-json\/wp\/v2\/comments?post=2177"}],"wp:featuredmedia":[{"embeddable":true,"href":"https:\/\/skbty.com\/de\/wp-json\/wp\/v2\/media\/2178"}],"wp:attachment":[{"href":"https:\/\/skbty.com\/de\/wp-json\/wp\/v2\/media?parent=2177"}],"wp:term":[{"taxonomy":"product_brand","embeddable":true,"href":"https:\/\/skbty.com\/de\/wp-json\/wp\/v2\/product_brand?post=2177"},{"taxonomy":"product_cat","embeddable":true,"href":"https:\/\/skbty.com\/de\/wp-json\/wp\/v2\/product_cat?post=2177"},{"taxonomy":"product_tag","embeddable":true,"href":"https:\/\/skbty.com\/de\/wp-json\/wp\/v2\/product_tag?post=2177"}],"curies":[{"name":"wp","href":"https:\/\/api.w.org\/{rel}","templated":true}]}}