{"id":2241,"date":"2024-01-02T17:22:34","date_gmt":"2024-01-02T09:22:34","guid":{"rendered":"https:\/\/skbty.com\/?post_type=product&#038;p=2241"},"modified":"2024-06-21T13:57:15","modified_gmt":"2024-06-21T05:57:15","slug":"stoswellentherapiegerat-4","status":"publish","type":"product","link":"https:\/\/skbty.com\/de\/product\/stoswellentherapiegerat-4\/","title":{"rendered":"Sto\u00dfwellentherapieger\u00e4t"},"content":{"rendered":"<div class=\"J_module\">\n<div class=\"detail-decorate-json-renderer-container\">\n<div class=\"magic-2\">\n<h3 class=\"magic-3\"><span class=\"magic-5\">Sto\u00dfwellentherapieger\u00e4t<\/span><\/h3>\n<div class=\"magic-7\">\n<div class=\"magic-8\">\n<div class=\"magic-9\"><span class=\"magic-10\"><span class=\"magic-4\">Das Sto\u00dfwellentherapieger\u00e4t nutzt das ballistische Prinzip der Sto\u00dfwellenerzeugung: Es verwendet beschleunigte Druckluft, um durch ein Sto\u00dfwellenger\u00e4t eine Druckwelle zu erzeugen. Druckluft wird von einem elektronisch gesteuerten ballistischen Druckkompressor erzeugt. Durch elastische St\u00f6\u00dfe wird die kinetische Energie des Sto\u00dfwellenger\u00e4ts in die Sonde des Behandlungsger\u00e4ts \u00fcbertragen und gelangt dann in den K\u00f6rper des Patienten. Daher muss die Spitze des Endapplikators w\u00e4hrend der Behandlung in direktem Kontakt mit der Haut und dem Unterhautgewebe stehen. Sto\u00dfwellen zielen auf die betroffenen Bereiche an der Ursache chronischer Schmerzen. Die Wirkung der Sto\u00dfwelle l\u00f6st Kalkablagerungen auf und f\u00fchrt zu einer besseren Gef\u00e4\u00dfversorgung. Die Nachwirkung ist Schmerzlinderung.<\/span><\/span><\/div>\n<div><\/div>\n<\/div>\n<\/div>\n<\/div>\n<\/div>\n<\/div>\n<div class=\"J_module\">\n<div class=\"ife-detail-decorate-table\">\n<table style=\"border-color: #f3f3f3;\" border=\"1\" cellspacing=\"0\" cellpadding=\"0\">\n<tbody>\n<tr>\n<td colspan=\"1\" rowspan=\"1\">\n<div>Name<\/div>\n<\/td>\n<td colspan=\"1\" rowspan=\"1\">\n<div class=\"magic-14\">Sto\u00dfwellentherapieger\u00e4t<\/div>\n<\/td>\n<\/tr>\n<tr>\n<td colspan=\"1\" rowspan=\"1\">\n<div class=\"magic-12\">Spezifikation<\/div>\n<\/td>\n<td colspan=\"1\" rowspan=\"1\">\n<div class=\"magic-14\">Alu + Karton 41*51*45cm 35KG<\/div>\n<\/td>\n<\/tr>\n<tr>\n<td colspan=\"1\" rowspan=\"1\">\n<div class=\"magic-12\">OEM-Dienst<\/div>\n<\/td>\n<td colspan=\"1\" rowspan=\"1\">\n<div class=\"magic-14\">Unterst\u00fctzung<\/div>\n<\/td>\n<\/tr>\n<tr>\n<td colspan=\"1\" rowspan=\"1\">\n<div class=\"magic-12\">Sto\u00dfd\u00e4mpferkopf<\/div>\n<\/td>\n<td colspan=\"1\" rowspan=\"1\">\n<div class=\"magic-14\">3 Sto\u00dfd\u00e4mpferk\u00f6pfe unterschiedlicher Gr\u00f6\u00dfe<\/div>\n<\/td>\n<\/tr>\n<tr>\n<td colspan=\"1\" rowspan=\"1\">\n<div class=\"magic-12\">Touch-Screen<\/div>\n<\/td>\n<td colspan=\"1\" rowspan=\"1\">\n<div class=\"magic-14\">8 Zoll Touchscreen<\/div>\n<\/td>\n<\/tr>\n<tr>\n<td colspan=\"1\" rowspan=\"1\">\n<div class=\"magic-15\">Frequenz<\/div>\n<\/td>\n<td colspan=\"1\" rowspan=\"1\">\n<div class=\"magic-16\">1 \u2013 21 Hz<\/div>\n<\/td>\n<\/tr>\n<tr>\n<td colspan=\"1\" rowspan=\"1\">\n<div class=\"magic-15\">Energie<\/div>\n<\/td>\n<td colspan=\"1\" rowspan=\"1\">\n<div class=\"magic-16\">1 \u2013 8 Bar<\/div>\n<\/td>\n<\/tr>\n<\/tbody>\n<\/table>\n<\/div>\n<\/div>\n<div class=\"J_module\">\n<div class=\"detail-decorate-json-renderer-container\">\n<div class=\"magic-2\">\n<h3 class=\"magic-3\"><span class=\"magic-5\">Arbeitsprinzip<\/span><\/h3>\n<div class=\"magic-7\">\n<div class=\"magic-8\">\n<div class=\"magic-9\"><span class=\"magic-10\">Unter Verwendung der Eigenschaften der SW8-Sto\u00dfwellentherapie betr\u00e4gt die Frequenz 1\u201316 Hz, kann bis zu 8 cm unter die Haut reichen, wirkt auf das Periost, um W\u00e4rme zu erzeugen, und die momentane Temperatur erreicht 43 \u00b0C, w\u00e4hrend gleichzeitig die Durchblutung verbessert wird.<\/span><\/div>\n<\/div>\n<\/div>\n<\/div>\n<\/div>\n<\/div>\n<div class=\"J_module\">\n<div class=\"icbu-pc-images magic-17\">\n<div>\n<div class=\"flex-layout-v\">\n<div class=\"flex-layout-h magic-17\">\n<div class=\"magic-18\"><img loading=\"lazy\" decoding=\"async\" class=\"magic-19 aligncenter\" title=\"Sto\u00dfwellentherapieger\u00e4t\" src=\"https:\/\/sc04.alicdn.com\/kf\/H04b14e8d47684697b913958bea850604p\/247315878\/H04b14e8d47684697b913958bea850604p.png\" alt=\"Sto\u00dfwellentherapieger\u00e4t\" width=\"609\" height=\"406\" data-src=\"\/\/sc04.alicdn.com\/kf\/H04b14e8d47684697b913958bea850604p\/247315878\/H04b14e8d47684697b913958bea850604p.png\" \/><\/div>\n<\/div>\n<\/div>\n<\/div>\n<\/div>\n<\/div>\n<div class=\"J_module\">\n<div class=\"detail-decorate-json-renderer-container\">\n<div class=\"magic-2\">\n<h3 class=\"magic-3\"><span class=\"magic-5\">Funktionen<\/span><\/h3>\n<div class=\"magic-7\">\n<div class=\"magic-8\">\n<div class=\"magic-9\"><span class=\"magic-10\">1. Schmerztriggerpunkte Akute und chronische Schmerzen im R\u00fccken, Schultern, Nacken etc. durch dauerhafte Verk\u00fcrzung und Verdickung der Muskulatur <\/span><\/div>\n<div class=\"magic-9\"><span class=\"magic-10\">2. Tibiarandsyndrom Entz\u00fcndung der Tibiakante durch \u00dcberbeanspruchung <\/span><\/div>\n<div class=\"magic-9\"><span class=\"magic-10\">3. Trochanteric Bursitis Schmerzhafte Periostitis der H\u00fcfte <\/span><\/div>\n<div class=\"magic-9\"><span class=\"magic-10\">4. Schmerzen Achillessehnenschmerzen Reizung <\/span><\/div>\n<div class=\"magic-9\"><span class=\"magic-10\">5. Fersenschmerzen Fersenschmerzen, meist chronische Entz\u00fcndung <\/span><\/div>\n<div class=\"magic-9\"><span class=\"magic-10\">6. Golferellenbogen Schmerzhafte Entz\u00fcndung des Sehnenansatzes am medialen Ellenbogen <\/span><\/div>\n<div class=\"magic-9\"><span class=\"magic-10\">7. Patellaspitzensyndrom Entz\u00fcndung der Tibiakante durch \u00dcberbeanspruchung<\/span><\/div>\n<\/div>\n<\/div>\n<\/div>\n<\/div>\n<\/div>\n<div class=\"J_module\">\n<div class=\"icbu-pc-images magic-17\">\n<div>\n<div class=\"flex-layout-v\">\n<div class=\"flex-layout-h magic-17\">\n<div class=\"magic-20\"><img loading=\"lazy\" decoding=\"async\" class=\"magic-21 aligncenter\" title=\"Sto\u00dfwellentherapieger\u00e4t\" src=\"https:\/\/sc04.alicdn.com\/kf\/Ha8b3efa5a1044a29b216b7e0e004d82bX\/247315878\/Ha8b3efa5a1044a29b216b7e0e004d82bX.png\" alt=\"Sto\u00dfwellentherapieger\u00e4t\" width=\"609\" height=\"761\" data-src=\"\/\/sc04.alicdn.com\/kf\/Ha8b3efa5a1044a29b216b7e0e004d82bX\/247315878\/Ha8b3efa5a1044a29b216b7e0e004d82bX.png\" \/><\/div>\n<\/div>\n<\/div>\n<\/div>\n<\/div>\n<\/div>\n<div class=\"J_module\">\n<div class=\"detail-decorate-json-renderer-container\">\n<div class=\"magic-2\">\n<h3 class=\"magic-3\"><span class=\"magic-5\">Auswirkungen<\/span><\/h3>\n<div class=\"magic-7\">\n<div class=\"magic-8\">\n<div class=\"magic-9\"><span class=\"magic-10\">Stellen Sie sich Rot als einen Energiebereich vor, der Schaden anrichtet. Dieser Bereich verl\u00e4uft von der Unterseite des Sto\u00dfd\u00e4mpfers bis zur Oberseite und bildet eine S\u00e4ule, die alles in ihrem Weg zerst\u00f6rt. Die extrakorporale Sto\u00dfwelle SW8 um diesen Pfosten herum ist der Bereich mit weniger Energie, gr\u00fcn dargestellt, dosiert, um Heilung zu bewirken. Es gibt auch einen Bereich (blau dargestellt), der viel weniger Energie hat und Schmerzen lindern kann. Es gibt auch einen Bereich, in dem die Wellenkraft \u00fcber dem besch\u00e4digten Bereich abnimmt (die Energie kann nicht ewig anhalten), was wiederum eine heilende oder schmerzlindernde Wirkung erzeugt. Man sollte bedenken, dass die Wirkungen von hohen Energieniveaus zu niedrigen Energieniveaus auftreten, d. h. hohe Energieniveaus = Schaden + Heilung + Schmerzlinderung.<\/span><\/div>\n<\/div>\n<\/div>\n<\/div>\n<\/div>\n<\/div>\n<div class=\"J_module\">\n<div class=\"icbu-pc-images magic-17\">\n<div>\n<div class=\"flex-layout-v\">\n<div class=\"flex-layout-h magic-17\">\n<div class=\"magic-18\"><img loading=\"lazy\" decoding=\"async\" class=\"magic-19 aligncenter\" title=\"Sto\u00dfwellentherapieger\u00e4t\" src=\"https:\/\/sc04.alicdn.com\/kf\/H587839aef88941b8b1a207390d3907cde\/247315878\/H587839aef88941b8b1a207390d3907cde.png\" alt=\"Sto\u00dfwellentherapieger\u00e4t\" width=\"578\" height=\"385\" data-src=\"\/\/sc04.alicdn.com\/kf\/H587839aef88941b8b1a207390d3907cde\/247315878\/H587839aef88941b8b1a207390d3907cde.png\" \/><\/div>\n<\/div>\n<\/div>\n<\/div>\n<\/div>\n<\/div>\n<div class=\"J_module\">\n<div class=\"detail-decorate-json-renderer-container\">\n<div class=\"magic-2\">\n<h3 class=\"magic-3\"><span class=\"magic-5\">Anwendungen<\/span><\/h3>\n<div class=\"magic-7\">\n<div class=\"magic-8\">\n<div class=\"magic-9\"><span class=\"magic-10\">(1) Zellen: Erh\u00f6hen Sie die Durchl\u00e4ssigkeit der Zellmembran durch Verbesserung der Ionenkanalaktivit\u00e4t, Stimulierung der Zellteilung und Stimulierung der Zytokinproduktion. <\/span><\/div>\n<div class=\"magic-9\"><span class=\"magic-10\">(2) Angiogenese im Sehnen- und Muskelbereich: verbessert die Durchblutung, erh\u00f6ht die Konzentration des Wachstumsfaktors \u03b21, hat chemotaktische und mitogene Wirkungen auf Osteoblasten. <\/span><\/div>\n<div class=\"magic-9\"><span class=\"magic-10\">(3) Auswirkungen auf das NOx-System: Knochenheilung und -umbau. <\/span><\/div>\n<div class=\"magic-9\"><span class=\"magic-10\">(4) Verbesserung der Mikrozirkulation und des Stoffwechsels. <\/span><\/div>\n<div class=\"magic-9\"><span class=\"magic-10\">(5) Lyse kalzifizierter Fibroblasten <\/span><\/div>\n<div class=\"magic-9\"><span class=\"magic-10\">(6) Unterst\u00fctzt die Kollagenproduktion. <\/span><\/div>\n<div class=\"magic-9\"><span class=\"magic-10\">(7) Reduzieren Sie die Gewebespannung. <\/span><\/div>\n<div class=\"magic-9\"><span class=\"magic-10\">(8) Analgetische Wirkung. <\/span><\/div>\n<div class=\"magic-9\"><span class=\"magic-10\">(9) ABl. C 277 vom 27.10.2003, S. 1. <\/span><\/div>\n<div class=\"magic-9\"><span class=\"magic-10\">(10) Fett reduzieren.<\/span><\/div>\n<\/div>\n<\/div>\n<\/div>\n<\/div>\n<\/div>\n<div class=\"J_module\">\n<div class=\"icbu-pc-images magic-17\">\n<div>\n<div class=\"flex-layout-v\">\n<div class=\"flex-layout-h magic-17\">\n<div class=\"magic-18\"><img loading=\"lazy\" decoding=\"async\" class=\"magic-19 aligncenter\" title=\"Sto\u00dfwellentherapieger\u00e4t\" src=\"https:\/\/sc04.alicdn.com\/kf\/Hbdd396ca82864c0083290756f2229ef64\/247315878\/Hbdd396ca82864c0083290756f2229ef64.png\" alt=\"Sto\u00dfwellentherapieger\u00e4t\" width=\"573\" height=\"382\" data-src=\"\/\/sc04.alicdn.com\/kf\/Hbdd396ca82864c0083290756f2229ef64\/247315878\/Hbdd396ca82864c0083290756f2229ef64.png\" \/><\/div>\n<\/div>\n<\/div>\n<\/div>\n<\/div>\n<\/div>\n<div class=\"J_module\">\n<div class=\"detail-decorate-json-renderer-container\">\n<div class=\"magic-2\">\n<h3 class=\"magic-3\"><span class=\"magic-5\">Vorteile<\/span><\/h3>\n<div class=\"magic-7\">\n<div class=\"magic-8\">\n<div class=\"magic-9\"><span class=\"magic-10\">1. Effiziente und schnelle Schmerzlinderung <\/span><\/div>\n<div class=\"magic-9\"><span class=\"magic-10\">2. Nicht-invasiv, keine An\u00e4sthesie, bequem und schnell. <\/span><\/div>\n<div class=\"magic-9\"><span class=\"magic-10\">3. Jede F\u00fctterung dauert nur 20 Minuten, 5-10 F\u00fctterungen pro Sitzung. <\/span><\/div>\n<div class=\"magic-9\"><span class=\"magic-10\">4. Weitgehend anwendbar f\u00fcr verschiedene Weichteilbehandlungen. Mittleres Niveau = Heilung + Schmerzlinderung.<\/span><\/div>\n<div>\n<h3><strong>Anpassen Logo<\/strong><\/h3>\n<p>Wollen, machen Ihre Marke stand heraus? Wir bieten angepasst logo Dienstleistungen zu helfen Sie erstellen Sie eine einzigartige und personalisierte logo spiegelt Ihre Marke Identit\u00e4t. Unser team von Experten arbeiten eng mit Ihnen zusammen, um ein logo zu entwerfen, die in Resonanz mit Ihrer Marke und messaging. Egal, ob Sie Umbau Ihres bestehenden Logos oder eine neue erstellen von Grund auf neu, wir haben Sie abgedeckt. <a href=\"\/de\/kontakt\/\">Kontaktieren Sie uns<\/a> heute erfahren Sie mehr \u00fcber unsere ma\u00dfgeschneiderten logo-Service!<\/p>\n<\/div>\n<\/div>\n<\/div>\n<\/div>\n<\/div>\n<\/div>","protected":false},"excerpt":{"rendered":"<p><span class=\"magic-10\"><span class=\"magic-4\">Sto\u00dfwellensysteme nutzen das ballistische Prinzip der Sto\u00dfwellenerzeugung: beschleunigte Druckluft wird verwendet, um durch eine Sto\u00dfwellenmaschine eine Druckwelle zu erzeugen. Druckluft wird von einem elektronisch gesteuerten ballistischen Druckkompressor erzeugt. Durch elastische St\u00f6\u00dfe wird die kinetische Energie der Sto\u00dfwellenmaschine in die Sonde des Behandlungsger\u00e4ts \u00fcbertragen und gelangt dann in den K\u00f6rper des Patienten. Daher muss die Spitze des Endapplikators w\u00e4hrend der Behandlung in direktem Kontakt mit der Haut und dem Unterhautgewebe stehen. Sto\u00dfwellen zielen auf die betroffenen Bereiche an der Ursache chronischer Schmerzen. Die Wirkung der Sto\u00dfwelle l\u00f6st Kalkablagerungen auf und f\u00fchrt zu einer besseren Gef\u00e4\u00dfversorgung. Die Nachwirkung ist Schmerzlinderung.<\/span><\/span><\/p>","protected":false},"featured_media":2242,"comment_status":"open","ping_status":"closed","template":"","meta":{"_kad_post_transparent":"default","_kad_post_title":"","_kad_post_layout":"default","_kad_post_sidebar_id":"","_kad_post_content_style":"default","_kad_post_vertical_padding":"default","_kad_post_feature":"","_kad_post_feature_position":"","_kad_post_header":false,"_kad_post_footer":false,"_kad_post_classname":"","rank_math_title":"","rank_math_description":"","rank_math_focus_keyword":""},"product_brand":[],"product_cat":[65],"product_tag":[],"class_list":{"0":"post-2241","1":"product","2":"type-product","3":"status-publish","4":"has-post-thumbnail","6":"product_cat-shock-wave","8":"first","9":"instock","10":"shipping-taxable","11":"product-type-simple","12":"entry","13":"content-bg","14":"loop-entry"},"_links":{"self":[{"href":"https:\/\/skbty.com\/de\/wp-json\/wp\/v2\/product\/2241","targetHints":{"allow":["GET"]}}],"collection":[{"href":"https:\/\/skbty.com\/de\/wp-json\/wp\/v2\/product"}],"about":[{"href":"https:\/\/skbty.com\/de\/wp-json\/wp\/v2\/types\/product"}],"replies":[{"embeddable":true,"href":"https:\/\/skbty.com\/de\/wp-json\/wp\/v2\/comments?post=2241"}],"wp:featuredmedia":[{"embeddable":true,"href":"https:\/\/skbty.com\/de\/wp-json\/wp\/v2\/media\/2242"}],"wp:attachment":[{"href":"https:\/\/skbty.com\/de\/wp-json\/wp\/v2\/media?parent=2241"}],"wp:term":[{"taxonomy":"product_brand","embeddable":true,"href":"https:\/\/skbty.com\/de\/wp-json\/wp\/v2\/product_brand?post=2241"},{"taxonomy":"product_cat","embeddable":true,"href":"https:\/\/skbty.com\/de\/wp-json\/wp\/v2\/product_cat?post=2241"},{"taxonomy":"product_tag","embeddable":true,"href":"https:\/\/skbty.com\/de\/wp-json\/wp\/v2\/product_tag?post=2241"}],"curies":[{"name":"wp","href":"https:\/\/api.w.org\/{rel}","templated":true}]}}