{"id":2247,"date":"2024-01-02T17:32:56","date_gmt":"2024-01-02T09:32:56","guid":{"rendered":"https:\/\/skbty.com\/?post_type=product&#038;p=2247"},"modified":"2024-06-21T13:47:23","modified_gmt":"2024-06-21T05:47:23","slug":"stoswellentherapiegerat","status":"publish","type":"product","link":"https:\/\/skbty.com\/de\/product\/stoswellentherapiegerat\/","title":{"rendered":"Sto\u00dfwellentherapieger\u00e4t"},"content":{"rendered":"<div class=\"J_module\">\n<div class=\"detail-decorate-json-renderer-container\">\n<div class=\"magic-2\">\n<h3 class=\"magic-3\" data-spm-anchor-id=\"a2700.details.0.i82.50633bb0FyaxiD\"><span class=\"magic-5\" data-spm-anchor-id=\"a2700.details.0.i76.50633bb0FyaxiD\">Sto\u00dfwellentherapieger\u00e4t<\/span><\/h3>\n<div class=\"magic-7\">\n<div class=\"magic-8\">\n<div class=\"magic-9\"><span class=\"magic-10\" style=\"font-family: Arial;\">Das Ger\u00e4t zur Sto\u00dfwellentherapie basiert auf der Technologie unfokussierter, niederenergetischer Radialwellen. Dabei handelt es sich um eine Art Schallwelle mit hoher Energie, die Schmerzpunkte sowie Binde- und Muskel-Skelett-Gewebe bei subakuten, subchronischen und chronischen Erkrankungen anspricht.<br \/>\nDiese Energie f\u00f6rdert die Heilungs-, Regenerations- und Reparaturprozesse von Sehnen und Weichteilen. Es ist wissenschaftlich erwiesen, dass unfokussierte niederenergetische Radialwellen einen gro\u00dfen Einfluss auf die Kollagenstruktur und das Bindegewebe der Haut haben und die Durchblutung und den Fettzellstoffwechsel verbessern. Mechanische Massage reduziert \u00d6deme und verbessert die Lymphdrainage. Sie stimuliert die Kollagenbildung, w\u00e4hrend die Haut elastischer wird und ihre Straffung bereits nach wenigen Behandlungen sichtbar ist.<\/span><\/div>\n<\/div>\n<\/div>\n<\/div>\n<\/div>\n<\/div>\n<div class=\"J_module\">\n<div class=\"ife-detail-decorate-table\">\n<table style=\"border-color: #f3f3f3;\" border=\"1\" cellspacing=\"0\" cellpadding=\"0\">\n<tbody>\n<tr>\n<td colspan=\"1\" rowspan=\"1\">\n<div>Name<\/div>\n<\/td>\n<td colspan=\"1\" rowspan=\"1\">\n<div class=\"magic-13\"><span class=\"magic-10\" style=\"font-family: Arial;\">Sto\u00dfwellentherapieger\u00e4t<\/span><\/div>\n<\/td>\n<\/tr>\n<tr>\n<td colspan=\"1\" rowspan=\"1\">\n<div class=\"magic-12\"><span class=\"magic-10\" style=\"font-family: Arial;\">Spezifikation<\/span><\/div>\n<\/td>\n<td colspan=\"1\" rowspan=\"1\">\n<div class=\"magic-13\"><span class=\"magic-10\" style=\"font-family: Arial;\">Alu + Karton 51*41*46 cm,15kg<\/span><\/div>\n<\/td>\n<\/tr>\n<tr>\n<td colspan=\"1\" rowspan=\"1\">\n<div class=\"magic-12\"><span class=\"magic-10\" style=\"font-family: Arial;\">OEM-Dienst<\/span><\/div>\n<\/td>\n<td colspan=\"1\" rowspan=\"1\">\n<div class=\"magic-13\"><span class=\"magic-10\" style=\"font-family: Arial;\">Unterst\u00fctzung<\/span><\/div>\n<\/td>\n<\/tr>\n<tr>\n<td colspan=\"1\" rowspan=\"1\">\n<div class=\"magic-12\"><span class=\"magic-10\" style=\"font-family: Arial;\">Sto\u00dfd\u00e4mpferkopf<\/span><\/div>\n<\/td>\n<td colspan=\"1\" rowspan=\"1\">\n<div class=\"magic-13\"><span class=\"magic-10\" style=\"font-family: Arial;\">5 Sto\u00dfd\u00e4mpferk\u00f6pfe unterschiedlicher Gr\u00f6\u00dfe<\/span><\/div>\n<\/td>\n<\/tr>\n<tr>\n<td colspan=\"1\" rowspan=\"1\">\n<div class=\"magic-12\"><span class=\"magic-10\" style=\"font-family: Arial;\">Eingangsspannung<\/span><\/div>\n<\/td>\n<td colspan=\"1\" rowspan=\"1\">\n<div class=\"magic-13\"><span class=\"magic-10\" style=\"font-family: Arial;\">Wechselstrom 100 V \u2013 240 V, 50 Hz \u2013 60 Hz<\/span><\/div>\n<\/td>\n<\/tr>\n<tr>\n<td colspan=\"1\" rowspan=\"1\">\n<div class=\"magic-12\"><span class=\"magic-10\" style=\"font-family: Arial;\">Frequenz<\/span><\/div>\n<\/td>\n<td colspan=\"1\" rowspan=\"1\">\n<div class=\"magic-13\"><span class=\"magic-10\" style=\"font-family: Arial;\">1 \u2013 16 Hz<\/span><\/div>\n<\/td>\n<\/tr>\n<tr>\n<td colspan=\"1\" rowspan=\"1\">\n<div class=\"magic-12\"><span class=\"magic-10\" style=\"font-family: Arial;\">Energie<\/span><\/div>\n<\/td>\n<td colspan=\"1\" rowspan=\"1\">\n<div class=\"magic-13\"><span class=\"magic-10\" style=\"font-family: Arial;\">50 mJ bis 200 mJ<\/span><\/div>\n<\/td>\n<\/tr>\n<tr>\n<td colspan=\"1\" rowspan=\"1\">\n<div class=\"magic-14\"><span class=\"magic-10\" style=\"font-family: Arial;\">Leistung<\/span><\/div>\n<\/td>\n<td colspan=\"1\" rowspan=\"1\">\n<div class=\"magic-15\"><span class=\"magic-10\" style=\"font-family: Arial;\">230 W<\/span><\/div>\n<\/td>\n<\/tr>\n<tr>\n<td colspan=\"1\" rowspan=\"1\">\n<div class=\"magic-14\"><span class=\"magic-10\" style=\"font-family: Arial;\">Wandler<\/span><\/div>\n<\/td>\n<td colspan=\"1\" rowspan=\"1\">\n<div class=\"magic-15\"><span class=\"magic-10\" style=\"font-family: Arial;\">DS-4.5D, DS-3.0, DS-1.5<\/span><\/div>\n<\/td>\n<\/tr>\n<\/tbody>\n<\/table>\n<\/div>\n<\/div>\n<div class=\"J_module\">\n<div class=\"detail-decorate-json-renderer-container\">\n<div class=\"magic-2\">\n<h3 class=\"magic-3\"><span class=\"magic-5\">Arbeitsprinzip<\/span><\/h3>\n<div class=\"magic-7\">\n<div class=\"magic-8\">\n<div class=\"magic-9\"><span class=\"magic-10\" style=\"font-family: Arial;\">Bei der Sto\u00dfwellentherapie wird eine radiale Sto\u00dfwelle durch die Hautoberfl\u00e4che an das verletzte Gewebe abgegeben. Diese Sto\u00dfwelle l\u00f6st eine entz\u00fcndungs\u00e4hnliche Reaktion im verletzten Gewebe aus und beschleunigt den Heilungsprozess durch die Regeneration der Blutgef\u00e4\u00dfe. Au\u00dferdem lindert sie die Schmerzen des Patienten.<\/span><\/div>\n<\/div>\n<\/div>\n<\/div>\n<\/div>\n<\/div>\n<div class=\"J_module\">\n<div class=\"icbu-pc-images magic-16\">\n<div>\n<div class=\"flex-layout-v\">\n<div class=\"flex-layout-h magic-16\">\n<div class=\"magic-17\"><img loading=\"lazy\" decoding=\"async\" class=\"magic-18 aligncenter\" title=\"Sto\u00dfwellentherapieger\u00e4t\" src=\"https:\/\/sc04.alicdn.com\/kf\/He6b950acc1ff4b17818661ada821f69aR\/247315878\/He6b950acc1ff4b17818661ada821f69aR.png\" alt=\"Sto\u00dfwellentherapieger\u00e4t\" width=\"599\" height=\"298\" data-src=\"\/\/sc04.alicdn.com\/kf\/He6b950acc1ff4b17818661ada821f69aR\/247315878\/He6b950acc1ff4b17818661ada821f69aR.png\" \/><\/div>\n<\/div>\n<\/div>\n<\/div>\n<\/div>\n<\/div>\n<div class=\"J_module\">\n<div class=\"detail-decorate-json-renderer-container\">\n<div class=\"magic-2\">\n<h3 class=\"magic-3\"><span class=\"magic-5\">Funktionen<\/span><\/h3>\n<div class=\"magic-7\">\n<div class=\"magic-8\">\n<div class=\"magic-9\"><span class=\"magic-10\">1. Schmerztriggerpunkte Akute und chronische Schmerzen im R\u00fccken, Schultern, Nacken etc. durch dauerhafte Verk\u00fcrzung und Verdickung der Muskulatur 2. Schienbeinkantensyndrom Entz\u00fcndung der Schienbeinkante durch \u00dcberbeanspruchung 3. Trochanteric Bursitis Schmerzhafte Knochenhautentz\u00fcndung der H\u00fcfte 4. Schmerzen Achillessehnenreizung 5. Fersenschmerzen Fersenschmerzen, meist chronische Entz\u00fcndung 6. Golferellenbogen Schmerzhafte Entz\u00fcndung des Sehnenansatzes am medialen Ellenbogen 7. Patellaspitzensyndrom Entz\u00fcndung der Schienbeinkante durch \u00dcberbeanspruchung<\/span><\/div>\n<\/div>\n<\/div>\n<\/div>\n<\/div>\n<\/div>\n<div class=\"J_module\">\n<div class=\"icbu-pc-images magic-16\">\n<div>\n<div class=\"flex-layout-v\">\n<div class=\"flex-layout-h magic-16\">\n<div class=\"magic-19\"><img loading=\"lazy\" decoding=\"async\" class=\"magic-20 aligncenter\" title=\"Sto\u00dfwellentherapieger\u00e4t\" src=\"https:\/\/sc04.alicdn.com\/kf\/H607aab734c254573ba38ebc1ca329640e\/247315878\/H607aab734c254573ba38ebc1ca329640e.png\" alt=\"Sto\u00dfwellentherapieger\u00e4t\" width=\"618\" height=\"374\" data-src=\"\/\/sc04.alicdn.com\/kf\/H607aab734c254573ba38ebc1ca329640e\/247315878\/H607aab734c254573ba38ebc1ca329640e.png\" \/><\/div>\n<\/div>\n<\/div>\n<\/div>\n<\/div>\n<\/div>\n<div class=\"J_module\">\n<div class=\"detail-decorate-json-renderer-container\">\n<div class=\"magic-2\">\n<h3 class=\"magic-3\"><span class=\"magic-5\">Anwendungen<\/span><\/h3>\n<div class=\"magic-7\">\n<div class=\"magic-8\">\n<div class=\"magic-9\">\n<p><span class=\"magic-10\" style=\"font-family: Arial;\">1) Schmerzen in der Taille oder H\u00fcfte; <\/span><\/p>\n<div><span class=\"magic-10\" style=\"font-family: Arial;\">2) Acillodynie;<br \/>\n3) Patellasehnenentz\u00fcndung;<br \/>\n4) Plantarfasziitis;<br \/>\n5) Tibiakantensyndrom;<br \/>\n6) Trochanter-Tendinitis;<br \/>\n7) Schulterschmerzen, Kalkschulter;<br \/>\n8) Epicondylitis des Radius oder der Ulna humerus.<\/span><\/div>\n<\/div>\n<\/div>\n<\/div>\n<\/div>\n<\/div>\n<\/div>\n<div class=\"J_module\">\n<div class=\"icbu-pc-images magic-16\">\n<div>\n<div class=\"flex-layout-v\">\n<div class=\"flex-layout-h magic-16\">\n<div class=\"magic-21\"><img loading=\"lazy\" decoding=\"async\" class=\"magic-22 aligncenter\" title=\"Sto\u00dfwellentherapieger\u00e4t\" src=\"https:\/\/sc04.alicdn.com\/kf\/Hd48adc8567e94dac84ee1e781b348b989\/247315878\/Hd48adc8567e94dac84ee1e781b348b989.png\" alt=\"Sto\u00dfwellentherapieger\u00e4t\" width=\"605\" height=\"304\" data-src=\"\/\/sc04.alicdn.com\/kf\/Hd48adc8567e94dac84ee1e781b348b989\/247315878\/Hd48adc8567e94dac84ee1e781b348b989.png\" \/><\/div>\n<\/div>\n<\/div>\n<\/div>\n<\/div>\n<\/div>\n<div class=\"J_module\">\n<div class=\"icbu-pc-images magic-16\">\n<div class=\"flex-layout-v\">\n<div class=\"flex-layout-h magic-16\">\n<div class=\"magic-23\"><\/div>\n<\/div>\n<\/div>\n<\/div>\n<\/div>\n<div class=\"J_module\">\n<div class=\"icbu-pc-images magic-16\">\n<div class=\"flex-layout-v\">\n<div class=\"flex-layout-h magic-16\">\n<div class=\"magic-25\"><\/div>\n<\/div>\n<\/div>\n<\/div>\n<\/div>\n<div class=\"J_module\">\n<div class=\"detail-decorate-json-renderer-container\">\n<div class=\"magic-2\">\n<h3 class=\"magic-3\"><span class=\"magic-5\">Vorteile<\/span><\/h3>\n<div class=\"magic-7\">\n<div class=\"magic-8\">\n<div class=\"magic-9\"><span class=\"magic-10\" style=\"font-family: Arial;\">\u2022 Benutzerfreundliches technisches Design, einfach einzustellen und zu bedienen.<br \/>\n\u2022 5-Zoll-Farb-Touchscreen-Design in Spanisch und Englisch, intuitiv und klar.<br \/>\n\u2022 Importiertes Netzteil, um eine sofortige Wirkung sicherzustellen.<br \/>\n\u2022 Auswahl von Druckst\u00f6\u00dfen und Frequenzen zur Erf\u00fcllung der Verarbeitungsanforderungen.<br \/>\n\u2022 Ultraleiser Luftkompressor wird mit Zubeh\u00f6r-Auffangbox geliefert.<br \/>\n\u2022 Einzel- oder Doppelausg\u00e4nge sind optional und es steht eine Vielzahl professioneller Sonden zur Verf\u00fcgung.<br \/>\n\u2022 Es gibt 5 anpassbare voreingestellte Referenzl\u00f6sungen.<\/span><\/div>\n<div>\n<table style=\"border-collapse: collapse; width: 100%;\">\n<tbody>\n<tr>\n<td style=\"width: 50%;\"><img loading=\"lazy\" decoding=\"async\" class=\"magic-24 aligncenter\" title=\"Sto\u00dfwellentherapieger\u00e4t\" src=\"https:\/\/sc04.alicdn.com\/kf\/H78ecdf0172834a4484130cea3e5c9c9eH\/247315878\/H78ecdf0172834a4484130cea3e5c9c9eH.png\" alt=\"Sto\u00dfwellentherapieger\u00e4t\" width=\"637\" height=\"317\" data-src=\"\/\/sc04.alicdn.com\/kf\/H78ecdf0172834a4484130cea3e5c9c9eH\/247315878\/H78ecdf0172834a4484130cea3e5c9c9eH.png\" \/><\/td>\n<td style=\"width: 50%;\"><img loading=\"lazy\" decoding=\"async\" class=\"magic-26 aligncenter\" title=\"Sto\u00dfwellentherapieger\u00e4t\" src=\"https:\/\/sc04.alicdn.com\/kf\/H045f5a0271b6446a885106ee1cafcac6R\/247315878\/H045f5a0271b6446a885106ee1cafcac6R.png\" alt=\"Sto\u00dfwellentherapieger\u00e4t\" width=\"800\" height=\"382\" data-src=\"\/\/sc04.alicdn.com\/kf\/H045f5a0271b6446a885106ee1cafcac6R\/247315878\/H045f5a0271b6446a885106ee1cafcac6R.png\" \/><\/td>\n<\/tr>\n<\/tbody>\n<\/table>\n<h3><strong>Anpassen Logo<\/strong><\/h3>\n<p>Wollen, machen Ihre Marke stand heraus? Wir bieten angepasst logo Dienstleistungen zu helfen Sie erstellen Sie eine einzigartige und personalisierte logo spiegelt Ihre Marke Identit\u00e4t. Unser team von Experten arbeiten eng mit Ihnen zusammen, um ein logo zu entwerfen, die in Resonanz mit Ihrer Marke und messaging. Egal, ob Sie Umbau Ihres bestehenden Logos oder eine neue erstellen von Grund auf neu, wir haben Sie abgedeckt. <a href=\"\/de\/kontakt\/\">Kontaktieren Sie uns<\/a> heute erfahren Sie mehr \u00fcber unsere ma\u00dfgeschneiderten logo-Service!<\/p>\n<\/div>\n<\/div>\n<\/div>\n<\/div>\n<\/div>\n<\/div>","protected":false},"excerpt":{"rendered":"<p><span class=\"magic-10\" style=\"font-family: Arial;\">Ger\u00e4te zur Sto\u00dfwellentherapie basieren auf der Technologie unfokussierter, niederenergetischer Radialwellen. Dabei handelt es sich um eine Art Schallwelle mit hoher Energie, die Schmerzpunkte sowie Binde- und Muskel-Skelett-Gewebe bei subakuten, subchronischen und chronischen Erkrankungen anspricht.<br \/>\nDiese Energie f\u00f6rdert die Heilungs-, Regenerations- und Reparaturprozesse von Sehnen und Weichteilen. Es ist wissenschaftlich erwiesen, dass unfokussierte niederenergetische Radialwellen einen gro\u00dfen Einfluss auf die Kollagenstruktur und das Bindegewebe der Haut haben und die Durchblutung und den Fettzellstoffwechsel verbessern. Mechanische Massage reduziert \u00d6deme und verbessert die Lymphdrainage. Sie stimuliert die Kollagenbildung, w\u00e4hrend die Haut elastischer wird und ihre Straffung bereits nach wenigen Behandlungen sichtbar ist.<\/span><\/p>","protected":false},"featured_media":2248,"comment_status":"open","ping_status":"closed","template":"","meta":{"_kad_post_transparent":"default","_kad_post_title":"","_kad_post_layout":"default","_kad_post_sidebar_id":"","_kad_post_content_style":"default","_kad_post_vertical_padding":"default","_kad_post_feature":"","_kad_post_feature_position":"","_kad_post_header":false,"_kad_post_footer":false,"_kad_post_classname":"","rank_math_title":"","rank_math_description":"","rank_math_focus_keyword":""},"product_brand":[],"product_cat":[65],"product_tag":[],"class_list":{"0":"post-2247","1":"product","2":"type-product","3":"status-publish","4":"has-post-thumbnail","6":"product_cat-shock-wave","8":"first","9":"instock","10":"shipping-taxable","11":"product-type-simple","12":"entry","13":"content-bg","14":"loop-entry"},"_links":{"self":[{"href":"https:\/\/skbty.com\/de\/wp-json\/wp\/v2\/product\/2247","targetHints":{"allow":["GET"]}}],"collection":[{"href":"https:\/\/skbty.com\/de\/wp-json\/wp\/v2\/product"}],"about":[{"href":"https:\/\/skbty.com\/de\/wp-json\/wp\/v2\/types\/product"}],"replies":[{"embeddable":true,"href":"https:\/\/skbty.com\/de\/wp-json\/wp\/v2\/comments?post=2247"}],"wp:featuredmedia":[{"embeddable":true,"href":"https:\/\/skbty.com\/de\/wp-json\/wp\/v2\/media\/2248"}],"wp:attachment":[{"href":"https:\/\/skbty.com\/de\/wp-json\/wp\/v2\/media?parent=2247"}],"wp:term":[{"taxonomy":"product_brand","embeddable":true,"href":"https:\/\/skbty.com\/de\/wp-json\/wp\/v2\/product_brand?post=2247"},{"taxonomy":"product_cat","embeddable":true,"href":"https:\/\/skbty.com\/de\/wp-json\/wp\/v2\/product_cat?post=2247"},{"taxonomy":"product_tag","embeddable":true,"href":"https:\/\/skbty.com\/de\/wp-json\/wp\/v2\/product_tag?post=2247"}],"curies":[{"name":"wp","href":"https:\/\/api.w.org\/{rel}","templated":true}]}}