{"id":2255,"date":"2024-01-04T10:26:26","date_gmt":"2024-01-04T02:26:26","guid":{"rendered":"https:\/\/skbty.com\/?post_type=product&#038;p=2255"},"modified":"2024-06-21T13:43:34","modified_gmt":"2024-06-21T05:43:34","slug":"stoswellentherapiegerat-2","status":"publish","type":"product","link":"https:\/\/skbty.com\/de\/product\/stoswellentherapiegerat-2\/","title":{"rendered":"Sto\u00dfwellentherapieger\u00e4t"},"content":{"rendered":"<div class=\"J_module\">\n<div class=\"detail-decorate-json-renderer-container\">\n<div class=\"magic-2\">\n<h3 class=\"magic-3\"><span class=\"magic-5\" data-spm-anchor-id=\"a2700.details.0.i82.7edd1dbaa0NNx7\">Was ist ein Sto\u00dfwellentherapieger\u00e4t?<\/span><\/h3>\n<div class=\"magic-7\">\n<div class=\"magic-8\">\n<div>Das Sto\u00dfwellentherapieger\u00e4t ist ein vielseitiges Physiotherapie-Massageger\u00e4t, das in der Orthop\u00e4die, Sportmedizin, Urologie, Veterin\u00e4rmedizin und anderen Bereichen weit verbreitet ist. Es bietet schnelle Schmerzlinderung und verbesserte Mobilit\u00e4tswiederherstellung ohne Operation oder Schmerzmittel und ist daher ideal f\u00fcr die Behandlung akuter und chronischer Schmerzen.<\/div>\n<div><\/div>\n<div class=\"magic-9\"><span class=\"magic-10\" style=\"font-family: Arial;\">Eine Sto\u00dfwelle ist eine Druckwelle \u2013 alles, was das Medium um sie herum bewegt, ist eine Sto\u00dfwelle. Wenn ein Stein in einen Teich geworfen wird, werden die erzeugten Wellen Sto\u00dfwellen genannt. Die in der Pferdemedizin verwendete Sto\u00dfwelle wird in einem fl\u00fcssigen Medium im Kopf des Wandlers erzeugt und bewegt sich dann leicht durch Haut, Fett und Muskeln. Hochenergetische Wellen werden im Kopf des Wandlers konzentriert, sodass die Sto\u00dfwelle genau auf den verletzten Bereich gerichtet werden kann. Wenn eine Sto\u00dfwelle auf einen Bereich mit hoher akustischer Impedanz wie Knochen trifft, verlangsamt sich die Sto\u00dfwelle dramatisch und eine gro\u00dfe Menge Energie wird in das umliegende Gewebe freigesetzt.<\/span><\/div>\n<\/div>\n<\/div>\n<\/div>\n<\/div>\n<\/div>\n<div class=\"J_module\">\n<div class=\"ife-detail-decorate-table\">\n<table style=\"border-color: #f3f3f3;\" border=\"1\" cellspacing=\"0\" cellpadding=\"0\">\n<tbody>\n<tr>\n<td colspan=\"1\" rowspan=\"1\">\n<div>Name<\/div>\n<\/td>\n<td colspan=\"1\" rowspan=\"1\">\n<div>Sto\u00dfwellentherapieger\u00e4t<\/div>\n<\/td>\n<\/tr>\n<tr>\n<td colspan=\"1\" rowspan=\"1\">\n<div class=\"magic-12\"><span class=\"magic-10\" style=\"font-family: Arial;\">Typ<\/span><\/div>\n<\/td>\n<td colspan=\"1\" rowspan=\"1\">\n<div class=\"magic-13\"><span class=\"magic-10\" style=\"font-family: Arial;\">HANDGEHALTEN<\/span><\/div>\n<\/td>\n<\/tr>\n<tr>\n<td colspan=\"1\" rowspan=\"1\">\n<div class=\"magic-12\"><span class=\"magic-10\" style=\"font-family: Arial;\">OEM-Dienst<\/span><\/div>\n<\/td>\n<td colspan=\"1\" rowspan=\"1\">\n<div class=\"magic-13\"><span class=\"magic-10\" style=\"font-family: Arial;\">Unterst\u00fctzung<\/span><\/div>\n<\/td>\n<\/tr>\n<tr>\n<td colspan=\"1\" rowspan=\"1\">\n<div class=\"magic-12\"><span class=\"magic-10\" style=\"font-family: Arial;\">Sto\u00dfd\u00e4mpferkopf<\/span><\/div>\n<\/td>\n<td colspan=\"1\" rowspan=\"1\">\n<div class=\"magic-13\"><span class=\"magic-10\" style=\"font-family: Arial;\">7 Sto\u00dfd\u00e4mpferkopf\u00a0<\/span><\/div>\n<\/td>\n<\/tr>\n<tr>\n<td colspan=\"1\" rowspan=\"1\">\n<div class=\"magic-12\"><span class=\"magic-10\" style=\"font-family: Arial;\">Eingangsspannung<\/span><\/div>\n<\/td>\n<td colspan=\"1\" rowspan=\"1\">\n<div class=\"magic-13\"><span class=\"magic-10\" style=\"font-family: Arial;\">Wechselstrom 100 V \u2013 230 V\/50 \u2013 60 Hz<\/span><\/div>\n<\/td>\n<\/tr>\n<tr>\n<td colspan=\"1\" rowspan=\"1\">\n<div class=\"magic-12\"><span class=\"magic-10\" style=\"font-family: Arial;\">Frequenz<\/span><\/div>\n<\/td>\n<td colspan=\"1\" rowspan=\"1\">\n<div class=\"magic-13\"><span class=\"magic-10\" style=\"font-family: Arial;\">1 \u2013 16 Hz<\/span><\/div>\n<\/td>\n<\/tr>\n<tr>\n<td colspan=\"1\" rowspan=\"1\">\n<div class=\"magic-12\"><span class=\"magic-10\" style=\"font-family: Arial;\">Leistung<\/span><\/div>\n<\/td>\n<td colspan=\"1\" rowspan=\"1\">\n<div class=\"magic-13\"><span class=\"magic-10\" style=\"font-family: Arial;\">350 W<\/span><\/div>\n<\/td>\n<\/tr>\n<tr>\n<td colspan=\"1\" rowspan=\"1\">\n<div class=\"magic-14\"><span class=\"magic-10\" style=\"font-family: Arial;\">Wasserdicht<\/span><\/div>\n<\/td>\n<td colspan=\"1\" rowspan=\"1\">\n<div class=\"magic-15\"><span class=\"magic-10\" style=\"font-family: Arial;\">NEIN<\/span><\/div>\n<\/td>\n<\/tr>\n<tr>\n<td colspan=\"1\" rowspan=\"1\">\n<div class=\"magic-14\"><span class=\"magic-10\" style=\"font-family: Arial;\">Material<\/span><\/div>\n<\/td>\n<td colspan=\"1\" rowspan=\"1\">\n<div class=\"magic-15\"><span class=\"magic-10\" style=\"font-family: Arial;\">ABS, Aluminium<\/span><\/div>\n<\/td>\n<\/tr>\n<\/tbody>\n<\/table>\n<\/div>\n<\/div>\n<div class=\"J_module\">\n<div class=\"detail-decorate-json-renderer-container\">\n<div class=\"magic-2\">\n<h3 class=\"magic-3\"><span class=\"magic-5\">Arbeitsprinzip<\/span><\/h3>\n<div class=\"magic-7\">\n<div class=\"magic-8\">\n<div class=\"magic-9\">\n<div><span class=\"magic-10\" style=\"font-family: Arial;\">Durch die gezielte Anwendung von Sto\u00dfwellen ist der Druck auf das umliegende Gewebe relativ gering und der K\u00f6rper wird durch das Medikament nicht belastet, au\u00dfer durch kurzfristige Effekte bei lokaler An\u00e4sthesie; Vermeidung der M\u00f6glichkeit eines chirurgischen Eingriffs und der damit verbundenen Gefahren; Bei einigen Indikationen, wie z. B. Tennisarm. Es gibt wirklich keine andere wirksame Behandlung<\/span><\/div>\n<\/div>\n<\/div>\n<\/div>\n<\/div>\n<\/div>\n<\/div>\n<div class=\"J_module\">\n<div class=\"detail-decorate-json-renderer-container\">\n<div class=\"magic-2\">\n<h3 class=\"magic-3\"><span class=\"magic-5\">Funktionen<\/span><\/h3>\n<div class=\"magic-7\">\n<div class=\"magic-8\">\n<div class=\"magic-9\"><span class=\"magic-10\">1\uff09Physiotherapie lindert Schmerzen <\/span><\/div>\n<div class=\"magic-9\"><span class=\"magic-10\">2) Ganzk\u00f6rpermassage <\/span><\/div>\n<div class=\"magic-9\"><span class=\"magic-10\">3\uff09Muskelrelaxantien zur Linderung von M\u00fcdigkeit <\/span><\/div>\n<div class=\"magic-9\"><span class=\"magic-10\">4) Professionelle ED-Behandlung<\/span><\/div>\n<\/div>\n<\/div>\n<\/div>\n<\/div>\n<\/div>\n<div class=\"J_module\">\n<div class=\"icbu-pc-images magic-16\">\n<div>\n<div class=\"flex-layout-v\">\n<div class=\"flex-layout-h magic-16\">\n<div class=\"magic-17\"><img loading=\"lazy\" decoding=\"async\" class=\"magic-18 aligncenter\" title=\"Sto\u00dfwellentherapieger\u00e4t\" src=\"https:\/\/sc04.alicdn.com\/kf\/Hc99b5e9c57e34cea86ed764c118bb322f\/247315878\/Hc99b5e9c57e34cea86ed764c118bb322f.png\" alt=\"Sto\u00dfwellentherapieger\u00e4t\" width=\"513\" height=\"393\" data-src=\"\/\/sc04.alicdn.com\/kf\/Hc99b5e9c57e34cea86ed764c118bb322f\/247315878\/Hc99b5e9c57e34cea86ed764c118bb322f.png\" \/><\/div>\n<\/div>\n<\/div>\n<\/div>\n<\/div>\n<\/div>\n<div class=\"J_module\">\n<div class=\"detail-decorate-json-renderer-container\">\n<div class=\"magic-2\">\n<h3 class=\"magic-3\"><span class=\"magic-5\">Anwendungen<\/span><\/h3>\n<div class=\"magic-7\">\n<div class=\"magic-8\">\n<div class=\"magic-9\">\n<p>1) Schmerzlinderung<br \/>\n2) Liquidit\u00e4tswiederherstellung<br \/>\n3) Beschleunigte Heilung<br \/>\n4) ED-Behandlung<\/p>\n<\/div>\n<\/div>\n<\/div>\n<\/div>\n<\/div>\n<\/div>\n<div class=\"J_module\">\n<div class=\"detail-decorate-json-renderer-container\">\n<div class=\"magic-2\">\n<h3 class=\"magic-3\"><span class=\"magic-5\">Vorteile<\/span><\/h3>\n<div class=\"magic-7\">\n<div class=\"magic-8\">\n<div class=\"magic-9\"><span class=\"magic-10\" style=\"font-family: Arial;\">1. Umfangreiche Funktionen Es lindert Muskelschmerzen und verbessert die Durchblutung. Ausgestattet mit einer Vielzahl von Ausgangskonverterk\u00f6pfen, die sich flexibel an verschiedene K\u00f6rperteile anpassen.<\/span><\/div>\n<div class=\"magic-9\"><span class=\"magic-10\" style=\"font-family: Arial;\"> 2. Leicht und einfach zu tragen. Leicht und praktisch, geeignet f\u00fcr die Familie, Reha-Zentren, Kliniken und Gesundheitszentren. <\/span><\/div>\n<div class=\"magic-9\"><span class=\"magic-10\" style=\"font-family: Arial;\">3. Wirtschaftliche Vorteile.<\/span><\/div>\n<\/div>\n<\/div>\n<\/div>\n<\/div>\n<\/div>\n<div class=\"J_module\">\n<div class=\"icbu-pc-images magic-16\">\n<div>\n<div class=\"flex-layout-v\">\n<div class=\"flex-layout-h magic-16\">\n<div class=\"magic-19\"><img loading=\"lazy\" decoding=\"async\" class=\"magic-20 aligncenter\" title=\"Sto\u00dfwellentherapieger\u00e4t\" src=\"https:\/\/sc04.alicdn.com\/kf\/Hddfc25d27dbd4f47930e1df40f5aacacC\/247315878\/Hddfc25d27dbd4f47930e1df40f5aacacC.jpg\" alt=\"Sto\u00dfwellentherapieger\u00e4t\" width=\"546\" height=\"451\" data-src=\"\/\/sc04.alicdn.com\/kf\/Hddfc25d27dbd4f47930e1df40f5aacacC\/247315878\/Hddfc25d27dbd4f47930e1df40f5aacacC.jpg\" \/><\/div>\n<\/div>\n<\/div>\n<\/div>\n<\/div>\n<\/div>\n<div class=\"J_module\">\n<div class=\"detail-decorate-json-renderer-container\">\n<div class=\"magic-2\">\n<h3 class=\"magic-3\"><span class=\"magic-21\">Auswirkungen<\/span><\/h3>\n<div class=\"magic-7\">\n<div class=\"magic-8\">\n<div class=\"magic-9\"><span class=\"magic-10\" style=\"font-family: Arial;\">Zellul\u00e4re Wirkung: Steigerung der Zellmembrandurchl\u00e4ssigkeit durch Verbesserung der Ionenkan\u00e4le, Stimulation der Zellteilung, Stimulation der Produktion zellul\u00e4rer Zytokine. Gef\u00e4\u00dfneubildung im Sehnen- und Muskelbereich: Verbesserung der Durchblutung, Erh\u00f6hung der Konzentration des Wachstumsfaktors Beta 1, chemotaktische und mitogene Wirkung auf Osteoblasten. Wirkung auf das Stickoxidsystem: Knochenheilung und -umbau. Verbesserung der Makrozirkulation und des Stoffwechsels. Aufl\u00f6sung verkalkter Fibroblasten. Unterst\u00fctzt die Produktion von Kollagen. Senkung der Gewebespannung. Analgetische Wirkung.<\/span><\/div>\n<\/div>\n<\/div>\n<\/div>\n<\/div>\n<\/div>\n<div class=\"J_module\">\n<div class=\"icbu-pc-images magic-16\">\n<div>\n<div class=\"flex-layout-v\">\n<div class=\"flex-layout-h magic-16\">\n<div class=\"magic-22\"><img loading=\"lazy\" decoding=\"async\" class=\"magic-23 aligncenter\" title=\"Sto\u00dfwellentherapieger\u00e4t\" src=\"https:\/\/sc04.alicdn.com\/kf\/H7bc652bfa81f4218b05987f8fed645e5z\/247315878\/H7bc652bfa81f4218b05987f8fed645e5z.png\" alt=\"Sto\u00dfwellentherapieger\u00e4t\" width=\"543\" height=\"405\" data-src=\"\/\/sc04.alicdn.com\/kf\/H7bc652bfa81f4218b05987f8fed645e5z\/247315878\/H7bc652bfa81f4218b05987f8fed645e5z.png\" \/><\/div>\n<\/div>\n<\/div>\n<\/div>\n<\/div>\n<\/div>\n<div class=\"J_module\">\n<div class=\"icbu-pc-images magic-16\">\n<div>\n<div class=\"flex-layout-v\">\n<div class=\"flex-layout-h magic-16\">\n<div class=\"magic-24\"><img loading=\"lazy\" decoding=\"async\" class=\"magic-25 aligncenter\" title=\"Sto\u00dfwellentherapieger\u00e4t\" src=\"https:\/\/sc04.alicdn.com\/kf\/Ha5f7f100cf5045faaf70928dfed338d6M\/247315878\/Ha5f7f100cf5045faaf70928dfed338d6M.png\" alt=\"Sto\u00dfwellentherapieger\u00e4t\" width=\"522\" height=\"382\" data-src=\"\/\/sc04.alicdn.com\/kf\/Ha5f7f100cf5045faaf70928dfed338d6M\/247315878\/Ha5f7f100cf5045faaf70928dfed338d6M.png\" \/><\/div>\n<div>\n<h3><strong>Anpassen Logo<\/strong><\/h3>\n<p>Wollen, machen Ihre Marke stand heraus? Wir bieten angepasst logo Dienstleistungen zu helfen Sie erstellen Sie eine einzigartige und personalisierte logo spiegelt Ihre Marke Identit\u00e4t. Unser team von Experten arbeiten eng mit Ihnen zusammen, um ein logo zu entwerfen, die in Resonanz mit Ihrer Marke und messaging. Egal, ob Sie Umbau Ihres bestehenden Logos oder eine neue erstellen von Grund auf neu, wir haben Sie abgedeckt. <a href=\"\/de\/kontakt\/\">Kontaktieren Sie uns<\/a> heute erfahren Sie mehr \u00fcber unsere ma\u00dfgeschneiderten logo-Service!<\/p>\n<\/div>\n<\/div>\n<\/div>\n<\/div>\n<\/div>\n<\/div>","protected":false},"excerpt":{"rendered":"<p><span class=\"magic-10\" style=\"font-family: Arial;\">Eine Sto\u00dfwelle ist eine Druckwelle \u2013 alles, was das Medium um sie herum bewegt, ist eine Sto\u00dfwelle. Wenn ein Stein in einen Teich geworfen wird, werden die erzeugten Wellen Sto\u00dfwellen genannt. Die in der Pferdemedizin verwendete Sto\u00dfwelle wird in einem fl\u00fcssigen Medium im Kopf des Wandlers erzeugt und bewegt sich dann leicht durch Haut, Fett und Muskeln. Hochenergetische Wellen werden im Kopf des Wandlers konzentriert, sodass die Sto\u00dfwelle genau auf den verletzten Bereich gerichtet werden kann. Wenn eine Sto\u00dfwelle auf einen Bereich mit hoher akustischer Impedanz wie Knochen trifft, verlangsamt sich die Sto\u00dfwelle dramatisch und eine gro\u00dfe Menge Energie wird in das umliegende Gewebe freigesetzt.<\/span><\/p>","protected":false},"featured_media":2256,"comment_status":"open","ping_status":"closed","template":"","meta":{"_kad_post_transparent":"default","_kad_post_title":"","_kad_post_layout":"default","_kad_post_sidebar_id":"","_kad_post_content_style":"default","_kad_post_vertical_padding":"default","_kad_post_feature":"","_kad_post_feature_position":"","_kad_post_header":false,"_kad_post_footer":false,"_kad_post_classname":"","rank_math_title":"","rank_math_description":"","rank_math_focus_keyword":""},"product_brand":[],"product_cat":[65],"product_tag":[],"class_list":{"0":"post-2255","1":"product","2":"type-product","3":"status-publish","4":"has-post-thumbnail","6":"product_cat-shock-wave","8":"first","9":"instock","10":"shipping-taxable","11":"product-type-simple","12":"entry","13":"content-bg","14":"loop-entry"},"_links":{"self":[{"href":"https:\/\/skbty.com\/de\/wp-json\/wp\/v2\/product\/2255","targetHints":{"allow":["GET"]}}],"collection":[{"href":"https:\/\/skbty.com\/de\/wp-json\/wp\/v2\/product"}],"about":[{"href":"https:\/\/skbty.com\/de\/wp-json\/wp\/v2\/types\/product"}],"replies":[{"embeddable":true,"href":"https:\/\/skbty.com\/de\/wp-json\/wp\/v2\/comments?post=2255"}],"wp:featuredmedia":[{"embeddable":true,"href":"https:\/\/skbty.com\/de\/wp-json\/wp\/v2\/media\/2256"}],"wp:attachment":[{"href":"https:\/\/skbty.com\/de\/wp-json\/wp\/v2\/media?parent=2255"}],"wp:term":[{"taxonomy":"product_brand","embeddable":true,"href":"https:\/\/skbty.com\/de\/wp-json\/wp\/v2\/product_brand?post=2255"},{"taxonomy":"product_cat","embeddable":true,"href":"https:\/\/skbty.com\/de\/wp-json\/wp\/v2\/product_cat?post=2255"},{"taxonomy":"product_tag","embeddable":true,"href":"https:\/\/skbty.com\/de\/wp-json\/wp\/v2\/product_tag?post=2255"}],"curies":[{"name":"wp","href":"https:\/\/api.w.org\/{rel}","templated":true}]}}