{"id":2263,"date":"2024-01-04T10:32:32","date_gmt":"2024-01-04T02:32:32","guid":{"rendered":"https:\/\/skbty.com\/?post_type=product&#038;p=2263"},"modified":"2024-06-21T12:12:46","modified_gmt":"2024-06-21T04:12:46","slug":"stoswellentherapiegerat-3","status":"publish","type":"product","link":"https:\/\/skbty.com\/de\/product\/stoswellentherapiegerat-3\/","title":{"rendered":"Sto\u00dfwellentherapieger\u00e4t"},"content":{"rendered":"<div class=\"J_module\">\n<div class=\"detail-decorate-json-renderer-container\">\n<div class=\"magic-2\">\n<h3 class=\"magic-3\"><span class=\"magic-5\">Sto\u00dfwellentherapieger\u00e4t<\/span><\/h3>\n<div class=\"magic-7\">\n<div class=\"magic-8\">\n<div class=\"magic-9\"><span class=\"magic-10\" style=\"font-family: Arial;\">Sto\u00dfwellentherapieger\u00e4te nutzen das ballistische Prinzip der Sto\u00dfwellenerzeugung: Sie verwenden beschleunigte Druckluft, um durch ein Sto\u00dfwellenger\u00e4t eine Druckwelle zu erzeugen. Druckluft wird von einem elektronisch gesteuerten ballistischen Druckkompressor erzeugt. Durch elastische St\u00f6\u00dfe wird die kinetische Energie des Sto\u00dfwellenger\u00e4ts in die Sonde des Behandlungsger\u00e4ts \u00fcbertragen und gelangt dann in den K\u00f6rper des Patienten. Daher muss die Spitze des Endapplikators w\u00e4hrend der Behandlung in direktem Kontakt mit der Haut und dem Unterhautgewebe stehen. Sto\u00dfwellen zielen auf die betroffenen Bereiche an der Ursache chronischer Schmerzen. Die Wirkung der Sto\u00dfwelle l\u00f6st Kalkablagerungen auf und f\u00fchrt zu einer besseren Gef\u00e4\u00dfversorgung. Die Nachwirkung ist Schmerzlinderung.<\/span><\/div>\n<\/div>\n<\/div>\n<\/div>\n<\/div>\n<\/div>\n<div class=\"J_module\">\n<div class=\"ife-detail-decorate-table\">\n<table style=\"border-color: #f3f3f3;\" border=\"1\" cellspacing=\"0\" cellpadding=\"0\">\n<tbody>\n<tr>\n<td colspan=\"1\" rowspan=\"1\">\n<div class=\"magic-12\"><span class=\"magic-10\" style=\"font-family: Arial;\">Name<\/span><\/div>\n<\/td>\n<td colspan=\"1\" rowspan=\"1\">\n<div class=\"magic-13\"><span class=\"magic-10\" style=\"font-family: Arial;\">Sto\u00dfwellentherapieger\u00e4t<\/span><\/div>\n<\/td>\n<\/tr>\n<tr>\n<td colspan=\"1\" rowspan=\"1\">\n<div class=\"magic-12\"><span class=\"magic-10\" style=\"font-family: Arial;\">Betriebsart<\/span><\/div>\n<\/td>\n<td colspan=\"1\" rowspan=\"1\">\n<div class=\"magic-13\"><span class=\"magic-10\" style=\"font-family: Arial;\">Kontinuierliche 4\/8\/16 Impulse<\/span><\/div>\n<\/td>\n<\/tr>\n<tr>\n<td colspan=\"1\" rowspan=\"1\">\n<div class=\"magic-12\"><span class=\"magic-10\" style=\"font-family: Arial;\">Leistungsstufen \/ Energie<\/span><\/div>\n<\/td>\n<td colspan=\"1\" rowspan=\"1\">\n<div class=\"magic-13\"><span class=\"magic-10\" style=\"font-family: Arial;\">60 bis 185 mJ (entspricht 1-3 bar)<\/span><\/div>\n<\/td>\n<\/tr>\n<tr>\n<td colspan=\"1\" rowspan=\"1\">\n<div class=\"magic-12\"><span class=\"magic-10\" style=\"font-family: Arial;\">Eingangsspannung<\/span><\/div>\n<\/td>\n<td colspan=\"1\" rowspan=\"1\">\n<div class=\"magic-13\"><span class=\"magic-10\" style=\"font-family: Arial;\">Wechselstrom 100 V \u2013 230 V\/50 \u2013 60 Hz<\/span><\/div>\n<\/td>\n<\/tr>\n<tr>\n<td colspan=\"1\" rowspan=\"1\">\n<div class=\"magic-12\"><span class=\"magic-10\" style=\"font-family: Arial;\">Frequenz<\/span><\/div>\n<\/td>\n<td colspan=\"1\" rowspan=\"1\">\n<div class=\"magic-13\"><span class=\"magic-10\" style=\"font-family: Arial;\">1 \u2013 16 Hz<\/span><\/div>\n<\/td>\n<\/tr>\n<tr>\n<td colspan=\"1\" rowspan=\"1\">\n<div class=\"magic-12\"><span class=\"magic-10\" style=\"font-family: Arial;\">Leistung<\/span><\/div>\n<\/td>\n<td colspan=\"1\" rowspan=\"1\">\n<div class=\"magic-13\"><span class=\"magic-10\" style=\"font-family: Arial;\">500 VA (350 W)<\/span><\/div>\n<\/td>\n<\/tr>\n<tr>\n<td colspan=\"1\" rowspan=\"1\">\n<div class=\"magic-14\"><span class=\"magic-10\" style=\"font-family: Arial;\">Stromversorgung<\/span><\/div>\n<\/td>\n<td colspan=\"1\" rowspan=\"1\">\n<div class=\"magic-15\"><span class=\"magic-10\" style=\"font-family: Arial;\">Wechselstrom 100 V-110 V\/Wechselstrom 220 V-230 V, 50 Hz\/60 Hz<\/span><\/div>\n<\/td>\n<\/tr>\n<\/tbody>\n<\/table>\n<\/div>\n<\/div>\n<div><\/div>\n<div><\/div>\n<div class=\"J_module\">\n<div class=\"icbu-pc-images magic-16\">\n<div>\n<div class=\"flex-layout-v\">\n<div class=\"flex-layout-h magic-16\">\n<div class=\"magic-17\"><img loading=\"lazy\" decoding=\"async\" class=\"magic-18 aligncenter\" title=\"Sto\u00dfwellentherapieger\u00e4t\" src=\"https:\/\/sc04.alicdn.com\/kf\/H91563583a425465b824a93689d14eecel\/247315878\/H91563583a425465b824a93689d14eecel.png\" alt=\"Sto\u00dfwellentherapieger\u00e4t\" width=\"582\" height=\"493\" data-src=\"\/\/sc04.alicdn.com\/kf\/H91563583a425465b824a93689d14eecel\/247315878\/H91563583a425465b824a93689d14eecel.png\" \/><\/div>\n<\/div>\n<\/div>\n<\/div>\n<\/div>\n<\/div>\n<div class=\"J_module\">\n<div class=\"detail-decorate-json-renderer-container\">\n<div class=\"magic-2\">\n<h3 class=\"magic-3\"><span class=\"magic-5\">Arbeitsprinzip<\/span><\/h3>\n<div class=\"magic-7\">\n<div class=\"magic-8\">\n<div class=\"magic-9\">\n<div><span class=\"magic-10\" style=\"font-family: Arial;\">Unter Verwendung der Eigenschaften der SW10-Sto\u00dfwellentherapie betr\u00e4gt die Frequenz 1\u201316 Hz, kann bis zu 8 cm unter die Haut reichen, wirkt auf das Periost, um W\u00e4rme zu erzeugen, und die momentane Temperatur erreicht 43 \u00b0C, w\u00e4hrend gleichzeitig die Durchblutung verbessert wird.<\/span><\/div>\n<\/div>\n<\/div>\n<\/div>\n<\/div>\n<\/div>\n<\/div>\n<div class=\"J_module\">\n<div class=\"icbu-pc-images magic-16\">\n<div>\n<div class=\"flex-layout-v\">\n<div class=\"flex-layout-h magic-16\">\n<div class=\"magic-19\"><img loading=\"lazy\" decoding=\"async\" class=\"magic-20 aligncenter\" title=\"Sto\u00dfwellentherapieger\u00e4t\" src=\"https:\/\/sc04.alicdn.com\/kf\/Hbcf11c300ed54ecb9abbdce10822cfe0l\/247315878\/Hbcf11c300ed54ecb9abbdce10822cfe0l.png\" alt=\"Sto\u00dfwellentherapieger\u00e4t\" width=\"578\" height=\"356\" data-src=\"\/\/sc04.alicdn.com\/kf\/Hbcf11c300ed54ecb9abbdce10822cfe0l\/247315878\/Hbcf11c300ed54ecb9abbdce10822cfe0l.png\" \/><\/div>\n<\/div>\n<\/div>\n<\/div>\n<\/div>\n<\/div>\n<div class=\"J_module\">\n<div class=\"detail-decorate-json-renderer-container\">\n<div class=\"magic-2\">\n<h3 class=\"magic-3\"><span class=\"magic-5\">Vorteile<\/span><\/h3>\n<div class=\"magic-7\">\n<div class=\"magic-8\">\n<div class=\"magic-9\"><span class=\"magic-10\" style=\"font-family: Arial;\">1\uff09 Keine An\u00e4sthesie, kein Trauma, keine Medikamente, keine Operation <\/span><\/div>\n<div class=\"magic-9\"><span class=\"magic-10\" style=\"font-family: Arial;\">2\uff09 Nachgewiesene klinische Ergebnisse. Geeignet f\u00fcr andere urologische Anwendungen <\/span><\/div>\n<div class=\"magic-9\"><span class=\"magic-10\" style=\"font-family: Arial;\">3) Effektive Behandlung von ED-Symptomen. <\/span><\/div>\n<div class=\"magic-9\"><span class=\"magic-10\" style=\"font-family: Arial;\">4) Reparatur besch\u00e4digten Penisgewebes. <\/span><\/div>\n<div class=\"magic-9\"><span class=\"magic-10\" style=\"font-family: Arial;\">5\uff09 Schnelle Behandlung \u2013 jeweils 15 Minuten, 3-4 Behandlungen sind erforderlich <\/span><\/div>\n<div class=\"magic-9\"><span class=\"magic-10\" style=\"font-family: Arial;\">6\uff09 Reduzieren Sie m\u00f6gliche Komplikationen <\/span><\/div>\n<div class=\"magic-9\"><span class=\"magic-10\" style=\"font-family: Arial;\">7\uff09Der klinische Effekt war 6-8 Wochen nach der Behandlung signifikant<\/span><\/div>\n<\/div>\n<\/div>\n<\/div>\n<\/div>\n<\/div>\n<div class=\"J_module\">\n<div class=\"icbu-pc-images magic-16\">\n<div>\n<div class=\"flex-layout-v\">\n<div class=\"flex-layout-h magic-16\">\n<div class=\"magic-21\"><img loading=\"lazy\" decoding=\"async\" class=\"magic-22 aligncenter\" title=\"Sto\u00dfwellentherapieger\u00e4t\" src=\"https:\/\/sc04.alicdn.com\/kf\/H47a99e5a16924074a73cf8078ddffff6p\/247315878\/H47a99e5a16924074a73cf8078ddffff6p.png\" alt=\"Sto\u00dfwellentherapieger\u00e4t\" width=\"597\" height=\"454\" data-src=\"\/\/sc04.alicdn.com\/kf\/H47a99e5a16924074a73cf8078ddffff6p\/247315878\/H47a99e5a16924074a73cf8078ddffff6p.png\" \/><\/div>\n<\/div>\n<\/div>\n<\/div>\n<\/div>\n<\/div>\n<div class=\"J_module\">\n<div class=\"detail-decorate-json-renderer-container\">\n<div class=\"magic-2\">\n<h3 class=\"magic-3\"><span class=\"magic-23\">Auswirkungen<\/span><\/h3>\n<div class=\"magic-7\">\n<div class=\"magic-8\">\n<div class=\"magic-9\"><span class=\"magic-10\" style=\"font-family: Arial;\">Stellen Sie sich Rot als einen Energiebereich vor, der Schaden anrichtet. Dieser Bereich verl\u00e4uft von der Unterseite des Sto\u00dfd\u00e4mpfers bis zur Oberseite und bildet eine S\u00e4ule, die alles in ihrem Weg zerst\u00f6rt. Die extrakorporale Sto\u00dfwelle SW10 um diesen Pfosten herum ist der Bereich mit weniger Energie, gr\u00fcn dargestellt, dosiert, um Heilung zu bewirken. Es gibt auch einen Bereich (blau dargestellt), der viel weniger Energie hat und Schmerzen lindern kann. Es gibt auch einen Bereich, in dem die Wellenkraft \u00fcber dem besch\u00e4digten Bereich abnimmt (die Energie kann nicht ewig anhalten), was wiederum eine heilende oder schmerzlindernde Wirkung erzeugt. Man sollte bedenken, dass die Wirkungen von hohen Energieniveaus zu niedrigen Energieniveaus auftreten, d. h. hohe Energieniveaus = Schaden + Heilung + Schmerzlinderung.<\/span><\/div>\n<\/div>\n<\/div>\n<\/div>\n<\/div>\n<\/div>\n<div class=\"J_module\">\n<div class=\"icbu-pc-images magic-16\">\n<div>\n<div class=\"flex-layout-v\">\n<div class=\"flex-layout-h magic-16\">\n<div class=\"magic-24\"><img loading=\"lazy\" decoding=\"async\" class=\"magic-25 aligncenter\" title=\"Sto\u00dfwellentherapieger\u00e4t\" src=\"https:\/\/sc04.alicdn.com\/kf\/H092f105b1333409ca514771a38b62501e\/247315878\/H092f105b1333409ca514771a38b62501e.png\" alt=\"Sto\u00dfwellentherapieger\u00e4t\" width=\"592\" height=\"516\" data-src=\"\/\/sc04.alicdn.com\/kf\/H092f105b1333409ca514771a38b62501e\/247315878\/H092f105b1333409ca514771a38b62501e.png\" \/><\/div>\n<div>\n<h3><strong>Anpassen Logo<\/strong><\/h3>\n<p>Wollen, machen Ihre Marke stand heraus? Wir bieten angepasst logo Dienstleistungen zu helfen Sie erstellen Sie eine einzigartige und personalisierte logo spiegelt Ihre Marke Identit\u00e4t. Unser team von Experten arbeiten eng mit Ihnen zusammen, um ein logo zu entwerfen, die in Resonanz mit Ihrer Marke und messaging. Egal, ob Sie Umbau Ihres bestehenden Logos oder eine neue erstellen von Grund auf neu, wir haben Sie abgedeckt. <a href=\"\/de\/kontakt\/\">Kontaktieren Sie uns<\/a> heute erfahren Sie mehr \u00fcber unsere ma\u00dfgeschneiderten logo-Service!<\/p>\n<\/div>\n<\/div>\n<\/div>\n<\/div>\n<\/div>\n<\/div>","protected":false},"excerpt":{"rendered":"<p><span class=\"magic-10\" style=\"font-family: Arial;\">Sto\u00dfwellensysteme nutzen das ballistische Prinzip der Sto\u00dfwellenerzeugung: beschleunigte Druckluft wird verwendet, um durch eine Sto\u00dfwellenmaschine eine Druckwelle zu erzeugen. Druckluft wird von einem elektronisch gesteuerten ballistischen Druckkompressor erzeugt. Durch elastische St\u00f6\u00dfe wird die kinetische Energie der Sto\u00dfwellenmaschine in die Sonde des Behandlungsger\u00e4ts \u00fcbertragen und gelangt dann in den K\u00f6rper des Patienten. Daher muss die Spitze des Endapplikators w\u00e4hrend der Behandlung in direktem Kontakt mit der Haut und dem Unterhautgewebe stehen. Sto\u00dfwellen zielen auf die betroffenen Bereiche an der Ursache chronischer Schmerzen. Die Wirkung der Sto\u00dfwelle l\u00f6st Kalkablagerungen auf und f\u00fchrt zu einer besseren Gef\u00e4\u00dfversorgung. Die Nachwirkung ist Schmerzlinderung.<\/span><\/p>","protected":false},"featured_media":2264,"comment_status":"open","ping_status":"closed","template":"","meta":{"_kad_post_transparent":"default","_kad_post_title":"","_kad_post_layout":"default","_kad_post_sidebar_id":"","_kad_post_content_style":"default","_kad_post_vertical_padding":"default","_kad_post_feature":"","_kad_post_feature_position":"","_kad_post_header":false,"_kad_post_footer":false,"_kad_post_classname":"","rank_math_title":"","rank_math_description":"","rank_math_focus_keyword":""},"product_brand":[],"product_cat":[65],"product_tag":[],"class_list":{"0":"post-2263","1":"product","2":"type-product","3":"status-publish","4":"has-post-thumbnail","6":"product_cat-shock-wave","8":"first","9":"instock","10":"shipping-taxable","11":"product-type-simple","12":"entry","13":"content-bg","14":"loop-entry"},"_links":{"self":[{"href":"https:\/\/skbty.com\/de\/wp-json\/wp\/v2\/product\/2263","targetHints":{"allow":["GET"]}}],"collection":[{"href":"https:\/\/skbty.com\/de\/wp-json\/wp\/v2\/product"}],"about":[{"href":"https:\/\/skbty.com\/de\/wp-json\/wp\/v2\/types\/product"}],"replies":[{"embeddable":true,"href":"https:\/\/skbty.com\/de\/wp-json\/wp\/v2\/comments?post=2263"}],"wp:featuredmedia":[{"embeddable":true,"href":"https:\/\/skbty.com\/de\/wp-json\/wp\/v2\/media\/2264"}],"wp:attachment":[{"href":"https:\/\/skbty.com\/de\/wp-json\/wp\/v2\/media?parent=2263"}],"wp:term":[{"taxonomy":"product_brand","embeddable":true,"href":"https:\/\/skbty.com\/de\/wp-json\/wp\/v2\/product_brand?post=2263"},{"taxonomy":"product_cat","embeddable":true,"href":"https:\/\/skbty.com\/de\/wp-json\/wp\/v2\/product_cat?post=2263"},{"taxonomy":"product_tag","embeddable":true,"href":"https:\/\/skbty.com\/de\/wp-json\/wp\/v2\/product_tag?post=2263"}],"curies":[{"name":"wp","href":"https:\/\/api.w.org\/{rel}","templated":true}]}}