{"id":2271,"date":"2024-01-04T10:39:35","date_gmt":"2024-01-04T02:39:35","guid":{"rendered":"https:\/\/skbty.com\/?post_type=product&#038;p=2271"},"modified":"2024-06-21T12:09:11","modified_gmt":"2024-06-21T04:09:11","slug":"stoswellentherapiegerat-im-touch-stil","status":"publish","type":"product","link":"https:\/\/skbty.com\/de\/product\/stoswellentherapiegerat-im-touch-stil\/","title":{"rendered":"Sto\u00dfwellentherapieger\u00e4t (Touch-Stil)"},"content":{"rendered":"<div class=\"J_module\">\n<div class=\"detail-decorate-json-renderer-container\">\n<div class=\"magic-2\">\n<h3 class=\"magic-3\" data-spm-anchor-id=\"a2700.details.0.i78.1778fb5bm3TcRl\"><span class=\"magic-5\">Sto\u00dfwellentherapieger\u00e4t<\/span><\/h3>\n<div class=\"magic-7\">\n<div class=\"magic-8\">\n<div class=\"magic-9\"><span class=\"magic-10\" style=\"font-family: Arial;\">Sto\u00dfwellentherapieger\u00e4te werden in der Orthop\u00e4die, Physiotherapie, Sportmedizin, Urologie, Veterin\u00e4rmedizin und anderen multidisziplin\u00e4ren Ger\u00e4ten eingesetzt. Ihre Hauptvorteile sind eine schnelle Schmerzlinderung und die Wiederherstellung der Beweglichkeit. Dies, zusammen mit der Tatsache, dass es sich um eine nicht-chirurgische Behandlung handelt, die keine Schmerzmittel erfordert, macht sie zu einer idealen Behandlung, um die Genesung zu beschleunigen und verschiedene Anzeichen akuter oder chronischer Schmerzen zu behandeln.<\/span><\/div>\n<\/div>\n<\/div>\n<\/div>\n<\/div>\n<\/div>\n<div class=\"J_module\">\n<div class=\"ife-detail-decorate-table\">\n<table style=\"border-color: #f3f3f3;\" border=\"1\" cellspacing=\"0\" cellpadding=\"0\">\n<tbody>\n<tr>\n<td colspan=\"1\" rowspan=\"1\">\n<div class=\"magic-12\"><span class=\"magic-10\" style=\"font-family: Arial;\">Name<\/span><\/div>\n<\/td>\n<td colspan=\"1\" rowspan=\"1\">\n<div class=\"magic-13\"><span class=\"magic-10\" style=\"font-family: Arial;\">Sto\u00dfwellentherapieger\u00e4t<\/span><\/div>\n<\/td>\n<\/tr>\n<tr>\n<td colspan=\"1\" rowspan=\"1\">\n<div class=\"magic-12\"><span class=\"magic-10\" style=\"font-family: Arial;\">Ausgabefrequenzzahlen<\/span><\/div>\n<\/td>\n<td colspan=\"1\" rowspan=\"1\">\n<div class=\"magic-13\"><span class=\"magic-10\" style=\"font-family: Arial;\">16<\/span><\/div>\n<\/td>\n<\/tr>\n<tr>\n<td colspan=\"1\" rowspan=\"1\">\n<div class=\"magic-12\"><span class=\"magic-10\" style=\"font-family: Arial;\">Ausgabepegelnummern<\/span><\/div>\n<\/td>\n<td colspan=\"1\" rowspan=\"1\">\n<div class=\"magic-13\"><span class=\"magic-10\" style=\"font-family: Arial;\">12<\/span><\/div>\n<\/td>\n<\/tr>\n<tr>\n<td colspan=\"1\" rowspan=\"1\">\n<div class=\"magic-12\"><span class=\"magic-10\" style=\"font-family: Arial;\">Eingangsspannung<\/span><\/div>\n<\/td>\n<td colspan=\"1\" rowspan=\"1\">\n<div class=\"magic-13\"><span class=\"magic-10\" style=\"font-family: Arial;\">Wechselstrom 110 V bis 220 V Wechselstrom<\/span><\/div>\n<\/td>\n<\/tr>\n<tr>\n<td colspan=\"1\" rowspan=\"1\">\n<div class=\"magic-12\"><span class=\"magic-10\" style=\"font-family: Arial;\">Frequenz<\/span><\/div>\n<\/td>\n<td colspan=\"1\" rowspan=\"1\">\n<div class=\"magic-13\"><span class=\"magic-10\" style=\"font-family: Arial;\">50 Hz\/60 Hz<\/span><\/div>\n<\/td>\n<\/tr>\n<tr>\n<td colspan=\"1\" rowspan=\"1\">\n<div class=\"magic-12\"><span class=\"magic-10\" style=\"font-family: Arial;\">Leistung<\/span><\/div>\n<\/td>\n<td colspan=\"1\" rowspan=\"1\">\n<div class=\"magic-13\"><span class=\"magic-10\" style=\"font-family: Arial;\">90W MAX<\/span><\/div>\n<\/td>\n<\/tr>\n<tr>\n<td colspan=\"1\" rowspan=\"1\">\n<div class=\"magic-14\">Aktuell<\/div>\n<\/td>\n<td colspan=\"1\" rowspan=\"1\">\n<div class=\"magic-15\"><span class=\"magic-10\" style=\"font-family: Arial;\">2A MAX<\/span><\/div>\n<\/td>\n<\/tr>\n<\/tbody>\n<\/table>\n<\/div>\n<\/div>\n<div class=\"J_module\">\n<div class=\"detail-decorate-json-renderer-container\">\n<div class=\"magic-2\">\n<h3 class=\"magic-3\"><span class=\"magic-5\">Arbeitsprinzip<\/span><\/h3>\n<div class=\"magic-7\">\n<div class=\"magic-8\">\n<div class=\"magic-9\">\n<div><span class=\"magic-10\" style=\"font-family: Arial;\">Bei der Sto\u00dfwellentherapie wird eine radiale Sto\u00dfwelle durch die Hautoberfl\u00e4che an das verletzte Gewebe abgegeben. Diese Sto\u00dfwelle l\u00f6st eine entz\u00fcndungs\u00e4hnliche Reaktion im verletzten Gewebe aus und beschleunigt den Heilungsprozess durch die Regeneration der Blutgef\u00e4\u00dfe. Au\u00dferdem lindert sie die Schmerzen des Patienten.<\/span><\/div>\n<\/div>\n<\/div>\n<\/div>\n<\/div>\n<\/div>\n<\/div>\n<div class=\"J_module\">\n<div class=\"icbu-pc-images magic-16\">\n<div>\n<div class=\"flex-layout-v\">\n<div class=\"flex-layout-h magic-16\">\n<div class=\"magic-17\"><img loading=\"lazy\" decoding=\"async\" class=\"magic-18 aligncenter\" title=\"Sto\u00dfwellentherapieger\u00e4t\" src=\"https:\/\/sc04.alicdn.com\/kf\/H18a54888e92645aebece4acda80470eeZ\/247315878\/H18a54888e92645aebece4acda80470eeZ.png\" alt=\"Sto\u00dfwellentherapieger\u00e4t\" width=\"800\" height=\"516\" data-src=\"\/\/sc04.alicdn.com\/kf\/H18a54888e92645aebece4acda80470eeZ\/247315878\/H18a54888e92645aebece4acda80470eeZ.png\" \/><\/div>\n<\/div>\n<\/div>\n<\/div>\n<\/div>\n<\/div>\n<div class=\"J_module\">\n<div class=\"detail-decorate-json-renderer-container\">\n<div class=\"magic-2\">\n<h3 class=\"magic-3\"><span class=\"magic-19\">Funktionen<\/span><\/h3>\n<div class=\"magic-7\">\n<div class=\"magic-8\">\n<div class=\"magic-9\"><span class=\"magic-10\" style=\"font-family: Arial;\">1) K\u00f6rperumgestaltung <\/span><\/div>\n<div class=\"magic-9\"><span class=\"magic-10\" style=\"font-family: Arial;\">2) Schlankheitstherapie <\/span><\/div>\n<div class=\"magic-9\"><span class=\"magic-10\" style=\"font-family: Arial;\">3\uff09Behandlung unregelm\u00e4\u00dfiger Haut nach einer Fettabsaugung <\/span><\/div>\n<div class=\"magic-9\"><span class=\"magic-10\" style=\"font-family: Arial;\">4) Verbessert die Hautelastizit\u00e4t <\/span><\/div>\n<div class=\"magic-9\"><span class=\"magic-10\" style=\"font-family: Arial;\">5) Das Bindegewebe strafft sich <\/span><\/div>\n<div class=\"magic-9\"><span class=\"magic-10\" style=\"font-family: Arial;\">6) Narben und Falten entfernen <\/span><\/div>\n<div class=\"magic-9\"><span class=\"magic-10\" style=\"font-family: Arial;\">7) Reduzieren Sie Dehnungsstreifen <\/span><\/div>\n<div class=\"magic-9\"><span class=\"magic-10\" style=\"font-family: Arial;\">8\uff09Stimulation des Lymphsystems <\/span><\/div>\n<div class=\"magic-9\"><span class=\"magic-10\" style=\"font-family: Arial;\">9) ED-Behandlung<\/span><\/div>\n<\/div>\n<\/div>\n<\/div>\n<\/div>\n<\/div>\n<div class=\"J_module\">\n<div class=\"icbu-pc-images magic-16\">\n<div>\n<div class=\"flex-layout-v\">\n<div class=\"flex-layout-h magic-16\">\n<div class=\"magic-20\"><img loading=\"lazy\" decoding=\"async\" class=\"magic-21 aligncenter\" title=\"Sto\u00dfwellentherapieger\u00e4t\" src=\"https:\/\/sc04.alicdn.com\/kf\/H3191a7d3f105493786a3287d2aab6295F\/247315878\/H3191a7d3f105493786a3287d2aab6295F.png\" alt=\"Sto\u00dfwellentherapieger\u00e4t\" width=\"750\" height=\"454\" data-src=\"\/\/sc04.alicdn.com\/kf\/H3191a7d3f105493786a3287d2aab6295F\/247315878\/H3191a7d3f105493786a3287d2aab6295F.png\" \/><\/div>\n<\/div>\n<\/div>\n<\/div>\n<\/div>\n<\/div>\n<div class=\"J_module\">\n<div class=\"detail-decorate-json-renderer-container\">\n<div class=\"magic-2\">\n<h3 class=\"magic-3\"><span class=\"magic-5\">Vorteile<\/span><\/h3>\n<div class=\"magic-7\">\n<div class=\"magic-8\">\n<div class=\"magic-9\"><span class=\"magic-10\" style=\"font-family: Arial;\">1) Benutzerfreundliches technisches Design, einfach einzustellen und zu bedienen. <\/span><\/div>\n<div class=\"magic-9\"><span class=\"magic-10\" style=\"font-family: Arial;\">2) Importierte Stromversorgung, um eine sofortige Schlagwirkung sicherzustellen; <\/span><\/div>\n<div class=\"magic-9\"><span class=\"magic-10\" style=\"font-family: Arial;\">3) Die Auswahl von Sto\u00dfdruck und Frequenz entspricht den Verarbeitungsanforderungen. <\/span><\/div>\n<div class=\"magic-9\"><span class=\"magic-10\" style=\"font-family: Arial;\">4) Ultra-leiser Luftkompressor mit integrierter Zubeh\u00f6r-Auffangbox; <\/span><\/div>\n<div class=\"magic-9\"><span class=\"magic-10\" style=\"font-family: Arial;\">5) Bereitstellung einer Vielzahl professioneller Sender; <\/span><\/div>\n<div class=\"magic-9\"><span class=\"magic-10\" style=\"font-family: Arial;\">6) Hohe Wirksamkeit, schnelle Schmerzlinderung. <\/span><\/div>\n<div class=\"magic-9\"><span class=\"magic-10\" style=\"font-family: Arial;\">7) Ohne Operation liegt die Heilungsrate bei 80\u2013901 TP3T. <\/span><\/div>\n<div class=\"magic-9\"><span class=\"magic-10\" style=\"font-family: Arial;\">8) Nicht-invasiv, bequem und schnell. <\/span><\/div>\n<div class=\"magic-9\"><span class=\"magic-10\" style=\"font-family: Arial;\">9) Wird h\u00e4ufig bei verschiedenen Weichteilbehandlungen verwendet. <\/span><\/div>\n<div class=\"magic-9\"><span class=\"magic-10\" style=\"font-family: Arial;\">10) Dieses Ger\u00e4t kann zur Behandlung von Gelenkschmerzen und erektiler Dysfunktion verwendet werden. <\/span><\/div>\n<div class=\"magic-9\"><span class=\"magic-10\" style=\"font-family: Arial;\">11) Keine Verletzung\/Sch\u00e4digung des normalen Gewebes.<\/span><\/div>\n<\/div>\n<\/div>\n<\/div>\n<\/div>\n<\/div>\n<div class=\"J_module\">\n<div class=\"icbu-pc-images magic-16\">\n<div>\n<div class=\"flex-layout-v\">\n<div class=\"flex-layout-h magic-16\">\n<div class=\"magic-22\"><img loading=\"lazy\" decoding=\"async\" class=\"magic-23 aligncenter\" title=\"Sto\u00dfwellentherapieger\u00e4t\" src=\"https:\/\/sc04.alicdn.com\/kf\/H6491e48e4b774656aedb0e0055656d95F\/247315878\/H6491e48e4b774656aedb0e0055656d95F.png\" alt=\"Sto\u00dfwellentherapieger\u00e4t\" width=\"750\" height=\"610\" data-src=\"\/\/sc04.alicdn.com\/kf\/H6491e48e4b774656aedb0e0055656d95F\/247315878\/H6491e48e4b774656aedb0e0055656d95F.png\" \/><\/div>\n<\/div>\n<\/div>\n<\/div>\n<\/div>\n<\/div>\n<div class=\"J_module\">\n<div class=\"icbu-pc-images magic-16\">\n<div>\n<div class=\"flex-layout-v\">\n<div class=\"flex-layout-h magic-16\">\n<div class=\"magic-24\"><img loading=\"lazy\" decoding=\"async\" class=\"magic-25 aligncenter\" title=\"Sto\u00dfwellentherapieger\u00e4t\" src=\"https:\/\/sc04.alicdn.com\/kf\/Hac29e01ca8fa4327a656fe4f538cd3c4W\/247315878\/Hac29e01ca8fa4327a656fe4f538cd3c4W.png\" alt=\"Sto\u00dfwellentherapieger\u00e4t\" width=\"750\" height=\"697\" data-src=\"\/\/sc04.alicdn.com\/kf\/Hac29e01ca8fa4327a656fe4f538cd3c4W\/247315878\/Hac29e01ca8fa4327a656fe4f538cd3c4W.png\" \/><\/div>\n<div>\n<h3><strong>Anpassen Logo<\/strong><\/h3>\n<p>Wollen, machen Ihre Marke stand heraus? Wir bieten angepasst logo Dienstleistungen zu helfen Sie erstellen Sie eine einzigartige und personalisierte logo spiegelt Ihre Marke Identit\u00e4t. Unser team von Experten arbeiten eng mit Ihnen zusammen, um ein logo zu entwerfen, die in Resonanz mit Ihrer Marke und messaging. Egal, ob Sie Umbau Ihres bestehenden Logos oder eine neue erstellen von Grund auf neu, wir haben Sie abgedeckt. <a href=\"\/de\/kontakt\/\">Kontaktieren Sie uns<\/a> heute erfahren Sie mehr \u00fcber unsere ma\u00dfgeschneiderten logo-Service!<\/p>\n<\/div>\n<\/div>\n<\/div>\n<\/div>\n<\/div>\n<\/div>","protected":false},"excerpt":{"rendered":"<p><span class=\"magic-10\" style=\"font-family: Arial;\">Sto\u00dfwellen-Physiotherapie-Massageger\u00e4te werden in der Orthop\u00e4die, Physiotherapie, Sportmedizin, Urologie, Veterin\u00e4rmedizin und anderen multidisziplin\u00e4ren Ger\u00e4ten eingesetzt. Ihre Hauptvorteile sind eine schnelle Schmerzlinderung und die Wiederherstellung der Beweglichkeit. Dies, zusammen mit der Tatsache, dass es sich um eine nicht-chirurgische Behandlung handelt, die keine Schmerzmittel erfordert, macht sie zu einer idealen Behandlung, um die Genesung zu beschleunigen und verschiedene Anzeichen akuter oder chronischer Schmerzen zu behandeln.<\/span><\/p>","protected":false},"featured_media":2278,"comment_status":"open","ping_status":"closed","template":"","meta":{"_kad_post_transparent":"default","_kad_post_title":"","_kad_post_layout":"default","_kad_post_sidebar_id":"","_kad_post_content_style":"default","_kad_post_vertical_padding":"default","_kad_post_feature":"","_kad_post_feature_position":"","_kad_post_header":false,"_kad_post_footer":false,"_kad_post_classname":"","rank_math_title":"","rank_math_description":"","rank_math_focus_keyword":""},"product_brand":[],"product_cat":[65],"product_tag":[],"class_list":{"0":"post-2271","1":"product","2":"type-product","3":"status-publish","4":"has-post-thumbnail","6":"product_cat-shock-wave","8":"first","9":"instock","10":"shipping-taxable","11":"product-type-simple","12":"entry","13":"content-bg","14":"loop-entry"},"_links":{"self":[{"href":"https:\/\/skbty.com\/de\/wp-json\/wp\/v2\/product\/2271","targetHints":{"allow":["GET"]}}],"collection":[{"href":"https:\/\/skbty.com\/de\/wp-json\/wp\/v2\/product"}],"about":[{"href":"https:\/\/skbty.com\/de\/wp-json\/wp\/v2\/types\/product"}],"replies":[{"embeddable":true,"href":"https:\/\/skbty.com\/de\/wp-json\/wp\/v2\/comments?post=2271"}],"wp:featuredmedia":[{"embeddable":true,"href":"https:\/\/skbty.com\/de\/wp-json\/wp\/v2\/media\/2278"}],"wp:attachment":[{"href":"https:\/\/skbty.com\/de\/wp-json\/wp\/v2\/media?parent=2271"}],"wp:term":[{"taxonomy":"product_brand","embeddable":true,"href":"https:\/\/skbty.com\/de\/wp-json\/wp\/v2\/product_brand?post=2271"},{"taxonomy":"product_cat","embeddable":true,"href":"https:\/\/skbty.com\/de\/wp-json\/wp\/v2\/product_cat?post=2271"},{"taxonomy":"product_tag","embeddable":true,"href":"https:\/\/skbty.com\/de\/wp-json\/wp\/v2\/product_tag?post=2271"}],"curies":[{"name":"wp","href":"https:\/\/api.w.org\/{rel}","templated":true}]}}