{"id":2301,"date":"2024-01-05T11:29:03","date_gmt":"2024-01-05T03:29:03","guid":{"rendered":"https:\/\/skbty.com\/?post_type=product&#038;p=2301"},"modified":"2024-06-21T11:50:04","modified_gmt":"2024-06-21T03:50:04","slug":"2-in-1-laser-haarentfernungs-und-tattooentfernungsgerat-2","status":"publish","type":"product","link":"https:\/\/skbty.com\/de\/product\/2-in-1-laser-haarentfernungs-und-tattooentfernungsgerat-2\/","title":{"rendered":"2-in-1-Laser-Haarentfernungs- und Tattooentfernungsger\u00e4t"},"content":{"rendered":"<div class=\"J_module\">\n<div class=\"ife-detail-decorate-table\">\n<table style=\"border-color: #f3f3f3;\" border=\"1\" cellspacing=\"0\" cellpadding=\"0\">\n<tbody>\n<tr>\n<td colspan=\"1\" rowspan=\"1\">\n<div class=\"magic-2\"><span class=\"magic-3\" style=\"font-family: Arial;\">Name<\/span><\/div>\n<\/td>\n<td colspan=\"1\" rowspan=\"1\">\n<div class=\"magic-4\"><span class=\"magic-3\" style=\"font-family: Arial;\">2 in 1 808nm Haarentfernung + Pikosekundenlaser Tattooentfernungsger\u00e4t<\/span><\/div>\n<\/td>\n<\/tr>\n<tr>\n<td colspan=\"1\" rowspan=\"1\">\n<div class=\"magic-2\"><span class=\"magic-3\" style=\"font-family: Arial;\">Bildschirm<\/span><\/div>\n<\/td>\n<td colspan=\"1\" rowspan=\"1\">\n<div class=\"magic-4\"><span class=\"magic-3\" style=\"font-family: Arial;\">10,4 Zoll<\/span><\/div>\n<\/td>\n<\/tr>\n<tr>\n<td colspan=\"1\" rowspan=\"1\">\n<div class=\"magic-2\"><span class=\"magic-3\" style=\"font-family: Arial;\">Frequenz<\/span><\/div>\n<\/td>\n<td colspan=\"1\" rowspan=\"1\">\n<div class=\"magic-4\"><span class=\"magic-3\" style=\"font-family: Arial;\">1-10Hz<\/span><\/div>\n<\/td>\n<\/tr>\n<tr>\n<td colspan=\"1\" rowspan=\"1\">\n<div class=\"magic-2\"><span class=\"magic-3\" style=\"font-family: Arial;\">Wellenl\u00e4nge zur Haarentfernung<\/span><\/div>\n<\/td>\n<td colspan=\"1\" rowspan=\"1\">\n<div class=\"magic-4\"><span class=\"magic-3\" style=\"font-family: Arial;\">808 nm<\/span><\/div>\n<\/td>\n<\/tr>\n<tr>\n<td colspan=\"1\" rowspan=\"1\">\n<div class=\"magic-2\"><span class=\"magic-3\" style=\"font-family: Arial;\">Energie<\/span><\/div>\n<\/td>\n<td colspan=\"1\" rowspan=\"1\">\n<div class=\"magic-4\"><span class=\"magic-3\" style=\"font-family: Arial;\">1-120J\/cm\u00b2<\/span><\/div>\n<\/td>\n<\/tr>\n<tr>\n<td colspan=\"1\" rowspan=\"1\">\n<div class=\"magic-2\"><span class=\"magic-3\" style=\"font-family: Arial;\">Laserleistung<\/span><\/div>\n<\/td>\n<td colspan=\"1\" rowspan=\"1\">\n<div class=\"magic-4\"><span class=\"magic-3\" style=\"font-family: Arial;\">300W\/400W<\/span><\/div>\n<\/td>\n<\/tr>\n<tr>\n<td colspan=\"1\" rowspan=\"1\">\n<div class=\"magic-2\"><span class=\"magic-3\" style=\"font-family: Arial;\">Impulsbreite<\/span><\/div>\n<\/td>\n<td colspan=\"1\" rowspan=\"1\">\n<div class=\"magic-4\"><span class=\"magic-3\" style=\"font-family: Arial;\">1MS-400MS<\/span><\/div>\n<\/td>\n<\/tr>\n<tr>\n<td colspan=\"1\" rowspan=\"1\">\n<div class=\"magic-2\"><span class=\"magic-3\" style=\"font-family: Arial;\">L\u00e4nge*Breite*H\u00f6he<\/span><\/div>\n<\/td>\n<td colspan=\"1\" rowspan=\"1\">\n<div class=\"magic-4\"><span class=\"magic-3\" style=\"font-family: Arial;\">53*44*142cm (55kg)<\/span><\/div>\n<\/td>\n<\/tr>\n<tr>\n<td colspan=\"1\" rowspan=\"1\">\n<div class=\"magic-2\"><span class=\"magic-3\" style=\"font-family: Arial;\">Gesamtleistung<\/span><\/div>\n<\/td>\n<td colspan=\"1\" rowspan=\"1\">\n<div class=\"magic-4\"><span class=\"magic-3\" style=\"font-family: Arial;\">2000 Watt<\/span><\/div>\n<\/td>\n<\/tr>\n<\/tbody>\n<\/table>\n<\/div>\n<\/div>\n<div class=\"J_module\">\n<div class=\"detail-decorate-json-renderer-container\">\n<div class=\"magic-5\">\n<div><\/div>\n<h3><span class=\"magic-7\" style=\"font-family: Arial;\">Theorie<\/span><\/h3>\n<div class=\"magic-8\">\n<div class=\"magic-9\">\n<div class=\"magic-10\">\n<p><strong><span class=\"magic-3\" style=\"font-family: Arial;\">2 in 1 verwendet 808 nm Diodenlasertechnologie und Pikosekundenlasertechnologie <\/span><\/strong><\/p>\n<div><span class=\"magic-3\" style=\"font-family: Arial;\">Der Diodenlaser hat eine Wellenl\u00e4nge von 808 nm und wirkt insbesondere auf die Melanozyten des Haarfollikels, ohne das umliegende Gewebe zu sch\u00e4digen. Das Laserlicht kann von den Melanozyten des Haarschafts und der Haarfollikel absorbiert und in W\u00e4rme umgewandelt werden, wodurch die Temperatur der Haarfollikel steigt.<br \/>\nWenn die Temperatur bis zu einem bestimmten Grad ansteigt, kann die Struktur des Haarfollikels irreversibel zerst\u00f6rt werden und die Haarfollikelstruktur verschwindet nach dem nat\u00fcrlichen physiologischen Prozess, um so das Ziel der dauerhaften Haarentfernung zu erreichen. <\/span><\/div>\n<div><span class=\"magic-3\" style=\"font-family: Arial;\">Das Pikosekundenlaserger\u00e4t verwendet einen sehr kurzen Impulsausgabemodus, um den thermischen Effekt zu ersetzen, und verwendet das mechanische Sto\u00dfwellenprinzip des Lichts, um das Pigment durch die fokussierte Energie in feine Partikel zu \u201ezerkleinern\u201c, die vom menschlichen Stoffwechsel leichter aufgenommen werden k\u00f6nnen. Der Pikosekundenlaser minimiert die Nebenwirkungen thermischer Effekte und kann das Ziel erreichen, fast alle Arten von Pigmentflecken zu beseitigen, was besser ist als die herk\u00f6mmlichen Laser-Bleaching-Flecken. Der Pikosekundenlaser ist eine schnelle, einfache, nicht-chirurgische, nicht-invasive Laser-Hautbehandlung f\u00fcr den K\u00f6rper, einschlie\u00dflich Brust oder Hals, Gesicht, H\u00e4nde, Beine und mehr.<\/span><\/div>\n<div>\n<table style=\"border-collapse: collapse; width: 100%;\">\n<tbody>\n<tr>\n<td style=\"width: 50%;\"><img loading=\"lazy\" decoding=\"async\" class=\"magic-13 aligncenter\" title=\"808 nm Haarentfernung + Pikosekundenlaser-Tattooentfernungsger\u00e4t\" src=\"https:\/\/sc04.alicdn.com\/kf\/H37ad109e5dbb4fe9868f2b48e83eea3fN\/247315878\/H37ad109e5dbb4fe9868f2b48e83eea3fN.png\" alt=\"808 nm Haarentfernung + Pikosekundenlaser-Tattooentfernungsger\u00e4t\" width=\"591\" height=\"451\" data-src=\"\/\/sc04.alicdn.com\/kf\/H37ad109e5dbb4fe9868f2b48e83eea3fN\/247315878\/H37ad109e5dbb4fe9868f2b48e83eea3fN.png\" \/><\/td>\n<td style=\"width: 50%;\"><img loading=\"lazy\" decoding=\"async\" class=\"magic-15 aligncenter\" title=\"808 nm Haarentfernung + Pikosekundenlaser-Tattooentfernungsger\u00e4t\" src=\"https:\/\/sc04.alicdn.com\/kf\/Hb93de2e708ba46a78a16d7a6d8c4e502S\/247315878\/Hb93de2e708ba46a78a16d7a6d8c4e502S.png\" alt=\"808 nm Haarentfernung + Pikosekundenlaser-Tattooentfernungsger\u00e4t\" width=\"629\" height=\"657\" data-src=\"\/\/sc04.alicdn.com\/kf\/Hb93de2e708ba46a78a16d7a6d8c4e502S\/247315878\/Hb93de2e708ba46a78a16d7a6d8c4e502S.png\" \/><\/td>\n<\/tr>\n<\/tbody>\n<\/table>\n<\/div>\n<\/div>\n<\/div>\n<\/div>\n<\/div>\n<\/div>\n<\/div>\n<div class=\"J_module\">\n<div class=\"icbu-pc-images magic-11\">\n<div class=\"flex-layout-v\">\n<div class=\"flex-layout-h magic-11\">\n<div class=\"magic-12\"><\/div>\n<\/div>\n<\/div>\n<\/div>\n<\/div>\n<div class=\"J_module\">\n<div class=\"icbu-pc-images magic-11\">\n<div class=\"flex-layout-v\">\n<div class=\"flex-layout-h magic-11\">\n<div class=\"magic-14\"><\/div>\n<\/div>\n<\/div>\n<\/div>\n<\/div>\n<div class=\"J_module\">\n<div class=\"icbu-pc-images magic-11\">\n<div>\n<div class=\"flex-layout-v\">\n<div class=\"flex-layout-h magic-11\">\n<div class=\"magic-16\"><img loading=\"lazy\" decoding=\"async\" class=\"magic-17 aligncenter\" title=\"808 nm Haarentfernung + Pikosekundenlaser-Tattooentfernungsger\u00e4t\" src=\"https:\/\/sc04.alicdn.com\/kf\/Hed2faa57b1754604a282e6d596c3191al\/247315878\/Hed2faa57b1754604a282e6d596c3191al.png\" alt=\"808 nm Haarentfernung + Pikosekundenlaser-Tattooentfernungsger\u00e4t\" width=\"611\" height=\"371\" data-src=\"\/\/sc04.alicdn.com\/kf\/Hed2faa57b1754604a282e6d596c3191al\/247315878\/Hed2faa57b1754604a282e6d596c3191al.png\" \/><\/div>\n<\/div>\n<\/div>\n<\/div>\n<\/div>\n<\/div>\n<div class=\"J_module\">\n<div class=\"detail-decorate-json-renderer-container\">\n<div class=\"magic-5\">\n<div><\/div>\n<h3><span class=\"magic-7\" style=\"font-family: Arial;\">Funktionen<\/span><\/h3>\n<div class=\"magic-8\">\n<div class=\"magic-9\">\n<div class=\"magic-10\"><span class=\"magic-3\" style=\"font-family: Arial;\">1) Alle farbigen Tattoos, Eyeliner und Lippenkonturen werden entfernt. <\/span><\/div>\n<div class=\"magic-10\"><span class=\"magic-3\" style=\"font-family: Arial;\">2) Epidermales und dermales Pigment entfernen. <\/span><\/div>\n<div class=\"magic-10\"><span class=\"magic-3\" style=\"font-family: Arial;\">3) Entfernung von Ota-Muttermalen, blauen Muttermalen, schwarzen Muttermalen und Kaffeeflecken. <\/span><\/div>\n<div class=\"magic-10\"><span class=\"magic-3\" style=\"font-family: Arial;\">4) Entfernung von Altersflecken, Sommersprossen, Sonnenflecken und Melasma. <\/span><\/div>\n<div class=\"magic-10\"><span class=\"magic-3\" style=\"font-family: Arial;\">5) Aufhellung, zarte Haut usw.<\/span><\/div>\n<\/div>\n<\/div>\n<\/div>\n<\/div>\n<\/div>\n<div class=\"J_module\">\n<div class=\"detail-decorate-json-renderer-container\">\n<div class=\"magic-5\">\n<h3 class=\"magic-6\"><span class=\"magic-7\" style=\"font-family: Arial;\">Vorteile<\/span><\/h3>\n<div class=\"magic-8\">\n<div class=\"magic-9\">\n<div class=\"magic-10\"><span class=\"magic-3\" style=\"font-family: Arial;\">1) Die vorteilhafteste Technologie kombiniert Diodenlaser mit Pikosekundenlasern.<br \/>\n2) Jedes System verf\u00fcgt \u00fcber eine unabh\u00e4ngige Stromversorgung, hohe Qualit\u00e4t und Stabilit\u00e4t.<br \/>\n3) Intelligente Schnittstelle, voreingestellte Verarbeitungsparameter, einfach zu bedienen.<br \/>\n4) Ein erweitertes \u00dcberwachungs- und Alarmsystem sch\u00fctzt die Maschine rund um die Uhr.<br \/>\n5) Die Kombinationsschlossfunktion erleichtert die Kontrolle des Vermietungsgesch\u00e4fts.<\/span><\/div>\n<\/div>\n<\/div>\n<\/div>\n<\/div>\n<\/div>\n<div class=\"J_module\">\n<div class=\"detail-decorate-json-renderer-container\">\n<div class=\"magic-5\">\n<h3 class=\"magic-6\"><span class=\"magic-7\" style=\"font-family: Arial;\">Auswirkungen<\/span><\/h3>\n<div class=\"magic-8\">\n<div class=\"magic-9\">\n<div class=\"magic-10\">\n<div><span class=\"magic-3\" style=\"font-family: Arial;\"><b>808 nm Diodenlasereffekte<\/b><\/span><\/div>\n<p><span class=\"magic-3\" style=\"font-family: Arial;\"><b>1. Achselhaarentfernung<\/b> Nach der Anwendung wird das Achselhaar reduziert, was das Wachstum der Haarfollikel wirksam hemmen kann <\/span><br \/>\n<span class=\"magic-3\" style=\"font-family: Arial;\"><b>2. Fu\u00dfhaarentfernung<\/b> Nach der Anwendung reduziert Fu\u00dfhaar den Glanz der Fu\u00dfhaut <\/span><br \/>\n<span class=\"magic-3\" style=\"font-family: Arial;\"><b>3. Haarentfernung am R\u00fccken<\/b> Bei M\u00e4nnern mit st\u00e4rkerer R\u00fcckenbehaarung: Reduzieren Sie die Gl\u00e4tte des R\u00fcckens nach der Anwendung <\/span><br \/>\n<span class=\"magic-3\" style=\"font-family: Arial;\"><b>4.Armhaarentfernung<\/b> Nach der Anwendung kann Armhaar den Glanz der Armhaut deutlich reduzieren<\/span><\/p>\n<div>\n<div><span style=\"font-family: Arial;\"><span class=\"magic-3\"><b>Pikosekundenlasereffekte<\/b><br \/>\n<\/span><\/span><\/p>\n<div><span class=\"magic-3\" style=\"font-family: Arial;\"><b>1.Poren<\/b> Grob und kann nicht widerstehen Alterung Poren, durch die Behandlung der Behandlung, k\u00f6nnen Sie den Effekt nach der Reduktion sehen <\/span><\/div>\n<div><span class=\"magic-3\" style=\"font-family: Arial;\"><b>2. Stelle<\/b> Der Pikosekundenlaser kann leicht entfernt werden, ohne sich Gedanken \u00fcber die Verhinderung von Schw\u00e4rze machen zu m\u00fcssen, und gleichzeitig k\u00f6nnen schwierige Stellen im Gesicht gel\u00f6st werden <\/span><\/div>\n<div><span class=\"magic-3\" style=\"font-family: Arial;\"><b>3. Feine Linien<\/b> Keine Hautpflegecreme kann feine Linien unter den Augen beseitigen, und mit einer Waben-Pikosekundenlaserbehandlung k\u00f6nnen Sie den Unterschied in kurzer Zeit sp\u00fcren <\/span><\/div>\n<div><span class=\"magic-3\" style=\"font-family: Arial;\"><b>4.Pocket Narbe<\/b> Ein paar Mal Punktmatrix-Laser kann die hartn\u00e4ckige Narbe immer noch nicht vollst\u00e4ndig verbessern, so dass ein paar Mal Pikosekunden-Laser die Gr\u00fcbchen im Gesicht wiederherstellen kann. <\/span><\/div>\n<div><span class=\"magic-3\" style=\"font-family: Arial;\"><b>5. T\u00e4towierung<\/b> T\u00e4towierungen, die auf eine herk\u00f6mmliche Laserbehandlung nicht gut ansprechen (rot, orange, gelb, gr\u00fcn, blau und blau), k\u00f6nnen mit einem Pikosekundenlaser entfernt werden, ohne Spuren zu hinterlassen <\/span><\/div>\n<div><span class=\"magic-3\" style=\"font-family: Arial;\"><b>6.Gesicht dumm <\/b> Da der Pikosekundenlaser eine hervorragende Wirkung auf Melanin hat, zeigt die klinische Erfahrung, dass das Ende der Haut glatt und zart wird<\/span><\/div>\n<div>\n<table style=\"border-collapse: collapse; width: 100%;\">\n<tbody>\n<tr>\n<td style=\"width: 50%;\"><img loading=\"lazy\" decoding=\"async\" class=\"magic-19 aligncenter\" title=\"808 nm Haarentfernung + Pikosekundenlaser-Tattooentfernungsger\u00e4t\" src=\"https:\/\/sc04.alicdn.com\/kf\/H451be777b7f64438820bb767cafcff85A\/247315878\/H451be777b7f64438820bb767cafcff85A.png\" alt=\"808 nm Haarentfernung + Pikosekundenlaser-Tattooentfernungsger\u00e4t\" width=\"504\" height=\"417\" data-src=\"\/\/sc04.alicdn.com\/kf\/H451be777b7f64438820bb767cafcff85A\/247315878\/H451be777b7f64438820bb767cafcff85A.png\" \/><\/td>\n<td style=\"width: 50%;\"><img loading=\"lazy\" decoding=\"async\" class=\"magic-21 aligncenter\" title=\"808 nm Haarentfernung + Pikosekundenlaser-Tattooentfernungsger\u00e4t\" src=\"https:\/\/sc04.alicdn.com\/kf\/Hdf4926f83b1542d1a80d1b37084da4c0i\/247315878\/Hdf4926f83b1542d1a80d1b37084da4c0i.png\" alt=\"808 nm Haarentfernung + Pikosekundenlaser-Tattooentfernungsger\u00e4t\" width=\"800\" height=\"611\" data-src=\"\/\/sc04.alicdn.com\/kf\/Hdf4926f83b1542d1a80d1b37084da4c0i\/247315878\/Hdf4926f83b1542d1a80d1b37084da4c0i.png\" \/><\/td>\n<\/tr>\n<\/tbody>\n<\/table>\n<\/div>\n<\/div>\n<\/div>\n<\/div>\n<\/div>\n<\/div>\n<\/div>\n<\/div>\n<\/div>\n<div class=\"J_module\">\n<div class=\"icbu-pc-images magic-11\">\n<div class=\"flex-layout-v\">\n<div class=\"magic-18\">\n<h3><strong>Anpassen Logo<\/strong><\/h3>\n<p>Wollen, machen Ihre Marke stand heraus? Wir bieten angepasst logo Dienstleistungen zu helfen Sie erstellen Sie eine einzigartige und personalisierte logo spiegelt Ihre Marke Identit\u00e4t. Unser team von Experten arbeiten eng mit Ihnen zusammen, um ein logo zu entwerfen, die in Resonanz mit Ihrer Marke und messaging. Egal, ob Sie Umbau Ihres bestehenden Logos oder eine neue erstellen von Grund auf neu, wir haben Sie abgedeckt. <a href=\"\/de\/kontakt\/\">Kontaktieren Sie uns<\/a> heute erfahren Sie mehr \u00fcber unsere ma\u00dfgeschneiderten logo-Service!<\/p>\n<\/div>\n<\/div>\n<\/div>\n<\/div>\n<div class=\"J_module\">\n<div class=\"icbu-pc-images magic-11\">\n<div class=\"flex-layout-v\">\n<div class=\"flex-layout-h magic-11\">\n<div class=\"magic-20\"><\/div>\n<\/div>\n<\/div>\n<\/div>\n<\/div>","protected":false},"excerpt":{"rendered":"<p><span class=\"magic-3\" style=\"font-family: Arial;\">Der Diodenlaser hat eine Wellenl\u00e4nge von 808 nm und wirkt insbesondere auf die Melanozyten des Haarfollikels, ohne das umliegende Gewebe zu sch\u00e4digen. Das Laserlicht kann von den Melanozyten des Haarschafts und der Haarfollikel absorbiert und in W\u00e4rme umgewandelt werden, wodurch die Temperatur der Haarfollikel steigt.<\/span><br \/>\n<span class=\"magic-3\" style=\"font-family: Arial;\">Das Pikosekundenlaserger\u00e4t ersetzt den thermischen Effekt durch einen sehr kurzen Impulsausgangsmodus und nutzt das mechanische Sto\u00dfwellenprinzip des Lichts, um das Pigment durch die fokussierte Energie in feine Partikel zu \u201ezerkleinern\u201c, die vom menschlichen Stoffwechsel leichter aufgenommen werden k\u00f6nnen. <\/span><\/p>","protected":false},"featured_media":2302,"comment_status":"open","ping_status":"closed","template":"","meta":{"_kad_post_transparent":"default","_kad_post_title":"","_kad_post_layout":"default","_kad_post_sidebar_id":"","_kad_post_content_style":"default","_kad_post_vertical_padding":"default","_kad_post_feature":"","_kad_post_feature_position":"","_kad_post_header":false,"_kad_post_footer":false,"_kad_post_classname":"","rank_math_title":"","rank_math_description":"","rank_math_focus_keyword":""},"product_brand":[],"product_cat":[66],"product_tag":[],"class_list":{"0":"post-2301","1":"product","2":"type-product","3":"status-publish","4":"has-post-thumbnail","6":"product_cat-2-in-1-808nmpico","8":"first","9":"instock","10":"shipping-taxable","11":"product-type-simple","12":"entry","13":"content-bg","14":"loop-entry"},"_links":{"self":[{"href":"https:\/\/skbty.com\/de\/wp-json\/wp\/v2\/product\/2301","targetHints":{"allow":["GET"]}}],"collection":[{"href":"https:\/\/skbty.com\/de\/wp-json\/wp\/v2\/product"}],"about":[{"href":"https:\/\/skbty.com\/de\/wp-json\/wp\/v2\/types\/product"}],"replies":[{"embeddable":true,"href":"https:\/\/skbty.com\/de\/wp-json\/wp\/v2\/comments?post=2301"}],"wp:featuredmedia":[{"embeddable":true,"href":"https:\/\/skbty.com\/de\/wp-json\/wp\/v2\/media\/2302"}],"wp:attachment":[{"href":"https:\/\/skbty.com\/de\/wp-json\/wp\/v2\/media?parent=2301"}],"wp:term":[{"taxonomy":"product_brand","embeddable":true,"href":"https:\/\/skbty.com\/de\/wp-json\/wp\/v2\/product_brand?post=2301"},{"taxonomy":"product_cat","embeddable":true,"href":"https:\/\/skbty.com\/de\/wp-json\/wp\/v2\/product_cat?post=2301"},{"taxonomy":"product_tag","embeddable":true,"href":"https:\/\/skbty.com\/de\/wp-json\/wp\/v2\/product_tag?post=2301"}],"curies":[{"name":"wp","href":"https:\/\/api.w.org\/{rel}","templated":true}]}}