{"id":2311,"date":"2024-01-05T11:35:36","date_gmt":"2024-01-05T03:35:36","guid":{"rendered":"https:\/\/skbty.com\/?post_type=product&#038;p=2311"},"modified":"2024-06-21T11:24:54","modified_gmt":"2024-06-21T03:24:54","slug":"2-in-1-gerat-zur-laser-haarentfernung-und-tattooentfernung","status":"publish","type":"product","link":"https:\/\/skbty.com\/de\/product\/2-in-1-gerat-zur-laser-haarentfernung-und-tattooentfernung\/","title":{"rendered":"2-in-1-Laser-Haarentfernungs- und Tattooentfernungsger\u00e4t"},"content":{"rendered":"<div class=\"J_module\">\n<div class=\"ife-detail-decorate-table\">\n<h3>Was ist die <strong>2-in-1-Ger\u00e4t zur Haarentfernung mit 808 nm-Laser und Tattooentfernung mit Pikosekundenlaser?<\/strong><\/h3>\n<p>Die <strong>2 in 1 808 nm Laser-Haarentfernung + Pikosekunden-Laser-Tattooentfernung <\/strong>Das Ger\u00e4t kombiniert fortschrittliche 808-nm-Diodenlasertechnologie mit Pikosekundenlasertechnologie, um eine hervorragende Haarentfernung und Hautbehandlung zu erm\u00f6glichen. Dieses multifunktionale Ger\u00e4t ist f\u00fcr effektive, nichtinvasive Behandlungen konzipiert, die auf verschiedene Haut- und Haarprobleme abzielen und eine umfassende L\u00f6sung zur \u00e4sthetischen Verbesserung bieten.<\/p>\n<h3>Technische Daten<\/h3>\n<ul>\n<li><strong>Name<\/strong>: 2 in 1 808 nm Haarentfernung + Pikosekundenlaser Tattooentfernung<\/li>\n<li><strong>Bildschirm<\/strong>: 8 Zoll<\/li>\n<li><strong>Frequenz<\/strong>: 1-10Hz<\/li>\n<li><strong>Wellenl\u00e4nge zur Haarentfernung<\/strong>: 808 nm<\/li>\n<li><strong>Energie<\/strong>: 1-120J\/CM\u00b2<\/li>\n<li><strong>Laserleistung<\/strong>Leistung: 300 W\/400 W<\/li>\n<li><strong>Impulsbreite<\/strong>: 1MS-400MS<\/li>\n<li><strong>Ma\u00dfe<\/strong>: 53<em>44<\/em>142 cm (55 kg)<\/li>\n<li><strong>Gesamtleistung<\/strong>Leistung: 2000 W<\/li>\n<\/ul>\n<table style=\"border-collapse: collapse; width: 100%;\">\n<tbody>\n<tr>\n<td style=\"width: 50%;\"><img loading=\"lazy\" decoding=\"async\" class=\"magic-13 aligncenter\" title=\"Pikosekundenlaser-Tattooentfernungsger\u00e4t\" src=\"https:\/\/sc04.alicdn.com\/kf\/H37ad109e5dbb4fe9868f2b48e83eea3fN\/247315878\/H37ad109e5dbb4fe9868f2b48e83eea3fN.png\" alt=\"Pikosekundenlaser-Tattooentfernungsger\u00e4t\" width=\"346\" height=\"264\" data-src=\"\/\/sc04.alicdn.com\/kf\/H37ad109e5dbb4fe9868f2b48e83eea3fN\/247315878\/H37ad109e5dbb4fe9868f2b48e83eea3fN.png\" \/><\/td>\n<td style=\"width: 50%;\"><img loading=\"lazy\" decoding=\"async\" class=\"magic-15 aligncenter\" title=\"Pikosekundenlaser-Tattooentfernungsger\u00e4t\" src=\"https:\/\/sc04.alicdn.com\/kf\/Hb93de2e708ba46a78a16d7a6d8c4e502S\/247315878\/Hb93de2e708ba46a78a16d7a6d8c4e502S.png\" alt=\"Pikosekundenlaser-Tattooentfernungsger\u00e4t\" width=\"314\" height=\"329\" data-src=\"\/\/sc04.alicdn.com\/kf\/Hb93de2e708ba46a78a16d7a6d8c4e502S\/247315878\/Hb93de2e708ba46a78a16d7a6d8c4e502S.png\" \/><\/td>\n<\/tr>\n<\/tbody>\n<\/table>\n<h3>Theorie<\/h3>\n<p>Die 2-in-1-Maschine nutzt zwei Spitzentechnologien:<\/p>\n<ol>\n<li><strong>808 nm Diodenlasertechnologie<\/strong>: Diese Technologie zielt auf die Melanozyten in den Haarfollikeln ab, ohne das umliegende Gewebe zu besch\u00e4digen. Die Laserenergie wird vom Melanin absorbiert, in W\u00e4rme umgewandelt und erh\u00f6ht die Temperatur der Haarfollikel, was zu ihrer irreversiblen Zerst\u00f6rung und dauerhaften Haarentfernung f\u00fchrt.<\/li>\n<li><strong>Pikosekundenlasertechnologie<\/strong>: Diese Technologie erzeugt durch sehr kurze Impulsdauern mechanische Sto\u00dfwellen, die Pigmentpartikel zerst\u00f6ren. Diese Partikel werden dann vom K\u00f6rper absorbiert und ausgeschieden, wodurch thermische Sch\u00e4den minimiert und verschiedene Pigmentflecken wirksam behandelt werden.<\/li>\n<\/ol>\n<h3><img loading=\"lazy\" decoding=\"async\" class=\"magic-17 aligncenter\" title=\"Pikosekundenlaser-Tattooentfernungsger\u00e4t\" src=\"https:\/\/sc04.alicdn.com\/kf\/Hed2faa57b1754604a282e6d596c3191al\/247315878\/Hed2faa57b1754604a282e6d596c3191al.png\" alt=\"Pikosekundenlaser-Tattooentfernungsger\u00e4t\" width=\"484\" height=\"294\" data-src=\"\/\/sc04.alicdn.com\/kf\/Hed2faa57b1754604a282e6d596c3191al\/247315878\/Hed2faa57b1754604a282e6d596c3191al.png\" \/><\/h3>\n<h3>Funktionen<\/h3>\n<ol>\n<li><strong>Tattooentfernung<\/strong>: Entfernt alle Farbtattoos, einschlie\u00dflich Eyeliner und Lippenkonturen.<\/li>\n<li><strong>Pigmententfernung<\/strong>: Entfernt sowohl epidermale als auch dermale Pigmente wie Ota-Muttermale, blaue Muttermale, schwarze Muttermale und Kaffeeflecken.<\/li>\n<li><strong>Fleckentfernung<\/strong>: Behandelt Altersflecken, Sommersprossen, Sonnenflecken und Melasma.<\/li>\n<li><strong>Hautaufhellung und -verj\u00fcngung<\/strong>: Verbessert die Hautstruktur und macht sie wei\u00dfer und glatter.<\/li>\n<\/ol>\n<h3>Vorteile<\/h3>\n<ol>\n<li><strong>Fortschrittliche Technologie<\/strong>: Kombiniert Dioden- und Pikosekundenlaser f\u00fcr eine verbesserte Behandlungswirksamkeit.<\/li>\n<li><strong>Unabh\u00e4ngige Stromversorgung<\/strong>: Gew\u00e4hrleistet hohe Qualit\u00e4t und Stabilit\u00e4t.<\/li>\n<li><strong>Intelligente Schnittstelle<\/strong>: Voreingestellte Verarbeitungsparameter f\u00fcr eine einfache Bedienung.<\/li>\n<li><strong>\u00dcberwachungssystem<\/strong>: Fortschrittliches System sch\u00fctzt die Maschine kontinuierlich.<\/li>\n<li><strong>Kombinationsschloss-Funktion<\/strong>: Erleichtert die Kontrolle bei der Einrichtung von Mietgesch\u00e4ften.<\/li>\n<\/ol>\n<h3>Auswirkungen<\/h3>\n<h4>808 nm Diodenlasereffekte<\/h4>\n<ol>\n<li><strong>Haarentfernung unter den Achseln<\/strong>: Reduziert und hemmt das Wachstum der Haarfollikel.<\/li>\n<li><strong>Fu\u00dfhaarentfernung<\/strong>: Reduziert die Behaarung und verbessert die Hautgl\u00e4tte.<\/li>\n<li><strong>Haarentfernung am R\u00fccken<\/strong>: Reduziert die Behaarung f\u00fcr eine glattere R\u00fcckenhaut.<\/li>\n<li><strong>Haarentfernung an den Armen<\/strong>: Reduziert die Haarbildung deutlich und verbessert den Hautglanz.<\/li>\n<\/ol>\n<h4>Pikosekundenlasereffekte<\/h4>\n<ol>\n<li><strong>Porenverkleinerung<\/strong>: Verbessert grobe Poren und verbessert die Hautstruktur.<\/li>\n<li><strong>Fleckentfernung<\/strong>: Beseitigt wirksam Gesichtsflecken, ohne eine Schw\u00e4rzung zu verursachen.<\/li>\n<li><strong>Reduzierung feiner Linien<\/strong>: Beseitigt feine Linien unter den Augen und bietet sichtbare Ergebnisse.<\/li>\n<li><strong>Narbenbehandlung<\/strong>: Verbessert hartn\u00e4ckige Narben und Gr\u00fcbchen im Gesicht.<\/li>\n<li><strong>Tattooentfernung<\/strong>: Entfernt effektiv T\u00e4towierungen verschiedener Farben, ohne Spuren zu hinterlassen.<\/li>\n<li><strong>Hautaufhellung<\/strong>: Verbessert stumpfe Haut und macht sie glatt und zart.<\/li>\n<\/ol>\n<h3><strong>Anpassen Logo<\/strong><\/h3>\n<p>Wollen, machen Ihre Marke stand heraus? Wir bieten angepasst logo Dienstleistungen zu helfen Sie erstellen Sie eine einzigartige und personalisierte logo spiegelt Ihre Marke Identit\u00e4t. Unser team von Experten arbeiten eng mit Ihnen zusammen, um ein logo zu entwerfen, die in Resonanz mit Ihrer Marke und messaging. Egal, ob Sie Umbau Ihres bestehenden Logos oder eine neue erstellen von Grund auf neu, wir haben Sie abgedeckt. <a href=\"\/de\/kontakt\/\">Kontaktieren Sie uns<\/a> heute erfahren Sie mehr \u00fcber unsere ma\u00dfgeschneiderten logo-Service!<\/p>\n<\/div>\n<\/div>\n<div class=\"J_module\">\n<div class=\"detail-decorate-json-renderer-container\">\n<div class=\"magic-5\">\n<div class=\"magic-8\">\n<div class=\"magic-9\">\n<div class=\"magic-10\">\n<div><\/div>\n<\/div>\n<\/div>\n<\/div>\n<\/div>\n<\/div>\n<\/div>","protected":false},"excerpt":{"rendered":"<div><span class=\"magic-3\" style=\"font-family: Arial;\">Der Diodenlaser hat eine Wellenl\u00e4nge von 808 nm und wirkt insbesondere auf die Melanozyten des Haarfollikels, ohne das umliegende Gewebe zu sch\u00e4digen. Das Laserlicht kann von den Melanozyten des Haarschafts und der Haarfollikel absorbiert und in W\u00e4rme umgewandelt werden, wodurch die Temperatur der Haarfollikel steigt.<\/span><\/div>\n<div><span class=\"magic-3\" style=\"font-family: Arial;\">Das Pikosekundenlaserger\u00e4t ersetzt den thermischen Effekt durch einen sehr kurzen Impulsausgangsmodus und nutzt das mechanische Sto\u00dfwellenprinzip des Lichts, um das Pigment durch die fokussierte Energie in feine Partikel zu \u201ezerkleinern\u201c, die vom menschlichen Stoffwechsel leichter aufgenommen werden k\u00f6nnen.<\/span><\/div>","protected":false},"featured_media":2312,"comment_status":"open","ping_status":"closed","template":"","meta":{"_kad_post_transparent":"default","_kad_post_title":"","_kad_post_layout":"default","_kad_post_sidebar_id":"","_kad_post_content_style":"default","_kad_post_vertical_padding":"default","_kad_post_feature":"","_kad_post_feature_position":"","_kad_post_header":false,"_kad_post_footer":false,"_kad_post_classname":"","rank_math_title":"","rank_math_description":"","rank_math_focus_keyword":""},"product_brand":[],"product_cat":[66],"product_tag":[],"class_list":{"0":"post-2311","1":"product","2":"type-product","3":"status-publish","4":"has-post-thumbnail","6":"product_cat-2-in-1-808nmpico","8":"first","9":"instock","10":"shipping-taxable","11":"product-type-simple","12":"entry","13":"content-bg","14":"loop-entry"},"_links":{"self":[{"href":"https:\/\/skbty.com\/de\/wp-json\/wp\/v2\/product\/2311","targetHints":{"allow":["GET"]}}],"collection":[{"href":"https:\/\/skbty.com\/de\/wp-json\/wp\/v2\/product"}],"about":[{"href":"https:\/\/skbty.com\/de\/wp-json\/wp\/v2\/types\/product"}],"replies":[{"embeddable":true,"href":"https:\/\/skbty.com\/de\/wp-json\/wp\/v2\/comments?post=2311"}],"wp:featuredmedia":[{"embeddable":true,"href":"https:\/\/skbty.com\/de\/wp-json\/wp\/v2\/media\/2312"}],"wp:attachment":[{"href":"https:\/\/skbty.com\/de\/wp-json\/wp\/v2\/media?parent=2311"}],"wp:term":[{"taxonomy":"product_brand","embeddable":true,"href":"https:\/\/skbty.com\/de\/wp-json\/wp\/v2\/product_brand?post=2311"},{"taxonomy":"product_cat","embeddable":true,"href":"https:\/\/skbty.com\/de\/wp-json\/wp\/v2\/product_cat?post=2311"},{"taxonomy":"product_tag","embeddable":true,"href":"https:\/\/skbty.com\/de\/wp-json\/wp\/v2\/product_tag?post=2311"}],"curies":[{"name":"wp","href":"https:\/\/api.w.org\/{rel}","templated":true}]}}