{"id":2334,"date":"2024-01-06T12:17:31","date_gmt":"2024-01-06T04:17:31","guid":{"rendered":"https:\/\/skbty.com\/?post_type=product&#038;p=2334"},"modified":"2024-06-20T17:56:26","modified_gmt":"2024-06-20T09:56:26","slug":"2-in-1-plasma-schonheitsmaschine","status":"publish","type":"product","link":"https:\/\/skbty.com\/de\/product\/2-in-1-plasma-schonheitsmaschine\/","title":{"rendered":"2-in-1-Plasma-Sch\u00f6nheitsmaschine"},"content":{"rendered":"<div class=\"J_module\">\n<div class=\"detail-decorate-json-renderer-container\">\n<div class=\"magic-1\">\n<h3>Was ist die <strong>2-in-1-Plasma-Sch\u00f6nheitsmaschine?<\/strong><\/h3>\n<p>Die <strong>2-in-1-Plasma-Sch\u00f6nheitsmaschine<\/strong> kombiniert die Kraft der Flash-Plasma- und Ozonplasma-Technologien f\u00fcr eine umfassende Hautbehandlung. Das Flash-Plasma mit einem goldenen Griff strafft das Gesicht und entfernt Flecken und F\u00e4ltchen, w\u00e4hrend das Ozonplasma mit einem wei\u00dfen Griff entz\u00fcndungshemmende, sterilisierende, juckreizlindernde, pigmentstoffwechself\u00f6rdernde, \u00f6lregulierende und hautreinigende Vorteile bietet. Das Ger\u00e4t wird mit sieben austauschbaren Sonden geliefert, die f\u00fcr die Behandlung verschiedener Hauterkrankungen wie Allergien, Akne, Ekzeme und Dermatitis entwickelt wurden.<\/p>\n<h3>Technische Daten<\/h3>\n<ul>\n<li><strong>Name<\/strong>: 2 in 1 Plasma Sch\u00f6nheitsmaschine<\/li>\n<li><strong>Technologie<\/strong>: Blitzplasma + Ozonplasma<\/li>\n<li><strong>Service<\/strong>: OEM \/ ODM<\/li>\n<li><strong>Stromspannung<\/strong>: Wechselstrom 110 V\/220 V<\/li>\n<li><strong>Ausgangsleistung<\/strong>: 10-60W<\/li>\n<li><strong>Ausgangsfrequenz<\/strong>: 15 Hz - 150 Hz<\/li>\n<li><strong>Gr\u00f6\u00dfe<\/strong>: 41 (L\u00e4nge) \u00d7 41 (Breite) \u00d7 50 (H\u00f6he) cm<\/li>\n<li><strong>Bruttogewicht<\/strong>: Etwa 13kg<\/li>\n<\/ul>\n<table style=\"border-collapse: collapse; width: 100%;\">\n<tbody>\n<tr>\n<td style=\"width: 50%;\"><img loading=\"lazy\" decoding=\"async\" class=\"magic-24 aligncenter\" title=\"Plasma-Sch\u00f6nheitsmaschine\" src=\"https:\/\/sc04.alicdn.com\/kf\/Hf6e5f224aa4c4cc189ebb0d5f5e15575K\/247315878\/Hf6e5f224aa4c4cc189ebb0d5f5e15575K.png\" alt=\"Plasma-Sch\u00f6nheitsmaschine\" width=\"384\" height=\"256\" data-src=\"\/\/sc04.alicdn.com\/kf\/Hf6e5f224aa4c4cc189ebb0d5f5e15575K\/247315878\/Hf6e5f224aa4c4cc189ebb0d5f5e15575K.png\" \/><\/td>\n<td style=\"width: 50%;\"><img loading=\"lazy\" decoding=\"async\" class=\"magic-26 aligncenter\" title=\"Plasma-Sch\u00f6nheitsmaschine\" src=\"https:\/\/sc04.alicdn.com\/kf\/H7001b3f33b1747fa92199444c8f3f588J\/247315878\/H7001b3f33b1747fa92199444c8f3f588J.png\" alt=\"Plasma-Sch\u00f6nheitsmaschine\" width=\"750\" height=\"362\" data-src=\"\/\/sc04.alicdn.com\/kf\/H7001b3f33b1747fa92199444c8f3f588J\/247315878\/H7001b3f33b1747fa92199444c8f3f588J.png\" \/><\/td>\n<\/tr>\n<\/tbody>\n<\/table>\n<h3>Funktionsprinzip<\/h3>\n<p><strong>Was ist Plasma?<\/strong> Plasma ist ein Zustand der Materie, in dem Gas aktiviert wird, Energie freisetzt und Ionisierung erzeugt. In diesem Ger\u00e4t wird Gleichstrom (DC) als Energiequelle verwendet, um eine Funkenentladungssequenz zu erzeugen, die die Haut erhitzt, ohne das umliegende Gewebe zu sch\u00e4digen. Die 4 mm von der Haut entfernte Spitze des Ger\u00e4ts ionisiert die Luft zu Plasma, stimuliert die Zellregeneration, verbessert die Hautabsorption, sorgt f\u00fcr antibakterielle Reinigung und verbessert die Elastizit\u00e4t und Kontur der Haut.<\/p>\n<h3><img loading=\"lazy\" decoding=\"async\" class=\"magic-18 aligncenter\" title=\"Plasma-Sch\u00f6nheitsmaschine\" src=\"https:\/\/sc04.alicdn.com\/kf\/H0f2d4ca5d81b4a798968bff0808070b4z\/247315878\/H0f2d4ca5d81b4a798968bff0808070b4z.png\" alt=\"Plasma-Sch\u00f6nheitsmaschine\" width=\"546\" height=\"212\" data-src=\"\/\/sc04.alicdn.com\/kf\/H0f2d4ca5d81b4a798968bff0808070b4z\/247315878\/H0f2d4ca5d81b4a798968bff0808070b4z.png\" \/><\/h3>\n<p><img loading=\"lazy\" decoding=\"async\" class=\"magic-20 aligncenter\" title=\"Plasma-Sch\u00f6nheitsmaschine\" src=\"https:\/\/sc04.alicdn.com\/kf\/H15aa9e5f516449148cf30b3128840968w\/247315878\/H15aa9e5f516449148cf30b3128840968w.png\" alt=\"Plasma-Sch\u00f6nheitsmaschine\" width=\"526\" height=\"482\" data-src=\"\/\/sc04.alicdn.com\/kf\/H15aa9e5f516449148cf30b3128840968w\/247315878\/H15aa9e5f516449148cf30b3128840968w.png\" \/><\/p>\n<h3>Betriebsarten<\/h3>\n<ul>\n<li><strong>A: Automatischer Modus<\/strong>: Griffpause und Bedienoberfl\u00e4che werden mit der Starttaste synchronisiert und entweder \u00fcber den Anzeigebildschirm oder den Griff aktiviert.<\/li>\n<li><strong>M: Manueller Modus<\/strong>: Bei Bedienung \u00fcber ein Pedal bleibt die Pause- bzw. Starttaste am Griff bzw. am Display inaktiv.<\/li>\n<\/ul>\n<p><strong>Zweikanal-Einzelcontroller<\/strong>: Es kann immer nur ein Griff gleichzeitig bedient werden.<\/p>\n<ul>\n<li><strong>Leistung<\/strong>: 10-60W<\/li>\n<li><strong>Pulsfrequenz-Getriebe<\/strong>: 0-8<\/li>\n<li><strong>Level-Energie-Ausr\u00fcstung<\/strong>: 1-8<\/li>\n<\/ul>\n<h3>Merkmale<\/h3>\n<ol>\n<li><strong>Plasmatechnik<\/strong>: Im Gegensatz zu Lasern zielt Plasma nicht auf bestimmte Chromophore ab und ist daher f\u00fcr verschiedene K\u00f6rperteile vielseitig einsetzbar.<\/li>\n<li><strong>W\u00e4rmeerzeugung<\/strong>: Verwendet kleine elektrische Str\u00f6me zur W\u00e4rmeerzeugung.<\/li>\n<li><strong>Schnelle Behandlung<\/strong>: Behandelt schlaffe Bereiche mit h\u00f6chster Pr\u00e4zision und f\u00f6rdert die sofortige Straffung der Haut und die Kollagenproduktion.<\/li>\n<li><strong>Kollagenregeneration<\/strong>: F\u00f6rdert die Hautregeneration und verbessert die Gesichtskontur.<\/li>\n<\/ol>\n<h3>Funktionen<\/h3>\n<ol>\n<li>Entfernung von Aknenarben<\/li>\n<li>Entfernung von Muttermalen und Flecken<\/li>\n<li>Pigment- und Sommersprossenentfernung<\/li>\n<li>Dehnungsstreifenentfernung und Lidkorrektur<\/li>\n<li>Hautstraffung, Straffung und Faltenentfernung<\/li>\n<li>Tonisierende Wirkung<\/li>\n<\/ol>\n<h3>Auswirkungen<\/h3>\n<ol>\n<li>Verbessert die Aufnahme aktiver Inhaltsstoffe in Hautpflegeprodukten und steigert so die kosmetische Wirksamkeit.<\/li>\n<li>Wirkt bakterizid und entz\u00fcndungshemmend. Entfernt wirksam tief in der Haut sitzende Aknebakterien und Akneflecken und beugt gleichzeitig einem erneuten Auftreten vor.<\/li>\n<li>Beschleunigt den Hautstoffwechsel, f\u00f6rdert die Kollagenregeneration und lindert die Hautalterung.<\/li>\n<li>Lindert allergiebedingten Juckreiz und Trockenheit.<\/li>\n<li>Hemmt die Melaninproduktion, hellt den Hautton auf, verbessert die Hautqualit\u00e4t und verkleinert die Poren.<\/li>\n<\/ol>\n<\/div>\n<\/div>\n<\/div>\n<div class=\"J_module\">\n<div class=\"icbu-pc-images magic-16\">\n<div>\n<div class=\"flex-layout-v\">\n<div class=\"flex-layout-h magic-16\">\n<div class=\"magic-29\"><img loading=\"lazy\" decoding=\"async\" class=\"magic-30 aligncenter\" title=\"Plasma-Sch\u00f6nheitsmaschine\" src=\"https:\/\/sc04.alicdn.com\/kf\/Hc84e1501458c459f8036565a963fab8fG\/247315878\/Hc84e1501458c459f8036565a963fab8fG.png\" alt=\"Plasma-Sch\u00f6nheitsmaschine\" width=\"547\" height=\"281\" data-src=\"\/\/sc04.alicdn.com\/kf\/Hc84e1501458c459f8036565a963fab8fG\/247315878\/Hc84e1501458c459f8036565a963fab8fG.png\" \/><\/div>\n<div>\n<h3><strong>Anpassen Logo<\/strong><\/h3>\n<p>Wollen, machen Ihre Marke stand heraus? Wir bieten angepasst logo Dienstleistungen zu helfen Sie erstellen Sie eine einzigartige und personalisierte logo spiegelt Ihre Marke Identit\u00e4t. Unser team von Experten arbeiten eng mit Ihnen zusammen, um ein logo zu entwerfen, die in Resonanz mit Ihrer Marke und messaging. Egal, ob Sie Umbau Ihres bestehenden Logos oder eine neue erstellen von Grund auf neu, wir haben Sie abgedeckt. <a href=\"\/de\/kontakt\/\">Kontaktieren Sie uns<\/a> heute erfahren Sie mehr \u00fcber unsere ma\u00dfgeschneiderten logo-Service!<\/p>\n<\/div>\n<\/div>\n<\/div>\n<\/div>\n<\/div>\n<\/div>","protected":false},"excerpt":{"rendered":"<p><span class=\"magic-7\" style=\"font-family: Arial;\">Diese 2-in-1-Plasma-Sch\u00f6nheitsmaschine besteht aus einem Blitzplasma und einem Ozonplasma. Eine der Funktionen des Blitzplasmas mit dem goldenen Griff besteht darin, das Gesicht zu straffen und Flecken und F\u00e4ltchen zu entfernen. Wei\u00dfer Griff \u2013 Ozonplasma-Funktion zwei: entz\u00fcndungshemmende Sterilisation, Juckreiz lindern, Stoffwechselpigmente, \u00d6lsekretion regulieren \u2013 \u00d6lkontrolle, Haut reinigen. Sieben verschiedene Sonden k\u00f6nnen f\u00fcr allergische Haut, Akne, Ekzeme, Dermatitis und andere Hauttypen ausgetauscht werden.<\/span><\/p>","protected":false},"featured_media":2327,"comment_status":"open","ping_status":"closed","template":"","meta":{"_kad_post_transparent":"default","_kad_post_title":"","_kad_post_layout":"default","_kad_post_sidebar_id":"","_kad_post_content_style":"default","_kad_post_vertical_padding":"default","_kad_post_feature":"","_kad_post_feature_position":"","_kad_post_header":false,"_kad_post_footer":false,"_kad_post_classname":"","rank_math_title":"","rank_math_description":"","rank_math_focus_keyword":""},"product_brand":[],"product_cat":[64],"product_tag":[],"class_list":{"0":"post-2334","1":"product","2":"type-product","3":"status-publish","4":"has-post-thumbnail","6":"product_cat-plasma-machines","8":"first","9":"instock","10":"shipping-taxable","11":"product-type-simple","12":"entry","13":"content-bg","14":"loop-entry"},"_links":{"self":[{"href":"https:\/\/skbty.com\/de\/wp-json\/wp\/v2\/product\/2334","targetHints":{"allow":["GET"]}}],"collection":[{"href":"https:\/\/skbty.com\/de\/wp-json\/wp\/v2\/product"}],"about":[{"href":"https:\/\/skbty.com\/de\/wp-json\/wp\/v2\/types\/product"}],"replies":[{"embeddable":true,"href":"https:\/\/skbty.com\/de\/wp-json\/wp\/v2\/comments?post=2334"}],"wp:featuredmedia":[{"embeddable":true,"href":"https:\/\/skbty.com\/de\/wp-json\/wp\/v2\/media\/2327"}],"wp:attachment":[{"href":"https:\/\/skbty.com\/de\/wp-json\/wp\/v2\/media?parent=2334"}],"wp:term":[{"taxonomy":"product_brand","embeddable":true,"href":"https:\/\/skbty.com\/de\/wp-json\/wp\/v2\/product_brand?post=2334"},{"taxonomy":"product_cat","embeddable":true,"href":"https:\/\/skbty.com\/de\/wp-json\/wp\/v2\/product_cat?post=2334"},{"taxonomy":"product_tag","embeddable":true,"href":"https:\/\/skbty.com\/de\/wp-json\/wp\/v2\/product_tag?post=2334"}],"curies":[{"name":"wp","href":"https:\/\/api.w.org\/{rel}","templated":true}]}}