{"id":2365,"date":"2024-01-08T16:39:32","date_gmt":"2024-01-08T08:39:32","guid":{"rendered":"https:\/\/skbty.com\/?post_type=product&#038;p=2365"},"modified":"2024-06-20T16:37:57","modified_gmt":"2024-06-20T08:37:57","slug":"133-zoll-3d-gesichtshautanalysegerat","status":"publish","type":"product","link":"https:\/\/skbty.com\/de\/product\/133-zoll-3d-gesichtshautanalysegerat\/","title":{"rendered":"13,3 Zoll 3D-Gesichtshautanalyseger\u00e4t"},"content":{"rendered":"<div class=\"J_module\"><\/div>\n<div class=\"J_module\">\n<div class=\"detail-decorate-json-renderer-container\">\n<div class=\"magic-6\">\n<div class=\"magic-7\">\n<div class=\"magic-8\">\n<div>\n<h3>Was ist 3D <strong>Gesichtshautanalysator?<\/strong><\/h3>\n<p>Die 3D <strong>Gesichtshautanalysator<\/strong> ist ein hochmodernes, tragbares Ger\u00e4t f\u00fcr eine umfassende Hautanalyse. Mithilfe fortschrittlicher Technologien wie 3D-Gesichtsscan, KI-Gesichtserkennung und Deep Learning beurteilt dieses Ger\u00e4t den Hautzustand pr\u00e4zise und bietet eine wissenschaftliche Grundlage f\u00fcr eine personalisierte Hautpflege.<\/p>\n<h3><img loading=\"lazy\" decoding=\"async\" class=\"magic-15 aligncenter\" title=\"Gesichtshautanalysator\" src=\"https:\/\/sc04.alicdn.com\/kf\/H574aefb44f984ee9b4230c799b4235eez\/247315878\/H574aefb44f984ee9b4230c799b4235eez.png\" alt=\"Gesichtshautanalysator\" width=\"531\" height=\"397\" data-src=\"\/\/sc04.alicdn.com\/kf\/H574aefb44f984ee9b4230c799b4235eez\/247315878\/H574aefb44f984ee9b4230c799b4235eez.png\" \/><\/h3>\n<h3>Technische Daten<\/h3>\n<ul>\n<li><strong>Name<\/strong>: 3D-Gesichtshautanalysator<\/li>\n<li><strong>Typ<\/strong>: Tragbar<\/li>\n<li><strong>Funktion<\/strong>: Hautfaltenanalyse, Pigmentierungsanalyse, Akneanalyse, Hautfeuchtigkeitserkennung<\/li>\n<li><strong>Anzeige<\/strong>: 13,3 Zoll<\/li>\n<li><strong>Eingang<\/strong>: Wechselstrom 100\/240 V, 50\/60 Hz<\/li>\n<li><strong>Leistung<\/strong>: 0-100W<\/li>\n<li><strong>Nennstrom<\/strong>: 1A<\/li>\n<li><strong>OEM-Dienst<\/strong>: Unterst\u00fctzung<\/li>\n<\/ul>\n<h3>Funktionsprinzip<\/h3>\n<p>Die 3D <strong>Gesichtshautanalysator<\/strong> verwendet 36 Millionen hochaufl\u00f6sende Pixel, um Bilder der Gesichtshaut aufzunehmen. Es nutzt 8 Spektralbildgebungstechnologien, KI-Gesichtserkennung, Deep Learning, 3D-Simulation und Cloud Computing, um oberfl\u00e4chliche und tiefe Hauterkrankungen quantitativ zu analysieren. Dieses Ger\u00e4t erkennt 14 Indikatoren f\u00fcr die Hautgesundheit und bietet eine umfassende Bewertung des Hautzustands f\u00fcr eine genaue Hautbehandlung.<\/p>\n<h3><img loading=\"lazy\" decoding=\"async\" class=\"magic-20 aligncenter\" title=\"Gesichtshautanalysator\" src=\"https:\/\/sc04.alicdn.com\/kf\/H34a4d9d9a1e34a31ba97df47073ae67eS\/247315878\/H34a4d9d9a1e34a31ba97df47073ae67eS.png\" alt=\"Gesichtshautanalysator\" width=\"561\" height=\"560\" data-src=\"\/\/sc04.alicdn.com\/kf\/H34a4d9d9a1e34a31ba97df47073ae67eS\/247315878\/H34a4d9d9a1e34a31ba97df47073ae67eS.png\" \/><\/h3>\n<h3>Zehn Module<\/h3>\n<ol>\n<li><strong>Dateiverwaltungsmodul<\/strong><\/li>\n<li><strong>Module f\u00fcr Cloud Computing und Cloud Storage<\/strong><\/li>\n<li><strong>Module f\u00fcr oberfl\u00e4chliche und tiefe quantitative Analysen<\/strong><\/li>\n<li><strong>Hautvorhersagemodul<\/strong><\/li>\n<li><strong>3D-Simulationsmodul<\/strong><\/li>\n<li><strong>Problemhaut-Modul<\/strong><\/li>\n<li><strong>Modul \u201eVergleichende Analyse\u201c<\/strong><\/li>\n<li><strong>Integriertes Berichtsmodul<\/strong><\/li>\n<li><strong>L\u00f6sungsmodul<\/strong><\/li>\n<li><strong>VIP-Anpassungsmodul<\/strong><\/li>\n<\/ol>\n<h3>Merkmale<\/h3>\n<ol>\n<li><strong>Super Cloud Computing<\/strong>: Bietet eine beispiellose Analysegeschwindigkeit.<\/li>\n<li><strong>Objektive und genaue Daten<\/strong>: Bietet pr\u00e4zise Hautanalyse.<\/li>\n<li><strong>HD-Kameras<\/strong>: Industriekameras sorgen f\u00fcr hochaufl\u00f6sende Bildqualit\u00e4t.<\/li>\n<li><strong>Gesichtserkennung<\/strong>: Umrei\u00dft das Gesicht automatisch f\u00fcr eine zeiteffiziente Analyse.<\/li>\n<li><strong>Intelligentes Deep Learning<\/strong>: Kontinuierliche Upgrades und verbesserte Datengenauigkeit.<\/li>\n<li><strong>Cloud-Speicher<\/strong>: Unbegrenzte Kapazit\u00e4t zur Datenspeicherung.<\/li>\n<li><strong>Verwaltung mehrerer Konten<\/strong>: Unterst\u00fctzt mehrere Benutzerkonten.<\/li>\n<\/ol>\n<h3><img loading=\"lazy\" decoding=\"async\" class=\"magic-24 aligncenter\" title=\"Gesichtshautanalysator\" src=\"https:\/\/sc04.alicdn.com\/kf\/H70a26c09279a4c80a559345bab1eac1dP\/247315878\/H70a26c09279a4c80a559345bab1eac1dP.png\" alt=\"Gesichtshautanalysator\" width=\"697\" height=\"447\" data-src=\"\/\/sc04.alicdn.com\/kf\/H70a26c09279a4c80a559345bab1eac1dP\/247315878\/H70a26c09279a4c80a559345bab1eac1dP.png\" \/><\/h3>\n<h3>Anwendungen<\/h3>\n<ol>\n<li><strong>Hautunregelm\u00e4\u00dfigkeiten<\/strong>: Erkennt Sommersprossen, Sonnensch\u00e4den und Gef\u00e4\u00dfprobleme auf der Hautoberfl\u00e4che.<\/li>\n<li><strong>Falten<\/strong>: Erkennt Falten und unterst\u00fctzt die Kollagen- und Elastinproduktion.<\/li>\n<li><strong>Textur<\/strong>: Analysiert die Hautstruktur und hebt erhabene und eingefallene Bereiche hervor.<\/li>\n<li><strong>Poren<\/strong>: Bewertet die Porenverteilung und schl\u00e4gt Behandlungen zur Reduzierung von Pickeln vor.<\/li>\n<li><strong>UV-Flecken<\/strong>: Erkennt Sonnensch\u00e4den und Flecken auf verschiedenen Hautschichten.<\/li>\n<li><strong>Hautverf\u00e4rbung<\/strong>: Identifiziert Schatten, Pigmentierung und allgemeine Hauttonprobleme.<\/li>\n<li><strong>Gef\u00e4\u00dfbereich<\/strong>: Erkennt R\u00f6tungen durch geplatzte Kapillaren, Entz\u00fcndungen oder Akne.<\/li>\n<li><strong>Bakterien und \u00d6le<\/strong>: Analysiert nat\u00fcrliche Hautbakterien und \u00d6le und schl\u00e4gt Reinigungsbehandlungen vor.<\/li>\n<\/ol>\n<h3><img loading=\"lazy\" decoding=\"async\" class=\"magic-26 aligncenter\" title=\"Gesichtshautanalysator\" src=\"https:\/\/sc04.alicdn.com\/kf\/He939f08b8df343019642a2069afb6030Y\/247315878\/He939f08b8df343019642a2069afb6030Y.png\" alt=\"Gesichtshautanalysator\" width=\"601\" height=\"1047\" data-src=\"\/\/sc04.alicdn.com\/kf\/He939f08b8df343019642a2069afb6030Y\/247315878\/He939f08b8df343019642a2069afb6030Y.png\" \/><\/h3>\n<h3>Vorteile<\/h3>\n<ul>\n<li><strong>Umfassende Hautanalyse<\/strong>: Bietet detaillierte Einblicke in die Hautgesundheit f\u00fcr eine personalisierte Pflege.<\/li>\n<li><strong>Fortschrittliche Technologie<\/strong>: Nutzt KI, Deep Learning und 3D-Simulation f\u00fcr eine genaue Analyse.<\/li>\n<li><strong>Benutzerfreundlich<\/strong>: Verf\u00fcgt \u00fcber einen gro\u00dfen Touchscreen und eine benutzerfreundliche Benutzeroberfl\u00e4che.<\/li>\n<li><strong>Zeiteffizient<\/strong>: Schnelle und pr\u00e4zise Analyse mit automatischer Gesichtserkennung.<\/li>\n<li><strong>Cloud-basierter Speicher<\/strong>: Stellt sicher, dass Daten sicher gespeichert und leicht zug\u00e4nglich sind.<\/li>\n<\/ul>\n<\/div>\n<div class=\"magic-9\">\n<div>\n<h3><strong>Anpassen Logo<\/strong><\/h3>\n<p>Wollen, machen Ihre Marke stand heraus? Wir bieten angepasst logo Dienstleistungen zu helfen Sie erstellen Sie eine einzigartige und personalisierte logo spiegelt Ihre Marke Identit\u00e4t. Unser team von Experten arbeiten eng mit Ihnen zusammen, um ein logo zu entwerfen, die in Resonanz mit Ihrer Marke und messaging. Egal, ob Sie Umbau Ihres bestehenden Logos oder eine neue erstellen von Grund auf neu, wir haben Sie abgedeckt. <a href=\"\/de\/kontakt\/\">Kontaktieren Sie uns<\/a> heute erfahren Sie mehr \u00fcber unsere ma\u00dfgeschneiderten logo-Service!<\/p>\n<\/div>\n<\/div>\n<\/div>\n<\/div>\n<\/div>\n<\/div>\n<\/div>\n<div class=\"J_module\">\n<div class=\"detail-decorate-json-renderer-container\">\n<div class=\"magic-6\">\n<div class=\"magic-7\">\n<div class=\"magic-8\"><\/div>\n<\/div>\n<\/div>\n<\/div>\n<\/div>","protected":false},"excerpt":{"rendered":"<p><span class=\"magic-18\" style=\"font-family: Arial;\">Durch 36 Millionen hochaufl\u00f6sende Pixel werden Gesichtshautbilder erfasst. Dabei kommen 8 Arten von Spektralbildtechnologie, KI-Gesichtserkennungstechnologie, Deep-Learning-Technologie, 3D-Simulationstechnologie und Cloud-Computing-Cloud-Speicher zum Einsatz. Die quantitative Analyse der Hautoberfl\u00e4che und pathologischer Merkmale tiefer Hautschichten sowie die Erkennung von 14 Hautgesundheitsindikatoren werden durchgef\u00fchrt. Umfassende Analyse und Bewertung von Hautproblemen auf der Grundlage einer vern\u00fcnftigen Grundlage f\u00fcr eine wissenschaftliche und genaue Hautbehandlung.<\/span><\/p>","protected":false},"featured_media":2366,"comment_status":"open","ping_status":"closed","template":"","meta":{"_kad_post_transparent":"default","_kad_post_title":"","_kad_post_layout":"default","_kad_post_sidebar_id":"","_kad_post_content_style":"default","_kad_post_vertical_padding":"default","_kad_post_feature":"","_kad_post_feature_position":"","_kad_post_header":false,"_kad_post_footer":false,"_kad_post_classname":"","rank_math_title":"","rank_math_description":"","rank_math_focus_keyword":""},"product_brand":[],"product_cat":[32],"product_tag":[],"class_list":{"0":"post-2365","1":"product","2":"type-product","3":"status-publish","4":"has-post-thumbnail","6":"product_cat-skin-analyzer","8":"first","9":"instock","10":"shipping-taxable","11":"product-type-simple","12":"entry","13":"content-bg","14":"loop-entry"},"_links":{"self":[{"href":"https:\/\/skbty.com\/de\/wp-json\/wp\/v2\/product\/2365","targetHints":{"allow":["GET"]}}],"collection":[{"href":"https:\/\/skbty.com\/de\/wp-json\/wp\/v2\/product"}],"about":[{"href":"https:\/\/skbty.com\/de\/wp-json\/wp\/v2\/types\/product"}],"replies":[{"embeddable":true,"href":"https:\/\/skbty.com\/de\/wp-json\/wp\/v2\/comments?post=2365"}],"wp:featuredmedia":[{"embeddable":true,"href":"https:\/\/skbty.com\/de\/wp-json\/wp\/v2\/media\/2366"}],"wp:attachment":[{"href":"https:\/\/skbty.com\/de\/wp-json\/wp\/v2\/media?parent=2365"}],"wp:term":[{"taxonomy":"product_brand","embeddable":true,"href":"https:\/\/skbty.com\/de\/wp-json\/wp\/v2\/product_brand?post=2365"},{"taxonomy":"product_cat","embeddable":true,"href":"https:\/\/skbty.com\/de\/wp-json\/wp\/v2\/product_cat?post=2365"},{"taxonomy":"product_tag","embeddable":true,"href":"https:\/\/skbty.com\/de\/wp-json\/wp\/v2\/product_tag?post=2365"}],"curies":[{"name":"wp","href":"https:\/\/api.w.org\/{rel}","templated":true}]}}