{"id":2381,"date":"2024-01-08T17:16:03","date_gmt":"2024-01-08T09:16:03","guid":{"rendered":"https:\/\/skbty.com\/?post_type=product&#038;p=2381"},"modified":"2024-06-20T16:19:27","modified_gmt":"2024-06-20T08:19:27","slug":"16-griffe-elektrischer-muskelstimulator-korperformung-ems-maschine","status":"publish","type":"product","link":"https:\/\/skbty.com\/de\/product\/16-griffe-elektrischer-muskelstimulator-korperformung-ems-maschine\/","title":{"rendered":"16 Griffe Muskelstimulator Body Sculpting EMS Maschine"},"content":{"rendered":"<div class=\"J_module\">\n<div class=\"detail-decorate-json-renderer-container\">\n<div class=\"magic-1\">\n<h3>Was ist die <strong>EMS-Ger\u00e4t zur K\u00f6rperformung?<\/strong><\/h3>\n<p><strong>EMS-Ger\u00e4t zur K\u00f6rperformung<\/strong> ist ein personalisiertes Muskelformungsger\u00e4t, das den Muskeltonus verbessert, Fett reduziert und die K\u00f6rperkonturen insgesamt verbessert. Mit seiner fortschrittlichen EMS-Technologie stimuliert dieses Ger\u00e4t Muskelkontraktionen durch elektrische Impulse und bietet so eine effektive, nicht-invasive K\u00f6rperformung.<\/p>\n<p><img loading=\"lazy\" decoding=\"async\" class=\"magic-17 aligncenter\" title=\"EMS-Ger\u00e4t zur K\u00f6rperformung\" src=\"https:\/\/sc04.alicdn.com\/kf\/Hb95adc868ae64bb1b012d7b9650f3e117\/247315878\/Hb95adc868ae64bb1b012d7b9650f3e117.png\" alt=\"EMS-Ger\u00e4t zur K\u00f6rperformung\" width=\"558\" height=\"468\" data-src=\"\/\/sc04.alicdn.com\/kf\/Hb95adc868ae64bb1b012d7b9650f3e117\/247315878\/Hb95adc868ae64bb1b012d7b9650f3e117.png\" \/><\/p>\n<h3><img loading=\"lazy\" decoding=\"async\" class=\"magic-15 aligncenter\" title=\"EMS-Ger\u00e4t zur K\u00f6rperformung\" src=\"https:\/\/sc04.alicdn.com\/kf\/H8d68ab09258b42dea31288da0ef4e43dQ\/247315878\/H8d68ab09258b42dea31288da0ef4e43dQ.png\" alt=\"EMS-Ger\u00e4t zur K\u00f6rperformung\" width=\"513\" height=\"407\" data-src=\"\/\/sc04.alicdn.com\/kf\/H8d68ab09258b42dea31288da0ef4e43dQ\/247315878\/H8d68ab09258b42dea31288da0ef4e43dQ.png\" \/><\/h3>\n<h3>Technische Daten<\/h3>\n<ul>\n<li><strong>Produktname<\/strong>: Body Sculpting EMS-Maschine<\/li>\n<li><strong>Anzeigebildschirm<\/strong>: 10,4-Zoll-Touchscreen<\/li>\n<li><strong>Stromspannung<\/strong>: Wechselstrom 110 V\/220 V<\/li>\n<li><strong>Airbox-Gr\u00f6\u00dfe<\/strong>: 65\u00d745\u00d769 cm<\/li>\n<li><strong>Bruttogewicht<\/strong>: Etwa 28 kg<\/li>\n<li><strong>Technologie<\/strong>: EMS elektrische Impulse<\/li>\n<\/ul>\n<h3>Funktionsprinzip<\/h3>\n<p>Die <strong>EMS-Ger\u00e4t zur K\u00f6rperformung<\/strong> funktioniert, indem hochintensive elektrische Impulsenergie \u00fcber Elektrodengriffe abgegeben wird. Diese Impulse stimulieren direkt die tiefen Muskeln und l\u00f6sen kontinuierliche und schnelle Muskelkontraktionen aus. Dieser Prozess erh\u00f6ht Muskelspannung, -masse und -kraft und f\u00f6rdert gleichzeitig Muskelwachstum und Fettabbau. Die einzigartigen Griffe und Gelpflaster des Ger\u00e4ts sorgen f\u00fcr eine effiziente Energieabgabe und ahmen nat\u00fcrliche Aktionspotentiale nach, die vom Nervensystem ausgel\u00f6st werden.<\/p>\n<h3><img loading=\"lazy\" decoding=\"async\" class=\"magic-10 aligncenter\" title=\"EMS-Ger\u00e4t zur K\u00f6rperformung\" src=\"https:\/\/sc04.alicdn.com\/kf\/Ha10207a26ec245d4b98b884e0370563bV\/247315878\/Ha10207a26ec245d4b98b884e0370563bV.png\" alt=\"EMS-Ger\u00e4t zur K\u00f6rperformung\" width=\"582\" height=\"372\" data-src=\"\/\/sc04.alicdn.com\/kf\/Ha10207a26ec245d4b98b884e0370563bV\/247315878\/Ha10207a26ec245d4b98b884e0370563bV.png\" \/><\/h3>\n<h3>Funktionen<\/h3>\n<ol>\n<li><strong>K\u00f6rperformung<\/strong>: Verbessert die gesamten K\u00f6rperkonturen.<\/li>\n<li><strong>Fettabbau<\/strong>: Beseitigt hartn\u00e4ckige Fettzellen und Doppelkinn.<\/li>\n<li><strong>Hautstraffung und Straffung<\/strong>: Strafft und festigt die Haut.<\/li>\n<li><strong>Kollagenregeneration<\/strong>: F\u00f6rdert die Kollagenproduktion.<\/li>\n<li><strong>Verbesserte Gesichtskontur<\/strong>: Verbessert die Gesichtskontur und die Kieferpartie.<\/li>\n<\/ol>\n<h3>Vorteile<\/h3>\n<ol>\n<li><strong>Nicht-invasiv und komfortabel<\/strong>: Sichere, nicht-invasive Behandlung mit angenehmem Erlebnis.<\/li>\n<li><strong>Effizient und schnell<\/strong>: Liefert schnellere und effektivere Ergebnisse.<\/li>\n<li><strong>Zeitsparend<\/strong>: Mehrere Griffe erm\u00f6glichen die gleichzeitige Behandlung von bis zu acht Bereichen.<\/li>\n<li><strong>Individuelle Behandlungen<\/strong>: 16 Griffe bieten M\u00f6glichkeiten f\u00fcr unterschiedliche K\u00f6rperteile und Muskelgruppen.<\/li>\n<li><strong>Effektive Ergebnisse<\/strong>: Erh\u00f6ht die Muskelmasse um 30% und reduziert das Fett um 25%.<\/li>\n<li><strong>Einfache Bedienung<\/strong>: Einfache Verwendung im automatischen und manuellen Modus.<\/li>\n<li><strong>Intelligente Schleife<\/strong>: Verf\u00fcgt \u00fcber einen automatischen Modus f\u00fcr intelligentes Looping.<\/li>\n<li><strong>Benutzerdefinierte Schleife<\/strong>: Manueller Modus zur individuellen Energiesteuerung.<\/li>\n<\/ol>\n<h3>Anwendungen<\/h3>\n<ul>\n<li><strong>Muskeln formen und st\u00e4rken<\/strong>: Verbessert Muskeldefinition und Muskeltonus.<\/li>\n<li><strong>Fettzellen beseitigen<\/strong>: Reduziert hartn\u00e4ckiges Fett und Doppelkinn.<\/li>\n<li><strong>Straffung und Festigung der Haut<\/strong>: Verbessert die Straffheit und Festigkeit der Haut.<\/li>\n<li><strong>F\u00f6rdert die Kollagenproduktion<\/strong>: Verbessert die Kollagenregeneration f\u00fcr ges\u00fcndere Haut.<\/li>\n<li><strong>Konturverbesserung<\/strong>: Verfeinert die gesamten Gesichts- und K\u00f6rperkonturen.<\/li>\n<\/ul>\n<h3>Vorteile<\/h3>\n<ul>\n<li><strong>Umfassende K\u00f6rperkonturierung<\/strong>: Behandeln Sie mehrere Bereiche gleichzeitig f\u00fcr einen besser geformten K\u00f6rper.<\/li>\n<li><strong>Nicht-invasiv<\/strong>: Sicher und komfortabel ohne Ausfallzeiten.<\/li>\n<li><strong>Effiziente Muskelstimulation<\/strong>: Nutzt fortschrittliche EMS-Technologie f\u00fcr effektive Muskelkontraktion und Fettreduzierung.<\/li>\n<li><strong>Individuelle Behandlung<\/strong>: Passen Sie Intensit\u00e4t und Schwerpunkt der Behandlungen an Ihre individuellen Bed\u00fcrfnisse an.<\/li>\n<\/ul>\n<h3><strong>Anpassen Logo<\/strong><\/h3>\n<p>Wollen, machen Ihre Marke stand heraus? Wir bieten angepasst logo Dienstleistungen zu helfen Sie erstellen Sie eine einzigartige und personalisierte logo spiegelt Ihre Marke Identit\u00e4t. Unser team von Experten arbeiten eng mit Ihnen zusammen, um ein logo zu entwerfen, die in Resonanz mit Ihrer Marke und messaging. Egal, ob Sie Umbau Ihres bestehenden Logos oder eine neue erstellen von Grund auf neu, wir haben Sie abgedeckt. <a href=\"\/de\/kontakt\/\">Kontaktieren Sie uns<\/a> heute erfahren Sie mehr \u00fcber unsere ma\u00dfgeschneiderten logo-Service!<\/p>\n<\/div>\n<\/div>\n<\/div>","protected":false},"excerpt":{"rendered":"<p><span class=\"magic-7\" style=\"font-family: Arial;\">EMS ist ein personalisiertes Muskelformungsger\u00e4t. Das Ger\u00e4t besteht aus 4 Elektrodenkernkabeln, jedes Elektrodenkernkabel besteht aus 4 Elektrodengriffen, insgesamt also 16 Arbeitsgriffen. Indem Sie Ihre H\u00e4nde auf Ihren K\u00f6rper legen, k\u00f6nnen Sie bis zu acht Bereiche gleichzeitig behandeln. Mit einer Vielzahl von Intensit\u00e4tseinstellungen und Behandlungsmodi liefert das Human Carving EMS elektrische Impulse \u00fcber einen auf der Muskelhaut platzierten Griff, der vom Nervensystem initiierte Aktionspotentiale nachahmt, rhythmische Muskelkontraktionen ausl\u00f6st und den Stoffwechsel und die Durchblutung anregt. <\/span><\/p>","protected":false},"featured_media":2382,"comment_status":"open","ping_status":"closed","template":"","meta":{"_kad_post_transparent":"default","_kad_post_title":"","_kad_post_layout":"default","_kad_post_sidebar_id":"","_kad_post_content_style":"default","_kad_post_vertical_padding":"default","_kad_post_feature":"","_kad_post_feature_position":"","_kad_post_header":false,"_kad_post_footer":false,"_kad_post_classname":"","rank_math_title":"","rank_math_description":"","rank_math_focus_keyword":""},"product_brand":[],"product_cat":[31],"product_tag":[],"class_list":{"0":"post-2381","1":"product","2":"type-product","3":"status-publish","4":"has-post-thumbnail","6":"product_cat-body-slimming","8":"first","9":"instock","10":"shipping-taxable","11":"product-type-simple","12":"entry","13":"content-bg","14":"loop-entry"},"_links":{"self":[{"href":"https:\/\/skbty.com\/de\/wp-json\/wp\/v2\/product\/2381","targetHints":{"allow":["GET"]}}],"collection":[{"href":"https:\/\/skbty.com\/de\/wp-json\/wp\/v2\/product"}],"about":[{"href":"https:\/\/skbty.com\/de\/wp-json\/wp\/v2\/types\/product"}],"replies":[{"embeddable":true,"href":"https:\/\/skbty.com\/de\/wp-json\/wp\/v2\/comments?post=2381"}],"wp:featuredmedia":[{"embeddable":true,"href":"https:\/\/skbty.com\/de\/wp-json\/wp\/v2\/media\/2382"}],"wp:attachment":[{"href":"https:\/\/skbty.com\/de\/wp-json\/wp\/v2\/media?parent=2381"}],"wp:term":[{"taxonomy":"product_brand","embeddable":true,"href":"https:\/\/skbty.com\/de\/wp-json\/wp\/v2\/product_brand?post=2381"},{"taxonomy":"product_cat","embeddable":true,"href":"https:\/\/skbty.com\/de\/wp-json\/wp\/v2\/product_cat?post=2381"},{"taxonomy":"product_tag","embeddable":true,"href":"https:\/\/skbty.com\/de\/wp-json\/wp\/v2\/product_tag?post=2381"}],"curies":[{"name":"wp","href":"https:\/\/api.w.org\/{rel}","templated":true}]}}