{"id":2400,"date":"2024-01-11T17:51:00","date_gmt":"2024-01-11T09:51:00","guid":{"rendered":"https:\/\/skbty.com\/?post_type=product&#038;p=2400"},"modified":"2026-03-31T17:03:44","modified_gmt":"2026-03-31T09:03:44","slug":"ret-face-ems-rf-gesichtsschonheitsmaschine","status":"publish","type":"product","link":"https:\/\/skbty.com\/de\/product\/ret-face-ems-rf-gesichtsschonheitsmaschine\/","title":{"rendered":"RET-Face EMS RF Gesichtssch\u00f6nheitsmaschine"},"content":{"rendered":"<div class=\"J_module\">\n<div class=\"detail-decorate-json-renderer-container\">\n<div class=\"magic-2\">\n<div class=\"magic-3\">\n<div class=\"magic-4\">\n<div class=\"magic-5\">\n<h3>Was ist die <strong>EMS RF-Gesichtssch\u00f6nheitsmaschine?<\/strong><\/h3>\n<p>Die <strong>EMS RF Gesichtssch\u00f6nheitsmaschine<\/strong> nutzt synchronisierte W\u00e4rmeenergie und hochintensive pulsierende Magnettechnologie zur Verbesserung der Gesichtshaut- und Muskelbehandlung. Dieses fortschrittliche Ger\u00e4t kombiniert RF- und HI-EMS-Energien f\u00fcr ein effektives Hautlifting, Straffung, Faltenentfernung und Muskelaufbau.<\/p>\n<table style=\"border-collapse: collapse; width: 100%;\">\n<tbody>\n<tr>\n<td style=\"width: 50%;\"><img loading=\"lazy\" decoding=\"async\" class=\"magic-15 aligncenter\" title=\"EMS RF Gesichtssch\u00f6nheitsmaschine\" src=\"https:\/\/sc04.alicdn.com\/kf\/H56243138d7944e57b9992e9fd42209c2W\/247315878\/H56243138d7944e57b9992e9fd42209c2W.png\" alt=\"EMS RF Gesichtssch\u00f6nheitsmaschine\" width=\"401\" height=\"326\" data-src=\"\/\/sc04.alicdn.com\/kf\/H56243138d7944e57b9992e9fd42209c2W\/247315878\/H56243138d7944e57b9992e9fd42209c2W.png\" \/><\/td>\n<td style=\"width: 50%;\"><img loading=\"lazy\" decoding=\"async\" class=\"magic-26 aligncenter\" title=\"EMS RF Gesichtssch\u00f6nheitsmaschine\" src=\"https:\/\/sc04.alicdn.com\/kf\/H5703c3be9f9c481a9159d56615913d2a3\/247315878\/H5703c3be9f9c481a9159d56615913d2a3.png\" alt=\"EMS RF Gesichtssch\u00f6nheitsmaschine\" width=\"415\" height=\"329\" data-src=\"\/\/sc04.alicdn.com\/kf\/H5703c3be9f9c481a9159d56615913d2a3\/247315878\/H5703c3be9f9c481a9159d56615913d2a3.png\" \/><\/td>\n<\/tr>\n<\/tbody>\n<\/table>\n<h3>Technische Daten<\/h3>\n<ul>\n<li><strong>Name<\/strong>: EMS RF Gesichtssch\u00f6nheitsmaschine<\/li>\n<li><strong>Bediengriff<\/strong>: 6 Aufn\u00e4her<\/li>\n<li><strong>Leistung<\/strong>: 100-220 V, 50\/60 Hz<\/li>\n<li><strong>Elektromagnetische Wellenenergie<\/strong>: 0-1,8 t<\/li>\n<li><strong>Anzeige<\/strong>: 15,6-Zoll-Touchscreen<\/li>\n<li><strong>HF-Frequenz<\/strong>: 1M<\/li>\n<li><strong>Impuls<\/strong>: 200\u03bcs (Mikrosekunde)<\/li>\n<li><strong>Elektrische Energie<\/strong>: 40mA<\/li>\n<li><strong>Geh\u00e4usegr\u00f6\u00dfe<\/strong>: 57\u00d737.6\u00d790 cm<\/li>\n<li><strong>Air Case Gr\u00f6\u00dfe<\/strong>: 66x60x114 cm<\/li>\n<li><strong>Verpackungsgewicht<\/strong>: 84 kg<\/li>\n<\/ul>\n<h3>Funktionsprinzip<\/h3>\n<p>Die <strong>EMS RF Gesichtssch\u00f6nheitsmaschine<\/strong> funktioniert durch die Nutzung synchronisierter W\u00e4rmeenergie zur Erw\u00e4rmung der Dermis, wodurch die Kollagenproduktion gesteigert wird, die Hautelastizit\u00e4t wiederhergestellt und Falten entfernt werden. Hochintensive pulsierende Magnettechnologie stimuliert Muskelkontraktionen und verbessert gezielt Muskelintensit\u00e4t und -qualit\u00e4t. Dieser Ansatz mit doppelter Wirkung bewirkt ein Anheben, Festigen und Entfernen von Falten, w\u00e4hrend die Haut regeneriert und der Muskeltonus verbessert wird.<\/p>\n<table style=\"border-collapse: collapse; width: 100%;\">\n<tbody>\n<tr>\n<td style=\"width: 50%;\"><img loading=\"lazy\" decoding=\"async\" class=\"magic-20 aligncenter\" title=\"EMS RF Gesichtssch\u00f6nheitsmaschine\" src=\"https:\/\/sc04.alicdn.com\/kf\/H97ca48af7e2e449e93693de755539863A\/247315878\/H97ca48af7e2e449e93693de755539863A.png\" alt=\"EMS RF Gesichtssch\u00f6nheitsmaschine\" width=\"400\" height=\"255\" data-src=\"\/\/sc04.alicdn.com\/kf\/H97ca48af7e2e449e93693de755539863A\/247315878\/H97ca48af7e2e449e93693de755539863A.png\" \/><\/td>\n<td style=\"width: 50%;\"><img loading=\"lazy\" decoding=\"async\" class=\"magic-22 alignnone\" title=\"EMS RF Gesichtssch\u00f6nheitsmaschine\" src=\"https:\/\/sc04.alicdn.com\/kf\/H8006c765200f4ab9a3b5105587d12ba0y\/247315878\/H8006c765200f4ab9a3b5105587d12ba0y.png\" alt=\"EMS RF Gesichtssch\u00f6nheitsmaschine\" width=\"541\" height=\"222\" data-src=\"\/\/sc04.alicdn.com\/kf\/H8006c765200f4ab9a3b5105587d12ba0y\/247315878\/H8006c765200f4ab9a3b5105587d12ba0y.png\" \/><\/td>\n<\/tr>\n<\/tbody>\n<\/table>\n<h3>Hauptmerkmale<\/h3>\n<ol>\n<li><strong>Hautstraffung und Straffung<\/strong>: Verbessert die Festigkeit und Elastizit\u00e4t der Haut.<\/li>\n<li><strong>Faltenentfernung<\/strong>: Reduziert die Entstehung von F\u00e4ltchen.<\/li>\n<li><strong>Muskelaufbau<\/strong>: Erh\u00f6ht den Muskeltonus und die Elastizit\u00e4t.<\/li>\n<li><strong>Regeneriert Elastin und Kollagen<\/strong>: F\u00f6rdert die Produktion wichtiger Hautproteine.<\/li>\n<\/ol>\n<h3>Technische Vorteile<\/h3>\n<ol>\n<li><strong>2 Therapien in einem Eingriff<\/strong>: Kombiniert synchronisierte RF- und HI-EMS-Energien zur gleichzeitigen Behandlung der Gesichtshaut und der Muskeln.<\/li>\n<li><strong>Nicht-invasiv \/ schmerzlos \/ nadelfrei<\/strong>: V\u00f6llig nicht-invasiv, ohne Ausfallzeiten.<\/li>\n<li><strong>Gesichtsbehandlung<\/strong>: Reduziert Gesichtsfalten, erh\u00f6ht den Muskeltonus und die Muskeldichte, verbessert das Gesichtslifting, f\u00f6rdert die Kollagenbildung und verdoppelt die Elastinproduktion.<\/li>\n<li><strong>Freih\u00e4ndiger Betrieb<\/strong>: Nach dem Aufbringen der Applikatoren l\u00e4uft der Vorgang selbstst\u00e4ndig ab.<\/li>\n<li><strong>Vollst\u00e4ndige Gesichtsbehandlung in 20 Minuten<\/strong>: Komfortable und benutzerfreundliche Behandlung mit einer Dauer von nur 20 Minuten.<\/li>\n<\/ol>\n<table style=\"border-collapse: collapse; width: 100%; height: 30px;\">\n<tbody>\n<tr style=\"height: 30px;\">\n<td style=\"width: 50%; height: 30px;\"><img loading=\"lazy\" decoding=\"async\" class=\"magic-28 aligncenter\" title=\"EMS RF Gesichtssch\u00f6nheitsmaschine\" src=\"https:\/\/sc04.alicdn.com\/kf\/H3c4db5ae756141508bced991de1fbee8n\/247315878\/H3c4db5ae756141508bced991de1fbee8n.png\" alt=\"EMS RF Gesichtssch\u00f6nheitsmaschine\" width=\"390\" height=\"312\" data-src=\"\/\/sc04.alicdn.com\/kf\/H3c4db5ae756141508bced991de1fbee8n\/247315878\/H3c4db5ae756141508bced991de1fbee8n.png\" \/><\/td>\n<td style=\"width: 50%; height: 30px;\"><img loading=\"lazy\" decoding=\"async\" class=\"magic-31 aligncenter\" title=\"EMS RF Gesichtssch\u00f6nheitsmaschine\" src=\"https:\/\/sc04.alicdn.com\/kf\/Hbd4cb5c0df234ea6a35231aa1a92e99bg\/247315878\/Hbd4cb5c0df234ea6a35231aa1a92e99bg.png\" alt=\"EMS RF Gesichtssch\u00f6nheitsmaschine\" width=\"453\" height=\"336\" data-src=\"\/\/sc04.alicdn.com\/kf\/Hbd4cb5c0df234ea6a35231aa1a92e99bg\/247315878\/Hbd4cb5c0df234ea6a35231aa1a92e99bg.png\" \/><\/td>\n<\/tr>\n<\/tbody>\n<\/table>\n<h3>Anwendungen<\/h3>\n<ul>\n<li><strong>Hautstraffung und Straffung<\/strong>: Verleiht der Haut ein strafferes und jugendlicheres Aussehen.<\/li>\n<li><strong>Faltenentfernung<\/strong>: Gl\u00e4ttet feine Linien und F\u00e4ltchen.<\/li>\n<li><strong>Muskelaufbau<\/strong>: Verbessert den Tonus und die Elastizit\u00e4t der Gesichtsmuskulatur.<\/li>\n<li><strong>Kollagen- und Elastin-Regeneration<\/strong>: Verbessert die Hautstruktur und Elastizit\u00e4t.<\/li>\n<\/ul>\n<h3>\u00a0Vorteile<\/h3>\n<ul>\n<li><strong>Effektive Haut- und Muskelbehandlung<\/strong>: Gleichzeitige Behandlung von Haut und Muskulatur f\u00fcr eine umfassende Gesichtsverj\u00fcngung.<\/li>\n<li><strong>Komfortabel und sicher<\/strong>: Nicht-invasives, schmerzloses Verfahren ohne Ausfallzeiten.<\/li>\n<li><strong>Schnelle Ergebnisse<\/strong>: Sp\u00fcrbare Verbesserungen in nur 20 Minuten pro Sitzung.<\/li>\n<li><strong>Verbesserter Hautton und Elastizit\u00e4t<\/strong>: Erh\u00f6ht die Kollagen- und Elastinproduktion f\u00fcr eine bessere Hautqualit\u00e4t.<\/li>\n<\/ul>\n<\/div>\n<\/div>\n<\/div>\n<\/div>\n<\/div>\n<\/div>\n<div class=\"J_module\">\n<div class=\"detail-decorate-json-renderer-container\">\n<div class=\"magic-2\">\n<p><span style=\"font-family: 'Playfair Display', serif; font-size: 24px; font-weight: bold; text-transform: capitalize;\">Effekte verwenden<\/span><\/p>\n<p><img loading=\"lazy\" decoding=\"async\" class=\"magic-39 aligncenter\" title=\"EMS RF Gesichtssch\u00f6nheitsmaschine\" src=\"https:\/\/sc04.alicdn.com\/kf\/H7d7f15a834ba430c9084ba75d1c9bae3Z\/247315878\/H7d7f15a834ba430c9084ba75d1c9bae3Z.jpg\" alt=\"EMS RF Gesichtssch\u00f6nheitsmaschine\" width=\"550\" height=\"505\" data-src=\"\/\/sc04.alicdn.com\/kf\/H7d7f15a834ba430c9084ba75d1c9bae3Z\/247315878\/H7d7f15a834ba430c9084ba75d1c9bae3Z.jpg\" \/><\/p>\n<h3><strong>Anpassen Logo<\/strong><\/h3>\n<p>Wollen, machen Ihre Marke stand heraus? Wir bieten angepasst logo Dienstleistungen zu helfen Sie erstellen Sie eine einzigartige und personalisierte logo spiegelt Ihre Marke Identit\u00e4t. Unser team von Experten arbeiten eng mit Ihnen zusammen, um ein logo zu entwerfen, die in Resonanz mit Ihrer Marke und messaging. Egal, ob Sie Umbau Ihres bestehenden Logos oder eine neue erstellen von Grund auf neu, wir haben Sie abgedeckt. <a href=\"\/de\/kontakt\/\">Kontaktieren Sie uns<\/a> heute erfahren Sie mehr \u00fcber unsere ma\u00dfgeschneiderten logo-Service!<\/p>\n<\/div>\n<\/div>\n<\/div>","protected":false},"excerpt":{"rendered":"<p>Die synchronisierte W\u00e4rmeenergie kann die Dermis erw\u00e4rmen und die Kollagenproduktion steigern, um die Hautelastizit\u00e4t wiederherzustellen und Falten zu entfernen. Gleichzeitig kann die Technologie des hochintensiven magnetischen Pulses die Muskeln stimulieren und die Muskeln gezielt kontrahieren lassen. Durch die Steigerung der Intensit\u00e4t und Qualit\u00e4t der Muskeln kann das Ziel erreicht werden, die Haut zu straffen und zu festigen. Mit sowohl W\u00e4rmeenergie als auch einem hohen Puls in einem Pad kann es helfen, das Gesicht zu straffen und zu festigen, Falten zu entfernen und die Haut zu regenerieren.<\/p>","protected":false},"featured_media":2401,"comment_status":"open","ping_status":"closed","template":"","meta":{"_kad_post_transparent":"default","_kad_post_title":"","_kad_post_layout":"default","_kad_post_sidebar_id":"","_kad_post_content_style":"default","_kad_post_vertical_padding":"default","_kad_post_feature":"","_kad_post_feature_position":"","_kad_post_header":false,"_kad_post_footer":false,"_kad_post_classname":"","rank_math_title":"","rank_math_description":"","rank_math_focus_keyword":""},"product_brand":[],"product_cat":[31],"product_tag":[],"class_list":{"0":"post-2400","1":"product","2":"type-product","3":"status-publish","4":"has-post-thumbnail","6":"product_cat-body-slimming","8":"first","9":"instock","10":"sale","11":"shipping-taxable","12":"purchasable","13":"product-type-simple","14":"entry","15":"content-bg","16":"loop-entry"},"_links":{"self":[{"href":"https:\/\/skbty.com\/de\/wp-json\/wp\/v2\/product\/2400","targetHints":{"allow":["GET"]}}],"collection":[{"href":"https:\/\/skbty.com\/de\/wp-json\/wp\/v2\/product"}],"about":[{"href":"https:\/\/skbty.com\/de\/wp-json\/wp\/v2\/types\/product"}],"replies":[{"embeddable":true,"href":"https:\/\/skbty.com\/de\/wp-json\/wp\/v2\/comments?post=2400"}],"wp:featuredmedia":[{"embeddable":true,"href":"https:\/\/skbty.com\/de\/wp-json\/wp\/v2\/media\/2401"}],"wp:attachment":[{"href":"https:\/\/skbty.com\/de\/wp-json\/wp\/v2\/media?parent=2400"}],"wp:term":[{"taxonomy":"product_brand","embeddable":true,"href":"https:\/\/skbty.com\/de\/wp-json\/wp\/v2\/product_brand?post=2400"},{"taxonomy":"product_cat","embeddable":true,"href":"https:\/\/skbty.com\/de\/wp-json\/wp\/v2\/product_cat?post=2400"},{"taxonomy":"product_tag","embeddable":true,"href":"https:\/\/skbty.com\/de\/wp-json\/wp\/v2\/product_tag?post=2400"}],"curies":[{"name":"wp","href":"https:\/\/api.w.org\/{rel}","templated":true}]}}