{"id":2424,"date":"2024-01-11T18:14:05","date_gmt":"2024-01-11T10:14:05","guid":{"rendered":"https:\/\/skbty.com\/?post_type=product&#038;p=2424"},"modified":"2024-06-20T15:39:03","modified_gmt":"2024-06-20T07:39:03","slug":"1060-nm-laserdioden-schlankheitsmaschinen","status":"publish","type":"product","link":"https:\/\/skbty.com\/de\/product\/1060-nm-laserdioden-schlankheitsmaschinen\/","title":{"rendered":"1060 nm Laserdioden-Schlankheitsger\u00e4te"},"content":{"rendered":"<div class=\"J_module\">\n<div class=\"detail-decorate-json-renderer-container\">\n<div class=\"magic-1\">\n<div class=\"magic-2\">\n<div class=\"magic-3\">\n<div class=\"magic-4\">\n<h3>Was sind 1060-nm-Laserdioden-Schlankheitsger\u00e4te?<\/h3>\n<p>Die <strong>1060 nm Laserdioden-Schlankheitsmaschine<\/strong> bietet eine nicht-invasive L\u00f6sung zur gezielten Behandlung und Reduzierung von Fettzellen. Dieses fortschrittliche Ger\u00e4t nutzt die spezifische Affinit\u00e4t der 1060 nm-Wellenl\u00e4nge zum Fettgewebe und minimiert die Absorption in der Dermis, was es zu einer effektiven Behandlung f\u00fcr problematische Fettbereiche macht. Jede Behandlungssitzung dauert nur 25 Minuten, wobei die Ergebnisse bereits nach 6 Wochen sichtbar sind und optimale Ergebnisse normalerweise nach 12 Wochen erzielt werden.<\/p>\n<table style=\"border-collapse: collapse; width: 100%;\">\n<tbody>\n<tr>\n<td style=\"width: 50%;\">\n<h3><img loading=\"lazy\" decoding=\"async\" class=\"magic-10 aligncenter\" title=\"1060 nm Laserdioden-Schlankheitsger\u00e4te\" src=\"https:\/\/sc04.alicdn.com\/kf\/H36070f937b734755a52c3b7227fc2e7bO\/247315878\/H36070f937b734755a52c3b7227fc2e7bO.png\" alt=\"1060 nm Laserdioden-Schlankheitsger\u00e4te\" width=\"405\" height=\"397\" data-src=\"\/\/sc04.alicdn.com\/kf\/H36070f937b734755a52c3b7227fc2e7bO\/247315878\/H36070f937b734755a52c3b7227fc2e7bO.png\" \/><\/h3>\n<\/td>\n<td style=\"width: 50%;\"><img loading=\"lazy\" decoding=\"async\" class=\"magic-17 aligncenter\" title=\"1060 nm Laserdioden-Schlankheitsger\u00e4te\" src=\"https:\/\/sc04.alicdn.com\/kf\/H64e55533e4c94b2baa10bb30dd873018G\/247315878\/H64e55533e4c94b2baa10bb30dd873018G.png\" alt=\"1060 nm Laserdioden-Schlankheitsger\u00e4te\" width=\"342\" height=\"364\" data-src=\"\/\/sc04.alicdn.com\/kf\/H64e55533e4c94b2baa10bb30dd873018G\/247315878\/H64e55533e4c94b2baa10bb30dd873018G.png\" \/><\/td>\n<\/tr>\n<\/tbody>\n<\/table>\n<h3>Technische Daten<\/h3>\n<ul>\n<li><strong>Bildschirmgr\u00f6\u00dfe<\/strong>: 10,4 Zoll<\/li>\n<li><strong>Anzahl Griffe<\/strong>: 4<\/li>\n<li><strong>Behandlungszeit<\/strong>: 25 Minuten<\/li>\n<li><strong>Leistungsdichte<\/strong>: 0,5W-2W\/cm\u00b2<\/li>\n<li><strong>Leistungsmodi<\/strong>: Puls<\/li>\n<li><strong>Wellenl\u00e4nge<\/strong>: 1060 nm<\/li>\n<li><strong>K\u00fchlsystem<\/strong>: Freon-Kompressork\u00fchlung + Wasser + Luft + Ventilatoren<\/li>\n<li><strong>Stromversorgung<\/strong>: Wechselstrom 200 V \u2013 240 V, 50\/60 Hz<\/li>\n<li><strong>Verpackungsgr\u00f6\u00dfe<\/strong>: 130<em>68<\/em>88 cm<\/li>\n<li><strong>Verpackungsgewicht<\/strong>: 156 kg<\/li>\n<\/ul>\n<h3>Funktionsprinzip<\/h3>\n<p>Die <strong>1060 nm Laserdioden-Schlankheitsmaschine<\/strong> verwendet einen nicht-invasiven laserbasierten Ansatz, um Fettzellen gezielt zu bek\u00e4mpfen und zu reduzieren. Geeignet f\u00fcr M\u00e4nner und Frauen aller K\u00f6rpertypen, dauert jeder Eingriff durchschnittlich 25 Minuten und kann mehrere Bereiche gleichzeitig behandeln. Das 1060 nm Diodenlasersystem verwendet Hyperthermietechnologie, um gezielt Fettgewebe zu bek\u00e4mpfen und hartn\u00e4ckiges Fett an Armen, Bauch und anderen Bereichen zu reduzieren. Diese Technologie bietet eine dauerhafte Reduzierung der Anzahl der Fettzellen, anders als bei herk\u00f6mmlichen Methoden zur Gewichtsabnahme.<\/p>\n<h3><img loading=\"lazy\" decoding=\"async\" class=\"magic-20 aligncenter\" title=\"1060 nm Laserdioden-Schlankheitsger\u00e4te\" src=\"https:\/\/sc04.alicdn.com\/kf\/Hc4ba27b831eb4baf8d6b5aa811e9102bg\/247315878\/Hc4ba27b831eb4baf8d6b5aa811e9102bg.png\" alt=\"1060 nm Laserdioden-Schlankheitsger\u00e4te\" width=\"530\" height=\"361\" data-src=\"\/\/sc04.alicdn.com\/kf\/Hc4ba27b831eb4baf8d6b5aa811e9102bg\/247315878\/Hc4ba27b831eb4baf8d6b5aa811e9102bg.png\" \/><\/h3>\n<table style=\"border-collapse: collapse; width: 100%;\">\n<tbody>\n<tr>\n<td style=\"width: 50%;\"><img loading=\"lazy\" decoding=\"async\" class=\"magic-22 aligncenter\" title=\"1060 nm Laserdioden-Schlankheitsger\u00e4te\" src=\"https:\/\/sc04.alicdn.com\/kf\/Hc168ff84a7f649f0bd3f851c71e28d8aI\/247315878\/Hc168ff84a7f649f0bd3f851c71e28d8aI.png\" alt=\"1060 nm Laserdioden-Schlankheitsger\u00e4te\" width=\"402\" height=\"205\" data-src=\"\/\/sc04.alicdn.com\/kf\/Hc168ff84a7f649f0bd3f851c71e28d8aI\/247315878\/Hc168ff84a7f649f0bd3f851c71e28d8aI.png\" \/><\/td>\n<td style=\"width: 50%;\"><img loading=\"lazy\" decoding=\"async\" class=\"magic-24 aligncenter\" title=\"1060 nm Laserdioden-Schlankheitsger\u00e4te\" src=\"https:\/\/sc04.alicdn.com\/kf\/H80d4f0b9841d469da31e660a1886e3fcA\/247315878\/H80d4f0b9841d469da31e660a1886e3fcA.png\" alt=\"1060 nm Laserdioden-Schlankheitsger\u00e4te\" width=\"387\" height=\"217\" data-src=\"\/\/sc04.alicdn.com\/kf\/H80d4f0b9841d469da31e660a1886e3fcA\/247315878\/H80d4f0b9841d469da31e660a1886e3fcA.png\" \/><\/td>\n<\/tr>\n<\/tbody>\n<\/table>\n<h3>Merkmale<\/h3>\n<ol>\n<li><strong>Minimale Absorption durch die Dermis<\/strong>: Sorgt daf\u00fcr, dass die Hautoberfl\u00e4che unversehrt bleibt.<\/li>\n<li><strong>Fortschrittliche Kontaktk\u00fchlung<\/strong>: Verbessert den Patientenkomfort w\u00e4hrend der Behandlung.<\/li>\n<li><strong>Verlauf der W\u00e4rmeausbreitung<\/strong>: Sorgt f\u00fcr nat\u00fcrlich aussehende Ergebnisse.<\/li>\n<li><strong>Leichte Nebenwirkungen<\/strong>: Nebenwirkungen sind mild und vor\u00fcbergehend.<\/li>\n<li><strong>Schnelle Behandlungszeit<\/strong>: Jeder Bereich erfordert nur eine 25-min\u00fctige Behandlung.<\/li>\n<\/ol>\n<h3>Vorteile<\/h3>\n<ol>\n<li><strong>Nicht-invasive Technologie<\/strong>: Keine Sch\u00e4digung des umliegenden Gewebes.<\/li>\n<li><strong>Fortschrittliches K\u00fchlsystem<\/strong>: Bietet komfortable und sichere Handhabung.<\/li>\n<li><strong>Stabile Hochenergieleistung<\/strong>: Sorgt f\u00fcr effektive Behandlungsergebnisse.<\/li>\n<li><strong>Elektrische Hubstange<\/strong>: Passt die H\u00f6he des Behandlungskopfes f\u00fcr Pr\u00e4zision an.<\/li>\n<\/ol>\n<h3>Anwendungen<\/h3>\n<ul>\n<li><strong>Fettabbau<\/strong>: Bek\u00e4mpft und reduziert wirksam hartn\u00e4ckiges Fett an verschiedenen K\u00f6rperstellen.<\/li>\n<li><strong>Body Contouring<\/strong>: Verbessert das K\u00f6rperprofil durch nicht-invasive Fettreduzierung.<\/li>\n<li><strong>Hautstraffung<\/strong>: Minimale Absorption durch die Dermis hilft, die Hautintegrit\u00e4t aufrechtzuerhalten.<\/li>\n<li><strong>Schnelle Behandlungen<\/strong>: Geeignet f\u00fcr volle Terminkalender, da jede Sitzung nur 25 Minuten dauert.<\/li>\n<\/ul>\n<h3>Vorteile<\/h3>\n<ul>\n<li><strong>Sichtbare Ergebnisse<\/strong>: Sp\u00fcrbare Verbesserungen bereits nach 6 Wochen, optimale Ergebnisse nach 12 Wochen.<\/li>\n<li><strong>Komfortables Erlebnis<\/strong>: Fortschrittliche K\u00fchlung und nicht-invasive Technologie sorgen f\u00fcr eine angenehme Behandlung.<\/li>\n<li><strong>Dauerhafte Fettreduktion<\/strong>: Reduziert die Anzahl der Fettzellen f\u00fcr dauerhafte Ergebnisse.<\/li>\n<\/ul>\n<\/div>\n<\/div>\n<\/div>\n<\/div>\n<\/div>\n<\/div>\n<div class=\"J_module\">\n<div class=\"detail-decorate-json-renderer-container\">\n<div class=\"magic-1\">\n<div class=\"magic-2\"><\/div>\n<\/div>\n<\/div>\n<\/div>\n<div class=\"J_module\">\n<div class=\"icbu-pc-images magic-8\">\n<div>\n<div class=\"flex-layout-v\">\n<div class=\"flex-layout-h magic-8\">\n<div class=\"magic-26\"><img loading=\"lazy\" decoding=\"async\" class=\"magic-27 aligncenter\" title=\"1060 nm Laserdioden-Schlankheitsger\u00e4te\" src=\"https:\/\/sc04.alicdn.com\/kf\/H03fcc9be0f454201848409c4b30dbda5P\/247315878\/H03fcc9be0f454201848409c4b30dbda5P.png\" alt=\"1060 nm Laserdioden-Schlankheitsger\u00e4te\" width=\"404\" height=\"423\" data-src=\"\/\/sc04.alicdn.com\/kf\/H03fcc9be0f454201848409c4b30dbda5P\/247315878\/H03fcc9be0f454201848409c4b30dbda5P.png\" \/><\/div>\n<\/div>\n<\/div>\n<\/div>\n<\/div>\n<\/div>\n<div class=\"J_module\">\n<div class=\"icbu-pc-images magic-8\">\n<div class=\"flex-layout-v\">\n<div class=\"flex-layout-h magic-8\">\n<div class=\"magic-28\"><\/div>\n<\/div>\n<\/div>\n<\/div>\n<\/div>\n<div class=\"J_module\">\n<div class=\"icbu-pc-images magic-8\">\n<div class=\"flex-layout-v\">\n<div class=\"flex-layout-h magic-8\">\n<div class=\"magic-30\">\n<h3><strong>Anpassen Logo<\/strong><\/h3>\n<p>Wollen, machen Ihre Marke stand heraus? Wir bieten angepasst logo Dienstleistungen zu helfen Sie erstellen Sie eine einzigartige und personalisierte logo spiegelt Ihre Marke Identit\u00e4t. Unser team von Experten arbeiten eng mit Ihnen zusammen, um ein logo zu entwerfen, die in Resonanz mit Ihrer Marke und messaging. Egal, ob Sie Umbau Ihres bestehenden Logos oder eine neue erstellen von Grund auf neu, wir haben Sie abgedeckt. <a href=\"\/de\/kontakt\/\">Kontaktieren Sie uns<\/a> heute erfahren Sie mehr \u00fcber unsere ma\u00dfgeschneiderten logo-Service!<\/p>\n<\/div>\n<\/div>\n<\/div>\n<\/div>\n<\/div>","protected":false},"excerpt":{"rendered":"<p>Erreichen Sie eine nicht-invasive Fettreduzierung mit dem 1060 nm Diodenlaser-Schlankheitsger\u00e4t. Dieses Ger\u00e4t nutzt die fortschrittliche 1060 nm-Wellenl\u00e4ngentechnologie und zielt auf Fettgewebe ab, um eine effektive Fettreduzierung in nur 25 Minuten pro Sitzung zu erreichen.<\/p>","protected":false},"featured_media":2425,"comment_status":"open","ping_status":"closed","template":"","meta":{"_kad_post_transparent":"default","_kad_post_title":"","_kad_post_layout":"default","_kad_post_sidebar_id":"","_kad_post_content_style":"default","_kad_post_vertical_padding":"default","_kad_post_feature":"","_kad_post_feature_position":"","_kad_post_header":false,"_kad_post_footer":false,"_kad_post_classname":"","rank_math_title":"","rank_math_description":"","rank_math_focus_keyword":""},"product_brand":[],"product_cat":[31],"product_tag":[],"class_list":{"0":"post-2424","1":"product","2":"type-product","3":"status-publish","4":"has-post-thumbnail","6":"product_cat-body-slimming","8":"first","9":"instock","10":"shipping-taxable","11":"product-type-simple","12":"entry","13":"content-bg","14":"loop-entry"},"_links":{"self":[{"href":"https:\/\/skbty.com\/de\/wp-json\/wp\/v2\/product\/2424","targetHints":{"allow":["GET"]}}],"collection":[{"href":"https:\/\/skbty.com\/de\/wp-json\/wp\/v2\/product"}],"about":[{"href":"https:\/\/skbty.com\/de\/wp-json\/wp\/v2\/types\/product"}],"replies":[{"embeddable":true,"href":"https:\/\/skbty.com\/de\/wp-json\/wp\/v2\/comments?post=2424"}],"wp:featuredmedia":[{"embeddable":true,"href":"https:\/\/skbty.com\/de\/wp-json\/wp\/v2\/media\/2425"}],"wp:attachment":[{"href":"https:\/\/skbty.com\/de\/wp-json\/wp\/v2\/media?parent=2424"}],"wp:term":[{"taxonomy":"product_brand","embeddable":true,"href":"https:\/\/skbty.com\/de\/wp-json\/wp\/v2\/product_brand?post=2424"},{"taxonomy":"product_cat","embeddable":true,"href":"https:\/\/skbty.com\/de\/wp-json\/wp\/v2\/product_cat?post=2424"},{"taxonomy":"product_tag","embeddable":true,"href":"https:\/\/skbty.com\/de\/wp-json\/wp\/v2\/product_tag?post=2424"}],"curies":[{"name":"wp","href":"https:\/\/api.w.org\/{rel}","templated":true}]}}