{"id":2433,"date":"2024-01-11T18:24:55","date_gmt":"2024-01-11T10:24:55","guid":{"rendered":"https:\/\/skbty.com\/?post_type=product&#038;p=2433"},"modified":"2024-06-20T15:28:37","modified_gmt":"2024-06-20T07:28:37","slug":"pikosekundenlaser-tattooentfernungsgerat-2","status":"publish","type":"product","link":"https:\/\/skbty.com\/de\/product\/pikosekundenlaser-tattooentfernungsgerat-2\/","title":{"rendered":"Pikosekundenlaser-Tattooentfernungsger\u00e4t"},"content":{"rendered":"<div class=\"J_module\">\n<div class=\"detail-decorate-json-renderer-container\">\n<h3>Was ist die <strong>Ger\u00e4t zur Tattooentfernung mit Pikosekundenlaser?<\/strong><\/h3>\n<p><strong>Pikosekundenlaser-Tattooentfernungsger\u00e4t<\/strong> verwendet ultrakurze Pulszeiten (375-450 Pikosekunden), um Hochgeschwindigkeits-Laserbehandlungen mit hoher Energie durchzuf\u00fchren. Diese fortschrittliche Technologie entfernt effektiv Pigmentpartikel mit minimaler Sch\u00e4digung des umliegenden Gewebes und sorgt so f\u00fcr eine k\u00fcrzere Erholungsphase und weniger Nebenwirkungen.<\/p>\n<table style=\"border-collapse: collapse; width: 100%;\">\n<tbody>\n<tr>\n<td style=\"width: 50%;\">\n<h3><img loading=\"lazy\" decoding=\"async\" class=\"magic-11 aligncenter\" title=\"Pikosekundenlaser-Tattooentfernungsger\u00e4t\" src=\"https:\/\/sc04.alicdn.com\/kf\/H8a3436292e4f4bd98558203592165568E\/247315878\/H8a3436292e4f4bd98558203592165568E.png\" alt=\"Pikosekundenlaser-Tattooentfernungsger\u00e4t\" width=\"380\" height=\"352\" data-src=\"\/\/sc04.alicdn.com\/kf\/H8a3436292e4f4bd98558203592165568E\/247315878\/H8a3436292e4f4bd98558203592165568E.png\" \/><\/h3>\n<\/td>\n<td style=\"width: 50%;\"><img loading=\"lazy\" decoding=\"async\" class=\"magic-16 aligncenter\" title=\"Pikosekundenlaser-Tattooentfernungsger\u00e4t\" src=\"https:\/\/sc04.alicdn.com\/kf\/H60ba13dc31034cddaef2a4d561d8c4dbY\/247315878\/H60ba13dc31034cddaef2a4d561d8c4dbY.png\" alt=\"Pikosekundenlaser-Tattooentfernungsger\u00e4t\" width=\"516\" height=\"408\" data-src=\"\/\/sc04.alicdn.com\/kf\/H60ba13dc31034cddaef2a4d561d8c4dbY\/247315878\/H60ba13dc31034cddaef2a4d561d8c4dbY.png\" \/><\/td>\n<\/tr>\n<\/tbody>\n<\/table>\n<h3>Technische Daten<\/h3>\n<ul>\n<li><strong>Beschreibung<\/strong>: Pikosekundenlaser-Tattooentfernungsger\u00e4t<\/li>\n<li><strong>Stromspannung<\/strong>: 110 V \u2013 240 V, 50 Hz\/60 Hz<\/li>\n<li><strong>Laserleistung<\/strong>Leistung: 3000 W<\/li>\n<li><strong>Frequenz<\/strong>: 1-10 Hz (einstellbar)<\/li>\n<li><strong>Spotgr\u00f6\u00dfe<\/strong>: 2\u201310 mm (einstellbar)<\/li>\n<li><strong>Wellenl\u00e4nge<\/strong>: 1064 nm, 532 nm, 785 nm<\/li>\n<li><strong>K\u00fchlsystem<\/strong>: Luftk\u00fchlung + Wasserk\u00fchlung + Radiator<\/li>\n<\/ul>\n<h3>Funktionsprinzip<\/h3>\n<p>Die <strong>Pikosekundenlaser-Tattooentfernungsger\u00e4t<\/strong> arbeitet mit ultrakurzen Pulszeiten von nur 375-450 Pikosekunden und erm\u00f6glicht so eine schnellere und effizientere Pigmententfernung. Der Hochgeschwindigkeitspuls erzeugt einen gr\u00f6\u00dferen Energiepeak, wodurch der \u201ePhotoshock-Effekt\u201c Pigmentpartikel sauber entfernt. Die ultrakurze Pulsbreite verhindert eine \u00fcberm\u00e4\u00dfige W\u00e4rmeumwandlung, reduziert Sch\u00e4den am umliegenden Gewebe und verk\u00fcrzt die postoperative Erholungsphase. Die einzigartige holografische Fokussierungssonde vergr\u00f6\u00dfert die Energie bis zu 22-mal und verbessert so die Pigmentzersetzung.<\/p>\n<table style=\"border-collapse: collapse; width: 100%;\">\n<tbody>\n<tr>\n<td style=\"width: 50%;\">\n<h3><img loading=\"lazy\" decoding=\"async\" class=\"magic-38 aligncenter\" title=\"Pikosekundenlaser-Tattooentfernungsger\u00e4t\" src=\"https:\/\/sc04.alicdn.com\/kf\/Hca5919e6a7b843f5ba075a5fe00257aaZ\/247315878\/Hca5919e6a7b843f5ba075a5fe00257aaZ.png\" alt=\"Pikosekundenlaser-Tattooentfernungsger\u00e4t\" width=\"431\" height=\"282\" data-src=\"\/\/sc04.alicdn.com\/kf\/Hca5919e6a7b843f5ba075a5fe00257aaZ\/247315878\/Hca5919e6a7b843f5ba075a5fe00257aaZ.png\" \/><\/h3>\n<\/td>\n<td style=\"width: 50%;\"><img loading=\"lazy\" decoding=\"async\" class=\"magic-20 aligncenter\" title=\"Pikosekundenlaser-Tattooentfernungsger\u00e4t\" src=\"https:\/\/sc04.alicdn.com\/kf\/Hf8018cf19c15430cb02c7209711ecb56u\/247315878\/Hf8018cf19c15430cb02c7209711ecb56u.png\" alt=\"Pikosekundenlaser-Tattooentfernungsger\u00e4t\" width=\"240\" height=\"284\" data-src=\"\/\/sc04.alicdn.com\/kf\/Hf8018cf19c15430cb02c7209711ecb56u\/247315878\/Hf8018cf19c15430cb02c7209711ecb56u.png\" \/><\/td>\n<\/tr>\n<\/tbody>\n<\/table>\n<h3>Wie es funktioniert<\/h3>\n<p>Der Pikosekundenlaser verwendet einen sehr kurzen Impulsausgangsmodus und b\u00fcndelt Energie, um Pigmente in feine K\u00f6rnchen zu zertr\u00fcmmern, die dann vom Stoffwechsel des K\u00f6rpers absorbiert werden. Diese Methode minimiert die Nebenwirkungen der thermischen Wirkung und behandelt verschiedene Pigmentflecken effektiver als herk\u00f6mmliche Laser. Das Prinzip der selektiven Optik dringt in erkrankte Hautpigmente ein und zielt darauf ab, sie zu zerkleinern und dem K\u00f6rper zu erm\u00f6glichen, sie durch den Stoffwechsel zu entfernen, ohne das umliegende normale Gewebe zu beeintr\u00e4chtigen.<\/p>\n<p><img loading=\"lazy\" decoding=\"async\" class=\"magic-22 aligncenter\" title=\"Pikosekundenlaser-Tattooentfernungsger\u00e4t\" src=\"https:\/\/sc04.alicdn.com\/kf\/H0ecde74a52154bf6a317c148afd49376f\/247315878\/H0ecde74a52154bf6a317c148afd49376f.png\" alt=\"Pikosekundenlaser-Tattooentfernungsger\u00e4t\" width=\"576\" height=\"393\" data-src=\"\/\/sc04.alicdn.com\/kf\/H0ecde74a52154bf6a317c148afd49376f\/247315878\/H0ecde74a52154bf6a317c148afd49376f.png\" \/><\/p>\n<h3>Anwendungen<\/h3>\n<ul>\n<li><strong>Tattooentfernung<\/strong>: Entfernt T\u00e4towierungen in verschiedenen Farben, darunter Schwarz, Lila, Gr\u00fcn und Blau.<\/li>\n<li><strong>Fleckenentfernung<\/strong>: Behandelt Chloasma, Kaffeeflecken, Sommersprossen, Sonnenbrand, Otanevus und mehr.<\/li>\n<li><strong>Reduzierung von Aknenarben<\/strong>: Reduziert Akneflecken und leichte Aknegr\u00fcbchen.<\/li>\n<li><strong>Pigmententfernung<\/strong>: Entfernt effektiv verschiedene Arten von Pigmentierung.<\/li>\n<li><strong>Hautverj\u00fcngung<\/strong>: Verbessert den Hautton, indem es Gelbf\u00e4rbung entfernt und die Hauterneuerung f\u00f6rdert.<\/li>\n<\/ul>\n<h3><img loading=\"lazy\" decoding=\"async\" class=\"magic-35 aligncenter\" title=\"Pikosekundenlaser-Tattooentfernungsger\u00e4t\" src=\"https:\/\/sc04.alicdn.com\/kf\/H68721aeda8ab44358da2f2065bc74f65g\/247315878\/H68721aeda8ab44358da2f2065bc74f65g.png\" alt=\"Pikosekundenlaser-Tattooentfernungsger\u00e4t\" width=\"519\" height=\"362\" data-src=\"\/\/sc04.alicdn.com\/kf\/H68721aeda8ab44358da2f2065bc74f65g\/247315878\/H68721aeda8ab44358da2f2065bc74f65g.png\" \/><\/h3>\n<h3>Vorteile<\/h3>\n<ol>\n<li><strong>Hohe Geschwindigkeit und hohe Energie<\/strong>: Ultrakurze Pulszeiten (1 Pikosekunde = 0,01 Nanosekunde) erm\u00f6glichen schnellere und effizientere Behandlungen.<\/li>\n<li><strong>Kraftvoller fotomechanischer Effekt<\/strong>: Eine kurze Pulsbreite erzeugt einen starken Effekt und zerlegt Pigmentpartikel in kleinere Gr\u00f6\u00dfen.<\/li>\n<li><strong>Minimaler thermischer Effekt<\/strong>: Reduziert die W\u00e4rmeumwandlung und minimiert Sch\u00e4den am umliegenden Gewebe.<\/li>\n<li><strong>Gr\u00fcndliche Pigmententfernung<\/strong>: Sorgt f\u00fcr einen vollst\u00e4ndigen Abbau der Pigmentpartikel mit weniger Energie.<\/li>\n<li><strong>K\u00fcrzere Erholungsphase<\/strong>: Weniger Sch\u00e4den am umliegenden Gewebe f\u00fchren zu einer schnelleren Genesung und weniger Nebenwirkungen.<\/li>\n<\/ol>\n<p><img loading=\"lazy\" decoding=\"async\" class=\"magic-31 aligncenter\" title=\"Pikosekundenlaser-Tattooentfernungsger\u00e4t\" src=\"https:\/\/sc04.alicdn.com\/kf\/Hf937e38fe18c44a0a39f30512db0eba92\/247315878\/Hf937e38fe18c44a0a39f30512db0eba92.jpg\" alt=\"Pikosekundenlaser-Tattooentfernungsger\u00e4t\" width=\"499\" height=\"1144\" data-src=\"\/\/sc04.alicdn.com\/kf\/Hf937e38fe18c44a0a39f30512db0eba92\/247315878\/Hf937e38fe18c44a0a39f30512db0eba92.jpg\" \/><\/p>\n<h3>Funktionen<\/h3>\n<ol>\n<li><strong>Fleckenentfernung<\/strong>: Entfernt wirksam Chloasma, Kaffeeflecken, Sommersprossen, Sonnenbrand und Otanevus.<\/li>\n<li><strong>Tattooentfernung<\/strong>: Entfernt T\u00e4towierungen in verschiedenen Farben wie Schwarz, Lila, Gr\u00fcn und Blau.<\/li>\n<li><strong>Reduzierung von Aknenarben<\/strong>: Reduziert Akneflecken und leichte Aknegr\u00fcbchen.<\/li>\n<li><strong>Pigmententfernung<\/strong>: Behandelt wirksam verschiedene Arten von Pigmentierung.<\/li>\n<li><strong>Hautverj\u00fcngung<\/strong>: F\u00f6rdert die Hauterneuerung und verbessert den Hautton.<\/li>\n<\/ol>\n<div class=\"magic-2\">\n<div class=\"magic-5\">\n<div class=\"magic-6\">\n<div class=\"magic-7\">\n<table style=\"border-collapse: collapse; width: 100%;\">\n<tbody>\n<tr>\n<td style=\"width: 50%;\"><img loading=\"lazy\" decoding=\"async\" class=\"magic-31 aligncenter\" title=\"Pikosekundenlaser-Tattooentfernungsger\u00e4t\" src=\"https:\/\/sc04.alicdn.com\/kf\/H37a7b1f67ab84a22bbee6371a34ac59bn\/247315878\/H37a7b1f67ab84a22bbee6371a34ac59bn.png\" alt=\"Pikosekundenlaser-Tattooentfernungsger\u00e4t\" width=\"445\" height=\"283\" data-src=\"\/\/sc04.alicdn.com\/kf\/H37a7b1f67ab84a22bbee6371a34ac59bn\/247315878\/H37a7b1f67ab84a22bbee6371a34ac59bn.png\" \/><\/td>\n<td style=\"width: 50%;\"><img loading=\"lazy\" decoding=\"async\" class=\"magic-33 aligncenter\" title=\"Pikosekundenlaser-Tattooentfernungsger\u00e4t\" src=\"https:\/\/sc04.alicdn.com\/kf\/H0d8bc69694f841efa0f806c00ae49508X\/247315878\/H0d8bc69694f841efa0f806c00ae49508X.png\" alt=\"Pikosekundenlaser-Tattooentfernungsger\u00e4t\" width=\"305\" height=\"305\" data-src=\"\/\/sc04.alicdn.com\/kf\/H0d8bc69694f841efa0f806c00ae49508X\/247315878\/H0d8bc69694f841efa0f806c00ae49508X.png\" \/><\/td>\n<\/tr>\n<\/tbody>\n<\/table>\n<\/div>\n<\/div>\n<\/div>\n<\/div>\n<\/div>\n<\/div>\n<div class=\"J_module\">\n<div class=\"icbu-pc-images magic-9\">\n<div class=\"flex-layout-v\">\n<div class=\"flex-layout-h magic-9\">\n<div class=\"magic-10\"><\/div>\n<\/div>\n<\/div>\n<\/div>\n<\/div>\n<div class=\"J_module\">\n<div class=\"icbu-pc-images magic-9\">\n<div class=\"flex-layout-v\">\n<div class=\"flex-layout-h magic-9\">\n<h3 class=\"magic-15\">Auswirkungen<\/h3>\n<\/div>\n<\/div>\n<\/div>\n<\/div>\n<div class=\"J_module\">\n<div class=\"icbu-pc-images magic-9\">\n<div class=\"flex-layout-h\">\n<div class=\"text-wrapper magic-17\">\n<div class=\"text-wrapper-left text-theme-light text-align-left\">\n<div class=\"text-title\">\n<div><span class=\"magic-4\" style=\"font-family: Arial;\">\u00a0<\/span><\/div>\n<\/div>\n<\/div>\n<\/div>\n<\/div>\n<\/div>\n<\/div>\n<div class=\"J_module\">\n<div class=\"detail-decorate-json-renderer-container\">\n<div class=\"magic-2\">\n<div class=\"magic-5\">\n<div class=\"magic-6\">\n<div class=\"magic-7\"><img loading=\"lazy\" decoding=\"async\" class=\"magic-40 aligncenter\" style=\"font-family: var(--global-body-font-family);\" title=\"Pikosekundenlaser-Tattooentfernungsger\u00e4t\" src=\"https:\/\/sc04.alicdn.com\/kf\/H66380961817f4532b0a22c6c8b4abf39Z\/247315878\/H66380961817f4532b0a22c6c8b4abf39Z.png\" alt=\"Pikosekundenlaser-Tattooentfernungsger\u00e4t\" width=\"522\" height=\"331\" data-src=\"\/\/sc04.alicdn.com\/kf\/H66380961817f4532b0a22c6c8b4abf39Z\/247315878\/H66380961817f4532b0a22c6c8b4abf39Z.png\" \/><\/div>\n<div>\n<h3><strong>Anpassen Logo<\/strong><\/h3>\n<p>Wollen, machen Ihre Marke stand heraus? Wir bieten angepasst logo Dienstleistungen zu helfen Sie erstellen Sie eine einzigartige und personalisierte logo spiegelt Ihre Marke Identit\u00e4t. Unser team von Experten arbeiten eng mit Ihnen zusammen, um ein logo zu entwerfen, die in Resonanz mit Ihrer Marke und messaging. Egal, ob Sie Umbau Ihres bestehenden Logos oder eine neue erstellen von Grund auf neu, wir haben Sie abgedeckt. <a href=\"\/de\/kontakt\/\">Kontaktieren Sie uns<\/a> heute erfahren Sie mehr \u00fcber unsere ma\u00dfgeschneiderten logo-Service!<\/p>\n<p style=\"text-align: center;\">\n<\/div>\n<\/div>\n<\/div>\n<\/div>\n<\/div>\n<\/div>","protected":false},"excerpt":{"rendered":"<div><span style=\"font-family: Tahoma;\">Der Pikosekundenlaser verwendet einen sehr kurzen Impulsausgangsmodus. Anstelle von leichten mechanischen Sto\u00dfwellen werden Pigmente durch fokussierte Energie in feine K\u00f6rner zertr\u00fcmmert, die leichter vom Stoffwechsel des K\u00f6rpers aufgenommen werden k\u00f6nnen. Der Pikosekundenlaser minimiert die Nebenwirkungen der thermischen Wirkung und kann fast alle Arten von Pigmentflecken beseitigen. Er ist besser als herk\u00f6mmliche Laser.<\/span><\/div>\n<p><span style=\"font-family: Tahoma;\">Durch das Prinzip der selektiven Optik durchdringt es den Ausdruck und wirkt sofort auf die wirklich erkrankten Hautpigmente, zerkleinert sie und entfernt dann die Pigmente durch die Stoffwechselzellen des K\u00f6rpers aus dem K\u00f6rper, ohne die Sommersprossenentfernung des umgebenden normalen Gewebes zu beeintr\u00e4chtigen.<\/span><\/p>","protected":false},"featured_media":2434,"comment_status":"open","ping_status":"closed","template":"","meta":{"_kad_post_transparent":"default","_kad_post_title":"","_kad_post_layout":"default","_kad_post_sidebar_id":"","_kad_post_content_style":"default","_kad_post_vertical_padding":"default","_kad_post_feature":"","_kad_post_feature_position":"","_kad_post_header":false,"_kad_post_footer":false,"_kad_post_classname":"","rank_math_title":"","rank_math_description":"","rank_math_focus_keyword":""},"product_brand":[],"product_cat":[29],"product_tag":[],"class_list":{"0":"post-2433","1":"product","2":"type-product","3":"status-publish","4":"has-post-thumbnail","6":"product_cat-pico-laser","8":"first","9":"instock","10":"shipping-taxable","11":"product-type-simple","12":"entry","13":"content-bg","14":"loop-entry"},"_links":{"self":[{"href":"https:\/\/skbty.com\/de\/wp-json\/wp\/v2\/product\/2433","targetHints":{"allow":["GET"]}}],"collection":[{"href":"https:\/\/skbty.com\/de\/wp-json\/wp\/v2\/product"}],"about":[{"href":"https:\/\/skbty.com\/de\/wp-json\/wp\/v2\/types\/product"}],"replies":[{"embeddable":true,"href":"https:\/\/skbty.com\/de\/wp-json\/wp\/v2\/comments?post=2433"}],"wp:featuredmedia":[{"embeddable":true,"href":"https:\/\/skbty.com\/de\/wp-json\/wp\/v2\/media\/2434"}],"wp:attachment":[{"href":"https:\/\/skbty.com\/de\/wp-json\/wp\/v2\/media?parent=2433"}],"wp:term":[{"taxonomy":"product_brand","embeddable":true,"href":"https:\/\/skbty.com\/de\/wp-json\/wp\/v2\/product_brand?post=2433"},{"taxonomy":"product_cat","embeddable":true,"href":"https:\/\/skbty.com\/de\/wp-json\/wp\/v2\/product_cat?post=2433"},{"taxonomy":"product_tag","embeddable":true,"href":"https:\/\/skbty.com\/de\/wp-json\/wp\/v2\/product_tag?post=2433"}],"curies":[{"name":"wp","href":"https:\/\/api.w.org\/{rel}","templated":true}]}}