{"id":2450,"date":"2024-01-11T19:09:04","date_gmt":"2024-01-11T11:09:04","guid":{"rendered":"https:\/\/skbty.com\/?post_type=product&#038;p=2450"},"modified":"2024-06-20T14:26:49","modified_gmt":"2024-06-20T06:26:49","slug":"schonheitsmaschine-fur-das-gesicht","status":"publish","type":"product","link":"https:\/\/skbty.com\/de\/product\/schonheitsmaschine-fur-das-gesicht\/","title":{"rendered":"Die RET-Face Beauty Machine"},"content":{"rendered":"<div class=\"J_module\">\n<div class=\"ife-detail-decorate-table\">\n<h3>Was ist die <strong>RET-Gesichtssch\u00f6nheitsmaschine?<\/strong><\/h3>\n<p><strong>RET-Gesichtssch\u00f6nheitsmaschine<\/strong> kombiniert synchronisierte W\u00e4rmeenergie und hochintensive pulsierende Magnettechnologie, um die Haut zu straffen und zu festigen, Falten zu entfernen und Hautelastizit\u00e4t und Kollagen zu regenerieren. Dieses fortschrittliche Ger\u00e4t ist f\u00fcr effektive nicht-invasive Gesichtsbehandlungen konzipiert.<\/p>\n<h3><img loading=\"lazy\" decoding=\"async\" class=\"magic-18 aligncenter\" title=\"RET-Gesichtssch\u00f6nheitsmaschine\" src=\"https:\/\/sc04.alicdn.com\/kf\/H44c2272f4c064dd6a92a0c21b0d17b90U\/247315878\/H44c2272f4c064dd6a92a0c21b0d17b90U.png\" alt=\"RET-Gesichtssch\u00f6nheitsmaschine\" width=\"608\" height=\"588\" data-src=\"\/\/sc04.alicdn.com\/kf\/H44c2272f4c064dd6a92a0c21b0d17b90U\/247315878\/H44c2272f4c064dd6a92a0c21b0d17b90U.png\" \/><\/h3>\n<table style=\"border-collapse: collapse; width: 100%;\">\n<tbody>\n<tr>\n<td style=\"width: 50%;\"><img loading=\"lazy\" decoding=\"async\" class=\"magic-27 aligncenter\" title=\"RET-Gesichtssch\u00f6nheitsmaschine\" src=\"https:\/\/sc04.alicdn.com\/kf\/He9dd5a2aa2314ec7b9d4bbd3cb3d73435\/247315878\/He9dd5a2aa2314ec7b9d4bbd3cb3d73435.png\" alt=\"RET-Gesichtssch\u00f6nheitsmaschine\" width=\"564\" height=\"337\" data-src=\"\/\/sc04.alicdn.com\/kf\/He9dd5a2aa2314ec7b9d4bbd3cb3d73435\/247315878\/He9dd5a2aa2314ec7b9d4bbd3cb3d73435.png\" \/><\/td>\n<td style=\"width: 50%;\"><img loading=\"lazy\" decoding=\"async\" class=\"magic-33 aligncenter\" title=\"RET-Gesichtssch\u00f6nheitsmaschine\" src=\"https:\/\/sc04.alicdn.com\/kf\/Hd156d959f7ed4d19903d05c0ba2cb8e54\/247315878\/Hd156d959f7ed4d19903d05c0ba2cb8e54.png\" alt=\"RET-Gesichtssch\u00f6nheitsmaschine\" width=\"801\" height=\"389\" data-src=\"\/\/sc04.alicdn.com\/kf\/Hd156d959f7ed4d19903d05c0ba2cb8e54\/247315878\/Hd156d959f7ed4d19903d05c0ba2cb8e54.png\" \/><\/td>\n<\/tr>\n<\/tbody>\n<\/table>\n<h3>Technische Daten<\/h3>\n<ul>\n<li><strong>Typ<\/strong>: RET - Gesichtssch\u00f6nheitsmaschine<\/li>\n<li><strong>Bediengriff<\/strong>: 6 Aufn\u00e4her<\/li>\n<li><strong>Leistung<\/strong>: 100-220 V 50\/60 Hz<\/li>\n<li><strong>Elektromagnetische Wellenenergie<\/strong>: 0-1,8 t<\/li>\n<li><strong>Anzeige<\/strong>: 10,4-Zoll-Touchscreen<\/li>\n<li><strong>Impuls<\/strong>: 200\u03bcs (Mikrosekunde)<\/li>\n<li><strong>Elektrische Energie<\/strong>: 40mA<\/li>\n<li><strong>Geh\u00e4usegr\u00f6\u00dfe<\/strong>: 40<em>39<\/em>40 cm<\/li>\n<li><strong>Verpackungsgewicht<\/strong>: 19 kg<\/li>\n<\/ul>\n<h3>Funktionsprinzip<\/h3>\n<p>Die <strong>RET-Gesichtssch\u00f6nheitsmaschine<\/strong> verwendet synchronisierte W\u00e4rmeenergie, um die Dermis zu erw\u00e4rmen und die Kollagenproduktion zu steigern, wodurch die Hautelastizit\u00e4t wiederhergestellt und Falten entfernt werden. Die hochintensive magnetische Impulstechnologie stimuliert die Muskeln und verursacht selektive Muskelkontraktionen. Diese Kombination erh\u00f6ht die Muskelintensit\u00e4t und -qualit\u00e4t und erreicht das Ziel, die Haut zu straffen und zu festigen. Mit W\u00e4rmeenergie und hohem Impuls in einem Pad wird das Gesicht effektiv gestrafft und gefestigt, Falten werden entfernt und die Haut regeneriert.<\/p>\n<h3>Hauptmerkmale<\/h3>\n<ol>\n<li><strong>Hautstraffung und Straffung<\/strong>: Verbessert die Festigkeit und Elastizit\u00e4t der Haut.<\/li>\n<li><strong>Faltenentfernung<\/strong>: Reduziert die Entstehung von F\u00e4ltchen.<\/li>\n<li><strong>Muskelaufbau<\/strong>: Strafft und festigt die Gesichtsmuskulatur.<\/li>\n<li><strong>Steigern Sie Muskeltonus und Elastizit\u00e4t<\/strong>: Verbessert die allgemeine Muskelqualit\u00e4t.<\/li>\n<li><strong>Regeneriert Elastin und Kollagen<\/strong>: F\u00f6rdert die Produktion wichtiger Hautproteine.<\/li>\n<\/ol>\n<h3><img loading=\"lazy\" decoding=\"async\" class=\"magic-22 aligncenter\" title=\"RET-Gesichtssch\u00f6nheitsmaschine\" src=\"https:\/\/sc04.alicdn.com\/kf\/H5703c3be9f9c481a9159d56615913d2a3\/247315878\/H5703c3be9f9c481a9159d56615913d2a3.png\" alt=\"RET-Gesichtssch\u00f6nheitsmaschine\" width=\"588\" height=\"466\" data-src=\"\/\/sc04.alicdn.com\/kf\/H5703c3be9f9c481a9159d56615913d2a3\/247315878\/H5703c3be9f9c481a9159d56615913d2a3.png\" \/><\/h3>\n<h3>Technische Vorteile<\/h3>\n<ol>\n<li><strong>2 Therapien in einem Eingriff<\/strong>: Kombiniert synchronisierte RF- und HI-EMS-Energien zur gleichzeitigen Behandlung der Gesichtshaut und der Muskeln.<\/li>\n<li><strong>Nicht-invasiv \/ schmerzlos \/ nadelfrei<\/strong>: V\u00f6llig nicht-invasiv, ohne Ausfallzeiten.<\/li>\n<li><strong>Gesichtsbehandlung<\/strong>: Reduziert Gesichtsfalten, erh\u00f6ht den Muskeltonus und die Muskeldichte, strafft das Gesicht und kurbelt die Kollagen- und Elastinproduktion an.<\/li>\n<li><strong>Freih\u00e4ndiger Betrieb<\/strong>: Nach dem Aufbringen der Applikatoren l\u00e4uft der Vorgang selbstst\u00e4ndig ab.<\/li>\n<li><strong>Vollst\u00e4ndige Gesichtsbehandlung in 20 Minuten<\/strong>: Komfortable und benutzerfreundliche Behandlung mit einer Dauer von nur 20 Minuten.<\/li>\n<\/ol>\n<h3><img loading=\"lazy\" decoding=\"async\" class=\"magic-29 aligncenter\" title=\"RET-Gesichtssch\u00f6nheitsmaschine\" src=\"https:\/\/sc04.alicdn.com\/kf\/Hf331778f278745ed8b5a7aa8853dac76N\/247315878\/Hf331778f278745ed8b5a7aa8853dac76N.png\" alt=\"RET-Gesichtssch\u00f6nheitsmaschine\" width=\"572\" height=\"424\" data-src=\"\/\/sc04.alicdn.com\/kf\/Hf331778f278745ed8b5a7aa8853dac76N\/247315878\/Hf331778f278745ed8b5a7aa8853dac76N.png\" \/><\/h3>\n<h3>Anwendungen<\/h3>\n<ul>\n<li><strong>Hautstraffung und Straffung<\/strong>: Verleiht der Haut ein strafferes und jugendlicheres Aussehen.<\/li>\n<li><strong>Faltenentfernung<\/strong>: Gl\u00e4ttet feine Linien und F\u00e4ltchen.<\/li>\n<li><strong>Muskelaufbau<\/strong>: Verbessert den Tonus und die Elastizit\u00e4t der Gesichtsmuskulatur.<\/li>\n<li><strong>Kollagen- und Elastin-Regeneration<\/strong>: Verbessert die Hautstruktur und Elastizit\u00e4t.<\/li>\n<\/ul>\n<h3>\u00a0Effekte verwenden<\/h3>\n<p>Die <strong>RET-Gesichtssch\u00f6nheitsmaschine<\/strong> sorgt f\u00fcr eine umfassende Gesichtsverj\u00fcngung durch Anheben und Straffen der Haut, Reduzierung von Falten und Verbesserung des Muskeltonus. Es erh\u00f6ht effektiv die Kollagen- und Elastinproduktion, was zu einer verbesserten Hautstruktur und Elastizit\u00e4t f\u00fchrt.<\/p>\n<\/div>\n<\/div>\n<div class=\"J_module\">\n<div class=\"icbu-pc-images magic-11\">\n<div>\n<div class=\"flex-layout-v\">\n<div class=\"flex-layout-h magic-11\">\n<div class=\"magic-34\"><img loading=\"lazy\" decoding=\"async\" class=\"magic-35 aligncenter\" src=\"https:\/\/sc04.alicdn.com\/kf\/H7d7f15a834ba430c9084ba75d1c9bae3Z\/247315878\/H7d7f15a834ba430c9084ba75d1c9bae3Z.jpg\" width=\"449\" height=\"412\" data-src=\"\/\/sc04.alicdn.com\/kf\/H7d7f15a834ba430c9084ba75d1c9bae3Z\/247315878\/H7d7f15a834ba430c9084ba75d1c9bae3Z.jpg\" \/><\/div>\n<div>\n<h3><strong>Anpassen Logo<\/strong><\/h3>\n<p>Wollen, machen Ihre Marke stand heraus? Wir bieten angepasst logo Dienstleistungen zu helfen Sie erstellen Sie eine einzigartige und personalisierte logo spiegelt Ihre Marke Identit\u00e4t. Unser team von Experten arbeiten eng mit Ihnen zusammen, um ein logo zu entwerfen, die in Resonanz mit Ihrer Marke und messaging. Egal, ob Sie Umbau Ihres bestehenden Logos oder eine neue erstellen von Grund auf neu, wir haben Sie abgedeckt. <a href=\"\/de\/kontakt\/\">Kontaktieren Sie uns<\/a> heute erfahren Sie mehr \u00fcber unsere ma\u00dfgeschneiderten logo-Service!<\/p>\n<\/div>\n<\/div>\n<\/div>\n<\/div>\n<\/div>\n<\/div>","protected":false},"excerpt":{"rendered":"<p><span class=\"magic-9\" style=\"font-family: Arial;\">Die synchronisierte W\u00e4rmeenergie kann die Dermis erw\u00e4rmen und die Kollagenproduktion steigern, um die Hautelastizit\u00e4t wiederherzustellen und Falten zu entfernen. Gleichzeitig kann die Technologie des hochintensiven magnetischen Pulses die Muskeln stimulieren und die Muskeln gezielt kontrahieren lassen. Durch die Steigerung der Intensit\u00e4t und Qualit\u00e4t der Muskeln kann das Ziel erreicht werden, die Haut zu straffen und zu festigen. Mit sowohl W\u00e4rmeenergie als auch einem hohen Puls in einem Pad kann es helfen, das Gesicht zu straffen und zu festigen, Falten zu entfernen und die Haut zu regenerieren.<\/span><\/p>","protected":false},"featured_media":2451,"comment_status":"open","ping_status":"closed","template":"","meta":{"_kad_post_transparent":"default","_kad_post_title":"","_kad_post_layout":"default","_kad_post_sidebar_id":"","_kad_post_content_style":"default","_kad_post_vertical_padding":"default","_kad_post_feature":"","_kad_post_feature_position":"","_kad_post_header":false,"_kad_post_footer":false,"_kad_post_classname":"","rank_math_title":"","rank_math_description":"","rank_math_focus_keyword":""},"product_brand":[],"product_cat":[33],"product_tag":[],"class_list":{"0":"post-2450","1":"product","2":"type-product","3":"status-publish","4":"has-post-thumbnail","6":"product_cat-face-care","8":"first","9":"instock","10":"shipping-taxable","11":"product-type-simple","12":"entry","13":"content-bg","14":"loop-entry"},"_links":{"self":[{"href":"https:\/\/skbty.com\/de\/wp-json\/wp\/v2\/product\/2450","targetHints":{"allow":["GET"]}}],"collection":[{"href":"https:\/\/skbty.com\/de\/wp-json\/wp\/v2\/product"}],"about":[{"href":"https:\/\/skbty.com\/de\/wp-json\/wp\/v2\/types\/product"}],"replies":[{"embeddable":true,"href":"https:\/\/skbty.com\/de\/wp-json\/wp\/v2\/comments?post=2450"}],"wp:featuredmedia":[{"embeddable":true,"href":"https:\/\/skbty.com\/de\/wp-json\/wp\/v2\/media\/2451"}],"wp:attachment":[{"href":"https:\/\/skbty.com\/de\/wp-json\/wp\/v2\/media?parent=2450"}],"wp:term":[{"taxonomy":"product_brand","embeddable":true,"href":"https:\/\/skbty.com\/de\/wp-json\/wp\/v2\/product_brand?post=2450"},{"taxonomy":"product_cat","embeddable":true,"href":"https:\/\/skbty.com\/de\/wp-json\/wp\/v2\/product_cat?post=2450"},{"taxonomy":"product_tag","embeddable":true,"href":"https:\/\/skbty.com\/de\/wp-json\/wp\/v2\/product_tag?post=2450"}],"curies":[{"name":"wp","href":"https:\/\/api.w.org\/{rel}","templated":true}]}}