{"id":2467,"date":"2024-01-12T10:14:16","date_gmt":"2024-01-12T02:14:16","guid":{"rendered":"https:\/\/skbty.com\/?post_type=product&#038;p=2467"},"modified":"2024-06-20T11:54:42","modified_gmt":"2024-06-20T03:54:42","slug":"ems-neo-elektromagnetische-muskelstimulationsmaschine","status":"publish","type":"product","link":"https:\/\/skbty.com\/de\/product\/ems-neo-elektromagnetische-muskelstimulationsmaschine\/","title":{"rendered":"EMS NEO Elektromagnetisches Muskelstimulationsger\u00e4t"},"content":{"rendered":"<div class=\"ife-detail-decorate-table\">\n<h3>Was ist die <strong>EMS NEO Elektromagnetische Muskelstimulation?<\/strong><\/h3>\n<p><strong>EMS NEO Elektromagnetische Muskelstimulation Sto\u00dfwellentherapieger\u00e4t<\/strong> ist ein hochmodernes nicht-invasives Ger\u00e4t, das Fettzellen eliminiert und Muskelmasse aufbaut. Durch die Kombination von synchroner HF-Erhitzung und hochintensiven fokussierten elektromagnetischen Wellen stimuliert und kontrahiert dieses Ger\u00e4t effektiv Muskeln und zielt auf Bereiche wie Bauch, Ges\u00e4\u00df, Arme, Waden und Oberschenkel ab.<\/p>\n<table style=\"border-collapse: collapse; width: 100%;\">\n<tbody>\n<tr>\n<td style=\"width: 50%;\">\n<h3><img loading=\"lazy\" decoding=\"async\" class=\"magic-10 aligncenter\" title=\"EMS NEO Elektromagnetische Muskelstimulation\" src=\"https:\/\/sc04.alicdn.com\/kf\/H117dd40a6cdf4508b2a7d186cdafe78bv\/247315878\/H117dd40a6cdf4508b2a7d186cdafe78bv.png\" alt=\"EMS NEO Elektromagnetische Muskelstimulation\" width=\"397\" height=\"459\" data-src=\"\/\/sc04.alicdn.com\/kf\/H117dd40a6cdf4508b2a7d186cdafe78bv\/247315878\/H117dd40a6cdf4508b2a7d186cdafe78bv.png\" \/><\/h3>\n<\/td>\n<td style=\"width: 50%;\">\n<h3><img loading=\"lazy\" decoding=\"async\" class=\"magic-27 aligncenter\" title=\"EMS NEO Elektromagnetische Muskelstimulation\" src=\"https:\/\/sc04.alicdn.com\/kf\/H824998f7b9494ad9a31652c51aeabd4fv\/247315878\/H824998f7b9494ad9a31652c51aeabd4fv.png\" alt=\"EMS NEO Elektromagnetische Muskelstimulation\" width=\"463\" height=\"491\" data-src=\"\/\/sc04.alicdn.com\/kf\/H824998f7b9494ad9a31652c51aeabd4fv\/247315878\/H824998f7b9494ad9a31652c51aeabd4fv.png\" \/><\/h3>\n<\/td>\n<\/tr>\n<\/tbody>\n<\/table>\n<h3>Technische Daten<\/h3>\n<ul>\n<li><strong>Bediengriff<\/strong>: 4 Griffe (Wasserk\u00fchlung)<\/li>\n<li><strong>Leistung<\/strong>: 220 V 50\/60 Hz<\/li>\n<li><strong>Elektromagnetische Wellenenergie<\/strong>: 0-5T<\/li>\n<li><strong>HF-Frequenz<\/strong>: 3M<\/li>\n<li><strong>Bildschirm<\/strong>: 10,4-Zoll-Touchscreen<\/li>\n<li><strong>Impuls<\/strong>: 300\u03bcs (Mikrosekunden)<\/li>\n<li><strong>Geh\u00e4useabmessungen<\/strong>: 54<em>43<\/em>97 cm<\/li>\n<li><strong>Bruttogewicht<\/strong>: 59 kg<\/li>\n<\/ul>\n<h3>Funktionsprinzip<\/h3>\n<p>Die <strong>EMS NEO Elektromagnetische Muskelstimulation Sto\u00dfwellentherapieger\u00e4t<\/strong> nutzt die RF Sculptor-Technologie, um Fettzellen zu beseitigen und Muskelmasse durch eine Kombination aus synchroner HF-Erhitzung und hochintensiven fokussierten elektromagnetischen Wellen aufzubauen. Diese nicht-invasive Methode stimuliert Muskelkontraktionen und reduziert Fettablagerungen, wobei Bauch, Ges\u00e4\u00df, Arme, Waden und Oberschenkel effektiv behandelt werden.<\/p>\n<h3><img loading=\"lazy\" decoding=\"async\" class=\"magic-22 aligncenter\" title=\"EMS NEO Elektromagnetische Muskelstimulation\" src=\"https:\/\/sc04.alicdn.com\/kf\/H0fea23ca612c4988a4458979cd48c6cca\/247315878\/H0fea23ca612c4988a4458979cd48c6cca.png\" alt=\"EMS NEO Elektromagnetische Muskelstimulation\" width=\"550\" height=\"369\" data-src=\"\/\/sc04.alicdn.com\/kf\/H0fea23ca612c4988a4458979cd48c6cca\/247315878\/H0fea23ca612c4988a4458979cd48c6cca.png\" \/><\/h3>\n<h3>Vorteile<\/h3>\n<ol>\n<li><strong>Muskeln aufbauen und Fett verbrennen<\/strong>: Erzielt gleichzeitig Muskelwachstum und Fettabbau.<\/li>\n<li><strong>Nicht-invasives H\u00fcftlifting<\/strong>: Bietet eine nicht-chirurgische L\u00f6sung zum H\u00fcftlifting.<\/li>\n<li><strong>Universelle Eignung<\/strong>: F\u00fcr jeden geeignet, keine An\u00e4sthesie oder Operation erforderlich.<\/li>\n<li><strong>Schnelles Verfahren<\/strong>: Jede Sitzung dauert nur 30 Minuten, wobei zwischen den vier Sitzungen ein Abstand von 2\u20133 Tagen liegt.<\/li>\n<li><strong>Intensives Trainingsgef\u00fchl<\/strong>: F\u00fchlt sich wie ein intensives Training an.<\/li>\n<li><strong>Sicher und ohne Ausfallzeiten<\/strong>: Sofortige Ergebnisse, keine Erholungszeit erforderlich.<\/li>\n<li><strong>Sichtbare Ergebnisse<\/strong>: Sp\u00fcrbare Verbesserung nach zwei bis vier Wochen.<\/li>\n<li><strong>Erh\u00f6hte Muskelmasse<\/strong>: Die Muskelmasse nahm durchschnittlich um 25% zu.<\/li>\n<li><strong>Reduzierter Fettgehalt<\/strong>: Fett um durchschnittlich 30% reduziert.<\/li>\n<\/ol>\n<h3><img loading=\"lazy\" decoding=\"async\" class=\"magic-31 aligncenter\" title=\"EMS NEO Elektromagnetische Muskelstimulation\" src=\"https:\/\/sc04.alicdn.com\/kf\/Hfb13a8e5eee242518b7ab1020057b956i\/247315878\/Hfb13a8e5eee242518b7ab1020057b956i.png\" alt=\"EMS NEO Elektromagnetische Muskelstimulation\" width=\"582\" height=\"296\" data-src=\"\/\/sc04.alicdn.com\/kf\/Hfb13a8e5eee242518b7ab1020057b956i\/247315878\/Hfb13a8e5eee242518b7ab1020057b956i.png\" \/><\/h3>\n<h3>Funktionen<\/h3>\n<ol>\n<li><strong>Muskeln aufbauen<\/strong>: Hochfrequente und intensive Kontraktionen (30.000 Mal) trainieren und erh\u00f6hen Muskeldichte und -volumen.<\/li>\n<li><strong>Fett reduzieren<\/strong>: Muskelkontraktionen erfordern viel Energie, was zur nat\u00fcrlichen Apoptose der Fettzellen und einer effektiven Fettreduzierung f\u00fchrt.<\/li>\n<li><strong>Muskelschnitzen<\/strong>: Formt Bauch, Taille, Ges\u00e4\u00df und schr\u00e4ge Bauchmuskeln und verbessert die Muskeldefinition.<\/li>\n<li><strong>Reparatur der Beckenbodenmuskulatur<\/strong>: St\u00e4rkt und stellt Festigkeit und Elastizit\u00e4t wieder her und bek\u00e4mpft Probleme wie Harninkontinenz und Unterleibsvorw\u00f6lbung.<\/li>\n<\/ol>\n<h3><img loading=\"lazy\" decoding=\"async\" class=\"magic-24 aligncenter\" title=\"EMS NEO Elektromagnetische Muskelstimulation\" src=\"https:\/\/sc04.alicdn.com\/kf\/Hde65317319fa4d8b9c7d0a1d51d9720bf\/247315878\/Hde65317319fa4d8b9c7d0a1d51d9720bf.png\" alt=\"EMS NEO Elektromagnetische Muskelstimulation\" width=\"544\" height=\"630\" data-src=\"\/\/sc04.alicdn.com\/kf\/Hde65317319fa4d8b9c7d0a1d51d9720bf\/247315878\/Hde65317319fa4d8b9c7d0a1d51d9720bf.png\" \/><\/h3>\n<h3>Auswirkungen<\/h3>\n<ol>\n<li><strong>Auswirkungen auf das Muskelgewebe<\/strong>: Bei der HI-EMT-Technologie f\u00fchrt die kontinuierliche Ausdehnung und Kontraktion der Muskeln zu einer tiefgreifenden Umformung, Muskelwachstum und einer erh\u00f6hten Muskeldichte und -volumen. Die HI-EMT-Technologie kann pro Sitzung etwa 20.000 erzwungene Muskelkontraktionen ausl\u00f6sen und so extreme Kontraktionen erreichen, die durch willk\u00fcrliche Bewegungen nicht m\u00f6glich sind.<\/li>\n<li><strong>Wirkung auf das Fettgewebe<\/strong>: Die extremen Muskelkontraktionen der HI-EMT-Technologie f\u00fchren zum Abbau von Fetts\u00e4uren, die dann \u00fcber den normalen Stoffwechsel ausgeschieden werden. Dieser Prozess st\u00e4rkt die Muskeln und reduziert das Fett.<\/li>\n<\/ol>\n<\/div>\n<div class=\"J_module\">\n<div class=\"icbu-pc-images magic-8\">\n<div class=\"flex-layout-v\"><\/div>\n<\/div>\n<\/div>\n<div class=\"J_module\">\n<div class=\"icbu-pc-detailManyImage magic-25\"><\/div>\n<\/div>\n<div class=\"J_module\">\n<div class=\"detail-decorate-json-renderer-container\">\n<div class=\"magic-11\">\n<div class=\"magic-17\"><\/div>\n<\/div>\n<\/div>\n<\/div>\n<div class=\"J_module\">\n<div class=\"icbu-pc-images magic-8\">\n<div>\n<div class=\"flex-layout-v\">\n<div class=\"flex-layout-h magic-8\">\n<div class=\"magic-32\"><img loading=\"lazy\" decoding=\"async\" class=\"magic-33 aligncenter\" title=\"EMS NEO Elektromagnetische Muskelstimulation\" src=\"https:\/\/sc04.alicdn.com\/kf\/He7f574c8c67a4742a26ceeb4c294e7ebR\/247315878\/He7f574c8c67a4742a26ceeb4c294e7ebR.png\" alt=\"EMS NEO Elektromagnetische Muskelstimulation\" width=\"448\" height=\"505\" data-src=\"\/\/sc04.alicdn.com\/kf\/He7f574c8c67a4742a26ceeb4c294e7ebR\/247315878\/He7f574c8c67a4742a26ceeb4c294e7ebR.png\" \/><\/div>\n<div>\n<h3><strong>Anpassen Logo<\/strong><\/h3>\n<p>Wollen, machen Ihre Marke stand heraus? Wir bieten angepasst logo Dienstleistungen zu helfen Sie erstellen Sie eine einzigartige und personalisierte logo spiegelt Ihre Marke Identit\u00e4t. Unser team von Experten arbeiten eng mit Ihnen zusammen, um ein logo zu entwerfen, die in Resonanz mit Ihrer Marke und messaging. Egal, ob Sie Umbau Ihres bestehenden Logos oder eine neue erstellen von Grund auf neu, wir haben Sie abgedeckt. <a href=\"\/de\/kontakt\/\">Kontaktieren Sie uns<\/a> heute erfahren Sie mehr \u00fcber unsere ma\u00dfgeschneiderten logo-Service!<\/p>\n<\/div>\n<\/div>\n<\/div>\n<\/div>\n<\/div>\n<\/div>","protected":false},"excerpt":{"rendered":"<div class=\"magic-20\">Funktionsprinzip des elektromagnetischen Muskelstimulations-Sto\u00dfwellentherapieger\u00e4ts EMS NEO<\/div>\n<div class=\"magic-20\">RF Sculptor ist ein nicht-invasives Ger\u00e4t, das Fettzellen beseitigt und Muskeln durch eine Kombination aus synchroner HF-Erhitzung und hochintensiven fokussierten elektromagnetischen Wellen aufbaut. Es wird haupts\u00e4chlich verwendet, um Muskeln zu stimulieren und zu kontrahieren und Fett abzubauen, unter anderem an Bauch, Ges\u00e4\u00df, Armen, Waden und Oberschenkeln.<\/div>","protected":false},"featured_media":2468,"comment_status":"open","ping_status":"closed","template":"","meta":{"_kad_post_transparent":"default","_kad_post_title":"","_kad_post_layout":"default","_kad_post_sidebar_id":"","_kad_post_content_style":"default","_kad_post_vertical_padding":"default","_kad_post_feature":"","_kad_post_feature_position":"","_kad_post_header":false,"_kad_post_footer":false,"_kad_post_classname":"","rank_math_title":"","rank_math_description":"","rank_math_focus_keyword":""},"product_brand":[],"product_cat":[31],"product_tag":[],"class_list":{"0":"post-2467","1":"product","2":"type-product","3":"status-publish","4":"has-post-thumbnail","6":"product_cat-body-slimming","8":"first","9":"instock","10":"shipping-taxable","11":"product-type-simple","12":"entry","13":"content-bg","14":"loop-entry"},"_links":{"self":[{"href":"https:\/\/skbty.com\/de\/wp-json\/wp\/v2\/product\/2467","targetHints":{"allow":["GET"]}}],"collection":[{"href":"https:\/\/skbty.com\/de\/wp-json\/wp\/v2\/product"}],"about":[{"href":"https:\/\/skbty.com\/de\/wp-json\/wp\/v2\/types\/product"}],"replies":[{"embeddable":true,"href":"https:\/\/skbty.com\/de\/wp-json\/wp\/v2\/comments?post=2467"}],"wp:featuredmedia":[{"embeddable":true,"href":"https:\/\/skbty.com\/de\/wp-json\/wp\/v2\/media\/2468"}],"wp:attachment":[{"href":"https:\/\/skbty.com\/de\/wp-json\/wp\/v2\/media?parent=2467"}],"wp:term":[{"taxonomy":"product_brand","embeddable":true,"href":"https:\/\/skbty.com\/de\/wp-json\/wp\/v2\/product_brand?post=2467"},{"taxonomy":"product_cat","embeddable":true,"href":"https:\/\/skbty.com\/de\/wp-json\/wp\/v2\/product_cat?post=2467"},{"taxonomy":"product_tag","embeddable":true,"href":"https:\/\/skbty.com\/de\/wp-json\/wp\/v2\/product_tag?post=2467"}],"curies":[{"name":"wp","href":"https:\/\/api.w.org\/{rel}","templated":true}]}}