{"id":2486,"date":"2024-01-12T11:01:19","date_gmt":"2024-01-12T03:01:19","guid":{"rendered":"https:\/\/skbty.com\/?post_type=product&#038;p=2486"},"modified":"2024-06-19T18:07:51","modified_gmt":"2024-06-19T10:07:51","slug":"2-in-1-gerat-zur-haar-und-tattooentfernung-mit-808-diodenlaser","status":"publish","type":"product","link":"https:\/\/skbty.com\/de\/product\/2-in-1-gerat-zur-haar-und-tattooentfernung-mit-808-diodenlaser\/","title":{"rendered":"2-in-1-Ger\u00e4t zur Haar- und Tattooentfernung mit 808-Diodenlaser"},"content":{"rendered":"<h3>Was ist die <strong>2-in-1-Ger\u00e4t zur Haar- und Tattooentfernung mit 808-Diodenlaser?<\/strong><\/h3>\n<p><strong>2-in-1-Ger\u00e4t zur Haar- und Tattooentfernung mit 808-Diodenlaser<\/strong> kombiniert fortschrittliche Technologie f\u00fcr effiziente Haar- und Tattooentfernung. Durch die Verwendung mehrerer Wellenl\u00e4ngen bietet dieses Ger\u00e4t eine umfassende Behandlung f\u00fcr verschiedene Hauttypen und Haarfarben und sorgt f\u00fcr sichere und effektive Ergebnisse.<\/p>\n<table style=\"border-collapse: collapse; width: 100%;\">\n<tbody>\n<tr>\n<td style=\"width: 50%;\">\n<h3><img loading=\"lazy\" decoding=\"async\" class=\"magic-23 aligncenter\" title=\"2-in-1-Ger\u00e4t zur Haar- und Tattooentfernung mit 808-Diodenlaser\" src=\"https:\/\/sc04.alicdn.com\/kf\/Hcca0352ab6c844c29f2cd55acb3faa0dB\/247315878\/Hcca0352ab6c844c29f2cd55acb3faa0dB.png\" alt=\"2-in-1-Ger\u00e4t zur Haar- und Tattooentfernung mit 808-Diodenlaser\" width=\"480\" height=\"517\" data-src=\"\/\/sc04.alicdn.com\/kf\/Hcca0352ab6c844c29f2cd55acb3faa0dB\/247315878\/Hcca0352ab6c844c29f2cd55acb3faa0dB.png\" \/><\/h3>\n<\/td>\n<td style=\"width: 50%;\"><img loading=\"lazy\" decoding=\"async\" class=\"magic-34 aligncenter\" title=\"2-in-1-Ger\u00e4t zur Haar- und Tattooentfernung mit 808-Diodenlaser\" src=\"https:\/\/sc04.alicdn.com\/kf\/H5f33bb5d54fd4741a1fe30c0144a73faB\/247315878\/H5f33bb5d54fd4741a1fe30c0144a73faB.png\" alt=\"2-in-1-Ger\u00e4t zur Haar- und Tattooentfernung mit 808-Diodenlaser\" width=\"585\" height=\"450\" data-src=\"\/\/sc04.alicdn.com\/kf\/H5f33bb5d54fd4741a1fe30c0144a73faB\/247315878\/H5f33bb5d54fd4741a1fe30c0144a73faB.png\" \/><\/td>\n<\/tr>\n<\/tbody>\n<\/table>\n<h3>Technische Daten<\/h3>\n<ul>\n<li><strong>Name<\/strong>: 2 in 1 808 Diodenlaser-Maschine zur Haar- und Tattooentfernung<\/li>\n<li><strong>Lichtfleck<\/strong>Gr\u00f6\u00dfe: 10 x 20 mm<\/li>\n<li><strong>Bildschirmgr\u00f6\u00dfe<\/strong>: 1080\u00d71920<\/li>\n<li><strong>Anzahl Griffe<\/strong>: 50 Millionen Schuss<\/li>\n<li><strong>Frequenz<\/strong>: 1-10Hz<\/li>\n<li><strong>Wellenl\u00e4nge<\/strong>: 808 nm, 755 nm, 1064 nm, 808 nm<\/li>\n<li><strong>Laserleiste<\/strong>: 12 Bar<\/li>\n<li><strong>Energie<\/strong>: 1-120J\/CM\u00b2<\/li>\n<li><strong>Gesamtleistung<\/strong>Leistung: 1800 W<\/li>\n<li><strong>Impulsbreite<\/strong>: 1MS-400MS<\/li>\n<li><strong>Stromspannung<\/strong>: 200-240 V<\/li>\n<li><strong>W\u00e4rmeableitung<\/strong>: Luftk\u00fchlung + Wasserk\u00fchlung + Halbleiterk\u00fchlung<\/li>\n<li><strong>Schutzsystem<\/strong>: Temperaturschutz, Spannungsschutz, Wassermangelschutz<\/li>\n<\/ul>\n<h3>Funktionsprinzip<\/h3>\n<h4>Prinzip der Haarentfernung<\/h4>\n<p><strong>810 Gefrierpunkt-Haarentfernungstechnologie<\/strong>: Diese aus Deutschland stammende Technologie basiert auf dem selektiven photothermodynamischen Prinzip. Durch die Regulierung von Wellenl\u00e4nge, Energie und Impulsbreite dringt das Licht durch die Hautoberfl\u00e4che bis zur Haarfollikelwurzel und sch\u00e4digt das Follikelgewebe, um das Haarwachstum zu verlangsamen oder zu stoppen. Das Schnellgefrierpunktsystem k\u00fchlt die lokale Haut auf 5 Grad Celsius ab und verhindert so fr\u00fchzeitige Nebenwirkungen der Haarentfernung, Hautsch\u00e4den und komplexe Operationen.<\/p>\n<h4>Laserprinzip<\/h4>\n<p><strong>Q-Switching-Modus und Photoblasting-Prinzip<\/strong>: Der Laser gibt augenblicklich konzentrierte Hochenergie ab, sodass der Laser mit fester Wellenl\u00e4nge die Epidermis durchdringen und das erkrankte Gewebe schnell erreichen kann. Die Pigmentmasse erhitzt sich, dehnt sich aus und zerf\u00e4llt in feine Partikel, die von Makrophagen phagozytiert und \u00fcber das Lymphsystem ausgeschieden werden. Das Pigment verblasst und verschwindet, ohne das umgebende normale Hautgewebe zu sch\u00e4digen.<\/p>\n<table style=\"border-collapse: collapse; width: 100%;\">\n<tbody>\n<tr>\n<td style=\"width: 50%;\"><img loading=\"lazy\" decoding=\"async\" class=\"magic-19 aligncenter\" title=\"2-in-1-Ger\u00e4t zur Haar- und Tattooentfernung mit 808-Diodenlaser\" src=\"https:\/\/sc04.alicdn.com\/kf\/H178eff0920694d27a127e160725a0e64D\/247315878\/H178eff0920694d27a127e160725a0e64D.png\" alt=\"2-in-1-Ger\u00e4t zur Haar- und Tattooentfernung mit 808-Diodenlaser\" width=\"689\" height=\"350\" data-src=\"\/\/sc04.alicdn.com\/kf\/H178eff0920694d27a127e160725a0e64D\/247315878\/H178eff0920694d27a127e160725a0e64D.png\" \/><\/td>\n<td style=\"width: 50%;\"><img loading=\"lazy\" decoding=\"async\" class=\"magic-21 aligncenter\" title=\"2-in-1-Ger\u00e4t zur Haar- und Tattooentfernung mit 808-Diodenlaser\" src=\"https:\/\/sc04.alicdn.com\/kf\/Hc9c89b38662944938315c62adb30cc5eY\/247315878\/Hc9c89b38662944938315c62adb30cc5eY.png\" alt=\"2-in-1-Ger\u00e4t zur Haar- und Tattooentfernung mit 808-Diodenlaser\" width=\"455\" height=\"287\" data-src=\"\/\/sc04.alicdn.com\/kf\/Hc9c89b38662944938315c62adb30cc5eY\/247315878\/Hc9c89b38662944938315c62adb30cc5eY.png\" \/><\/td>\n<\/tr>\n<\/tbody>\n<\/table>\n<h3>Theorie der 755\/808\/1064 nm Diodenlaser-Haarentfernung<\/h3>\n<ul>\n<li><strong>Diodenlaser 808nm<\/strong>: Spitzendiodenlaser, der die Behandlungszeit halbiert, somit auch gr\u00f6\u00dfere Fl\u00e4chen effizient behandelt und eine schnelle, effektive Haarentfernung gew\u00e4hrleistet.<\/li>\n<li><strong>Diodenlaser 1064nm<\/strong>: Ideal f\u00fcr dunklere Haut, bietet sichere Haarentfernung und Hautverj\u00fcngung mit starker K\u00fchlung f\u00fcr eine angenehme Behandlung.<\/li>\n<li><strong>Diodenlaser 755nm<\/strong>: Wirksam f\u00fcr blondes und feines Haar, bietet ein angenehmes Behandlungserlebnis und k\u00fcrzere Behandlungszeiten.<\/li>\n<\/ul>\n<h3><img loading=\"lazy\" decoding=\"async\" class=\"magic-30 aligncenter\" title=\"2-in-1-Ger\u00e4t zur Haar- und Tattooentfernung mit 808-Diodenlaser\" src=\"https:\/\/sc04.alicdn.com\/kf\/H0899b67941c348e39e6762b4892d9dab8\/247315878\/H0899b67941c348e39e6762b4892d9dab8.png\" alt=\"2-in-1-Ger\u00e4t zur Haar- und Tattooentfernung mit 808-Diodenlaser\" width=\"901\" height=\"330\" data-src=\"\/\/sc04.alicdn.com\/kf\/H0899b67941c348e39e6762b4892d9dab8\/247315878\/H0899b67941c348e39e6762b4892d9dab8.png\" \/><\/h3>\n<h3>755 nm 808 nm 1064 nm Wellenvorteile<\/h3>\n<ul>\n<li><strong>Geschwindigkeit 808nm<\/strong>: Die goldene Standardwellenl\u00e4nge f\u00fcr alle Haartypen.<\/li>\n<li><strong>Alex 755 nm<\/strong>: Besonders wirksam f\u00fcr blondes und feines Haar.<\/li>\n<li><strong>Lange Welle 1064 nm<\/strong>: Wirksam f\u00fcr dunkle, gebr\u00e4unte Haut.<\/li>\n<\/ul>\n<h3><img loading=\"lazy\" decoding=\"async\" class=\"magic-32 aligncenter\" title=\"2-in-1-Ger\u00e4t zur Haar- und Tattooentfernung mit 808-Diodenlaser\" src=\"https:\/\/sc04.alicdn.com\/kf\/H0b8b12d6e1ec4f668c6c1f124d4d4fa0m\/247315878\/H0b8b12d6e1ec4f668c6c1f124d4d4fa0m.png\" alt=\"2-in-1-Ger\u00e4t zur Haar- und Tattooentfernung mit 808-Diodenlaser\" width=\"455\" height=\"523\" data-src=\"\/\/sc04.alicdn.com\/kf\/H0b8b12d6e1ec4f668c6c1f124d4d4fa0m\/247315878\/H0b8b12d6e1ec4f668c6c1f124d4d4fa0m.png\" \/><\/h3>\n<h3>Vorteile<\/h3>\n<ol>\n<li><strong>Umfangreiche Funktionen<\/strong>: Kombiniert Haarentfernung, Hautstraffung, Tattooentfernung und Hautverj\u00fcngung.<\/li>\n<li><strong>Benutzerfreundliches Interface<\/strong>: hochaufl\u00f6sender Touchscreen mit 1080 \u00d7 1920 f\u00fcr einfache Bedienung.<\/li>\n<li><strong>Fortschrittliches K\u00fchlsystem<\/strong>: Luftk\u00fchlung, Wasserk\u00fchlung und Halbleiterk\u00fchlung f\u00fcr sichere und komfortable Behandlungen.<\/li>\n<li><strong>Mehrere Schutzsysteme<\/strong>: Beinhaltet Temperatur-, Spannungs- und Wassermangelschutz.<\/li>\n<li><strong>Vielseitige Wellenl\u00e4ngen<\/strong>: Geeignet f\u00fcr verschiedene Haarfarben und Hauttypen.<\/li>\n<li><strong>OEM- und ODM-Dienste<\/strong>: Anpassbare Optionen f\u00fcr Logos, Sprachen und Schnittstellen, um spezifische Anforderungen zu erf\u00fcllen.<\/li>\n<\/ol>\n<h3>Anwendungen<\/h3>\n<ul>\n<li><strong>Dauerhafte schnelle Haarentfernung<\/strong><\/li>\n<li><strong>Tattooentfernung<\/strong><\/li>\n<li><strong>Hautverj\u00fcngung und Aufhellung<\/strong><\/li>\n<li><strong>Faltenentfernung und Hautstraffung<\/strong><\/li>\n<li><strong>Pigmententfernung<\/strong><\/li>\n<li><strong>Akne-Behandlung<\/strong><\/li>\n<li><strong>Gef\u00e4\u00dftherapie<\/strong><\/li>\n<\/ul>\n<h3><img loading=\"lazy\" decoding=\"async\" class=\"magic-25 aligncenter\" title=\"2-in-1-Ger\u00e4t zur Haar- und Tattooentfernung mit 808-Diodenlaser\" src=\"https:\/\/sc04.alicdn.com\/kf\/Ha8a7754b8d33400381abc3ae534622e8x\/247315878\/Ha8a7754b8d33400381abc3ae534622e8x.png\" alt=\"2-in-1-Ger\u00e4t zur Haar- und Tattooentfernung mit 808-Diodenlaser\" width=\"574\" height=\"719\" data-src=\"\/\/sc04.alicdn.com\/kf\/Ha8a7754b8d33400381abc3ae534622e8x\/247315878\/Ha8a7754b8d33400381abc3ae534622e8x.png\" \/><\/h3>\n<h3>Auswirkungen<\/h3>\n<p>Die <strong>2-in-1-Ger\u00e4t zur Haar- und Tattooentfernung mit 808-Diodenlaser<\/strong> bietet effektive und langanhaltende Ergebnisse bei der Haarentfernung, Tattooentfernung und Hautverj\u00fcngung. Es verbessert die Hautstruktur, Elastizit\u00e4t und das allgemeine Erscheinungsbild und sorgt gleichzeitig f\u00fcr Sicherheit und Komfort.<\/p>\n<h3><strong>Anpassen Logo<\/strong><\/h3>\n<p>Wollen, machen Ihre Marke stand heraus? Wir bieten angepasst logo Dienstleistungen zu helfen Sie erstellen Sie eine einzigartige und personalisierte logo spiegelt Ihre Marke Identit\u00e4t. Unser team von Experten arbeiten eng mit Ihnen zusammen, um ein logo zu entwerfen, die in Resonanz mit Ihrer Marke und messaging. Egal, ob Sie Umbau Ihres bestehenden Logos oder eine neue erstellen von Grund auf neu, wir haben Sie abgedeckt. <a href=\"\/de\/kontakt\/\">Kontaktieren Sie uns<\/a> heute erfahren Sie mehr \u00fcber unsere ma\u00dfgeschneiderten logo-Service!<\/p>","protected":false},"excerpt":{"rendered":"<p><span class=\"magic-9\" style=\"font-family: Arial;\"><b>Prinzip der Haarentfernung: <\/b>Die aus Deutschland stammende Technologie zur Haarentfernung mit Gefrierpunkt 810 basiert auf dem Prinzip der selektiven Photothermodynamie. Durch eine angemessene Regulierung von Wellenl\u00e4nge, Energie und Impulsbreite gelangt das Licht durch die Hautoberfl\u00e4che zur Haarwurzel und das Haarfollikelgewebe wird gesch\u00e4digt, sodass es nur langsam w\u00e4chst oder gar nicht w\u00e4chst.<\/span><br \/>\n<span class=\"magic-9\" style=\"font-family: Arial;\"><b>Laserprinzip: <\/b>Durch die Anwendung des GEM-Q-Switching-Modus und des Photoblasting-Prinzips wird die konzentrierte Hochenergie des Lasers augenblicklich abgegeben, sodass der Laser mit fester Wellenl\u00e4nge augenblicklich in die Epidermis eindringen und das erkrankte Gewebe in sehr kurzer Zeit erreichen kann. <\/span><\/p>","protected":false},"featured_media":2487,"comment_status":"open","ping_status":"closed","template":"","meta":{"_kad_post_transparent":"default","_kad_post_title":"","_kad_post_layout":"default","_kad_post_sidebar_id":"","_kad_post_content_style":"default","_kad_post_vertical_padding":"default","_kad_post_feature":"","_kad_post_feature_position":"","_kad_post_header":false,"_kad_post_footer":false,"_kad_post_classname":"","rank_math_title":"","rank_math_description":"","rank_math_focus_keyword":""},"product_brand":[],"product_cat":[66],"product_tag":[],"class_list":{"0":"post-2486","1":"product","2":"type-product","3":"status-publish","4":"has-post-thumbnail","6":"product_cat-2-in-1-808nmpico","8":"first","9":"instock","10":"shipping-taxable","11":"product-type-simple","12":"entry","13":"content-bg","14":"loop-entry"},"_links":{"self":[{"href":"https:\/\/skbty.com\/de\/wp-json\/wp\/v2\/product\/2486","targetHints":{"allow":["GET"]}}],"collection":[{"href":"https:\/\/skbty.com\/de\/wp-json\/wp\/v2\/product"}],"about":[{"href":"https:\/\/skbty.com\/de\/wp-json\/wp\/v2\/types\/product"}],"replies":[{"embeddable":true,"href":"https:\/\/skbty.com\/de\/wp-json\/wp\/v2\/comments?post=2486"}],"wp:featuredmedia":[{"embeddable":true,"href":"https:\/\/skbty.com\/de\/wp-json\/wp\/v2\/media\/2487"}],"wp:attachment":[{"href":"https:\/\/skbty.com\/de\/wp-json\/wp\/v2\/media?parent=2486"}],"wp:term":[{"taxonomy":"product_brand","embeddable":true,"href":"https:\/\/skbty.com\/de\/wp-json\/wp\/v2\/product_brand?post=2486"},{"taxonomy":"product_cat","embeddable":true,"href":"https:\/\/skbty.com\/de\/wp-json\/wp\/v2\/product_cat?post=2486"},{"taxonomy":"product_tag","embeddable":true,"href":"https:\/\/skbty.com\/de\/wp-json\/wp\/v2\/product_tag?post=2486"}],"curies":[{"name":"wp","href":"https:\/\/api.w.org\/{rel}","templated":true}]}}