{"id":2504,"date":"2024-01-15T16:49:35","date_gmt":"2024-01-15T08:49:35","guid":{"rendered":"https:\/\/skbty.com\/?post_type=product&#038;p=2504"},"modified":"2024-06-19T17:32:24","modified_gmt":"2024-06-19T09:32:24","slug":"2-in-1-810-nm-laser-haarentfernungsgerat","status":"publish","type":"product","link":"https:\/\/skbty.com\/de\/product\/2-in-1-810-nm-laser-haarentfernungsgerat\/","title":{"rendered":"2-in-1-810-nm-Laser-Haarentfernungsger\u00e4t"},"content":{"rendered":"<div class=\"J_module\">\n<div class=\"icbu-pc-images magic-1\">\n<div class=\"flex-layout-v\">\n<div class=\"flex-layout-h magic-1\">\n<div>\n<h3>Was ist die <strong>810 nm Laser-Haarentfernungsger\u00e4t?<\/strong><\/h3>\n<p><strong>810 nm Laser-Haarentfernungsger\u00e4t<\/strong>\u00a0bieten fortschrittliche L\u00f6sungen f\u00fcr effektive Haarentfernung und Hautverj\u00fcngung. Mithilfe der Theorie der selektiven Photopyrolyse gew\u00e4hrleistet diese Technologie sichere und effiziente Behandlungen, die gezielt auf die Haarfollikel abzielen, ohne die Epidermis zu sch\u00e4digen.<\/p>\n<table style=\"border-collapse: collapse; width: 100%;\">\n<tbody>\n<tr>\n<td style=\"width: 50%;\"><img loading=\"lazy\" decoding=\"async\" class=\"magic-3 aligncenter\" title=\"das 810nm Diodenlaser-Haarentfernungsger\u00e4t\" src=\"https:\/\/sc04.alicdn.com\/kf\/H84af7914dc6f400c9e31c9f9e3cfdfbeX\/247315878\/H84af7914dc6f400c9e31c9f9e3cfdfbeX.png\" alt=\"das 810nm Diodenlaser-Haarentfernungsger\u00e4t\" width=\"376\" height=\"539\" data-src=\"\/\/sc04.alicdn.com\/kf\/H84af7914dc6f400c9e31c9f9e3cfdfbeX\/247315878\/H84af7914dc6f400c9e31c9f9e3cfdfbeX.png\" \/><\/td>\n<td style=\"width: 50%;\"><img loading=\"lazy\" decoding=\"async\" class=\"magic-25 aligncenter\" title=\"das 810nm Diodenlaser-Haarentfernungsger\u00e4t\" src=\"https:\/\/sc04.alicdn.com\/kf\/H0ea90e565ae14079866dc13b59005e1bX\/247315878\/H0ea90e565ae14079866dc13b59005e1bX.png\" alt=\"das 810nm Diodenlaser-Haarentfernungsger\u00e4t\" width=\"355\" height=\"544\" data-src=\"\/\/sc04.alicdn.com\/kf\/H0ea90e565ae14079866dc13b59005e1bX\/247315878\/H0ea90e565ae14079866dc13b59005e1bX.png\" \/><\/td>\n<\/tr>\n<\/tbody>\n<\/table>\n<h3>Technische Daten<\/h3>\n<h4>810 nm Laser-Haarentfernungsger\u00e4t<\/h4>\n<ul>\n<li><strong>Eingangsleistung<\/strong>: 600 W ~ 1000 W<\/li>\n<li><strong>Ausgangsleistung<\/strong>: 600 W ~ 1200 W<\/li>\n<li><strong>Frequenz<\/strong>: 1-10Hz<\/li>\n<li><strong>K\u00fchlsystem<\/strong>: Luftgek\u00fchlt + wassergek\u00fchlt + Halbleiter<\/li>\n<li><strong>Abdeckungsbereich<\/strong>: 12 x 25 mm<\/li>\n<li><strong>Impulsbreite<\/strong>: 30-400 ms<\/li>\n<li><strong>Energiedichte<\/strong>: 10~180J\/cm\u00b2<\/li>\n<li><strong>Gesamtgewicht<\/strong>: 60 kg<\/li>\n<li><strong>Verpackungsgr\u00f6\u00dfe<\/strong>: 60 cm<em>60 cm<\/em>130 cm<\/li>\n<\/ul>\n<h4>Laser<\/h4>\n<ul>\n<li><strong>Eingangsleistung<\/strong>Leistung: 450 W~<\/li>\n<li><strong>Ausgangsleistung<\/strong>Leistung: 450 W~<\/li>\n<li><strong>Frequenz<\/strong>: 1-10Hz<\/li>\n<li><strong>K\u00fchlsystem<\/strong>: Luftgek\u00fchlt + wassergek\u00fchlt + Halbleiter<\/li>\n<li><strong>Abdeckungsbereich<\/strong>: 1 ~ 10 mm<\/li>\n<li><strong>Energiedichte<\/strong>: 1~10J\/cm\u00b2<\/li>\n<\/ul>\n<table style=\"border-collapse: collapse; width: 100%;\">\n<tbody>\n<tr>\n<td style=\"width: 50%;\"><img loading=\"lazy\" decoding=\"async\" class=\"magic-27 aligncenter\" title=\"das 810nm Diodenlaser-Haarentfernungsger\u00e4t\" src=\"https:\/\/sc04.alicdn.com\/kf\/Ha1a6b3debfda4f288a1f2d7eadff1a6fk\/247315878\/Ha1a6b3debfda4f288a1f2d7eadff1a6fk.png\" alt=\"das 810nm Diodenlaser-Haarentfernungsger\u00e4t\" width=\"443\" height=\"305\" data-src=\"\/\/sc04.alicdn.com\/kf\/Ha1a6b3debfda4f288a1f2d7eadff1a6fk\/247315878\/Ha1a6b3debfda4f288a1f2d7eadff1a6fk.png\" \/><\/td>\n<td style=\"width: 50%;\"><img loading=\"lazy\" decoding=\"async\" class=\"magic-29 aligncenter\" title=\"das 810nm Diodenlaser-Haarentfernungsger\u00e4t\" src=\"https:\/\/sc04.alicdn.com\/kf\/H781ed3836a98417eab2d78d647d2edaaf\/247315878\/H781ed3836a98417eab2d78d647d2edaaf.png\" alt=\"das 810nm Diodenlaser-Haarentfernungsger\u00e4t\" width=\"495\" height=\"303\" data-src=\"\/\/sc04.alicdn.com\/kf\/H781ed3836a98417eab2d78d647d2edaaf\/247315878\/H781ed3836a98417eab2d78d647d2edaaf.png\" \/><\/td>\n<\/tr>\n<\/tbody>\n<\/table>\n<h3><img loading=\"lazy\" decoding=\"async\" class=\"magic-18 aligncenter\" title=\"das 810nm Diodenlaser-Haarentfernungsger\u00e4t\" src=\"https:\/\/sc04.alicdn.com\/kf\/H67108350b9924046a5b06043f9fc9d32b\/247315878\/H67108350b9924046a5b06043f9fc9d32b.png\" alt=\"das 810nm Diodenlaser-Haarentfernungsger\u00e4t\" width=\"438\" height=\"342\" data-src=\"\/\/sc04.alicdn.com\/kf\/H67108350b9924046a5b06043f9fc9d32b\/247315878\/H67108350b9924046a5b06043f9fc9d32b.png\" \/><\/h3>\n<h3>Funktionsprinzip<\/h3>\n<p>Das Grundprinzip von <strong>Halbleiterlaser-Haarentfernung<\/strong> basiert auf der Theorie der selektiven Photopyrolyse. Diese Methode nutzt Mehrbandwellenl\u00e4ngen von 810 nm bis 1064 nm, bietet eine breite Abdeckung und wird leicht von den Haarfollikeln absorbiert, ohne die Epidermis zu sch\u00e4digen. Die abgegebene Lichtenergie wird von der Haarfollikelpigmentierung absorbiert und in W\u00e4rme umgewandelt, wodurch die Temperatur der Haarfollikel steigt. Sobald die Temperatur ein bestimmtes Niveau erreicht, verursacht sie irreversible Sch\u00e4den an den Follikeln. Mit der Zeit werden besch\u00e4digte Haarfollikel durch den K\u00f6rperstoffwechsel ausgeschieden, wodurch nach 4\u20135 Behandlungen eine dauerhafte Haarentfernung erreicht wird, w\u00e4hrend gleichzeitig die Haut verj\u00fcngt wird.<\/p>\n<p>Das Funktionsprinzip der <strong>Laser-Griff<\/strong> beinhaltet das Konzentrieren und Fokussieren von Laserenergie. Jede Laserlichtquelle erzeugt eine 10% effiziente Sto\u00dfwellenwirkung auf das Hautgewebe, zerst\u00f6rt Melanozyten in der Epidermisschicht und leitet die Sto\u00dfwelle in die tiefe Dermisschicht. Dieser Prozess leitet die Reparatur von Wachstumsfaktoren ein, f\u00f6rdert die Erneuerung und Vermehrung von Kollagen- und Elastinfasern, beschleunigt den Hautstoffwechsel und verbessert die Ausscheidung von Melanin, wodurch tiefe Pigmentierungsprobleme wirksam behandelt werden.<\/p>\n<table style=\"border-collapse: collapse; width: 100%;\">\n<tbody>\n<tr>\n<td style=\"width: 50%;\"><img loading=\"lazy\" decoding=\"async\" class=\"magic-21 aligncenter\" title=\"das 810nm Diodenlaser-Haarentfernungsger\u00e4t\" src=\"https:\/\/sc04.alicdn.com\/kf\/Hb309ed3e12d2411db542f5dbabc16363n\/247315878\/Hb309ed3e12d2411db542f5dbabc16363n.png\" alt=\"das 810nm Diodenlaser-Haarentfernungsger\u00e4t\" width=\"535\" height=\"364\" data-src=\"\/\/sc04.alicdn.com\/kf\/Hb309ed3e12d2411db542f5dbabc16363n\/247315878\/Hb309ed3e12d2411db542f5dbabc16363n.png\" \/><\/td>\n<td style=\"width: 50%;\"><img loading=\"lazy\" decoding=\"async\" class=\"magic-23 aligncenter\" title=\"das 810nm Diodenlaser-Haarentfernungsger\u00e4t\" src=\"https:\/\/sc04.alicdn.com\/kf\/H9f6c9cae2fca4e69999ae872c8ce7d29e\/247315878\/H9f6c9cae2fca4e69999ae872c8ce7d29e.png\" alt=\"das 810nm Diodenlaser-Haarentfernungsger\u00e4t\" width=\"463\" height=\"435\" data-src=\"\/\/sc04.alicdn.com\/kf\/H9f6c9cae2fca4e69999ae872c8ce7d29e\/247315878\/H9f6c9cae2fca4e69999ae872c8ce7d29e.png\" \/><\/td>\n<\/tr>\n<\/tbody>\n<\/table>\n<h3>Vorteile<\/h3>\n<ol>\n<li><strong>Selektive Photopyrolyse<\/strong>: Wirkt auf die Haarfollikel, ohne die Epidermis zu sch\u00e4digen.<\/li>\n<li><strong>Breite Wellenl\u00e4ngenabdeckung<\/strong>: 810 nm bis 1064 nm Multiband f\u00fcr wirksame Behandlungen.<\/li>\n<li><strong>Effiziente Haarentfernung<\/strong>: Erzielt dauerhafte Haarentfernung mit 4-5 Behandlungen.<\/li>\n<li><strong>Hautverj\u00fcngung<\/strong>: Verj\u00fcngt die Haut gleichzeitig w\u00e4hrend der Haarentfernung.<\/li>\n<li><strong>Fortschrittliches K\u00fchlsystem<\/strong>: Kombiniert Luft-, Wasser- und Halbleiterk\u00fchlung f\u00fcr optimale Leistung.<\/li>\n<li><strong>Hohe Energiedichte<\/strong>: Bietet leistungsstarke und wirksame Behandlungen.<\/li>\n<\/ol>\n<h3>Vorteile<\/h3>\n<ul>\n<li><strong>Dauerhafte Haarentfernung<\/strong>: Entfernt effektiv Haare und verhindert das Nachwachsen.<\/li>\n<li><strong>Hautverj\u00fcngung<\/strong>: Verbessert Struktur und Aussehen der Haut.<\/li>\n<li><strong>Sicher und nicht-invasiv<\/strong>: Minimiert Sch\u00e4den an der umgebenden Haut.<\/li>\n<li><strong>Schnelle Behandlungen<\/strong>: Deckt gro\u00dfe Behandlungsbereiche effizient ab.<\/li>\n<li><strong>Verbesserter Komfort<\/strong>: Fortschrittliches K\u00fchlsystem sorgt f\u00fcr ein angenehmes Erlebnis.<\/li>\n<\/ul>\n<h3><strong>Anpassen Logo<\/strong><\/h3>\n<p>Wollen, machen Ihre Marke stand heraus? Wir bieten angepasst logo Dienstleistungen zu helfen Sie erstellen Sie eine einzigartige und personalisierte logo spiegelt Ihre Marke Identit\u00e4t. Unser team von Experten arbeiten eng mit Ihnen zusammen, um ein logo zu entwerfen, die in Resonanz mit Ihrer Marke und messaging. Egal, ob Sie Umbau Ihres bestehenden Logos oder eine neue erstellen von Grund auf neu, wir haben Sie abgedeckt. <a href=\"\/de\/kontakt\/\">Kontaktieren Sie uns<\/a> heute erfahren Sie mehr \u00fcber unsere ma\u00dfgeschneiderten logo-Service!<\/p>\n<\/div>\n<div><\/div>\n<\/div>\n<\/div>\n<\/div>\n<\/div>","protected":false},"excerpt":{"rendered":"<div class=\"J_module\">\n<div class=\"detail-decorate-json-renderer-container\">\n<div class=\"magic-4\">\n<div class=\"magic-6\">\n<div class=\"magic-7\">\n<div class=\"magic-8\"><span class=\"magic-12\" style=\"font-family: Arial;\"><b>Das Grundprinzip der Halbleiterlaser-Haarentfernung<\/b> ist die Theorie der selektiven Photopyrolyse, 810 nm \u2013 1064 nm, Mehrband, breite Abdeckung, leichte Aufnahme ohne Sch\u00e4digung der epidermalen Farbhaarfollikel.<br \/>\n<\/span><\/div>\n<\/div>\n<\/div>\n<\/div>\n<\/div>\n<\/div>\n<div class=\"J_module\">\n<div class=\"detail-decorate-json-renderer-container\">\n<div class=\"magic-4\">\n<div class=\"magic-6\">\n<div class=\"magic-7\">\n<div class=\"magic-8\"><span class=\"magic-12\" style=\"font-family: Arial;\"><b>Das Funktionsprinzip des Lasergriffs<\/b> besteht darin, die Laserenergie zu konzentrieren und zu fokussieren. Jede Laserlichtquelle erzeugt eine effiziente Sto\u00dfwellenwirkung auf das Hautgewebe, zerst\u00f6rt die Melanozyten der Epidermisschicht und leitet die Sto\u00dfwelle in die tiefe Dermisschicht.<\/span><\/div>\n<\/div>\n<\/div>\n<\/div>\n<\/div>\n<\/div>","protected":false},"featured_media":2505,"comment_status":"open","ping_status":"closed","template":"","meta":{"_kad_post_transparent":"default","_kad_post_title":"","_kad_post_layout":"default","_kad_post_sidebar_id":"","_kad_post_content_style":"default","_kad_post_vertical_padding":"default","_kad_post_feature":"","_kad_post_feature_position":"","_kad_post_header":false,"_kad_post_footer":false,"_kad_post_classname":"","rank_math_title":"","rank_math_description":"","rank_math_focus_keyword":""},"product_brand":[],"product_cat":[66],"product_tag":[],"class_list":{"0":"post-2504","1":"product","2":"type-product","3":"status-publish","4":"has-post-thumbnail","6":"product_cat-2-in-1-808nmpico","8":"first","9":"instock","10":"shipping-taxable","11":"product-type-simple","12":"entry","13":"content-bg","14":"loop-entry"},"_links":{"self":[{"href":"https:\/\/skbty.com\/de\/wp-json\/wp\/v2\/product\/2504","targetHints":{"allow":["GET"]}}],"collection":[{"href":"https:\/\/skbty.com\/de\/wp-json\/wp\/v2\/product"}],"about":[{"href":"https:\/\/skbty.com\/de\/wp-json\/wp\/v2\/types\/product"}],"replies":[{"embeddable":true,"href":"https:\/\/skbty.com\/de\/wp-json\/wp\/v2\/comments?post=2504"}],"wp:featuredmedia":[{"embeddable":true,"href":"https:\/\/skbty.com\/de\/wp-json\/wp\/v2\/media\/2505"}],"wp:attachment":[{"href":"https:\/\/skbty.com\/de\/wp-json\/wp\/v2\/media?parent=2504"}],"wp:term":[{"taxonomy":"product_brand","embeddable":true,"href":"https:\/\/skbty.com\/de\/wp-json\/wp\/v2\/product_brand?post=2504"},{"taxonomy":"product_cat","embeddable":true,"href":"https:\/\/skbty.com\/de\/wp-json\/wp\/v2\/product_cat?post=2504"},{"taxonomy":"product_tag","embeddable":true,"href":"https:\/\/skbty.com\/de\/wp-json\/wp\/v2\/product_tag?post=2504"}],"curies":[{"name":"wp","href":"https:\/\/api.w.org\/{rel}","templated":true}]}}