{"id":2512,"date":"2024-01-15T17:03:37","date_gmt":"2024-01-15T09:03:37","guid":{"rendered":"https:\/\/skbty.com\/?post_type=product&#038;p=2512"},"modified":"2024-06-19T16:51:17","modified_gmt":"2024-06-19T08:51:17","slug":"3-in-1-sauerstoff-gesichtsbehandlungsgerat","status":"publish","type":"product","link":"https:\/\/skbty.com\/de\/product\/3-in-1-sauerstoff-gesichtsbehandlungsgerat\/","title":{"rendered":"3-in-1-Sauerstoff-Gesichtsbehandlungsger\u00e4t"},"content":{"rendered":"<div class=\"J_module\">\n<div class=\"icbu-pc-images magic-1\">\n<div class=\"flex-layout-v\">\n<h3>Was ist die <strong>3-in-1-Sauerstoff-Gesichtsbehandlungsger\u00e4t?<\/strong><\/h3>\n<p><strong>3-in-1-Sauerstoff-Gesichtsbehandlungsger\u00e4t<\/strong> ist ein hochmodernes Hautpflegeger\u00e4t, das eine Kombination aus dynamischer Sauerstoffverj\u00fcngung und Radiofrequenztechnologie der dritten Generation verwendet. Durch die Aktivierung des nat\u00fcrlichen Zustandsmechanismus des K\u00f6rpers \u2013 des Bohr-Effekts \u2013 erh\u00f6ht dieses Ger\u00e4t den Sauerstoffgehalt der Haut, stimuliert den Zellstoffwechsel und beschleunigt die Hautreparatur. Es verbessert die Hautstruktur von innen heraus.<\/p>\n<table style=\"border-collapse: collapse; width: 100%;\">\n<tbody>\n<tr>\n<td style=\"width: 50%;\">\n<h3><img loading=\"lazy\" decoding=\"async\" class=\"magic-3 aligncenter\" title=\"Sauerstoff-Gesichtsbehandlungsger\u00e4t\" src=\"https:\/\/sc04.alicdn.com\/kf\/H07f61b0e8b1b43b18f07aa52599b8d0aT\/247315878\/H07f61b0e8b1b43b18f07aa52599b8d0aT.png\" alt=\"Sauerstoff-Gesichtsbehandlungsger\u00e4t\" width=\"414\" height=\"527\" data-src=\"\/\/sc04.alicdn.com\/kf\/H07f61b0e8b1b43b18f07aa52599b8d0aT\/247315878\/H07f61b0e8b1b43b18f07aa52599b8d0aT.png\" data-spm-anchor-id=\"a2700.details.0.i84.1e6f381adjBWnJ\" \/><\/h3>\n<\/td>\n<td style=\"width: 50%;\"><img loading=\"lazy\" decoding=\"async\" class=\"magic-15 aligncenter\" title=\"Sauerstoff-Gesichtsbehandlungsger\u00e4t\" src=\"https:\/\/sc04.alicdn.com\/kf\/H728631b144eb4dc2b48d0cb81db0e65dK\/247315878\/H728631b144eb4dc2b48d0cb81db0e65dK.png\" alt=\"Sauerstoff-Gesichtsbehandlungsger\u00e4t\" width=\"564\" height=\"418\" data-src=\"\/\/sc04.alicdn.com\/kf\/H728631b144eb4dc2b48d0cb81db0e65dK\/247315878\/H728631b144eb4dc2b48d0cb81db0e65dK.png\" \/><\/td>\n<\/tr>\n<\/tbody>\n<\/table>\n<h3>Technische Daten<\/h3>\n<ul>\n<li><strong>Name<\/strong>: 3-in-1-Sauerstoff-Gesichtsbehandlungsger\u00e4t<\/li>\n<li><strong>Technologie<\/strong>: Dynamische Sauerstoffregeneration und Radiofrequenz der dritten Generation<\/li>\n<li><strong>Leistung<\/strong>: 5-30 HZ<\/li>\n<li><strong>Stromspannung<\/strong>: 110 V bis 220 V, 50 bis 60 Hz<\/li>\n<li><strong>Bruttogewicht<\/strong>: 7 kg<\/li>\n<li><strong>Verpackungsgr\u00f6\u00dfe<\/strong>: 45 * 40 * 32 cm<\/li>\n<\/ul>\n<h3>Was ist ein Gesichtspflegeger\u00e4t?<\/h3>\n<p>Ein Gesichtspflegeger\u00e4t wurde entwickelt, um die Gesundheit und das Aussehen Ihrer Haut zu verbessern. Dieses 3-in-1-Sch\u00f6nheitsger\u00e4t aktiviert mithilfe von Kohlendioxid den nat\u00fcrlichen Bohr-Effekt-Mechanismus des K\u00f6rpers, der in einer Umgebung mit hohem Kohlendioxidgehalt Sauerstoff freisetzt. Dieser Prozess verbessert den Sauerstoffgehalt der Haut, stimuliert den Zellstoffwechsel und beschleunigt die Hautreparatur, was zu einer verbesserten Hautstruktur f\u00fchrt.<\/p>\n<h3>Theorie (Beauty-Ger\u00e4te-Technologie)<\/h3>\n<p>Die <strong>3-in-1-Sauerstoff-Gesichtsbehandlungsger\u00e4t<\/strong> Das Handst\u00fcck besteht aus Natriumbikarbonat und Zitronens\u00e4ure. Wenn der Behandlungskopf mit einem Gel aus nat\u00fcrlichen Wirkstoffen in Kontakt kommt, entsteht auf der Haut eine gro\u00dfe Menge CO2. Dies stimuliert die subkutane Durchblutung, erh\u00f6ht die Blutflussrate und die Anzahl der Sauerstoff- und H\u00e4moglobinzellen im Blut. Folglich erh\u00f6ht es den subkutanen Sauerstoffgehalt und verbessert die N\u00e4hrstoffaufnahme der Haut, was zu Aufhellungs- und Anti-Aging-Effekten f\u00fchrt.<\/p>\n<table style=\"border-collapse: collapse; width: 100%;\">\n<tbody>\n<tr>\n<td style=\"width: 50%;\"><img loading=\"lazy\" decoding=\"async\" class=\"magic-17 aligncenter\" title=\"Sauerstoff-Gesichtsbehandlungsger\u00e4t\" src=\"https:\/\/sc04.alicdn.com\/kf\/H4bc80867beee4103819a1ccb2ff1b95ar\/247315878\/H4bc80867beee4103819a1ccb2ff1b95ar.png\" alt=\"Sauerstoff-Gesichtsbehandlungsger\u00e4t\" width=\"750\" height=\"425\" data-src=\"\/\/sc04.alicdn.com\/kf\/H4bc80867beee4103819a1ccb2ff1b95ar\/247315878\/H4bc80867beee4103819a1ccb2ff1b95ar.png\" \/><\/td>\n<td style=\"width: 50%;\"><img loading=\"lazy\" decoding=\"async\" class=\"magic-22 aligncenter\" title=\"Sauerstoff-Gesichtsbehandlungsger\u00e4t\" src=\"https:\/\/sc04.alicdn.com\/kf\/H54615480b6884a729d1a473a31fbed8dW\/247315878\/H54615480b6884a729d1a473a31fbed8dW.png\" alt=\"Sauerstoff-Gesichtsbehandlungsger\u00e4t\" width=\"790\" height=\"496\" data-src=\"\/\/sc04.alicdn.com\/kf\/H54615480b6884a729d1a473a31fbed8dW\/247315878\/H54615480b6884a729d1a473a31fbed8dW.png\" \/><\/td>\n<\/tr>\n<\/tbody>\n<\/table>\n<h3>Vorteile<\/h3>\n<ol>\n<li><strong>1MHz Aktionsfrequenz<\/strong>: Sorgt f\u00fcr eine sichere und effektive Hautumgestaltung.<\/li>\n<li><strong>Hohe Energiedichte<\/strong>: Liefert sp\u00fcrbare Effekte bereits ab der ersten Anwendung.<\/li>\n<li><strong>Langfristige Wirksamkeit<\/strong>: Klinisch erwiesen, dass es optimale Langzeitergebnisse liefert.<\/li>\n<li><strong>Fokussierter Strom<\/strong>: Konzentriert zwischen den Elektroden, wodurch eine K\u00fchlung der Epidermis \u00fcberfl\u00fcssig wird.<\/li>\n<li><strong>Geringer Energieverbrauch<\/strong>: Verbraucht 600 mA und sorgt so f\u00fcr hohen Komfort und gutes Kundenfeedback.<\/li>\n<li><strong>Universelle Anwendung<\/strong>: Geeignet f\u00fcr alle Hauttypen und -t\u00f6ne.<\/li>\n<li><strong>Sicherheitsfunktionen<\/strong>: Das Handwerkzeug ist f\u00fcr mehr Sicherheit mit einem empfindlichen Thermometer ausgestattet.<\/li>\n<\/ol>\n<h3><img loading=\"lazy\" decoding=\"async\" class=\"magic-20 aligncenter\" title=\"Sauerstoff-Gesichtsbehandlungsger\u00e4t\" src=\"https:\/\/sc04.alicdn.com\/kf\/H3dbafb62d646410d85454a892e02bad64\/247315878\/H3dbafb62d646410d85454a892e02bad64.png\" alt=\"Sauerstoff-Gesichtsbehandlungsger\u00e4t\" width=\"507\" height=\"512\" data-src=\"\/\/sc04.alicdn.com\/kf\/H3dbafb62d646410d85454a892e02bad64\/247315878\/H3dbafb62d646410d85454a892e02bad64.png\" \/><\/h3>\n<h3>Vorteile<\/h3>\n<ul>\n<li><strong>Zahnaufhellung<\/strong>: Verbessert den Hautton und die Helligkeit.<\/li>\n<li><strong>Anti-Aging<\/strong>: Reduziert Zeichen der Hautalterung und verbessert die Hautelastizit\u00e4t.<\/li>\n<li><strong>Verbesserung der Hautstruktur<\/strong>: Verbessert die allgemeine Beschaffenheit und Gl\u00e4tte der Haut.<\/li>\n<li><strong>N\u00e4hrstoffaufnahme<\/strong>: Steigert die F\u00e4higkeit der Haut, N\u00e4hrstoffe aufzunehmen und verbessert so die allgemeine Hautgesundheit.<\/li>\n<li><strong>Oxygenierung<\/strong>: Erh\u00f6ht den Sauerstoffgehalt der Haut f\u00fcr einen ges\u00fcnderen, strahlenderen Teint.<\/li>\n<\/ul>\n<\/div>\n<\/div>\n<\/div>\n<div class=\"J_module\">\n<div class=\"icbu-pc-images magic-1\">\n<div class=\"flex-layout-v\"><\/div>\n<\/div>\n<\/div>\n<div class=\"J_module\">\n<div class=\"icbu-pc-detailManyImage magic-18\">\n<div class=\"magic-21\"><\/div>\n<div class=\"magic-23\"><img loading=\"lazy\" decoding=\"async\" class=\"magic-24 aligncenter\" title=\"Sauerstoff-Gesichtsbehandlungsger\u00e4t\" src=\"https:\/\/sc04.alicdn.com\/kf\/H060666d0090d4ad4acce81eed7095edbp\/247315878\/H060666d0090d4ad4acce81eed7095edbp.png\" alt=\"Sauerstoff-Gesichtsbehandlungsger\u00e4t\" width=\"626\" height=\"379\" data-src=\"\/\/sc04.alicdn.com\/kf\/H060666d0090d4ad4acce81eed7095edbp\/247315878\/H060666d0090d4ad4acce81eed7095edbp.png\" \/><\/div>\n<div class=\"magic-29\">\n<h3><strong>Anpassen Logo<\/strong><\/h3>\n<p>Wollen, machen Ihre Marke stand heraus? Wir bieten angepasst logo Dienstleistungen zu helfen Sie erstellen Sie eine einzigartige und personalisierte logo spiegelt Ihre Marke Identit\u00e4t. Unser team von Experten arbeiten eng mit Ihnen zusammen, um ein logo zu entwerfen, die in Resonanz mit Ihrer Marke und messaging. Egal, ob Sie Umbau Ihres bestehenden Logos oder eine neue erstellen von Grund auf neu, wir haben Sie abgedeckt. <a href=\"\/de\/kontakt\/\">Kontaktieren Sie uns<\/a> heute erfahren Sie mehr \u00fcber unsere ma\u00dfgeschneiderten logo-Service!<\/p>\n<\/div>\n<\/div>\n<\/div>","protected":false},"excerpt":{"rendered":"<div class=\"magic-9\"><span class=\"magic-10\" style=\"font-family: Arial;\">Dies ist ein 3-in-1-Hautsch\u00f6nheitsger\u00e4t, das Kohlendioxid verwendet, um den nat\u00fcrlichen Zustandsmechanismus des K\u00f6rpers \u2013 den Bohr-Effekt \u2013 zu aktivieren, sodass die Haut in einer kohlendioxidreichen Umgebung Sauerstoff freisetzt. Verbessert den Sauerstoffgehalt der Haut, stimuliert den Zellstoffwechsel und beschleunigt die Hautreparaturfunktion. Verbessert die Hautstruktur von innen nach au\u00dfen.<\/span><\/div>\n<div><\/div>","protected":false},"featured_media":2513,"comment_status":"open","ping_status":"closed","template":"","meta":{"_kad_post_transparent":"default","_kad_post_title":"","_kad_post_layout":"default","_kad_post_sidebar_id":"","_kad_post_content_style":"default","_kad_post_vertical_padding":"default","_kad_post_feature":"","_kad_post_feature_position":"","_kad_post_header":false,"_kad_post_footer":false,"_kad_post_classname":"","rank_math_title":"","rank_math_description":"","rank_math_focus_keyword":""},"product_brand":[],"product_cat":[33],"product_tag":[],"class_list":{"0":"post-2512","1":"product","2":"type-product","3":"status-publish","4":"has-post-thumbnail","6":"product_cat-face-care","8":"first","9":"instock","10":"shipping-taxable","11":"product-type-simple","12":"entry","13":"content-bg","14":"loop-entry"},"_links":{"self":[{"href":"https:\/\/skbty.com\/de\/wp-json\/wp\/v2\/product\/2512","targetHints":{"allow":["GET"]}}],"collection":[{"href":"https:\/\/skbty.com\/de\/wp-json\/wp\/v2\/product"}],"about":[{"href":"https:\/\/skbty.com\/de\/wp-json\/wp\/v2\/types\/product"}],"replies":[{"embeddable":true,"href":"https:\/\/skbty.com\/de\/wp-json\/wp\/v2\/comments?post=2512"}],"wp:featuredmedia":[{"embeddable":true,"href":"https:\/\/skbty.com\/de\/wp-json\/wp\/v2\/media\/2513"}],"wp:attachment":[{"href":"https:\/\/skbty.com\/de\/wp-json\/wp\/v2\/media?parent=2512"}],"wp:term":[{"taxonomy":"product_brand","embeddable":true,"href":"https:\/\/skbty.com\/de\/wp-json\/wp\/v2\/product_brand?post=2512"},{"taxonomy":"product_cat","embeddable":true,"href":"https:\/\/skbty.com\/de\/wp-json\/wp\/v2\/product_cat?post=2512"},{"taxonomy":"product_tag","embeddable":true,"href":"https:\/\/skbty.com\/de\/wp-json\/wp\/v2\/product_tag?post=2512"}],"curies":[{"name":"wp","href":"https:\/\/api.w.org\/{rel}","templated":true}]}}