{"id":2527,"date":"2024-01-15T17:45:46","date_gmt":"2024-01-15T09:45:46","guid":{"rendered":"https:\/\/skbty.com\/?post_type=product&#038;p=2527"},"modified":"2024-06-19T15:59:38","modified_gmt":"2024-06-19T07:59:38","slug":"2-4-griffe-ems-schlankheitsmaschine","status":"publish","type":"product","link":"https:\/\/skbty.com\/de\/product\/2-4-griffe-ems-schlankheitsmaschine\/","title":{"rendered":"2\/4 Griffe EMS Schlankheitsmaschine"},"content":{"rendered":"<div class=\"J_module\"><span style=\"font-family: 'Playfair Display', serif; font-size: 24px; font-weight: bold; text-transform: capitalize;\">Was ist die <\/span><strong style=\"font-family: 'Playfair Display', serif; font-size: 24px; text-transform: capitalize;\">EMS-Schlankheitsmaschine mit 2\/4 Griffen?<\/strong><\/div>\n<div class=\"J_module\">\n<div class=\"icbu-pc-images magic-6\">\n<div class=\"flex-layout-v\">\n<div class=\"flex-layout-h magic-6\">\n<p><strong>2\/4 Griffe EMS Schlankheitsmaschine<\/strong> ist ein fortschrittliches Ger\u00e4t, das die Muskeldichte und das Muskelvolumen steigert und gleichzeitig Fett reduziert. Dieses Ger\u00e4t nutzt die nichtinvasive HI FEM-Technologie (High-Intensity Focused Electromagnetic Field) und die fokussierte Single-Pole-Radiofrequenztechnologie und bietet umfassende Vorteile f\u00fcr die K\u00f6rperformung und den Muskelaufbau.<\/p>\n<h3><img loading=\"lazy\" decoding=\"async\" class=\"magic-8 aligncenter\" title=\"EMS-Schlankheitsmaschine\" src=\"https:\/\/sc04.alicdn.com\/kf\/H83c6263350dd45f294b5d8744e5f1157I\/247315878\/H83c6263350dd45f294b5d8744e5f1157I.jpg\" alt=\"EMS-Schlankheitsmaschine\" width=\"415\" height=\"607\" data-src=\"\/\/sc04.alicdn.com\/kf\/H83c6263350dd45f294b5d8744e5f1157I\/247315878\/H83c6263350dd45f294b5d8744e5f1157I.jpg\" \/><\/h3>\n<h3>Technische Daten<\/h3>\n<ul>\n<li><strong>Name<\/strong>: 2\/4 Griffe EMS Schlankheitsmaschine<\/li>\n<li><strong>Elektromagnetische Wellenenergie<\/strong>: 0-5T<\/li>\n<li><strong>HF-Frequenz<\/strong>: 3,5 Mio.<\/li>\n<li><strong>Bildschirmgr\u00f6\u00dfe<\/strong>: 12 Zoll<\/li>\n<li><strong>OEM-Dienst<\/strong>: OEM\/ODM\/24-Stunden-Online-Service<\/li>\n<li><strong>Impuls<\/strong>: 300\u00a0us (Mikrosekunden)<\/li>\n<li><strong>Leistung<\/strong>: 100-240 V 50\/60 Hz<\/li>\n<li><strong>Gr\u00f6\u00dfe<\/strong>: 74<em>61<\/em>45 (cm)<\/li>\n<li><strong>Gewicht<\/strong>: 35-45 kg<\/li>\n<\/ul>\n<h3>Funktionsprinzip<\/h3>\n<ol>\n<li><strong>HI FEM und RF Technologie<\/strong>: Das Ger\u00e4t verwendet nicht-invasive HI FEM- und fokussierte Einzelpol-Radiofrequenztechnologie, um hochfrequente magnetische Vibrationsenergie durch die Griffe freizusetzen. Diese dringt bis zu einer Tiefe von 8 cm in die Muskeln ein und induziert eine kontinuierliche Ausdehnung und Kontraktion, was ein hochfrequentes Extremtraining simuliert. Dieser Prozess vertieft das Wachstum der Myofibrillen (Muskelvergr\u00f6\u00dferung), wodurch neue Kollagenketten und Muskelfasern (Muskelhyperplasie) entstehen und so die Muskeldichte und -masse erh\u00f6ht wird.<\/li>\n<li><strong>Radiofrequenz-Erhitzung<\/strong>: Die HF-Energie erhitzt die Fettschicht auf 43\u201345 Grad Celsius, beschleunigt den Abbau der Fettzellen und erh\u00f6ht die Muskelkontraktionskraft. Dieser duale Energieansatz stimuliert die Muskelproliferation, verbessert den Stoffwechsel, f\u00f6rdert die Durchblutung und f\u00f6rdert die Muskelelastizit\u00e4t.<\/li>\n<li><strong>Apoptose von Fettzellen<\/strong>: Die hohe Konzentration an Fetts\u00e4uren f\u00fchrt zur Apoptose der Fettzellen, die dann innerhalb weniger Wochen \u00fcber den normalen Stoffwechsel ausgeschieden werden. Dies f\u00fchrt zu einem gleichzeitigen Muskelaufbau und Fettabbau.<\/li>\n<\/ol>\n<table style=\"border-collapse: collapse; width: 100%;\">\n<tbody>\n<tr>\n<td style=\"width: 50%;\">\n<h3><img loading=\"lazy\" decoding=\"async\" class=\"magic-17 aligncenter\" title=\"EMS-Schlankheitsmaschine\" src=\"https:\/\/sc04.alicdn.com\/kf\/H41c231afb7a249dca57d7fc873e9abdbk\/247315878\/H41c231afb7a249dca57d7fc873e9abdbk.jpg\" alt=\"EMS-Schlankheitsmaschine\" width=\"492\" height=\"455\" data-src=\"\/\/sc04.alicdn.com\/kf\/H41c231afb7a249dca57d7fc873e9abdbk\/247315878\/H41c231afb7a249dca57d7fc873e9abdbk.jpg\" \/><\/h3>\n<\/td>\n<td style=\"width: 50%;\"><img loading=\"lazy\" decoding=\"async\" class=\"magic-20 aligncenter\" title=\"EMS-Schlankheitsmaschine\" src=\"https:\/\/sc04.alicdn.com\/kf\/H56e13b21023c4d5e96ed34da44fec9dcB\/247315878\/H56e13b21023c4d5e96ed34da44fec9dcB.png\" alt=\"EMS-Schlankheitsmaschine\" width=\"466\" height=\"460\" data-src=\"\/\/sc04.alicdn.com\/kf\/H56e13b21023c4d5e96ed34da44fec9dcB\/247315878\/H56e13b21023c4d5e96ed34da44fec9dcB.png\" \/><\/td>\n<\/tr>\n<\/tbody>\n<\/table>\n<h3>Funktionen<\/h3>\n<ol>\n<li><strong>Muskeln aufbauen<\/strong>: Hochfrequente und intensive Muskelkontraktionen (30.000 Mal) trainieren und erh\u00f6hen Muskeldichte und -volumen.<\/li>\n<li><strong>Fett reduzieren<\/strong>: Die intensiven Muskelkontraktionen erfordern erhebliche Energie, was zur nat\u00fcrlichen Apoptose der Fettzellen und einer effektiven Reduzierung der Fettdicke f\u00fchrt.<\/li>\n<li><strong>Muskelschnitzen<\/strong>: Formt Bauch, Taille, Ges\u00e4\u00df und schr\u00e4ge Bauchmuskeln f\u00fcr einen modellierten Look.<\/li>\n<li><strong>Reparatur der Beckenbodenmuskulatur<\/strong>: St\u00e4rkt die Beckenbodenmuskulatur, stellt Festigkeit und Elastizit\u00e4t wieder her und lindert Probleme wie Harninkontinenz und Unterleibsvorw\u00f6lbung.<\/li>\n<\/ol>\n<h3>Vorteile des Muskelaufbaus<\/h3>\n<ol>\n<li><strong>Verbesserung der Fettleibigkeit<\/strong>: Verbessert die Effizienz der Gewichtsabnahme.<\/li>\n<li><strong>Bauen Sie einen starken K\u00f6rper auf<\/strong>: Entwickelt einen starken, sch\u00f6nen K\u00f6rperbau.<\/li>\n<li><strong>Alterung vorbeugen<\/strong>: H\u00e4lt den K\u00f6rper jung und beugt der Alterung vor.<\/li>\n<li><strong>Lindert chronische Schmerzen<\/strong>: Lindert chronische Muskel- und Gelenkschmerzen.<\/li>\n<li><strong>Verbessert die Durchblutung<\/strong>: Verbessert die allgemeine Durchblutung.<\/li>\n<li><strong>Organe sch\u00fctzen<\/strong>: Gew\u00e4hrleistet die Sicherheit der Geb\u00e4rmutter, des Darms und anderer Organe.<\/li>\n<li><strong>Verbesserung von Diabetes<\/strong>: Hilft bei der Verbesserung und Vorbeugung von Diabetes.<\/li>\n<li><strong>Senken Sie hohen Blutdruck<\/strong>: Lindert den Druck in den Blutgef\u00e4\u00dfen.<\/li>\n<li><strong>Vorbeugung von Herzerkrankungen<\/strong>: Senkt das Risiko von Herzerkrankungen.<\/li>\n<li><strong>Verbessern Sie Ihr Ged\u00e4chtnis<\/strong>: Verbessert das Ged\u00e4chtnis und beugt Demenz vor.<\/li>\n<\/ol>\n<h3>Auswirkungen<\/h3>\n<p>Die <strong>2\/4 Griffe EMS Schlankheitsmaschine<\/strong> baut effektiv Muskeln auf, reduziert Fett und verbessert die allgemeine K\u00f6rperzusammensetzung. Es verbessert Muskeldichte, -volumen und -elastizit\u00e4t und sorgt f\u00fcr ein straffes und modelliertes Aussehen. Das Ger\u00e4t f\u00f6rdert auch den Stoffwechsel, die Durchblutung und die allgemeine Gesundheit und bek\u00e4mpft verschiedene Probleme wie Fettleibigkeit, chronische Schmerzen und Alterung.<\/p>\n<h3><img loading=\"lazy\" decoding=\"async\" class=\"magic-29 aligncenter\" title=\"EMS-Schlankheitsmaschine\" src=\"https:\/\/sc04.alicdn.com\/kf\/H116b5f89de21443eb899113300554747q\/247315878\/H116b5f89de21443eb899113300554747q.jpg\" alt=\"EMS-Schlankheitsmaschine\" width=\"520\" height=\"509\" data-src=\"\/\/sc04.alicdn.com\/kf\/H116b5f89de21443eb899113300554747q\/247315878\/H116b5f89de21443eb899113300554747q.jpg\" \/><\/h3>\n<\/div>\n<\/div>\n<\/div>\n<\/div>\n<div class=\"J_module\">\n<div class=\"icbu-pc-images magic-6\">\n<div class=\"flex-layout-v\">\n<div class=\"flex-layout-h magic-6\">\n<div class=\"magic-28\">\n<h3><strong>Anpassen Logo<\/strong><\/h3>\n<p>Wollen, machen Ihre Marke stand heraus? Wir bieten angepasst logo Dienstleistungen zu helfen Sie erstellen Sie eine einzigartige und personalisierte logo spiegelt Ihre Marke Identit\u00e4t. Unser team von Experten arbeiten eng mit Ihnen zusammen, um ein logo zu entwerfen, die in Resonanz mit Ihrer Marke und messaging. Egal, ob Sie Umbau Ihres bestehenden Logos oder eine neue erstellen von Grund auf neu, wir haben Sie abgedeckt. <a href=\"\/de\/kontakt\/\">Kontaktieren Sie uns<\/a> heute erfahren Sie mehr \u00fcber unsere ma\u00dfgeschneiderten logo-Service!<\/p>\n<\/div>\n<\/div>\n<\/div>\n<\/div>\n<\/div>","protected":false},"excerpt":{"rendered":"<p><span class=\"magic-4\" style=\"font-family: Arial;\">1. Muskeln aufbauen: Muskeln ziehen sich 30.000 Mal mit hoher Frequenz und Intensit\u00e4t zusammen, um Muskeldichte und -volumen zu trainieren und zu erh\u00f6hen.<\/span><\/p>\n<div><span class=\"magic-4\" style=\"font-family: Arial;\">2. Fett reduzieren Die endg\u00fcltige Kontraktion der Muskeln erfordert eine hohe Energiezufuhr, sodass Fettzellen auf der Seite liegen. Muskeln werden ebenfalls verbraucht, was zu einer nat\u00fcrlichen Apoptose und einer effektiven Reduzierung der Fettdicke f\u00fchrt <\/span><\/div>\n<div><span class=\"magic-4\" style=\"font-family: Arial;\">3. Muskelaufbau: Trainieren Sie die Bauchmuskeln, formen Sie die Westenlinie\/formen Sie die Po-Muskeln, formen Sie den Pfirsichpo\/trainieren Sie die schr\u00e4gen Bauchmuskeln, formen Sie die Meerjungfrauenlinie. <\/span><\/div>\n<div>\n<p><span class=\"magic-4\" style=\"font-family: Arial;\">4. Reparatur der Beckenbodenmuskulatur. Effektive St\u00e4rkung der Beckenbodenmuskulatur, Wiederherstellung der Festigkeit, Verbesserung der Elastizit\u00e4t; St\u00e4rkung der Beckenbodenmuskulatur, Abwehr von Harninkontinenz, Urinverlust, Tropfenbildung sowie Vorw\u00f6lbung des Unterleibs, Entspannung des Unterbeckens und anderen Problemen; Beseitigung schwieriger Orgasmen und anderer Probleme \u2026<\/span><\/p>\n<\/div>","protected":false},"featured_media":2528,"comment_status":"open","ping_status":"closed","template":"","meta":{"_kad_post_transparent":"default","_kad_post_title":"","_kad_post_layout":"default","_kad_post_sidebar_id":"","_kad_post_content_style":"default","_kad_post_vertical_padding":"default","_kad_post_feature":"","_kad_post_feature_position":"","_kad_post_header":false,"_kad_post_footer":false,"_kad_post_classname":"","rank_math_title":"","rank_math_description":"","rank_math_focus_keyword":""},"product_brand":[],"product_cat":[31],"product_tag":[],"class_list":{"0":"post-2527","1":"product","2":"type-product","3":"status-publish","4":"has-post-thumbnail","6":"product_cat-body-slimming","8":"first","9":"instock","10":"shipping-taxable","11":"product-type-simple","12":"entry","13":"content-bg","14":"loop-entry"},"_links":{"self":[{"href":"https:\/\/skbty.com\/de\/wp-json\/wp\/v2\/product\/2527","targetHints":{"allow":["GET"]}}],"collection":[{"href":"https:\/\/skbty.com\/de\/wp-json\/wp\/v2\/product"}],"about":[{"href":"https:\/\/skbty.com\/de\/wp-json\/wp\/v2\/types\/product"}],"replies":[{"embeddable":true,"href":"https:\/\/skbty.com\/de\/wp-json\/wp\/v2\/comments?post=2527"}],"wp:featuredmedia":[{"embeddable":true,"href":"https:\/\/skbty.com\/de\/wp-json\/wp\/v2\/media\/2528"}],"wp:attachment":[{"href":"https:\/\/skbty.com\/de\/wp-json\/wp\/v2\/media?parent=2527"}],"wp:term":[{"taxonomy":"product_brand","embeddable":true,"href":"https:\/\/skbty.com\/de\/wp-json\/wp\/v2\/product_brand?post=2527"},{"taxonomy":"product_cat","embeddable":true,"href":"https:\/\/skbty.com\/de\/wp-json\/wp\/v2\/product_cat?post=2527"},{"taxonomy":"product_tag","embeddable":true,"href":"https:\/\/skbty.com\/de\/wp-json\/wp\/v2\/product_tag?post=2527"}],"curies":[{"name":"wp","href":"https:\/\/api.w.org\/{rel}","templated":true}]}}