{"id":2535,"date":"2024-01-15T18:05:56","date_gmt":"2024-01-15T10:05:56","guid":{"rendered":"https:\/\/skbty.com\/?post_type=product&#038;p=2535"},"modified":"2024-06-19T15:40:51","modified_gmt":"2024-06-19T07:40:51","slug":"pikosekundenlaser-tattooentfernungsgerat","status":"publish","type":"product","link":"https:\/\/skbty.com\/de\/product\/pikosekundenlaser-tattooentfernungsgerat\/","title":{"rendered":"Pikosekundenlaser-Tattooentfernungsger\u00e4t"},"content":{"rendered":"<div class=\"J_module\">\n<div class=\"detail-decorate-json-renderer-container\">\n<div class=\"magic-1\">\n<h3>Was ist die <strong>Ger\u00e4t zur Tattooentfernung mit Pikosekundenlaser?<\/strong><\/h3>\n<p><strong>Pikosekundenlaser-Tattooentfernungsger\u00e4t<\/strong> ist ein fortschrittliches Ger\u00e4t zum Entfernen von T\u00e4towierungen mit ultrakurzen Pulszeiten (nur 375\u2013450 Pikosekunden). Diese Geschwindigkeit \u00fcbertrifft die Pikosekunden des PICOSURE Honeycomb und erm\u00f6glicht eine h\u00f6here Energiespitze, die Pigmentpartikel durch den \u201ePhotoshock-Effekt\u201c effektiv entfernt. Die ultrakurze Pulsbreite minimiert die W\u00e4rmeumwandlung, reduziert Sch\u00e4den am umliegenden Gewebe, verk\u00fcrzt die postoperative Genesung und vermeidet Nebenwirkungen wie Anti-Black. Seine einzigartige holografische Fokussierungssonde verst\u00e4rkt die Energie bis zu 22-mal und verbessert so die Pigmentaufl\u00f6sung.<\/p>\n<table style=\"border-collapse: collapse; width: 100%;\">\n<tbody>\n<tr>\n<td style=\"width: 50%;\">\n<h3><img loading=\"lazy\" decoding=\"async\" class=\"magic-15 aligncenter\" title=\"Tattooentfernung mit Pikosekundenlaser\" src=\"https:\/\/sc04.alicdn.com\/kf\/Hadad2b6610a0477d82f3fda54612366bQ\/247315878\/Hadad2b6610a0477d82f3fda54612366bQ.png\" alt=\"Tattooentfernung mit Pikosekundenlaser\" width=\"427\" height=\"440\" data-src=\"\/\/sc04.alicdn.com\/kf\/Hadad2b6610a0477d82f3fda54612366bQ\/247315878\/Hadad2b6610a0477d82f3fda54612366bQ.png\" \/><\/h3>\n<\/td>\n<td style=\"width: 50%;\"><img loading=\"lazy\" decoding=\"async\" class=\"magic-17 aligncenter\" title=\"Tattooentfernung mit Pikosekundenlaser\" src=\"https:\/\/sc04.alicdn.com\/kf\/Hde5e354ed9d743f98860785625fc7981X\/247315878\/Hde5e354ed9d743f98860785625fc7981X.png\" alt=\"Tattooentfernung mit Pikosekundenlaser\" width=\"750\" height=\"459\" data-src=\"\/\/sc04.alicdn.com\/kf\/Hde5e354ed9d743f98860785625fc7981X\/247315878\/Hde5e354ed9d743f98860785625fc7981X.png\" \/><\/td>\n<\/tr>\n<\/tbody>\n<\/table>\n<h3>Technische Daten<\/h3>\n<ul>\n<li><strong>Name<\/strong>: Pikosekundenlaser-Tattooentfernungsger\u00e4t<\/li>\n<li><strong>Maschinenleistung<\/strong>Leistung: 3000 W<\/li>\n<li><strong>Wellenl\u00e4nge<\/strong>: 1064 nm, 532 nm, 755 nm<\/li>\n<li><strong>Fakult\u00e4t<\/strong>Leistung: 3000 W<\/li>\n<li><strong>K\u00fchlsystem<\/strong>: Luftk\u00fchlung + Wasserk\u00fchlung + Radiator<\/li>\n<li><strong>Laserausgangsfrequenz<\/strong>: 1-10Hz (einstellbar)<\/li>\n<li><strong>Stromspannung<\/strong>: 110-240 V\/50-60 Hz<\/li>\n<li><strong>Gr\u00f6\u00dfe<\/strong>Gr\u00f6\u00dfe: 57x36x42CM<\/li>\n<li><strong>Gewicht<\/strong>: 32,95 kg<\/li>\n<\/ul>\n<h3>Prinzip<\/h3>\n<p>Die <strong>Pikosekundenlaser-Tattooentfernungsger\u00e4t<\/strong> arbeitet mit ultrakurzen Pulsdauern und ist damit deutlich schneller als herk\u00f6mmliche Laser zur Tattooentfernung. Diese hohe Geschwindigkeit erzeugt sofort einen h\u00f6heren Energiepeak, der Pigmentpartikel effektiv durch den \u201ePhotoshock-Effekt\u201c entfernt. Die ultrakurze Pulsbreite sorgt f\u00fcr minimale W\u00e4rmeumwandlung, reduziert Sch\u00e4den am umliegenden Gewebe, verk\u00fcrzt Erholungszeiten, vermeidet Nebenwirkungen wie Anti-Black und reduziert die Anzahl der erforderlichen Behandlungen. Dar\u00fcber hinaus verst\u00e4rkt die einzigartige holografische Fokussierungssonde die Energie um das 22-fache und verbessert so die Aufl\u00f6sung der Pigmente.<\/p>\n<p><img loading=\"lazy\" decoding=\"async\" class=\"aligncenter wp-image-2823\" title=\"Tattooentfernung mit Pikosekundenlaser\" src=\"https:\/\/skbty.com\/wp-content\/uploads\/2024\/01\/WX20240619-1530052x-832x1024.jpg\" alt=\" Pikosekundenlaser-Tattooentfernungsmaschine\" width=\"500\" height=\"615\" data-wp-pid=\"2823\" srcset=\"https:\/\/skbty.com\/wp-content\/uploads\/2024\/01\/WX20240619-1530052x-832x1024.jpg 832w, https:\/\/skbty.com\/wp-content\/uploads\/2024\/01\/WX20240619-1530052x-244x300.jpg 244w, https:\/\/skbty.com\/wp-content\/uploads\/2024\/01\/WX20240619-1530052x-768x945.jpg 768w, https:\/\/skbty.com\/wp-content\/uploads\/2024\/01\/WX20240619-1530052x-600x738.jpg 600w, https:\/\/skbty.com\/wp-content\/uploads\/2024\/01\/WX20240619-1530052x.jpg 1110w\" sizes=\"auto, (max-width: 500px) 100vw, 500px\" \/><\/p>\n<h3>Eigenschaften und Vorteile<\/h3>\n<ol>\n<li><strong>Ultrakurze Pulsdauer<\/strong>: Mit Pulszeiten von nur 375\u2013450 Pikosekunden entfernt das Ger\u00e4t Pigmentpartikel effektiver.<\/li>\n<li><strong>Hoher Energiepeak<\/strong>: Erzeugt sofort h\u00f6here Energiespitzen f\u00fcr eine sauberere Pigmententfernung.<\/li>\n<li><strong>Minimaler Gewebeschaden<\/strong>: Die ultrakurze Impulsbreite minimiert die W\u00e4rmeumwandlung und verringert die Sch\u00e4digung des umliegenden Gewebes.<\/li>\n<li><strong>Verk\u00fcrzte Erholungsphase<\/strong>: Schnellere postoperative Genesung mit weniger Nebenwirkungen.<\/li>\n<li><strong>Reduzierte Behandlungssitzungen<\/strong>: Dank effektiver Pigmentaufl\u00f6sung sind weniger Sitzungen erforderlich.<\/li>\n<li><strong>Verbesserte Pigmentaufl\u00f6sung<\/strong>: Einzigartige holografische Fokussierungssonde verst\u00e4rkt die Energie um das bis zu 22-fache f\u00fcr eine bessere Pigmententfernung.<\/li>\n<\/ol>\n<h3>Anwendungen<\/h3>\n<ul>\n<li><strong>Tattooentfernung<\/strong>: Entfernt effektiv T\u00e4towierungen verschiedener Farben und Tiefen.<\/li>\n<li><strong>Pigmententfernung<\/strong>: L\u00f6st unerw\u00fcnschte Pigmente in der Haut auf.<\/li>\n<li><strong>Hautverj\u00fcngung<\/strong>: Verbessert die allgemeine Hautstruktur und das Erscheinungsbild.<\/li>\n<\/ul>\n<\/div>\n<\/div>\n<\/div>\n<div class=\"J_module\">\n<div class=\"icbu-pc-detailManyImage magic-13\">\n<h3>Funktionen<\/h3>\n<ol>\n<li>Flecken entfernen<\/li>\n<li>Tattooentfernung<\/li>\n<li>Leichte Narbenbehandlung<\/li>\n<li>Haarentfernung<\/li>\n<li>Hautverj\u00fcngung<\/li>\n<\/ol>\n<div>\n<p><img loading=\"lazy\" decoding=\"async\" class=\"aligncenter wp-image-2824\" title=\"Tattooentfernung mit Pikosekundenlaser\" src=\"https:\/\/skbty.com\/wp-content\/uploads\/2024\/01\/WX20240619-1531072x-764x1024.jpg\" alt=\" Pikosekundenlaser-Tattooentfernungsmaschine\" width=\"450\" height=\"603\" data-wp-pid=\"2824\" srcset=\"https:\/\/skbty.com\/wp-content\/uploads\/2024\/01\/WX20240619-1531072x-764x1024.jpg 764w, https:\/\/skbty.com\/wp-content\/uploads\/2024\/01\/WX20240619-1531072x-224x300.jpg 224w, https:\/\/skbty.com\/wp-content\/uploads\/2024\/01\/WX20240619-1531072x-768x1029.jpg 768w, https:\/\/skbty.com\/wp-content\/uploads\/2024\/01\/WX20240619-1531072x-600x804.jpg 600w, https:\/\/skbty.com\/wp-content\/uploads\/2024\/01\/WX20240619-1531072x.jpg 1118w\" sizes=\"auto, (max-width: 450px) 100vw, 450px\" \/><\/p>\n<\/div>\n<div class=\"magic-16\"><\/div>\n<div class=\"magic-16\">\n<h3><strong>Anpassen Logo<\/strong><\/h3>\n<p>Wollen, machen Ihre Marke stand heraus? Wir bieten angepasst logo Dienstleistungen zu helfen Sie erstellen Sie eine einzigartige und personalisierte logo spiegelt Ihre Marke Identit\u00e4t. Unser team von Experten arbeiten eng mit Ihnen zusammen, um ein logo zu entwerfen, die in Resonanz mit Ihrer Marke und messaging. Egal, ob Sie Umbau Ihres bestehenden Logos oder eine neue erstellen von Grund auf neu, wir haben Sie abgedeckt. <a href=\"\/de\/kontakt\/\">Kontaktieren Sie uns<\/a> heute erfahren Sie mehr \u00fcber unsere ma\u00dfgeschneiderten logo-Service!<\/p>\n<\/div>\n<div class=\"magic-16\"><\/div>\n<\/div>\n<\/div>","protected":false},"excerpt":{"rendered":"<p><span class=\"magic-7\" style=\"font-family: Arial;\">Es verf\u00fcgt \u00fcber eine ultrakurze Pulszeit (nur 375\u2013450 Pikosekunden), die schneller ist als die Pikosekunden des PICOSURE Honeycomb, daher der Name. Aufgrund der hohen Geschwindigkeit ist der sofort erzeugbare Energiepeak gr\u00f6\u00dfer und die Pigmentpartikel k\u00f6nnen durch den \u201ePhotoshock-Effekt\u201c sauberer entfernt werden. Gleichzeitig wird die Lichtenergie aufgrund der ultrakurzen Pulsbreite zu sp\u00e4t in zu viel W\u00e4rmeenergie umgewandelt, sodass die Sch\u00e4den am umliegenden Gewebe geringer sind, die postoperative Erholungsphase erheblich verk\u00fcrzt, Nebenwirkungen wie Anti-Black vermieden und die Anzahl der Behandlungen reduziert werden k\u00f6nnen. Dar\u00fcber hinaus kann seine einzigartige holografische Fokussierungssonde die Energie auf das 22-fache verst\u00e4rken und die Pigmentaufl\u00f6sung ist besser.<\/span><\/p>","protected":false},"featured_media":2537,"comment_status":"open","ping_status":"closed","template":"","meta":{"_kad_post_transparent":"default","_kad_post_title":"","_kad_post_layout":"default","_kad_post_sidebar_id":"","_kad_post_content_style":"default","_kad_post_vertical_padding":"default","_kad_post_feature":"","_kad_post_feature_position":"","_kad_post_header":false,"_kad_post_footer":false,"_kad_post_classname":"","rank_math_title":"","rank_math_description":"","rank_math_focus_keyword":""},"product_brand":[],"product_cat":[29],"product_tag":[],"class_list":{"0":"post-2535","1":"product","2":"type-product","3":"status-publish","4":"has-post-thumbnail","6":"product_cat-pico-laser","8":"first","9":"instock","10":"shipping-taxable","11":"product-type-simple","12":"entry","13":"content-bg","14":"loop-entry"},"_links":{"self":[{"href":"https:\/\/skbty.com\/de\/wp-json\/wp\/v2\/product\/2535","targetHints":{"allow":["GET"]}}],"collection":[{"href":"https:\/\/skbty.com\/de\/wp-json\/wp\/v2\/product"}],"about":[{"href":"https:\/\/skbty.com\/de\/wp-json\/wp\/v2\/types\/product"}],"replies":[{"embeddable":true,"href":"https:\/\/skbty.com\/de\/wp-json\/wp\/v2\/comments?post=2535"}],"wp:featuredmedia":[{"embeddable":true,"href":"https:\/\/skbty.com\/de\/wp-json\/wp\/v2\/media\/2537"}],"wp:attachment":[{"href":"https:\/\/skbty.com\/de\/wp-json\/wp\/v2\/media?parent=2535"}],"wp:term":[{"taxonomy":"product_brand","embeddable":true,"href":"https:\/\/skbty.com\/de\/wp-json\/wp\/v2\/product_brand?post=2535"},{"taxonomy":"product_cat","embeddable":true,"href":"https:\/\/skbty.com\/de\/wp-json\/wp\/v2\/product_cat?post=2535"},{"taxonomy":"product_tag","embeddable":true,"href":"https:\/\/skbty.com\/de\/wp-json\/wp\/v2\/product_tag?post=2535"}],"curies":[{"name":"wp","href":"https:\/\/api.w.org\/{rel}","templated":true}]}}